{"id":260128,"date":"2026-03-15T00:56:21","date_gmt":"2026-03-14T23:56:21","guid":{"rendered":"https:\/\/schweizversand.ch\/produkt\/trespass-lox-damen-neoprenanzug-3mm\/"},"modified":"2026-04-19T15:35:37","modified_gmt":"2026-04-19T13:35:37","slug":"trespass-lox-damen-neoprenanzug-3mm","status":"publish","type":"product","link":"https:\/\/schweizversand.ch\/fr\/produkt\/trespass-lox-damen-neoprenanzug-3mm\/","title":{"rendered":"Combinaison de plong\u00e9e Trespass LOX pour femme, 3 mm"},"content":{"rendered":"<p>Combinaison int\u00e9grale Trespass &#8211; Votre alli\u00e9e pour les sports nautiques<\/p>\n<\/p>\n<p>Conception ergonomique pour un confort optimal : Cette combinaison int\u00e9grale est con\u00e7ue avec une coupe ergonomique qui \u00e9pouse parfaitement les formes de votre corps. Que vous pratiquiez le surf, la plong\u00e9e ou la natation, cette combinaison vous offre une libert\u00e9 de mouvement maximale et un confort optimal.<\/p>\n<\/p>\n<p>Enfilage et retrait faciles : Gr\u00e2ce \u00e0 la fermeture \u00e9clair dorsale pratique, enfiler et retirer cette combinaison est un jeu d&rsquo;enfant. La fermeture \u00e9clair assure \u00e9galement un maintien s\u00fbr pendant vos activit\u00e9s aquatiques.<\/p>\n<\/p>\n<p>Poche \u00e0 cl\u00e9s int\u00e9gr\u00e9e : Ne vous souciez plus de vos cl\u00e9s ou autres petits objets de valeur. Cette combinaison est \u00e9quip\u00e9e d&rsquo;une poche \u00e0 cl\u00e9s int\u00e9rieure pour garder vos effets personnels en s\u00e9curit\u00e9.<\/p>\n<\/p>\n<p>Mat\u00e9riaux de haute qualit\u00e9 pour une performance optimale : Fabriqu\u00e9e en mousse avec une sous-couche tricot\u00e9e et en n\u00e9opr\u00e8ne 100 % doublement lamin\u00e9 avec du polyamide, cette combinaison offre une excellente isolation thermique et une grande durabilit\u00e9. Son \u00e9paisseur de 3 mm offre l&rsquo;\u00e9quilibre id\u00e9al entre isolation et libert\u00e9 de mouvement.<\/p>\n<\/p>\n<p>La combinaison int\u00e9grale Trespass est id\u00e9ale pour les amateurs de sports nautiques de tous niveaux. Dominez les flots avec confiance et confort\u00a0: procurez-vous votre combinaison d\u00e8s aujourd\u2019hui et pr\u00e9parez-vous \u00e0 vivre des aventures inoubliables\u00a0!<\/p>\n","protected":false},"excerpt":{"rendered":"<p>Trespass LOX Damen Neoprenanzug 3mm bietet ergonomischen Komfort, maximale Bewegungsfreiheit und praktisches Schl\u00fcsselversteck. Perfekt f\u00fcr alle Wassersportabenteuer!<\/p>\n","protected":false},"featured_media":243105,"comment_status":"open","ping_status":"closed","template":"","meta":[],"product_brand":[],"product_cat":[38641],"product_tag":[],"class_list":{"0":"post-260128","1":"product","2":"type-product","3":"status-publish","4":"has-post-thumbnail","6":"product_cat-natation-et-plongee","7":"product_shipping_class-global_methods","9":"first","10":"instock","11":"taxable","12":"shipping-taxable","13":"purchasable","14":"product-type-simple"},"yoast_head":"<!-- This site is optimized with the Yoast SEO plugin v27.4 - https:\/\/yoast.com\/product\/yoast-seo-wordpress\/ -->\n<title>Trespass LOX Damen Neoprenanzug 3mm<\/title>\n<meta name=\"description\" content=\"Trespass Ganzk\u00f6rper-Neoprenanzug - Dein Begleiter f\u00fcr Wassersportabenteuer Ergonomisches Design f\u00fcr optimalen Komfort: Dieser Ganzk\u00f6rper-Neoprenanzug wurde mit\" \/>\n<meta name=\"robots\" content=\"index, follow, max-snippet:-1, max-image-preview:large, max-video-preview:-1\" \/>\n<link rel=\"canonical\" href=\"https:\/\/schweizversand.ch\/fr\/produkt\/trespass-lox-damen-neoprenanzug-3mm\/\" \/>\n<meta property=\"og:locale\" content=\"fr_FR\" \/>\n<meta property=\"og:type\" content=\"article\" \/>\n<meta property=\"og:title\" content=\"Trespass LOX Damen Neoprenanzug 3mm\" \/>\n<meta property=\"og:description\" content=\"Trespass Ganzk\u00f6rper-Neoprenanzug - Dein Begleiter f\u00fcr Wassersportabenteuer Ergonomisches Design f\u00fcr optimalen Komfort: Dieser Ganzk\u00f6rper-Neoprenanzug wurde mit\" \/>\n<meta property=\"og:url\" content=\"https:\/\/schweizversand.ch\/fr\/produkt\/trespass-lox-damen-neoprenanzug-3mm\/\" \/>\n<meta property=\"og:site_name\" content=\"Schweizer Shop f\u00fcr Sport, Spiel und Freizeit\" \/>\n<meta property=\"article:publisher\" content=\"https:\/\/www.facebook.com\/Schweizversand\" \/>\n<meta property=\"article:modified_time\" content=\"2026-04-19T13:35:37+00:00\" \/>\n<meta property=\"og:image\" content=\"https:\/\/schweizversand.ch\/wp-content\/uploads\/2026\/03\/5471574646.jpg\" \/>\n\t<meta property=\"og:image:width\" content=\"710\" \/>\n\t<meta property=\"og:image:height\" content=\"1024\" \/>\n\t<meta property=\"og:image:type\" content=\"image\/jpeg\" \/>\n<meta name=\"twitter:card\" content=\"summary_large_image\" \/>\n<meta name=\"twitter:label1\" content=\"Dur\u00e9e de lecture estim\u00e9e\" \/>\n\t<meta name=\"twitter:data1\" content=\"1 minute\" \/>\n<script type=\"application\/ld+json\" class=\"yoast-schema-graph\">{\"@context\":\"https:\\\/\\\/schema.org\",\"@graph\":[{\"@type\":\"WebPage\",\"@id\":\"https:\\\/\\\/schweizversand.ch\\\/fr\\\/produkt\\\/trespass-lox-damen-neoprenanzug-3mm\\\/\",\"url\":\"https:\\\/\\\/schweizversand.ch\\\/fr\\\/produkt\\\/trespass-lox-damen-neoprenanzug-3mm\\\/\",\"name\":\"Trespass LOX Damen Neoprenanzug 3mm\",\"isPartOf\":{\"@id\":\"https:\\\/\\\/schweizversand.ch\\\/fr\\\/#website\"},\"primaryImageOfPage\":{\"@id\":\"https:\\\/\\\/schweizversand.ch\\\/fr\\\/produkt\\\/trespass-lox-damen-neoprenanzug-3mm\\\/#primaryimage\"},\"image\":{\"@id\":\"https:\\\/\\\/schweizversand.ch\\\/fr\\\/produkt\\\/trespass-lox-damen-neoprenanzug-3mm\\\/#primaryimage\"},\"thumbnailUrl\":\"https:\\\/\\\/schweizversand.ch\\\/wp-content\\\/uploads\\\/2026\\\/03\\\/5471574646.jpg\",\"datePublished\":\"2026-03-14T23:56:21+00:00\",\"dateModified\":\"2026-04-19T13:35:37+00:00\",\"description\":\"Trespass Ganzk\u00f6rper-Neoprenanzug - Dein Begleiter f\u00fcr Wassersportabenteuer Ergonomisches Design f\u00fcr optimalen Komfort: Dieser Ganzk\u00f6rper-Neoprenanzug wurde mit\",\"breadcrumb\":{\"@id\":\"https:\\\/\\\/schweizversand.ch\\\/fr\\\/produkt\\\/trespass-lox-damen-neoprenanzug-3mm\\\/#breadcrumb\"},\"inLanguage\":\"fr-FR\",\"potentialAction\":[{\"@type\":\"ReadAction\",\"target\":[\"https:\\\/\\\/schweizversand.ch\\\/fr\\\/produkt\\\/trespass-lox-damen-neoprenanzug-3mm\\\/\"]}]},{\"@type\":\"ImageObject\",\"inLanguage\":\"fr-FR\",\"@id\":\"https:\\\/\\\/schweizversand.ch\\\/fr\\\/produkt\\\/trespass-lox-damen-neoprenanzug-3mm\\\/#primaryimage\",\"url\":\"https:\\\/\\\/schweizversand.ch\\\/wp-content\\\/uploads\\\/2026\\\/03\\\/5471574646.jpg\",\"contentUrl\":\"https:\\\/\\\/schweizversand.ch\\\/wp-content\\\/uploads\\\/2026\\\/03\\\/5471574646.jpg\",\"width\":710,\"height\":1024},{\"@type\":\"BreadcrumbList\",\"@id\":\"https:\\\/\\\/schweizversand.ch\\\/fr\\\/produkt\\\/trespass-lox-damen-neoprenanzug-3mm\\\/#breadcrumb\",\"itemListElement\":[{\"@type\":\"ListItem\",\"position\":1,\"name\":\"Startseite\",\"item\":\"https:\\\/\\\/schweizversand.ch\\\/fr\\\/home\\\/\"},{\"@type\":\"ListItem\",\"position\":2,\"name\":\"Boutique\",\"item\":\"https:\\\/\\\/schweizversand.ch\\\/fr\\\/boutique\\\/\"},{\"@type\":\"ListItem\",\"position\":3,\"name\":\"Sports\",\"item\":\"https:\\\/\\\/schweizversand.ch\\\/fr\\\/produkt-kategorie\\\/sports\\\/\"},{\"@type\":\"ListItem\",\"position\":4,\"name\":\"Sports nautiques\",\"item\":\"https:\\\/\\\/schweizversand.ch\\\/fr\\\/produkt-kategorie\\\/sports\\\/sports-nautiques\\\/\"},{\"@type\":\"ListItem\",\"position\":5,\"name\":\"Natation et plong\u00e9e\",\"item\":\"https:\\\/\\\/schweizversand.ch\\\/fr\\\/produkt-kategorie\\\/sports\\\/sports-nautiques\\\/natation-et-plongee\\\/\"},{\"@type\":\"ListItem\",\"position\":6,\"name\":\"Combinaison de plong\u00e9e Trespass LOX pour femme, 3 mm\"}]},{\"@type\":\"WebSite\",\"@id\":\"https:\\\/\\\/schweizversand.ch\\\/fr\\\/#website\",\"url\":\"https:\\\/\\\/schweizversand.ch\\\/fr\\\/\",\"name\":\"Schweizer Shop f\u00fcr Sport, Spiel und Freizeit\",\"description\":\"Gratisversand ab 50.- (netto), ab eigenem schweizer Lager, Lieferung innert 48h\",\"publisher\":{\"@id\":\"https:\\\/\\\/schweizversand.ch\\\/fr\\\/#organization\"},\"alternateName\":\"Schweizversand.ch\",\"potentialAction\":[{\"@type\":\"SearchAction\",\"target\":{\"@type\":\"EntryPoint\",\"urlTemplate\":\"https:\\\/\\\/schweizversand.ch\\\/fr\\\/?s={search_term_string}\"},\"query-input\":{\"@type\":\"PropertyValueSpecification\",\"valueRequired\":true,\"valueName\":\"search_term_string\"}}],\"inLanguage\":\"fr-FR\"},{\"@type\":\"Organization\",\"@id\":\"https:\\\/\\\/schweizversand.ch\\\/fr\\\/#organization\",\"name\":\"Schweizversand.ch\",\"url\":\"https:\\\/\\\/schweizversand.ch\\\/fr\\\/\",\"logo\":{\"@type\":\"ImageObject\",\"inLanguage\":\"fr-FR\",\"@id\":\"https:\\\/\\\/schweizversand.ch\\\/fr\\\/#\\\/schema\\\/logo\\\/image\\\/\",\"url\":\"https:\\\/\\\/schweizversand.ch\\\/wp-content\\\/uploads\\\/2026\\\/03\\\/Logo_Rund_Final-1.png\",\"contentUrl\":\"https:\\\/\\\/schweizversand.ch\\\/wp-content\\\/uploads\\\/2026\\\/03\\\/Logo_Rund_Final-1.png\",\"width\":404,\"height\":404,\"caption\":\"Schweizversand.ch\"},\"image\":{\"@id\":\"https:\\\/\\\/schweizversand.ch\\\/fr\\\/#\\\/schema\\\/logo\\\/image\\\/\"},\"sameAs\":[\"https:\\\/\\\/www.facebook.com\\\/Schweizversand\",\"https:\\\/\\\/www.instagram.com\\\/schweizversand.ch\\\/\"]}]}<\/script>\n<!-- \/ Yoast SEO plugin. -->","yoast_head_json":{"title":"Trespass LOX Damen Neoprenanzug 3mm","description":"Trespass Ganzk\u00f6rper-Neoprenanzug - Dein Begleiter f\u00fcr Wassersportabenteuer Ergonomisches Design f\u00fcr optimalen Komfort: Dieser Ganzk\u00f6rper-Neoprenanzug wurde mit","robots":{"index":"index","follow":"follow","max-snippet":"max-snippet:-1","max-image-preview":"max-image-preview:large","max-video-preview":"max-video-preview:-1"},"canonical":"https:\/\/schweizversand.ch\/fr\/produkt\/trespass-lox-damen-neoprenanzug-3mm\/","og_locale":"fr_FR","og_type":"article","og_title":"Trespass LOX Damen Neoprenanzug 3mm","og_description":"Trespass Ganzk\u00f6rper-Neoprenanzug - Dein Begleiter f\u00fcr Wassersportabenteuer Ergonomisches Design f\u00fcr optimalen Komfort: Dieser Ganzk\u00f6rper-Neoprenanzug wurde mit","og_url":"https:\/\/schweizversand.ch\/fr\/produkt\/trespass-lox-damen-neoprenanzug-3mm\/","og_site_name":"Schweizer Shop f\u00fcr Sport, Spiel und Freizeit","article_publisher":"https:\/\/www.facebook.com\/Schweizversand","article_modified_time":"2026-04-19T13:35:37+00:00","og_image":[{"width":710,"height":1024,"url":"https:\/\/schweizversand.ch\/wp-content\/uploads\/2026\/03\/5471574646.jpg","type":"image\/jpeg"}],"twitter_card":"summary_large_image","twitter_misc":{"Dur\u00e9e de lecture estim\u00e9e":"1 minute"},"schema":{"@context":"https:\/\/schema.org","@graph":[{"@type":"WebPage","@id":"https:\/\/schweizversand.ch\/fr\/produkt\/trespass-lox-damen-neoprenanzug-3mm\/","url":"https:\/\/schweizversand.ch\/fr\/produkt\/trespass-lox-damen-neoprenanzug-3mm\/","name":"Trespass LOX Damen Neoprenanzug 3mm","isPartOf":{"@id":"https:\/\/schweizversand.ch\/fr\/#website"},"primaryImageOfPage":{"@id":"https:\/\/schweizversand.ch\/fr\/produkt\/trespass-lox-damen-neoprenanzug-3mm\/#primaryimage"},"image":{"@id":"https:\/\/schweizversand.ch\/fr\/produkt\/trespass-lox-damen-neoprenanzug-3mm\/#primaryimage"},"thumbnailUrl":"https:\/\/schweizversand.ch\/wp-content\/uploads\/2026\/03\/5471574646.jpg","datePublished":"2026-03-14T23:56:21+00:00","dateModified":"2026-04-19T13:35:37+00:00","description":"Trespass Ganzk\u00f6rper-Neoprenanzug - Dein Begleiter f\u00fcr Wassersportabenteuer Ergonomisches Design f\u00fcr optimalen Komfort: Dieser Ganzk\u00f6rper-Neoprenanzug wurde mit","breadcrumb":{"@id":"https:\/\/schweizversand.ch\/fr\/produkt\/trespass-lox-damen-neoprenanzug-3mm\/#breadcrumb"},"inLanguage":"fr-FR","potentialAction":[{"@type":"ReadAction","target":["https:\/\/schweizversand.ch\/fr\/produkt\/trespass-lox-damen-neoprenanzug-3mm\/"]}]},{"@type":"ImageObject","inLanguage":"fr-FR","@id":"https:\/\/schweizversand.ch\/fr\/produkt\/trespass-lox-damen-neoprenanzug-3mm\/#primaryimage","url":"https:\/\/schweizversand.ch\/wp-content\/uploads\/2026\/03\/5471574646.jpg","contentUrl":"https:\/\/schweizversand.ch\/wp-content\/uploads\/2026\/03\/5471574646.jpg","width":710,"height":1024},{"@type":"BreadcrumbList","@id":"https:\/\/schweizversand.ch\/fr\/produkt\/trespass-lox-damen-neoprenanzug-3mm\/#breadcrumb","itemListElement":[{"@type":"ListItem","position":1,"name":"Startseite","item":"https:\/\/schweizversand.ch\/fr\/home\/"},{"@type":"ListItem","position":2,"name":"Boutique","item":"https:\/\/schweizversand.ch\/fr\/boutique\/"},{"@type":"ListItem","position":3,"name":"Sports","item":"https:\/\/schweizversand.ch\/fr\/produkt-kategorie\/sports\/"},{"@type":"ListItem","position":4,"name":"Sports nautiques","item":"https:\/\/schweizversand.ch\/fr\/produkt-kategorie\/sports\/sports-nautiques\/"},{"@type":"ListItem","position":5,"name":"Natation et plong\u00e9e","item":"https:\/\/schweizversand.ch\/fr\/produkt-kategorie\/sports\/sports-nautiques\/natation-et-plongee\/"},{"@type":"ListItem","position":6,"name":"Combinaison de plong\u00e9e Trespass LOX pour femme, 3 mm"}]},{"@type":"WebSite","@id":"https:\/\/schweizversand.ch\/fr\/#website","url":"https:\/\/schweizversand.ch\/fr\/","name":"Schweizer Shop f\u00fcr Sport, Spiel und Freizeit","description":"Gratisversand ab 50.- (netto), ab eigenem schweizer Lager, Lieferung innert 48h","publisher":{"@id":"https:\/\/schweizversand.ch\/fr\/#organization"},"alternateName":"Schweizversand.ch","potentialAction":[{"@type":"SearchAction","target":{"@type":"EntryPoint","urlTemplate":"https:\/\/schweizversand.ch\/fr\/?s={search_term_string}"},"query-input":{"@type":"PropertyValueSpecification","valueRequired":true,"valueName":"search_term_string"}}],"inLanguage":"fr-FR"},{"@type":"Organization","@id":"https:\/\/schweizversand.ch\/fr\/#organization","name":"Schweizversand.ch","url":"https:\/\/schweizversand.ch\/fr\/","logo":{"@type":"ImageObject","inLanguage":"fr-FR","@id":"https:\/\/schweizversand.ch\/fr\/#\/schema\/logo\/image\/","url":"https:\/\/schweizversand.ch\/wp-content\/uploads\/2026\/03\/Logo_Rund_Final-1.png","contentUrl":"https:\/\/schweizversand.ch\/wp-content\/uploads\/2026\/03\/Logo_Rund_Final-1.png","width":404,"height":404,"caption":"Schweizversand.ch"},"image":{"@id":"https:\/\/schweizversand.ch\/fr\/#\/schema\/logo\/image\/"},"sameAs":["https:\/\/www.facebook.com\/Schweizversand","https:\/\/www.instagram.com\/schweizversand.ch\/"]}]}},"jetpack_sharing_enabled":true,"_links":{"self":[{"href":"https:\/\/schweizversand.ch\/fr\/wp-json\/wp\/v2\/product\/260128","targetHints":{"allow":["GET"]}}],"collection":[{"href":"https:\/\/schweizversand.ch\/fr\/wp-json\/wp\/v2\/product"}],"about":[{"href":"https:\/\/schweizversand.ch\/fr\/wp-json\/wp\/v2\/types\/product"}],"replies":[{"embeddable":true,"href":"https:\/\/schweizversand.ch\/fr\/wp-json\/wp\/v2\/comments?post=260128"}],"wp:featuredmedia":[{"embeddable":true,"href":"https:\/\/schweizversand.ch\/fr\/wp-json\/wp\/v2\/media\/243105"}],"wp:attachment":[{"href":"https:\/\/schweizversand.ch\/fr\/wp-json\/wp\/v2\/media?parent=260128"}],"wp:term":[{"taxonomy":"product_brand","embeddable":true,"href":"https:\/\/schweizversand.ch\/fr\/wp-json\/wp\/v2\/product_brand?post=260128"},{"taxonomy":"product_cat","embeddable":true,"href":"https:\/\/schweizversand.ch\/fr\/wp-json\/wp\/v2\/product_cat?post=260128"},{"taxonomy":"product_tag","embeddable":true,"href":"https:\/\/schweizversand.ch\/fr\/wp-json\/wp\/v2\/product_tag?post=260128"}],"curies":[{"name":"wp","href":"https:\/\/api.w.org\/{rel}","templated":true}]}}