{"id":260157,"date":"2026-03-15T00:56:26","date_gmt":"2026-03-14T23:56:26","guid":{"rendered":"https:\/\/schweizversand.ch\/produkt\/trespass-qikpac-x-unisex-shell-jacke-13\/"},"modified":"2026-04-16T02:04:19","modified_gmt":"2026-04-16T00:04:19","slug":"trespass-qikpac-x-unisex-shell-jacke-13","status":"publish","type":"product","link":"https:\/\/schweizversand.ch\/fr\/produkt\/trespass-qikpac-x-unisex-shell-jacke-13\/","title":{"rendered":"Veste unisexe Trespass QIKPAC X"},"content":{"rendered":"<p>D\u00e9couvrez le summum de la fonctionnalit\u00e9 et du style avec notre veste imperm\u00e9able unisexe \u2013 un incontournable pour les passionn\u00e9s de plein air. Con\u00e7ue avec soin, cette veste s&rsquo;adapte \u00e0 vos besoins et vous prot\u00e8ge des intemp\u00e9ries.<\/p>\n<\/p>\n<p>Capuche ajustable avec col int\u00e9gr\u00e9\u00a0: Soyez pr\u00eat \u00e0 affronter les caprices de la m\u00e9t\u00e9o gr\u00e2ce \u00e0 sa capuche ajustable qui se replie discr\u00e8tement dans le col. Soleil ou pluie, vous serez prot\u00e9g\u00e9.<\/p>\n<\/p>\n<p>D\u00e9pliez la capuche au besoin et repliez-la lorsqu&rsquo;elle n&rsquo;est pas utilis\u00e9e.<\/p>\n<\/p>\n<p>Poches zipp\u00e9es pratiques\u00a0: Gardez vos essentiels en s\u00e9curit\u00e9 dans les deux poches zipp\u00e9es. Fonctionnelles et strat\u00e9giquement plac\u00e9es, elles offrent un acc\u00e8s facile sans compromettre l&rsquo;\u00e9l\u00e9gance de la veste.<\/p>\n<\/p>\n<p>Poignets \u00e9lastiques pour un confort optimal\u00a0: Restez au chaud et \u00e0 l&rsquo;aise gr\u00e2ce aux poignets \u00e9lastiques qui assurent un maintien parfait et vous prot\u00e8gent des courants d&rsquo;air froid. Le souci du d\u00e9tail se retrouve dans chaque aspect de votre confort.<\/p>\n<\/p>\n<p>Rabat anti-temp\u00eate interne pour une protection accrue\u00a0: Affrontez les \u00e9l\u00e9ments en toute s\u00e9r\u00e9nit\u00e9 gr\u00e2ce \u00e0 notre rabat anti-temp\u00eate interne sur toute la longueur qui offre une barri\u00e8re suppl\u00e9mentaire contre le vent et la pluie. Restez au sec et \u00e0 l&rsquo;aise, m\u00eame dans des conditions difficiles.<\/p>\n<\/p>\n<p>Panneau dorsal ventil\u00e9 pour une respirabilit\u00e9 optimale\u00a0: Profitez d&rsquo;une excellente a\u00e9ration.<\/p>\n<\/p>\n<p>Imperm\u00e9abilit\u00e9\u00a0: 5\u00a0000\u00a0mm<\/p>\n<\/p>\n<p>Respirant\u00a0: 5\u00a0000\u00a0mvp<\/p>\n<\/p>\n<p>Coupe-vent<\/p>\n<\/p>\n<p>Coutures soud\u00e9es<\/p>\n<\/p>\n<p>Ext\u00e9rieur\u00a0: 100\u00a0% polyamide PU<\/p>\n<\/p>\n<p>Maille\u00a0: 100\u00a0% polyester<\/p>\n","protected":false},"excerpt":{"rendered":"<p>Trespass QIKPAC X Unisex Shell Jacke sch\u00fctzt dich mit verstellbarer Kapuze und sicheren Rei\u00dfverschlusstaschen bei jedem Wetter \u2013 ideal f\u00fcr alle Outdoor-Abenteuer.<\/p>\n","protected":false},"featured_media":162644,"comment_status":"open","ping_status":"closed","template":"","meta":[],"product_brand":[],"product_cat":[38164],"product_tag":[],"class_list":{"0":"post-260157","1":"product","2":"type-product","3":"status-publish","4":"has-post-thumbnail","6":"product_cat-diverses","7":"product_shipping_class-global_methods","9":"first","10":"instock","11":"taxable","12":"shipping-taxable","13":"purchasable","14":"product-type-simple"},"yoast_head":"<!-- This site is optimized with the Yoast SEO plugin v27.4 - https:\/\/yoast.com\/product\/yoast-seo-wordpress\/ -->\n<title>Trespass QIKPAC X Unisex Shell Jacke<\/title>\n<meta name=\"description\" content=\"Erlebe die Spitze von Funktionalit\u00e4t und Stil mit unserer Unisex Shell Jacke \u2013 ein wahres Muss f\u00fcr Outdoor-Enthusiasten. Diese Jacke wurde akribisch entworfen,\" \/>\n<meta name=\"robots\" content=\"index, follow, max-snippet:-1, max-image-preview:large, max-video-preview:-1\" \/>\n<link rel=\"canonical\" href=\"https:\/\/schweizversand.ch\/fr\/produkt\/trespass-qikpac-x-unisex-shell-jacke-13\/\" \/>\n<meta property=\"og:locale\" content=\"fr_FR\" \/>\n<meta property=\"og:type\" content=\"article\" \/>\n<meta property=\"og:title\" content=\"Trespass QIKPAC X Unisex Shell Jacke\" \/>\n<meta property=\"og:description\" content=\"Erlebe die Spitze von Funktionalit\u00e4t und Stil mit unserer Unisex Shell Jacke \u2013 ein wahres Muss f\u00fcr Outdoor-Enthusiasten. Diese Jacke wurde akribisch entworfen,\" \/>\n<meta property=\"og:url\" content=\"https:\/\/schweizversand.ch\/fr\/produkt\/trespass-qikpac-x-unisex-shell-jacke-13\/\" \/>\n<meta property=\"og:site_name\" content=\"Schweizer Shop f\u00fcr Sport, Spiel und Freizeit\" \/>\n<meta property=\"article:publisher\" content=\"https:\/\/www.facebook.com\/Schweizversand\" \/>\n<meta property=\"article:modified_time\" content=\"2026-04-16T00:04:19+00:00\" \/>\n<meta property=\"og:image\" content=\"https:\/\/schweizversand.ch\/wp-content\/uploads\/2026\/02\/5471763200.jpg\" \/>\n\t<meta property=\"og:image:width\" content=\"709\" \/>\n\t<meta property=\"og:image:height\" content=\"1024\" \/>\n\t<meta property=\"og:image:type\" content=\"image\/jpeg\" \/>\n<meta name=\"twitter:card\" content=\"summary_large_image\" \/>\n<meta name=\"twitter:label1\" content=\"Dur\u00e9e de lecture estim\u00e9e\" \/>\n\t<meta name=\"twitter:data1\" content=\"1 minute\" \/>\n<script type=\"application\/ld+json\" class=\"yoast-schema-graph\">{\"@context\":\"https:\\\/\\\/schema.org\",\"@graph\":[{\"@type\":\"WebPage\",\"@id\":\"https:\\\/\\\/schweizversand.ch\\\/fr\\\/produkt\\\/trespass-qikpac-x-unisex-shell-jacke-13\\\/\",\"url\":\"https:\\\/\\\/schweizversand.ch\\\/fr\\\/produkt\\\/trespass-qikpac-x-unisex-shell-jacke-13\\\/\",\"name\":\"Trespass QIKPAC X Unisex Shell Jacke\",\"isPartOf\":{\"@id\":\"https:\\\/\\\/schweizversand.ch\\\/fr\\\/#website\"},\"primaryImageOfPage\":{\"@id\":\"https:\\\/\\\/schweizversand.ch\\\/fr\\\/produkt\\\/trespass-qikpac-x-unisex-shell-jacke-13\\\/#primaryimage\"},\"image\":{\"@id\":\"https:\\\/\\\/schweizversand.ch\\\/fr\\\/produkt\\\/trespass-qikpac-x-unisex-shell-jacke-13\\\/#primaryimage\"},\"thumbnailUrl\":\"https:\\\/\\\/schweizversand.ch\\\/wp-content\\\/uploads\\\/2026\\\/02\\\/5471763200.jpg\",\"datePublished\":\"2026-03-14T23:56:26+00:00\",\"dateModified\":\"2026-04-16T00:04:19+00:00\",\"description\":\"Erlebe die Spitze von Funktionalit\u00e4t und Stil mit unserer Unisex Shell Jacke \u2013 ein wahres Muss f\u00fcr Outdoor-Enthusiasten. Diese Jacke wurde akribisch entworfen,\",\"breadcrumb\":{\"@id\":\"https:\\\/\\\/schweizversand.ch\\\/fr\\\/produkt\\\/trespass-qikpac-x-unisex-shell-jacke-13\\\/#breadcrumb\"},\"inLanguage\":\"fr-FR\",\"potentialAction\":[{\"@type\":\"ReadAction\",\"target\":[\"https:\\\/\\\/schweizversand.ch\\\/fr\\\/produkt\\\/trespass-qikpac-x-unisex-shell-jacke-13\\\/\"]}]},{\"@type\":\"ImageObject\",\"inLanguage\":\"fr-FR\",\"@id\":\"https:\\\/\\\/schweizversand.ch\\\/fr\\\/produkt\\\/trespass-qikpac-x-unisex-shell-jacke-13\\\/#primaryimage\",\"url\":\"https:\\\/\\\/schweizversand.ch\\\/wp-content\\\/uploads\\\/2026\\\/02\\\/5471763200.jpg\",\"contentUrl\":\"https:\\\/\\\/schweizversand.ch\\\/wp-content\\\/uploads\\\/2026\\\/02\\\/5471763200.jpg\",\"width\":709,\"height\":1024},{\"@type\":\"BreadcrumbList\",\"@id\":\"https:\\\/\\\/schweizversand.ch\\\/fr\\\/produkt\\\/trespass-qikpac-x-unisex-shell-jacke-13\\\/#breadcrumb\",\"itemListElement\":[{\"@type\":\"ListItem\",\"position\":1,\"name\":\"Startseite\",\"item\":\"https:\\\/\\\/schweizversand.ch\\\/fr\\\/\"},{\"@type\":\"ListItem\",\"position\":2,\"name\":\"Boutique\",\"item\":\"https:\\\/\\\/schweizversand.ch\\\/fr\\\/boutique\\\/\"},{\"@type\":\"ListItem\",\"position\":3,\"name\":\"Mode\",\"item\":\"https:\\\/\\\/schweizversand.ch\\\/fr\\\/produkt-kategorie\\\/mode-fr\\\/\"},{\"@type\":\"ListItem\",\"position\":4,\"name\":\"Mode unisexe\",\"item\":\"https:\\\/\\\/schweizversand.ch\\\/fr\\\/produkt-kategorie\\\/mode-fr\\\/mode-unisexe\\\/\"},{\"@type\":\"ListItem\",\"position\":5,\"name\":\"Divers\",\"item\":\"https:\\\/\\\/schweizversand.ch\\\/fr\\\/produkt-kategorie\\\/mode-fr\\\/mode-unisexe\\\/diverses\\\/\"},{\"@type\":\"ListItem\",\"position\":6,\"name\":\"Veste unisexe Trespass QIKPAC X\"}]},{\"@type\":\"WebSite\",\"@id\":\"https:\\\/\\\/schweizversand.ch\\\/fr\\\/#website\",\"url\":\"https:\\\/\\\/schweizversand.ch\\\/fr\\\/\",\"name\":\"Schweizer Shop f\u00fcr Sport, Spiel und Freizeit\",\"description\":\"Gratisversand ab 50.- (netto), ab eigenem schweizer Lager, Lieferung innert 48h\",\"publisher\":{\"@id\":\"https:\\\/\\\/schweizversand.ch\\\/fr\\\/#organization\"},\"alternateName\":\"Schweizversand.ch\",\"potentialAction\":[{\"@type\":\"SearchAction\",\"target\":{\"@type\":\"EntryPoint\",\"urlTemplate\":\"https:\\\/\\\/schweizversand.ch\\\/fr\\\/?s={search_term_string}\"},\"query-input\":{\"@type\":\"PropertyValueSpecification\",\"valueRequired\":true,\"valueName\":\"search_term_string\"}}],\"inLanguage\":\"fr-FR\"},{\"@type\":\"Organization\",\"@id\":\"https:\\\/\\\/schweizversand.ch\\\/fr\\\/#organization\",\"name\":\"Schweizversand.ch\",\"url\":\"https:\\\/\\\/schweizversand.ch\\\/fr\\\/\",\"logo\":{\"@type\":\"ImageObject\",\"inLanguage\":\"fr-FR\",\"@id\":\"https:\\\/\\\/schweizversand.ch\\\/fr\\\/#\\\/schema\\\/logo\\\/image\\\/\",\"url\":\"https:\\\/\\\/schweizversand.ch\\\/wp-content\\\/uploads\\\/2026\\\/03\\\/Logo_Rund_Final-1.png\",\"contentUrl\":\"https:\\\/\\\/schweizversand.ch\\\/wp-content\\\/uploads\\\/2026\\\/03\\\/Logo_Rund_Final-1.png\",\"width\":404,\"height\":404,\"caption\":\"Schweizversand.ch\"},\"image\":{\"@id\":\"https:\\\/\\\/schweizversand.ch\\\/fr\\\/#\\\/schema\\\/logo\\\/image\\\/\"},\"sameAs\":[\"https:\\\/\\\/www.facebook.com\\\/Schweizversand\",\"https:\\\/\\\/www.instagram.com\\\/schweizversand.ch\\\/\"]}]}<\/script>\n<!-- \/ Yoast SEO plugin. -->","yoast_head_json":{"title":"Trespass QIKPAC X Unisex Shell Jacke","description":"Erlebe die Spitze von Funktionalit\u00e4t und Stil mit unserer Unisex Shell Jacke \u2013 ein wahres Muss f\u00fcr Outdoor-Enthusiasten. Diese Jacke wurde akribisch entworfen,","robots":{"index":"index","follow":"follow","max-snippet":"max-snippet:-1","max-image-preview":"max-image-preview:large","max-video-preview":"max-video-preview:-1"},"canonical":"https:\/\/schweizversand.ch\/fr\/produkt\/trespass-qikpac-x-unisex-shell-jacke-13\/","og_locale":"fr_FR","og_type":"article","og_title":"Trespass QIKPAC X Unisex Shell Jacke","og_description":"Erlebe die Spitze von Funktionalit\u00e4t und Stil mit unserer Unisex Shell Jacke \u2013 ein wahres Muss f\u00fcr Outdoor-Enthusiasten. Diese Jacke wurde akribisch entworfen,","og_url":"https:\/\/schweizversand.ch\/fr\/produkt\/trespass-qikpac-x-unisex-shell-jacke-13\/","og_site_name":"Schweizer Shop f\u00fcr Sport, Spiel und Freizeit","article_publisher":"https:\/\/www.facebook.com\/Schweizversand","article_modified_time":"2026-04-16T00:04:19+00:00","og_image":[{"width":709,"height":1024,"url":"https:\/\/schweizversand.ch\/wp-content\/uploads\/2026\/02\/5471763200.jpg","type":"image\/jpeg"}],"twitter_card":"summary_large_image","twitter_misc":{"Dur\u00e9e de lecture estim\u00e9e":"1 minute"},"schema":{"@context":"https:\/\/schema.org","@graph":[{"@type":"WebPage","@id":"https:\/\/schweizversand.ch\/fr\/produkt\/trespass-qikpac-x-unisex-shell-jacke-13\/","url":"https:\/\/schweizversand.ch\/fr\/produkt\/trespass-qikpac-x-unisex-shell-jacke-13\/","name":"Trespass QIKPAC X Unisex Shell Jacke","isPartOf":{"@id":"https:\/\/schweizversand.ch\/fr\/#website"},"primaryImageOfPage":{"@id":"https:\/\/schweizversand.ch\/fr\/produkt\/trespass-qikpac-x-unisex-shell-jacke-13\/#primaryimage"},"image":{"@id":"https:\/\/schweizversand.ch\/fr\/produkt\/trespass-qikpac-x-unisex-shell-jacke-13\/#primaryimage"},"thumbnailUrl":"https:\/\/schweizversand.ch\/wp-content\/uploads\/2026\/02\/5471763200.jpg","datePublished":"2026-03-14T23:56:26+00:00","dateModified":"2026-04-16T00:04:19+00:00","description":"Erlebe die Spitze von Funktionalit\u00e4t und Stil mit unserer Unisex Shell Jacke \u2013 ein wahres Muss f\u00fcr Outdoor-Enthusiasten. Diese Jacke wurde akribisch entworfen,","breadcrumb":{"@id":"https:\/\/schweizversand.ch\/fr\/produkt\/trespass-qikpac-x-unisex-shell-jacke-13\/#breadcrumb"},"inLanguage":"fr-FR","potentialAction":[{"@type":"ReadAction","target":["https:\/\/schweizversand.ch\/fr\/produkt\/trespass-qikpac-x-unisex-shell-jacke-13\/"]}]},{"@type":"ImageObject","inLanguage":"fr-FR","@id":"https:\/\/schweizversand.ch\/fr\/produkt\/trespass-qikpac-x-unisex-shell-jacke-13\/#primaryimage","url":"https:\/\/schweizversand.ch\/wp-content\/uploads\/2026\/02\/5471763200.jpg","contentUrl":"https:\/\/schweizversand.ch\/wp-content\/uploads\/2026\/02\/5471763200.jpg","width":709,"height":1024},{"@type":"BreadcrumbList","@id":"https:\/\/schweizversand.ch\/fr\/produkt\/trespass-qikpac-x-unisex-shell-jacke-13\/#breadcrumb","itemListElement":[{"@type":"ListItem","position":1,"name":"Startseite","item":"https:\/\/schweizversand.ch\/fr\/"},{"@type":"ListItem","position":2,"name":"Boutique","item":"https:\/\/schweizversand.ch\/fr\/boutique\/"},{"@type":"ListItem","position":3,"name":"Mode","item":"https:\/\/schweizversand.ch\/fr\/produkt-kategorie\/mode-fr\/"},{"@type":"ListItem","position":4,"name":"Mode unisexe","item":"https:\/\/schweizversand.ch\/fr\/produkt-kategorie\/mode-fr\/mode-unisexe\/"},{"@type":"ListItem","position":5,"name":"Divers","item":"https:\/\/schweizversand.ch\/fr\/produkt-kategorie\/mode-fr\/mode-unisexe\/diverses\/"},{"@type":"ListItem","position":6,"name":"Veste unisexe Trespass QIKPAC X"}]},{"@type":"WebSite","@id":"https:\/\/schweizversand.ch\/fr\/#website","url":"https:\/\/schweizversand.ch\/fr\/","name":"Schweizer Shop f\u00fcr Sport, Spiel und Freizeit","description":"Gratisversand ab 50.- (netto), ab eigenem schweizer Lager, Lieferung innert 48h","publisher":{"@id":"https:\/\/schweizversand.ch\/fr\/#organization"},"alternateName":"Schweizversand.ch","potentialAction":[{"@type":"SearchAction","target":{"@type":"EntryPoint","urlTemplate":"https:\/\/schweizversand.ch\/fr\/?s={search_term_string}"},"query-input":{"@type":"PropertyValueSpecification","valueRequired":true,"valueName":"search_term_string"}}],"inLanguage":"fr-FR"},{"@type":"Organization","@id":"https:\/\/schweizversand.ch\/fr\/#organization","name":"Schweizversand.ch","url":"https:\/\/schweizversand.ch\/fr\/","logo":{"@type":"ImageObject","inLanguage":"fr-FR","@id":"https:\/\/schweizversand.ch\/fr\/#\/schema\/logo\/image\/","url":"https:\/\/schweizversand.ch\/wp-content\/uploads\/2026\/03\/Logo_Rund_Final-1.png","contentUrl":"https:\/\/schweizversand.ch\/wp-content\/uploads\/2026\/03\/Logo_Rund_Final-1.png","width":404,"height":404,"caption":"Schweizversand.ch"},"image":{"@id":"https:\/\/schweizversand.ch\/fr\/#\/schema\/logo\/image\/"},"sameAs":["https:\/\/www.facebook.com\/Schweizversand","https:\/\/www.instagram.com\/schweizversand.ch\/"]}]}},"jetpack_sharing_enabled":true,"_links":{"self":[{"href":"https:\/\/schweizversand.ch\/fr\/wp-json\/wp\/v2\/product\/260157","targetHints":{"allow":["GET"]}}],"collection":[{"href":"https:\/\/schweizversand.ch\/fr\/wp-json\/wp\/v2\/product"}],"about":[{"href":"https:\/\/schweizversand.ch\/fr\/wp-json\/wp\/v2\/types\/product"}],"replies":[{"embeddable":true,"href":"https:\/\/schweizversand.ch\/fr\/wp-json\/wp\/v2\/comments?post=260157"}],"wp:featuredmedia":[{"embeddable":true,"href":"https:\/\/schweizversand.ch\/fr\/wp-json\/wp\/v2\/media\/162644"}],"wp:attachment":[{"href":"https:\/\/schweizversand.ch\/fr\/wp-json\/wp\/v2\/media?parent=260157"}],"wp:term":[{"taxonomy":"product_brand","embeddable":true,"href":"https:\/\/schweizversand.ch\/fr\/wp-json\/wp\/v2\/product_brand?post=260157"},{"taxonomy":"product_cat","embeddable":true,"href":"https:\/\/schweizversand.ch\/fr\/wp-json\/wp\/v2\/product_cat?post=260157"},{"taxonomy":"product_tag","embeddable":true,"href":"https:\/\/schweizversand.ch\/fr\/wp-json\/wp\/v2\/product_tag?post=260157"}],"curies":[{"name":"wp","href":"https:\/\/api.w.org\/{rel}","templated":true}]}}