{"id":260166,"date":"2026-03-15T00:56:27","date_gmt":"2026-03-14T23:56:27","guid":{"rendered":"https:\/\/schweizversand.ch\/produkt\/trespass-lit-kinder-pommelmuetze-mit-reflektier-effekt-3\/"},"modified":"2026-04-19T02:05:05","modified_gmt":"2026-04-19T00:05:05","slug":"trespass-lit-kinder-pommelmuetze-mit-reflektier-effekt-3","status":"publish","type":"product","link":"https:\/\/schweizversand.ch\/fr\/produkt\/trespass-lit-kinder-pommelmuetze-mit-reflektier-effekt-3\/","title":{"rendered":"Bonnet \u00e0 pompon pour enfants Trespass LIT avec effet r\u00e9fl\u00e9chissant"},"content":{"rendered":"<p>Le bonnet \u00e0 pompon LIT pour enfants est tricot\u00e9 avec soin et doubl\u00e9 de polaire (\u00e0 mi-hauteur). Son \u00e9tiquette tiss\u00e9e est orn\u00e9e de d\u00e9tails r\u00e9fl\u00e9chissants int\u00e9gr\u00e9s au pompon. Les enfants auront h\u00e2te de sortir et de retrouver leurs amis par temps de neige. Gardez-les bien au chaud en leur offrant le bonnet LIT.<\/p>\n<\/p>\n<p>Le fil r\u00e9fl\u00e9chissant du pompon assure une meilleure visibilit\u00e9 de votre enfant sous les phares des voitures \u00e0 la tomb\u00e9e de la nuit, lui procurant ainsi chaleur et s\u00e9curit\u00e9.<\/p>\n","protected":false},"excerpt":{"rendered":"<p>Trespass LIT Kinder Pommelm\u00fctze mit reflektierendem Effekt h\u00e4lt warm und sorgt f\u00fcr bessere Sichtbarkeit im Dunkeln \u2013 ideal f\u00fcr sichere und gem\u00fctliche Schneetage.<\/p>\n","protected":false},"featured_media":162667,"comment_status":"open","ping_status":"closed","template":"","meta":[],"product_brand":[],"product_cat":[38112],"product_tag":[],"class_list":{"0":"post-260166","1":"product","2":"type-product","3":"status-publish","4":"has-post-thumbnail","6":"product_cat-kopfbedeckung","7":"product_shipping_class-global_methods","9":"first","10":"instock","11":"taxable","12":"shipping-taxable","13":"purchasable","14":"product-type-simple"},"yoast_head":"<!-- This site is optimized with the Yoast SEO plugin v27.4 - https:\/\/yoast.com\/product\/yoast-seo-wordpress\/ -->\n<title>Trespass LIT Kinder Pommelm\u00fctze mit reflektier Effekt<\/title>\n<meta name=\"description\" content=\"Die LIT Pommelm\u00fctze f\u00fcr Kinder wurde fachm\u00e4nnisch gestrickt, mit einem Futter aus Fleece (bis halbe H\u00f6he), einem gewebten Etikett mit reflektierenden Details im\" \/>\n<meta name=\"robots\" content=\"index, follow, max-snippet:-1, max-image-preview:large, max-video-preview:-1\" \/>\n<link rel=\"canonical\" href=\"https:\/\/schweizversand.ch\/fr\/produkt\/trespass-lit-kinder-pommelmuetze-mit-reflektier-effekt-3\/\" \/>\n<meta property=\"og:locale\" content=\"fr_FR\" \/>\n<meta property=\"og:type\" content=\"article\" \/>\n<meta property=\"og:title\" content=\"Trespass LIT Kinder Pommelm\u00fctze mit reflektier Effekt\" \/>\n<meta property=\"og:description\" content=\"Die LIT Pommelm\u00fctze f\u00fcr Kinder wurde fachm\u00e4nnisch gestrickt, mit einem Futter aus Fleece (bis halbe H\u00f6he), einem gewebten Etikett mit reflektierenden Details im\" \/>\n<meta property=\"og:url\" content=\"https:\/\/schweizversand.ch\/fr\/produkt\/trespass-lit-kinder-pommelmuetze-mit-reflektier-effekt-3\/\" \/>\n<meta property=\"og:site_name\" content=\"Schweizer Shop f\u00fcr Sport, Spiel und Freizeit\" \/>\n<meta property=\"article:publisher\" content=\"https:\/\/www.facebook.com\/Schweizversand\" \/>\n<meta property=\"article:modified_time\" content=\"2026-04-19T00:05:05+00:00\" \/>\n<meta property=\"og:image\" content=\"https:\/\/schweizversand.ch\/wp-content\/uploads\/2026\/02\/5471583676.jpg\" \/>\n\t<meta property=\"og:image:width\" content=\"1024\" \/>\n\t<meta property=\"og:image:height\" content=\"1024\" \/>\n\t<meta property=\"og:image:type\" content=\"image\/jpeg\" \/>\n<meta name=\"twitter:card\" content=\"summary_large_image\" \/>\n<script type=\"application\/ld+json\" class=\"yoast-schema-graph\">{\"@context\":\"https:\\\/\\\/schema.org\",\"@graph\":[{\"@type\":\"WebPage\",\"@id\":\"https:\\\/\\\/schweizversand.ch\\\/fr\\\/produkt\\\/trespass-lit-kinder-pommelmuetze-mit-reflektier-effekt-3\\\/\",\"url\":\"https:\\\/\\\/schweizversand.ch\\\/fr\\\/produkt\\\/trespass-lit-kinder-pommelmuetze-mit-reflektier-effekt-3\\\/\",\"name\":\"Trespass LIT Kinder Pommelm\u00fctze mit reflektier Effekt\",\"isPartOf\":{\"@id\":\"https:\\\/\\\/schweizversand.ch\\\/fr\\\/#website\"},\"primaryImageOfPage\":{\"@id\":\"https:\\\/\\\/schweizversand.ch\\\/fr\\\/produkt\\\/trespass-lit-kinder-pommelmuetze-mit-reflektier-effekt-3\\\/#primaryimage\"},\"image\":{\"@id\":\"https:\\\/\\\/schweizversand.ch\\\/fr\\\/produkt\\\/trespass-lit-kinder-pommelmuetze-mit-reflektier-effekt-3\\\/#primaryimage\"},\"thumbnailUrl\":\"https:\\\/\\\/schweizversand.ch\\\/wp-content\\\/uploads\\\/2026\\\/02\\\/5471583676.jpg\",\"datePublished\":\"2026-03-14T23:56:27+00:00\",\"dateModified\":\"2026-04-19T00:05:05+00:00\",\"description\":\"Die LIT Pommelm\u00fctze f\u00fcr Kinder wurde fachm\u00e4nnisch gestrickt, mit einem Futter aus Fleece (bis halbe H\u00f6he), einem gewebten Etikett mit reflektierenden Details im\",\"breadcrumb\":{\"@id\":\"https:\\\/\\\/schweizversand.ch\\\/fr\\\/produkt\\\/trespass-lit-kinder-pommelmuetze-mit-reflektier-effekt-3\\\/#breadcrumb\"},\"inLanguage\":\"fr-FR\",\"potentialAction\":[{\"@type\":\"ReadAction\",\"target\":[\"https:\\\/\\\/schweizversand.ch\\\/fr\\\/produkt\\\/trespass-lit-kinder-pommelmuetze-mit-reflektier-effekt-3\\\/\"]}]},{\"@type\":\"ImageObject\",\"inLanguage\":\"fr-FR\",\"@id\":\"https:\\\/\\\/schweizversand.ch\\\/fr\\\/produkt\\\/trespass-lit-kinder-pommelmuetze-mit-reflektier-effekt-3\\\/#primaryimage\",\"url\":\"https:\\\/\\\/schweizversand.ch\\\/wp-content\\\/uploads\\\/2026\\\/02\\\/5471583676.jpg\",\"contentUrl\":\"https:\\\/\\\/schweizversand.ch\\\/wp-content\\\/uploads\\\/2026\\\/02\\\/5471583676.jpg\",\"width\":1024,\"height\":1024},{\"@type\":\"BreadcrumbList\",\"@id\":\"https:\\\/\\\/schweizversand.ch\\\/fr\\\/produkt\\\/trespass-lit-kinder-pommelmuetze-mit-reflektier-effekt-3\\\/#breadcrumb\",\"itemListElement\":[{\"@type\":\"ListItem\",\"position\":1,\"name\":\"Startseite\",\"item\":\"https:\\\/\\\/schweizversand.ch\\\/fr\\\/home\\\/\"},{\"@type\":\"ListItem\",\"position\":2,\"name\":\"Boutique\",\"item\":\"https:\\\/\\\/schweizversand.ch\\\/fr\\\/boutique\\\/\"},{\"@type\":\"ListItem\",\"position\":3,\"name\":\"Mode\",\"item\":\"https:\\\/\\\/schweizversand.ch\\\/fr\\\/produkt-kategorie\\\/mode-fr\\\/\"},{\"@type\":\"ListItem\",\"position\":4,\"name\":\"Accessoires de mode\",\"item\":\"https:\\\/\\\/schweizversand.ch\\\/fr\\\/produkt-kategorie\\\/mode-fr\\\/accessoires-de-mode\\\/\"},{\"@type\":\"ListItem\",\"position\":5,\"name\":\"Chapeaux\",\"item\":\"https:\\\/\\\/schweizversand.ch\\\/fr\\\/produkt-kategorie\\\/mode-fr\\\/accessoires-de-mode\\\/kopfbedeckung\\\/\"},{\"@type\":\"ListItem\",\"position\":6,\"name\":\"Bonnet \u00e0 pompon pour enfants Trespass LIT avec effet r\u00e9fl\u00e9chissant\"}]},{\"@type\":\"WebSite\",\"@id\":\"https:\\\/\\\/schweizversand.ch\\\/fr\\\/#website\",\"url\":\"https:\\\/\\\/schweizversand.ch\\\/fr\\\/\",\"name\":\"Schweizer Shop f\u00fcr Sport, Spiel und Freizeit\",\"description\":\"Gratisversand ab 50.- (netto), ab eigenem schweizer Lager, Lieferung innert 48h\",\"publisher\":{\"@id\":\"https:\\\/\\\/schweizversand.ch\\\/fr\\\/#organization\"},\"alternateName\":\"Schweizversand.ch\",\"potentialAction\":[{\"@type\":\"SearchAction\",\"target\":{\"@type\":\"EntryPoint\",\"urlTemplate\":\"https:\\\/\\\/schweizversand.ch\\\/fr\\\/?s={search_term_string}\"},\"query-input\":{\"@type\":\"PropertyValueSpecification\",\"valueRequired\":true,\"valueName\":\"search_term_string\"}}],\"inLanguage\":\"fr-FR\"},{\"@type\":\"Organization\",\"@id\":\"https:\\\/\\\/schweizversand.ch\\\/fr\\\/#organization\",\"name\":\"Schweizversand.ch\",\"url\":\"https:\\\/\\\/schweizversand.ch\\\/fr\\\/\",\"logo\":{\"@type\":\"ImageObject\",\"inLanguage\":\"fr-FR\",\"@id\":\"https:\\\/\\\/schweizversand.ch\\\/fr\\\/#\\\/schema\\\/logo\\\/image\\\/\",\"url\":\"https:\\\/\\\/schweizversand.ch\\\/wp-content\\\/uploads\\\/2026\\\/03\\\/Logo_Rund_Final-1.png\",\"contentUrl\":\"https:\\\/\\\/schweizversand.ch\\\/wp-content\\\/uploads\\\/2026\\\/03\\\/Logo_Rund_Final-1.png\",\"width\":404,\"height\":404,\"caption\":\"Schweizversand.ch\"},\"image\":{\"@id\":\"https:\\\/\\\/schweizversand.ch\\\/fr\\\/#\\\/schema\\\/logo\\\/image\\\/\"},\"sameAs\":[\"https:\\\/\\\/www.facebook.com\\\/Schweizversand\",\"https:\\\/\\\/www.instagram.com\\\/schweizversand.ch\\\/\"]}]}<\/script>\n<!-- \/ Yoast SEO plugin. -->","yoast_head_json":{"title":"Trespass LIT Kinder Pommelm\u00fctze mit reflektier Effekt","description":"Die LIT Pommelm\u00fctze f\u00fcr Kinder wurde fachm\u00e4nnisch gestrickt, mit einem Futter aus Fleece (bis halbe H\u00f6he), einem gewebten Etikett mit reflektierenden Details im","robots":{"index":"index","follow":"follow","max-snippet":"max-snippet:-1","max-image-preview":"max-image-preview:large","max-video-preview":"max-video-preview:-1"},"canonical":"https:\/\/schweizversand.ch\/fr\/produkt\/trespass-lit-kinder-pommelmuetze-mit-reflektier-effekt-3\/","og_locale":"fr_FR","og_type":"article","og_title":"Trespass LIT Kinder Pommelm\u00fctze mit reflektier Effekt","og_description":"Die LIT Pommelm\u00fctze f\u00fcr Kinder wurde fachm\u00e4nnisch gestrickt, mit einem Futter aus Fleece (bis halbe H\u00f6he), einem gewebten Etikett mit reflektierenden Details im","og_url":"https:\/\/schweizversand.ch\/fr\/produkt\/trespass-lit-kinder-pommelmuetze-mit-reflektier-effekt-3\/","og_site_name":"Schweizer Shop f\u00fcr Sport, Spiel und Freizeit","article_publisher":"https:\/\/www.facebook.com\/Schweizversand","article_modified_time":"2026-04-19T00:05:05+00:00","og_image":[{"width":1024,"height":1024,"url":"https:\/\/schweizversand.ch\/wp-content\/uploads\/2026\/02\/5471583676.jpg","type":"image\/jpeg"}],"twitter_card":"summary_large_image","schema":{"@context":"https:\/\/schema.org","@graph":[{"@type":"WebPage","@id":"https:\/\/schweizversand.ch\/fr\/produkt\/trespass-lit-kinder-pommelmuetze-mit-reflektier-effekt-3\/","url":"https:\/\/schweizversand.ch\/fr\/produkt\/trespass-lit-kinder-pommelmuetze-mit-reflektier-effekt-3\/","name":"Trespass LIT Kinder Pommelm\u00fctze mit reflektier Effekt","isPartOf":{"@id":"https:\/\/schweizversand.ch\/fr\/#website"},"primaryImageOfPage":{"@id":"https:\/\/schweizversand.ch\/fr\/produkt\/trespass-lit-kinder-pommelmuetze-mit-reflektier-effekt-3\/#primaryimage"},"image":{"@id":"https:\/\/schweizversand.ch\/fr\/produkt\/trespass-lit-kinder-pommelmuetze-mit-reflektier-effekt-3\/#primaryimage"},"thumbnailUrl":"https:\/\/schweizversand.ch\/wp-content\/uploads\/2026\/02\/5471583676.jpg","datePublished":"2026-03-14T23:56:27+00:00","dateModified":"2026-04-19T00:05:05+00:00","description":"Die LIT Pommelm\u00fctze f\u00fcr Kinder wurde fachm\u00e4nnisch gestrickt, mit einem Futter aus Fleece (bis halbe H\u00f6he), einem gewebten Etikett mit reflektierenden Details im","breadcrumb":{"@id":"https:\/\/schweizversand.ch\/fr\/produkt\/trespass-lit-kinder-pommelmuetze-mit-reflektier-effekt-3\/#breadcrumb"},"inLanguage":"fr-FR","potentialAction":[{"@type":"ReadAction","target":["https:\/\/schweizversand.ch\/fr\/produkt\/trespass-lit-kinder-pommelmuetze-mit-reflektier-effekt-3\/"]}]},{"@type":"ImageObject","inLanguage":"fr-FR","@id":"https:\/\/schweizversand.ch\/fr\/produkt\/trespass-lit-kinder-pommelmuetze-mit-reflektier-effekt-3\/#primaryimage","url":"https:\/\/schweizversand.ch\/wp-content\/uploads\/2026\/02\/5471583676.jpg","contentUrl":"https:\/\/schweizversand.ch\/wp-content\/uploads\/2026\/02\/5471583676.jpg","width":1024,"height":1024},{"@type":"BreadcrumbList","@id":"https:\/\/schweizversand.ch\/fr\/produkt\/trespass-lit-kinder-pommelmuetze-mit-reflektier-effekt-3\/#breadcrumb","itemListElement":[{"@type":"ListItem","position":1,"name":"Startseite","item":"https:\/\/schweizversand.ch\/fr\/home\/"},{"@type":"ListItem","position":2,"name":"Boutique","item":"https:\/\/schweizversand.ch\/fr\/boutique\/"},{"@type":"ListItem","position":3,"name":"Mode","item":"https:\/\/schweizversand.ch\/fr\/produkt-kategorie\/mode-fr\/"},{"@type":"ListItem","position":4,"name":"Accessoires de mode","item":"https:\/\/schweizversand.ch\/fr\/produkt-kategorie\/mode-fr\/accessoires-de-mode\/"},{"@type":"ListItem","position":5,"name":"Chapeaux","item":"https:\/\/schweizversand.ch\/fr\/produkt-kategorie\/mode-fr\/accessoires-de-mode\/kopfbedeckung\/"},{"@type":"ListItem","position":6,"name":"Bonnet \u00e0 pompon pour enfants Trespass LIT avec effet r\u00e9fl\u00e9chissant"}]},{"@type":"WebSite","@id":"https:\/\/schweizversand.ch\/fr\/#website","url":"https:\/\/schweizversand.ch\/fr\/","name":"Schweizer Shop f\u00fcr Sport, Spiel und Freizeit","description":"Gratisversand ab 50.- (netto), ab eigenem schweizer Lager, Lieferung innert 48h","publisher":{"@id":"https:\/\/schweizversand.ch\/fr\/#organization"},"alternateName":"Schweizversand.ch","potentialAction":[{"@type":"SearchAction","target":{"@type":"EntryPoint","urlTemplate":"https:\/\/schweizversand.ch\/fr\/?s={search_term_string}"},"query-input":{"@type":"PropertyValueSpecification","valueRequired":true,"valueName":"search_term_string"}}],"inLanguage":"fr-FR"},{"@type":"Organization","@id":"https:\/\/schweizversand.ch\/fr\/#organization","name":"Schweizversand.ch","url":"https:\/\/schweizversand.ch\/fr\/","logo":{"@type":"ImageObject","inLanguage":"fr-FR","@id":"https:\/\/schweizversand.ch\/fr\/#\/schema\/logo\/image\/","url":"https:\/\/schweizversand.ch\/wp-content\/uploads\/2026\/03\/Logo_Rund_Final-1.png","contentUrl":"https:\/\/schweizversand.ch\/wp-content\/uploads\/2026\/03\/Logo_Rund_Final-1.png","width":404,"height":404,"caption":"Schweizversand.ch"},"image":{"@id":"https:\/\/schweizversand.ch\/fr\/#\/schema\/logo\/image\/"},"sameAs":["https:\/\/www.facebook.com\/Schweizversand","https:\/\/www.instagram.com\/schweizversand.ch\/"]}]}},"jetpack_sharing_enabled":true,"_links":{"self":[{"href":"https:\/\/schweizversand.ch\/fr\/wp-json\/wp\/v2\/product\/260166","targetHints":{"allow":["GET"]}}],"collection":[{"href":"https:\/\/schweizversand.ch\/fr\/wp-json\/wp\/v2\/product"}],"about":[{"href":"https:\/\/schweizversand.ch\/fr\/wp-json\/wp\/v2\/types\/product"}],"replies":[{"embeddable":true,"href":"https:\/\/schweizversand.ch\/fr\/wp-json\/wp\/v2\/comments?post=260166"}],"wp:featuredmedia":[{"embeddable":true,"href":"https:\/\/schweizversand.ch\/fr\/wp-json\/wp\/v2\/media\/162667"}],"wp:attachment":[{"href":"https:\/\/schweizversand.ch\/fr\/wp-json\/wp\/v2\/media?parent=260166"}],"wp:term":[{"taxonomy":"product_brand","embeddable":true,"href":"https:\/\/schweizversand.ch\/fr\/wp-json\/wp\/v2\/product_brand?post=260166"},{"taxonomy":"product_cat","embeddable":true,"href":"https:\/\/schweizversand.ch\/fr\/wp-json\/wp\/v2\/product_cat?post=260166"},{"taxonomy":"product_tag","embeddable":true,"href":"https:\/\/schweizversand.ch\/fr\/wp-json\/wp\/v2\/product_tag?post=260166"}],"curies":[{"name":"wp","href":"https:\/\/api.w.org\/{rel}","templated":true}]}}