{"id":260171,"date":"2026-03-15T00:56:29","date_gmt":"2026-03-14T23:56:29","guid":{"rendered":"https:\/\/schweizversand.ch\/produkt\/trespass-keynote-herren-mikrofleece-pullover-2\/"},"modified":"2026-04-08T15:34:19","modified_gmt":"2026-04-08T13:34:19","slug":"trespass-keynote-herren-mikrofleece-pullover-2","status":"publish","type":"product","link":"https:\/\/schweizversand.ch\/fr\/produkt\/trespass-keynote-herren-mikrofleece-pullover-2\/","title":{"rendered":"Pull en microfibre polaire Trespass KEYNOTE pour homme"},"content":{"rendered":"<p>D\u00e9couvrez l&rsquo;alliance parfaite du confort et de la fonctionnalit\u00e9 avec notre pull en micropolaire haut de gamme. Dot\u00e9 d&#8217;empi\u00e8cements contrast\u00e9s et d&rsquo;un design ray\u00e9 sportif en micropolaire Catatonic, ce pull allie style et chaleur. Son tissu anti-boulochage garantit une grande durabilit\u00e9 et conserve son aspect impeccable m\u00eame apr\u00e8s de nombreux lavages.<\/p>\n<\/p>\n<p>Le demi-zip permet une ventilation personnalis\u00e9e, tandis que l&rsquo;int\u00e9rieur bross\u00e9 assure un confort exceptionnel. Fabriqu\u00e9 en 100 % polyester, ce pull b\u00e9n\u00e9ficie du syst\u00e8me Airtrap\u00ae pour une isolation sup\u00e9rieure. Avec un indice Airtrap\u00ae AT100 et un grammage de 140 g\/m\u00b2, il offre une chaleur id\u00e9ale tout en restant l\u00e9ger et confortable.<\/p>\n<\/p>\n<p>Profitez d&rsquo;une libert\u00e9 de mouvement maximale et restez au chaud sans sacrifier votre style\u00a0: le compagnon id\u00e9al de toutes vos aventures. D\u00e9couvrez la technologie innovante AT100 et un confort in\u00e9gal\u00e9\u00a0!<\/p>\n<\/p>\n<p>D\u00e9tails\u00a0:<\/p>\n<\/p>\n<p>\u2022 Empi\u00e8cements contrast\u00e9s<\/p>\n<p>\u2022 Micropolaire ray\u00e9e Catatonic<\/p>\n<p>\u2022 Tissu anti-boulochage<\/p>\n<p>\u2022 Demi-zip \u00e0 l\u2019encolure<\/p>\n<p>\u2022 Int\u00e9rieur bross\u00e9<\/p>\n<\/p>\n<p>Composition\u00a0: 100\u00a0% polyester<\/p>\n<\/p>\n<p>Caract\u00e9ristiques\u00a0:<\/p>\n<\/p>\n<p>\u2022 Technologie Airtrap\u00ae<\/p>\n<\/p>\n<p>\u2022 Indice Airtrap\u00ae\u00a0: AT100<\/p>\n<\/p>\n<p>\u2022 Grammage\u00a0: 140\u00a0g\/m\u00b2<\/p>\n","protected":false},"excerpt":{"rendered":"<p>Trespass KEYNOTE &#8211; Herren Mikrofleece Pullover vereint W\u00e4rme, Stil und Komfort mit Anti-Pilling, Airtrap\u00ae-Isolierung und \u00bd Rei\u00dfverschluss f\u00fcr individuelle Bel\u00fcftung.<\/p>\n","protected":false},"featured_media":162716,"comment_status":"open","ping_status":"closed","template":"","meta":[],"product_brand":[],"product_cat":[38142],"product_tag":[],"class_list":{"0":"post-260171","1":"product","2":"type-product","3":"status-publish","4":"has-post-thumbnail","6":"product_cat-herrenbekleidung","7":"product_shipping_class-global_methods","9":"first","10":"instock","11":"taxable","12":"shipping-taxable","13":"purchasable","14":"product-type-simple"},"yoast_head":"<!-- This site is optimized with the Yoast SEO plugin v27.3 - https:\/\/yoast.com\/product\/yoast-seo-wordpress\/ -->\n<title>Trespass KEYNOTE - Herren Mikrofleece Pullover<\/title>\n<meta name=\"description\" content=\"Entdecken Sie die perfekte Kombination aus Komfort und Funktionalit\u00e4t mit unserem hochwertigen Mikro-Fleece-Pullover. Ausgestattet mit kontrastierenden Eins\u00e4tze\" \/>\n<meta name=\"robots\" content=\"index, follow, max-snippet:-1, max-image-preview:large, max-video-preview:-1\" \/>\n<link rel=\"canonical\" href=\"https:\/\/schweizversand.ch\/fr\/produkt\/trespass-keynote-herren-mikrofleece-pullover-2\/\" \/>\n<meta property=\"og:locale\" content=\"fr_FR\" \/>\n<meta property=\"og:type\" content=\"article\" \/>\n<meta property=\"og:title\" content=\"Trespass KEYNOTE - Herren Mikrofleece Pullover\" \/>\n<meta property=\"og:description\" content=\"Entdecken Sie die perfekte Kombination aus Komfort und Funktionalit\u00e4t mit unserem hochwertigen Mikro-Fleece-Pullover. Ausgestattet mit kontrastierenden Eins\u00e4tze\" \/>\n<meta property=\"og:url\" content=\"https:\/\/schweizversand.ch\/fr\/produkt\/trespass-keynote-herren-mikrofleece-pullover-2\/\" \/>\n<meta property=\"og:site_name\" content=\"Schweizer Shop f\u00fcr Sport, Spiel und Freizeit\" \/>\n<meta property=\"article:publisher\" content=\"https:\/\/www.facebook.com\/Schweizversand\" \/>\n<meta property=\"article:modified_time\" content=\"2026-04-08T13:34:19+00:00\" \/>\n<meta property=\"og:image\" content=\"https:\/\/schweizversand.ch\/wp-content\/uploads\/2026\/02\/5471831705.jpg\" \/>\n\t<meta property=\"og:image:width\" content=\"1024\" \/>\n\t<meta property=\"og:image:height\" content=\"1024\" \/>\n\t<meta property=\"og:image:type\" content=\"image\/jpeg\" \/>\n<meta name=\"twitter:card\" content=\"summary_large_image\" \/>\n<meta name=\"twitter:label1\" content=\"Dur\u00e9e de lecture estim\u00e9e\" \/>\n\t<meta name=\"twitter:data1\" content=\"1 minute\" \/>\n<script type=\"application\/ld+json\" class=\"yoast-schema-graph\">{\"@context\":\"https:\\\/\\\/schema.org\",\"@graph\":[{\"@type\":\"WebPage\",\"@id\":\"https:\\\/\\\/schweizversand.ch\\\/fr\\\/produkt\\\/trespass-keynote-herren-mikrofleece-pullover-2\\\/\",\"url\":\"https:\\\/\\\/schweizversand.ch\\\/fr\\\/produkt\\\/trespass-keynote-herren-mikrofleece-pullover-2\\\/\",\"name\":\"Trespass KEYNOTE - Herren Mikrofleece Pullover\",\"isPartOf\":{\"@id\":\"https:\\\/\\\/schweizversand.ch\\\/fr\\\/#website\"},\"primaryImageOfPage\":{\"@id\":\"https:\\\/\\\/schweizversand.ch\\\/fr\\\/produkt\\\/trespass-keynote-herren-mikrofleece-pullover-2\\\/#primaryimage\"},\"image\":{\"@id\":\"https:\\\/\\\/schweizversand.ch\\\/fr\\\/produkt\\\/trespass-keynote-herren-mikrofleece-pullover-2\\\/#primaryimage\"},\"thumbnailUrl\":\"https:\\\/\\\/schweizversand.ch\\\/wp-content\\\/uploads\\\/2026\\\/02\\\/5471831705.jpg\",\"datePublished\":\"2026-03-14T23:56:29+00:00\",\"dateModified\":\"2026-04-08T13:34:19+00:00\",\"description\":\"Entdecken Sie die perfekte Kombination aus Komfort und Funktionalit\u00e4t mit unserem hochwertigen Mikro-Fleece-Pullover. Ausgestattet mit kontrastierenden Eins\u00e4tze\",\"breadcrumb\":{\"@id\":\"https:\\\/\\\/schweizversand.ch\\\/fr\\\/produkt\\\/trespass-keynote-herren-mikrofleece-pullover-2\\\/#breadcrumb\"},\"inLanguage\":\"fr-FR\",\"potentialAction\":[{\"@type\":\"ReadAction\",\"target\":[\"https:\\\/\\\/schweizversand.ch\\\/fr\\\/produkt\\\/trespass-keynote-herren-mikrofleece-pullover-2\\\/\"]}]},{\"@type\":\"ImageObject\",\"inLanguage\":\"fr-FR\",\"@id\":\"https:\\\/\\\/schweizversand.ch\\\/fr\\\/produkt\\\/trespass-keynote-herren-mikrofleece-pullover-2\\\/#primaryimage\",\"url\":\"https:\\\/\\\/schweizversand.ch\\\/wp-content\\\/uploads\\\/2026\\\/02\\\/5471831705.jpg\",\"contentUrl\":\"https:\\\/\\\/schweizversand.ch\\\/wp-content\\\/uploads\\\/2026\\\/02\\\/5471831705.jpg\",\"width\":1024,\"height\":1024},{\"@type\":\"BreadcrumbList\",\"@id\":\"https:\\\/\\\/schweizversand.ch\\\/fr\\\/produkt\\\/trespass-keynote-herren-mikrofleece-pullover-2\\\/#breadcrumb\",\"itemListElement\":[{\"@type\":\"ListItem\",\"position\":1,\"name\":\"Startseite\",\"item\":\"https:\\\/\\\/schweizversand.ch\\\/fr\\\/\"},{\"@type\":\"ListItem\",\"position\":2,\"name\":\"Boutique\",\"item\":\"https:\\\/\\\/schweizversand.ch\\\/fr\\\/boutique\\\/\"},{\"@type\":\"ListItem\",\"position\":3,\"name\":\"Pull en microfibre polaire Trespass KEYNOTE pour homme\"}]},{\"@type\":\"WebSite\",\"@id\":\"https:\\\/\\\/schweizversand.ch\\\/fr\\\/#website\",\"url\":\"https:\\\/\\\/schweizversand.ch\\\/fr\\\/\",\"name\":\"Schweizer Shop f\u00fcr Sport, Spiel und Freizeit\",\"description\":\"Gratisversand ab 50.- (netto), ab eigenem schweizer Lager, Lieferung innert 48h\",\"publisher\":{\"@id\":\"https:\\\/\\\/schweizversand.ch\\\/fr\\\/#organization\"},\"alternateName\":\"Schweizversand.ch\",\"potentialAction\":[{\"@type\":\"SearchAction\",\"target\":{\"@type\":\"EntryPoint\",\"urlTemplate\":\"https:\\\/\\\/schweizversand.ch\\\/fr\\\/?s={search_term_string}\"},\"query-input\":{\"@type\":\"PropertyValueSpecification\",\"valueRequired\":true,\"valueName\":\"search_term_string\"}}],\"inLanguage\":\"fr-FR\"},{\"@type\":\"Organization\",\"@id\":\"https:\\\/\\\/schweizversand.ch\\\/fr\\\/#organization\",\"name\":\"Schweizversand.ch\",\"url\":\"https:\\\/\\\/schweizversand.ch\\\/fr\\\/\",\"logo\":{\"@type\":\"ImageObject\",\"inLanguage\":\"fr-FR\",\"@id\":\"https:\\\/\\\/schweizversand.ch\\\/fr\\\/#\\\/schema\\\/logo\\\/image\\\/\",\"url\":\"https:\\\/\\\/schweizversand.ch\\\/wp-content\\\/uploads\\\/2026\\\/03\\\/Logo_Rund_Final-1.png\",\"contentUrl\":\"https:\\\/\\\/schweizversand.ch\\\/wp-content\\\/uploads\\\/2026\\\/03\\\/Logo_Rund_Final-1.png\",\"width\":404,\"height\":404,\"caption\":\"Schweizversand.ch\"},\"image\":{\"@id\":\"https:\\\/\\\/schweizversand.ch\\\/fr\\\/#\\\/schema\\\/logo\\\/image\\\/\"},\"sameAs\":[\"https:\\\/\\\/www.facebook.com\\\/Schweizversand\",\"https:\\\/\\\/www.instagram.com\\\/schweizversand.ch\\\/\"]}]}<\/script>\n<!-- \/ Yoast SEO plugin. -->","yoast_head_json":{"title":"Trespass KEYNOTE - Herren Mikrofleece Pullover","description":"Entdecken Sie die perfekte Kombination aus Komfort und Funktionalit\u00e4t mit unserem hochwertigen Mikro-Fleece-Pullover. Ausgestattet mit kontrastierenden Eins\u00e4tze","robots":{"index":"index","follow":"follow","max-snippet":"max-snippet:-1","max-image-preview":"max-image-preview:large","max-video-preview":"max-video-preview:-1"},"canonical":"https:\/\/schweizversand.ch\/fr\/produkt\/trespass-keynote-herren-mikrofleece-pullover-2\/","og_locale":"fr_FR","og_type":"article","og_title":"Trespass KEYNOTE - Herren Mikrofleece Pullover","og_description":"Entdecken Sie die perfekte Kombination aus Komfort und Funktionalit\u00e4t mit unserem hochwertigen Mikro-Fleece-Pullover. Ausgestattet mit kontrastierenden Eins\u00e4tze","og_url":"https:\/\/schweizversand.ch\/fr\/produkt\/trespass-keynote-herren-mikrofleece-pullover-2\/","og_site_name":"Schweizer Shop f\u00fcr Sport, Spiel und Freizeit","article_publisher":"https:\/\/www.facebook.com\/Schweizversand","article_modified_time":"2026-04-08T13:34:19+00:00","og_image":[{"width":1024,"height":1024,"url":"https:\/\/schweizversand.ch\/wp-content\/uploads\/2026\/02\/5471831705.jpg","type":"image\/jpeg"}],"twitter_card":"summary_large_image","twitter_misc":{"Dur\u00e9e de lecture estim\u00e9e":"1 minute"},"schema":{"@context":"https:\/\/schema.org","@graph":[{"@type":"WebPage","@id":"https:\/\/schweizversand.ch\/fr\/produkt\/trespass-keynote-herren-mikrofleece-pullover-2\/","url":"https:\/\/schweizversand.ch\/fr\/produkt\/trespass-keynote-herren-mikrofleece-pullover-2\/","name":"Trespass KEYNOTE - Herren Mikrofleece Pullover","isPartOf":{"@id":"https:\/\/schweizversand.ch\/fr\/#website"},"primaryImageOfPage":{"@id":"https:\/\/schweizversand.ch\/fr\/produkt\/trespass-keynote-herren-mikrofleece-pullover-2\/#primaryimage"},"image":{"@id":"https:\/\/schweizversand.ch\/fr\/produkt\/trespass-keynote-herren-mikrofleece-pullover-2\/#primaryimage"},"thumbnailUrl":"https:\/\/schweizversand.ch\/wp-content\/uploads\/2026\/02\/5471831705.jpg","datePublished":"2026-03-14T23:56:29+00:00","dateModified":"2026-04-08T13:34:19+00:00","description":"Entdecken Sie die perfekte Kombination aus Komfort und Funktionalit\u00e4t mit unserem hochwertigen Mikro-Fleece-Pullover. Ausgestattet mit kontrastierenden Eins\u00e4tze","breadcrumb":{"@id":"https:\/\/schweizversand.ch\/fr\/produkt\/trespass-keynote-herren-mikrofleece-pullover-2\/#breadcrumb"},"inLanguage":"fr-FR","potentialAction":[{"@type":"ReadAction","target":["https:\/\/schweizversand.ch\/fr\/produkt\/trespass-keynote-herren-mikrofleece-pullover-2\/"]}]},{"@type":"ImageObject","inLanguage":"fr-FR","@id":"https:\/\/schweizversand.ch\/fr\/produkt\/trespass-keynote-herren-mikrofleece-pullover-2\/#primaryimage","url":"https:\/\/schweizversand.ch\/wp-content\/uploads\/2026\/02\/5471831705.jpg","contentUrl":"https:\/\/schweizversand.ch\/wp-content\/uploads\/2026\/02\/5471831705.jpg","width":1024,"height":1024},{"@type":"BreadcrumbList","@id":"https:\/\/schweizversand.ch\/fr\/produkt\/trespass-keynote-herren-mikrofleece-pullover-2\/#breadcrumb","itemListElement":[{"@type":"ListItem","position":1,"name":"Startseite","item":"https:\/\/schweizversand.ch\/fr\/"},{"@type":"ListItem","position":2,"name":"Boutique","item":"https:\/\/schweizversand.ch\/fr\/boutique\/"},{"@type":"ListItem","position":3,"name":"Pull en microfibre polaire Trespass KEYNOTE pour homme"}]},{"@type":"WebSite","@id":"https:\/\/schweizversand.ch\/fr\/#website","url":"https:\/\/schweizversand.ch\/fr\/","name":"Schweizer Shop f\u00fcr Sport, Spiel und Freizeit","description":"Gratisversand ab 50.- (netto), ab eigenem schweizer Lager, Lieferung innert 48h","publisher":{"@id":"https:\/\/schweizversand.ch\/fr\/#organization"},"alternateName":"Schweizversand.ch","potentialAction":[{"@type":"SearchAction","target":{"@type":"EntryPoint","urlTemplate":"https:\/\/schweizversand.ch\/fr\/?s={search_term_string}"},"query-input":{"@type":"PropertyValueSpecification","valueRequired":true,"valueName":"search_term_string"}}],"inLanguage":"fr-FR"},{"@type":"Organization","@id":"https:\/\/schweizversand.ch\/fr\/#organization","name":"Schweizversand.ch","url":"https:\/\/schweizversand.ch\/fr\/","logo":{"@type":"ImageObject","inLanguage":"fr-FR","@id":"https:\/\/schweizversand.ch\/fr\/#\/schema\/logo\/image\/","url":"https:\/\/schweizversand.ch\/wp-content\/uploads\/2026\/03\/Logo_Rund_Final-1.png","contentUrl":"https:\/\/schweizversand.ch\/wp-content\/uploads\/2026\/03\/Logo_Rund_Final-1.png","width":404,"height":404,"caption":"Schweizversand.ch"},"image":{"@id":"https:\/\/schweizversand.ch\/fr\/#\/schema\/logo\/image\/"},"sameAs":["https:\/\/www.facebook.com\/Schweizversand","https:\/\/www.instagram.com\/schweizversand.ch\/"]}]}},"jetpack_sharing_enabled":true,"_links":{"self":[{"href":"https:\/\/schweizversand.ch\/fr\/wp-json\/wp\/v2\/product\/260171","targetHints":{"allow":["GET"]}}],"collection":[{"href":"https:\/\/schweizversand.ch\/fr\/wp-json\/wp\/v2\/product"}],"about":[{"href":"https:\/\/schweizversand.ch\/fr\/wp-json\/wp\/v2\/types\/product"}],"replies":[{"embeddable":true,"href":"https:\/\/schweizversand.ch\/fr\/wp-json\/wp\/v2\/comments?post=260171"}],"wp:featuredmedia":[{"embeddable":true,"href":"https:\/\/schweizversand.ch\/fr\/wp-json\/wp\/v2\/media\/162716"}],"wp:attachment":[{"href":"https:\/\/schweizversand.ch\/fr\/wp-json\/wp\/v2\/media?parent=260171"}],"wp:term":[{"taxonomy":"product_brand","embeddable":true,"href":"https:\/\/schweizversand.ch\/fr\/wp-json\/wp\/v2\/product_brand?post=260171"},{"taxonomy":"product_cat","embeddable":true,"href":"https:\/\/schweizversand.ch\/fr\/wp-json\/wp\/v2\/product_cat?post=260171"},{"taxonomy":"product_tag","embeddable":true,"href":"https:\/\/schweizversand.ch\/fr\/wp-json\/wp\/v2\/product_tag?post=260171"}],"curies":[{"name":"wp","href":"https:\/\/api.w.org\/{rel}","templated":true}]}}