{"id":260175,"date":"2026-03-20T02:01:05","date_gmt":"2026-03-20T01:01:05","guid":{"rendered":"https:\/\/schweizversand.ch\/produkt\/trespass-snoozefest-reisekissen-3\/"},"modified":"2026-04-12T02:07:26","modified_gmt":"2026-04-12T00:07:26","slug":"trespass-snoozefest-reisekissen-3","status":"publish","type":"product","link":"https:\/\/schweizversand.ch\/fr\/produkt\/trespass-snoozefest-reisekissen-3\/","title":{"rendered":"Oreiller de voyage Trespass SNOOZEFEST"},"content":{"rendered":"<p>Si vous voyagez fr\u00e9quemment en avion ou faites r\u00e9guli\u00e8rement de longs trajets,<\/p>\n<\/p>\n<p>vous savez combien il est important d&rsquo;\u00eatre \u00e0 l&rsquo;aise.<\/p>\n<\/p>\n<p>C&rsquo;est l\u00e0 que notre oreiller de voyage Snoozefest devient un compagnon de voyage indispensable<\/p>\n<\/p>\n<p>lors de votre prochain voyage.<\/p>\n<\/p>\n<p>Gr\u00e2ce \u00e0 son garnissage l\u00e9ger en fibres creuses, le Snoozefest est doux et chaud et<\/p>\n<\/p>\n<p>il se compresse facilement et se range dans sa propre poche une fois que vous avez termin\u00e9.<\/p>\n<\/p>\n<p>Ainsi, vous pouvez simplement le glisser dans votre bagage cabine.<\/p>\n<\/p>\n<p>Il est \u00e9galement id\u00e9al pour les campeurs qui souhaitent un confort suppl\u00e9mentaire dans leur sac de couchage.<\/p>\n<\/p>\n<p>Parfait pour les enfants et les adultes.<\/p>\n<\/p>\n<p>80 % polyester<\/p>\n<\/p>\n<p>20 % coton<\/p>\n<\/p>\n<p>Garnissage : 100 % polyester<\/p>\n","protected":false},"excerpt":{"rendered":"<p>Trespass SNOOZEFEST Reisekissen bietet weichen, warmen Komfort mit leichter Hohlfaserf\u00fcllung. Kompakt verstaubar und ideal f\u00fcr Flug, Camping und lange Reisen.<\/p>\n","protected":false},"featured_media":258299,"comment_status":"open","ping_status":"closed","template":"","meta":[],"product_brand":[],"product_cat":[38863],"product_tag":[],"class_list":{"0":"post-260175","1":"product","2":"type-product","3":"status-publish","4":"has-post-thumbnail","6":"product_cat-reisekissen","7":"product_shipping_class-global_methods","9":"first","10":"instock","11":"taxable","12":"shipping-taxable","13":"purchasable","14":"product-type-simple"},"yoast_head":"<!-- This site is optimized with the Yoast SEO plugin v27.3 - https:\/\/yoast.com\/product\/yoast-seo-wordpress\/ -->\n<title>Trespass SNOOZEFEST Reisekissen<\/title>\n<meta name=\"description\" content=\"Wenn Sie ein Vielflieger sind oder regelm\u00e4ssig lange Reisen unternehmen, \u00a0 wissen Sie, dass es wichtig ist, dass Sie sich wohlf\u00fchlen.\u00a0 Hier wird unser Snoozef\" \/>\n<meta name=\"robots\" content=\"index, follow, max-snippet:-1, max-image-preview:large, max-video-preview:-1\" \/>\n<link rel=\"canonical\" href=\"https:\/\/schweizversand.ch\/fr\/produkt\/trespass-snoozefest-reisekissen-3\/\" \/>\n<meta property=\"og:locale\" content=\"fr_FR\" \/>\n<meta property=\"og:type\" content=\"article\" \/>\n<meta property=\"og:title\" content=\"Trespass SNOOZEFEST Reisekissen\" \/>\n<meta property=\"og:description\" content=\"Wenn Sie ein Vielflieger sind oder regelm\u00e4ssig lange Reisen unternehmen, \u00a0 wissen Sie, dass es wichtig ist, dass Sie sich wohlf\u00fchlen.\u00a0 Hier wird unser Snoozef\" \/>\n<meta property=\"og:url\" content=\"https:\/\/schweizversand.ch\/fr\/produkt\/trespass-snoozefest-reisekissen-3\/\" \/>\n<meta property=\"og:site_name\" content=\"Schweizer Shop f\u00fcr Sport, Spiel und Freizeit\" \/>\n<meta property=\"article:publisher\" content=\"https:\/\/www.facebook.com\/Schweizversand\" \/>\n<meta property=\"article:modified_time\" content=\"2026-04-12T00:07:26+00:00\" \/>\n<meta property=\"og:image\" content=\"https:\/\/schweizversand.ch\/wp-content\/uploads\/2026\/03\/5471545362.jpg\" \/>\n\t<meta property=\"og:image:width\" content=\"1024\" \/>\n\t<meta property=\"og:image:height\" content=\"1024\" \/>\n\t<meta property=\"og:image:type\" content=\"image\/jpeg\" \/>\n<meta name=\"twitter:card\" content=\"summary_large_image\" \/>\n<meta name=\"twitter:label1\" content=\"Dur\u00e9e de lecture estim\u00e9e\" \/>\n\t<meta name=\"twitter:data1\" content=\"1 minute\" \/>\n<script type=\"application\/ld+json\" class=\"yoast-schema-graph\">{\"@context\":\"https:\\\/\\\/schema.org\",\"@graph\":[{\"@type\":\"WebPage\",\"@id\":\"https:\\\/\\\/schweizversand.ch\\\/fr\\\/produkt\\\/trespass-snoozefest-reisekissen-3\\\/\",\"url\":\"https:\\\/\\\/schweizversand.ch\\\/fr\\\/produkt\\\/trespass-snoozefest-reisekissen-3\\\/\",\"name\":\"Trespass SNOOZEFEST Reisekissen\",\"isPartOf\":{\"@id\":\"https:\\\/\\\/schweizversand.ch\\\/fr\\\/#website\"},\"primaryImageOfPage\":{\"@id\":\"https:\\\/\\\/schweizversand.ch\\\/fr\\\/produkt\\\/trespass-snoozefest-reisekissen-3\\\/#primaryimage\"},\"image\":{\"@id\":\"https:\\\/\\\/schweizversand.ch\\\/fr\\\/produkt\\\/trespass-snoozefest-reisekissen-3\\\/#primaryimage\"},\"thumbnailUrl\":\"https:\\\/\\\/schweizversand.ch\\\/wp-content\\\/uploads\\\/2026\\\/03\\\/5471545362.jpg\",\"datePublished\":\"2026-03-20T01:01:05+00:00\",\"dateModified\":\"2026-04-12T00:07:26+00:00\",\"description\":\"Wenn Sie ein Vielflieger sind oder regelm\u00e4ssig lange Reisen unternehmen, \u00a0 wissen Sie, dass es wichtig ist, dass Sie sich wohlf\u00fchlen.\u00a0 Hier wird unser Snoozef\",\"breadcrumb\":{\"@id\":\"https:\\\/\\\/schweizversand.ch\\\/fr\\\/produkt\\\/trespass-snoozefest-reisekissen-3\\\/#breadcrumb\"},\"inLanguage\":\"fr-FR\",\"potentialAction\":[{\"@type\":\"ReadAction\",\"target\":[\"https:\\\/\\\/schweizversand.ch\\\/fr\\\/produkt\\\/trespass-snoozefest-reisekissen-3\\\/\"]}]},{\"@type\":\"ImageObject\",\"inLanguage\":\"fr-FR\",\"@id\":\"https:\\\/\\\/schweizversand.ch\\\/fr\\\/produkt\\\/trespass-snoozefest-reisekissen-3\\\/#primaryimage\",\"url\":\"https:\\\/\\\/schweizversand.ch\\\/wp-content\\\/uploads\\\/2026\\\/03\\\/5471545362.jpg\",\"contentUrl\":\"https:\\\/\\\/schweizversand.ch\\\/wp-content\\\/uploads\\\/2026\\\/03\\\/5471545362.jpg\",\"width\":1024,\"height\":1024},{\"@type\":\"BreadcrumbList\",\"@id\":\"https:\\\/\\\/schweizversand.ch\\\/fr\\\/produkt\\\/trespass-snoozefest-reisekissen-3\\\/#breadcrumb\",\"itemListElement\":[{\"@type\":\"ListItem\",\"position\":1,\"name\":\"Startseite\",\"item\":\"https:\\\/\\\/schweizversand.ch\\\/fr\\\/\"},{\"@type\":\"ListItem\",\"position\":2,\"name\":\"Boutique\",\"item\":\"https:\\\/\\\/schweizversand.ch\\\/fr\\\/boutique\\\/\"},{\"@type\":\"ListItem\",\"position\":3,\"name\":\"Oreiller de voyage Trespass SNOOZEFEST\"}]},{\"@type\":\"WebSite\",\"@id\":\"https:\\\/\\\/schweizversand.ch\\\/fr\\\/#website\",\"url\":\"https:\\\/\\\/schweizversand.ch\\\/fr\\\/\",\"name\":\"Schweizer Shop f\u00fcr Sport, Spiel und Freizeit\",\"description\":\"Gratisversand ab 50.- (netto), ab eigenem schweizer Lager, Lieferung innert 48h\",\"publisher\":{\"@id\":\"https:\\\/\\\/schweizversand.ch\\\/fr\\\/#organization\"},\"alternateName\":\"Schweizversand.ch\",\"potentialAction\":[{\"@type\":\"SearchAction\",\"target\":{\"@type\":\"EntryPoint\",\"urlTemplate\":\"https:\\\/\\\/schweizversand.ch\\\/fr\\\/?s={search_term_string}\"},\"query-input\":{\"@type\":\"PropertyValueSpecification\",\"valueRequired\":true,\"valueName\":\"search_term_string\"}}],\"inLanguage\":\"fr-FR\"},{\"@type\":\"Organization\",\"@id\":\"https:\\\/\\\/schweizversand.ch\\\/fr\\\/#organization\",\"name\":\"Schweizversand.ch\",\"url\":\"https:\\\/\\\/schweizversand.ch\\\/fr\\\/\",\"logo\":{\"@type\":\"ImageObject\",\"inLanguage\":\"fr-FR\",\"@id\":\"https:\\\/\\\/schweizversand.ch\\\/fr\\\/#\\\/schema\\\/logo\\\/image\\\/\",\"url\":\"https:\\\/\\\/schweizversand.ch\\\/wp-content\\\/uploads\\\/2026\\\/03\\\/Logo_Rund_Final-1.png\",\"contentUrl\":\"https:\\\/\\\/schweizversand.ch\\\/wp-content\\\/uploads\\\/2026\\\/03\\\/Logo_Rund_Final-1.png\",\"width\":404,\"height\":404,\"caption\":\"Schweizversand.ch\"},\"image\":{\"@id\":\"https:\\\/\\\/schweizversand.ch\\\/fr\\\/#\\\/schema\\\/logo\\\/image\\\/\"},\"sameAs\":[\"https:\\\/\\\/www.facebook.com\\\/Schweizversand\",\"https:\\\/\\\/www.instagram.com\\\/schweizversand.ch\\\/\"]}]}<\/script>\n<!-- \/ Yoast SEO plugin. -->","yoast_head_json":{"title":"Trespass SNOOZEFEST Reisekissen","description":"Wenn Sie ein Vielflieger sind oder regelm\u00e4ssig lange Reisen unternehmen, \u00a0 wissen Sie, dass es wichtig ist, dass Sie sich wohlf\u00fchlen.\u00a0 Hier wird unser Snoozef","robots":{"index":"index","follow":"follow","max-snippet":"max-snippet:-1","max-image-preview":"max-image-preview:large","max-video-preview":"max-video-preview:-1"},"canonical":"https:\/\/schweizversand.ch\/fr\/produkt\/trespass-snoozefest-reisekissen-3\/","og_locale":"fr_FR","og_type":"article","og_title":"Trespass SNOOZEFEST Reisekissen","og_description":"Wenn Sie ein Vielflieger sind oder regelm\u00e4ssig lange Reisen unternehmen, \u00a0 wissen Sie, dass es wichtig ist, dass Sie sich wohlf\u00fchlen.\u00a0 Hier wird unser Snoozef","og_url":"https:\/\/schweizversand.ch\/fr\/produkt\/trespass-snoozefest-reisekissen-3\/","og_site_name":"Schweizer Shop f\u00fcr Sport, Spiel und Freizeit","article_publisher":"https:\/\/www.facebook.com\/Schweizversand","article_modified_time":"2026-04-12T00:07:26+00:00","og_image":[{"width":1024,"height":1024,"url":"https:\/\/schweizversand.ch\/wp-content\/uploads\/2026\/03\/5471545362.jpg","type":"image\/jpeg"}],"twitter_card":"summary_large_image","twitter_misc":{"Dur\u00e9e de lecture estim\u00e9e":"1 minute"},"schema":{"@context":"https:\/\/schema.org","@graph":[{"@type":"WebPage","@id":"https:\/\/schweizversand.ch\/fr\/produkt\/trespass-snoozefest-reisekissen-3\/","url":"https:\/\/schweizversand.ch\/fr\/produkt\/trespass-snoozefest-reisekissen-3\/","name":"Trespass SNOOZEFEST Reisekissen","isPartOf":{"@id":"https:\/\/schweizversand.ch\/fr\/#website"},"primaryImageOfPage":{"@id":"https:\/\/schweizversand.ch\/fr\/produkt\/trespass-snoozefest-reisekissen-3\/#primaryimage"},"image":{"@id":"https:\/\/schweizversand.ch\/fr\/produkt\/trespass-snoozefest-reisekissen-3\/#primaryimage"},"thumbnailUrl":"https:\/\/schweizversand.ch\/wp-content\/uploads\/2026\/03\/5471545362.jpg","datePublished":"2026-03-20T01:01:05+00:00","dateModified":"2026-04-12T00:07:26+00:00","description":"Wenn Sie ein Vielflieger sind oder regelm\u00e4ssig lange Reisen unternehmen, \u00a0 wissen Sie, dass es wichtig ist, dass Sie sich wohlf\u00fchlen.\u00a0 Hier wird unser Snoozef","breadcrumb":{"@id":"https:\/\/schweizversand.ch\/fr\/produkt\/trespass-snoozefest-reisekissen-3\/#breadcrumb"},"inLanguage":"fr-FR","potentialAction":[{"@type":"ReadAction","target":["https:\/\/schweizversand.ch\/fr\/produkt\/trespass-snoozefest-reisekissen-3\/"]}]},{"@type":"ImageObject","inLanguage":"fr-FR","@id":"https:\/\/schweizversand.ch\/fr\/produkt\/trespass-snoozefest-reisekissen-3\/#primaryimage","url":"https:\/\/schweizversand.ch\/wp-content\/uploads\/2026\/03\/5471545362.jpg","contentUrl":"https:\/\/schweizversand.ch\/wp-content\/uploads\/2026\/03\/5471545362.jpg","width":1024,"height":1024},{"@type":"BreadcrumbList","@id":"https:\/\/schweizversand.ch\/fr\/produkt\/trespass-snoozefest-reisekissen-3\/#breadcrumb","itemListElement":[{"@type":"ListItem","position":1,"name":"Startseite","item":"https:\/\/schweizversand.ch\/fr\/"},{"@type":"ListItem","position":2,"name":"Boutique","item":"https:\/\/schweizversand.ch\/fr\/boutique\/"},{"@type":"ListItem","position":3,"name":"Oreiller de voyage Trespass SNOOZEFEST"}]},{"@type":"WebSite","@id":"https:\/\/schweizversand.ch\/fr\/#website","url":"https:\/\/schweizversand.ch\/fr\/","name":"Schweizer Shop f\u00fcr Sport, Spiel und Freizeit","description":"Gratisversand ab 50.- (netto), ab eigenem schweizer Lager, Lieferung innert 48h","publisher":{"@id":"https:\/\/schweizversand.ch\/fr\/#organization"},"alternateName":"Schweizversand.ch","potentialAction":[{"@type":"SearchAction","target":{"@type":"EntryPoint","urlTemplate":"https:\/\/schweizversand.ch\/fr\/?s={search_term_string}"},"query-input":{"@type":"PropertyValueSpecification","valueRequired":true,"valueName":"search_term_string"}}],"inLanguage":"fr-FR"},{"@type":"Organization","@id":"https:\/\/schweizversand.ch\/fr\/#organization","name":"Schweizversand.ch","url":"https:\/\/schweizversand.ch\/fr\/","logo":{"@type":"ImageObject","inLanguage":"fr-FR","@id":"https:\/\/schweizversand.ch\/fr\/#\/schema\/logo\/image\/","url":"https:\/\/schweizversand.ch\/wp-content\/uploads\/2026\/03\/Logo_Rund_Final-1.png","contentUrl":"https:\/\/schweizversand.ch\/wp-content\/uploads\/2026\/03\/Logo_Rund_Final-1.png","width":404,"height":404,"caption":"Schweizversand.ch"},"image":{"@id":"https:\/\/schweizversand.ch\/fr\/#\/schema\/logo\/image\/"},"sameAs":["https:\/\/www.facebook.com\/Schweizversand","https:\/\/www.instagram.com\/schweizversand.ch\/"]}]}},"jetpack_sharing_enabled":true,"_links":{"self":[{"href":"https:\/\/schweizversand.ch\/fr\/wp-json\/wp\/v2\/product\/260175","targetHints":{"allow":["GET"]}}],"collection":[{"href":"https:\/\/schweizversand.ch\/fr\/wp-json\/wp\/v2\/product"}],"about":[{"href":"https:\/\/schweizversand.ch\/fr\/wp-json\/wp\/v2\/types\/product"}],"replies":[{"embeddable":true,"href":"https:\/\/schweizversand.ch\/fr\/wp-json\/wp\/v2\/comments?post=260175"}],"wp:featuredmedia":[{"embeddable":true,"href":"https:\/\/schweizversand.ch\/fr\/wp-json\/wp\/v2\/media\/258299"}],"wp:attachment":[{"href":"https:\/\/schweizversand.ch\/fr\/wp-json\/wp\/v2\/media?parent=260175"}],"wp:term":[{"taxonomy":"product_brand","embeddable":true,"href":"https:\/\/schweizversand.ch\/fr\/wp-json\/wp\/v2\/product_brand?post=260175"},{"taxonomy":"product_cat","embeddable":true,"href":"https:\/\/schweizversand.ch\/fr\/wp-json\/wp\/v2\/product_cat?post=260175"},{"taxonomy":"product_tag","embeddable":true,"href":"https:\/\/schweizversand.ch\/fr\/wp-json\/wp\/v2\/product_tag?post=260175"}],"curies":[{"name":"wp","href":"https:\/\/api.w.org\/{rel}","templated":true}]}}