{"id":260183,"date":"2026-03-15T00:56:31","date_gmt":"2026-03-14T23:56:31","guid":{"rendered":"https:\/\/schweizversand.ch\/produkt\/trespass-glow-worm-led-taschen-und-haengelampe\/"},"modified":"2026-04-20T15:34:52","modified_gmt":"2026-04-20T13:34:52","slug":"trespass-glow-worm-led-taschen-und-haengelampe","status":"publish","type":"product","link":"https:\/\/schweizversand.ch\/fr\/produkt\/trespass-glow-worm-led-taschen-und-haengelampe\/","title":{"rendered":"Lampe torche LED Trespass GLOW WORM et lampe suspendue"},"content":{"rendered":"<p>La lampe torche GLOW WORM est un outil polyvalent et pratique pour les aventures en plein air ou un usage quotidien. Elle fonctionne comme une lampe torche classique et peut \u00e9galement servir de lampe suspendue \u2013 id\u00e9ale pour le camping, la randonn\u00e9e ou comme lampe de secours.<\/p>\n<\/p>\n<p>Voici un r\u00e9sum\u00e9 de ses caract\u00e9ristiques\u00a0:<\/p>\n<\/p>\n<p>\u2022 Mousqueton int\u00e9gr\u00e9 pour une suspension facile<\/p>\n<\/p>\n<p>\u2022 Utilisable comme lampe torche portable ou lampe suspendue<\/p>\n<\/p>\n<p>\u2022 Piles requises\u00a0: 3 piles AAA (non fournies)<\/p>\n<\/p>\n<p>\u2022 Dimensions\u00a0: 11 x 5,5 x 5,5 cm<\/p>\n<\/p>\n<p>\u2022 Couleurs\u00a0: Rouge ou bleu (couleur al\u00e9atoire selon disponibilit\u00e9)<\/p>\n<\/p>\n<p>La couleur ne peut \u00eatre choisie. Les couleurs seront exp\u00e9di\u00e9es de mani\u00e8re al\u00e9atoire, selon la disponibilit\u00e9.<\/p>\n<\/p>\n<p>Prix unitaire<\/p>\n","protected":false},"excerpt":{"rendered":"<p>Trespass GLOW WORM \u2013 vielseitige LED-Taschen- und H\u00e4ngelampe mit Karabiner, ideal f\u00fcr Outdoor-Abenteuer und Notf\u00e4lle. Kompakt, praktisch und immer einsatzbereit.<\/p>\n","protected":false},"featured_media":162835,"comment_status":"open","ping_status":"closed","template":"","meta":[],"product_brand":[],"product_cat":[38126],"product_tag":[],"class_list":{"0":"post-260183","1":"product","2":"type-product","3":"status-publish","4":"has-post-thumbnail","6":"product_cat-camping","7":"product_shipping_class-global_methods","9":"first","10":"instock","11":"taxable","12":"shipping-taxable","13":"purchasable","14":"product-type-simple"},"yoast_head":"<!-- This site is optimized with the Yoast SEO plugin v27.4 - https:\/\/yoast.com\/product\/yoast-seo-wordpress\/ -->\n<title>Trespass GLOW WORM - LED Taschen- und H\u00e4ngelampe<\/title>\n<meta name=\"description\" content=\"Die GLOW WORM Taschenlampe ist ein vielseitiges und praktisches Tool f\u00fcr Outdoor-Abenteuer oder den t\u00e4glichen Gebrauch. Sie bietet die Funktion einer normalen T\" \/>\n<meta name=\"robots\" content=\"index, follow, max-snippet:-1, max-image-preview:large, max-video-preview:-1\" \/>\n<link rel=\"canonical\" href=\"https:\/\/schweizversand.ch\/fr\/produkt\/trespass-glow-worm-led-taschen-und-haengelampe\/\" \/>\n<meta property=\"og:locale\" content=\"fr_FR\" \/>\n<meta property=\"og:type\" content=\"article\" \/>\n<meta property=\"og:title\" content=\"Trespass GLOW WORM - LED Taschen- und H\u00e4ngelampe\" \/>\n<meta property=\"og:description\" content=\"Die GLOW WORM Taschenlampe ist ein vielseitiges und praktisches Tool f\u00fcr Outdoor-Abenteuer oder den t\u00e4glichen Gebrauch. Sie bietet die Funktion einer normalen T\" \/>\n<meta property=\"og:url\" content=\"https:\/\/schweizversand.ch\/fr\/produkt\/trespass-glow-worm-led-taschen-und-haengelampe\/\" \/>\n<meta property=\"og:site_name\" content=\"Schweizer Shop f\u00fcr Sport, Spiel und Freizeit\" \/>\n<meta property=\"article:publisher\" content=\"https:\/\/www.facebook.com\/Schweizversand\" \/>\n<meta property=\"article:modified_time\" content=\"2026-04-20T13:34:52+00:00\" \/>\n<meta property=\"og:image\" content=\"https:\/\/schweizversand.ch\/wp-content\/uploads\/2026\/02\/5471533396.jpg\" \/>\n\t<meta property=\"og:image:width\" content=\"586\" \/>\n\t<meta property=\"og:image:height\" content=\"1024\" \/>\n\t<meta property=\"og:image:type\" content=\"image\/jpeg\" \/>\n<meta name=\"twitter:card\" content=\"summary_large_image\" \/>\n<meta name=\"twitter:label1\" content=\"Dur\u00e9e de lecture estim\u00e9e\" \/>\n\t<meta name=\"twitter:data1\" content=\"1 minute\" \/>\n<script type=\"application\/ld+json\" class=\"yoast-schema-graph\">{\"@context\":\"https:\\\/\\\/schema.org\",\"@graph\":[{\"@type\":\"WebPage\",\"@id\":\"https:\\\/\\\/schweizversand.ch\\\/fr\\\/produkt\\\/trespass-glow-worm-led-taschen-und-haengelampe\\\/\",\"url\":\"https:\\\/\\\/schweizversand.ch\\\/fr\\\/produkt\\\/trespass-glow-worm-led-taschen-und-haengelampe\\\/\",\"name\":\"Trespass GLOW WORM - LED Taschen- und H\u00e4ngelampe\",\"isPartOf\":{\"@id\":\"https:\\\/\\\/schweizversand.ch\\\/fr\\\/#website\"},\"primaryImageOfPage\":{\"@id\":\"https:\\\/\\\/schweizversand.ch\\\/fr\\\/produkt\\\/trespass-glow-worm-led-taschen-und-haengelampe\\\/#primaryimage\"},\"image\":{\"@id\":\"https:\\\/\\\/schweizversand.ch\\\/fr\\\/produkt\\\/trespass-glow-worm-led-taschen-und-haengelampe\\\/#primaryimage\"},\"thumbnailUrl\":\"https:\\\/\\\/schweizversand.ch\\\/wp-content\\\/uploads\\\/2026\\\/02\\\/5471533396.jpg\",\"datePublished\":\"2026-03-14T23:56:31+00:00\",\"dateModified\":\"2026-04-20T13:34:52+00:00\",\"description\":\"Die GLOW WORM Taschenlampe ist ein vielseitiges und praktisches Tool f\u00fcr Outdoor-Abenteuer oder den t\u00e4glichen Gebrauch. Sie bietet die Funktion einer normalen T\",\"breadcrumb\":{\"@id\":\"https:\\\/\\\/schweizversand.ch\\\/fr\\\/produkt\\\/trespass-glow-worm-led-taschen-und-haengelampe\\\/#breadcrumb\"},\"inLanguage\":\"fr-FR\",\"potentialAction\":[{\"@type\":\"ReadAction\",\"target\":[\"https:\\\/\\\/schweizversand.ch\\\/fr\\\/produkt\\\/trespass-glow-worm-led-taschen-und-haengelampe\\\/\"]}]},{\"@type\":\"ImageObject\",\"inLanguage\":\"fr-FR\",\"@id\":\"https:\\\/\\\/schweizversand.ch\\\/fr\\\/produkt\\\/trespass-glow-worm-led-taschen-und-haengelampe\\\/#primaryimage\",\"url\":\"https:\\\/\\\/schweizversand.ch\\\/wp-content\\\/uploads\\\/2026\\\/02\\\/5471533396.jpg\",\"contentUrl\":\"https:\\\/\\\/schweizversand.ch\\\/wp-content\\\/uploads\\\/2026\\\/02\\\/5471533396.jpg\",\"width\":586,\"height\":1024},{\"@type\":\"BreadcrumbList\",\"@id\":\"https:\\\/\\\/schweizversand.ch\\\/fr\\\/produkt\\\/trespass-glow-worm-led-taschen-und-haengelampe\\\/#breadcrumb\",\"itemListElement\":[{\"@type\":\"ListItem\",\"position\":1,\"name\":\"Startseite\",\"item\":\"https:\\\/\\\/schweizversand.ch\\\/fr\\\/home\\\/\"},{\"@type\":\"ListItem\",\"position\":2,\"name\":\"Boutique\",\"item\":\"https:\\\/\\\/schweizversand.ch\\\/fr\\\/boutique\\\/\"},{\"@type\":\"ListItem\",\"position\":3,\"name\":\"Sports\",\"item\":\"https:\\\/\\\/schweizversand.ch\\\/fr\\\/produkt-kategorie\\\/sports\\\/\"},{\"@type\":\"ListItem\",\"position\":4,\"name\":\"Plein air\",\"item\":\"https:\\\/\\\/schweizversand.ch\\\/fr\\\/produkt-kategorie\\\/sports\\\/plein-air\\\/\"},{\"@type\":\"ListItem\",\"position\":5,\"name\":\"Camping\",\"item\":\"https:\\\/\\\/schweizversand.ch\\\/fr\\\/produkt-kategorie\\\/sports\\\/plein-air\\\/camping\\\/\"},{\"@type\":\"ListItem\",\"position\":6,\"name\":\"Lampe torche LED Trespass GLOW WORM et lampe suspendue\"}]},{\"@type\":\"WebSite\",\"@id\":\"https:\\\/\\\/schweizversand.ch\\\/fr\\\/#website\",\"url\":\"https:\\\/\\\/schweizversand.ch\\\/fr\\\/\",\"name\":\"Schweizer Shop f\u00fcr Sport, Spiel und Freizeit\",\"description\":\"Gratisversand ab 50.- (netto), ab eigenem schweizer Lager, Lieferung innert 48h\",\"publisher\":{\"@id\":\"https:\\\/\\\/schweizversand.ch\\\/fr\\\/#organization\"},\"alternateName\":\"Schweizversand.ch\",\"potentialAction\":[{\"@type\":\"SearchAction\",\"target\":{\"@type\":\"EntryPoint\",\"urlTemplate\":\"https:\\\/\\\/schweizversand.ch\\\/fr\\\/?s={search_term_string}\"},\"query-input\":{\"@type\":\"PropertyValueSpecification\",\"valueRequired\":true,\"valueName\":\"search_term_string\"}}],\"inLanguage\":\"fr-FR\"},{\"@type\":\"Organization\",\"@id\":\"https:\\\/\\\/schweizversand.ch\\\/fr\\\/#organization\",\"name\":\"Schweizversand.ch\",\"url\":\"https:\\\/\\\/schweizversand.ch\\\/fr\\\/\",\"logo\":{\"@type\":\"ImageObject\",\"inLanguage\":\"fr-FR\",\"@id\":\"https:\\\/\\\/schweizversand.ch\\\/fr\\\/#\\\/schema\\\/logo\\\/image\\\/\",\"url\":\"https:\\\/\\\/schweizversand.ch\\\/wp-content\\\/uploads\\\/2026\\\/03\\\/Logo_Rund_Final-1.png\",\"contentUrl\":\"https:\\\/\\\/schweizversand.ch\\\/wp-content\\\/uploads\\\/2026\\\/03\\\/Logo_Rund_Final-1.png\",\"width\":404,\"height\":404,\"caption\":\"Schweizversand.ch\"},\"image\":{\"@id\":\"https:\\\/\\\/schweizversand.ch\\\/fr\\\/#\\\/schema\\\/logo\\\/image\\\/\"},\"sameAs\":[\"https:\\\/\\\/www.facebook.com\\\/Schweizversand\",\"https:\\\/\\\/www.instagram.com\\\/schweizversand.ch\\\/\"]}]}<\/script>\n<!-- \/ Yoast SEO plugin. -->","yoast_head_json":{"title":"Trespass GLOW WORM - LED Taschen- und H\u00e4ngelampe","description":"Die GLOW WORM Taschenlampe ist ein vielseitiges und praktisches Tool f\u00fcr Outdoor-Abenteuer oder den t\u00e4glichen Gebrauch. Sie bietet die Funktion einer normalen T","robots":{"index":"index","follow":"follow","max-snippet":"max-snippet:-1","max-image-preview":"max-image-preview:large","max-video-preview":"max-video-preview:-1"},"canonical":"https:\/\/schweizversand.ch\/fr\/produkt\/trespass-glow-worm-led-taschen-und-haengelampe\/","og_locale":"fr_FR","og_type":"article","og_title":"Trespass GLOW WORM - LED Taschen- und H\u00e4ngelampe","og_description":"Die GLOW WORM Taschenlampe ist ein vielseitiges und praktisches Tool f\u00fcr Outdoor-Abenteuer oder den t\u00e4glichen Gebrauch. Sie bietet die Funktion einer normalen T","og_url":"https:\/\/schweizversand.ch\/fr\/produkt\/trespass-glow-worm-led-taschen-und-haengelampe\/","og_site_name":"Schweizer Shop f\u00fcr Sport, Spiel und Freizeit","article_publisher":"https:\/\/www.facebook.com\/Schweizversand","article_modified_time":"2026-04-20T13:34:52+00:00","og_image":[{"width":586,"height":1024,"url":"https:\/\/schweizversand.ch\/wp-content\/uploads\/2026\/02\/5471533396.jpg","type":"image\/jpeg"}],"twitter_card":"summary_large_image","twitter_misc":{"Dur\u00e9e de lecture estim\u00e9e":"1 minute"},"schema":{"@context":"https:\/\/schema.org","@graph":[{"@type":"WebPage","@id":"https:\/\/schweizversand.ch\/fr\/produkt\/trespass-glow-worm-led-taschen-und-haengelampe\/","url":"https:\/\/schweizversand.ch\/fr\/produkt\/trespass-glow-worm-led-taschen-und-haengelampe\/","name":"Trespass GLOW WORM - LED Taschen- und H\u00e4ngelampe","isPartOf":{"@id":"https:\/\/schweizversand.ch\/fr\/#website"},"primaryImageOfPage":{"@id":"https:\/\/schweizversand.ch\/fr\/produkt\/trespass-glow-worm-led-taschen-und-haengelampe\/#primaryimage"},"image":{"@id":"https:\/\/schweizversand.ch\/fr\/produkt\/trespass-glow-worm-led-taschen-und-haengelampe\/#primaryimage"},"thumbnailUrl":"https:\/\/schweizversand.ch\/wp-content\/uploads\/2026\/02\/5471533396.jpg","datePublished":"2026-03-14T23:56:31+00:00","dateModified":"2026-04-20T13:34:52+00:00","description":"Die GLOW WORM Taschenlampe ist ein vielseitiges und praktisches Tool f\u00fcr Outdoor-Abenteuer oder den t\u00e4glichen Gebrauch. Sie bietet die Funktion einer normalen T","breadcrumb":{"@id":"https:\/\/schweizversand.ch\/fr\/produkt\/trespass-glow-worm-led-taschen-und-haengelampe\/#breadcrumb"},"inLanguage":"fr-FR","potentialAction":[{"@type":"ReadAction","target":["https:\/\/schweizversand.ch\/fr\/produkt\/trespass-glow-worm-led-taschen-und-haengelampe\/"]}]},{"@type":"ImageObject","inLanguage":"fr-FR","@id":"https:\/\/schweizversand.ch\/fr\/produkt\/trespass-glow-worm-led-taschen-und-haengelampe\/#primaryimage","url":"https:\/\/schweizversand.ch\/wp-content\/uploads\/2026\/02\/5471533396.jpg","contentUrl":"https:\/\/schweizversand.ch\/wp-content\/uploads\/2026\/02\/5471533396.jpg","width":586,"height":1024},{"@type":"BreadcrumbList","@id":"https:\/\/schweizversand.ch\/fr\/produkt\/trespass-glow-worm-led-taschen-und-haengelampe\/#breadcrumb","itemListElement":[{"@type":"ListItem","position":1,"name":"Startseite","item":"https:\/\/schweizversand.ch\/fr\/home\/"},{"@type":"ListItem","position":2,"name":"Boutique","item":"https:\/\/schweizversand.ch\/fr\/boutique\/"},{"@type":"ListItem","position":3,"name":"Sports","item":"https:\/\/schweizversand.ch\/fr\/produkt-kategorie\/sports\/"},{"@type":"ListItem","position":4,"name":"Plein air","item":"https:\/\/schweizversand.ch\/fr\/produkt-kategorie\/sports\/plein-air\/"},{"@type":"ListItem","position":5,"name":"Camping","item":"https:\/\/schweizversand.ch\/fr\/produkt-kategorie\/sports\/plein-air\/camping\/"},{"@type":"ListItem","position":6,"name":"Lampe torche LED Trespass GLOW WORM et lampe suspendue"}]},{"@type":"WebSite","@id":"https:\/\/schweizversand.ch\/fr\/#website","url":"https:\/\/schweizversand.ch\/fr\/","name":"Schweizer Shop f\u00fcr Sport, Spiel und Freizeit","description":"Gratisversand ab 50.- (netto), ab eigenem schweizer Lager, Lieferung innert 48h","publisher":{"@id":"https:\/\/schweizversand.ch\/fr\/#organization"},"alternateName":"Schweizversand.ch","potentialAction":[{"@type":"SearchAction","target":{"@type":"EntryPoint","urlTemplate":"https:\/\/schweizversand.ch\/fr\/?s={search_term_string}"},"query-input":{"@type":"PropertyValueSpecification","valueRequired":true,"valueName":"search_term_string"}}],"inLanguage":"fr-FR"},{"@type":"Organization","@id":"https:\/\/schweizversand.ch\/fr\/#organization","name":"Schweizversand.ch","url":"https:\/\/schweizversand.ch\/fr\/","logo":{"@type":"ImageObject","inLanguage":"fr-FR","@id":"https:\/\/schweizversand.ch\/fr\/#\/schema\/logo\/image\/","url":"https:\/\/schweizversand.ch\/wp-content\/uploads\/2026\/03\/Logo_Rund_Final-1.png","contentUrl":"https:\/\/schweizversand.ch\/wp-content\/uploads\/2026\/03\/Logo_Rund_Final-1.png","width":404,"height":404,"caption":"Schweizversand.ch"},"image":{"@id":"https:\/\/schweizversand.ch\/fr\/#\/schema\/logo\/image\/"},"sameAs":["https:\/\/www.facebook.com\/Schweizversand","https:\/\/www.instagram.com\/schweizversand.ch\/"]}]}},"jetpack_sharing_enabled":true,"_links":{"self":[{"href":"https:\/\/schweizversand.ch\/fr\/wp-json\/wp\/v2\/product\/260183","targetHints":{"allow":["GET"]}}],"collection":[{"href":"https:\/\/schweizversand.ch\/fr\/wp-json\/wp\/v2\/product"}],"about":[{"href":"https:\/\/schweizversand.ch\/fr\/wp-json\/wp\/v2\/types\/product"}],"replies":[{"embeddable":true,"href":"https:\/\/schweizversand.ch\/fr\/wp-json\/wp\/v2\/comments?post=260183"}],"wp:featuredmedia":[{"embeddable":true,"href":"https:\/\/schweizversand.ch\/fr\/wp-json\/wp\/v2\/media\/162835"}],"wp:attachment":[{"href":"https:\/\/schweizversand.ch\/fr\/wp-json\/wp\/v2\/media?parent=260183"}],"wp:term":[{"taxonomy":"product_brand","embeddable":true,"href":"https:\/\/schweizversand.ch\/fr\/wp-json\/wp\/v2\/product_brand?post=260183"},{"taxonomy":"product_cat","embeddable":true,"href":"https:\/\/schweizversand.ch\/fr\/wp-json\/wp\/v2\/product_cat?post=260183"},{"taxonomy":"product_tag","embeddable":true,"href":"https:\/\/schweizversand.ch\/fr\/wp-json\/wp\/v2\/product_tag?post=260183"}],"curies":[{"name":"wp","href":"https:\/\/api.w.org\/{rel}","templated":true}]}}