{"id":260184,"date":"2026-03-15T00:56:31","date_gmt":"2026-03-14T23:56:31","guid":{"rendered":"https:\/\/schweizversand.ch\/produkt\/trespass-trespaws-huxley-wasserdichter-autositzbezug-fuer-haustiere\/"},"modified":"2026-04-19T15:35:41","modified_gmt":"2026-04-19T13:35:41","slug":"trespass-trespaws-huxley-wasserdichter-autositzbezug-fuer-haustiere","status":"publish","type":"product","link":"https:\/\/schweizversand.ch\/fr\/produkt\/trespass-trespaws-huxley-wasserdichter-autositzbezug-fuer-haustiere\/","title":{"rendered":"Housse de si\u00e8ge auto imperm\u00e9able pour animaux de compagnie Trespass Trespaws HUXLEY"},"content":{"rendered":"<p>Voyagez avec style gr\u00e2ce \u00e0 la housse de si\u00e8ge auto Huxley.<\/p>\n<\/p>\n<p>Pour la s\u00e9curit\u00e9 de tous, Huxley offre une protection imperm\u00e9able 2 en 1 pour vos si\u00e8ges,<\/p>\n<\/p>\n<p>et forme une barri\u00e8re entre l&rsquo;avant et l&rsquo;arri\u00e8re de la voiture.<\/p>\n<\/p>\n<p>Dimensions de la housse de si\u00e8ge auto\u00a0: 142\u00a0cm x 142\u00a0cm<\/p>\n<\/p>\n<p>Dimensions du sac\u00a0: 36\u00a0cm x 26\u00a0cm x 8\u00a0cm<\/p>\n<\/p>\n<p>Sac de transport imperm\u00e9able en tissu enduit de polyur\u00e9thane<\/p>\n<\/p>\n<p>Sac de transport imperm\u00e9able en tissu enduit de polyur\u00e9thane<\/p>\n<\/p>\n<p>Sangles d&rsquo;appui-t\u00eate amovibles<\/p>\n<\/p>\n<p>Acc\u00e8s passager<\/p>\n<\/p>\n<p>\u00c9tiquettes r\u00e9fl\u00e9chissantes en relief<\/p>\n<\/p>\n<p>Garniture en similicuir<\/p>\n<\/p>\n<p>100\u00a0% polyester Oxford 600D enduit de polyur\u00e9thane<\/p>\n","protected":false},"excerpt":{"rendered":"<p>Trespass Trespaws HUXLEY sch\u00fctzt Ihre Autositze wasserdicht und sicher mit 2-in-1 Schutz, abnehmbaren Gurten und reflektierenden Details \u2013 perfekt f\u00fcr stilvolle Haustierreisen.<\/p>\n","protected":false},"featured_media":162838,"comment_status":"open","ping_status":"closed","template":"","meta":[],"product_brand":[],"product_cat":[38821],"product_tag":[],"class_list":{"0":"post-260184","1":"product","2":"type-product","3":"status-publish","4":"has-post-thumbnail","6":"product_cat-diverses-zubehoer","7":"product_shipping_class-global_methods","9":"first","10":"instock","11":"taxable","12":"shipping-taxable","13":"purchasable","14":"product-type-simple"},"yoast_head":"<!-- This site is optimized with the Yoast SEO plugin v27.4 - https:\/\/yoast.com\/product\/yoast-seo-wordpress\/ -->\n<title>Trespass Trespaws HUXLEY - Wasserdichter Autositzbezug f\u00fcr Haustiere<\/title>\n<meta name=\"description\" content=\"Reisen Sie stilvoll mit dem Autositzbezug Huxley.\u00a0 \u00a0 \u00a0 \u00a0 Zu Sicherheit aller Beteiligten bietet Huxley einen wasserdichten 2-in-1-Schutz f\u00fcr Ihre Sitze\u00a0 \u00a0 \u00a0 \u00a0\" \/>\n<meta name=\"robots\" content=\"index, follow, max-snippet:-1, max-image-preview:large, max-video-preview:-1\" \/>\n<link rel=\"canonical\" href=\"https:\/\/schweizversand.ch\/fr\/produkt\/trespass-trespaws-huxley-wasserdichter-autositzbezug-fuer-haustiere\/\" \/>\n<meta property=\"og:locale\" content=\"fr_FR\" \/>\n<meta property=\"og:type\" content=\"article\" \/>\n<meta property=\"og:title\" content=\"Trespass Trespaws HUXLEY - Wasserdichter Autositzbezug f\u00fcr Haustiere\" \/>\n<meta property=\"og:description\" content=\"Reisen Sie stilvoll mit dem Autositzbezug Huxley.\u00a0 \u00a0 \u00a0 \u00a0 Zu Sicherheit aller Beteiligten bietet Huxley einen wasserdichten 2-in-1-Schutz f\u00fcr Ihre Sitze\u00a0 \u00a0 \u00a0 \u00a0\" \/>\n<meta property=\"og:url\" content=\"https:\/\/schweizversand.ch\/fr\/produkt\/trespass-trespaws-huxley-wasserdichter-autositzbezug-fuer-haustiere\/\" \/>\n<meta property=\"og:site_name\" content=\"Schweizer Shop f\u00fcr Sport, Spiel und Freizeit\" \/>\n<meta property=\"article:publisher\" content=\"https:\/\/www.facebook.com\/Schweizversand\" \/>\n<meta property=\"article:modified_time\" content=\"2026-04-19T13:35:41+00:00\" \/>\n<meta property=\"og:image\" content=\"https:\/\/schweizversand.ch\/wp-content\/uploads\/2026\/02\/5471527492.jpg\" \/>\n\t<meta property=\"og:image:width\" content=\"1024\" \/>\n\t<meta property=\"og:image:height\" content=\"1024\" \/>\n\t<meta property=\"og:image:type\" content=\"image\/jpeg\" \/>\n<meta name=\"twitter:card\" content=\"summary_large_image\" \/>\n<meta name=\"twitter:label1\" content=\"Dur\u00e9e de lecture estim\u00e9e\" \/>\n\t<meta name=\"twitter:data1\" content=\"1 minute\" \/>\n<script type=\"application\/ld+json\" class=\"yoast-schema-graph\">{\"@context\":\"https:\\\/\\\/schema.org\",\"@graph\":[{\"@type\":\"WebPage\",\"@id\":\"https:\\\/\\\/schweizversand.ch\\\/fr\\\/produkt\\\/trespass-trespaws-huxley-wasserdichter-autositzbezug-fuer-haustiere\\\/\",\"url\":\"https:\\\/\\\/schweizversand.ch\\\/fr\\\/produkt\\\/trespass-trespaws-huxley-wasserdichter-autositzbezug-fuer-haustiere\\\/\",\"name\":\"Trespass Trespaws HUXLEY - Wasserdichter Autositzbezug f\u00fcr Haustiere\",\"isPartOf\":{\"@id\":\"https:\\\/\\\/schweizversand.ch\\\/fr\\\/#website\"},\"primaryImageOfPage\":{\"@id\":\"https:\\\/\\\/schweizversand.ch\\\/fr\\\/produkt\\\/trespass-trespaws-huxley-wasserdichter-autositzbezug-fuer-haustiere\\\/#primaryimage\"},\"image\":{\"@id\":\"https:\\\/\\\/schweizversand.ch\\\/fr\\\/produkt\\\/trespass-trespaws-huxley-wasserdichter-autositzbezug-fuer-haustiere\\\/#primaryimage\"},\"thumbnailUrl\":\"https:\\\/\\\/schweizversand.ch\\\/wp-content\\\/uploads\\\/2026\\\/02\\\/5471527492.jpg\",\"datePublished\":\"2026-03-14T23:56:31+00:00\",\"dateModified\":\"2026-04-19T13:35:41+00:00\",\"description\":\"Reisen Sie stilvoll mit dem Autositzbezug Huxley.\u00a0 \u00a0 \u00a0 \u00a0 Zu Sicherheit aller Beteiligten bietet Huxley einen wasserdichten 2-in-1-Schutz f\u00fcr Ihre Sitze\u00a0 \u00a0 \u00a0 \u00a0\",\"breadcrumb\":{\"@id\":\"https:\\\/\\\/schweizversand.ch\\\/fr\\\/produkt\\\/trespass-trespaws-huxley-wasserdichter-autositzbezug-fuer-haustiere\\\/#breadcrumb\"},\"inLanguage\":\"fr-FR\",\"potentialAction\":[{\"@type\":\"ReadAction\",\"target\":[\"https:\\\/\\\/schweizversand.ch\\\/fr\\\/produkt\\\/trespass-trespaws-huxley-wasserdichter-autositzbezug-fuer-haustiere\\\/\"]}]},{\"@type\":\"ImageObject\",\"inLanguage\":\"fr-FR\",\"@id\":\"https:\\\/\\\/schweizversand.ch\\\/fr\\\/produkt\\\/trespass-trespaws-huxley-wasserdichter-autositzbezug-fuer-haustiere\\\/#primaryimage\",\"url\":\"https:\\\/\\\/schweizversand.ch\\\/wp-content\\\/uploads\\\/2026\\\/02\\\/5471527492.jpg\",\"contentUrl\":\"https:\\\/\\\/schweizversand.ch\\\/wp-content\\\/uploads\\\/2026\\\/02\\\/5471527492.jpg\",\"width\":1024,\"height\":1024},{\"@type\":\"BreadcrumbList\",\"@id\":\"https:\\\/\\\/schweizversand.ch\\\/fr\\\/produkt\\\/trespass-trespaws-huxley-wasserdichter-autositzbezug-fuer-haustiere\\\/#breadcrumb\",\"itemListElement\":[{\"@type\":\"ListItem\",\"position\":1,\"name\":\"Startseite\",\"item\":\"https:\\\/\\\/schweizversand.ch\\\/fr\\\/home\\\/\"},{\"@type\":\"ListItem\",\"position\":2,\"name\":\"Boutique\",\"item\":\"https:\\\/\\\/schweizversand.ch\\\/fr\\\/boutique\\\/\"},{\"@type\":\"ListItem\",\"position\":3,\"name\":\"Accessoires pour animaux\",\"item\":\"https:\\\/\\\/schweizversand.ch\\\/fr\\\/produkt-kategorie\\\/articles-pour-animaux\\\/\"},{\"@type\":\"ListItem\",\"position\":4,\"name\":\"Chien\",\"item\":\"https:\\\/\\\/schweizversand.ch\\\/fr\\\/produkt-kategorie\\\/articles-pour-animaux\\\/chiens\\\/\"},{\"@type\":\"ListItem\",\"position\":5,\"name\":\"Divers et accessoires\",\"item\":\"https:\\\/\\\/schweizversand.ch\\\/fr\\\/produkt-kategorie\\\/articles-pour-animaux\\\/chiens\\\/diverses-zubehoer\\\/\"},{\"@type\":\"ListItem\",\"position\":6,\"name\":\"Housse de si\u00e8ge auto imperm\u00e9able pour animaux de compagnie Trespass Trespaws HUXLEY\"}]},{\"@type\":\"WebSite\",\"@id\":\"https:\\\/\\\/schweizversand.ch\\\/fr\\\/#website\",\"url\":\"https:\\\/\\\/schweizversand.ch\\\/fr\\\/\",\"name\":\"Schweizer Shop f\u00fcr Sport, Spiel und Freizeit\",\"description\":\"Gratisversand ab 50.- (netto), ab eigenem schweizer Lager, Lieferung innert 48h\",\"publisher\":{\"@id\":\"https:\\\/\\\/schweizversand.ch\\\/fr\\\/#organization\"},\"alternateName\":\"Schweizversand.ch\",\"potentialAction\":[{\"@type\":\"SearchAction\",\"target\":{\"@type\":\"EntryPoint\",\"urlTemplate\":\"https:\\\/\\\/schweizversand.ch\\\/fr\\\/?s={search_term_string}\"},\"query-input\":{\"@type\":\"PropertyValueSpecification\",\"valueRequired\":true,\"valueName\":\"search_term_string\"}}],\"inLanguage\":\"fr-FR\"},{\"@type\":\"Organization\",\"@id\":\"https:\\\/\\\/schweizversand.ch\\\/fr\\\/#organization\",\"name\":\"Schweizversand.ch\",\"url\":\"https:\\\/\\\/schweizversand.ch\\\/fr\\\/\",\"logo\":{\"@type\":\"ImageObject\",\"inLanguage\":\"fr-FR\",\"@id\":\"https:\\\/\\\/schweizversand.ch\\\/fr\\\/#\\\/schema\\\/logo\\\/image\\\/\",\"url\":\"https:\\\/\\\/schweizversand.ch\\\/wp-content\\\/uploads\\\/2026\\\/03\\\/Logo_Rund_Final-1.png\",\"contentUrl\":\"https:\\\/\\\/schweizversand.ch\\\/wp-content\\\/uploads\\\/2026\\\/03\\\/Logo_Rund_Final-1.png\",\"width\":404,\"height\":404,\"caption\":\"Schweizversand.ch\"},\"image\":{\"@id\":\"https:\\\/\\\/schweizversand.ch\\\/fr\\\/#\\\/schema\\\/logo\\\/image\\\/\"},\"sameAs\":[\"https:\\\/\\\/www.facebook.com\\\/Schweizversand\",\"https:\\\/\\\/www.instagram.com\\\/schweizversand.ch\\\/\"]}]}<\/script>\n<!-- \/ Yoast SEO plugin. -->","yoast_head_json":{"title":"Trespass Trespaws HUXLEY - Wasserdichter Autositzbezug f\u00fcr Haustiere","description":"Reisen Sie stilvoll mit dem Autositzbezug Huxley.\u00a0 \u00a0 \u00a0 \u00a0 Zu Sicherheit aller Beteiligten bietet Huxley einen wasserdichten 2-in-1-Schutz f\u00fcr Ihre Sitze\u00a0 \u00a0 \u00a0 \u00a0","robots":{"index":"index","follow":"follow","max-snippet":"max-snippet:-1","max-image-preview":"max-image-preview:large","max-video-preview":"max-video-preview:-1"},"canonical":"https:\/\/schweizversand.ch\/fr\/produkt\/trespass-trespaws-huxley-wasserdichter-autositzbezug-fuer-haustiere\/","og_locale":"fr_FR","og_type":"article","og_title":"Trespass Trespaws HUXLEY - Wasserdichter Autositzbezug f\u00fcr Haustiere","og_description":"Reisen Sie stilvoll mit dem Autositzbezug Huxley.\u00a0 \u00a0 \u00a0 \u00a0 Zu Sicherheit aller Beteiligten bietet Huxley einen wasserdichten 2-in-1-Schutz f\u00fcr Ihre Sitze\u00a0 \u00a0 \u00a0 \u00a0","og_url":"https:\/\/schweizversand.ch\/fr\/produkt\/trespass-trespaws-huxley-wasserdichter-autositzbezug-fuer-haustiere\/","og_site_name":"Schweizer Shop f\u00fcr Sport, Spiel und Freizeit","article_publisher":"https:\/\/www.facebook.com\/Schweizversand","article_modified_time":"2026-04-19T13:35:41+00:00","og_image":[{"width":1024,"height":1024,"url":"https:\/\/schweizversand.ch\/wp-content\/uploads\/2026\/02\/5471527492.jpg","type":"image\/jpeg"}],"twitter_card":"summary_large_image","twitter_misc":{"Dur\u00e9e de lecture estim\u00e9e":"1 minute"},"schema":{"@context":"https:\/\/schema.org","@graph":[{"@type":"WebPage","@id":"https:\/\/schweizversand.ch\/fr\/produkt\/trespass-trespaws-huxley-wasserdichter-autositzbezug-fuer-haustiere\/","url":"https:\/\/schweizversand.ch\/fr\/produkt\/trespass-trespaws-huxley-wasserdichter-autositzbezug-fuer-haustiere\/","name":"Trespass Trespaws HUXLEY - Wasserdichter Autositzbezug f\u00fcr Haustiere","isPartOf":{"@id":"https:\/\/schweizversand.ch\/fr\/#website"},"primaryImageOfPage":{"@id":"https:\/\/schweizversand.ch\/fr\/produkt\/trespass-trespaws-huxley-wasserdichter-autositzbezug-fuer-haustiere\/#primaryimage"},"image":{"@id":"https:\/\/schweizversand.ch\/fr\/produkt\/trespass-trespaws-huxley-wasserdichter-autositzbezug-fuer-haustiere\/#primaryimage"},"thumbnailUrl":"https:\/\/schweizversand.ch\/wp-content\/uploads\/2026\/02\/5471527492.jpg","datePublished":"2026-03-14T23:56:31+00:00","dateModified":"2026-04-19T13:35:41+00:00","description":"Reisen Sie stilvoll mit dem Autositzbezug Huxley.\u00a0 \u00a0 \u00a0 \u00a0 Zu Sicherheit aller Beteiligten bietet Huxley einen wasserdichten 2-in-1-Schutz f\u00fcr Ihre Sitze\u00a0 \u00a0 \u00a0 \u00a0","breadcrumb":{"@id":"https:\/\/schweizversand.ch\/fr\/produkt\/trespass-trespaws-huxley-wasserdichter-autositzbezug-fuer-haustiere\/#breadcrumb"},"inLanguage":"fr-FR","potentialAction":[{"@type":"ReadAction","target":["https:\/\/schweizversand.ch\/fr\/produkt\/trespass-trespaws-huxley-wasserdichter-autositzbezug-fuer-haustiere\/"]}]},{"@type":"ImageObject","inLanguage":"fr-FR","@id":"https:\/\/schweizversand.ch\/fr\/produkt\/trespass-trespaws-huxley-wasserdichter-autositzbezug-fuer-haustiere\/#primaryimage","url":"https:\/\/schweizversand.ch\/wp-content\/uploads\/2026\/02\/5471527492.jpg","contentUrl":"https:\/\/schweizversand.ch\/wp-content\/uploads\/2026\/02\/5471527492.jpg","width":1024,"height":1024},{"@type":"BreadcrumbList","@id":"https:\/\/schweizversand.ch\/fr\/produkt\/trespass-trespaws-huxley-wasserdichter-autositzbezug-fuer-haustiere\/#breadcrumb","itemListElement":[{"@type":"ListItem","position":1,"name":"Startseite","item":"https:\/\/schweizversand.ch\/fr\/home\/"},{"@type":"ListItem","position":2,"name":"Boutique","item":"https:\/\/schweizversand.ch\/fr\/boutique\/"},{"@type":"ListItem","position":3,"name":"Accessoires pour animaux","item":"https:\/\/schweizversand.ch\/fr\/produkt-kategorie\/articles-pour-animaux\/"},{"@type":"ListItem","position":4,"name":"Chien","item":"https:\/\/schweizversand.ch\/fr\/produkt-kategorie\/articles-pour-animaux\/chiens\/"},{"@type":"ListItem","position":5,"name":"Divers et accessoires","item":"https:\/\/schweizversand.ch\/fr\/produkt-kategorie\/articles-pour-animaux\/chiens\/diverses-zubehoer\/"},{"@type":"ListItem","position":6,"name":"Housse de si\u00e8ge auto imperm\u00e9able pour animaux de compagnie Trespass Trespaws HUXLEY"}]},{"@type":"WebSite","@id":"https:\/\/schweizversand.ch\/fr\/#website","url":"https:\/\/schweizversand.ch\/fr\/","name":"Schweizer Shop f\u00fcr Sport, Spiel und Freizeit","description":"Gratisversand ab 50.- (netto), ab eigenem schweizer Lager, Lieferung innert 48h","publisher":{"@id":"https:\/\/schweizversand.ch\/fr\/#organization"},"alternateName":"Schweizversand.ch","potentialAction":[{"@type":"SearchAction","target":{"@type":"EntryPoint","urlTemplate":"https:\/\/schweizversand.ch\/fr\/?s={search_term_string}"},"query-input":{"@type":"PropertyValueSpecification","valueRequired":true,"valueName":"search_term_string"}}],"inLanguage":"fr-FR"},{"@type":"Organization","@id":"https:\/\/schweizversand.ch\/fr\/#organization","name":"Schweizversand.ch","url":"https:\/\/schweizversand.ch\/fr\/","logo":{"@type":"ImageObject","inLanguage":"fr-FR","@id":"https:\/\/schweizversand.ch\/fr\/#\/schema\/logo\/image\/","url":"https:\/\/schweizversand.ch\/wp-content\/uploads\/2026\/03\/Logo_Rund_Final-1.png","contentUrl":"https:\/\/schweizversand.ch\/wp-content\/uploads\/2026\/03\/Logo_Rund_Final-1.png","width":404,"height":404,"caption":"Schweizversand.ch"},"image":{"@id":"https:\/\/schweizversand.ch\/fr\/#\/schema\/logo\/image\/"},"sameAs":["https:\/\/www.facebook.com\/Schweizversand","https:\/\/www.instagram.com\/schweizversand.ch\/"]}]}},"jetpack_sharing_enabled":true,"_links":{"self":[{"href":"https:\/\/schweizversand.ch\/fr\/wp-json\/wp\/v2\/product\/260184","targetHints":{"allow":["GET"]}}],"collection":[{"href":"https:\/\/schweizversand.ch\/fr\/wp-json\/wp\/v2\/product"}],"about":[{"href":"https:\/\/schweizversand.ch\/fr\/wp-json\/wp\/v2\/types\/product"}],"replies":[{"embeddable":true,"href":"https:\/\/schweizversand.ch\/fr\/wp-json\/wp\/v2\/comments?post=260184"}],"wp:featuredmedia":[{"embeddable":true,"href":"https:\/\/schweizversand.ch\/fr\/wp-json\/wp\/v2\/media\/162838"}],"wp:attachment":[{"href":"https:\/\/schweizversand.ch\/fr\/wp-json\/wp\/v2\/media?parent=260184"}],"wp:term":[{"taxonomy":"product_brand","embeddable":true,"href":"https:\/\/schweizversand.ch\/fr\/wp-json\/wp\/v2\/product_brand?post=260184"},{"taxonomy":"product_cat","embeddable":true,"href":"https:\/\/schweizversand.ch\/fr\/wp-json\/wp\/v2\/product_cat?post=260184"},{"taxonomy":"product_tag","embeddable":true,"href":"https:\/\/schweizversand.ch\/fr\/wp-json\/wp\/v2\/product_tag?post=260184"}],"curies":[{"name":"wp","href":"https:\/\/api.w.org\/{rel}","templated":true}]}}