{"id":260188,"date":"2026-03-20T02:01:07","date_gmt":"2026-03-20T01:01:07","guid":{"rendered":"https:\/\/schweizversand.ch\/produkt\/trespass-laces-130-schnuersenkel-2\/"},"modified":"2026-04-15T02:03:57","modified_gmt":"2026-04-15T00:03:57","slug":"trespass-laces-130-schnuersenkel-2","status":"publish","type":"product","link":"https:\/\/schweizversand.ch\/fr\/produkt\/trespass-laces-130-schnuersenkel-2\/","title":{"rendered":"Lacets Trespass 130"},"content":{"rendered":"<h1><strong>Lacets ronds pour chaussures de randonn\u00e9e 130 cm, noirs<\/strong><\/h1>\n<div>D\u00e9couvrez les lacets de rechange id\u00e9aux pour vos chaussures de trekking, garantissant une fiabilit\u00e9 et une durabilit\u00e9 maximales. Ces lacets ronds de 130 cm sont sp\u00e9cialement con\u00e7us pour une utilisation en conditions exigeantes et offrent un maintien optimal lors de vos randonn\u00e9es.<\/p>\n<\/div>\n<div><strong>Ajustement et stabilit\u00e9 parfaits<\/strong><br \/>D&rsquo;une longueur de 130 cm, ces lacets sont parfaits pour les chaussures de randonn\u00e9e et les bottes jusqu&rsquo;\u00e0 10 \u0153illets. Ils assurent un la\u00e7age s\u00fbr et ferme qui ne se desserre pas, m\u00eame lors de longues randonn\u00e9es ou sur des terrains difficiles. Profitez du confort et de la stabilit\u00e9 n\u00e9cessaires \u00e0 vos aventures en plein air. Mat\u00e9riau et durabilit\u00e9\u00a0: Fabriqu\u00e9s en 100\u00a0% polyester, ces lacets noirs sont extr\u00eamement robustes et r\u00e9sistants \u00e0 l&rsquo;abrasion et \u00e0 l&rsquo;humidit\u00e9. Le mat\u00e9riau de haute qualit\u00e9 garantit que ces lacets durables conservent leur forme et leur couleur m\u00eame apr\u00e8s une utilisation intensive. Un accessoire fiable qui ne vous laissera pas tomber.<\/p>\n<\/div>\n<div><strong>D\u00e9tails du produit et contenu de la livraison<\/strong><br \/>&#8211; Longueur\u00a0: 2 x 130\u00a0cm (une paire)<br \/>&#8211; Couleur\u00a0: Noir<br \/>&#8211; Mati\u00e8re\u00a0: 100\u00a0% polyester<br \/>&#8211; Convient pour\u00a0: <strong>lacets \u00e0 10 \u0153illets<\/strong> et moins<\/p>\n<\/div>\n<div>Am\u00e9liorez votre \u00e9quipement et assurez-vous que vos <strong>lacets de randonn\u00e9e<\/strong> r\u00e9sistent aux rigueurs de la marche. Commandez d\u00e8s maintenant et b\u00e9n\u00e9ficiez d&rsquo;une s\u00e9curit\u00e9 maximale \u00e0 chaque pas.<\/p>\n<\/div>\n<div>\n<\/div>\n","protected":false},"excerpt":{"rendered":"<p>Trespass LACES 130 Schn\u00fcrsenkel bieten langlebige, robuste 130 cm Schn\u00fcrung f\u00fcr Wanderstiefel mit bis zu 10 \u00d6sen \u2013 zuverl\u00e4ssiger Halt und optimaler Komfort bei jedem Outdoor-Abenteuer.<\/p>\n","protected":false},"featured_media":261009,"comment_status":"open","ping_status":"closed","template":"","meta":[],"product_brand":[],"product_cat":[39094],"product_tag":[],"class_list":{"0":"post-260188","1":"product","2":"type-product","3":"status-publish","4":"has-post-thumbnail","6":"product_cat-outdoorschuhe","7":"product_shipping_class-global_methods","9":"first","10":"instock","11":"taxable","12":"shipping-taxable","13":"purchasable","14":"product-type-simple"},"yoast_head":"<!-- This site is optimized with the Yoast SEO plugin v27.4 - https:\/\/yoast.com\/product\/yoast-seo-wordpress\/ -->\n<title>Trespass LACES 130 Schn\u00fcrsenkel<\/title>\n<meta name=\"description\" content=\"Runde Schn\u00fcrsenkel Wanderschuhe 130cm, Schwarz Entdecken Sie die idealen Ersatzschn\u00fcrsenkel Trekkingstiefel , die h\u00f6chste Zuverl\u00e4ssigkeit und Langlebigkeit gara\" \/>\n<meta name=\"robots\" content=\"index, follow, max-snippet:-1, max-image-preview:large, max-video-preview:-1\" \/>\n<link rel=\"canonical\" href=\"https:\/\/schweizversand.ch\/fr\/produkt\/trespass-laces-130-schnuersenkel-2\/\" \/>\n<meta property=\"og:locale\" content=\"fr_FR\" \/>\n<meta property=\"og:type\" content=\"article\" \/>\n<meta property=\"og:title\" content=\"Trespass LACES 130 Schn\u00fcrsenkel\" \/>\n<meta property=\"og:description\" content=\"Runde Schn\u00fcrsenkel Wanderschuhe 130cm, Schwarz Entdecken Sie die idealen Ersatzschn\u00fcrsenkel Trekkingstiefel , die h\u00f6chste Zuverl\u00e4ssigkeit und Langlebigkeit gara\" \/>\n<meta property=\"og:url\" content=\"https:\/\/schweizversand.ch\/fr\/produkt\/trespass-laces-130-schnuersenkel-2\/\" \/>\n<meta property=\"og:site_name\" content=\"Schweizer Shop f\u00fcr Sport, Spiel und Freizeit\" \/>\n<meta property=\"article:publisher\" content=\"https:\/\/www.facebook.com\/Schweizversand\" \/>\n<meta property=\"article:modified_time\" content=\"2026-04-15T00:03:57+00:00\" \/>\n<meta property=\"og:image\" content=\"https:\/\/schweizversand.ch\/wp-content\/uploads\/2026\/03\/5678299012.jpg\" \/>\n\t<meta property=\"og:image:width\" content=\"710\" \/>\n\t<meta property=\"og:image:height\" content=\"1024\" \/>\n\t<meta property=\"og:image:type\" content=\"image\/jpeg\" \/>\n<meta name=\"twitter:card\" content=\"summary_large_image\" \/>\n<meta name=\"twitter:label1\" content=\"Dur\u00e9e de lecture estim\u00e9e\" \/>\n\t<meta name=\"twitter:data1\" content=\"1 minute\" \/>\n<script type=\"application\/ld+json\" class=\"yoast-schema-graph\">{\"@context\":\"https:\\\/\\\/schema.org\",\"@graph\":[{\"@type\":\"WebPage\",\"@id\":\"https:\\\/\\\/schweizversand.ch\\\/fr\\\/produkt\\\/trespass-laces-130-schnuersenkel-2\\\/\",\"url\":\"https:\\\/\\\/schweizversand.ch\\\/fr\\\/produkt\\\/trespass-laces-130-schnuersenkel-2\\\/\",\"name\":\"Trespass LACES 130 Schn\u00fcrsenkel\",\"isPartOf\":{\"@id\":\"https:\\\/\\\/schweizversand.ch\\\/fr\\\/#website\"},\"primaryImageOfPage\":{\"@id\":\"https:\\\/\\\/schweizversand.ch\\\/fr\\\/produkt\\\/trespass-laces-130-schnuersenkel-2\\\/#primaryimage\"},\"image\":{\"@id\":\"https:\\\/\\\/schweizversand.ch\\\/fr\\\/produkt\\\/trespass-laces-130-schnuersenkel-2\\\/#primaryimage\"},\"thumbnailUrl\":\"https:\\\/\\\/schweizversand.ch\\\/wp-content\\\/uploads\\\/2026\\\/03\\\/5678299012.jpg\",\"datePublished\":\"2026-03-20T01:01:07+00:00\",\"dateModified\":\"2026-04-15T00:03:57+00:00\",\"description\":\"Runde Schn\u00fcrsenkel Wanderschuhe 130cm, Schwarz Entdecken Sie die idealen Ersatzschn\u00fcrsenkel Trekkingstiefel , die h\u00f6chste Zuverl\u00e4ssigkeit und Langlebigkeit gara\",\"breadcrumb\":{\"@id\":\"https:\\\/\\\/schweizversand.ch\\\/fr\\\/produkt\\\/trespass-laces-130-schnuersenkel-2\\\/#breadcrumb\"},\"inLanguage\":\"fr-FR\",\"potentialAction\":[{\"@type\":\"ReadAction\",\"target\":[\"https:\\\/\\\/schweizversand.ch\\\/fr\\\/produkt\\\/trespass-laces-130-schnuersenkel-2\\\/\"]}]},{\"@type\":\"ImageObject\",\"inLanguage\":\"fr-FR\",\"@id\":\"https:\\\/\\\/schweizversand.ch\\\/fr\\\/produkt\\\/trespass-laces-130-schnuersenkel-2\\\/#primaryimage\",\"url\":\"https:\\\/\\\/schweizversand.ch\\\/wp-content\\\/uploads\\\/2026\\\/03\\\/5678299012.jpg\",\"contentUrl\":\"https:\\\/\\\/schweizversand.ch\\\/wp-content\\\/uploads\\\/2026\\\/03\\\/5678299012.jpg\",\"width\":710,\"height\":1024},{\"@type\":\"BreadcrumbList\",\"@id\":\"https:\\\/\\\/schweizversand.ch\\\/fr\\\/produkt\\\/trespass-laces-130-schnuersenkel-2\\\/#breadcrumb\",\"itemListElement\":[{\"@type\":\"ListItem\",\"position\":1,\"name\":\"Startseite\",\"item\":\"https:\\\/\\\/schweizversand.ch\\\/fr\\\/\"},{\"@type\":\"ListItem\",\"position\":2,\"name\":\"Boutique\",\"item\":\"https:\\\/\\\/schweizversand.ch\\\/fr\\\/boutique\\\/\"},{\"@type\":\"ListItem\",\"position\":3,\"name\":\"Sports\",\"item\":\"https:\\\/\\\/schweizversand.ch\\\/fr\\\/produkt-kategorie\\\/sports\\\/\"},{\"@type\":\"ListItem\",\"position\":4,\"name\":\"Plein air\",\"item\":\"https:\\\/\\\/schweizversand.ch\\\/fr\\\/produkt-kategorie\\\/sports\\\/plein-air\\\/\"},{\"@type\":\"ListItem\",\"position\":5,\"name\":\"Outdoorschuhe\",\"item\":\"https:\\\/\\\/schweizversand.ch\\\/fr\\\/produkt-kategorie\\\/sports\\\/plein-air\\\/outdoorschuhe\\\/\"},{\"@type\":\"ListItem\",\"position\":6,\"name\":\"Lacets Trespass 130\"}]},{\"@type\":\"WebSite\",\"@id\":\"https:\\\/\\\/schweizversand.ch\\\/fr\\\/#website\",\"url\":\"https:\\\/\\\/schweizversand.ch\\\/fr\\\/\",\"name\":\"Schweizer Shop f\u00fcr Sport, Spiel und Freizeit\",\"description\":\"Gratisversand ab 50.- (netto), ab eigenem schweizer Lager, Lieferung innert 48h\",\"publisher\":{\"@id\":\"https:\\\/\\\/schweizversand.ch\\\/fr\\\/#organization\"},\"alternateName\":\"Schweizversand.ch\",\"potentialAction\":[{\"@type\":\"SearchAction\",\"target\":{\"@type\":\"EntryPoint\",\"urlTemplate\":\"https:\\\/\\\/schweizversand.ch\\\/fr\\\/?s={search_term_string}\"},\"query-input\":{\"@type\":\"PropertyValueSpecification\",\"valueRequired\":true,\"valueName\":\"search_term_string\"}}],\"inLanguage\":\"fr-FR\"},{\"@type\":\"Organization\",\"@id\":\"https:\\\/\\\/schweizversand.ch\\\/fr\\\/#organization\",\"name\":\"Schweizversand.ch\",\"url\":\"https:\\\/\\\/schweizversand.ch\\\/fr\\\/\",\"logo\":{\"@type\":\"ImageObject\",\"inLanguage\":\"fr-FR\",\"@id\":\"https:\\\/\\\/schweizversand.ch\\\/fr\\\/#\\\/schema\\\/logo\\\/image\\\/\",\"url\":\"https:\\\/\\\/schweizversand.ch\\\/wp-content\\\/uploads\\\/2026\\\/03\\\/Logo_Rund_Final-1.png\",\"contentUrl\":\"https:\\\/\\\/schweizversand.ch\\\/wp-content\\\/uploads\\\/2026\\\/03\\\/Logo_Rund_Final-1.png\",\"width\":404,\"height\":404,\"caption\":\"Schweizversand.ch\"},\"image\":{\"@id\":\"https:\\\/\\\/schweizversand.ch\\\/fr\\\/#\\\/schema\\\/logo\\\/image\\\/\"},\"sameAs\":[\"https:\\\/\\\/www.facebook.com\\\/Schweizversand\",\"https:\\\/\\\/www.instagram.com\\\/schweizversand.ch\\\/\"]}]}<\/script>\n<!-- \/ Yoast SEO plugin. -->","yoast_head_json":{"title":"Trespass LACES 130 Schn\u00fcrsenkel","description":"Runde Schn\u00fcrsenkel Wanderschuhe 130cm, Schwarz Entdecken Sie die idealen Ersatzschn\u00fcrsenkel Trekkingstiefel , die h\u00f6chste Zuverl\u00e4ssigkeit und Langlebigkeit gara","robots":{"index":"index","follow":"follow","max-snippet":"max-snippet:-1","max-image-preview":"max-image-preview:large","max-video-preview":"max-video-preview:-1"},"canonical":"https:\/\/schweizversand.ch\/fr\/produkt\/trespass-laces-130-schnuersenkel-2\/","og_locale":"fr_FR","og_type":"article","og_title":"Trespass LACES 130 Schn\u00fcrsenkel","og_description":"Runde Schn\u00fcrsenkel Wanderschuhe 130cm, Schwarz Entdecken Sie die idealen Ersatzschn\u00fcrsenkel Trekkingstiefel , die h\u00f6chste Zuverl\u00e4ssigkeit und Langlebigkeit gara","og_url":"https:\/\/schweizversand.ch\/fr\/produkt\/trespass-laces-130-schnuersenkel-2\/","og_site_name":"Schweizer Shop f\u00fcr Sport, Spiel und Freizeit","article_publisher":"https:\/\/www.facebook.com\/Schweizversand","article_modified_time":"2026-04-15T00:03:57+00:00","og_image":[{"width":710,"height":1024,"url":"https:\/\/schweizversand.ch\/wp-content\/uploads\/2026\/03\/5678299012.jpg","type":"image\/jpeg"}],"twitter_card":"summary_large_image","twitter_misc":{"Dur\u00e9e de lecture estim\u00e9e":"1 minute"},"schema":{"@context":"https:\/\/schema.org","@graph":[{"@type":"WebPage","@id":"https:\/\/schweizversand.ch\/fr\/produkt\/trespass-laces-130-schnuersenkel-2\/","url":"https:\/\/schweizversand.ch\/fr\/produkt\/trespass-laces-130-schnuersenkel-2\/","name":"Trespass LACES 130 Schn\u00fcrsenkel","isPartOf":{"@id":"https:\/\/schweizversand.ch\/fr\/#website"},"primaryImageOfPage":{"@id":"https:\/\/schweizversand.ch\/fr\/produkt\/trespass-laces-130-schnuersenkel-2\/#primaryimage"},"image":{"@id":"https:\/\/schweizversand.ch\/fr\/produkt\/trespass-laces-130-schnuersenkel-2\/#primaryimage"},"thumbnailUrl":"https:\/\/schweizversand.ch\/wp-content\/uploads\/2026\/03\/5678299012.jpg","datePublished":"2026-03-20T01:01:07+00:00","dateModified":"2026-04-15T00:03:57+00:00","description":"Runde Schn\u00fcrsenkel Wanderschuhe 130cm, Schwarz Entdecken Sie die idealen Ersatzschn\u00fcrsenkel Trekkingstiefel , die h\u00f6chste Zuverl\u00e4ssigkeit und Langlebigkeit gara","breadcrumb":{"@id":"https:\/\/schweizversand.ch\/fr\/produkt\/trespass-laces-130-schnuersenkel-2\/#breadcrumb"},"inLanguage":"fr-FR","potentialAction":[{"@type":"ReadAction","target":["https:\/\/schweizversand.ch\/fr\/produkt\/trespass-laces-130-schnuersenkel-2\/"]}]},{"@type":"ImageObject","inLanguage":"fr-FR","@id":"https:\/\/schweizversand.ch\/fr\/produkt\/trespass-laces-130-schnuersenkel-2\/#primaryimage","url":"https:\/\/schweizversand.ch\/wp-content\/uploads\/2026\/03\/5678299012.jpg","contentUrl":"https:\/\/schweizversand.ch\/wp-content\/uploads\/2026\/03\/5678299012.jpg","width":710,"height":1024},{"@type":"BreadcrumbList","@id":"https:\/\/schweizversand.ch\/fr\/produkt\/trespass-laces-130-schnuersenkel-2\/#breadcrumb","itemListElement":[{"@type":"ListItem","position":1,"name":"Startseite","item":"https:\/\/schweizversand.ch\/fr\/"},{"@type":"ListItem","position":2,"name":"Boutique","item":"https:\/\/schweizversand.ch\/fr\/boutique\/"},{"@type":"ListItem","position":3,"name":"Sports","item":"https:\/\/schweizversand.ch\/fr\/produkt-kategorie\/sports\/"},{"@type":"ListItem","position":4,"name":"Plein air","item":"https:\/\/schweizversand.ch\/fr\/produkt-kategorie\/sports\/plein-air\/"},{"@type":"ListItem","position":5,"name":"Outdoorschuhe","item":"https:\/\/schweizversand.ch\/fr\/produkt-kategorie\/sports\/plein-air\/outdoorschuhe\/"},{"@type":"ListItem","position":6,"name":"Lacets Trespass 130"}]},{"@type":"WebSite","@id":"https:\/\/schweizversand.ch\/fr\/#website","url":"https:\/\/schweizversand.ch\/fr\/","name":"Schweizer Shop f\u00fcr Sport, Spiel und Freizeit","description":"Gratisversand ab 50.- (netto), ab eigenem schweizer Lager, Lieferung innert 48h","publisher":{"@id":"https:\/\/schweizversand.ch\/fr\/#organization"},"alternateName":"Schweizversand.ch","potentialAction":[{"@type":"SearchAction","target":{"@type":"EntryPoint","urlTemplate":"https:\/\/schweizversand.ch\/fr\/?s={search_term_string}"},"query-input":{"@type":"PropertyValueSpecification","valueRequired":true,"valueName":"search_term_string"}}],"inLanguage":"fr-FR"},{"@type":"Organization","@id":"https:\/\/schweizversand.ch\/fr\/#organization","name":"Schweizversand.ch","url":"https:\/\/schweizversand.ch\/fr\/","logo":{"@type":"ImageObject","inLanguage":"fr-FR","@id":"https:\/\/schweizversand.ch\/fr\/#\/schema\/logo\/image\/","url":"https:\/\/schweizversand.ch\/wp-content\/uploads\/2026\/03\/Logo_Rund_Final-1.png","contentUrl":"https:\/\/schweizversand.ch\/wp-content\/uploads\/2026\/03\/Logo_Rund_Final-1.png","width":404,"height":404,"caption":"Schweizversand.ch"},"image":{"@id":"https:\/\/schweizversand.ch\/fr\/#\/schema\/logo\/image\/"},"sameAs":["https:\/\/www.facebook.com\/Schweizversand","https:\/\/www.instagram.com\/schweizversand.ch\/"]}]}},"jetpack_sharing_enabled":true,"_links":{"self":[{"href":"https:\/\/schweizversand.ch\/fr\/wp-json\/wp\/v2\/product\/260188","targetHints":{"allow":["GET"]}}],"collection":[{"href":"https:\/\/schweizversand.ch\/fr\/wp-json\/wp\/v2\/product"}],"about":[{"href":"https:\/\/schweizversand.ch\/fr\/wp-json\/wp\/v2\/types\/product"}],"replies":[{"embeddable":true,"href":"https:\/\/schweizversand.ch\/fr\/wp-json\/wp\/v2\/comments?post=260188"}],"wp:featuredmedia":[{"embeddable":true,"href":"https:\/\/schweizversand.ch\/fr\/wp-json\/wp\/v2\/media\/261009"}],"wp:attachment":[{"href":"https:\/\/schweizversand.ch\/fr\/wp-json\/wp\/v2\/media?parent=260188"}],"wp:term":[{"taxonomy":"product_brand","embeddable":true,"href":"https:\/\/schweizversand.ch\/fr\/wp-json\/wp\/v2\/product_brand?post=260188"},{"taxonomy":"product_cat","embeddable":true,"href":"https:\/\/schweizversand.ch\/fr\/wp-json\/wp\/v2\/product_cat?post=260188"},{"taxonomy":"product_tag","embeddable":true,"href":"https:\/\/schweizversand.ch\/fr\/wp-json\/wp\/v2\/product_tag?post=260188"}],"curies":[{"name":"wp","href":"https:\/\/api.w.org\/{rel}","templated":true}]}}