{"id":260194,"date":"2026-03-15T00:56:36","date_gmt":"2026-03-14T23:56:36","guid":{"rendered":"https:\/\/schweizversand.ch\/produkt\/trespass-tick-remover-zeckenentferner\/"},"modified":"2026-04-19T15:35:42","modified_gmt":"2026-04-19T13:35:42","slug":"trespass-tick-remover-zeckenentferner","status":"publish","type":"product","link":"https:\/\/schweizversand.ch\/fr\/produkt\/trespass-tick-remover-zeckenentferner\/","title":{"rendered":"Enl\u00e8ve-tiques anti-intrusion &#8211;"},"content":{"rendered":"<p>\u00c9liminez les tiques gr\u00e2ce \u00e0 notre tire-tique. Cet outil, disponible en deux tailles, vous permettra de retirer ces parasites ind\u00e9sirables des humains et des animaux domestiques, pour une tranquillit\u00e9 assur\u00e9e.<\/p>\n<p>Tire-tique<\/p>\n<p>Convient aux humains et aux animaux domestiques<\/p>\n<p>2 pi\u00e8ces, 2 tailles<\/p>\n","protected":false},"excerpt":{"rendered":"<p>Trespass TICK REMOVER entfernt Zecken sicher und schnell von Menschen und Haustieren. Zwei praktische Gr\u00f6\u00dfen im Set sorgen f\u00fcr effektiven Schutz jederzeit und \u00fcberall.<\/p>\n","protected":false},"featured_media":163021,"comment_status":"open","ping_status":"closed","template":"","meta":[],"product_brand":[],"product_cat":[38821],"product_tag":[],"class_list":{"0":"post-260194","1":"product","2":"type-product","3":"status-publish","4":"has-post-thumbnail","6":"product_cat-diverses-zubehoer","7":"product_shipping_class-global_methods","9":"first","10":"instock","11":"taxable","12":"shipping-taxable","13":"purchasable","14":"product-type-simple"},"yoast_head":"<!-- This site is optimized with the Yoast SEO plugin v27.4 - https:\/\/yoast.com\/product\/yoast-seo-wordpress\/ -->\n<title>Trespass TICK REMOVER - Zeckenentferner<\/title>\n<meta name=\"description\" content=\"Vertreiben Sie die Zecken mit unserem Zeckenentferner. Mit diesem Werkzeug, das in zwei Gr\u00f6\u00dfen erh\u00e4ltlich ist, werden Sie die l\u00e4stigen Zecken von Menschen und H\" \/>\n<meta name=\"robots\" content=\"index, follow, max-snippet:-1, max-image-preview:large, max-video-preview:-1\" \/>\n<link rel=\"canonical\" href=\"https:\/\/schweizversand.ch\/fr\/produkt\/trespass-tick-remover-zeckenentferner\/\" \/>\n<meta property=\"og:locale\" content=\"fr_FR\" \/>\n<meta property=\"og:type\" content=\"article\" \/>\n<meta property=\"og:title\" content=\"Trespass TICK REMOVER - Zeckenentferner\" \/>\n<meta property=\"og:description\" content=\"Vertreiben Sie die Zecken mit unserem Zeckenentferner. Mit diesem Werkzeug, das in zwei Gr\u00f6\u00dfen erh\u00e4ltlich ist, werden Sie die l\u00e4stigen Zecken von Menschen und H\" \/>\n<meta property=\"og:url\" content=\"https:\/\/schweizversand.ch\/fr\/produkt\/trespass-tick-remover-zeckenentferner\/\" \/>\n<meta property=\"og:site_name\" content=\"Schweizer Shop f\u00fcr Sport, Spiel und Freizeit\" \/>\n<meta property=\"article:publisher\" content=\"https:\/\/www.facebook.com\/Schweizversand\" \/>\n<meta property=\"article:modified_time\" content=\"2026-04-19T13:35:42+00:00\" \/>\n<meta property=\"og:image\" content=\"https:\/\/schweizversand.ch\/wp-content\/uploads\/2026\/02\/5471611712.jpg\" \/>\n\t<meta property=\"og:image:width\" content=\"1024\" \/>\n\t<meta property=\"og:image:height\" content=\"1024\" \/>\n\t<meta property=\"og:image:type\" content=\"image\/jpeg\" \/>\n<meta name=\"twitter:card\" content=\"summary_large_image\" \/>\n<script type=\"application\/ld+json\" class=\"yoast-schema-graph\">{\"@context\":\"https:\\\/\\\/schema.org\",\"@graph\":[{\"@type\":\"WebPage\",\"@id\":\"https:\\\/\\\/schweizversand.ch\\\/fr\\\/produkt\\\/trespass-tick-remover-zeckenentferner\\\/\",\"url\":\"https:\\\/\\\/schweizversand.ch\\\/fr\\\/produkt\\\/trespass-tick-remover-zeckenentferner\\\/\",\"name\":\"Trespass TICK REMOVER - Zeckenentferner\",\"isPartOf\":{\"@id\":\"https:\\\/\\\/schweizversand.ch\\\/fr\\\/#website\"},\"primaryImageOfPage\":{\"@id\":\"https:\\\/\\\/schweizversand.ch\\\/fr\\\/produkt\\\/trespass-tick-remover-zeckenentferner\\\/#primaryimage\"},\"image\":{\"@id\":\"https:\\\/\\\/schweizversand.ch\\\/fr\\\/produkt\\\/trespass-tick-remover-zeckenentferner\\\/#primaryimage\"},\"thumbnailUrl\":\"https:\\\/\\\/schweizversand.ch\\\/wp-content\\\/uploads\\\/2026\\\/02\\\/5471611712.jpg\",\"datePublished\":\"2026-03-14T23:56:36+00:00\",\"dateModified\":\"2026-04-19T13:35:42+00:00\",\"description\":\"Vertreiben Sie die Zecken mit unserem Zeckenentferner. Mit diesem Werkzeug, das in zwei Gr\u00f6\u00dfen erh\u00e4ltlich ist, werden Sie die l\u00e4stigen Zecken von Menschen und H\",\"breadcrumb\":{\"@id\":\"https:\\\/\\\/schweizversand.ch\\\/fr\\\/produkt\\\/trespass-tick-remover-zeckenentferner\\\/#breadcrumb\"},\"inLanguage\":\"fr-FR\",\"potentialAction\":[{\"@type\":\"ReadAction\",\"target\":[\"https:\\\/\\\/schweizversand.ch\\\/fr\\\/produkt\\\/trespass-tick-remover-zeckenentferner\\\/\"]}]},{\"@type\":\"ImageObject\",\"inLanguage\":\"fr-FR\",\"@id\":\"https:\\\/\\\/schweizversand.ch\\\/fr\\\/produkt\\\/trespass-tick-remover-zeckenentferner\\\/#primaryimage\",\"url\":\"https:\\\/\\\/schweizversand.ch\\\/wp-content\\\/uploads\\\/2026\\\/02\\\/5471611712.jpg\",\"contentUrl\":\"https:\\\/\\\/schweizversand.ch\\\/wp-content\\\/uploads\\\/2026\\\/02\\\/5471611712.jpg\",\"width\":1024,\"height\":1024},{\"@type\":\"BreadcrumbList\",\"@id\":\"https:\\\/\\\/schweizversand.ch\\\/fr\\\/produkt\\\/trespass-tick-remover-zeckenentferner\\\/#breadcrumb\",\"itemListElement\":[{\"@type\":\"ListItem\",\"position\":1,\"name\":\"Startseite\",\"item\":\"https:\\\/\\\/schweizversand.ch\\\/fr\\\/home\\\/\"},{\"@type\":\"ListItem\",\"position\":2,\"name\":\"Boutique\",\"item\":\"https:\\\/\\\/schweizversand.ch\\\/fr\\\/boutique\\\/\"},{\"@type\":\"ListItem\",\"position\":3,\"name\":\"Accessoires pour animaux\",\"item\":\"https:\\\/\\\/schweizversand.ch\\\/fr\\\/produkt-kategorie\\\/articles-pour-animaux\\\/\"},{\"@type\":\"ListItem\",\"position\":4,\"name\":\"Chien\",\"item\":\"https:\\\/\\\/schweizversand.ch\\\/fr\\\/produkt-kategorie\\\/articles-pour-animaux\\\/chiens\\\/\"},{\"@type\":\"ListItem\",\"position\":5,\"name\":\"Divers et accessoires\",\"item\":\"https:\\\/\\\/schweizversand.ch\\\/fr\\\/produkt-kategorie\\\/articles-pour-animaux\\\/chiens\\\/diverses-zubehoer\\\/\"},{\"@type\":\"ListItem\",\"position\":6,\"name\":\"Enl\u00e8ve-tiques anti-intrusion &#8211;\"}]},{\"@type\":\"WebSite\",\"@id\":\"https:\\\/\\\/schweizversand.ch\\\/fr\\\/#website\",\"url\":\"https:\\\/\\\/schweizversand.ch\\\/fr\\\/\",\"name\":\"Schweizer Shop f\u00fcr Sport, Spiel und Freizeit\",\"description\":\"Gratisversand ab 50.- (netto), ab eigenem schweizer Lager, Lieferung innert 48h\",\"publisher\":{\"@id\":\"https:\\\/\\\/schweizversand.ch\\\/fr\\\/#organization\"},\"alternateName\":\"Schweizversand.ch\",\"potentialAction\":[{\"@type\":\"SearchAction\",\"target\":{\"@type\":\"EntryPoint\",\"urlTemplate\":\"https:\\\/\\\/schweizversand.ch\\\/fr\\\/?s={search_term_string}\"},\"query-input\":{\"@type\":\"PropertyValueSpecification\",\"valueRequired\":true,\"valueName\":\"search_term_string\"}}],\"inLanguage\":\"fr-FR\"},{\"@type\":\"Organization\",\"@id\":\"https:\\\/\\\/schweizversand.ch\\\/fr\\\/#organization\",\"name\":\"Schweizversand.ch\",\"url\":\"https:\\\/\\\/schweizversand.ch\\\/fr\\\/\",\"logo\":{\"@type\":\"ImageObject\",\"inLanguage\":\"fr-FR\",\"@id\":\"https:\\\/\\\/schweizversand.ch\\\/fr\\\/#\\\/schema\\\/logo\\\/image\\\/\",\"url\":\"https:\\\/\\\/schweizversand.ch\\\/wp-content\\\/uploads\\\/2026\\\/03\\\/Logo_Rund_Final-1.png\",\"contentUrl\":\"https:\\\/\\\/schweizversand.ch\\\/wp-content\\\/uploads\\\/2026\\\/03\\\/Logo_Rund_Final-1.png\",\"width\":404,\"height\":404,\"caption\":\"Schweizversand.ch\"},\"image\":{\"@id\":\"https:\\\/\\\/schweizversand.ch\\\/fr\\\/#\\\/schema\\\/logo\\\/image\\\/\"},\"sameAs\":[\"https:\\\/\\\/www.facebook.com\\\/Schweizversand\",\"https:\\\/\\\/www.instagram.com\\\/schweizversand.ch\\\/\"]}]}<\/script>\n<!-- \/ Yoast SEO plugin. -->","yoast_head_json":{"title":"Trespass TICK REMOVER - Zeckenentferner","description":"Vertreiben Sie die Zecken mit unserem Zeckenentferner. Mit diesem Werkzeug, das in zwei Gr\u00f6\u00dfen erh\u00e4ltlich ist, werden Sie die l\u00e4stigen Zecken von Menschen und H","robots":{"index":"index","follow":"follow","max-snippet":"max-snippet:-1","max-image-preview":"max-image-preview:large","max-video-preview":"max-video-preview:-1"},"canonical":"https:\/\/schweizversand.ch\/fr\/produkt\/trespass-tick-remover-zeckenentferner\/","og_locale":"fr_FR","og_type":"article","og_title":"Trespass TICK REMOVER - Zeckenentferner","og_description":"Vertreiben Sie die Zecken mit unserem Zeckenentferner. Mit diesem Werkzeug, das in zwei Gr\u00f6\u00dfen erh\u00e4ltlich ist, werden Sie die l\u00e4stigen Zecken von Menschen und H","og_url":"https:\/\/schweizversand.ch\/fr\/produkt\/trespass-tick-remover-zeckenentferner\/","og_site_name":"Schweizer Shop f\u00fcr Sport, Spiel und Freizeit","article_publisher":"https:\/\/www.facebook.com\/Schweizversand","article_modified_time":"2026-04-19T13:35:42+00:00","og_image":[{"width":1024,"height":1024,"url":"https:\/\/schweizversand.ch\/wp-content\/uploads\/2026\/02\/5471611712.jpg","type":"image\/jpeg"}],"twitter_card":"summary_large_image","schema":{"@context":"https:\/\/schema.org","@graph":[{"@type":"WebPage","@id":"https:\/\/schweizversand.ch\/fr\/produkt\/trespass-tick-remover-zeckenentferner\/","url":"https:\/\/schweizversand.ch\/fr\/produkt\/trespass-tick-remover-zeckenentferner\/","name":"Trespass TICK REMOVER - Zeckenentferner","isPartOf":{"@id":"https:\/\/schweizversand.ch\/fr\/#website"},"primaryImageOfPage":{"@id":"https:\/\/schweizversand.ch\/fr\/produkt\/trespass-tick-remover-zeckenentferner\/#primaryimage"},"image":{"@id":"https:\/\/schweizversand.ch\/fr\/produkt\/trespass-tick-remover-zeckenentferner\/#primaryimage"},"thumbnailUrl":"https:\/\/schweizversand.ch\/wp-content\/uploads\/2026\/02\/5471611712.jpg","datePublished":"2026-03-14T23:56:36+00:00","dateModified":"2026-04-19T13:35:42+00:00","description":"Vertreiben Sie die Zecken mit unserem Zeckenentferner. Mit diesem Werkzeug, das in zwei Gr\u00f6\u00dfen erh\u00e4ltlich ist, werden Sie die l\u00e4stigen Zecken von Menschen und H","breadcrumb":{"@id":"https:\/\/schweizversand.ch\/fr\/produkt\/trespass-tick-remover-zeckenentferner\/#breadcrumb"},"inLanguage":"fr-FR","potentialAction":[{"@type":"ReadAction","target":["https:\/\/schweizversand.ch\/fr\/produkt\/trespass-tick-remover-zeckenentferner\/"]}]},{"@type":"ImageObject","inLanguage":"fr-FR","@id":"https:\/\/schweizversand.ch\/fr\/produkt\/trespass-tick-remover-zeckenentferner\/#primaryimage","url":"https:\/\/schweizversand.ch\/wp-content\/uploads\/2026\/02\/5471611712.jpg","contentUrl":"https:\/\/schweizversand.ch\/wp-content\/uploads\/2026\/02\/5471611712.jpg","width":1024,"height":1024},{"@type":"BreadcrumbList","@id":"https:\/\/schweizversand.ch\/fr\/produkt\/trespass-tick-remover-zeckenentferner\/#breadcrumb","itemListElement":[{"@type":"ListItem","position":1,"name":"Startseite","item":"https:\/\/schweizversand.ch\/fr\/home\/"},{"@type":"ListItem","position":2,"name":"Boutique","item":"https:\/\/schweizversand.ch\/fr\/boutique\/"},{"@type":"ListItem","position":3,"name":"Accessoires pour animaux","item":"https:\/\/schweizversand.ch\/fr\/produkt-kategorie\/articles-pour-animaux\/"},{"@type":"ListItem","position":4,"name":"Chien","item":"https:\/\/schweizversand.ch\/fr\/produkt-kategorie\/articles-pour-animaux\/chiens\/"},{"@type":"ListItem","position":5,"name":"Divers et accessoires","item":"https:\/\/schweizversand.ch\/fr\/produkt-kategorie\/articles-pour-animaux\/chiens\/diverses-zubehoer\/"},{"@type":"ListItem","position":6,"name":"Enl\u00e8ve-tiques anti-intrusion &#8211;"}]},{"@type":"WebSite","@id":"https:\/\/schweizversand.ch\/fr\/#website","url":"https:\/\/schweizversand.ch\/fr\/","name":"Schweizer Shop f\u00fcr Sport, Spiel und Freizeit","description":"Gratisversand ab 50.- (netto), ab eigenem schweizer Lager, Lieferung innert 48h","publisher":{"@id":"https:\/\/schweizversand.ch\/fr\/#organization"},"alternateName":"Schweizversand.ch","potentialAction":[{"@type":"SearchAction","target":{"@type":"EntryPoint","urlTemplate":"https:\/\/schweizversand.ch\/fr\/?s={search_term_string}"},"query-input":{"@type":"PropertyValueSpecification","valueRequired":true,"valueName":"search_term_string"}}],"inLanguage":"fr-FR"},{"@type":"Organization","@id":"https:\/\/schweizversand.ch\/fr\/#organization","name":"Schweizversand.ch","url":"https:\/\/schweizversand.ch\/fr\/","logo":{"@type":"ImageObject","inLanguage":"fr-FR","@id":"https:\/\/schweizversand.ch\/fr\/#\/schema\/logo\/image\/","url":"https:\/\/schweizversand.ch\/wp-content\/uploads\/2026\/03\/Logo_Rund_Final-1.png","contentUrl":"https:\/\/schweizversand.ch\/wp-content\/uploads\/2026\/03\/Logo_Rund_Final-1.png","width":404,"height":404,"caption":"Schweizversand.ch"},"image":{"@id":"https:\/\/schweizversand.ch\/fr\/#\/schema\/logo\/image\/"},"sameAs":["https:\/\/www.facebook.com\/Schweizversand","https:\/\/www.instagram.com\/schweizversand.ch\/"]}]}},"jetpack_sharing_enabled":true,"_links":{"self":[{"href":"https:\/\/schweizversand.ch\/fr\/wp-json\/wp\/v2\/product\/260194","targetHints":{"allow":["GET"]}}],"collection":[{"href":"https:\/\/schweizversand.ch\/fr\/wp-json\/wp\/v2\/product"}],"about":[{"href":"https:\/\/schweizversand.ch\/fr\/wp-json\/wp\/v2\/types\/product"}],"replies":[{"embeddable":true,"href":"https:\/\/schweizversand.ch\/fr\/wp-json\/wp\/v2\/comments?post=260194"}],"wp:featuredmedia":[{"embeddable":true,"href":"https:\/\/schweizversand.ch\/fr\/wp-json\/wp\/v2\/media\/163021"}],"wp:attachment":[{"href":"https:\/\/schweizversand.ch\/fr\/wp-json\/wp\/v2\/media?parent=260194"}],"wp:term":[{"taxonomy":"product_brand","embeddable":true,"href":"https:\/\/schweizversand.ch\/fr\/wp-json\/wp\/v2\/product_brand?post=260194"},{"taxonomy":"product_cat","embeddable":true,"href":"https:\/\/schweizversand.ch\/fr\/wp-json\/wp\/v2\/product_cat?post=260194"},{"taxonomy":"product_tag","embeddable":true,"href":"https:\/\/schweizversand.ch\/fr\/wp-json\/wp\/v2\/product_tag?post=260194"}],"curies":[{"name":"wp","href":"https:\/\/api.w.org\/{rel}","templated":true}]}}