{"id":260196,"date":"2026-03-15T00:56:36","date_gmt":"2026-03-14T23:56:36","guid":{"rendered":"https:\/\/schweizversand.ch\/produkt\/trespass-marlin-schwimmbrille\/"},"modified":"2026-04-19T15:35:42","modified_gmt":"2026-04-19T13:35:42","slug":"trespass-marlin-schwimmbrille","status":"publish","type":"product","link":"https:\/\/schweizversand.ch\/fr\/produkt\/trespass-marlin-schwimmbrille\/","title":{"rendered":"Lunettes de natation Trespass MARLIN"},"content":{"rendered":"<p>\u2022 Protection UV : Ces lunettes de natation sont dot\u00e9es d&rsquo;une protection UV pour prot\u00e9ger les yeux de votre enfant des rayons nocifs du soleil pendant la baignade.<\/p>\n<\/p>\n<p>\u2022 Traitement antibu\u00e9e : Les lunettes sont \u00e9quip\u00e9es d&rsquo;un traitement antibu\u00e9e qui garantit une vision claire dans l&rsquo;eau en emp\u00eachant la formation de bu\u00e9e.<\/p>\n<\/p>\n<p>\u2022 Joint facial en silicone : Un joint facial en silicone confortable assure un maintien optimal et emp\u00eache l&rsquo;eau de p\u00e9n\u00e9trer dans les lunettes.<\/p>\n<\/p>\n<p>\u2022 Champ de vision ultra-large : Les lunettes offrent un champ de vision ultra-large, am\u00e9liorant la visibilit\u00e9 de votre enfant dans l&rsquo;eau et lui permettant d&rsquo;explorer confortablement son environnement.<\/p>\n<\/p>\n<p>\u2022 \u00c9tui rigide inclus : Chaque paire de lunettes de natation enfant Marlin est fournie avec un \u00e9tui rigide pour un rangement pratique et une protection optimale lorsqu&rsquo;elles ne sont pas utilis\u00e9es.<\/p>\n","protected":false},"excerpt":{"rendered":"<p>Trespass MARLIN sch\u00fctzt Kinderaugen mit UV-Schutz, bietet klare Sicht dank Antibeschlag-Beschichtung und ultraweiten Blick \u2013 inklusive praktischem Hartschalenetui.<\/p>\n","protected":false},"featured_media":163035,"comment_status":"open","ping_status":"closed","template":"","meta":[],"product_brand":[],"product_cat":[38641],"product_tag":[],"class_list":{"0":"post-260196","1":"product","2":"type-product","3":"status-publish","4":"has-post-thumbnail","6":"product_cat-natation-et-plongee","7":"product_shipping_class-global_methods","9":"first","10":"instock","11":"taxable","12":"shipping-taxable","13":"purchasable","14":"product-type-simple"},"yoast_head":"<!-- This site is optimized with the Yoast SEO plugin v27.4 - https:\/\/yoast.com\/product\/yoast-seo-wordpress\/ -->\n<title>Trespass MARLIN - Schwimmbrille<\/title>\n<meta name=\"description\" content=\"\u2022 UV-Schutz: Die Schwimmbrille ist mit UV-Schutz ausgestattet, um die Augen Ihres Kindes vor den sch\u00e4dlichen Sonnenstrahlen beim Schwimmen zu sch\u00fctzen.\u00a0 \u2022 Anti\" \/>\n<meta name=\"robots\" content=\"index, follow, max-snippet:-1, max-image-preview:large, max-video-preview:-1\" \/>\n<link rel=\"canonical\" href=\"https:\/\/schweizversand.ch\/fr\/produkt\/trespass-marlin-schwimmbrille\/\" \/>\n<meta property=\"og:locale\" content=\"fr_FR\" \/>\n<meta property=\"og:type\" content=\"article\" \/>\n<meta property=\"og:title\" content=\"Trespass MARLIN - Schwimmbrille\" \/>\n<meta property=\"og:description\" content=\"\u2022 UV-Schutz: Die Schwimmbrille ist mit UV-Schutz ausgestattet, um die Augen Ihres Kindes vor den sch\u00e4dlichen Sonnenstrahlen beim Schwimmen zu sch\u00fctzen.\u00a0 \u2022 Anti\" \/>\n<meta property=\"og:url\" content=\"https:\/\/schweizversand.ch\/fr\/produkt\/trespass-marlin-schwimmbrille\/\" \/>\n<meta property=\"og:site_name\" content=\"Schweizer Shop f\u00fcr Sport, Spiel und Freizeit\" \/>\n<meta property=\"article:publisher\" content=\"https:\/\/www.facebook.com\/Schweizversand\" \/>\n<meta property=\"article:modified_time\" content=\"2026-04-19T13:35:42+00:00\" \/>\n<meta property=\"og:image\" content=\"https:\/\/schweizversand.ch\/wp-content\/uploads\/2026\/02\/5471513857.jpg\" \/>\n\t<meta property=\"og:image:width\" content=\"1024\" \/>\n\t<meta property=\"og:image:height\" content=\"484\" \/>\n\t<meta property=\"og:image:type\" content=\"image\/jpeg\" \/>\n<meta name=\"twitter:card\" content=\"summary_large_image\" \/>\n<meta name=\"twitter:label1\" content=\"Dur\u00e9e de lecture estim\u00e9e\" \/>\n\t<meta name=\"twitter:data1\" content=\"1 minute\" \/>\n<script type=\"application\/ld+json\" class=\"yoast-schema-graph\">{\"@context\":\"https:\\\/\\\/schema.org\",\"@graph\":[{\"@type\":\"WebPage\",\"@id\":\"https:\\\/\\\/schweizversand.ch\\\/fr\\\/produkt\\\/trespass-marlin-schwimmbrille\\\/\",\"url\":\"https:\\\/\\\/schweizversand.ch\\\/fr\\\/produkt\\\/trespass-marlin-schwimmbrille\\\/\",\"name\":\"Trespass MARLIN - Schwimmbrille\",\"isPartOf\":{\"@id\":\"https:\\\/\\\/schweizversand.ch\\\/fr\\\/#website\"},\"primaryImageOfPage\":{\"@id\":\"https:\\\/\\\/schweizversand.ch\\\/fr\\\/produkt\\\/trespass-marlin-schwimmbrille\\\/#primaryimage\"},\"image\":{\"@id\":\"https:\\\/\\\/schweizversand.ch\\\/fr\\\/produkt\\\/trespass-marlin-schwimmbrille\\\/#primaryimage\"},\"thumbnailUrl\":\"https:\\\/\\\/schweizversand.ch\\\/wp-content\\\/uploads\\\/2026\\\/02\\\/5471513857.jpg\",\"datePublished\":\"2026-03-14T23:56:36+00:00\",\"dateModified\":\"2026-04-19T13:35:42+00:00\",\"description\":\"\u2022 UV-Schutz: Die Schwimmbrille ist mit UV-Schutz ausgestattet, um die Augen Ihres Kindes vor den sch\u00e4dlichen Sonnenstrahlen beim Schwimmen zu sch\u00fctzen.\u00a0 \u2022 Anti\",\"breadcrumb\":{\"@id\":\"https:\\\/\\\/schweizversand.ch\\\/fr\\\/produkt\\\/trespass-marlin-schwimmbrille\\\/#breadcrumb\"},\"inLanguage\":\"fr-FR\",\"potentialAction\":[{\"@type\":\"ReadAction\",\"target\":[\"https:\\\/\\\/schweizversand.ch\\\/fr\\\/produkt\\\/trespass-marlin-schwimmbrille\\\/\"]}]},{\"@type\":\"ImageObject\",\"inLanguage\":\"fr-FR\",\"@id\":\"https:\\\/\\\/schweizversand.ch\\\/fr\\\/produkt\\\/trespass-marlin-schwimmbrille\\\/#primaryimage\",\"url\":\"https:\\\/\\\/schweizversand.ch\\\/wp-content\\\/uploads\\\/2026\\\/02\\\/5471513857.jpg\",\"contentUrl\":\"https:\\\/\\\/schweizversand.ch\\\/wp-content\\\/uploads\\\/2026\\\/02\\\/5471513857.jpg\",\"width\":1024,\"height\":484},{\"@type\":\"BreadcrumbList\",\"@id\":\"https:\\\/\\\/schweizversand.ch\\\/fr\\\/produkt\\\/trespass-marlin-schwimmbrille\\\/#breadcrumb\",\"itemListElement\":[{\"@type\":\"ListItem\",\"position\":1,\"name\":\"Startseite\",\"item\":\"https:\\\/\\\/schweizversand.ch\\\/fr\\\/home\\\/\"},{\"@type\":\"ListItem\",\"position\":2,\"name\":\"Boutique\",\"item\":\"https:\\\/\\\/schweizversand.ch\\\/fr\\\/boutique\\\/\"},{\"@type\":\"ListItem\",\"position\":3,\"name\":\"Sports\",\"item\":\"https:\\\/\\\/schweizversand.ch\\\/fr\\\/produkt-kategorie\\\/sports\\\/\"},{\"@type\":\"ListItem\",\"position\":4,\"name\":\"Sports nautiques\",\"item\":\"https:\\\/\\\/schweizversand.ch\\\/fr\\\/produkt-kategorie\\\/sports\\\/sports-nautiques\\\/\"},{\"@type\":\"ListItem\",\"position\":5,\"name\":\"Natation et plong\u00e9e\",\"item\":\"https:\\\/\\\/schweizversand.ch\\\/fr\\\/produkt-kategorie\\\/sports\\\/sports-nautiques\\\/natation-et-plongee\\\/\"},{\"@type\":\"ListItem\",\"position\":6,\"name\":\"Lunettes de natation Trespass MARLIN\"}]},{\"@type\":\"WebSite\",\"@id\":\"https:\\\/\\\/schweizversand.ch\\\/fr\\\/#website\",\"url\":\"https:\\\/\\\/schweizversand.ch\\\/fr\\\/\",\"name\":\"Schweizer Shop f\u00fcr Sport, Spiel und Freizeit\",\"description\":\"Gratisversand ab 50.- (netto), ab eigenem schweizer Lager, Lieferung innert 48h\",\"publisher\":{\"@id\":\"https:\\\/\\\/schweizversand.ch\\\/fr\\\/#organization\"},\"alternateName\":\"Schweizversand.ch\",\"potentialAction\":[{\"@type\":\"SearchAction\",\"target\":{\"@type\":\"EntryPoint\",\"urlTemplate\":\"https:\\\/\\\/schweizversand.ch\\\/fr\\\/?s={search_term_string}\"},\"query-input\":{\"@type\":\"PropertyValueSpecification\",\"valueRequired\":true,\"valueName\":\"search_term_string\"}}],\"inLanguage\":\"fr-FR\"},{\"@type\":\"Organization\",\"@id\":\"https:\\\/\\\/schweizversand.ch\\\/fr\\\/#organization\",\"name\":\"Schweizversand.ch\",\"url\":\"https:\\\/\\\/schweizversand.ch\\\/fr\\\/\",\"logo\":{\"@type\":\"ImageObject\",\"inLanguage\":\"fr-FR\",\"@id\":\"https:\\\/\\\/schweizversand.ch\\\/fr\\\/#\\\/schema\\\/logo\\\/image\\\/\",\"url\":\"https:\\\/\\\/schweizversand.ch\\\/wp-content\\\/uploads\\\/2026\\\/03\\\/Logo_Rund_Final-1.png\",\"contentUrl\":\"https:\\\/\\\/schweizversand.ch\\\/wp-content\\\/uploads\\\/2026\\\/03\\\/Logo_Rund_Final-1.png\",\"width\":404,\"height\":404,\"caption\":\"Schweizversand.ch\"},\"image\":{\"@id\":\"https:\\\/\\\/schweizversand.ch\\\/fr\\\/#\\\/schema\\\/logo\\\/image\\\/\"},\"sameAs\":[\"https:\\\/\\\/www.facebook.com\\\/Schweizversand\",\"https:\\\/\\\/www.instagram.com\\\/schweizversand.ch\\\/\"]}]}<\/script>\n<!-- \/ Yoast SEO plugin. -->","yoast_head_json":{"title":"Trespass MARLIN - Schwimmbrille","description":"\u2022 UV-Schutz: Die Schwimmbrille ist mit UV-Schutz ausgestattet, um die Augen Ihres Kindes vor den sch\u00e4dlichen Sonnenstrahlen beim Schwimmen zu sch\u00fctzen.\u00a0 \u2022 Anti","robots":{"index":"index","follow":"follow","max-snippet":"max-snippet:-1","max-image-preview":"max-image-preview:large","max-video-preview":"max-video-preview:-1"},"canonical":"https:\/\/schweizversand.ch\/fr\/produkt\/trespass-marlin-schwimmbrille\/","og_locale":"fr_FR","og_type":"article","og_title":"Trespass MARLIN - Schwimmbrille","og_description":"\u2022 UV-Schutz: Die Schwimmbrille ist mit UV-Schutz ausgestattet, um die Augen Ihres Kindes vor den sch\u00e4dlichen Sonnenstrahlen beim Schwimmen zu sch\u00fctzen.\u00a0 \u2022 Anti","og_url":"https:\/\/schweizversand.ch\/fr\/produkt\/trespass-marlin-schwimmbrille\/","og_site_name":"Schweizer Shop f\u00fcr Sport, Spiel und Freizeit","article_publisher":"https:\/\/www.facebook.com\/Schweizversand","article_modified_time":"2026-04-19T13:35:42+00:00","og_image":[{"width":1024,"height":484,"url":"https:\/\/schweizversand.ch\/wp-content\/uploads\/2026\/02\/5471513857.jpg","type":"image\/jpeg"}],"twitter_card":"summary_large_image","twitter_misc":{"Dur\u00e9e de lecture estim\u00e9e":"1 minute"},"schema":{"@context":"https:\/\/schema.org","@graph":[{"@type":"WebPage","@id":"https:\/\/schweizversand.ch\/fr\/produkt\/trespass-marlin-schwimmbrille\/","url":"https:\/\/schweizversand.ch\/fr\/produkt\/trespass-marlin-schwimmbrille\/","name":"Trespass MARLIN - Schwimmbrille","isPartOf":{"@id":"https:\/\/schweizversand.ch\/fr\/#website"},"primaryImageOfPage":{"@id":"https:\/\/schweizversand.ch\/fr\/produkt\/trespass-marlin-schwimmbrille\/#primaryimage"},"image":{"@id":"https:\/\/schweizversand.ch\/fr\/produkt\/trespass-marlin-schwimmbrille\/#primaryimage"},"thumbnailUrl":"https:\/\/schweizversand.ch\/wp-content\/uploads\/2026\/02\/5471513857.jpg","datePublished":"2026-03-14T23:56:36+00:00","dateModified":"2026-04-19T13:35:42+00:00","description":"\u2022 UV-Schutz: Die Schwimmbrille ist mit UV-Schutz ausgestattet, um die Augen Ihres Kindes vor den sch\u00e4dlichen Sonnenstrahlen beim Schwimmen zu sch\u00fctzen.\u00a0 \u2022 Anti","breadcrumb":{"@id":"https:\/\/schweizversand.ch\/fr\/produkt\/trespass-marlin-schwimmbrille\/#breadcrumb"},"inLanguage":"fr-FR","potentialAction":[{"@type":"ReadAction","target":["https:\/\/schweizversand.ch\/fr\/produkt\/trespass-marlin-schwimmbrille\/"]}]},{"@type":"ImageObject","inLanguage":"fr-FR","@id":"https:\/\/schweizversand.ch\/fr\/produkt\/trespass-marlin-schwimmbrille\/#primaryimage","url":"https:\/\/schweizversand.ch\/wp-content\/uploads\/2026\/02\/5471513857.jpg","contentUrl":"https:\/\/schweizversand.ch\/wp-content\/uploads\/2026\/02\/5471513857.jpg","width":1024,"height":484},{"@type":"BreadcrumbList","@id":"https:\/\/schweizversand.ch\/fr\/produkt\/trespass-marlin-schwimmbrille\/#breadcrumb","itemListElement":[{"@type":"ListItem","position":1,"name":"Startseite","item":"https:\/\/schweizversand.ch\/fr\/home\/"},{"@type":"ListItem","position":2,"name":"Boutique","item":"https:\/\/schweizversand.ch\/fr\/boutique\/"},{"@type":"ListItem","position":3,"name":"Sports","item":"https:\/\/schweizversand.ch\/fr\/produkt-kategorie\/sports\/"},{"@type":"ListItem","position":4,"name":"Sports nautiques","item":"https:\/\/schweizversand.ch\/fr\/produkt-kategorie\/sports\/sports-nautiques\/"},{"@type":"ListItem","position":5,"name":"Natation et plong\u00e9e","item":"https:\/\/schweizversand.ch\/fr\/produkt-kategorie\/sports\/sports-nautiques\/natation-et-plongee\/"},{"@type":"ListItem","position":6,"name":"Lunettes de natation Trespass MARLIN"}]},{"@type":"WebSite","@id":"https:\/\/schweizversand.ch\/fr\/#website","url":"https:\/\/schweizversand.ch\/fr\/","name":"Schweizer Shop f\u00fcr Sport, Spiel und Freizeit","description":"Gratisversand ab 50.- (netto), ab eigenem schweizer Lager, Lieferung innert 48h","publisher":{"@id":"https:\/\/schweizversand.ch\/fr\/#organization"},"alternateName":"Schweizversand.ch","potentialAction":[{"@type":"SearchAction","target":{"@type":"EntryPoint","urlTemplate":"https:\/\/schweizversand.ch\/fr\/?s={search_term_string}"},"query-input":{"@type":"PropertyValueSpecification","valueRequired":true,"valueName":"search_term_string"}}],"inLanguage":"fr-FR"},{"@type":"Organization","@id":"https:\/\/schweizversand.ch\/fr\/#organization","name":"Schweizversand.ch","url":"https:\/\/schweizversand.ch\/fr\/","logo":{"@type":"ImageObject","inLanguage":"fr-FR","@id":"https:\/\/schweizversand.ch\/fr\/#\/schema\/logo\/image\/","url":"https:\/\/schweizversand.ch\/wp-content\/uploads\/2026\/03\/Logo_Rund_Final-1.png","contentUrl":"https:\/\/schweizversand.ch\/wp-content\/uploads\/2026\/03\/Logo_Rund_Final-1.png","width":404,"height":404,"caption":"Schweizversand.ch"},"image":{"@id":"https:\/\/schweizversand.ch\/fr\/#\/schema\/logo\/image\/"},"sameAs":["https:\/\/www.facebook.com\/Schweizversand","https:\/\/www.instagram.com\/schweizversand.ch\/"]}]}},"jetpack_sharing_enabled":true,"_links":{"self":[{"href":"https:\/\/schweizversand.ch\/fr\/wp-json\/wp\/v2\/product\/260196","targetHints":{"allow":["GET"]}}],"collection":[{"href":"https:\/\/schweizversand.ch\/fr\/wp-json\/wp\/v2\/product"}],"about":[{"href":"https:\/\/schweizversand.ch\/fr\/wp-json\/wp\/v2\/types\/product"}],"replies":[{"embeddable":true,"href":"https:\/\/schweizversand.ch\/fr\/wp-json\/wp\/v2\/comments?post=260196"}],"wp:featuredmedia":[{"embeddable":true,"href":"https:\/\/schweizversand.ch\/fr\/wp-json\/wp\/v2\/media\/163035"}],"wp:attachment":[{"href":"https:\/\/schweizversand.ch\/fr\/wp-json\/wp\/v2\/media?parent=260196"}],"wp:term":[{"taxonomy":"product_brand","embeddable":true,"href":"https:\/\/schweizversand.ch\/fr\/wp-json\/wp\/v2\/product_brand?post=260196"},{"taxonomy":"product_cat","embeddable":true,"href":"https:\/\/schweizversand.ch\/fr\/wp-json\/wp\/v2\/product_cat?post=260196"},{"taxonomy":"product_tag","embeddable":true,"href":"https:\/\/schweizversand.ch\/fr\/wp-json\/wp\/v2\/product_tag?post=260196"}],"curies":[{"name":"wp","href":"https:\/\/api.w.org\/{rel}","templated":true}]}}