{"id":260202,"date":"2026-03-15T00:56:37","date_gmt":"2026-03-14T23:56:37","guid":{"rendered":"https:\/\/schweizversand.ch\/produkt\/trespass-memow-reisekissen\/"},"modified":"2026-04-20T02:04:07","modified_gmt":"2026-04-20T00:04:07","slug":"trespass-memow-reisekissen","status":"publish","type":"product","link":"https:\/\/schweizversand.ch\/fr\/produkt\/trespass-memow-reisekissen\/","title":{"rendered":"Oreiller de voyage Trespass MEMOW"},"content":{"rendered":"<h1><strong>Oreiller cervical MEMOW en mousse \u00e0 m\u00e9moire de forme \u2013 Votre compagnon de voyage id\u00e9al<\/strong><\/h1>\n<div>L&rsquo;oreiller cervical MEMOW est l&rsquo;accessoire indispensable pour voyager en toute s\u00e9r\u00e9nit\u00e9. Cet oreiller cervical de haute qualit\u00e9 offre le soutien n\u00e9cessaire pour arriver frais et dispos, m\u00eame apr\u00e8s de longs trajets ou en avion.<\/p>\n<\/div>\n<div><strong>Confort optimal en voyage gr\u00e2ce \u00e0 la mousse \u00e0 m\u00e9moire de forme<\/strong><br \/>B\u00e9n\u00e9ficiez d&rsquo;un soutien sup\u00e9rieur gr\u00e2ce au rembourrage en mousse \u00e0 m\u00e9moire de forme hautement \u00e9lastique de cet oreiller cervical. Cette mousse sp\u00e9ciale \u00e9pouse parfaitement les contours de votre cou, soulageant efficacement les cervicales et pr\u00e9venant les tensions. Profitez d&rsquo;un soutien constant et fiable, que ce soit en avion, en train ou en voiture. Des d\u00e9tails pratiques pour une utilisation simplifi\u00e9e\u00a0: l&rsquo;oreiller de voyage MEMOW est con\u00e7u pour un usage quotidien et offre des fonctionnalit\u00e9s pratiques qui am\u00e9liorent le confort. Une fermeture \u00e0 pression int\u00e9gr\u00e9e au niveau du cou assure un maintien parfait de l&rsquo;oreiller et emp\u00eache qu&rsquo;il ne glisse. Entretien facile et hygi\u00e8ne garantie : pour une fra\u00eecheur durable, l&rsquo;oreiller est dot\u00e9 d&rsquo;une housse amovible. Douce et agr\u00e9able au toucher, la housse en polaire 100 % polyester se retire et se lave facilement, assurant ainsi une hygi\u00e8ne optimale de votre oreiller cervical. Caract\u00e9ristiques principales : &#8211; Garnissage : Mousse \u00e0 m\u00e9moire de forme haute qualit\u00e9 pour un soutien et un soulagement des points de pression optimaux &#8211; Mati\u00e8re de la housse : Polaire douce (100 % polyester) &#8211; Fonctionnalit\u00e9 : Housse amovible pour un nettoyage facile &#8211; Fermeture : Fermeture \u00e0 pression pratique pour un maintien s\u00fbr. Offrez-vous un moment de d\u00e9tente et faites de l&rsquo;oreiller cervical MEMOW un indispensable de votre prochain voyage. Commandez d\u00e8s maintenant et d\u00e9couvrez la diff\u00e9rence qu&rsquo;apporte un bon maintien de la nuque.<\/p>\n","protected":false},"excerpt":{"rendered":"<p>Trespass MEMOW bietet dank Memory Foam perfekten Nackenhalt und erstklassigen Komfort f\u00fcr entspanntes Reisen \u2013 ideal f\u00fcr Flugzeug, Zug und Auto.<\/p>\n","protected":false},"featured_media":163057,"comment_status":"open","ping_status":"closed","template":"","meta":[],"product_brand":[],"product_cat":[38863],"product_tag":[],"class_list":{"0":"post-260202","1":"product","2":"type-product","3":"status-publish","4":"has-post-thumbnail","6":"product_cat-reisekissen","7":"product_shipping_class-global_methods","9":"first","10":"instock","11":"taxable","12":"shipping-taxable","13":"purchasable","14":"product-type-simple"},"yoast_head":"<!-- This site is optimized with the Yoast SEO plugin v27.4 - https:\/\/yoast.com\/product\/yoast-seo-wordpress\/ -->\n<title>Trespass MEMOW - Reisekissen<\/title>\n<meta name=\"description\" content=\"MEMOW Memory Foam Nackenkissen \u2013 Ihr perfekter Reisebegleiter Das MEMOW Nackenkissen ist der unverzichtbare Reisebegleiter f\u00fcr alle, die Wert auf maximalen Komf\" \/>\n<meta name=\"robots\" content=\"index, follow, max-snippet:-1, max-image-preview:large, max-video-preview:-1\" \/>\n<link rel=\"canonical\" href=\"https:\/\/schweizversand.ch\/fr\/produkt\/trespass-memow-reisekissen\/\" \/>\n<meta property=\"og:locale\" content=\"fr_FR\" \/>\n<meta property=\"og:type\" content=\"article\" \/>\n<meta property=\"og:title\" content=\"Trespass MEMOW - Reisekissen\" \/>\n<meta property=\"og:description\" content=\"MEMOW Memory Foam Nackenkissen \u2013 Ihr perfekter Reisebegleiter Das MEMOW Nackenkissen ist der unverzichtbare Reisebegleiter f\u00fcr alle, die Wert auf maximalen Komf\" \/>\n<meta property=\"og:url\" content=\"https:\/\/schweizversand.ch\/fr\/produkt\/trespass-memow-reisekissen\/\" \/>\n<meta property=\"og:site_name\" content=\"Schweizer Shop f\u00fcr Sport, Spiel und Freizeit\" \/>\n<meta property=\"article:publisher\" content=\"https:\/\/www.facebook.com\/Schweizversand\" \/>\n<meta property=\"article:modified_time\" content=\"2026-04-20T00:04:07+00:00\" \/>\n<meta property=\"og:image\" content=\"https:\/\/schweizversand.ch\/wp-content\/uploads\/2026\/02\/5471516001.jpg\" \/>\n\t<meta property=\"og:image:width\" content=\"1024\" \/>\n\t<meta property=\"og:image:height\" content=\"1024\" \/>\n\t<meta property=\"og:image:type\" content=\"image\/jpeg\" \/>\n<meta name=\"twitter:card\" content=\"summary_large_image\" \/>\n<meta name=\"twitter:label1\" content=\"Dur\u00e9e de lecture estim\u00e9e\" \/>\n\t<meta name=\"twitter:data1\" content=\"2 minutes\" \/>\n<script type=\"application\/ld+json\" class=\"yoast-schema-graph\">{\"@context\":\"https:\\\/\\\/schema.org\",\"@graph\":[{\"@type\":\"WebPage\",\"@id\":\"https:\\\/\\\/schweizversand.ch\\\/fr\\\/produkt\\\/trespass-memow-reisekissen\\\/\",\"url\":\"https:\\\/\\\/schweizversand.ch\\\/fr\\\/produkt\\\/trespass-memow-reisekissen\\\/\",\"name\":\"Trespass MEMOW - Reisekissen\",\"isPartOf\":{\"@id\":\"https:\\\/\\\/schweizversand.ch\\\/fr\\\/#website\"},\"primaryImageOfPage\":{\"@id\":\"https:\\\/\\\/schweizversand.ch\\\/fr\\\/produkt\\\/trespass-memow-reisekissen\\\/#primaryimage\"},\"image\":{\"@id\":\"https:\\\/\\\/schweizversand.ch\\\/fr\\\/produkt\\\/trespass-memow-reisekissen\\\/#primaryimage\"},\"thumbnailUrl\":\"https:\\\/\\\/schweizversand.ch\\\/wp-content\\\/uploads\\\/2026\\\/02\\\/5471516001.jpg\",\"datePublished\":\"2026-03-14T23:56:37+00:00\",\"dateModified\":\"2026-04-20T00:04:07+00:00\",\"description\":\"MEMOW Memory Foam Nackenkissen \u2013 Ihr perfekter Reisebegleiter Das MEMOW Nackenkissen ist der unverzichtbare Reisebegleiter f\u00fcr alle, die Wert auf maximalen Komf\",\"breadcrumb\":{\"@id\":\"https:\\\/\\\/schweizversand.ch\\\/fr\\\/produkt\\\/trespass-memow-reisekissen\\\/#breadcrumb\"},\"inLanguage\":\"fr-FR\",\"potentialAction\":[{\"@type\":\"ReadAction\",\"target\":[\"https:\\\/\\\/schweizversand.ch\\\/fr\\\/produkt\\\/trespass-memow-reisekissen\\\/\"]}]},{\"@type\":\"ImageObject\",\"inLanguage\":\"fr-FR\",\"@id\":\"https:\\\/\\\/schweizversand.ch\\\/fr\\\/produkt\\\/trespass-memow-reisekissen\\\/#primaryimage\",\"url\":\"https:\\\/\\\/schweizversand.ch\\\/wp-content\\\/uploads\\\/2026\\\/02\\\/5471516001.jpg\",\"contentUrl\":\"https:\\\/\\\/schweizversand.ch\\\/wp-content\\\/uploads\\\/2026\\\/02\\\/5471516001.jpg\",\"width\":1024,\"height\":1024},{\"@type\":\"BreadcrumbList\",\"@id\":\"https:\\\/\\\/schweizversand.ch\\\/fr\\\/produkt\\\/trespass-memow-reisekissen\\\/#breadcrumb\",\"itemListElement\":[{\"@type\":\"ListItem\",\"position\":1,\"name\":\"Startseite\",\"item\":\"https:\\\/\\\/schweizversand.ch\\\/fr\\\/home\\\/\"},{\"@type\":\"ListItem\",\"position\":2,\"name\":\"Boutique\",\"item\":\"https:\\\/\\\/schweizversand.ch\\\/fr\\\/boutique\\\/\"},{\"@type\":\"ListItem\",\"position\":3,\"name\":\"Voyages\",\"item\":\"https:\\\/\\\/schweizversand.ch\\\/fr\\\/produkt-kategorie\\\/voyages\\\/\"},{\"@type\":\"ListItem\",\"position\":4,\"name\":\"Accessoires de voyage\",\"item\":\"https:\\\/\\\/schweizversand.ch\\\/fr\\\/produkt-kategorie\\\/voyages\\\/accessoires-de-voyage\\\/\"},{\"@type\":\"ListItem\",\"position\":5,\"name\":\"Oreillers de voyage\",\"item\":\"https:\\\/\\\/schweizversand.ch\\\/fr\\\/produkt-kategorie\\\/voyages\\\/accessoires-de-voyage\\\/reisekissen\\\/\"},{\"@type\":\"ListItem\",\"position\":6,\"name\":\"Oreiller de voyage Trespass MEMOW\"}]},{\"@type\":\"WebSite\",\"@id\":\"https:\\\/\\\/schweizversand.ch\\\/fr\\\/#website\",\"url\":\"https:\\\/\\\/schweizversand.ch\\\/fr\\\/\",\"name\":\"Schweizer Shop f\u00fcr Sport, Spiel und Freizeit\",\"description\":\"Gratisversand ab 50.- (netto), ab eigenem schweizer Lager, Lieferung innert 48h\",\"publisher\":{\"@id\":\"https:\\\/\\\/schweizversand.ch\\\/fr\\\/#organization\"},\"alternateName\":\"Schweizversand.ch\",\"potentialAction\":[{\"@type\":\"SearchAction\",\"target\":{\"@type\":\"EntryPoint\",\"urlTemplate\":\"https:\\\/\\\/schweizversand.ch\\\/fr\\\/?s={search_term_string}\"},\"query-input\":{\"@type\":\"PropertyValueSpecification\",\"valueRequired\":true,\"valueName\":\"search_term_string\"}}],\"inLanguage\":\"fr-FR\"},{\"@type\":\"Organization\",\"@id\":\"https:\\\/\\\/schweizversand.ch\\\/fr\\\/#organization\",\"name\":\"Schweizversand.ch\",\"url\":\"https:\\\/\\\/schweizversand.ch\\\/fr\\\/\",\"logo\":{\"@type\":\"ImageObject\",\"inLanguage\":\"fr-FR\",\"@id\":\"https:\\\/\\\/schweizversand.ch\\\/fr\\\/#\\\/schema\\\/logo\\\/image\\\/\",\"url\":\"https:\\\/\\\/schweizversand.ch\\\/wp-content\\\/uploads\\\/2026\\\/03\\\/Logo_Rund_Final-1.png\",\"contentUrl\":\"https:\\\/\\\/schweizversand.ch\\\/wp-content\\\/uploads\\\/2026\\\/03\\\/Logo_Rund_Final-1.png\",\"width\":404,\"height\":404,\"caption\":\"Schweizversand.ch\"},\"image\":{\"@id\":\"https:\\\/\\\/schweizversand.ch\\\/fr\\\/#\\\/schema\\\/logo\\\/image\\\/\"},\"sameAs\":[\"https:\\\/\\\/www.facebook.com\\\/Schweizversand\",\"https:\\\/\\\/www.instagram.com\\\/schweizversand.ch\\\/\"]}]}<\/script>\n<!-- \/ Yoast SEO plugin. -->","yoast_head_json":{"title":"Trespass MEMOW - Reisekissen","description":"MEMOW Memory Foam Nackenkissen \u2013 Ihr perfekter Reisebegleiter Das MEMOW Nackenkissen ist der unverzichtbare Reisebegleiter f\u00fcr alle, die Wert auf maximalen Komf","robots":{"index":"index","follow":"follow","max-snippet":"max-snippet:-1","max-image-preview":"max-image-preview:large","max-video-preview":"max-video-preview:-1"},"canonical":"https:\/\/schweizversand.ch\/fr\/produkt\/trespass-memow-reisekissen\/","og_locale":"fr_FR","og_type":"article","og_title":"Trespass MEMOW - Reisekissen","og_description":"MEMOW Memory Foam Nackenkissen \u2013 Ihr perfekter Reisebegleiter Das MEMOW Nackenkissen ist der unverzichtbare Reisebegleiter f\u00fcr alle, die Wert auf maximalen Komf","og_url":"https:\/\/schweizversand.ch\/fr\/produkt\/trespass-memow-reisekissen\/","og_site_name":"Schweizer Shop f\u00fcr Sport, Spiel und Freizeit","article_publisher":"https:\/\/www.facebook.com\/Schweizversand","article_modified_time":"2026-04-20T00:04:07+00:00","og_image":[{"width":1024,"height":1024,"url":"https:\/\/schweizversand.ch\/wp-content\/uploads\/2026\/02\/5471516001.jpg","type":"image\/jpeg"}],"twitter_card":"summary_large_image","twitter_misc":{"Dur\u00e9e de lecture estim\u00e9e":"2 minutes"},"schema":{"@context":"https:\/\/schema.org","@graph":[{"@type":"WebPage","@id":"https:\/\/schweizversand.ch\/fr\/produkt\/trespass-memow-reisekissen\/","url":"https:\/\/schweizversand.ch\/fr\/produkt\/trespass-memow-reisekissen\/","name":"Trespass MEMOW - Reisekissen","isPartOf":{"@id":"https:\/\/schweizversand.ch\/fr\/#website"},"primaryImageOfPage":{"@id":"https:\/\/schweizversand.ch\/fr\/produkt\/trespass-memow-reisekissen\/#primaryimage"},"image":{"@id":"https:\/\/schweizversand.ch\/fr\/produkt\/trespass-memow-reisekissen\/#primaryimage"},"thumbnailUrl":"https:\/\/schweizversand.ch\/wp-content\/uploads\/2026\/02\/5471516001.jpg","datePublished":"2026-03-14T23:56:37+00:00","dateModified":"2026-04-20T00:04:07+00:00","description":"MEMOW Memory Foam Nackenkissen \u2013 Ihr perfekter Reisebegleiter Das MEMOW Nackenkissen ist der unverzichtbare Reisebegleiter f\u00fcr alle, die Wert auf maximalen Komf","breadcrumb":{"@id":"https:\/\/schweizversand.ch\/fr\/produkt\/trespass-memow-reisekissen\/#breadcrumb"},"inLanguage":"fr-FR","potentialAction":[{"@type":"ReadAction","target":["https:\/\/schweizversand.ch\/fr\/produkt\/trespass-memow-reisekissen\/"]}]},{"@type":"ImageObject","inLanguage":"fr-FR","@id":"https:\/\/schweizversand.ch\/fr\/produkt\/trespass-memow-reisekissen\/#primaryimage","url":"https:\/\/schweizversand.ch\/wp-content\/uploads\/2026\/02\/5471516001.jpg","contentUrl":"https:\/\/schweizversand.ch\/wp-content\/uploads\/2026\/02\/5471516001.jpg","width":1024,"height":1024},{"@type":"BreadcrumbList","@id":"https:\/\/schweizversand.ch\/fr\/produkt\/trespass-memow-reisekissen\/#breadcrumb","itemListElement":[{"@type":"ListItem","position":1,"name":"Startseite","item":"https:\/\/schweizversand.ch\/fr\/home\/"},{"@type":"ListItem","position":2,"name":"Boutique","item":"https:\/\/schweizversand.ch\/fr\/boutique\/"},{"@type":"ListItem","position":3,"name":"Voyages","item":"https:\/\/schweizversand.ch\/fr\/produkt-kategorie\/voyages\/"},{"@type":"ListItem","position":4,"name":"Accessoires de voyage","item":"https:\/\/schweizversand.ch\/fr\/produkt-kategorie\/voyages\/accessoires-de-voyage\/"},{"@type":"ListItem","position":5,"name":"Oreillers de voyage","item":"https:\/\/schweizversand.ch\/fr\/produkt-kategorie\/voyages\/accessoires-de-voyage\/reisekissen\/"},{"@type":"ListItem","position":6,"name":"Oreiller de voyage Trespass MEMOW"}]},{"@type":"WebSite","@id":"https:\/\/schweizversand.ch\/fr\/#website","url":"https:\/\/schweizversand.ch\/fr\/","name":"Schweizer Shop f\u00fcr Sport, Spiel und Freizeit","description":"Gratisversand ab 50.- (netto), ab eigenem schweizer Lager, Lieferung innert 48h","publisher":{"@id":"https:\/\/schweizversand.ch\/fr\/#organization"},"alternateName":"Schweizversand.ch","potentialAction":[{"@type":"SearchAction","target":{"@type":"EntryPoint","urlTemplate":"https:\/\/schweizversand.ch\/fr\/?s={search_term_string}"},"query-input":{"@type":"PropertyValueSpecification","valueRequired":true,"valueName":"search_term_string"}}],"inLanguage":"fr-FR"},{"@type":"Organization","@id":"https:\/\/schweizversand.ch\/fr\/#organization","name":"Schweizversand.ch","url":"https:\/\/schweizversand.ch\/fr\/","logo":{"@type":"ImageObject","inLanguage":"fr-FR","@id":"https:\/\/schweizversand.ch\/fr\/#\/schema\/logo\/image\/","url":"https:\/\/schweizversand.ch\/wp-content\/uploads\/2026\/03\/Logo_Rund_Final-1.png","contentUrl":"https:\/\/schweizversand.ch\/wp-content\/uploads\/2026\/03\/Logo_Rund_Final-1.png","width":404,"height":404,"caption":"Schweizversand.ch"},"image":{"@id":"https:\/\/schweizversand.ch\/fr\/#\/schema\/logo\/image\/"},"sameAs":["https:\/\/www.facebook.com\/Schweizversand","https:\/\/www.instagram.com\/schweizversand.ch\/"]}]}},"jetpack_sharing_enabled":true,"_links":{"self":[{"href":"https:\/\/schweizversand.ch\/fr\/wp-json\/wp\/v2\/product\/260202","targetHints":{"allow":["GET"]}}],"collection":[{"href":"https:\/\/schweizversand.ch\/fr\/wp-json\/wp\/v2\/product"}],"about":[{"href":"https:\/\/schweizversand.ch\/fr\/wp-json\/wp\/v2\/types\/product"}],"replies":[{"embeddable":true,"href":"https:\/\/schweizversand.ch\/fr\/wp-json\/wp\/v2\/comments?post=260202"}],"wp:featuredmedia":[{"embeddable":true,"href":"https:\/\/schweizversand.ch\/fr\/wp-json\/wp\/v2\/media\/163057"}],"wp:attachment":[{"href":"https:\/\/schweizversand.ch\/fr\/wp-json\/wp\/v2\/media?parent=260202"}],"wp:term":[{"taxonomy":"product_brand","embeddable":true,"href":"https:\/\/schweizversand.ch\/fr\/wp-json\/wp\/v2\/product_brand?post=260202"},{"taxonomy":"product_cat","embeddable":true,"href":"https:\/\/schweizversand.ch\/fr\/wp-json\/wp\/v2\/product_cat?post=260202"},{"taxonomy":"product_tag","embeddable":true,"href":"https:\/\/schweizversand.ch\/fr\/wp-json\/wp\/v2\/product_tag?post=260202"}],"curies":[{"name":"wp","href":"https:\/\/api.w.org\/{rel}","templated":true}]}}