{"id":260203,"date":"2026-03-20T02:01:08","date_gmt":"2026-03-20T01:01:08","guid":{"rendered":"https:\/\/schweizversand.ch\/produkt\/trespass-pool-party-handyhuelle-wasserdicht\/"},"modified":"2026-04-19T15:35:42","modified_gmt":"2026-04-19T13:35:42","slug":"trespass-pool-party-handyhuelle-wasserdicht","status":"publish","type":"product","link":"https:\/\/schweizversand.ch\/fr\/produkt\/trespass-pool-party-handyhuelle-wasserdicht\/","title":{"rendered":"\u00c9tui de t\u00e9l\u00e9phone \u00e9tanche Trespass POOL PARTY"},"content":{"rendered":"<p>L&rsquo;\u00e9tui POOLPARTY est une pochette \u00e9tanche \u00e0 l&rsquo;eau et \u00e0 la poussi\u00e8re, con\u00e7ue pour prot\u00e9ger vos objets fragiles (appareils \u00e9lectroniques, documents, effets personnels, etc.) des intemp\u00e9ries. Pratique en randonn\u00e9e, en voyage, \u00e0 la plage ou lors d&rsquo;activit\u00e9s de plein air, il vous sera utile dans diverses situations.<\/p>\n<\/p>\n<p>1. Son syst\u00e8me de fermeture s\u00e9curis\u00e9 emp\u00eache l&rsquo;eau, la poussi\u00e8re et autres particules de p\u00e9n\u00e9trer.<\/p>\n<\/p>\n<p>2. Une lani\u00e8re permet de le porter facilement autour du cou ou \u00e0 l&rsquo;\u00e9paule. Pratique et confortable, il vous laisse les mains libres tout en gardant votre pochette bien en place.<\/p>\n<\/p>\n<p>3. Fabriqu\u00e9 en PVC (polychlorure de vinyle), cet \u00e9tui est g\u00e9n\u00e9ralement \u00e9tanche et est souvent utilis\u00e9 pour les pochettes et \u00e9tuis \u00e9tanches.<\/p>\n<\/p>\n<p>L&rsquo;\u00e9tui Trespass \u00ab\u00a0Pool Party\u00a0\u00bb mesure environ 175 \u00d7 110 mm (environ 6,9 \u00d7 4,3 pouces) et, selon le fabricant, convient donc \u00e0 la plupart des smartphones.<\/p>\n<\/p>\n<p>Quels t\u00e9l\u00e9phones sont compatibles\u00a0?<\/p>\n<\/p>\n<p>Les dimensions des smartphones actuels (par exemple, iPhone 15 Pro Max, Samsung Galaxy S24 Ultra) sont g\u00e9n\u00e9ralement inf\u00e9rieures \u00e0 celles-ci\u00a0:<\/p>\n<\/p>\n<p>iPhone 15 Pro Max\u00a0: env. 160,8 \u00d7 78,1 mm<\/p>\n<\/p>\n<p>Galaxy S24 Ultra\u00a0: env. 162 \u00d7 80 mm<\/p>\n<\/p>\n<p>Les deux mod\u00e8les rentrent parfaitement dans la coque.<\/p>\n<\/p>\n<p>M\u00eame les mod\u00e8les plus anciens et plus compacts, comme l\u2019iPhone 14, l\u2019iPhone 12 mini, les Samsung de la s\u00e9rie A, les Google Pixel, etc., rentrent sans probl\u00e8me.<\/p>\n","protected":false},"excerpt":{"rendered":"<p>Trespass POOL PARTY sch\u00fctzt Ihr Handy wasserdicht und staubdicht. Mit sicherem Verschluss und praktischem Umh\u00e4ngeband ideal f\u00fcr Outdoor, Strand und Reisen.<\/p>\n","protected":false},"featured_media":163063,"comment_status":"open","ping_status":"closed","template":"","meta":[],"product_brand":[],"product_cat":[39052],"product_tag":[],"class_list":{"0":"post-260203","1":"product","2":"type-product","3":"status-publish","4":"has-post-thumbnail","6":"product_cat-divers","7":"product_shipping_class-global_methods","9":"first","10":"instock","11":"taxable","12":"shipping-taxable","13":"purchasable","14":"product-type-simple"},"yoast_head":"<!-- This site is optimized with the Yoast SEO plugin v27.4 - https:\/\/yoast.com\/product\/yoast-seo-wordpress\/ -->\n<title>Trespass POOL PARTY - Handyh\u00fclle Wasserdicht<\/title>\n<meta name=\"description\" content=\"Bei der POOLPARTY H\u00fclle handelt es sich um eine wasserdichte und staubdichte Tasche, die entwickelt wurde, um empfindliche Gegenst\u00e4nde wie elektronische Ger\u00e4te,\" \/>\n<meta name=\"robots\" content=\"index, follow, max-snippet:-1, max-image-preview:large, max-video-preview:-1\" \/>\n<link rel=\"canonical\" href=\"https:\/\/schweizversand.ch\/fr\/produkt\/trespass-pool-party-handyhuelle-wasserdicht\/\" \/>\n<meta property=\"og:locale\" content=\"fr_FR\" \/>\n<meta property=\"og:type\" content=\"article\" \/>\n<meta property=\"og:title\" content=\"Trespass POOL PARTY - Handyh\u00fclle Wasserdicht\" \/>\n<meta property=\"og:description\" content=\"Bei der POOLPARTY H\u00fclle handelt es sich um eine wasserdichte und staubdichte Tasche, die entwickelt wurde, um empfindliche Gegenst\u00e4nde wie elektronische Ger\u00e4te,\" \/>\n<meta property=\"og:url\" content=\"https:\/\/schweizversand.ch\/fr\/produkt\/trespass-pool-party-handyhuelle-wasserdicht\/\" \/>\n<meta property=\"og:site_name\" content=\"Schweizer Shop f\u00fcr Sport, Spiel und Freizeit\" \/>\n<meta property=\"article:publisher\" content=\"https:\/\/www.facebook.com\/Schweizversand\" \/>\n<meta property=\"article:modified_time\" content=\"2026-04-19T13:35:42+00:00\" \/>\n<meta property=\"og:image\" content=\"https:\/\/schweizversand.ch\/wp-content\/uploads\/2026\/02\/5471517014.jpg\" \/>\n\t<meta property=\"og:image:width\" content=\"795\" \/>\n\t<meta property=\"og:image:height\" content=\"1024\" \/>\n\t<meta property=\"og:image:type\" content=\"image\/jpeg\" \/>\n<meta name=\"twitter:card\" content=\"summary_large_image\" \/>\n<meta name=\"twitter:label1\" content=\"Dur\u00e9e de lecture estim\u00e9e\" \/>\n\t<meta name=\"twitter:data1\" content=\"1 minute\" \/>\n<script type=\"application\/ld+json\" class=\"yoast-schema-graph\">{\"@context\":\"https:\\\/\\\/schema.org\",\"@graph\":[{\"@type\":\"WebPage\",\"@id\":\"https:\\\/\\\/schweizversand.ch\\\/fr\\\/produkt\\\/trespass-pool-party-handyhuelle-wasserdicht\\\/\",\"url\":\"https:\\\/\\\/schweizversand.ch\\\/fr\\\/produkt\\\/trespass-pool-party-handyhuelle-wasserdicht\\\/\",\"name\":\"Trespass POOL PARTY - Handyh\u00fclle Wasserdicht\",\"isPartOf\":{\"@id\":\"https:\\\/\\\/schweizversand.ch\\\/fr\\\/#website\"},\"primaryImageOfPage\":{\"@id\":\"https:\\\/\\\/schweizversand.ch\\\/fr\\\/produkt\\\/trespass-pool-party-handyhuelle-wasserdicht\\\/#primaryimage\"},\"image\":{\"@id\":\"https:\\\/\\\/schweizversand.ch\\\/fr\\\/produkt\\\/trespass-pool-party-handyhuelle-wasserdicht\\\/#primaryimage\"},\"thumbnailUrl\":\"https:\\\/\\\/schweizversand.ch\\\/wp-content\\\/uploads\\\/2026\\\/02\\\/5471517014.jpg\",\"datePublished\":\"2026-03-20T01:01:08+00:00\",\"dateModified\":\"2026-04-19T13:35:42+00:00\",\"description\":\"Bei der POOLPARTY H\u00fclle handelt es sich um eine wasserdichte und staubdichte Tasche, die entwickelt wurde, um empfindliche Gegenst\u00e4nde wie elektronische Ger\u00e4te,\",\"breadcrumb\":{\"@id\":\"https:\\\/\\\/schweizversand.ch\\\/fr\\\/produkt\\\/trespass-pool-party-handyhuelle-wasserdicht\\\/#breadcrumb\"},\"inLanguage\":\"fr-FR\",\"potentialAction\":[{\"@type\":\"ReadAction\",\"target\":[\"https:\\\/\\\/schweizversand.ch\\\/fr\\\/produkt\\\/trespass-pool-party-handyhuelle-wasserdicht\\\/\"]}]},{\"@type\":\"ImageObject\",\"inLanguage\":\"fr-FR\",\"@id\":\"https:\\\/\\\/schweizversand.ch\\\/fr\\\/produkt\\\/trespass-pool-party-handyhuelle-wasserdicht\\\/#primaryimage\",\"url\":\"https:\\\/\\\/schweizversand.ch\\\/wp-content\\\/uploads\\\/2026\\\/02\\\/5471517014.jpg\",\"contentUrl\":\"https:\\\/\\\/schweizversand.ch\\\/wp-content\\\/uploads\\\/2026\\\/02\\\/5471517014.jpg\",\"width\":795,\"height\":1024},{\"@type\":\"BreadcrumbList\",\"@id\":\"https:\\\/\\\/schweizversand.ch\\\/fr\\\/produkt\\\/trespass-pool-party-handyhuelle-wasserdicht\\\/#breadcrumb\",\"itemListElement\":[{\"@type\":\"ListItem\",\"position\":1,\"name\":\"Startseite\",\"item\":\"https:\\\/\\\/schweizversand.ch\\\/fr\\\/home\\\/\"},{\"@type\":\"ListItem\",\"position\":2,\"name\":\"Boutique\",\"item\":\"https:\\\/\\\/schweizversand.ch\\\/fr\\\/boutique\\\/\"},{\"@type\":\"ListItem\",\"position\":3,\"name\":\"Sports\",\"item\":\"https:\\\/\\\/schweizversand.ch\\\/fr\\\/produkt-kategorie\\\/sports\\\/\"},{\"@type\":\"ListItem\",\"position\":4,\"name\":\"Sports nautiques\",\"item\":\"https:\\\/\\\/schweizversand.ch\\\/fr\\\/produkt-kategorie\\\/sports\\\/sports-nautiques\\\/\"},{\"@type\":\"ListItem\",\"position\":5,\"name\":\"Divers\",\"item\":\"https:\\\/\\\/schweizversand.ch\\\/fr\\\/produkt-kategorie\\\/sports\\\/sports-nautiques\\\/divers\\\/\"},{\"@type\":\"ListItem\",\"position\":6,\"name\":\"\u00c9tui de t\u00e9l\u00e9phone \u00e9tanche Trespass POOL PARTY\"}]},{\"@type\":\"WebSite\",\"@id\":\"https:\\\/\\\/schweizversand.ch\\\/fr\\\/#website\",\"url\":\"https:\\\/\\\/schweizversand.ch\\\/fr\\\/\",\"name\":\"Schweizer Shop f\u00fcr Sport, Spiel und Freizeit\",\"description\":\"Gratisversand ab 50.- (netto), ab eigenem schweizer Lager, Lieferung innert 48h\",\"publisher\":{\"@id\":\"https:\\\/\\\/schweizversand.ch\\\/fr\\\/#organization\"},\"alternateName\":\"Schweizversand.ch\",\"potentialAction\":[{\"@type\":\"SearchAction\",\"target\":{\"@type\":\"EntryPoint\",\"urlTemplate\":\"https:\\\/\\\/schweizversand.ch\\\/fr\\\/?s={search_term_string}\"},\"query-input\":{\"@type\":\"PropertyValueSpecification\",\"valueRequired\":true,\"valueName\":\"search_term_string\"}}],\"inLanguage\":\"fr-FR\"},{\"@type\":\"Organization\",\"@id\":\"https:\\\/\\\/schweizversand.ch\\\/fr\\\/#organization\",\"name\":\"Schweizversand.ch\",\"url\":\"https:\\\/\\\/schweizversand.ch\\\/fr\\\/\",\"logo\":{\"@type\":\"ImageObject\",\"inLanguage\":\"fr-FR\",\"@id\":\"https:\\\/\\\/schweizversand.ch\\\/fr\\\/#\\\/schema\\\/logo\\\/image\\\/\",\"url\":\"https:\\\/\\\/schweizversand.ch\\\/wp-content\\\/uploads\\\/2026\\\/03\\\/Logo_Rund_Final-1.png\",\"contentUrl\":\"https:\\\/\\\/schweizversand.ch\\\/wp-content\\\/uploads\\\/2026\\\/03\\\/Logo_Rund_Final-1.png\",\"width\":404,\"height\":404,\"caption\":\"Schweizversand.ch\"},\"image\":{\"@id\":\"https:\\\/\\\/schweizversand.ch\\\/fr\\\/#\\\/schema\\\/logo\\\/image\\\/\"},\"sameAs\":[\"https:\\\/\\\/www.facebook.com\\\/Schweizversand\",\"https:\\\/\\\/www.instagram.com\\\/schweizversand.ch\\\/\"]}]}<\/script>\n<!-- \/ Yoast SEO plugin. -->","yoast_head_json":{"title":"Trespass POOL PARTY - Handyh\u00fclle Wasserdicht","description":"Bei der POOLPARTY H\u00fclle handelt es sich um eine wasserdichte und staubdichte Tasche, die entwickelt wurde, um empfindliche Gegenst\u00e4nde wie elektronische Ger\u00e4te,","robots":{"index":"index","follow":"follow","max-snippet":"max-snippet:-1","max-image-preview":"max-image-preview:large","max-video-preview":"max-video-preview:-1"},"canonical":"https:\/\/schweizversand.ch\/fr\/produkt\/trespass-pool-party-handyhuelle-wasserdicht\/","og_locale":"fr_FR","og_type":"article","og_title":"Trespass POOL PARTY - Handyh\u00fclle Wasserdicht","og_description":"Bei der POOLPARTY H\u00fclle handelt es sich um eine wasserdichte und staubdichte Tasche, die entwickelt wurde, um empfindliche Gegenst\u00e4nde wie elektronische Ger\u00e4te,","og_url":"https:\/\/schweizversand.ch\/fr\/produkt\/trespass-pool-party-handyhuelle-wasserdicht\/","og_site_name":"Schweizer Shop f\u00fcr Sport, Spiel und Freizeit","article_publisher":"https:\/\/www.facebook.com\/Schweizversand","article_modified_time":"2026-04-19T13:35:42+00:00","og_image":[{"width":795,"height":1024,"url":"https:\/\/schweizversand.ch\/wp-content\/uploads\/2026\/02\/5471517014.jpg","type":"image\/jpeg"}],"twitter_card":"summary_large_image","twitter_misc":{"Dur\u00e9e de lecture estim\u00e9e":"1 minute"},"schema":{"@context":"https:\/\/schema.org","@graph":[{"@type":"WebPage","@id":"https:\/\/schweizversand.ch\/fr\/produkt\/trespass-pool-party-handyhuelle-wasserdicht\/","url":"https:\/\/schweizversand.ch\/fr\/produkt\/trespass-pool-party-handyhuelle-wasserdicht\/","name":"Trespass POOL PARTY - Handyh\u00fclle Wasserdicht","isPartOf":{"@id":"https:\/\/schweizversand.ch\/fr\/#website"},"primaryImageOfPage":{"@id":"https:\/\/schweizversand.ch\/fr\/produkt\/trespass-pool-party-handyhuelle-wasserdicht\/#primaryimage"},"image":{"@id":"https:\/\/schweizversand.ch\/fr\/produkt\/trespass-pool-party-handyhuelle-wasserdicht\/#primaryimage"},"thumbnailUrl":"https:\/\/schweizversand.ch\/wp-content\/uploads\/2026\/02\/5471517014.jpg","datePublished":"2026-03-20T01:01:08+00:00","dateModified":"2026-04-19T13:35:42+00:00","description":"Bei der POOLPARTY H\u00fclle handelt es sich um eine wasserdichte und staubdichte Tasche, die entwickelt wurde, um empfindliche Gegenst\u00e4nde wie elektronische Ger\u00e4te,","breadcrumb":{"@id":"https:\/\/schweizversand.ch\/fr\/produkt\/trespass-pool-party-handyhuelle-wasserdicht\/#breadcrumb"},"inLanguage":"fr-FR","potentialAction":[{"@type":"ReadAction","target":["https:\/\/schweizversand.ch\/fr\/produkt\/trespass-pool-party-handyhuelle-wasserdicht\/"]}]},{"@type":"ImageObject","inLanguage":"fr-FR","@id":"https:\/\/schweizversand.ch\/fr\/produkt\/trespass-pool-party-handyhuelle-wasserdicht\/#primaryimage","url":"https:\/\/schweizversand.ch\/wp-content\/uploads\/2026\/02\/5471517014.jpg","contentUrl":"https:\/\/schweizversand.ch\/wp-content\/uploads\/2026\/02\/5471517014.jpg","width":795,"height":1024},{"@type":"BreadcrumbList","@id":"https:\/\/schweizversand.ch\/fr\/produkt\/trespass-pool-party-handyhuelle-wasserdicht\/#breadcrumb","itemListElement":[{"@type":"ListItem","position":1,"name":"Startseite","item":"https:\/\/schweizversand.ch\/fr\/home\/"},{"@type":"ListItem","position":2,"name":"Boutique","item":"https:\/\/schweizversand.ch\/fr\/boutique\/"},{"@type":"ListItem","position":3,"name":"Sports","item":"https:\/\/schweizversand.ch\/fr\/produkt-kategorie\/sports\/"},{"@type":"ListItem","position":4,"name":"Sports nautiques","item":"https:\/\/schweizversand.ch\/fr\/produkt-kategorie\/sports\/sports-nautiques\/"},{"@type":"ListItem","position":5,"name":"Divers","item":"https:\/\/schweizversand.ch\/fr\/produkt-kategorie\/sports\/sports-nautiques\/divers\/"},{"@type":"ListItem","position":6,"name":"\u00c9tui de t\u00e9l\u00e9phone \u00e9tanche Trespass POOL PARTY"}]},{"@type":"WebSite","@id":"https:\/\/schweizversand.ch\/fr\/#website","url":"https:\/\/schweizversand.ch\/fr\/","name":"Schweizer Shop f\u00fcr Sport, Spiel und Freizeit","description":"Gratisversand ab 50.- (netto), ab eigenem schweizer Lager, Lieferung innert 48h","publisher":{"@id":"https:\/\/schweizversand.ch\/fr\/#organization"},"alternateName":"Schweizversand.ch","potentialAction":[{"@type":"SearchAction","target":{"@type":"EntryPoint","urlTemplate":"https:\/\/schweizversand.ch\/fr\/?s={search_term_string}"},"query-input":{"@type":"PropertyValueSpecification","valueRequired":true,"valueName":"search_term_string"}}],"inLanguage":"fr-FR"},{"@type":"Organization","@id":"https:\/\/schweizversand.ch\/fr\/#organization","name":"Schweizversand.ch","url":"https:\/\/schweizversand.ch\/fr\/","logo":{"@type":"ImageObject","inLanguage":"fr-FR","@id":"https:\/\/schweizversand.ch\/fr\/#\/schema\/logo\/image\/","url":"https:\/\/schweizversand.ch\/wp-content\/uploads\/2026\/03\/Logo_Rund_Final-1.png","contentUrl":"https:\/\/schweizversand.ch\/wp-content\/uploads\/2026\/03\/Logo_Rund_Final-1.png","width":404,"height":404,"caption":"Schweizversand.ch"},"image":{"@id":"https:\/\/schweizversand.ch\/fr\/#\/schema\/logo\/image\/"},"sameAs":["https:\/\/www.facebook.com\/Schweizversand","https:\/\/www.instagram.com\/schweizversand.ch\/"]}]}},"jetpack_sharing_enabled":true,"_links":{"self":[{"href":"https:\/\/schweizversand.ch\/fr\/wp-json\/wp\/v2\/product\/260203","targetHints":{"allow":["GET"]}}],"collection":[{"href":"https:\/\/schweizversand.ch\/fr\/wp-json\/wp\/v2\/product"}],"about":[{"href":"https:\/\/schweizversand.ch\/fr\/wp-json\/wp\/v2\/types\/product"}],"replies":[{"embeddable":true,"href":"https:\/\/schweizversand.ch\/fr\/wp-json\/wp\/v2\/comments?post=260203"}],"wp:featuredmedia":[{"embeddable":true,"href":"https:\/\/schweizversand.ch\/fr\/wp-json\/wp\/v2\/media\/163063"}],"wp:attachment":[{"href":"https:\/\/schweizversand.ch\/fr\/wp-json\/wp\/v2\/media?parent=260203"}],"wp:term":[{"taxonomy":"product_brand","embeddable":true,"href":"https:\/\/schweizversand.ch\/fr\/wp-json\/wp\/v2\/product_brand?post=260203"},{"taxonomy":"product_cat","embeddable":true,"href":"https:\/\/schweizversand.ch\/fr\/wp-json\/wp\/v2\/product_cat?post=260203"},{"taxonomy":"product_tag","embeddable":true,"href":"https:\/\/schweizversand.ch\/fr\/wp-json\/wp\/v2\/product_tag?post=260203"}],"curies":[{"name":"wp","href":"https:\/\/api.w.org\/{rel}","templated":true}]}}