{"id":260204,"date":"2026-03-15T00:56:37","date_gmt":"2026-03-14T23:56:37","guid":{"rendered":"https:\/\/schweizversand.ch\/produkt\/trespass-mirren-damen-t-shirt-tp75-wb\/"},"modified":"2026-04-20T02:04:07","modified_gmt":"2026-04-20T00:04:07","slug":"trespass-mirren-damen-t-shirt-tp75-wb","status":"publish","type":"product","link":"https:\/\/schweizversand.ch\/fr\/produkt\/trespass-mirren-damen-t-shirt-tp75-wb\/","title":{"rendered":"Trespass MIRREN &#8211; T-shirt femme TP75 (WB)"},"content":{"rendered":"<p>D\u00e9couvrez le T-shirt Trespass MIRREN pour femme, le haut de sport id\u00e9al qui vous accompagne dans tous vos mouvements et vous offre un confort optimal. Avec ce t-shirt, vous \u00eates parfaitement \u00e9quip\u00e9e pour toutes vos activit\u00e9s sportives !<\/p>\n<\/p>\n<p>Le T-shirt Mirren est dot\u00e9 de la technologie Active Stretch 4 directions, qui garantit une libert\u00e9 de mouvement optimale et une \u00e9vacuation rapide de la transpiration gr\u00e2ce aux fibres Duoskin et Quick Dry. Vous resterez fra\u00eeche et au sec, m\u00eame pendant les entra\u00eenements les plus intenses.<\/p>\n<\/p>\n<p>Avec ses manches courtes, son col en V et son design ray\u00e9, ce T-shirt de sport est \u00e0 la fois fonctionnel et \u00e9l\u00e9gant. Les surpiq\u00fbres d\u00e9coratives et le logo contrast\u00e9 lui conf\u00e8rent une touche sportive et raffin\u00e9e.<\/p>\n<\/p>\n<p>D&rsquo;un grammage de 200 g\/m\u00b2 et compos\u00e9 \u00e0 90 % de polyester et \u00e0 10 % d&rsquo;\u00e9lasthanne, le T-shirt MIRREN offre un confort et une flexibilit\u00e9 exceptionnels.<\/p>\n<\/p>\n<p>Que vous couriez, jouiez au football, au tennis ou \u00e0 la salle de sport, le T-shirt Trespass MIRREN pour femme est votre alli\u00e9 id\u00e9al pour tous vos sports. D\u00e9couvrez un confort et une fonctionnalit\u00e9 exceptionnels et procurez-vous d\u00e8s maintenant votre nouveau t-shirt pr\u00e9f\u00e9r\u00e9\u00a0! Affirmez votre style et pr\u00e9parez-vous \u00e0 des performances sportives optimales\u00a0!<\/p>\n","protected":false},"excerpt":{"rendered":"<p>Trespass MIRREN &#8211; Damen T-Shirt TP75 (WB) bietet 4-Wege-Stretch, schnelltrocknende Duoskin-Fasern und stylisches Design f\u00fcr maximalen Komfort und Bewegungsfreiheit beim Sport.<\/p>\n","protected":false},"featured_media":163067,"comment_status":"open","ping_status":"closed","template":"","meta":[],"product_brand":[],"product_cat":[38148],"product_tag":[],"class_list":{"0":"post-260204","1":"product","2":"type-product","3":"status-publish","4":"has-post-thumbnail","6":"product_cat-damenbekleidung","7":"product_shipping_class-global_methods","9":"first","10":"instock","11":"taxable","12":"shipping-taxable","13":"purchasable","14":"product-type-simple"},"yoast_head":"<!-- This site is optimized with the Yoast SEO plugin v27.4 - https:\/\/yoast.com\/product\/yoast-seo-wordpress\/ -->\n<title>Trespass MIRREN - Damen T-Shirt TP75 (WB)<\/title>\n<meta name=\"description\" content=\"Entdecken Sie das Trespass MIRREN - Female T-Shirt, das perfekte Sportoberteil f\u00fcr Frauen, das Sie bei jeder Bewegung unterst\u00fctzt und Ihnen ein angenehmes Trage\" \/>\n<meta name=\"robots\" content=\"index, follow, max-snippet:-1, max-image-preview:large, max-video-preview:-1\" \/>\n<link rel=\"canonical\" href=\"https:\/\/schweizversand.ch\/fr\/produkt\/trespass-mirren-damen-t-shirt-tp75-wb\/\" \/>\n<meta property=\"og:locale\" content=\"fr_FR\" \/>\n<meta property=\"og:type\" content=\"article\" \/>\n<meta property=\"og:title\" content=\"Trespass MIRREN - Damen T-Shirt TP75 (WB)\" \/>\n<meta property=\"og:description\" content=\"Entdecken Sie das Trespass MIRREN - Female T-Shirt, das perfekte Sportoberteil f\u00fcr Frauen, das Sie bei jeder Bewegung unterst\u00fctzt und Ihnen ein angenehmes Trage\" \/>\n<meta property=\"og:url\" content=\"https:\/\/schweizversand.ch\/fr\/produkt\/trespass-mirren-damen-t-shirt-tp75-wb\/\" \/>\n<meta property=\"og:site_name\" content=\"Schweizer Shop f\u00fcr Sport, Spiel und Freizeit\" \/>\n<meta property=\"article:publisher\" content=\"https:\/\/www.facebook.com\/Schweizversand\" \/>\n<meta property=\"article:modified_time\" content=\"2026-04-20T00:04:07+00:00\" \/>\n<meta property=\"og:image\" content=\"https:\/\/schweizversand.ch\/wp-content\/uploads\/2026\/02\/5471511966.jpg\" \/>\n\t<meta property=\"og:image:width\" content=\"1024\" \/>\n\t<meta property=\"og:image:height\" content=\"1024\" \/>\n\t<meta property=\"og:image:type\" content=\"image\/jpeg\" \/>\n<meta name=\"twitter:card\" content=\"summary_large_image\" \/>\n<meta name=\"twitter:label1\" content=\"Dur\u00e9e de lecture estim\u00e9e\" \/>\n\t<meta name=\"twitter:data1\" content=\"1 minute\" \/>\n<script type=\"application\/ld+json\" class=\"yoast-schema-graph\">{\"@context\":\"https:\\\/\\\/schema.org\",\"@graph\":[{\"@type\":\"WebPage\",\"@id\":\"https:\\\/\\\/schweizversand.ch\\\/fr\\\/produkt\\\/trespass-mirren-damen-t-shirt-tp75-wb\\\/\",\"url\":\"https:\\\/\\\/schweizversand.ch\\\/fr\\\/produkt\\\/trespass-mirren-damen-t-shirt-tp75-wb\\\/\",\"name\":\"Trespass MIRREN - Damen T-Shirt TP75 (WB)\",\"isPartOf\":{\"@id\":\"https:\\\/\\\/schweizversand.ch\\\/fr\\\/#website\"},\"primaryImageOfPage\":{\"@id\":\"https:\\\/\\\/schweizversand.ch\\\/fr\\\/produkt\\\/trespass-mirren-damen-t-shirt-tp75-wb\\\/#primaryimage\"},\"image\":{\"@id\":\"https:\\\/\\\/schweizversand.ch\\\/fr\\\/produkt\\\/trespass-mirren-damen-t-shirt-tp75-wb\\\/#primaryimage\"},\"thumbnailUrl\":\"https:\\\/\\\/schweizversand.ch\\\/wp-content\\\/uploads\\\/2026\\\/02\\\/5471511966.jpg\",\"datePublished\":\"2026-03-14T23:56:37+00:00\",\"dateModified\":\"2026-04-20T00:04:07+00:00\",\"description\":\"Entdecken Sie das Trespass MIRREN - Female T-Shirt, das perfekte Sportoberteil f\u00fcr Frauen, das Sie bei jeder Bewegung unterst\u00fctzt und Ihnen ein angenehmes Trage\",\"breadcrumb\":{\"@id\":\"https:\\\/\\\/schweizversand.ch\\\/fr\\\/produkt\\\/trespass-mirren-damen-t-shirt-tp75-wb\\\/#breadcrumb\"},\"inLanguage\":\"fr-FR\",\"potentialAction\":[{\"@type\":\"ReadAction\",\"target\":[\"https:\\\/\\\/schweizversand.ch\\\/fr\\\/produkt\\\/trespass-mirren-damen-t-shirt-tp75-wb\\\/\"]}]},{\"@type\":\"ImageObject\",\"inLanguage\":\"fr-FR\",\"@id\":\"https:\\\/\\\/schweizversand.ch\\\/fr\\\/produkt\\\/trespass-mirren-damen-t-shirt-tp75-wb\\\/#primaryimage\",\"url\":\"https:\\\/\\\/schweizversand.ch\\\/wp-content\\\/uploads\\\/2026\\\/02\\\/5471511966.jpg\",\"contentUrl\":\"https:\\\/\\\/schweizversand.ch\\\/wp-content\\\/uploads\\\/2026\\\/02\\\/5471511966.jpg\",\"width\":1024,\"height\":1024},{\"@type\":\"BreadcrumbList\",\"@id\":\"https:\\\/\\\/schweizversand.ch\\\/fr\\\/produkt\\\/trespass-mirren-damen-t-shirt-tp75-wb\\\/#breadcrumb\",\"itemListElement\":[{\"@type\":\"ListItem\",\"position\":1,\"name\":\"Startseite\",\"item\":\"https:\\\/\\\/schweizversand.ch\\\/fr\\\/home\\\/\"},{\"@type\":\"ListItem\",\"position\":2,\"name\":\"Boutique\",\"item\":\"https:\\\/\\\/schweizversand.ch\\\/fr\\\/boutique\\\/\"},{\"@type\":\"ListItem\",\"position\":3,\"name\":\"Mode\",\"item\":\"https:\\\/\\\/schweizversand.ch\\\/fr\\\/produkt-kategorie\\\/mode-fr\\\/\"},{\"@type\":\"ListItem\",\"position\":4,\"name\":\"Mode f\u00e9minine\",\"item\":\"https:\\\/\\\/schweizversand.ch\\\/fr\\\/produkt-kategorie\\\/mode-fr\\\/mode-feminine\\\/\"},{\"@type\":\"ListItem\",\"position\":5,\"name\":\"V\u00eatements pour femmes\",\"item\":\"https:\\\/\\\/schweizversand.ch\\\/fr\\\/produkt-kategorie\\\/mode-fr\\\/mode-feminine\\\/damenbekleidung\\\/\"},{\"@type\":\"ListItem\",\"position\":6,\"name\":\"Trespass MIRREN &#8211; T-shirt femme TP75 (WB)\"}]},{\"@type\":\"WebSite\",\"@id\":\"https:\\\/\\\/schweizversand.ch\\\/fr\\\/#website\",\"url\":\"https:\\\/\\\/schweizversand.ch\\\/fr\\\/\",\"name\":\"Schweizer Shop f\u00fcr Sport, Spiel und Freizeit\",\"description\":\"Gratisversand ab 50.- (netto), ab eigenem schweizer Lager, Lieferung innert 48h\",\"publisher\":{\"@id\":\"https:\\\/\\\/schweizversand.ch\\\/fr\\\/#organization\"},\"alternateName\":\"Schweizversand.ch\",\"potentialAction\":[{\"@type\":\"SearchAction\",\"target\":{\"@type\":\"EntryPoint\",\"urlTemplate\":\"https:\\\/\\\/schweizversand.ch\\\/fr\\\/?s={search_term_string}\"},\"query-input\":{\"@type\":\"PropertyValueSpecification\",\"valueRequired\":true,\"valueName\":\"search_term_string\"}}],\"inLanguage\":\"fr-FR\"},{\"@type\":\"Organization\",\"@id\":\"https:\\\/\\\/schweizversand.ch\\\/fr\\\/#organization\",\"name\":\"Schweizversand.ch\",\"url\":\"https:\\\/\\\/schweizversand.ch\\\/fr\\\/\",\"logo\":{\"@type\":\"ImageObject\",\"inLanguage\":\"fr-FR\",\"@id\":\"https:\\\/\\\/schweizversand.ch\\\/fr\\\/#\\\/schema\\\/logo\\\/image\\\/\",\"url\":\"https:\\\/\\\/schweizversand.ch\\\/wp-content\\\/uploads\\\/2026\\\/03\\\/Logo_Rund_Final-1.png\",\"contentUrl\":\"https:\\\/\\\/schweizversand.ch\\\/wp-content\\\/uploads\\\/2026\\\/03\\\/Logo_Rund_Final-1.png\",\"width\":404,\"height\":404,\"caption\":\"Schweizversand.ch\"},\"image\":{\"@id\":\"https:\\\/\\\/schweizversand.ch\\\/fr\\\/#\\\/schema\\\/logo\\\/image\\\/\"},\"sameAs\":[\"https:\\\/\\\/www.facebook.com\\\/Schweizversand\",\"https:\\\/\\\/www.instagram.com\\\/schweizversand.ch\\\/\"]}]}<\/script>\n<!-- \/ Yoast SEO plugin. -->","yoast_head_json":{"title":"Trespass MIRREN - Damen T-Shirt TP75 (WB)","description":"Entdecken Sie das Trespass MIRREN - Female T-Shirt, das perfekte Sportoberteil f\u00fcr Frauen, das Sie bei jeder Bewegung unterst\u00fctzt und Ihnen ein angenehmes Trage","robots":{"index":"index","follow":"follow","max-snippet":"max-snippet:-1","max-image-preview":"max-image-preview:large","max-video-preview":"max-video-preview:-1"},"canonical":"https:\/\/schweizversand.ch\/fr\/produkt\/trespass-mirren-damen-t-shirt-tp75-wb\/","og_locale":"fr_FR","og_type":"article","og_title":"Trespass MIRREN - Damen T-Shirt TP75 (WB)","og_description":"Entdecken Sie das Trespass MIRREN - Female T-Shirt, das perfekte Sportoberteil f\u00fcr Frauen, das Sie bei jeder Bewegung unterst\u00fctzt und Ihnen ein angenehmes Trage","og_url":"https:\/\/schweizversand.ch\/fr\/produkt\/trespass-mirren-damen-t-shirt-tp75-wb\/","og_site_name":"Schweizer Shop f\u00fcr Sport, Spiel und Freizeit","article_publisher":"https:\/\/www.facebook.com\/Schweizversand","article_modified_time":"2026-04-20T00:04:07+00:00","og_image":[{"width":1024,"height":1024,"url":"https:\/\/schweizversand.ch\/wp-content\/uploads\/2026\/02\/5471511966.jpg","type":"image\/jpeg"}],"twitter_card":"summary_large_image","twitter_misc":{"Dur\u00e9e de lecture estim\u00e9e":"1 minute"},"schema":{"@context":"https:\/\/schema.org","@graph":[{"@type":"WebPage","@id":"https:\/\/schweizversand.ch\/fr\/produkt\/trespass-mirren-damen-t-shirt-tp75-wb\/","url":"https:\/\/schweizversand.ch\/fr\/produkt\/trespass-mirren-damen-t-shirt-tp75-wb\/","name":"Trespass MIRREN - Damen T-Shirt TP75 (WB)","isPartOf":{"@id":"https:\/\/schweizversand.ch\/fr\/#website"},"primaryImageOfPage":{"@id":"https:\/\/schweizversand.ch\/fr\/produkt\/trespass-mirren-damen-t-shirt-tp75-wb\/#primaryimage"},"image":{"@id":"https:\/\/schweizversand.ch\/fr\/produkt\/trespass-mirren-damen-t-shirt-tp75-wb\/#primaryimage"},"thumbnailUrl":"https:\/\/schweizversand.ch\/wp-content\/uploads\/2026\/02\/5471511966.jpg","datePublished":"2026-03-14T23:56:37+00:00","dateModified":"2026-04-20T00:04:07+00:00","description":"Entdecken Sie das Trespass MIRREN - Female T-Shirt, das perfekte Sportoberteil f\u00fcr Frauen, das Sie bei jeder Bewegung unterst\u00fctzt und Ihnen ein angenehmes Trage","breadcrumb":{"@id":"https:\/\/schweizversand.ch\/fr\/produkt\/trespass-mirren-damen-t-shirt-tp75-wb\/#breadcrumb"},"inLanguage":"fr-FR","potentialAction":[{"@type":"ReadAction","target":["https:\/\/schweizversand.ch\/fr\/produkt\/trespass-mirren-damen-t-shirt-tp75-wb\/"]}]},{"@type":"ImageObject","inLanguage":"fr-FR","@id":"https:\/\/schweizversand.ch\/fr\/produkt\/trespass-mirren-damen-t-shirt-tp75-wb\/#primaryimage","url":"https:\/\/schweizversand.ch\/wp-content\/uploads\/2026\/02\/5471511966.jpg","contentUrl":"https:\/\/schweizversand.ch\/wp-content\/uploads\/2026\/02\/5471511966.jpg","width":1024,"height":1024},{"@type":"BreadcrumbList","@id":"https:\/\/schweizversand.ch\/fr\/produkt\/trespass-mirren-damen-t-shirt-tp75-wb\/#breadcrumb","itemListElement":[{"@type":"ListItem","position":1,"name":"Startseite","item":"https:\/\/schweizversand.ch\/fr\/home\/"},{"@type":"ListItem","position":2,"name":"Boutique","item":"https:\/\/schweizversand.ch\/fr\/boutique\/"},{"@type":"ListItem","position":3,"name":"Mode","item":"https:\/\/schweizversand.ch\/fr\/produkt-kategorie\/mode-fr\/"},{"@type":"ListItem","position":4,"name":"Mode f\u00e9minine","item":"https:\/\/schweizversand.ch\/fr\/produkt-kategorie\/mode-fr\/mode-feminine\/"},{"@type":"ListItem","position":5,"name":"V\u00eatements pour femmes","item":"https:\/\/schweizversand.ch\/fr\/produkt-kategorie\/mode-fr\/mode-feminine\/damenbekleidung\/"},{"@type":"ListItem","position":6,"name":"Trespass MIRREN &#8211; T-shirt femme TP75 (WB)"}]},{"@type":"WebSite","@id":"https:\/\/schweizversand.ch\/fr\/#website","url":"https:\/\/schweizversand.ch\/fr\/","name":"Schweizer Shop f\u00fcr Sport, Spiel und Freizeit","description":"Gratisversand ab 50.- (netto), ab eigenem schweizer Lager, Lieferung innert 48h","publisher":{"@id":"https:\/\/schweizversand.ch\/fr\/#organization"},"alternateName":"Schweizversand.ch","potentialAction":[{"@type":"SearchAction","target":{"@type":"EntryPoint","urlTemplate":"https:\/\/schweizversand.ch\/fr\/?s={search_term_string}"},"query-input":{"@type":"PropertyValueSpecification","valueRequired":true,"valueName":"search_term_string"}}],"inLanguage":"fr-FR"},{"@type":"Organization","@id":"https:\/\/schweizversand.ch\/fr\/#organization","name":"Schweizversand.ch","url":"https:\/\/schweizversand.ch\/fr\/","logo":{"@type":"ImageObject","inLanguage":"fr-FR","@id":"https:\/\/schweizversand.ch\/fr\/#\/schema\/logo\/image\/","url":"https:\/\/schweizversand.ch\/wp-content\/uploads\/2026\/03\/Logo_Rund_Final-1.png","contentUrl":"https:\/\/schweizversand.ch\/wp-content\/uploads\/2026\/03\/Logo_Rund_Final-1.png","width":404,"height":404,"caption":"Schweizversand.ch"},"image":{"@id":"https:\/\/schweizversand.ch\/fr\/#\/schema\/logo\/image\/"},"sameAs":["https:\/\/www.facebook.com\/Schweizversand","https:\/\/www.instagram.com\/schweizversand.ch\/"]}]}},"jetpack_sharing_enabled":true,"_links":{"self":[{"href":"https:\/\/schweizversand.ch\/fr\/wp-json\/wp\/v2\/product\/260204","targetHints":{"allow":["GET"]}}],"collection":[{"href":"https:\/\/schweizversand.ch\/fr\/wp-json\/wp\/v2\/product"}],"about":[{"href":"https:\/\/schweizversand.ch\/fr\/wp-json\/wp\/v2\/types\/product"}],"replies":[{"embeddable":true,"href":"https:\/\/schweizversand.ch\/fr\/wp-json\/wp\/v2\/comments?post=260204"}],"wp:featuredmedia":[{"embeddable":true,"href":"https:\/\/schweizversand.ch\/fr\/wp-json\/wp\/v2\/media\/163067"}],"wp:attachment":[{"href":"https:\/\/schweizversand.ch\/fr\/wp-json\/wp\/v2\/media?parent=260204"}],"wp:term":[{"taxonomy":"product_brand","embeddable":true,"href":"https:\/\/schweizversand.ch\/fr\/wp-json\/wp\/v2\/product_brand?post=260204"},{"taxonomy":"product_cat","embeddable":true,"href":"https:\/\/schweizversand.ch\/fr\/wp-json\/wp\/v2\/product_cat?post=260204"},{"taxonomy":"product_tag","embeddable":true,"href":"https:\/\/schweizversand.ch\/fr\/wp-json\/wp\/v2\/product_tag?post=260204"}],"curies":[{"name":"wp","href":"https:\/\/api.w.org\/{rel}","templated":true}]}}