{"id":260245,"date":"2026-03-20T02:01:10","date_gmt":"2026-03-20T01:01:10","guid":{"rendered":"https:\/\/schweizversand.ch\/produkt\/trespass-handwarmers-x-1-paar-handwaermer\/"},"modified":"2026-04-07T02:05:51","modified_gmt":"2026-04-07T00:05:51","slug":"trespass-handwarmers-x-1-paar-handwaermer","status":"publish","type":"product","link":"https:\/\/schweizversand.ch\/fr\/produkt\/trespass-handwarmers-x-1-paar-handwaermer\/","title":{"rendered":"Chauffe-mains Trespass X &#8211; Chauffe-poches"},"content":{"rendered":"<h1><strong>HANDWARMERS X &#8211; Chauffe-mains de poche<\/strong><\/h1>\n<div>Dites adieu aux mains froides cet hiver ! Les chauffe-mains de poche <strong>HANDWARMERS X<\/strong> sont l&rsquo;accessoire d&rsquo;<strong>hiver<\/strong> indispensable pour garder vos mains bien au chaud. Ces fantastiques chauffe-mains <strong>r\u00e9utilisables<\/strong> vous procurent une chaleur instantan\u00e9e d\u00e8s que vous en avez besoin.<\/p>\n<\/div>\n<div><strong>Chaleur instantan\u00e9e et durable<\/strong><br \/>Ne laissez pas le froid vous g\u00e2cher l&rsquo;hiver. Ces puissants chauffe-mains <strong>chauffent<\/strong> instantan\u00e9ment, vous offrant un confort optimal. Profitez jusqu&rsquo;\u00e0 8 heures de chaleur par utilisation \u2013 id\u00e9al pour les longues promenades, le ski ou une visite au march\u00e9 de No\u00ebl. S\u00e9curit\u00e9 et r\u00e9utilisabilit\u00e9 : Con\u00e7us comme des sachets chauffants instantan\u00e9s, les chauffe-mains HANDWARMERS X sont totalement s\u00fbrs d&rsquo;utilisation. Non toxiques et ininflammables, ils conviennent parfaitement \u00e0 toute la famille. Gr\u00e2ce \u00e0 leur r\u00e9utilisabilit\u00e9, elles constituent une solution \u00e9cologique et \u00e9conomique.<\/p>\n<\/div>\n<div><strong>Contenu et caract\u00e9ristiques<\/strong><br \/>&#8211; Contient 2 chauffe-mains (une paire)<br \/>&#8211; Procure jusqu&rsquo;\u00e0 8 heures de chaleur<br \/>&#8211; Non toxique et sans danger d&rsquo;utilisation<br \/>&#8211; Ininflammable<br \/>&#8211; Id\u00e9al comme chauffe-mains de poche<\/strong> lors de vos d\u00e9placements<\/p>\n<\/div>\n<div>Procurez-vous d\u00e8s aujourd&rsquo;hui cet accessoire d&rsquo;hiver indispensable pour garder vos mains au chaud, m\u00eame par grand froid.<\/p>\n","protected":false},"excerpt":{"rendered":"<p>Trespass HANDWARMERS X halten Ihre H\u00e4nde bis zu 8 Stunden sicher und wiederverwendbar warm \u2013 der perfekte Begleiter f\u00fcr kalte Wintertage und Outdoor-Aktivit\u00e4ten.<\/p>\n","protected":false},"featured_media":163313,"comment_status":"open","ping_status":"closed","template":"","meta":[],"product_brand":[],"product_cat":[38332],"product_tag":[],"class_list":{"0":"post-260245","1":"product","2":"type-product","3":"status-publish","4":"has-post-thumbnail","6":"product_cat-outdoorausruestung","7":"product_shipping_class-global_methods","9":"first","10":"instock","11":"taxable","12":"shipping-taxable","13":"purchasable","14":"product-type-simple"},"yoast_head":"<!-- This site is optimized with the Yoast SEO plugin v27.3 - https:\/\/yoast.com\/product\/yoast-seo-wordpress\/ -->\n<title>Trespass HANDWARMERS X - Taschenw\u00e4rmer<\/title>\n<meta name=\"description\" content=\"HANDWARMERS X - Taschenw\u00e4rmer Verabschieden Sie sich von kalten H\u00e4nden in der Winterzeit! Die HANDWARMERS X Taschenw\u00e4rmer sind das ultimative Winter Zubeh\u00f6r , d\" \/>\n<meta name=\"robots\" content=\"index, follow, max-snippet:-1, max-image-preview:large, max-video-preview:-1\" \/>\n<link rel=\"canonical\" href=\"https:\/\/schweizversand.ch\/fr\/produkt\/trespass-handwarmers-x-1-paar-handwaermer\/\" \/>\n<meta property=\"og:locale\" content=\"fr_FR\" \/>\n<meta property=\"og:type\" content=\"article\" \/>\n<meta property=\"og:title\" content=\"Trespass HANDWARMERS X - Taschenw\u00e4rmer\" \/>\n<meta property=\"og:description\" content=\"HANDWARMERS X - Taschenw\u00e4rmer Verabschieden Sie sich von kalten H\u00e4nden in der Winterzeit! Die HANDWARMERS X Taschenw\u00e4rmer sind das ultimative Winter Zubeh\u00f6r , d\" \/>\n<meta property=\"og:url\" content=\"https:\/\/schweizversand.ch\/fr\/produkt\/trespass-handwarmers-x-1-paar-handwaermer\/\" \/>\n<meta property=\"og:site_name\" content=\"Schweizer Shop f\u00fcr Sport, Spiel und Freizeit\" \/>\n<meta property=\"article:publisher\" content=\"https:\/\/www.facebook.com\/Schweizversand\" \/>\n<meta property=\"article:modified_time\" content=\"2026-04-07T00:05:51+00:00\" \/>\n<meta property=\"og:image\" content=\"https:\/\/schweizversand.ch\/wp-content\/uploads\/2026\/02\/5471499636.jpg\" \/>\n\t<meta property=\"og:image:width\" content=\"985\" \/>\n\t<meta property=\"og:image:height\" content=\"1024\" \/>\n\t<meta property=\"og:image:type\" content=\"image\/jpeg\" \/>\n<meta name=\"twitter:card\" content=\"summary_large_image\" \/>\n<meta name=\"twitter:label1\" content=\"Dur\u00e9e de lecture estim\u00e9e\" \/>\n\t<meta name=\"twitter:data1\" content=\"1 minute\" \/>\n<script type=\"application\/ld+json\" class=\"yoast-schema-graph\">{\"@context\":\"https:\\\/\\\/schema.org\",\"@graph\":[{\"@type\":\"WebPage\",\"@id\":\"https:\\\/\\\/schweizversand.ch\\\/fr\\\/produkt\\\/trespass-handwarmers-x-1-paar-handwaermer\\\/\",\"url\":\"https:\\\/\\\/schweizversand.ch\\\/fr\\\/produkt\\\/trespass-handwarmers-x-1-paar-handwaermer\\\/\",\"name\":\"Trespass HANDWARMERS X - Taschenw\u00e4rmer\",\"isPartOf\":{\"@id\":\"https:\\\/\\\/schweizversand.ch\\\/fr\\\/#website\"},\"primaryImageOfPage\":{\"@id\":\"https:\\\/\\\/schweizversand.ch\\\/fr\\\/produkt\\\/trespass-handwarmers-x-1-paar-handwaermer\\\/#primaryimage\"},\"image\":{\"@id\":\"https:\\\/\\\/schweizversand.ch\\\/fr\\\/produkt\\\/trespass-handwarmers-x-1-paar-handwaermer\\\/#primaryimage\"},\"thumbnailUrl\":\"https:\\\/\\\/schweizversand.ch\\\/wp-content\\\/uploads\\\/2026\\\/02\\\/5471499636.jpg\",\"datePublished\":\"2026-03-20T01:01:10+00:00\",\"dateModified\":\"2026-04-07T00:05:51+00:00\",\"description\":\"HANDWARMERS X - Taschenw\u00e4rmer Verabschieden Sie sich von kalten H\u00e4nden in der Winterzeit! Die HANDWARMERS X Taschenw\u00e4rmer sind das ultimative Winter Zubeh\u00f6r , d\",\"breadcrumb\":{\"@id\":\"https:\\\/\\\/schweizversand.ch\\\/fr\\\/produkt\\\/trespass-handwarmers-x-1-paar-handwaermer\\\/#breadcrumb\"},\"inLanguage\":\"fr-FR\",\"potentialAction\":[{\"@type\":\"ReadAction\",\"target\":[\"https:\\\/\\\/schweizversand.ch\\\/fr\\\/produkt\\\/trespass-handwarmers-x-1-paar-handwaermer\\\/\"]}]},{\"@type\":\"ImageObject\",\"inLanguage\":\"fr-FR\",\"@id\":\"https:\\\/\\\/schweizversand.ch\\\/fr\\\/produkt\\\/trespass-handwarmers-x-1-paar-handwaermer\\\/#primaryimage\",\"url\":\"https:\\\/\\\/schweizversand.ch\\\/wp-content\\\/uploads\\\/2026\\\/02\\\/5471499636.jpg\",\"contentUrl\":\"https:\\\/\\\/schweizversand.ch\\\/wp-content\\\/uploads\\\/2026\\\/02\\\/5471499636.jpg\",\"width\":985,\"height\":1024},{\"@type\":\"BreadcrumbList\",\"@id\":\"https:\\\/\\\/schweizversand.ch\\\/fr\\\/produkt\\\/trespass-handwarmers-x-1-paar-handwaermer\\\/#breadcrumb\",\"itemListElement\":[{\"@type\":\"ListItem\",\"position\":1,\"name\":\"Startseite\",\"item\":\"https:\\\/\\\/schweizversand.ch\\\/fr\\\/\"},{\"@type\":\"ListItem\",\"position\":2,\"name\":\"Boutique\",\"item\":\"https:\\\/\\\/schweizversand.ch\\\/fr\\\/boutique\\\/\"},{\"@type\":\"ListItem\",\"position\":3,\"name\":\"Chauffe-mains Trespass X &#8211; Chauffe-poches\"}]},{\"@type\":\"WebSite\",\"@id\":\"https:\\\/\\\/schweizversand.ch\\\/fr\\\/#website\",\"url\":\"https:\\\/\\\/schweizversand.ch\\\/fr\\\/\",\"name\":\"Schweizer Shop f\u00fcr Sport, Spiel und Freizeit\",\"description\":\"Gratisversand ab 50.- (netto), ab eigenem schweizer Lager, Lieferung innert 48h\",\"publisher\":{\"@id\":\"https:\\\/\\\/schweizversand.ch\\\/fr\\\/#organization\"},\"alternateName\":\"Schweizversand.ch\",\"potentialAction\":[{\"@type\":\"SearchAction\",\"target\":{\"@type\":\"EntryPoint\",\"urlTemplate\":\"https:\\\/\\\/schweizversand.ch\\\/fr\\\/?s={search_term_string}\"},\"query-input\":{\"@type\":\"PropertyValueSpecification\",\"valueRequired\":true,\"valueName\":\"search_term_string\"}}],\"inLanguage\":\"fr-FR\"},{\"@type\":\"Organization\",\"@id\":\"https:\\\/\\\/schweizversand.ch\\\/fr\\\/#organization\",\"name\":\"Schweizversand.ch\",\"url\":\"https:\\\/\\\/schweizversand.ch\\\/fr\\\/\",\"logo\":{\"@type\":\"ImageObject\",\"inLanguage\":\"fr-FR\",\"@id\":\"https:\\\/\\\/schweizversand.ch\\\/fr\\\/#\\\/schema\\\/logo\\\/image\\\/\",\"url\":\"https:\\\/\\\/schweizversand.ch\\\/wp-content\\\/uploads\\\/2026\\\/03\\\/Logo_Rund_Final-1.png\",\"contentUrl\":\"https:\\\/\\\/schweizversand.ch\\\/wp-content\\\/uploads\\\/2026\\\/03\\\/Logo_Rund_Final-1.png\",\"width\":404,\"height\":404,\"caption\":\"Schweizversand.ch\"},\"image\":{\"@id\":\"https:\\\/\\\/schweizversand.ch\\\/fr\\\/#\\\/schema\\\/logo\\\/image\\\/\"},\"sameAs\":[\"https:\\\/\\\/www.facebook.com\\\/Schweizversand\",\"https:\\\/\\\/www.instagram.com\\\/schweizversand.ch\\\/\"]}]}<\/script>\n<!-- \/ Yoast SEO plugin. -->","yoast_head_json":{"title":"Trespass HANDWARMERS X - Taschenw\u00e4rmer","description":"HANDWARMERS X - Taschenw\u00e4rmer Verabschieden Sie sich von kalten H\u00e4nden in der Winterzeit! Die HANDWARMERS X Taschenw\u00e4rmer sind das ultimative Winter Zubeh\u00f6r , d","robots":{"index":"index","follow":"follow","max-snippet":"max-snippet:-1","max-image-preview":"max-image-preview:large","max-video-preview":"max-video-preview:-1"},"canonical":"https:\/\/schweizversand.ch\/fr\/produkt\/trespass-handwarmers-x-1-paar-handwaermer\/","og_locale":"fr_FR","og_type":"article","og_title":"Trespass HANDWARMERS X - Taschenw\u00e4rmer","og_description":"HANDWARMERS X - Taschenw\u00e4rmer Verabschieden Sie sich von kalten H\u00e4nden in der Winterzeit! Die HANDWARMERS X Taschenw\u00e4rmer sind das ultimative Winter Zubeh\u00f6r , d","og_url":"https:\/\/schweizversand.ch\/fr\/produkt\/trespass-handwarmers-x-1-paar-handwaermer\/","og_site_name":"Schweizer Shop f\u00fcr Sport, Spiel und Freizeit","article_publisher":"https:\/\/www.facebook.com\/Schweizversand","article_modified_time":"2026-04-07T00:05:51+00:00","og_image":[{"width":985,"height":1024,"url":"https:\/\/schweizversand.ch\/wp-content\/uploads\/2026\/02\/5471499636.jpg","type":"image\/jpeg"}],"twitter_card":"summary_large_image","twitter_misc":{"Dur\u00e9e de lecture estim\u00e9e":"1 minute"},"schema":{"@context":"https:\/\/schema.org","@graph":[{"@type":"WebPage","@id":"https:\/\/schweizversand.ch\/fr\/produkt\/trespass-handwarmers-x-1-paar-handwaermer\/","url":"https:\/\/schweizversand.ch\/fr\/produkt\/trespass-handwarmers-x-1-paar-handwaermer\/","name":"Trespass HANDWARMERS X - Taschenw\u00e4rmer","isPartOf":{"@id":"https:\/\/schweizversand.ch\/fr\/#website"},"primaryImageOfPage":{"@id":"https:\/\/schweizversand.ch\/fr\/produkt\/trespass-handwarmers-x-1-paar-handwaermer\/#primaryimage"},"image":{"@id":"https:\/\/schweizversand.ch\/fr\/produkt\/trespass-handwarmers-x-1-paar-handwaermer\/#primaryimage"},"thumbnailUrl":"https:\/\/schweizversand.ch\/wp-content\/uploads\/2026\/02\/5471499636.jpg","datePublished":"2026-03-20T01:01:10+00:00","dateModified":"2026-04-07T00:05:51+00:00","description":"HANDWARMERS X - Taschenw\u00e4rmer Verabschieden Sie sich von kalten H\u00e4nden in der Winterzeit! Die HANDWARMERS X Taschenw\u00e4rmer sind das ultimative Winter Zubeh\u00f6r , d","breadcrumb":{"@id":"https:\/\/schweizversand.ch\/fr\/produkt\/trespass-handwarmers-x-1-paar-handwaermer\/#breadcrumb"},"inLanguage":"fr-FR","potentialAction":[{"@type":"ReadAction","target":["https:\/\/schweizversand.ch\/fr\/produkt\/trespass-handwarmers-x-1-paar-handwaermer\/"]}]},{"@type":"ImageObject","inLanguage":"fr-FR","@id":"https:\/\/schweizversand.ch\/fr\/produkt\/trespass-handwarmers-x-1-paar-handwaermer\/#primaryimage","url":"https:\/\/schweizversand.ch\/wp-content\/uploads\/2026\/02\/5471499636.jpg","contentUrl":"https:\/\/schweizversand.ch\/wp-content\/uploads\/2026\/02\/5471499636.jpg","width":985,"height":1024},{"@type":"BreadcrumbList","@id":"https:\/\/schweizversand.ch\/fr\/produkt\/trespass-handwarmers-x-1-paar-handwaermer\/#breadcrumb","itemListElement":[{"@type":"ListItem","position":1,"name":"Startseite","item":"https:\/\/schweizversand.ch\/fr\/"},{"@type":"ListItem","position":2,"name":"Boutique","item":"https:\/\/schweizversand.ch\/fr\/boutique\/"},{"@type":"ListItem","position":3,"name":"Chauffe-mains Trespass X &#8211; Chauffe-poches"}]},{"@type":"WebSite","@id":"https:\/\/schweizversand.ch\/fr\/#website","url":"https:\/\/schweizversand.ch\/fr\/","name":"Schweizer Shop f\u00fcr Sport, Spiel und Freizeit","description":"Gratisversand ab 50.- (netto), ab eigenem schweizer Lager, Lieferung innert 48h","publisher":{"@id":"https:\/\/schweizversand.ch\/fr\/#organization"},"alternateName":"Schweizversand.ch","potentialAction":[{"@type":"SearchAction","target":{"@type":"EntryPoint","urlTemplate":"https:\/\/schweizversand.ch\/fr\/?s={search_term_string}"},"query-input":{"@type":"PropertyValueSpecification","valueRequired":true,"valueName":"search_term_string"}}],"inLanguage":"fr-FR"},{"@type":"Organization","@id":"https:\/\/schweizversand.ch\/fr\/#organization","name":"Schweizversand.ch","url":"https:\/\/schweizversand.ch\/fr\/","logo":{"@type":"ImageObject","inLanguage":"fr-FR","@id":"https:\/\/schweizversand.ch\/fr\/#\/schema\/logo\/image\/","url":"https:\/\/schweizversand.ch\/wp-content\/uploads\/2026\/03\/Logo_Rund_Final-1.png","contentUrl":"https:\/\/schweizversand.ch\/wp-content\/uploads\/2026\/03\/Logo_Rund_Final-1.png","width":404,"height":404,"caption":"Schweizversand.ch"},"image":{"@id":"https:\/\/schweizversand.ch\/fr\/#\/schema\/logo\/image\/"},"sameAs":["https:\/\/www.facebook.com\/Schweizversand","https:\/\/www.instagram.com\/schweizversand.ch\/"]}]}},"jetpack_sharing_enabled":true,"_links":{"self":[{"href":"https:\/\/schweizversand.ch\/fr\/wp-json\/wp\/v2\/product\/260245","targetHints":{"allow":["GET"]}}],"collection":[{"href":"https:\/\/schweizversand.ch\/fr\/wp-json\/wp\/v2\/product"}],"about":[{"href":"https:\/\/schweizversand.ch\/fr\/wp-json\/wp\/v2\/types\/product"}],"replies":[{"embeddable":true,"href":"https:\/\/schweizversand.ch\/fr\/wp-json\/wp\/v2\/comments?post=260245"}],"wp:featuredmedia":[{"embeddable":true,"href":"https:\/\/schweizversand.ch\/fr\/wp-json\/wp\/v2\/media\/163313"}],"wp:attachment":[{"href":"https:\/\/schweizversand.ch\/fr\/wp-json\/wp\/v2\/media?parent=260245"}],"wp:term":[{"taxonomy":"product_brand","embeddable":true,"href":"https:\/\/schweizversand.ch\/fr\/wp-json\/wp\/v2\/product_brand?post=260245"},{"taxonomy":"product_cat","embeddable":true,"href":"https:\/\/schweizversand.ch\/fr\/wp-json\/wp\/v2\/product_cat?post=260245"},{"taxonomy":"product_tag","embeddable":true,"href":"https:\/\/schweizversand.ch\/fr\/wp-json\/wp\/v2\/product_tag?post=260245"}],"curies":[{"name":"wp","href":"https:\/\/api.w.org\/{rel}","templated":true}]}}