{"id":260246,"date":"2026-03-15T00:56:43","date_gmt":"2026-03-14T23:56:43","guid":{"rendered":"https:\/\/schweizversand.ch\/produkt\/trespass-rockie-zelthering-fuer-harten-boden-5er-set\/"},"modified":"2026-04-19T15:35:44","modified_gmt":"2026-04-19T13:35:44","slug":"trespass-rockie-zelthering-fuer-harten-boden-5er-set","status":"publish","type":"product","link":"https:\/\/schweizversand.ch\/fr\/produkt\/trespass-rockie-zelthering-fuer-harten-boden-5er-set\/","title":{"rendered":"Trespass ROCKIE &#8211; Piquets de tente pour terrain dur (paquet de 5)"},"content":{"rendered":"<p>D\u00e9couvrez les piquets de tente Trespass ROCKIE \u2013 l&rsquo;accessoire indispensable pour les terrains rocailleux ! Ce lot pratique de 5 piquets en acier, dot\u00e9s de t\u00eates en plastique dur r\u00e9sistant, assure un maintien fiable de votre tente sur les surfaces dures.<\/p>\n<\/p>\n<p>Mesurant 180 x 8 mm, ces piquets sont robustes et suffisamment r\u00e9sistants pour supporter les conditions les plus difficiles. Que ce soit sur un terrain rocailleux, \u00e0 la plage ou au camping, les piquets Trespass ROCKIE ancreront votre tente de mani\u00e8re s\u00fbre et stable.<\/p>\n<\/p>\n<p>Faites confiance \u00e0 la qualit\u00e9 et \u00e0 la fiabilit\u00e9 des piquets Trespass ROCKIE et pr\u00e9parez-vous \u00e0 vivre des aventures inoubliables en plein air. O\u00f9 que vos voyages vous m\u00e8nent, ces piquets robustes vous permettront d&rsquo;\u00eatre parfaitement \u00e9quip\u00e9. Procurez-vous d\u00e8s maintenant le lot pratique de 5 piquets Trespass ROCKIE et profitez de moments de camping sans souci, m\u00eame sur terrain dur !<\/p>\n","protected":false},"excerpt":{"rendered":"<p>Trespass ROCKIE &#8211; 5 robuste Zeltheringe mit Stahlkern und Kunststoffkopf f\u00fcr sicheren Halt auf hartem Boden. Perfekt f\u00fcr Fels, Strand &amp; Camping.<\/p>\n","protected":false},"featured_media":163315,"comment_status":"open","ping_status":"closed","template":"","meta":[],"product_brand":[],"product_cat":[38126],"product_tag":[],"class_list":{"0":"post-260246","1":"product","2":"type-product","3":"status-publish","4":"has-post-thumbnail","6":"product_cat-camping","7":"product_shipping_class-global_methods","9":"first","10":"instock","11":"taxable","12":"shipping-taxable","13":"purchasable","14":"product-type-simple"},"yoast_head":"<!-- This site is optimized with the Yoast SEO plugin v27.4 - https:\/\/yoast.com\/product\/yoast-seo-wordpress\/ -->\n<title>Trespass ROCKIE - Zelthering f\u00fcr harten Boden (5er Set)<\/title>\n<meta name=\"description\" content=\"Entdecken Sie die Trespass ROCKIE Zeltheringe - Ihr unverzichtbares Zubeh\u00f6r f\u00fcr den harten Boden! Dieses praktische 5er Set enth\u00e4lt 5 Stahlheringe mit strapazie\" \/>\n<meta name=\"robots\" content=\"index, follow, max-snippet:-1, max-image-preview:large, max-video-preview:-1\" \/>\n<link rel=\"canonical\" href=\"https:\/\/schweizversand.ch\/fr\/produkt\/trespass-rockie-zelthering-fuer-harten-boden-5er-set\/\" \/>\n<meta property=\"og:locale\" content=\"fr_FR\" \/>\n<meta property=\"og:type\" content=\"article\" \/>\n<meta property=\"og:title\" content=\"Trespass ROCKIE - Zelthering f\u00fcr harten Boden (5er Set)\" \/>\n<meta property=\"og:description\" content=\"Entdecken Sie die Trespass ROCKIE Zeltheringe - Ihr unverzichtbares Zubeh\u00f6r f\u00fcr den harten Boden! Dieses praktische 5er Set enth\u00e4lt 5 Stahlheringe mit strapazie\" \/>\n<meta property=\"og:url\" content=\"https:\/\/schweizversand.ch\/fr\/produkt\/trespass-rockie-zelthering-fuer-harten-boden-5er-set\/\" \/>\n<meta property=\"og:site_name\" content=\"Schweizer Shop f\u00fcr Sport, Spiel und Freizeit\" \/>\n<meta property=\"article:publisher\" content=\"https:\/\/www.facebook.com\/Schweizversand\" \/>\n<meta property=\"article:modified_time\" content=\"2026-04-19T13:35:44+00:00\" \/>\n<meta property=\"og:image\" content=\"https:\/\/schweizversand.ch\/wp-content\/uploads\/2026\/02\/5471515786.jpg\" \/>\n\t<meta property=\"og:image:width\" content=\"529\" \/>\n\t<meta property=\"og:image:height\" content=\"1024\" \/>\n\t<meta property=\"og:image:type\" content=\"image\/jpeg\" \/>\n<meta name=\"twitter:card\" content=\"summary_large_image\" \/>\n<meta name=\"twitter:label1\" content=\"Dur\u00e9e de lecture estim\u00e9e\" \/>\n\t<meta name=\"twitter:data1\" content=\"1 minute\" \/>\n<script type=\"application\/ld+json\" class=\"yoast-schema-graph\">{\"@context\":\"https:\\\/\\\/schema.org\",\"@graph\":[{\"@type\":\"WebPage\",\"@id\":\"https:\\\/\\\/schweizversand.ch\\\/fr\\\/produkt\\\/trespass-rockie-zelthering-fuer-harten-boden-5er-set\\\/\",\"url\":\"https:\\\/\\\/schweizversand.ch\\\/fr\\\/produkt\\\/trespass-rockie-zelthering-fuer-harten-boden-5er-set\\\/\",\"name\":\"Trespass ROCKIE - Zelthering f\u00fcr harten Boden (5er Set)\",\"isPartOf\":{\"@id\":\"https:\\\/\\\/schweizversand.ch\\\/fr\\\/#website\"},\"primaryImageOfPage\":{\"@id\":\"https:\\\/\\\/schweizversand.ch\\\/fr\\\/produkt\\\/trespass-rockie-zelthering-fuer-harten-boden-5er-set\\\/#primaryimage\"},\"image\":{\"@id\":\"https:\\\/\\\/schweizversand.ch\\\/fr\\\/produkt\\\/trespass-rockie-zelthering-fuer-harten-boden-5er-set\\\/#primaryimage\"},\"thumbnailUrl\":\"https:\\\/\\\/schweizversand.ch\\\/wp-content\\\/uploads\\\/2026\\\/02\\\/5471515786.jpg\",\"datePublished\":\"2026-03-14T23:56:43+00:00\",\"dateModified\":\"2026-04-19T13:35:44+00:00\",\"description\":\"Entdecken Sie die Trespass ROCKIE Zeltheringe - Ihr unverzichtbares Zubeh\u00f6r f\u00fcr den harten Boden! Dieses praktische 5er Set enth\u00e4lt 5 Stahlheringe mit strapazie\",\"breadcrumb\":{\"@id\":\"https:\\\/\\\/schweizversand.ch\\\/fr\\\/produkt\\\/trespass-rockie-zelthering-fuer-harten-boden-5er-set\\\/#breadcrumb\"},\"inLanguage\":\"fr-FR\",\"potentialAction\":[{\"@type\":\"ReadAction\",\"target\":[\"https:\\\/\\\/schweizversand.ch\\\/fr\\\/produkt\\\/trespass-rockie-zelthering-fuer-harten-boden-5er-set\\\/\"]}]},{\"@type\":\"ImageObject\",\"inLanguage\":\"fr-FR\",\"@id\":\"https:\\\/\\\/schweizversand.ch\\\/fr\\\/produkt\\\/trespass-rockie-zelthering-fuer-harten-boden-5er-set\\\/#primaryimage\",\"url\":\"https:\\\/\\\/schweizversand.ch\\\/wp-content\\\/uploads\\\/2026\\\/02\\\/5471515786.jpg\",\"contentUrl\":\"https:\\\/\\\/schweizversand.ch\\\/wp-content\\\/uploads\\\/2026\\\/02\\\/5471515786.jpg\",\"width\":529,\"height\":1024},{\"@type\":\"BreadcrumbList\",\"@id\":\"https:\\\/\\\/schweizversand.ch\\\/fr\\\/produkt\\\/trespass-rockie-zelthering-fuer-harten-boden-5er-set\\\/#breadcrumb\",\"itemListElement\":[{\"@type\":\"ListItem\",\"position\":1,\"name\":\"Startseite\",\"item\":\"https:\\\/\\\/schweizversand.ch\\\/fr\\\/home\\\/\"},{\"@type\":\"ListItem\",\"position\":2,\"name\":\"Boutique\",\"item\":\"https:\\\/\\\/schweizversand.ch\\\/fr\\\/boutique\\\/\"},{\"@type\":\"ListItem\",\"position\":3,\"name\":\"Sports\",\"item\":\"https:\\\/\\\/schweizversand.ch\\\/fr\\\/produkt-kategorie\\\/sports\\\/\"},{\"@type\":\"ListItem\",\"position\":4,\"name\":\"Plein air\",\"item\":\"https:\\\/\\\/schweizversand.ch\\\/fr\\\/produkt-kategorie\\\/sports\\\/plein-air\\\/\"},{\"@type\":\"ListItem\",\"position\":5,\"name\":\"Camping\",\"item\":\"https:\\\/\\\/schweizversand.ch\\\/fr\\\/produkt-kategorie\\\/sports\\\/plein-air\\\/camping\\\/\"},{\"@type\":\"ListItem\",\"position\":6,\"name\":\"Trespass ROCKIE &#8211; Piquets de tente pour terrain dur (paquet de 5)\"}]},{\"@type\":\"WebSite\",\"@id\":\"https:\\\/\\\/schweizversand.ch\\\/fr\\\/#website\",\"url\":\"https:\\\/\\\/schweizversand.ch\\\/fr\\\/\",\"name\":\"Schweizer Shop f\u00fcr Sport, Spiel und Freizeit\",\"description\":\"Gratisversand ab 50.- (netto), ab eigenem schweizer Lager, Lieferung innert 48h\",\"publisher\":{\"@id\":\"https:\\\/\\\/schweizversand.ch\\\/fr\\\/#organization\"},\"alternateName\":\"Schweizversand.ch\",\"potentialAction\":[{\"@type\":\"SearchAction\",\"target\":{\"@type\":\"EntryPoint\",\"urlTemplate\":\"https:\\\/\\\/schweizversand.ch\\\/fr\\\/?s={search_term_string}\"},\"query-input\":{\"@type\":\"PropertyValueSpecification\",\"valueRequired\":true,\"valueName\":\"search_term_string\"}}],\"inLanguage\":\"fr-FR\"},{\"@type\":\"Organization\",\"@id\":\"https:\\\/\\\/schweizversand.ch\\\/fr\\\/#organization\",\"name\":\"Schweizversand.ch\",\"url\":\"https:\\\/\\\/schweizversand.ch\\\/fr\\\/\",\"logo\":{\"@type\":\"ImageObject\",\"inLanguage\":\"fr-FR\",\"@id\":\"https:\\\/\\\/schweizversand.ch\\\/fr\\\/#\\\/schema\\\/logo\\\/image\\\/\",\"url\":\"https:\\\/\\\/schweizversand.ch\\\/wp-content\\\/uploads\\\/2026\\\/03\\\/Logo_Rund_Final-1.png\",\"contentUrl\":\"https:\\\/\\\/schweizversand.ch\\\/wp-content\\\/uploads\\\/2026\\\/03\\\/Logo_Rund_Final-1.png\",\"width\":404,\"height\":404,\"caption\":\"Schweizversand.ch\"},\"image\":{\"@id\":\"https:\\\/\\\/schweizversand.ch\\\/fr\\\/#\\\/schema\\\/logo\\\/image\\\/\"},\"sameAs\":[\"https:\\\/\\\/www.facebook.com\\\/Schweizversand\",\"https:\\\/\\\/www.instagram.com\\\/schweizversand.ch\\\/\"]}]}<\/script>\n<!-- \/ Yoast SEO plugin. -->","yoast_head_json":{"title":"Trespass ROCKIE - Zelthering f\u00fcr harten Boden (5er Set)","description":"Entdecken Sie die Trespass ROCKIE Zeltheringe - Ihr unverzichtbares Zubeh\u00f6r f\u00fcr den harten Boden! Dieses praktische 5er Set enth\u00e4lt 5 Stahlheringe mit strapazie","robots":{"index":"index","follow":"follow","max-snippet":"max-snippet:-1","max-image-preview":"max-image-preview:large","max-video-preview":"max-video-preview:-1"},"canonical":"https:\/\/schweizversand.ch\/fr\/produkt\/trespass-rockie-zelthering-fuer-harten-boden-5er-set\/","og_locale":"fr_FR","og_type":"article","og_title":"Trespass ROCKIE - Zelthering f\u00fcr harten Boden (5er Set)","og_description":"Entdecken Sie die Trespass ROCKIE Zeltheringe - Ihr unverzichtbares Zubeh\u00f6r f\u00fcr den harten Boden! Dieses praktische 5er Set enth\u00e4lt 5 Stahlheringe mit strapazie","og_url":"https:\/\/schweizversand.ch\/fr\/produkt\/trespass-rockie-zelthering-fuer-harten-boden-5er-set\/","og_site_name":"Schweizer Shop f\u00fcr Sport, Spiel und Freizeit","article_publisher":"https:\/\/www.facebook.com\/Schweizversand","article_modified_time":"2026-04-19T13:35:44+00:00","og_image":[{"width":529,"height":1024,"url":"https:\/\/schweizversand.ch\/wp-content\/uploads\/2026\/02\/5471515786.jpg","type":"image\/jpeg"}],"twitter_card":"summary_large_image","twitter_misc":{"Dur\u00e9e de lecture estim\u00e9e":"1 minute"},"schema":{"@context":"https:\/\/schema.org","@graph":[{"@type":"WebPage","@id":"https:\/\/schweizversand.ch\/fr\/produkt\/trespass-rockie-zelthering-fuer-harten-boden-5er-set\/","url":"https:\/\/schweizversand.ch\/fr\/produkt\/trespass-rockie-zelthering-fuer-harten-boden-5er-set\/","name":"Trespass ROCKIE - Zelthering f\u00fcr harten Boden (5er Set)","isPartOf":{"@id":"https:\/\/schweizversand.ch\/fr\/#website"},"primaryImageOfPage":{"@id":"https:\/\/schweizversand.ch\/fr\/produkt\/trespass-rockie-zelthering-fuer-harten-boden-5er-set\/#primaryimage"},"image":{"@id":"https:\/\/schweizversand.ch\/fr\/produkt\/trespass-rockie-zelthering-fuer-harten-boden-5er-set\/#primaryimage"},"thumbnailUrl":"https:\/\/schweizversand.ch\/wp-content\/uploads\/2026\/02\/5471515786.jpg","datePublished":"2026-03-14T23:56:43+00:00","dateModified":"2026-04-19T13:35:44+00:00","description":"Entdecken Sie die Trespass ROCKIE Zeltheringe - Ihr unverzichtbares Zubeh\u00f6r f\u00fcr den harten Boden! Dieses praktische 5er Set enth\u00e4lt 5 Stahlheringe mit strapazie","breadcrumb":{"@id":"https:\/\/schweizversand.ch\/fr\/produkt\/trespass-rockie-zelthering-fuer-harten-boden-5er-set\/#breadcrumb"},"inLanguage":"fr-FR","potentialAction":[{"@type":"ReadAction","target":["https:\/\/schweizversand.ch\/fr\/produkt\/trespass-rockie-zelthering-fuer-harten-boden-5er-set\/"]}]},{"@type":"ImageObject","inLanguage":"fr-FR","@id":"https:\/\/schweizversand.ch\/fr\/produkt\/trespass-rockie-zelthering-fuer-harten-boden-5er-set\/#primaryimage","url":"https:\/\/schweizversand.ch\/wp-content\/uploads\/2026\/02\/5471515786.jpg","contentUrl":"https:\/\/schweizversand.ch\/wp-content\/uploads\/2026\/02\/5471515786.jpg","width":529,"height":1024},{"@type":"BreadcrumbList","@id":"https:\/\/schweizversand.ch\/fr\/produkt\/trespass-rockie-zelthering-fuer-harten-boden-5er-set\/#breadcrumb","itemListElement":[{"@type":"ListItem","position":1,"name":"Startseite","item":"https:\/\/schweizversand.ch\/fr\/home\/"},{"@type":"ListItem","position":2,"name":"Boutique","item":"https:\/\/schweizversand.ch\/fr\/boutique\/"},{"@type":"ListItem","position":3,"name":"Sports","item":"https:\/\/schweizversand.ch\/fr\/produkt-kategorie\/sports\/"},{"@type":"ListItem","position":4,"name":"Plein air","item":"https:\/\/schweizversand.ch\/fr\/produkt-kategorie\/sports\/plein-air\/"},{"@type":"ListItem","position":5,"name":"Camping","item":"https:\/\/schweizversand.ch\/fr\/produkt-kategorie\/sports\/plein-air\/camping\/"},{"@type":"ListItem","position":6,"name":"Trespass ROCKIE &#8211; Piquets de tente pour terrain dur (paquet de 5)"}]},{"@type":"WebSite","@id":"https:\/\/schweizversand.ch\/fr\/#website","url":"https:\/\/schweizversand.ch\/fr\/","name":"Schweizer Shop f\u00fcr Sport, Spiel und Freizeit","description":"Gratisversand ab 50.- (netto), ab eigenem schweizer Lager, Lieferung innert 48h","publisher":{"@id":"https:\/\/schweizversand.ch\/fr\/#organization"},"alternateName":"Schweizversand.ch","potentialAction":[{"@type":"SearchAction","target":{"@type":"EntryPoint","urlTemplate":"https:\/\/schweizversand.ch\/fr\/?s={search_term_string}"},"query-input":{"@type":"PropertyValueSpecification","valueRequired":true,"valueName":"search_term_string"}}],"inLanguage":"fr-FR"},{"@type":"Organization","@id":"https:\/\/schweizversand.ch\/fr\/#organization","name":"Schweizversand.ch","url":"https:\/\/schweizversand.ch\/fr\/","logo":{"@type":"ImageObject","inLanguage":"fr-FR","@id":"https:\/\/schweizversand.ch\/fr\/#\/schema\/logo\/image\/","url":"https:\/\/schweizversand.ch\/wp-content\/uploads\/2026\/03\/Logo_Rund_Final-1.png","contentUrl":"https:\/\/schweizversand.ch\/wp-content\/uploads\/2026\/03\/Logo_Rund_Final-1.png","width":404,"height":404,"caption":"Schweizversand.ch"},"image":{"@id":"https:\/\/schweizversand.ch\/fr\/#\/schema\/logo\/image\/"},"sameAs":["https:\/\/www.facebook.com\/Schweizversand","https:\/\/www.instagram.com\/schweizversand.ch\/"]}]}},"jetpack_sharing_enabled":true,"_links":{"self":[{"href":"https:\/\/schweizversand.ch\/fr\/wp-json\/wp\/v2\/product\/260246","targetHints":{"allow":["GET"]}}],"collection":[{"href":"https:\/\/schweizversand.ch\/fr\/wp-json\/wp\/v2\/product"}],"about":[{"href":"https:\/\/schweizversand.ch\/fr\/wp-json\/wp\/v2\/types\/product"}],"replies":[{"embeddable":true,"href":"https:\/\/schweizversand.ch\/fr\/wp-json\/wp\/v2\/comments?post=260246"}],"wp:featuredmedia":[{"embeddable":true,"href":"https:\/\/schweizversand.ch\/fr\/wp-json\/wp\/v2\/media\/163315"}],"wp:attachment":[{"href":"https:\/\/schweizversand.ch\/fr\/wp-json\/wp\/v2\/media?parent=260246"}],"wp:term":[{"taxonomy":"product_brand","embeddable":true,"href":"https:\/\/schweizversand.ch\/fr\/wp-json\/wp\/v2\/product_brand?post=260246"},{"taxonomy":"product_cat","embeddable":true,"href":"https:\/\/schweizversand.ch\/fr\/wp-json\/wp\/v2\/product_cat?post=260246"},{"taxonomy":"product_tag","embeddable":true,"href":"https:\/\/schweizversand.ch\/fr\/wp-json\/wp\/v2\/product_tag?post=260246"}],"curies":[{"name":"wp","href":"https:\/\/api.w.org\/{rel}","templated":true}]}}