{"id":260251,"date":"2026-03-20T02:01:11","date_gmt":"2026-03-20T01:01:11","guid":{"rendered":"https:\/\/schweizversand.ch\/produkt\/trespass-squeezebox-faltbarer-wasserkanister\/"},"modified":"2026-04-05T15:34:09","modified_gmt":"2026-04-05T13:34:09","slug":"trespass-squeezebox-faltbarer-wasserkanister","status":"publish","type":"product","link":"https:\/\/schweizversand.ch\/fr\/produkt\/trespass-squeezebox-faltbarer-wasserkanister\/","title":{"rendered":"Bo\u00eete \u00e0 eau pliable Trespass"},"content":{"rendered":"<p>D\u00e9couvrez la SQUEEZEBOX de Trespass\u00a0: une gourde pliable de 8 litres qui simplifiera vos aventures en camping\u00a0! Accessoire indispensable pour la randonn\u00e9e, le camping ou les festivals, cette gourde portable est id\u00e9ale pour vos excursions.<\/p>\n<\/p>\n<p>La SQUEEZEBOX offre un espace g\u00e9n\u00e9reux pour vos r\u00e9serves d&rsquo;eau et se plie \u00e0 plat pour un rangement et un transport faciles.<\/p>\n<\/p>\n<p>Plus besoin de longues marches pour trouver de l&rsquo;eau\u00a0: avec la SQUEEZEBOX, votre eau est toujours \u00e0 port\u00e9e de main. Sa poign\u00e9e pratique facilite le transport, tandis que son robinet permet un dosage pr\u00e9cis et sans gaspillage.<\/p>\n<\/p>\n<p>Fabriqu\u00e9e en PVC r\u00e9sistant et durable, la SQUEEZEBOX est con\u00e7ue pour durer et sera votre compagnon id\u00e9al pour toutes vos activit\u00e9s de plein air.<\/p>\n<\/p>\n<p>R\u00e9alisez vos r\u00eaves de camping et vivez une libert\u00e9 totale avec la gourde pliable SQUEEZEBOX de Trespass. Faites le plein d&rsquo;eau d\u00e8s maintenant et profitez de moments inoubliables en pleine nature, en toute simplicit\u00e9\u00a0!<\/p>\n","protected":false},"excerpt":{"rendered":"<p>Trespass SQUEEZEBOX \u2013 faltbarer 8-Liter Wasserkanister mit Zapfhahn, robustem PVC und praktischem Griff. Perfekt f\u00fcr Camping, Wandern und Festivals.<\/p>\n","protected":false},"featured_media":258386,"comment_status":"open","ping_status":"closed","template":"","meta":[],"product_brand":[],"product_cat":[38332],"product_tag":[],"class_list":{"0":"post-260251","1":"product","2":"type-product","3":"status-publish","4":"has-post-thumbnail","6":"product_cat-outdoorausruestung","7":"product_shipping_class-global_methods","9":"first","10":"instock","11":"taxable","12":"shipping-taxable","13":"purchasable","14":"product-type-simple"},"yoast_head":"<!-- This site is optimized with the Yoast SEO plugin v27.3 - https:\/\/yoast.com\/product\/yoast-seo-wordpress\/ -->\n<title>Trespass SQUEEZEBOX - Faltbarer Wasserkanister<\/title>\n<meta name=\"description\" content=\"Entdecken Sie den Trespass SQUEEZEBOX - Faltbaren Wasserkanister mit einem Fassungsverm\u00f6gen von 8 Litern, der Ihre Campingabenteuer noch komfortabler macht! Die\" \/>\n<meta name=\"robots\" content=\"index, follow, max-snippet:-1, max-image-preview:large, max-video-preview:-1\" \/>\n<link rel=\"canonical\" href=\"https:\/\/schweizversand.ch\/fr\/produkt\/trespass-squeezebox-faltbarer-wasserkanister\/\" \/>\n<meta property=\"og:locale\" content=\"fr_FR\" \/>\n<meta property=\"og:type\" content=\"article\" \/>\n<meta property=\"og:title\" content=\"Trespass SQUEEZEBOX - Faltbarer Wasserkanister\" \/>\n<meta property=\"og:description\" content=\"Entdecken Sie den Trespass SQUEEZEBOX - Faltbaren Wasserkanister mit einem Fassungsverm\u00f6gen von 8 Litern, der Ihre Campingabenteuer noch komfortabler macht! Die\" \/>\n<meta property=\"og:url\" content=\"https:\/\/schweizversand.ch\/fr\/produkt\/trespass-squeezebox-faltbarer-wasserkanister\/\" \/>\n<meta property=\"og:site_name\" content=\"Schweizer Shop f\u00fcr Sport, Spiel und Freizeit\" \/>\n<meta property=\"article:publisher\" content=\"https:\/\/www.facebook.com\/Schweizversand\" \/>\n<meta property=\"article:modified_time\" content=\"2026-04-05T13:34:09+00:00\" \/>\n<meta property=\"og:image\" content=\"https:\/\/schweizversand.ch\/wp-content\/uploads\/2026\/03\/5471516102.jpg\" \/>\n\t<meta property=\"og:image:width\" content=\"709\" \/>\n\t<meta property=\"og:image:height\" content=\"1024\" \/>\n\t<meta property=\"og:image:type\" content=\"image\/jpeg\" \/>\n<meta name=\"twitter:card\" content=\"summary_large_image\" \/>\n<meta name=\"twitter:label1\" content=\"Dur\u00e9e de lecture estim\u00e9e\" \/>\n\t<meta name=\"twitter:data1\" content=\"1 minute\" \/>\n<script type=\"application\/ld+json\" class=\"yoast-schema-graph\">{\"@context\":\"https:\\\/\\\/schema.org\",\"@graph\":[{\"@type\":\"WebPage\",\"@id\":\"https:\\\/\\\/schweizversand.ch\\\/fr\\\/produkt\\\/trespass-squeezebox-faltbarer-wasserkanister\\\/\",\"url\":\"https:\\\/\\\/schweizversand.ch\\\/fr\\\/produkt\\\/trespass-squeezebox-faltbarer-wasserkanister\\\/\",\"name\":\"Trespass SQUEEZEBOX - Faltbarer Wasserkanister\",\"isPartOf\":{\"@id\":\"https:\\\/\\\/schweizversand.ch\\\/fr\\\/#website\"},\"primaryImageOfPage\":{\"@id\":\"https:\\\/\\\/schweizversand.ch\\\/fr\\\/produkt\\\/trespass-squeezebox-faltbarer-wasserkanister\\\/#primaryimage\"},\"image\":{\"@id\":\"https:\\\/\\\/schweizversand.ch\\\/fr\\\/produkt\\\/trespass-squeezebox-faltbarer-wasserkanister\\\/#primaryimage\"},\"thumbnailUrl\":\"https:\\\/\\\/schweizversand.ch\\\/wp-content\\\/uploads\\\/2026\\\/03\\\/5471516102.jpg\",\"datePublished\":\"2026-03-20T01:01:11+00:00\",\"dateModified\":\"2026-04-05T13:34:09+00:00\",\"description\":\"Entdecken Sie den Trespass SQUEEZEBOX - Faltbaren Wasserkanister mit einem Fassungsverm\u00f6gen von 8 Litern, der Ihre Campingabenteuer noch komfortabler macht! Die\",\"breadcrumb\":{\"@id\":\"https:\\\/\\\/schweizversand.ch\\\/fr\\\/produkt\\\/trespass-squeezebox-faltbarer-wasserkanister\\\/#breadcrumb\"},\"inLanguage\":\"fr-FR\",\"potentialAction\":[{\"@type\":\"ReadAction\",\"target\":[\"https:\\\/\\\/schweizversand.ch\\\/fr\\\/produkt\\\/trespass-squeezebox-faltbarer-wasserkanister\\\/\"]}]},{\"@type\":\"ImageObject\",\"inLanguage\":\"fr-FR\",\"@id\":\"https:\\\/\\\/schweizversand.ch\\\/fr\\\/produkt\\\/trespass-squeezebox-faltbarer-wasserkanister\\\/#primaryimage\",\"url\":\"https:\\\/\\\/schweizversand.ch\\\/wp-content\\\/uploads\\\/2026\\\/03\\\/5471516102.jpg\",\"contentUrl\":\"https:\\\/\\\/schweizversand.ch\\\/wp-content\\\/uploads\\\/2026\\\/03\\\/5471516102.jpg\",\"width\":709,\"height\":1024},{\"@type\":\"BreadcrumbList\",\"@id\":\"https:\\\/\\\/schweizversand.ch\\\/fr\\\/produkt\\\/trespass-squeezebox-faltbarer-wasserkanister\\\/#breadcrumb\",\"itemListElement\":[{\"@type\":\"ListItem\",\"position\":1,\"name\":\"Startseite\",\"item\":\"https:\\\/\\\/schweizversand.ch\\\/fr\\\/\"},{\"@type\":\"ListItem\",\"position\":2,\"name\":\"Boutique\",\"item\":\"https:\\\/\\\/schweizversand.ch\\\/fr\\\/boutique\\\/\"},{\"@type\":\"ListItem\",\"position\":3,\"name\":\"Bo\u00eete \u00e0 eau pliable Trespass\"}]},{\"@type\":\"WebSite\",\"@id\":\"https:\\\/\\\/schweizversand.ch\\\/fr\\\/#website\",\"url\":\"https:\\\/\\\/schweizversand.ch\\\/fr\\\/\",\"name\":\"Schweizer Shop f\u00fcr Sport, Spiel und Freizeit\",\"description\":\"Gratisversand ab 50.- (netto), ab eigenem schweizer Lager, Lieferung innert 48h\",\"publisher\":{\"@id\":\"https:\\\/\\\/schweizversand.ch\\\/fr\\\/#organization\"},\"alternateName\":\"Schweizversand.ch\",\"potentialAction\":[{\"@type\":\"SearchAction\",\"target\":{\"@type\":\"EntryPoint\",\"urlTemplate\":\"https:\\\/\\\/schweizversand.ch\\\/fr\\\/?s={search_term_string}\"},\"query-input\":{\"@type\":\"PropertyValueSpecification\",\"valueRequired\":true,\"valueName\":\"search_term_string\"}}],\"inLanguage\":\"fr-FR\"},{\"@type\":\"Organization\",\"@id\":\"https:\\\/\\\/schweizversand.ch\\\/fr\\\/#organization\",\"name\":\"Schweizversand.ch\",\"url\":\"https:\\\/\\\/schweizversand.ch\\\/fr\\\/\",\"logo\":{\"@type\":\"ImageObject\",\"inLanguage\":\"fr-FR\",\"@id\":\"https:\\\/\\\/schweizversand.ch\\\/fr\\\/#\\\/schema\\\/logo\\\/image\\\/\",\"url\":\"https:\\\/\\\/schweizversand.ch\\\/wp-content\\\/uploads\\\/2026\\\/03\\\/Logo_Rund_Final-1.png\",\"contentUrl\":\"https:\\\/\\\/schweizversand.ch\\\/wp-content\\\/uploads\\\/2026\\\/03\\\/Logo_Rund_Final-1.png\",\"width\":404,\"height\":404,\"caption\":\"Schweizversand.ch\"},\"image\":{\"@id\":\"https:\\\/\\\/schweizversand.ch\\\/fr\\\/#\\\/schema\\\/logo\\\/image\\\/\"},\"sameAs\":[\"https:\\\/\\\/www.facebook.com\\\/Schweizversand\",\"https:\\\/\\\/www.instagram.com\\\/schweizversand.ch\\\/\"]}]}<\/script>\n<!-- \/ Yoast SEO plugin. -->","yoast_head_json":{"title":"Trespass SQUEEZEBOX - Faltbarer Wasserkanister","description":"Entdecken Sie den Trespass SQUEEZEBOX - Faltbaren Wasserkanister mit einem Fassungsverm\u00f6gen von 8 Litern, der Ihre Campingabenteuer noch komfortabler macht! Die","robots":{"index":"index","follow":"follow","max-snippet":"max-snippet:-1","max-image-preview":"max-image-preview:large","max-video-preview":"max-video-preview:-1"},"canonical":"https:\/\/schweizversand.ch\/fr\/produkt\/trespass-squeezebox-faltbarer-wasserkanister\/","og_locale":"fr_FR","og_type":"article","og_title":"Trespass SQUEEZEBOX - Faltbarer Wasserkanister","og_description":"Entdecken Sie den Trespass SQUEEZEBOX - Faltbaren Wasserkanister mit einem Fassungsverm\u00f6gen von 8 Litern, der Ihre Campingabenteuer noch komfortabler macht! Die","og_url":"https:\/\/schweizversand.ch\/fr\/produkt\/trespass-squeezebox-faltbarer-wasserkanister\/","og_site_name":"Schweizer Shop f\u00fcr Sport, Spiel und Freizeit","article_publisher":"https:\/\/www.facebook.com\/Schweizversand","article_modified_time":"2026-04-05T13:34:09+00:00","og_image":[{"width":709,"height":1024,"url":"https:\/\/schweizversand.ch\/wp-content\/uploads\/2026\/03\/5471516102.jpg","type":"image\/jpeg"}],"twitter_card":"summary_large_image","twitter_misc":{"Dur\u00e9e de lecture estim\u00e9e":"1 minute"},"schema":{"@context":"https:\/\/schema.org","@graph":[{"@type":"WebPage","@id":"https:\/\/schweizversand.ch\/fr\/produkt\/trespass-squeezebox-faltbarer-wasserkanister\/","url":"https:\/\/schweizversand.ch\/fr\/produkt\/trespass-squeezebox-faltbarer-wasserkanister\/","name":"Trespass SQUEEZEBOX - Faltbarer Wasserkanister","isPartOf":{"@id":"https:\/\/schweizversand.ch\/fr\/#website"},"primaryImageOfPage":{"@id":"https:\/\/schweizversand.ch\/fr\/produkt\/trespass-squeezebox-faltbarer-wasserkanister\/#primaryimage"},"image":{"@id":"https:\/\/schweizversand.ch\/fr\/produkt\/trespass-squeezebox-faltbarer-wasserkanister\/#primaryimage"},"thumbnailUrl":"https:\/\/schweizversand.ch\/wp-content\/uploads\/2026\/03\/5471516102.jpg","datePublished":"2026-03-20T01:01:11+00:00","dateModified":"2026-04-05T13:34:09+00:00","description":"Entdecken Sie den Trespass SQUEEZEBOX - Faltbaren Wasserkanister mit einem Fassungsverm\u00f6gen von 8 Litern, der Ihre Campingabenteuer noch komfortabler macht! Die","breadcrumb":{"@id":"https:\/\/schweizversand.ch\/fr\/produkt\/trespass-squeezebox-faltbarer-wasserkanister\/#breadcrumb"},"inLanguage":"fr-FR","potentialAction":[{"@type":"ReadAction","target":["https:\/\/schweizversand.ch\/fr\/produkt\/trespass-squeezebox-faltbarer-wasserkanister\/"]}]},{"@type":"ImageObject","inLanguage":"fr-FR","@id":"https:\/\/schweizversand.ch\/fr\/produkt\/trespass-squeezebox-faltbarer-wasserkanister\/#primaryimage","url":"https:\/\/schweizversand.ch\/wp-content\/uploads\/2026\/03\/5471516102.jpg","contentUrl":"https:\/\/schweizversand.ch\/wp-content\/uploads\/2026\/03\/5471516102.jpg","width":709,"height":1024},{"@type":"BreadcrumbList","@id":"https:\/\/schweizversand.ch\/fr\/produkt\/trespass-squeezebox-faltbarer-wasserkanister\/#breadcrumb","itemListElement":[{"@type":"ListItem","position":1,"name":"Startseite","item":"https:\/\/schweizversand.ch\/fr\/"},{"@type":"ListItem","position":2,"name":"Boutique","item":"https:\/\/schweizversand.ch\/fr\/boutique\/"},{"@type":"ListItem","position":3,"name":"Bo\u00eete \u00e0 eau pliable Trespass"}]},{"@type":"WebSite","@id":"https:\/\/schweizversand.ch\/fr\/#website","url":"https:\/\/schweizversand.ch\/fr\/","name":"Schweizer Shop f\u00fcr Sport, Spiel und Freizeit","description":"Gratisversand ab 50.- (netto), ab eigenem schweizer Lager, Lieferung innert 48h","publisher":{"@id":"https:\/\/schweizversand.ch\/fr\/#organization"},"alternateName":"Schweizversand.ch","potentialAction":[{"@type":"SearchAction","target":{"@type":"EntryPoint","urlTemplate":"https:\/\/schweizversand.ch\/fr\/?s={search_term_string}"},"query-input":{"@type":"PropertyValueSpecification","valueRequired":true,"valueName":"search_term_string"}}],"inLanguage":"fr-FR"},{"@type":"Organization","@id":"https:\/\/schweizversand.ch\/fr\/#organization","name":"Schweizversand.ch","url":"https:\/\/schweizversand.ch\/fr\/","logo":{"@type":"ImageObject","inLanguage":"fr-FR","@id":"https:\/\/schweizversand.ch\/fr\/#\/schema\/logo\/image\/","url":"https:\/\/schweizversand.ch\/wp-content\/uploads\/2026\/03\/Logo_Rund_Final-1.png","contentUrl":"https:\/\/schweizversand.ch\/wp-content\/uploads\/2026\/03\/Logo_Rund_Final-1.png","width":404,"height":404,"caption":"Schweizversand.ch"},"image":{"@id":"https:\/\/schweizversand.ch\/fr\/#\/schema\/logo\/image\/"},"sameAs":["https:\/\/www.facebook.com\/Schweizversand","https:\/\/www.instagram.com\/schweizversand.ch\/"]}]}},"jetpack_sharing_enabled":true,"_links":{"self":[{"href":"https:\/\/schweizversand.ch\/fr\/wp-json\/wp\/v2\/product\/260251","targetHints":{"allow":["GET"]}}],"collection":[{"href":"https:\/\/schweizversand.ch\/fr\/wp-json\/wp\/v2\/product"}],"about":[{"href":"https:\/\/schweizversand.ch\/fr\/wp-json\/wp\/v2\/types\/product"}],"replies":[{"embeddable":true,"href":"https:\/\/schweizversand.ch\/fr\/wp-json\/wp\/v2\/comments?post=260251"}],"wp:featuredmedia":[{"embeddable":true,"href":"https:\/\/schweizversand.ch\/fr\/wp-json\/wp\/v2\/media\/258386"}],"wp:attachment":[{"href":"https:\/\/schweizversand.ch\/fr\/wp-json\/wp\/v2\/media?parent=260251"}],"wp:term":[{"taxonomy":"product_brand","embeddable":true,"href":"https:\/\/schweizversand.ch\/fr\/wp-json\/wp\/v2\/product_brand?post=260251"},{"taxonomy":"product_cat","embeddable":true,"href":"https:\/\/schweizversand.ch\/fr\/wp-json\/wp\/v2\/product_cat?post=260251"},{"taxonomy":"product_tag","embeddable":true,"href":"https:\/\/schweizversand.ch\/fr\/wp-json\/wp\/v2\/product_tag?post=260251"}],"curies":[{"name":"wp","href":"https:\/\/api.w.org\/{rel}","templated":true}]}}