{"id":260255,"date":"2026-03-20T02:01:11","date_gmt":"2026-03-20T01:01:11","guid":{"rendered":"https:\/\/schweizversand.ch\/produkt\/trespass-para-cord-seil\/"},"modified":"2026-04-07T02:05:52","modified_gmt":"2026-04-07T00:05:52","slug":"trespass-para-cord-seil","status":"publish","type":"product","link":"https:\/\/schweizversand.ch\/fr\/produkt\/trespass-para-cord-seil\/","title":{"rendered":"Corde Trespass PARA CORD &#8211; Corde"},"content":{"rendered":"<p>La corde Trespass PARA CORD est une corde polyvalente id\u00e9ale pour diverses activit\u00e9s de plein air comme le camping et la randonn\u00e9e. Longue de 15 m\u00e8tres et d&rsquo;un diam\u00e8tre de 3 mm, elle offre de multiples usages\u00a0: s\u00e9curiser du mat\u00e9riel, remplacer des lacets ou encore haubaner une tente.<\/p>\n<\/p>\n<p>Caract\u00e9ristiques principales de la corde Trespass PARA CORD\u00a0:<\/p>\n<\/p>\n<p>\u2022 Longueur\u00a0: Ses 15 m\u00e8tres offrent une port\u00e9e suffisante pour de nombreuses utilisations.<\/p>\n<\/p>\n<p>\u2022 Diam\u00e8tre\u00a0: Avec un diam\u00e8tre de 3 mm, la corde est suffisamment robuste pour la plupart des besoins en ext\u00e9rieur.<\/p>\n<\/p>\n<p>\u2022 Polyvalence\u00a0: Elle peut \u00eatre utilis\u00e9e au quotidien en ext\u00e9rieur, notamment pour remplacer des lacets cass\u00e9s ou fixer des objets \u00e0 un sac \u00e0 dos.<\/p>\n<\/p>\n<p>\u2022 Couleur\u00a0: D&rsquo;un vert olive discret, elle se fond harmonieusement dans le paysage.<\/p>\n<\/p>\n<p>La corde PARA CORD est un \u00e9quipement indispensable pour tout aventurier en qu\u00eate de fiabilit\u00e9 et de fonctionnalit\u00e9.<\/p>\n","protected":false},"excerpt":{"rendered":"<p>Trespass PARA CORD \u2013 15 m robustes 3 mm Outdoor-Seil in Olivgr\u00fcn. Perfekt zum Sichern, Abspannen und f\u00fcr vielseitige Abenteuer im Camping- und Wanderalltag.<\/p>\n","protected":false},"featured_media":258395,"comment_status":"open","ping_status":"closed","template":"","meta":[],"product_brand":[],"product_cat":[38332],"product_tag":[],"class_list":{"0":"post-260255","1":"product","2":"type-product","3":"status-publish","4":"has-post-thumbnail","6":"product_cat-outdoorausruestung","7":"product_shipping_class-global_methods","9":"first","10":"instock","11":"taxable","12":"shipping-taxable","13":"purchasable","14":"product-type-simple"},"yoast_head":"<!-- This site is optimized with the Yoast SEO plugin v27.3 - https:\/\/yoast.com\/product\/yoast-seo-wordpress\/ -->\n<title>Trespass PARA CORD - Seil<\/title>\n<meta name=\"description\" content=\"Das Trespass PARA CORD ist ein vielseitiges Outdoor-Seil, das sich ideal f\u00fcr diverse Aktivit\u00e4ten wie Camping und Wandern eignet. Mit einer L\u00e4nge von 15 Metern u\" \/>\n<meta name=\"robots\" content=\"index, follow, max-snippet:-1, max-image-preview:large, max-video-preview:-1\" \/>\n<link rel=\"canonical\" href=\"https:\/\/schweizversand.ch\/fr\/produkt\/trespass-para-cord-seil\/\" \/>\n<meta property=\"og:locale\" content=\"fr_FR\" \/>\n<meta property=\"og:type\" content=\"article\" \/>\n<meta property=\"og:title\" content=\"Trespass PARA CORD - Seil\" \/>\n<meta property=\"og:description\" content=\"Das Trespass PARA CORD ist ein vielseitiges Outdoor-Seil, das sich ideal f\u00fcr diverse Aktivit\u00e4ten wie Camping und Wandern eignet. Mit einer L\u00e4nge von 15 Metern u\" \/>\n<meta property=\"og:url\" content=\"https:\/\/schweizversand.ch\/fr\/produkt\/trespass-para-cord-seil\/\" \/>\n<meta property=\"og:site_name\" content=\"Schweizer Shop f\u00fcr Sport, Spiel und Freizeit\" \/>\n<meta property=\"article:publisher\" content=\"https:\/\/www.facebook.com\/Schweizversand\" \/>\n<meta property=\"article:modified_time\" content=\"2026-04-07T00:05:52+00:00\" \/>\n<meta property=\"og:image\" content=\"https:\/\/schweizversand.ch\/wp-content\/uploads\/2026\/03\/5471513963.jpg\" \/>\n\t<meta property=\"og:image:width\" content=\"1024\" \/>\n\t<meta property=\"og:image:height\" content=\"683\" \/>\n\t<meta property=\"og:image:type\" content=\"image\/jpeg\" \/>\n<meta name=\"twitter:card\" content=\"summary_large_image\" \/>\n<meta name=\"twitter:label1\" content=\"Dur\u00e9e de lecture estim\u00e9e\" \/>\n\t<meta name=\"twitter:data1\" content=\"1 minute\" \/>\n<script type=\"application\/ld+json\" class=\"yoast-schema-graph\">{\"@context\":\"https:\\\/\\\/schema.org\",\"@graph\":[{\"@type\":\"WebPage\",\"@id\":\"https:\\\/\\\/schweizversand.ch\\\/fr\\\/produkt\\\/trespass-para-cord-seil\\\/\",\"url\":\"https:\\\/\\\/schweizversand.ch\\\/fr\\\/produkt\\\/trespass-para-cord-seil\\\/\",\"name\":\"Trespass PARA CORD - Seil\",\"isPartOf\":{\"@id\":\"https:\\\/\\\/schweizversand.ch\\\/fr\\\/#website\"},\"primaryImageOfPage\":{\"@id\":\"https:\\\/\\\/schweizversand.ch\\\/fr\\\/produkt\\\/trespass-para-cord-seil\\\/#primaryimage\"},\"image\":{\"@id\":\"https:\\\/\\\/schweizversand.ch\\\/fr\\\/produkt\\\/trespass-para-cord-seil\\\/#primaryimage\"},\"thumbnailUrl\":\"https:\\\/\\\/schweizversand.ch\\\/wp-content\\\/uploads\\\/2026\\\/03\\\/5471513963.jpg\",\"datePublished\":\"2026-03-20T01:01:11+00:00\",\"dateModified\":\"2026-04-07T00:05:52+00:00\",\"description\":\"Das Trespass PARA CORD ist ein vielseitiges Outdoor-Seil, das sich ideal f\u00fcr diverse Aktivit\u00e4ten wie Camping und Wandern eignet. Mit einer L\u00e4nge von 15 Metern u\",\"breadcrumb\":{\"@id\":\"https:\\\/\\\/schweizversand.ch\\\/fr\\\/produkt\\\/trespass-para-cord-seil\\\/#breadcrumb\"},\"inLanguage\":\"fr-FR\",\"potentialAction\":[{\"@type\":\"ReadAction\",\"target\":[\"https:\\\/\\\/schweizversand.ch\\\/fr\\\/produkt\\\/trespass-para-cord-seil\\\/\"]}]},{\"@type\":\"ImageObject\",\"inLanguage\":\"fr-FR\",\"@id\":\"https:\\\/\\\/schweizversand.ch\\\/fr\\\/produkt\\\/trespass-para-cord-seil\\\/#primaryimage\",\"url\":\"https:\\\/\\\/schweizversand.ch\\\/wp-content\\\/uploads\\\/2026\\\/03\\\/5471513963.jpg\",\"contentUrl\":\"https:\\\/\\\/schweizversand.ch\\\/wp-content\\\/uploads\\\/2026\\\/03\\\/5471513963.jpg\",\"width\":1024,\"height\":683},{\"@type\":\"BreadcrumbList\",\"@id\":\"https:\\\/\\\/schweizversand.ch\\\/fr\\\/produkt\\\/trespass-para-cord-seil\\\/#breadcrumb\",\"itemListElement\":[{\"@type\":\"ListItem\",\"position\":1,\"name\":\"Startseite\",\"item\":\"https:\\\/\\\/schweizversand.ch\\\/fr\\\/\"},{\"@type\":\"ListItem\",\"position\":2,\"name\":\"Boutique\",\"item\":\"https:\\\/\\\/schweizversand.ch\\\/fr\\\/boutique\\\/\"},{\"@type\":\"ListItem\",\"position\":3,\"name\":\"Corde Trespass PARA CORD &#8211; Corde\"}]},{\"@type\":\"WebSite\",\"@id\":\"https:\\\/\\\/schweizversand.ch\\\/fr\\\/#website\",\"url\":\"https:\\\/\\\/schweizversand.ch\\\/fr\\\/\",\"name\":\"Schweizer Shop f\u00fcr Sport, Spiel und Freizeit\",\"description\":\"Gratisversand ab 50.- (netto), ab eigenem schweizer Lager, Lieferung innert 48h\",\"publisher\":{\"@id\":\"https:\\\/\\\/schweizversand.ch\\\/fr\\\/#organization\"},\"alternateName\":\"Schweizversand.ch\",\"potentialAction\":[{\"@type\":\"SearchAction\",\"target\":{\"@type\":\"EntryPoint\",\"urlTemplate\":\"https:\\\/\\\/schweizversand.ch\\\/fr\\\/?s={search_term_string}\"},\"query-input\":{\"@type\":\"PropertyValueSpecification\",\"valueRequired\":true,\"valueName\":\"search_term_string\"}}],\"inLanguage\":\"fr-FR\"},{\"@type\":\"Organization\",\"@id\":\"https:\\\/\\\/schweizversand.ch\\\/fr\\\/#organization\",\"name\":\"Schweizversand.ch\",\"url\":\"https:\\\/\\\/schweizversand.ch\\\/fr\\\/\",\"logo\":{\"@type\":\"ImageObject\",\"inLanguage\":\"fr-FR\",\"@id\":\"https:\\\/\\\/schweizversand.ch\\\/fr\\\/#\\\/schema\\\/logo\\\/image\\\/\",\"url\":\"https:\\\/\\\/schweizversand.ch\\\/wp-content\\\/uploads\\\/2026\\\/03\\\/Logo_Rund_Final-1.png\",\"contentUrl\":\"https:\\\/\\\/schweizversand.ch\\\/wp-content\\\/uploads\\\/2026\\\/03\\\/Logo_Rund_Final-1.png\",\"width\":404,\"height\":404,\"caption\":\"Schweizversand.ch\"},\"image\":{\"@id\":\"https:\\\/\\\/schweizversand.ch\\\/fr\\\/#\\\/schema\\\/logo\\\/image\\\/\"},\"sameAs\":[\"https:\\\/\\\/www.facebook.com\\\/Schweizversand\",\"https:\\\/\\\/www.instagram.com\\\/schweizversand.ch\\\/\"]}]}<\/script>\n<!-- \/ Yoast SEO plugin. -->","yoast_head_json":{"title":"Trespass PARA CORD - Seil","description":"Das Trespass PARA CORD ist ein vielseitiges Outdoor-Seil, das sich ideal f\u00fcr diverse Aktivit\u00e4ten wie Camping und Wandern eignet. Mit einer L\u00e4nge von 15 Metern u","robots":{"index":"index","follow":"follow","max-snippet":"max-snippet:-1","max-image-preview":"max-image-preview:large","max-video-preview":"max-video-preview:-1"},"canonical":"https:\/\/schweizversand.ch\/fr\/produkt\/trespass-para-cord-seil\/","og_locale":"fr_FR","og_type":"article","og_title":"Trespass PARA CORD - Seil","og_description":"Das Trespass PARA CORD ist ein vielseitiges Outdoor-Seil, das sich ideal f\u00fcr diverse Aktivit\u00e4ten wie Camping und Wandern eignet. Mit einer L\u00e4nge von 15 Metern u","og_url":"https:\/\/schweizversand.ch\/fr\/produkt\/trespass-para-cord-seil\/","og_site_name":"Schweizer Shop f\u00fcr Sport, Spiel und Freizeit","article_publisher":"https:\/\/www.facebook.com\/Schweizversand","article_modified_time":"2026-04-07T00:05:52+00:00","og_image":[{"width":1024,"height":683,"url":"https:\/\/schweizversand.ch\/wp-content\/uploads\/2026\/03\/5471513963.jpg","type":"image\/jpeg"}],"twitter_card":"summary_large_image","twitter_misc":{"Dur\u00e9e de lecture estim\u00e9e":"1 minute"},"schema":{"@context":"https:\/\/schema.org","@graph":[{"@type":"WebPage","@id":"https:\/\/schweizversand.ch\/fr\/produkt\/trespass-para-cord-seil\/","url":"https:\/\/schweizversand.ch\/fr\/produkt\/trespass-para-cord-seil\/","name":"Trespass PARA CORD - Seil","isPartOf":{"@id":"https:\/\/schweizversand.ch\/fr\/#website"},"primaryImageOfPage":{"@id":"https:\/\/schweizversand.ch\/fr\/produkt\/trespass-para-cord-seil\/#primaryimage"},"image":{"@id":"https:\/\/schweizversand.ch\/fr\/produkt\/trespass-para-cord-seil\/#primaryimage"},"thumbnailUrl":"https:\/\/schweizversand.ch\/wp-content\/uploads\/2026\/03\/5471513963.jpg","datePublished":"2026-03-20T01:01:11+00:00","dateModified":"2026-04-07T00:05:52+00:00","description":"Das Trespass PARA CORD ist ein vielseitiges Outdoor-Seil, das sich ideal f\u00fcr diverse Aktivit\u00e4ten wie Camping und Wandern eignet. Mit einer L\u00e4nge von 15 Metern u","breadcrumb":{"@id":"https:\/\/schweizversand.ch\/fr\/produkt\/trespass-para-cord-seil\/#breadcrumb"},"inLanguage":"fr-FR","potentialAction":[{"@type":"ReadAction","target":["https:\/\/schweizversand.ch\/fr\/produkt\/trespass-para-cord-seil\/"]}]},{"@type":"ImageObject","inLanguage":"fr-FR","@id":"https:\/\/schweizversand.ch\/fr\/produkt\/trespass-para-cord-seil\/#primaryimage","url":"https:\/\/schweizversand.ch\/wp-content\/uploads\/2026\/03\/5471513963.jpg","contentUrl":"https:\/\/schweizversand.ch\/wp-content\/uploads\/2026\/03\/5471513963.jpg","width":1024,"height":683},{"@type":"BreadcrumbList","@id":"https:\/\/schweizversand.ch\/fr\/produkt\/trespass-para-cord-seil\/#breadcrumb","itemListElement":[{"@type":"ListItem","position":1,"name":"Startseite","item":"https:\/\/schweizversand.ch\/fr\/"},{"@type":"ListItem","position":2,"name":"Boutique","item":"https:\/\/schweizversand.ch\/fr\/boutique\/"},{"@type":"ListItem","position":3,"name":"Corde Trespass PARA CORD &#8211; Corde"}]},{"@type":"WebSite","@id":"https:\/\/schweizversand.ch\/fr\/#website","url":"https:\/\/schweizversand.ch\/fr\/","name":"Schweizer Shop f\u00fcr Sport, Spiel und Freizeit","description":"Gratisversand ab 50.- (netto), ab eigenem schweizer Lager, Lieferung innert 48h","publisher":{"@id":"https:\/\/schweizversand.ch\/fr\/#organization"},"alternateName":"Schweizversand.ch","potentialAction":[{"@type":"SearchAction","target":{"@type":"EntryPoint","urlTemplate":"https:\/\/schweizversand.ch\/fr\/?s={search_term_string}"},"query-input":{"@type":"PropertyValueSpecification","valueRequired":true,"valueName":"search_term_string"}}],"inLanguage":"fr-FR"},{"@type":"Organization","@id":"https:\/\/schweizversand.ch\/fr\/#organization","name":"Schweizversand.ch","url":"https:\/\/schweizversand.ch\/fr\/","logo":{"@type":"ImageObject","inLanguage":"fr-FR","@id":"https:\/\/schweizversand.ch\/fr\/#\/schema\/logo\/image\/","url":"https:\/\/schweizversand.ch\/wp-content\/uploads\/2026\/03\/Logo_Rund_Final-1.png","contentUrl":"https:\/\/schweizversand.ch\/wp-content\/uploads\/2026\/03\/Logo_Rund_Final-1.png","width":404,"height":404,"caption":"Schweizversand.ch"},"image":{"@id":"https:\/\/schweizversand.ch\/fr\/#\/schema\/logo\/image\/"},"sameAs":["https:\/\/www.facebook.com\/Schweizversand","https:\/\/www.instagram.com\/schweizversand.ch\/"]}]}},"jetpack_sharing_enabled":true,"_links":{"self":[{"href":"https:\/\/schweizversand.ch\/fr\/wp-json\/wp\/v2\/product\/260255","targetHints":{"allow":["GET"]}}],"collection":[{"href":"https:\/\/schweizversand.ch\/fr\/wp-json\/wp\/v2\/product"}],"about":[{"href":"https:\/\/schweizversand.ch\/fr\/wp-json\/wp\/v2\/types\/product"}],"replies":[{"embeddable":true,"href":"https:\/\/schweizversand.ch\/fr\/wp-json\/wp\/v2\/comments?post=260255"}],"wp:featuredmedia":[{"embeddable":true,"href":"https:\/\/schweizversand.ch\/fr\/wp-json\/wp\/v2\/media\/258395"}],"wp:attachment":[{"href":"https:\/\/schweizversand.ch\/fr\/wp-json\/wp\/v2\/media?parent=260255"}],"wp:term":[{"taxonomy":"product_brand","embeddable":true,"href":"https:\/\/schweizversand.ch\/fr\/wp-json\/wp\/v2\/product_brand?post=260255"},{"taxonomy":"product_cat","embeddable":true,"href":"https:\/\/schweizversand.ch\/fr\/wp-json\/wp\/v2\/product_cat?post=260255"},{"taxonomy":"product_tag","embeddable":true,"href":"https:\/\/schweizversand.ch\/fr\/wp-json\/wp\/v2\/product_tag?post=260255"}],"curies":[{"name":"wp","href":"https:\/\/api.w.org\/{rel}","templated":true}]}}