{"id":260260,"date":"2026-03-15T00:56:44","date_gmt":"2026-03-14T23:56:44","guid":{"rendered":"https:\/\/schweizversand.ch\/produkt\/winmau-prism-delta-cypher-dart-flights\/"},"modified":"2026-04-21T15:34:42","modified_gmt":"2026-04-21T13:34:42","slug":"winmau-prism-delta-cypher-dart-flights","status":"publish","type":"product","link":"https:\/\/schweizversand.ch\/fr\/produkt\/winmau-prism-delta-cypher-dart-flights\/","title":{"rendered":"Volets de fl\u00e9chettes Winmau Prism Delta Cypher"},"content":{"rendered":"<p>Prism Delta Cypher \u2013 Pr\u00e9cision maximale, contr\u00f4le ultime !<\/p>\n<\/p>\n<p>Les ailettes Prism Delta Cypher offrent une stabilit\u00e9 et une pr\u00e9cision exceptionnelles pour vos fl\u00e9chettes. Leur surface antid\u00e9rapante assure une prise en main optimale et une trajectoire am\u00e9lior\u00e9e. Leur profil bas, fabriqu\u00e9 en PolyMetronic extra-\u00e9pais de 100 microns, garantit durabilit\u00e9 et r\u00e9sistance \u00e0 chaque lancer.<\/p>\n<\/p>\n<p>En noir classique, elles conf\u00e8rent \u00e0 vos fl\u00e9chettes une allure \u00e9l\u00e9gante et s&rsquo;int\u00e8grent parfaitement \u00e0 tout \u00e9quipement. Leur forme standard n\u00b0 2 offre un \u00e9quilibre id\u00e9al entre stabilit\u00e9 et vitesse, pour un contr\u00f4le maximal et une pr\u00e9cision chirurgicale.<\/p>\n<\/p>\n<p>D\u00e9couvrez l&rsquo;alliance parfaite de la technologie et du design et passez au niveau sup\u00e9rieur.<\/p>\n<\/p>\n<p>Prism Delta Cypher \u2013 pour les joueurs exigeants !<\/p>\n<\/p>\n<p>D\u00e9tails :<\/p>\n<\/p>\n<p>\u2022 Forme : Standard n\u00b0 2<\/p>\n<\/p>\n<p>\u2022 \u00c9paisseur : 100 microns<\/p>\n<\/p>\n<p>\u2022 Mat\u00e9riau : Polymetronic extra-\u00e9pais<\/p>\n","protected":false},"excerpt":{"rendered":"<p>Winmau Prism Delta Cypher Dart Flights bieten maximale Pr\u00e4zision, optimale Kontrolle und langlebige Stabilit\u00e4t mit extra dickem Material f\u00fcr punktgenaue W\u00fcrfe in elegantem Schwarz.<\/p>\n","protected":false},"featured_media":163405,"comment_status":"open","ping_status":"closed","template":"","meta":[],"product_brand":[],"product_cat":[38633],"product_tag":[],"class_list":{"0":"post-260260","1":"product","2":"type-product","3":"status-publish","4":"has-post-thumbnail","6":"product_cat-dart-2","7":"product_shipping_class-global_methods","9":"first","10":"instock","11":"taxable","12":"shipping-taxable","13":"purchasable","14":"product-type-simple"},"yoast_head":"<!-- This site is optimized with the Yoast SEO plugin v27.4 - https:\/\/yoast.com\/product\/yoast-seo-wordpress\/ -->\n<title>Winmau Prism Delta Cypher Dart Flights<\/title>\n<meta name=\"description\" content=\"Prism Delta Cypher \u2013 Maximale Pr\u00e4zision, ultimative Kontrolle!\u00a0 Die Prism Delta Cypher Flights bieten herausragende Stabilit\u00e4t und Pr\u00e4zision f\u00fcr Ihr Dartspiel.\" \/>\n<meta name=\"robots\" content=\"index, follow, max-snippet:-1, max-image-preview:large, max-video-preview:-1\" \/>\n<link rel=\"canonical\" href=\"https:\/\/schweizversand.ch\/fr\/produkt\/winmau-prism-delta-cypher-dart-flights\/\" \/>\n<meta property=\"og:locale\" content=\"fr_FR\" \/>\n<meta property=\"og:type\" content=\"article\" \/>\n<meta property=\"og:title\" content=\"Winmau Prism Delta Cypher Dart Flights\" \/>\n<meta property=\"og:description\" content=\"Prism Delta Cypher \u2013 Maximale Pr\u00e4zision, ultimative Kontrolle!\u00a0 Die Prism Delta Cypher Flights bieten herausragende Stabilit\u00e4t und Pr\u00e4zision f\u00fcr Ihr Dartspiel.\" \/>\n<meta property=\"og:url\" content=\"https:\/\/schweizversand.ch\/fr\/produkt\/winmau-prism-delta-cypher-dart-flights\/\" \/>\n<meta property=\"og:site_name\" content=\"Schweizer Shop f\u00fcr Sport, Spiel und Freizeit\" \/>\n<meta property=\"article:publisher\" content=\"https:\/\/www.facebook.com\/Schweizversand\" \/>\n<meta property=\"article:modified_time\" content=\"2026-04-21T13:34:42+00:00\" \/>\n<meta property=\"og:image\" content=\"https:\/\/schweizversand.ch\/wp-content\/uploads\/2026\/02\/5471843718.jpg\" \/>\n\t<meta property=\"og:image:width\" content=\"1024\" \/>\n\t<meta property=\"og:image:height\" content=\"1024\" \/>\n\t<meta property=\"og:image:type\" content=\"image\/jpeg\" \/>\n<meta name=\"twitter:card\" content=\"summary_large_image\" \/>\n<meta name=\"twitter:label1\" content=\"Dur\u00e9e de lecture estim\u00e9e\" \/>\n\t<meta name=\"twitter:data1\" content=\"1 minute\" \/>\n<script type=\"application\/ld+json\" class=\"yoast-schema-graph\">{\"@context\":\"https:\\\/\\\/schema.org\",\"@graph\":[{\"@type\":\"WebPage\",\"@id\":\"https:\\\/\\\/schweizversand.ch\\\/fr\\\/produkt\\\/winmau-prism-delta-cypher-dart-flights\\\/\",\"url\":\"https:\\\/\\\/schweizversand.ch\\\/fr\\\/produkt\\\/winmau-prism-delta-cypher-dart-flights\\\/\",\"name\":\"Winmau Prism Delta Cypher Dart Flights\",\"isPartOf\":{\"@id\":\"https:\\\/\\\/schweizversand.ch\\\/fr\\\/#website\"},\"primaryImageOfPage\":{\"@id\":\"https:\\\/\\\/schweizversand.ch\\\/fr\\\/produkt\\\/winmau-prism-delta-cypher-dart-flights\\\/#primaryimage\"},\"image\":{\"@id\":\"https:\\\/\\\/schweizversand.ch\\\/fr\\\/produkt\\\/winmau-prism-delta-cypher-dart-flights\\\/#primaryimage\"},\"thumbnailUrl\":\"https:\\\/\\\/schweizversand.ch\\\/wp-content\\\/uploads\\\/2026\\\/02\\\/5471843718.jpg\",\"datePublished\":\"2026-03-14T23:56:44+00:00\",\"dateModified\":\"2026-04-21T13:34:42+00:00\",\"description\":\"Prism Delta Cypher \u2013 Maximale Pr\u00e4zision, ultimative Kontrolle!\u00a0 Die Prism Delta Cypher Flights bieten herausragende Stabilit\u00e4t und Pr\u00e4zision f\u00fcr Ihr Dartspiel.\",\"breadcrumb\":{\"@id\":\"https:\\\/\\\/schweizversand.ch\\\/fr\\\/produkt\\\/winmau-prism-delta-cypher-dart-flights\\\/#breadcrumb\"},\"inLanguage\":\"fr-FR\",\"potentialAction\":[{\"@type\":\"ReadAction\",\"target\":[\"https:\\\/\\\/schweizversand.ch\\\/fr\\\/produkt\\\/winmau-prism-delta-cypher-dart-flights\\\/\"]}]},{\"@type\":\"ImageObject\",\"inLanguage\":\"fr-FR\",\"@id\":\"https:\\\/\\\/schweizversand.ch\\\/fr\\\/produkt\\\/winmau-prism-delta-cypher-dart-flights\\\/#primaryimage\",\"url\":\"https:\\\/\\\/schweizversand.ch\\\/wp-content\\\/uploads\\\/2026\\\/02\\\/5471843718.jpg\",\"contentUrl\":\"https:\\\/\\\/schweizversand.ch\\\/wp-content\\\/uploads\\\/2026\\\/02\\\/5471843718.jpg\",\"width\":1024,\"height\":1024},{\"@type\":\"BreadcrumbList\",\"@id\":\"https:\\\/\\\/schweizversand.ch\\\/fr\\\/produkt\\\/winmau-prism-delta-cypher-dart-flights\\\/#breadcrumb\",\"itemListElement\":[{\"@type\":\"ListItem\",\"position\":1,\"name\":\"Startseite\",\"item\":\"https:\\\/\\\/schweizversand.ch\\\/fr\\\/home\\\/\"},{\"@type\":\"ListItem\",\"position\":2,\"name\":\"Boutique\",\"item\":\"https:\\\/\\\/schweizversand.ch\\\/fr\\\/boutique\\\/\"},{\"@type\":\"ListItem\",\"position\":3,\"name\":\"Sports\",\"item\":\"https:\\\/\\\/schweizversand.ch\\\/fr\\\/produkt-kategorie\\\/sports\\\/\"},{\"@type\":\"ListItem\",\"position\":4,\"name\":\"sports de balle et fl\u00e9chettes\",\"item\":\"https:\\\/\\\/schweizversand.ch\\\/fr\\\/produkt-kategorie\\\/sports\\\/sports-de-balle-et-flechettes\\\/\"},{\"@type\":\"ListItem\",\"position\":5,\"name\":\"Fl\u00e9chettes\",\"item\":\"https:\\\/\\\/schweizversand.ch\\\/fr\\\/produkt-kategorie\\\/dart-2\\\/\"},{\"@type\":\"ListItem\",\"position\":6,\"name\":\"Volets de fl\u00e9chettes Winmau Prism Delta Cypher\"}]},{\"@type\":\"WebSite\",\"@id\":\"https:\\\/\\\/schweizversand.ch\\\/fr\\\/#website\",\"url\":\"https:\\\/\\\/schweizversand.ch\\\/fr\\\/\",\"name\":\"Schweizer Shop f\u00fcr Sport, Spiel und Freizeit\",\"description\":\"Gratisversand ab 50.- (netto), ab eigenem schweizer Lager, Lieferung innert 48h\",\"publisher\":{\"@id\":\"https:\\\/\\\/schweizversand.ch\\\/fr\\\/#organization\"},\"alternateName\":\"Schweizversand.ch\",\"potentialAction\":[{\"@type\":\"SearchAction\",\"target\":{\"@type\":\"EntryPoint\",\"urlTemplate\":\"https:\\\/\\\/schweizversand.ch\\\/fr\\\/?s={search_term_string}\"},\"query-input\":{\"@type\":\"PropertyValueSpecification\",\"valueRequired\":true,\"valueName\":\"search_term_string\"}}],\"inLanguage\":\"fr-FR\"},{\"@type\":\"Organization\",\"@id\":\"https:\\\/\\\/schweizversand.ch\\\/fr\\\/#organization\",\"name\":\"Schweizversand.ch\",\"url\":\"https:\\\/\\\/schweizversand.ch\\\/fr\\\/\",\"logo\":{\"@type\":\"ImageObject\",\"inLanguage\":\"fr-FR\",\"@id\":\"https:\\\/\\\/schweizversand.ch\\\/fr\\\/#\\\/schema\\\/logo\\\/image\\\/\",\"url\":\"https:\\\/\\\/schweizversand.ch\\\/wp-content\\\/uploads\\\/2026\\\/03\\\/Logo_Rund_Final-1.png\",\"contentUrl\":\"https:\\\/\\\/schweizversand.ch\\\/wp-content\\\/uploads\\\/2026\\\/03\\\/Logo_Rund_Final-1.png\",\"width\":404,\"height\":404,\"caption\":\"Schweizversand.ch\"},\"image\":{\"@id\":\"https:\\\/\\\/schweizversand.ch\\\/fr\\\/#\\\/schema\\\/logo\\\/image\\\/\"},\"sameAs\":[\"https:\\\/\\\/www.facebook.com\\\/Schweizversand\",\"https:\\\/\\\/www.instagram.com\\\/schweizversand.ch\\\/\"]}]}<\/script>\n<!-- \/ Yoast SEO plugin. -->","yoast_head_json":{"title":"Winmau Prism Delta Cypher Dart Flights","description":"Prism Delta Cypher \u2013 Maximale Pr\u00e4zision, ultimative Kontrolle!\u00a0 Die Prism Delta Cypher Flights bieten herausragende Stabilit\u00e4t und Pr\u00e4zision f\u00fcr Ihr Dartspiel.","robots":{"index":"index","follow":"follow","max-snippet":"max-snippet:-1","max-image-preview":"max-image-preview:large","max-video-preview":"max-video-preview:-1"},"canonical":"https:\/\/schweizversand.ch\/fr\/produkt\/winmau-prism-delta-cypher-dart-flights\/","og_locale":"fr_FR","og_type":"article","og_title":"Winmau Prism Delta Cypher Dart Flights","og_description":"Prism Delta Cypher \u2013 Maximale Pr\u00e4zision, ultimative Kontrolle!\u00a0 Die Prism Delta Cypher Flights bieten herausragende Stabilit\u00e4t und Pr\u00e4zision f\u00fcr Ihr Dartspiel.","og_url":"https:\/\/schweizversand.ch\/fr\/produkt\/winmau-prism-delta-cypher-dart-flights\/","og_site_name":"Schweizer Shop f\u00fcr Sport, Spiel und Freizeit","article_publisher":"https:\/\/www.facebook.com\/Schweizversand","article_modified_time":"2026-04-21T13:34:42+00:00","og_image":[{"width":1024,"height":1024,"url":"https:\/\/schweizversand.ch\/wp-content\/uploads\/2026\/02\/5471843718.jpg","type":"image\/jpeg"}],"twitter_card":"summary_large_image","twitter_misc":{"Dur\u00e9e de lecture estim\u00e9e":"1 minute"},"schema":{"@context":"https:\/\/schema.org","@graph":[{"@type":"WebPage","@id":"https:\/\/schweizversand.ch\/fr\/produkt\/winmau-prism-delta-cypher-dart-flights\/","url":"https:\/\/schweizversand.ch\/fr\/produkt\/winmau-prism-delta-cypher-dart-flights\/","name":"Winmau Prism Delta Cypher Dart Flights","isPartOf":{"@id":"https:\/\/schweizversand.ch\/fr\/#website"},"primaryImageOfPage":{"@id":"https:\/\/schweizversand.ch\/fr\/produkt\/winmau-prism-delta-cypher-dart-flights\/#primaryimage"},"image":{"@id":"https:\/\/schweizversand.ch\/fr\/produkt\/winmau-prism-delta-cypher-dart-flights\/#primaryimage"},"thumbnailUrl":"https:\/\/schweizversand.ch\/wp-content\/uploads\/2026\/02\/5471843718.jpg","datePublished":"2026-03-14T23:56:44+00:00","dateModified":"2026-04-21T13:34:42+00:00","description":"Prism Delta Cypher \u2013 Maximale Pr\u00e4zision, ultimative Kontrolle!\u00a0 Die Prism Delta Cypher Flights bieten herausragende Stabilit\u00e4t und Pr\u00e4zision f\u00fcr Ihr Dartspiel.","breadcrumb":{"@id":"https:\/\/schweizversand.ch\/fr\/produkt\/winmau-prism-delta-cypher-dart-flights\/#breadcrumb"},"inLanguage":"fr-FR","potentialAction":[{"@type":"ReadAction","target":["https:\/\/schweizversand.ch\/fr\/produkt\/winmau-prism-delta-cypher-dart-flights\/"]}]},{"@type":"ImageObject","inLanguage":"fr-FR","@id":"https:\/\/schweizversand.ch\/fr\/produkt\/winmau-prism-delta-cypher-dart-flights\/#primaryimage","url":"https:\/\/schweizversand.ch\/wp-content\/uploads\/2026\/02\/5471843718.jpg","contentUrl":"https:\/\/schweizversand.ch\/wp-content\/uploads\/2026\/02\/5471843718.jpg","width":1024,"height":1024},{"@type":"BreadcrumbList","@id":"https:\/\/schweizversand.ch\/fr\/produkt\/winmau-prism-delta-cypher-dart-flights\/#breadcrumb","itemListElement":[{"@type":"ListItem","position":1,"name":"Startseite","item":"https:\/\/schweizversand.ch\/fr\/home\/"},{"@type":"ListItem","position":2,"name":"Boutique","item":"https:\/\/schweizversand.ch\/fr\/boutique\/"},{"@type":"ListItem","position":3,"name":"Sports","item":"https:\/\/schweizversand.ch\/fr\/produkt-kategorie\/sports\/"},{"@type":"ListItem","position":4,"name":"sports de balle et fl\u00e9chettes","item":"https:\/\/schweizversand.ch\/fr\/produkt-kategorie\/sports\/sports-de-balle-et-flechettes\/"},{"@type":"ListItem","position":5,"name":"Fl\u00e9chettes","item":"https:\/\/schweizversand.ch\/fr\/produkt-kategorie\/dart-2\/"},{"@type":"ListItem","position":6,"name":"Volets de fl\u00e9chettes Winmau Prism Delta Cypher"}]},{"@type":"WebSite","@id":"https:\/\/schweizversand.ch\/fr\/#website","url":"https:\/\/schweizversand.ch\/fr\/","name":"Schweizer Shop f\u00fcr Sport, Spiel und Freizeit","description":"Gratisversand ab 50.- (netto), ab eigenem schweizer Lager, Lieferung innert 48h","publisher":{"@id":"https:\/\/schweizversand.ch\/fr\/#organization"},"alternateName":"Schweizversand.ch","potentialAction":[{"@type":"SearchAction","target":{"@type":"EntryPoint","urlTemplate":"https:\/\/schweizversand.ch\/fr\/?s={search_term_string}"},"query-input":{"@type":"PropertyValueSpecification","valueRequired":true,"valueName":"search_term_string"}}],"inLanguage":"fr-FR"},{"@type":"Organization","@id":"https:\/\/schweizversand.ch\/fr\/#organization","name":"Schweizversand.ch","url":"https:\/\/schweizversand.ch\/fr\/","logo":{"@type":"ImageObject","inLanguage":"fr-FR","@id":"https:\/\/schweizversand.ch\/fr\/#\/schema\/logo\/image\/","url":"https:\/\/schweizversand.ch\/wp-content\/uploads\/2026\/03\/Logo_Rund_Final-1.png","contentUrl":"https:\/\/schweizversand.ch\/wp-content\/uploads\/2026\/03\/Logo_Rund_Final-1.png","width":404,"height":404,"caption":"Schweizversand.ch"},"image":{"@id":"https:\/\/schweizversand.ch\/fr\/#\/schema\/logo\/image\/"},"sameAs":["https:\/\/www.facebook.com\/Schweizversand","https:\/\/www.instagram.com\/schweizversand.ch\/"]}]}},"jetpack_sharing_enabled":true,"_links":{"self":[{"href":"https:\/\/schweizversand.ch\/fr\/wp-json\/wp\/v2\/product\/260260","targetHints":{"allow":["GET"]}}],"collection":[{"href":"https:\/\/schweizversand.ch\/fr\/wp-json\/wp\/v2\/product"}],"about":[{"href":"https:\/\/schweizversand.ch\/fr\/wp-json\/wp\/v2\/types\/product"}],"replies":[{"embeddable":true,"href":"https:\/\/schweizversand.ch\/fr\/wp-json\/wp\/v2\/comments?post=260260"}],"wp:featuredmedia":[{"embeddable":true,"href":"https:\/\/schweizversand.ch\/fr\/wp-json\/wp\/v2\/media\/163405"}],"wp:attachment":[{"href":"https:\/\/schweizversand.ch\/fr\/wp-json\/wp\/v2\/media?parent=260260"}],"wp:term":[{"taxonomy":"product_brand","embeddable":true,"href":"https:\/\/schweizversand.ch\/fr\/wp-json\/wp\/v2\/product_brand?post=260260"},{"taxonomy":"product_cat","embeddable":true,"href":"https:\/\/schweizversand.ch\/fr\/wp-json\/wp\/v2\/product_cat?post=260260"},{"taxonomy":"product_tag","embeddable":true,"href":"https:\/\/schweizversand.ch\/fr\/wp-json\/wp\/v2\/product_tag?post=260260"}],"curies":[{"name":"wp","href":"https:\/\/api.w.org\/{rel}","templated":true}]}}