{"id":260262,"date":"2026-03-15T00:56:44","date_gmt":"2026-03-14T23:56:44","guid":{"rendered":"https:\/\/schweizversand.ch\/produkt\/winmau-kairos-steel-tip-dartpfeile-26g\/"},"modified":"2026-04-19T02:05:10","modified_gmt":"2026-04-19T00:05:10","slug":"winmau-kairos-steel-tip-dartpfeile-26g","status":"publish","type":"product","link":"https:\/\/schweizversand.ch\/fr\/produkt\/winmau-kairos-steel-tip-dartpfeile-26g\/","title":{"rendered":"Fl\u00e9chettes Winmau Kairos \u00e0 pointe acier 26G"},"content":{"rendered":"<p>Fl\u00e9chettes en acier Kairos \u2013 La pr\u00e9cision \u00e0 son apog\u00e9e<\/p>\n<\/p>\n<p>Fabriqu\u00e9es \u00e0 partir d&rsquo;un alliage de tungst\u00e8ne de haute qualit\u00e9 \u00e0 90 %, les fl\u00e9chettes en acier Kairos sont con\u00e7ues pour les joueurs exigeants. Optimis\u00e9es pour une vitesse de lancer constante et un contr\u00f4le maximal, elles b\u00e9n\u00e9ficient d&rsquo;une adh\u00e9rence ergonomique sur toute la longueur du corps, id\u00e9ale pour des lancers pr\u00e9cis et r\u00e9guliers.<\/p>\n<\/p>\n<p>Le profil Ripsaw innovant offre une prise en main exceptionnelle, vous assurant la confiance n\u00e9cessaire au moment crucial du l\u00e2cher. Chaque fl\u00e9chette tient parfaitement en main, pour un contr\u00f4le absolu et une sensation explosive \u00e0 chaque lancer.<\/p>\n<\/p>\n<p>L&rsquo;\u00e9l\u00e9gante finition atomis\u00e9e souligne le design moderne aux lignes \u00e9pur\u00e9es et \u00e0 l&rsquo;allure discr\u00e8te. Les fl\u00e9chettes en acier Kairos sont le choix id\u00e9al pour les joueurs ambitieux qui privil\u00e9gient la technique, le style et la performance. D\u00e9couvrez une nouvelle dimension du jeu de fl\u00e9chettes avec Kairos.<\/p>\n<\/p>\n<p>D\u00e9tails\u00a0:<\/p>\n<\/p>\n<p>&#8230;Fl\u00e9chettes en acier Kairos \u2013 &lt;p&gt;<\/p>\n<\/p>\n<p>`&lt;p&gt;<\/p>\n<p>`&lt;p&gt;<\/p>\n<p>`&lt;p&gt;<\/p>\n<p>`&lt;p&gt;<\/p>\n<p>`&lt;p&gt;<\/p>\n<p>`&lt;p&gt;<\/p>\n<p>`&lt;p&gt;<\/p>\n<\/p>\n<p>`&lt;p&gt;<\/p>\n<\/p>\n<p>`&lt;p&gt;<\/p>\n<\/p>\n<p>`&lt;p&gt;<\/p>\n<\/p>\n<p>`&lt;p&gt;<\/p>\n<\/p>\n<p>`&lt;p&gt;<\/p>\n<\/p>\n<p>`&lt;p&gt;<\/p>\n<\/p>\n<p>`&lt;p&gt;<\/p>\n<\/p>\n<p>`&lt;p&gt;<\/p>\n<\/p>\n<p>`&lt;p&gt;<\/p>\n<\/p>\n<p>`&lt;p&gt; \u2022 Ailettes\u00a0: 1 Prisma Delta Standard extra \u00e9paisse 6915-281<\/p>\n<\/p>\n<p>\u2022 Tiges\u00a0: 1 Vecta courte 7025-114<\/p>\n<\/p>\n<p>\u2022 Poids\u00a0: 26\u00a0grammes<\/p>\n<\/p>\n<p>\u2022 Mat\u00e9riau\u00a0: Alliage de tungst\u00e8ne \u00e0 90\u00a0%<\/p>\n<\/p>\n<p>\u2022 R\u00e9partition du poids\u00a0: Centrale<\/p>\n<\/p>\n<p>\u2022 Profil du corps\u00a0: Torpille<\/p>\n<\/p>\n<p>\u2022 Profil avant\u00a0: Conique<\/p>\n<\/p>\n<p>\u2022 Type de pointe\u00a0: Effet argent\u00e9 haute r\u00e9sistance<\/p>\n<\/p>\n<p>\u2022 Caract\u00e9ristiques de la prise en main\u00a0:<\/p>\n<\/p>\n<p>&#8211; Zone de pr\u00e9hension\u00a0: Sur toute la longueur<\/p>\n<\/p>\n<p>&#8211; Type de prise en main\u00a0: Grip Ripsaw<\/p>\n<\/p>\n<p>Niveau de prise en main\u00a0: 5 (1 = Doux (5 = Agressif)<\/p>\n<\/p>\n<p>\u2022 Gravure laser\u00a0: Logo Winmau W<\/p>\n<\/p>\n<p>\u2022 Surface\u00a0: Atomis\u00e9e<\/p>\n<\/p>\n<p>\u2022 Dimensions\u00a0: 7,3 mm x 50,8 mm<\/p>\n","protected":false},"excerpt":{"rendered":"<p>Winmau Kairos Steel Tip Dartpfeile 26G bieten h\u00f6chste Pr\u00e4zision, perfekten Grip dank Ripsaw-Profil und maximale Kontrolle f\u00fcr dein bestes Spiel auf Profi-Niveau.<\/p>\n","protected":false},"featured_media":163411,"comment_status":"open","ping_status":"closed","template":"","meta":[],"product_brand":[],"product_cat":[39175],"product_tag":[],"class_list":{"0":"post-260262","1":"product","2":"type-product","3":"status-publish","4":"has-post-thumbnail","6":"product_cat-dart","7":"product_shipping_class-global_methods","9":"first","10":"instock","11":"taxable","12":"shipping-taxable","13":"purchasable","14":"product-type-simple"},"yoast_head":"<!-- This site is optimized with the Yoast SEO plugin v27.4 - https:\/\/yoast.com\/product\/yoast-seo-wordpress\/ -->\n<title>Winmau Kairos Steel Tip Dartpfeile 26G<\/title>\n<meta name=\"description\" content=\"Kairos Steel Darts \u2013 Pr\u00e4zision in Perfektion Die Kairos Steel Darts aus hochwertiger 90 % Tungsten-Legierung sind gemacht f\u00fcr Spieler, die auf h\u00f6chstem Niveau\" \/>\n<meta name=\"robots\" content=\"index, follow, max-snippet:-1, max-image-preview:large, max-video-preview:-1\" \/>\n<link rel=\"canonical\" href=\"https:\/\/schweizversand.ch\/fr\/produkt\/winmau-kairos-steel-tip-dartpfeile-26g\/\" \/>\n<meta property=\"og:locale\" content=\"fr_FR\" \/>\n<meta property=\"og:type\" content=\"article\" \/>\n<meta property=\"og:title\" content=\"Winmau Kairos Steel Tip Dartpfeile 26G\" \/>\n<meta property=\"og:description\" content=\"Kairos Steel Darts \u2013 Pr\u00e4zision in Perfektion Die Kairos Steel Darts aus hochwertiger 90 % Tungsten-Legierung sind gemacht f\u00fcr Spieler, die auf h\u00f6chstem Niveau\" \/>\n<meta property=\"og:url\" content=\"https:\/\/schweizversand.ch\/fr\/produkt\/winmau-kairos-steel-tip-dartpfeile-26g\/\" \/>\n<meta property=\"og:site_name\" content=\"Schweizer Shop f\u00fcr Sport, Spiel und Freizeit\" \/>\n<meta property=\"article:publisher\" content=\"https:\/\/www.facebook.com\/Schweizversand\" \/>\n<meta property=\"article:modified_time\" content=\"2026-04-19T00:05:10+00:00\" \/>\n<meta property=\"og:image\" content=\"https:\/\/schweizversand.ch\/wp-content\/uploads\/2026\/02\/5471855636.jpg\" \/>\n\t<meta property=\"og:image:width\" content=\"1024\" \/>\n\t<meta property=\"og:image:height\" content=\"1024\" \/>\n\t<meta property=\"og:image:type\" content=\"image\/jpeg\" \/>\n<meta name=\"twitter:card\" content=\"summary_large_image\" \/>\n<meta name=\"twitter:label1\" content=\"Dur\u00e9e de lecture estim\u00e9e\" \/>\n\t<meta name=\"twitter:data1\" content=\"2 minutes\" \/>\n<script type=\"application\/ld+json\" class=\"yoast-schema-graph\">{\"@context\":\"https:\\\/\\\/schema.org\",\"@graph\":[{\"@type\":\"WebPage\",\"@id\":\"https:\\\/\\\/schweizversand.ch\\\/fr\\\/produkt\\\/winmau-kairos-steel-tip-dartpfeile-26g\\\/\",\"url\":\"https:\\\/\\\/schweizversand.ch\\\/fr\\\/produkt\\\/winmau-kairos-steel-tip-dartpfeile-26g\\\/\",\"name\":\"Winmau Kairos Steel Tip Dartpfeile 26G\",\"isPartOf\":{\"@id\":\"https:\\\/\\\/schweizversand.ch\\\/fr\\\/#website\"},\"primaryImageOfPage\":{\"@id\":\"https:\\\/\\\/schweizversand.ch\\\/fr\\\/produkt\\\/winmau-kairos-steel-tip-dartpfeile-26g\\\/#primaryimage\"},\"image\":{\"@id\":\"https:\\\/\\\/schweizversand.ch\\\/fr\\\/produkt\\\/winmau-kairos-steel-tip-dartpfeile-26g\\\/#primaryimage\"},\"thumbnailUrl\":\"https:\\\/\\\/schweizversand.ch\\\/wp-content\\\/uploads\\\/2026\\\/02\\\/5471855636.jpg\",\"datePublished\":\"2026-03-14T23:56:44+00:00\",\"dateModified\":\"2026-04-19T00:05:10+00:00\",\"description\":\"Kairos Steel Darts \u2013 Pr\u00e4zision in Perfektion Die Kairos Steel Darts aus hochwertiger 90 % Tungsten-Legierung sind gemacht f\u00fcr Spieler, die auf h\u00f6chstem Niveau\",\"breadcrumb\":{\"@id\":\"https:\\\/\\\/schweizversand.ch\\\/fr\\\/produkt\\\/winmau-kairos-steel-tip-dartpfeile-26g\\\/#breadcrumb\"},\"inLanguage\":\"fr-FR\",\"potentialAction\":[{\"@type\":\"ReadAction\",\"target\":[\"https:\\\/\\\/schweizversand.ch\\\/fr\\\/produkt\\\/winmau-kairos-steel-tip-dartpfeile-26g\\\/\"]}]},{\"@type\":\"ImageObject\",\"inLanguage\":\"fr-FR\",\"@id\":\"https:\\\/\\\/schweizversand.ch\\\/fr\\\/produkt\\\/winmau-kairos-steel-tip-dartpfeile-26g\\\/#primaryimage\",\"url\":\"https:\\\/\\\/schweizversand.ch\\\/wp-content\\\/uploads\\\/2026\\\/02\\\/5471855636.jpg\",\"contentUrl\":\"https:\\\/\\\/schweizversand.ch\\\/wp-content\\\/uploads\\\/2026\\\/02\\\/5471855636.jpg\",\"width\":1024,\"height\":1024},{\"@type\":\"BreadcrumbList\",\"@id\":\"https:\\\/\\\/schweizversand.ch\\\/fr\\\/produkt\\\/winmau-kairos-steel-tip-dartpfeile-26g\\\/#breadcrumb\",\"itemListElement\":[{\"@type\":\"ListItem\",\"position\":1,\"name\":\"Startseite\",\"item\":\"https:\\\/\\\/schweizversand.ch\\\/fr\\\/home\\\/\"},{\"@type\":\"ListItem\",\"position\":2,\"name\":\"Boutique\",\"item\":\"https:\\\/\\\/schweizversand.ch\\\/fr\\\/boutique\\\/\"},{\"@type\":\"ListItem\",\"position\":3,\"name\":\"Sports\",\"item\":\"https:\\\/\\\/schweizversand.ch\\\/fr\\\/produkt-kategorie\\\/sports\\\/\"},{\"@type\":\"ListItem\",\"position\":4,\"name\":\"sports de balle et fl\u00e9chettes\",\"item\":\"https:\\\/\\\/schweizversand.ch\\\/fr\\\/produkt-kategorie\\\/sports\\\/sports-de-balle-et-flechettes\\\/\"},{\"@type\":\"ListItem\",\"position\":5,\"name\":\"Fl\u00e9chettes\",\"item\":\"https:\\\/\\\/schweizversand.ch\\\/fr\\\/produkt-kategorie\\\/dart-2\\\/\"},{\"@type\":\"ListItem\",\"position\":6,\"name\":\"Fl\u00e9chettes Winmau Kairos \u00e0 pointe acier 26G\"}]},{\"@type\":\"WebSite\",\"@id\":\"https:\\\/\\\/schweizversand.ch\\\/fr\\\/#website\",\"url\":\"https:\\\/\\\/schweizversand.ch\\\/fr\\\/\",\"name\":\"Schweizer Shop f\u00fcr Sport, Spiel und Freizeit\",\"description\":\"Gratisversand ab 50.- (netto), ab eigenem schweizer Lager, Lieferung innert 48h\",\"publisher\":{\"@id\":\"https:\\\/\\\/schweizversand.ch\\\/fr\\\/#organization\"},\"alternateName\":\"Schweizversand.ch\",\"potentialAction\":[{\"@type\":\"SearchAction\",\"target\":{\"@type\":\"EntryPoint\",\"urlTemplate\":\"https:\\\/\\\/schweizversand.ch\\\/fr\\\/?s={search_term_string}\"},\"query-input\":{\"@type\":\"PropertyValueSpecification\",\"valueRequired\":true,\"valueName\":\"search_term_string\"}}],\"inLanguage\":\"fr-FR\"},{\"@type\":\"Organization\",\"@id\":\"https:\\\/\\\/schweizversand.ch\\\/fr\\\/#organization\",\"name\":\"Schweizversand.ch\",\"url\":\"https:\\\/\\\/schweizversand.ch\\\/fr\\\/\",\"logo\":{\"@type\":\"ImageObject\",\"inLanguage\":\"fr-FR\",\"@id\":\"https:\\\/\\\/schweizversand.ch\\\/fr\\\/#\\\/schema\\\/logo\\\/image\\\/\",\"url\":\"https:\\\/\\\/schweizversand.ch\\\/wp-content\\\/uploads\\\/2026\\\/03\\\/Logo_Rund_Final-1.png\",\"contentUrl\":\"https:\\\/\\\/schweizversand.ch\\\/wp-content\\\/uploads\\\/2026\\\/03\\\/Logo_Rund_Final-1.png\",\"width\":404,\"height\":404,\"caption\":\"Schweizversand.ch\"},\"image\":{\"@id\":\"https:\\\/\\\/schweizversand.ch\\\/fr\\\/#\\\/schema\\\/logo\\\/image\\\/\"},\"sameAs\":[\"https:\\\/\\\/www.facebook.com\\\/Schweizversand\",\"https:\\\/\\\/www.instagram.com\\\/schweizversand.ch\\\/\"]}]}<\/script>\n<!-- \/ Yoast SEO plugin. -->","yoast_head_json":{"title":"Winmau Kairos Steel Tip Dartpfeile 26G","description":"Kairos Steel Darts \u2013 Pr\u00e4zision in Perfektion Die Kairos Steel Darts aus hochwertiger 90 % Tungsten-Legierung sind gemacht f\u00fcr Spieler, die auf h\u00f6chstem Niveau","robots":{"index":"index","follow":"follow","max-snippet":"max-snippet:-1","max-image-preview":"max-image-preview:large","max-video-preview":"max-video-preview:-1"},"canonical":"https:\/\/schweizversand.ch\/fr\/produkt\/winmau-kairos-steel-tip-dartpfeile-26g\/","og_locale":"fr_FR","og_type":"article","og_title":"Winmau Kairos Steel Tip Dartpfeile 26G","og_description":"Kairos Steel Darts \u2013 Pr\u00e4zision in Perfektion Die Kairos Steel Darts aus hochwertiger 90 % Tungsten-Legierung sind gemacht f\u00fcr Spieler, die auf h\u00f6chstem Niveau","og_url":"https:\/\/schweizversand.ch\/fr\/produkt\/winmau-kairos-steel-tip-dartpfeile-26g\/","og_site_name":"Schweizer Shop f\u00fcr Sport, Spiel und Freizeit","article_publisher":"https:\/\/www.facebook.com\/Schweizversand","article_modified_time":"2026-04-19T00:05:10+00:00","og_image":[{"width":1024,"height":1024,"url":"https:\/\/schweizversand.ch\/wp-content\/uploads\/2026\/02\/5471855636.jpg","type":"image\/jpeg"}],"twitter_card":"summary_large_image","twitter_misc":{"Dur\u00e9e de lecture estim\u00e9e":"2 minutes"},"schema":{"@context":"https:\/\/schema.org","@graph":[{"@type":"WebPage","@id":"https:\/\/schweizversand.ch\/fr\/produkt\/winmau-kairos-steel-tip-dartpfeile-26g\/","url":"https:\/\/schweizversand.ch\/fr\/produkt\/winmau-kairos-steel-tip-dartpfeile-26g\/","name":"Winmau Kairos Steel Tip Dartpfeile 26G","isPartOf":{"@id":"https:\/\/schweizversand.ch\/fr\/#website"},"primaryImageOfPage":{"@id":"https:\/\/schweizversand.ch\/fr\/produkt\/winmau-kairos-steel-tip-dartpfeile-26g\/#primaryimage"},"image":{"@id":"https:\/\/schweizversand.ch\/fr\/produkt\/winmau-kairos-steel-tip-dartpfeile-26g\/#primaryimage"},"thumbnailUrl":"https:\/\/schweizversand.ch\/wp-content\/uploads\/2026\/02\/5471855636.jpg","datePublished":"2026-03-14T23:56:44+00:00","dateModified":"2026-04-19T00:05:10+00:00","description":"Kairos Steel Darts \u2013 Pr\u00e4zision in Perfektion Die Kairos Steel Darts aus hochwertiger 90 % Tungsten-Legierung sind gemacht f\u00fcr Spieler, die auf h\u00f6chstem Niveau","breadcrumb":{"@id":"https:\/\/schweizversand.ch\/fr\/produkt\/winmau-kairos-steel-tip-dartpfeile-26g\/#breadcrumb"},"inLanguage":"fr-FR","potentialAction":[{"@type":"ReadAction","target":["https:\/\/schweizversand.ch\/fr\/produkt\/winmau-kairos-steel-tip-dartpfeile-26g\/"]}]},{"@type":"ImageObject","inLanguage":"fr-FR","@id":"https:\/\/schweizversand.ch\/fr\/produkt\/winmau-kairos-steel-tip-dartpfeile-26g\/#primaryimage","url":"https:\/\/schweizversand.ch\/wp-content\/uploads\/2026\/02\/5471855636.jpg","contentUrl":"https:\/\/schweizversand.ch\/wp-content\/uploads\/2026\/02\/5471855636.jpg","width":1024,"height":1024},{"@type":"BreadcrumbList","@id":"https:\/\/schweizversand.ch\/fr\/produkt\/winmau-kairos-steel-tip-dartpfeile-26g\/#breadcrumb","itemListElement":[{"@type":"ListItem","position":1,"name":"Startseite","item":"https:\/\/schweizversand.ch\/fr\/home\/"},{"@type":"ListItem","position":2,"name":"Boutique","item":"https:\/\/schweizversand.ch\/fr\/boutique\/"},{"@type":"ListItem","position":3,"name":"Sports","item":"https:\/\/schweizversand.ch\/fr\/produkt-kategorie\/sports\/"},{"@type":"ListItem","position":4,"name":"sports de balle et fl\u00e9chettes","item":"https:\/\/schweizversand.ch\/fr\/produkt-kategorie\/sports\/sports-de-balle-et-flechettes\/"},{"@type":"ListItem","position":5,"name":"Fl\u00e9chettes","item":"https:\/\/schweizversand.ch\/fr\/produkt-kategorie\/dart-2\/"},{"@type":"ListItem","position":6,"name":"Fl\u00e9chettes Winmau Kairos \u00e0 pointe acier 26G"}]},{"@type":"WebSite","@id":"https:\/\/schweizversand.ch\/fr\/#website","url":"https:\/\/schweizversand.ch\/fr\/","name":"Schweizer Shop f\u00fcr Sport, Spiel und Freizeit","description":"Gratisversand ab 50.- (netto), ab eigenem schweizer Lager, Lieferung innert 48h","publisher":{"@id":"https:\/\/schweizversand.ch\/fr\/#organization"},"alternateName":"Schweizversand.ch","potentialAction":[{"@type":"SearchAction","target":{"@type":"EntryPoint","urlTemplate":"https:\/\/schweizversand.ch\/fr\/?s={search_term_string}"},"query-input":{"@type":"PropertyValueSpecification","valueRequired":true,"valueName":"search_term_string"}}],"inLanguage":"fr-FR"},{"@type":"Organization","@id":"https:\/\/schweizversand.ch\/fr\/#organization","name":"Schweizversand.ch","url":"https:\/\/schweizversand.ch\/fr\/","logo":{"@type":"ImageObject","inLanguage":"fr-FR","@id":"https:\/\/schweizversand.ch\/fr\/#\/schema\/logo\/image\/","url":"https:\/\/schweizversand.ch\/wp-content\/uploads\/2026\/03\/Logo_Rund_Final-1.png","contentUrl":"https:\/\/schweizversand.ch\/wp-content\/uploads\/2026\/03\/Logo_Rund_Final-1.png","width":404,"height":404,"caption":"Schweizversand.ch"},"image":{"@id":"https:\/\/schweizversand.ch\/fr\/#\/schema\/logo\/image\/"},"sameAs":["https:\/\/www.facebook.com\/Schweizversand","https:\/\/www.instagram.com\/schweizversand.ch\/"]}]}},"jetpack_sharing_enabled":true,"_links":{"self":[{"href":"https:\/\/schweizversand.ch\/fr\/wp-json\/wp\/v2\/product\/260262","targetHints":{"allow":["GET"]}}],"collection":[{"href":"https:\/\/schweizversand.ch\/fr\/wp-json\/wp\/v2\/product"}],"about":[{"href":"https:\/\/schweizversand.ch\/fr\/wp-json\/wp\/v2\/types\/product"}],"replies":[{"embeddable":true,"href":"https:\/\/schweizversand.ch\/fr\/wp-json\/wp\/v2\/comments?post=260262"}],"wp:featuredmedia":[{"embeddable":true,"href":"https:\/\/schweizversand.ch\/fr\/wp-json\/wp\/v2\/media\/163411"}],"wp:attachment":[{"href":"https:\/\/schweizversand.ch\/fr\/wp-json\/wp\/v2\/media?parent=260262"}],"wp:term":[{"taxonomy":"product_brand","embeddable":true,"href":"https:\/\/schweizversand.ch\/fr\/wp-json\/wp\/v2\/product_brand?post=260262"},{"taxonomy":"product_cat","embeddable":true,"href":"https:\/\/schweizversand.ch\/fr\/wp-json\/wp\/v2\/product_cat?post=260262"},{"taxonomy":"product_tag","embeddable":true,"href":"https:\/\/schweizversand.ch\/fr\/wp-json\/wp\/v2\/product_tag?post=260262"}],"curies":[{"name":"wp","href":"https:\/\/api.w.org\/{rel}","templated":true}]}}