{"id":260263,"date":"2026-03-15T00:56:45","date_gmt":"2026-03-14T23:56:45","guid":{"rendered":"https:\/\/schweizversand.ch\/produkt\/winmau-cypher-soft-tip-dartpfeile-20g\/"},"modified":"2026-04-19T02:05:10","modified_gmt":"2026-04-19T00:05:10","slug":"winmau-cypher-soft-tip-dartpfeile-20g","status":"publish","type":"product","link":"https:\/\/schweizversand.ch\/fr\/produkt\/winmau-cypher-soft-tip-dartpfeile-20g\/","title":{"rendered":"Fl\u00e9chettes \u00e0 pointe souple Winmau Cypher 20 g"},"content":{"rendered":"<p>Cypher \u2013 Pr\u00e9cision, Contr\u00f4le, Perfection\u00a0!<\/p>\n<p>Le grip Cypher Cluster Grip s&rsquo;\u00e9tend sur toute la longueur du corps de la fl\u00e9chette, offrant un contr\u00f4le in\u00e9gal\u00e9 pour une prise en main personnalis\u00e9e. Con\u00e7ue pour un rythme de lancer naturel et une stabilit\u00e9 maximale, cette fl\u00e9chette garantit des performances constantes et exceptionnelles.<\/p>\n<p>Le profil parall\u00e8le du corps, usin\u00e9 avec pr\u00e9cision \u00e0 partir de tungst\u00e8ne optimis\u00e9 \u00e0 l&rsquo;\u00e9chelle atomique, assure un \u00e9quilibre parfait et une efficacit\u00e9 a\u00e9rodynamique optimale. Chaque lancer est ex\u00e9cut\u00e9 avec une pr\u00e9cision chirurgicale, pour une fr\u00e9quence de r\u00e9ussite maximale et un jeu de niveau professionnel.<\/p>\n<p>Ma\u00eetrisez votre trajectoire, visez juste et faites mouche \u00e0 chaque lancer avec Cypher\u00a0!<\/p>\n<p>D\u00e9tails\u00a0:<\/p>\n<p>\u00ab\u00a0` \u2022 Ailettes\u00a0: 1 Prisma Delta Standard extra \u00e9paisse 6915-279<\/p>\n<p>\u2022 Tiges\u00a0: 1 Vecta courte 7025-115<\/p>\n<p>\u2022 Poids du corps\u00a0: 18\u00a0g<\/p>\n<p>\u2022 Poids total\u00a0: 20\u00a0g<\/p>\n<p>\u2022 Mat\u00e9riau\u00a0: Alliage de tungst\u00e8ne \u00e0 90\u00a0%<\/p>\n<p>\u2022 R\u00e9partition du poids\u00a0: Centrale<\/p>\n<p>\u2022 Profil du corps\u00a0: Parall\u00e8le<\/p>\n<p>\u2022 Profil avant\u00a0: Conique<\/p>\n<p>\u2022 Type de pointe\u00a0: Triton Softip<\/p>\n<p>\u2022 Caract\u00e9ristiques de la prise en main<\/p>\n<p>\u2022 Zone de pr\u00e9hension\u00a0: Sur toute la longueur<\/p>\n<p>&#8211; Type de prise en main\u00a0: Cluster Grip<\/p>\n<p>&#8211; Niveau de prise en main\u00a0: 3 (1\u00a0= Souple, 5\u00a0= Agressif)<\/p>\n<p>\u2022 Couleur des rainures\u00a0: Rouge<\/p>\n<p>\u2022 Gravure laser\u00a0: Logo Winmau W<\/p>\n<p>\u2022 Surface\u00a0: Atomis\u00e9e<\/p>\n<p>\u2022 Dimensions\u00a0: 6,53\u00a0mm x 50,8\u00a0mm<\/p>\n","protected":false},"excerpt":{"rendered":"<p>Winmau Cypher Soft Tip Dartpfeile 20G bieten pr\u00e4zisen Cluster-Grip, perfekte Balance und maximale Kontrolle f\u00fcr konstant starke W\u00fcrfe auf Profi-Niveau.<\/p>\n","protected":false},"featured_media":163416,"comment_status":"open","ping_status":"closed","template":"","meta":[],"product_brand":[],"product_cat":[38633],"product_tag":[],"class_list":{"0":"post-260263","1":"product","2":"type-product","3":"status-publish","4":"has-post-thumbnail","6":"product_cat-dart-2","7":"product_shipping_class-global_methods","9":"first","10":"instock","11":"taxable","12":"shipping-taxable","13":"purchasable","14":"product-type-simple"},"yoast_head":"<!-- This site is optimized with the Yoast SEO plugin v27.4 - https:\/\/yoast.com\/product\/yoast-seo-wordpress\/ -->\n<title>Winmau Cypher Soft Tip Dartpfeile 20G<\/title>\n<meta name=\"description\" content=\"Cypher \u2013 Pr\u00e4zision, Kontrolle, Perfektion! Der Cypher Cluster-Grip erstreckt sich \u00fcber die gesamte L\u00e4nge des Barrels und bietet eine unvergleichliche Kontrolle\" \/>\n<meta name=\"robots\" content=\"index, follow, max-snippet:-1, max-image-preview:large, max-video-preview:-1\" \/>\n<link rel=\"canonical\" href=\"https:\/\/schweizversand.ch\/fr\/produkt\/winmau-cypher-soft-tip-dartpfeile-20g\/\" \/>\n<meta property=\"og:locale\" content=\"fr_FR\" \/>\n<meta property=\"og:type\" content=\"article\" \/>\n<meta property=\"og:title\" content=\"Winmau Cypher Soft Tip Dartpfeile 20G\" \/>\n<meta property=\"og:description\" content=\"Cypher \u2013 Pr\u00e4zision, Kontrolle, Perfektion! Der Cypher Cluster-Grip erstreckt sich \u00fcber die gesamte L\u00e4nge des Barrels und bietet eine unvergleichliche Kontrolle\" \/>\n<meta property=\"og:url\" content=\"https:\/\/schweizversand.ch\/fr\/produkt\/winmau-cypher-soft-tip-dartpfeile-20g\/\" \/>\n<meta property=\"og:site_name\" content=\"Schweizer Shop f\u00fcr Sport, Spiel und Freizeit\" \/>\n<meta property=\"article:publisher\" content=\"https:\/\/www.facebook.com\/Schweizversand\" \/>\n<meta property=\"article:modified_time\" content=\"2026-04-19T00:05:10+00:00\" \/>\n<meta property=\"og:image\" content=\"https:\/\/schweizversand.ch\/wp-content\/uploads\/2026\/02\/5471847111.jpg\" \/>\n\t<meta property=\"og:image:width\" content=\"1024\" \/>\n\t<meta property=\"og:image:height\" content=\"1024\" \/>\n\t<meta property=\"og:image:type\" content=\"image\/jpeg\" \/>\n<meta name=\"twitter:card\" content=\"summary_large_image\" \/>\n<meta name=\"twitter:label1\" content=\"Dur\u00e9e de lecture estim\u00e9e\" \/>\n\t<meta name=\"twitter:data1\" content=\"1 minute\" \/>\n<script type=\"application\/ld+json\" class=\"yoast-schema-graph\">{\"@context\":\"https:\\\/\\\/schema.org\",\"@graph\":[{\"@type\":\"WebPage\",\"@id\":\"https:\\\/\\\/schweizversand.ch\\\/fr\\\/produkt\\\/winmau-cypher-soft-tip-dartpfeile-20g\\\/\",\"url\":\"https:\\\/\\\/schweizversand.ch\\\/fr\\\/produkt\\\/winmau-cypher-soft-tip-dartpfeile-20g\\\/\",\"name\":\"Winmau Cypher Soft Tip Dartpfeile 20G\",\"isPartOf\":{\"@id\":\"https:\\\/\\\/schweizversand.ch\\\/fr\\\/#website\"},\"primaryImageOfPage\":{\"@id\":\"https:\\\/\\\/schweizversand.ch\\\/fr\\\/produkt\\\/winmau-cypher-soft-tip-dartpfeile-20g\\\/#primaryimage\"},\"image\":{\"@id\":\"https:\\\/\\\/schweizversand.ch\\\/fr\\\/produkt\\\/winmau-cypher-soft-tip-dartpfeile-20g\\\/#primaryimage\"},\"thumbnailUrl\":\"https:\\\/\\\/schweizversand.ch\\\/wp-content\\\/uploads\\\/2026\\\/02\\\/5471847111.jpg\",\"datePublished\":\"2026-03-14T23:56:45+00:00\",\"dateModified\":\"2026-04-19T00:05:10+00:00\",\"description\":\"Cypher \u2013 Pr\u00e4zision, Kontrolle, Perfektion! Der Cypher Cluster-Grip erstreckt sich \u00fcber die gesamte L\u00e4nge des Barrels und bietet eine unvergleichliche Kontrolle\",\"breadcrumb\":{\"@id\":\"https:\\\/\\\/schweizversand.ch\\\/fr\\\/produkt\\\/winmau-cypher-soft-tip-dartpfeile-20g\\\/#breadcrumb\"},\"inLanguage\":\"fr-FR\",\"potentialAction\":[{\"@type\":\"ReadAction\",\"target\":[\"https:\\\/\\\/schweizversand.ch\\\/fr\\\/produkt\\\/winmau-cypher-soft-tip-dartpfeile-20g\\\/\"]}]},{\"@type\":\"ImageObject\",\"inLanguage\":\"fr-FR\",\"@id\":\"https:\\\/\\\/schweizversand.ch\\\/fr\\\/produkt\\\/winmau-cypher-soft-tip-dartpfeile-20g\\\/#primaryimage\",\"url\":\"https:\\\/\\\/schweizversand.ch\\\/wp-content\\\/uploads\\\/2026\\\/02\\\/5471847111.jpg\",\"contentUrl\":\"https:\\\/\\\/schweizversand.ch\\\/wp-content\\\/uploads\\\/2026\\\/02\\\/5471847111.jpg\",\"width\":1024,\"height\":1024},{\"@type\":\"BreadcrumbList\",\"@id\":\"https:\\\/\\\/schweizversand.ch\\\/fr\\\/produkt\\\/winmau-cypher-soft-tip-dartpfeile-20g\\\/#breadcrumb\",\"itemListElement\":[{\"@type\":\"ListItem\",\"position\":1,\"name\":\"Startseite\",\"item\":\"https:\\\/\\\/schweizversand.ch\\\/fr\\\/home\\\/\"},{\"@type\":\"ListItem\",\"position\":2,\"name\":\"Boutique\",\"item\":\"https:\\\/\\\/schweizversand.ch\\\/fr\\\/boutique\\\/\"},{\"@type\":\"ListItem\",\"position\":3,\"name\":\"Fl\u00e9chettes\",\"item\":\"https:\\\/\\\/schweizversand.ch\\\/fr\\\/produkt-kategorie\\\/dart-2\\\/\"},{\"@type\":\"ListItem\",\"position\":4,\"name\":\"Fl\u00e9chettes \u00e0 pointe souple Winmau Cypher 20 g\"}]},{\"@type\":\"WebSite\",\"@id\":\"https:\\\/\\\/schweizversand.ch\\\/fr\\\/#website\",\"url\":\"https:\\\/\\\/schweizversand.ch\\\/fr\\\/\",\"name\":\"Schweizer Shop f\u00fcr Sport, Spiel und Freizeit\",\"description\":\"Gratisversand ab 50.- (netto), ab eigenem schweizer Lager, Lieferung innert 48h\",\"publisher\":{\"@id\":\"https:\\\/\\\/schweizversand.ch\\\/fr\\\/#organization\"},\"alternateName\":\"Schweizversand.ch\",\"potentialAction\":[{\"@type\":\"SearchAction\",\"target\":{\"@type\":\"EntryPoint\",\"urlTemplate\":\"https:\\\/\\\/schweizversand.ch\\\/fr\\\/?s={search_term_string}\"},\"query-input\":{\"@type\":\"PropertyValueSpecification\",\"valueRequired\":true,\"valueName\":\"search_term_string\"}}],\"inLanguage\":\"fr-FR\"},{\"@type\":\"Organization\",\"@id\":\"https:\\\/\\\/schweizversand.ch\\\/fr\\\/#organization\",\"name\":\"Schweizversand.ch\",\"url\":\"https:\\\/\\\/schweizversand.ch\\\/fr\\\/\",\"logo\":{\"@type\":\"ImageObject\",\"inLanguage\":\"fr-FR\",\"@id\":\"https:\\\/\\\/schweizversand.ch\\\/fr\\\/#\\\/schema\\\/logo\\\/image\\\/\",\"url\":\"https:\\\/\\\/schweizversand.ch\\\/wp-content\\\/uploads\\\/2026\\\/03\\\/Logo_Rund_Final-1.png\",\"contentUrl\":\"https:\\\/\\\/schweizversand.ch\\\/wp-content\\\/uploads\\\/2026\\\/03\\\/Logo_Rund_Final-1.png\",\"width\":404,\"height\":404,\"caption\":\"Schweizversand.ch\"},\"image\":{\"@id\":\"https:\\\/\\\/schweizversand.ch\\\/fr\\\/#\\\/schema\\\/logo\\\/image\\\/\"},\"sameAs\":[\"https:\\\/\\\/www.facebook.com\\\/Schweizversand\",\"https:\\\/\\\/www.instagram.com\\\/schweizversand.ch\\\/\"]}]}<\/script>\n<!-- \/ Yoast SEO plugin. -->","yoast_head_json":{"title":"Winmau Cypher Soft Tip Dartpfeile 20G","description":"Cypher \u2013 Pr\u00e4zision, Kontrolle, Perfektion! Der Cypher Cluster-Grip erstreckt sich \u00fcber die gesamte L\u00e4nge des Barrels und bietet eine unvergleichliche Kontrolle","robots":{"index":"index","follow":"follow","max-snippet":"max-snippet:-1","max-image-preview":"max-image-preview:large","max-video-preview":"max-video-preview:-1"},"canonical":"https:\/\/schweizversand.ch\/fr\/produkt\/winmau-cypher-soft-tip-dartpfeile-20g\/","og_locale":"fr_FR","og_type":"article","og_title":"Winmau Cypher Soft Tip Dartpfeile 20G","og_description":"Cypher \u2013 Pr\u00e4zision, Kontrolle, Perfektion! Der Cypher Cluster-Grip erstreckt sich \u00fcber die gesamte L\u00e4nge des Barrels und bietet eine unvergleichliche Kontrolle","og_url":"https:\/\/schweizversand.ch\/fr\/produkt\/winmau-cypher-soft-tip-dartpfeile-20g\/","og_site_name":"Schweizer Shop f\u00fcr Sport, Spiel und Freizeit","article_publisher":"https:\/\/www.facebook.com\/Schweizversand","article_modified_time":"2026-04-19T00:05:10+00:00","og_image":[{"width":1024,"height":1024,"url":"https:\/\/schweizversand.ch\/wp-content\/uploads\/2026\/02\/5471847111.jpg","type":"image\/jpeg"}],"twitter_card":"summary_large_image","twitter_misc":{"Dur\u00e9e de lecture estim\u00e9e":"1 minute"},"schema":{"@context":"https:\/\/schema.org","@graph":[{"@type":"WebPage","@id":"https:\/\/schweizversand.ch\/fr\/produkt\/winmau-cypher-soft-tip-dartpfeile-20g\/","url":"https:\/\/schweizversand.ch\/fr\/produkt\/winmau-cypher-soft-tip-dartpfeile-20g\/","name":"Winmau Cypher Soft Tip Dartpfeile 20G","isPartOf":{"@id":"https:\/\/schweizversand.ch\/fr\/#website"},"primaryImageOfPage":{"@id":"https:\/\/schweizversand.ch\/fr\/produkt\/winmau-cypher-soft-tip-dartpfeile-20g\/#primaryimage"},"image":{"@id":"https:\/\/schweizversand.ch\/fr\/produkt\/winmau-cypher-soft-tip-dartpfeile-20g\/#primaryimage"},"thumbnailUrl":"https:\/\/schweizversand.ch\/wp-content\/uploads\/2026\/02\/5471847111.jpg","datePublished":"2026-03-14T23:56:45+00:00","dateModified":"2026-04-19T00:05:10+00:00","description":"Cypher \u2013 Pr\u00e4zision, Kontrolle, Perfektion! Der Cypher Cluster-Grip erstreckt sich \u00fcber die gesamte L\u00e4nge des Barrels und bietet eine unvergleichliche Kontrolle","breadcrumb":{"@id":"https:\/\/schweizversand.ch\/fr\/produkt\/winmau-cypher-soft-tip-dartpfeile-20g\/#breadcrumb"},"inLanguage":"fr-FR","potentialAction":[{"@type":"ReadAction","target":["https:\/\/schweizversand.ch\/fr\/produkt\/winmau-cypher-soft-tip-dartpfeile-20g\/"]}]},{"@type":"ImageObject","inLanguage":"fr-FR","@id":"https:\/\/schweizversand.ch\/fr\/produkt\/winmau-cypher-soft-tip-dartpfeile-20g\/#primaryimage","url":"https:\/\/schweizversand.ch\/wp-content\/uploads\/2026\/02\/5471847111.jpg","contentUrl":"https:\/\/schweizversand.ch\/wp-content\/uploads\/2026\/02\/5471847111.jpg","width":1024,"height":1024},{"@type":"BreadcrumbList","@id":"https:\/\/schweizversand.ch\/fr\/produkt\/winmau-cypher-soft-tip-dartpfeile-20g\/#breadcrumb","itemListElement":[{"@type":"ListItem","position":1,"name":"Startseite","item":"https:\/\/schweizversand.ch\/fr\/home\/"},{"@type":"ListItem","position":2,"name":"Boutique","item":"https:\/\/schweizversand.ch\/fr\/boutique\/"},{"@type":"ListItem","position":3,"name":"Fl\u00e9chettes","item":"https:\/\/schweizversand.ch\/fr\/produkt-kategorie\/dart-2\/"},{"@type":"ListItem","position":4,"name":"Fl\u00e9chettes \u00e0 pointe souple Winmau Cypher 20 g"}]},{"@type":"WebSite","@id":"https:\/\/schweizversand.ch\/fr\/#website","url":"https:\/\/schweizversand.ch\/fr\/","name":"Schweizer Shop f\u00fcr Sport, Spiel und Freizeit","description":"Gratisversand ab 50.- (netto), ab eigenem schweizer Lager, Lieferung innert 48h","publisher":{"@id":"https:\/\/schweizversand.ch\/fr\/#organization"},"alternateName":"Schweizversand.ch","potentialAction":[{"@type":"SearchAction","target":{"@type":"EntryPoint","urlTemplate":"https:\/\/schweizversand.ch\/fr\/?s={search_term_string}"},"query-input":{"@type":"PropertyValueSpecification","valueRequired":true,"valueName":"search_term_string"}}],"inLanguage":"fr-FR"},{"@type":"Organization","@id":"https:\/\/schweizversand.ch\/fr\/#organization","name":"Schweizversand.ch","url":"https:\/\/schweizversand.ch\/fr\/","logo":{"@type":"ImageObject","inLanguage":"fr-FR","@id":"https:\/\/schweizversand.ch\/fr\/#\/schema\/logo\/image\/","url":"https:\/\/schweizversand.ch\/wp-content\/uploads\/2026\/03\/Logo_Rund_Final-1.png","contentUrl":"https:\/\/schweizversand.ch\/wp-content\/uploads\/2026\/03\/Logo_Rund_Final-1.png","width":404,"height":404,"caption":"Schweizversand.ch"},"image":{"@id":"https:\/\/schweizversand.ch\/fr\/#\/schema\/logo\/image\/"},"sameAs":["https:\/\/www.facebook.com\/Schweizversand","https:\/\/www.instagram.com\/schweizversand.ch\/"]}]}},"jetpack_sharing_enabled":true,"_links":{"self":[{"href":"https:\/\/schweizversand.ch\/fr\/wp-json\/wp\/v2\/product\/260263","targetHints":{"allow":["GET"]}}],"collection":[{"href":"https:\/\/schweizversand.ch\/fr\/wp-json\/wp\/v2\/product"}],"about":[{"href":"https:\/\/schweizversand.ch\/fr\/wp-json\/wp\/v2\/types\/product"}],"replies":[{"embeddable":true,"href":"https:\/\/schweizversand.ch\/fr\/wp-json\/wp\/v2\/comments?post=260263"}],"wp:featuredmedia":[{"embeddable":true,"href":"https:\/\/schweizversand.ch\/fr\/wp-json\/wp\/v2\/media\/163416"}],"wp:attachment":[{"href":"https:\/\/schweizversand.ch\/fr\/wp-json\/wp\/v2\/media?parent=260263"}],"wp:term":[{"taxonomy":"product_brand","embeddable":true,"href":"https:\/\/schweizversand.ch\/fr\/wp-json\/wp\/v2\/product_brand?post=260263"},{"taxonomy":"product_cat","embeddable":true,"href":"https:\/\/schweizversand.ch\/fr\/wp-json\/wp\/v2\/product_cat?post=260263"},{"taxonomy":"product_tag","embeddable":true,"href":"https:\/\/schweizversand.ch\/fr\/wp-json\/wp\/v2\/product_tag?post=260263"}],"curies":[{"name":"wp","href":"https:\/\/api.w.org\/{rel}","templated":true}]}}