{"id":260276,"date":"2026-03-15T00:56:46","date_gmt":"2026-03-14T23:56:46","guid":{"rendered":"https:\/\/schweizversand.ch\/produkt\/winmau-aspria-steel-dartpfeile-22g\/"},"modified":"2026-04-19T15:35:45","modified_gmt":"2026-04-19T13:35:45","slug":"winmau-aspria-steel-dartpfeile-22g","status":"publish","type":"product","link":"https:\/\/schweizversand.ch\/fr\/produkt\/winmau-aspria-steel-dartpfeile-22g\/","title":{"rendered":"Fl\u00e9chettes Winmau Aspria Steel 22G"},"content":{"rendered":"<p>Dominez la cible avec les fl\u00e9chettes Aspria \u2013 des outils de pr\u00e9cision en tungst\u00e8ne \u00e0 85 % de haute qualit\u00e9, alliant finesse et poids id\u00e9al. Leur conception ergonomique, fruit d&rsquo;une recherche scientifique, assure un contr\u00f4le exceptionnel \u00e0 chaque lancer. La structure sophistiqu\u00e9e du corps combine diff\u00e9rentes zones de pr\u00e9hension pour un positionnement naturel des doigts, garantissant des lancers constants et pr\u00e9cis.<\/p>\n<\/p>\n<p>Chaque fl\u00e9chette est soumise \u00e0 des contr\u00f4les qualit\u00e9 rigoureux afin d&rsquo;assurer une r\u00e9partition optimale du poids et une pr\u00e9cision a\u00e9rodynamique. Sa finition \u00e9l\u00e9gante offre non seulement un rendu visuel attrayant, mais aussi une prise en main fiable, quelles que soient les conditions de jeu. Pour les joueurs ambitieux qui savent que le mat\u00e9riel de haute qualit\u00e9 est la cl\u00e9 d&rsquo;une performance constante. Les fl\u00e9chettes Aspria \u2013 la qualit\u00e9 tournoi pour des performances optimales.<\/p>\n<\/p>\n<p>D\u00e9tails\u00a0:<\/p>\n<\/p>\n<p>\u2022 Ailettes\u00a0: 1 Prism Alpha Standard extra \u00e9paisse<\/p>\n<\/p>\n<p>\u2022 Tiges\u00a0: 1 Prisma Force moyenne<\/p>\n<\/p>\n<p>\u2022 Poids du corps\u00a0: 24\u00a0g<\/p>\n<\/p>\n<p>\u2022 Mat\u00e9riau\u00a0: Tungst\u00e8ne double noyau 95\u00a0%\/85\u00a0%<\/p>\n<\/p>\n<p>\u2022 R\u00e9partition du poids\u00a0: Centrale<\/p>\n<\/p>\n<p>\u2022 Profil du corps\u00a0: Parall\u00e8le<\/p>\n<\/p>\n<p>\u2022 Profil avant\u00a0: Conique<\/p>\n<\/p>\n<p>\u2022 Type de pointe\u00a0: Noire, renforc\u00e9e<\/p>\n<\/p>\n<p>\u2022 Caract\u00e9ristiques de la prise en main\u00a0:<\/p>\n<\/p>\n<p>&#8211; Zone de pr\u00e9hension\u00a0: Sur toute la longueur<\/p>\n<\/p>\n<p>&#8211; Type de prise en main\u00a0: Axe<\/p>\n<\/p>\n<p>&#8211; Niveau de fermet\u00e9\u00a0: 5 (1\u00a0= Souple, 5\u00a0= Agressif)<\/p>\n<\/p>\n<p>\u2022 Finition\u00a0: Polie<\/p>\n<\/p>\n<p>\u2022 Dimensions\u00a0: 6,35\u00a0mm x 50\u00a0mm<\/p>\n","protected":false},"excerpt":{"rendered":"<p>Winmau Aspria Steel Dartpfeile 22G bieten pr\u00e4zises Wurfgef\u00fchl dank 85% Tungsten und innovativem Griffdesign f\u00fcr maximale Kontrolle und konstante Leistung bei jedem Spiel.<\/p>\n","protected":false},"featured_media":163485,"comment_status":"open","ping_status":"closed","template":"","meta":[],"product_brand":[],"product_cat":[38633],"product_tag":[],"class_list":{"0":"post-260276","1":"product","2":"type-product","3":"status-publish","4":"has-post-thumbnail","6":"product_cat-dart-2","7":"product_shipping_class-global_methods","9":"first","10":"instock","11":"taxable","12":"shipping-taxable","13":"purchasable","14":"product-type-simple"},"yoast_head":"<!-- This site is optimized with the Yoast SEO plugin v27.4 - https:\/\/yoast.com\/product\/yoast-seo-wordpress\/ -->\n<title>Winmau Aspria Steel Dartpfeile 22G<\/title>\n<meta name=\"description\" content=\"\u00dcbernimm die Kontrolle am Dartboard mit den Aspria Darts \u2013 Pr\u00e4zisionswerkzeuge aus hochwertigem 85% Tungsten, die ein schlankes Profil mit perfektem Gewicht ver\" \/>\n<meta name=\"robots\" content=\"index, follow, max-snippet:-1, max-image-preview:large, max-video-preview:-1\" \/>\n<link rel=\"canonical\" href=\"https:\/\/schweizversand.ch\/fr\/produkt\/winmau-aspria-steel-dartpfeile-22g\/\" \/>\n<meta property=\"og:locale\" content=\"fr_FR\" \/>\n<meta property=\"og:type\" content=\"article\" \/>\n<meta property=\"og:title\" content=\"Winmau Aspria Steel Dartpfeile 22G\" \/>\n<meta property=\"og:description\" content=\"\u00dcbernimm die Kontrolle am Dartboard mit den Aspria Darts \u2013 Pr\u00e4zisionswerkzeuge aus hochwertigem 85% Tungsten, die ein schlankes Profil mit perfektem Gewicht ver\" \/>\n<meta property=\"og:url\" content=\"https:\/\/schweizversand.ch\/fr\/produkt\/winmau-aspria-steel-dartpfeile-22g\/\" \/>\n<meta property=\"og:site_name\" content=\"Schweizer Shop f\u00fcr Sport, Spiel und Freizeit\" \/>\n<meta property=\"article:publisher\" content=\"https:\/\/www.facebook.com\/Schweizversand\" \/>\n<meta property=\"article:modified_time\" content=\"2026-04-19T13:35:45+00:00\" \/>\n<meta property=\"og:image\" content=\"https:\/\/schweizversand.ch\/wp-content\/uploads\/2026\/02\/5471875766.jpg\" \/>\n\t<meta property=\"og:image:width\" content=\"1024\" \/>\n\t<meta property=\"og:image:height\" content=\"1024\" \/>\n\t<meta property=\"og:image:type\" content=\"image\/jpeg\" \/>\n<meta name=\"twitter:card\" content=\"summary_large_image\" \/>\n<meta name=\"twitter:label1\" content=\"Dur\u00e9e de lecture estim\u00e9e\" \/>\n\t<meta name=\"twitter:data1\" content=\"1 minute\" \/>\n<script type=\"application\/ld+json\" class=\"yoast-schema-graph\">{\"@context\":\"https:\\\/\\\/schema.org\",\"@graph\":[{\"@type\":\"WebPage\",\"@id\":\"https:\\\/\\\/schweizversand.ch\\\/fr\\\/produkt\\\/winmau-aspria-steel-dartpfeile-22g\\\/\",\"url\":\"https:\\\/\\\/schweizversand.ch\\\/fr\\\/produkt\\\/winmau-aspria-steel-dartpfeile-22g\\\/\",\"name\":\"Winmau Aspria Steel Dartpfeile 22G\",\"isPartOf\":{\"@id\":\"https:\\\/\\\/schweizversand.ch\\\/fr\\\/#website\"},\"primaryImageOfPage\":{\"@id\":\"https:\\\/\\\/schweizversand.ch\\\/fr\\\/produkt\\\/winmau-aspria-steel-dartpfeile-22g\\\/#primaryimage\"},\"image\":{\"@id\":\"https:\\\/\\\/schweizversand.ch\\\/fr\\\/produkt\\\/winmau-aspria-steel-dartpfeile-22g\\\/#primaryimage\"},\"thumbnailUrl\":\"https:\\\/\\\/schweizversand.ch\\\/wp-content\\\/uploads\\\/2026\\\/02\\\/5471875766.jpg\",\"datePublished\":\"2026-03-14T23:56:46+00:00\",\"dateModified\":\"2026-04-19T13:35:45+00:00\",\"description\":\"\u00dcbernimm die Kontrolle am Dartboard mit den Aspria Darts \u2013 Pr\u00e4zisionswerkzeuge aus hochwertigem 85% Tungsten, die ein schlankes Profil mit perfektem Gewicht ver\",\"breadcrumb\":{\"@id\":\"https:\\\/\\\/schweizversand.ch\\\/fr\\\/produkt\\\/winmau-aspria-steel-dartpfeile-22g\\\/#breadcrumb\"},\"inLanguage\":\"fr-FR\",\"potentialAction\":[{\"@type\":\"ReadAction\",\"target\":[\"https:\\\/\\\/schweizversand.ch\\\/fr\\\/produkt\\\/winmau-aspria-steel-dartpfeile-22g\\\/\"]}]},{\"@type\":\"ImageObject\",\"inLanguage\":\"fr-FR\",\"@id\":\"https:\\\/\\\/schweizversand.ch\\\/fr\\\/produkt\\\/winmau-aspria-steel-dartpfeile-22g\\\/#primaryimage\",\"url\":\"https:\\\/\\\/schweizversand.ch\\\/wp-content\\\/uploads\\\/2026\\\/02\\\/5471875766.jpg\",\"contentUrl\":\"https:\\\/\\\/schweizversand.ch\\\/wp-content\\\/uploads\\\/2026\\\/02\\\/5471875766.jpg\",\"width\":1024,\"height\":1024},{\"@type\":\"BreadcrumbList\",\"@id\":\"https:\\\/\\\/schweizversand.ch\\\/fr\\\/produkt\\\/winmau-aspria-steel-dartpfeile-22g\\\/#breadcrumb\",\"itemListElement\":[{\"@type\":\"ListItem\",\"position\":1,\"name\":\"Startseite\",\"item\":\"https:\\\/\\\/schweizversand.ch\\\/fr\\\/home\\\/\"},{\"@type\":\"ListItem\",\"position\":2,\"name\":\"Boutique\",\"item\":\"https:\\\/\\\/schweizversand.ch\\\/fr\\\/boutique\\\/\"},{\"@type\":\"ListItem\",\"position\":3,\"name\":\"Sports\",\"item\":\"https:\\\/\\\/schweizversand.ch\\\/fr\\\/produkt-kategorie\\\/sports\\\/\"},{\"@type\":\"ListItem\",\"position\":4,\"name\":\"sports de balle et fl\u00e9chettes\",\"item\":\"https:\\\/\\\/schweizversand.ch\\\/fr\\\/produkt-kategorie\\\/sports\\\/sports-de-balle-et-flechettes\\\/\"},{\"@type\":\"ListItem\",\"position\":5,\"name\":\"Fl\u00e9chettes\",\"item\":\"https:\\\/\\\/schweizversand.ch\\\/fr\\\/produkt-kategorie\\\/dart-2\\\/\"},{\"@type\":\"ListItem\",\"position\":6,\"name\":\"Fl\u00e9chettes Winmau Aspria Steel 22G\"}]},{\"@type\":\"WebSite\",\"@id\":\"https:\\\/\\\/schweizversand.ch\\\/fr\\\/#website\",\"url\":\"https:\\\/\\\/schweizversand.ch\\\/fr\\\/\",\"name\":\"Schweizer Shop f\u00fcr Sport, Spiel und Freizeit\",\"description\":\"Gratisversand ab 50.- (netto), ab eigenem schweizer Lager, Lieferung innert 48h\",\"publisher\":{\"@id\":\"https:\\\/\\\/schweizversand.ch\\\/fr\\\/#organization\"},\"alternateName\":\"Schweizversand.ch\",\"potentialAction\":[{\"@type\":\"SearchAction\",\"target\":{\"@type\":\"EntryPoint\",\"urlTemplate\":\"https:\\\/\\\/schweizversand.ch\\\/fr\\\/?s={search_term_string}\"},\"query-input\":{\"@type\":\"PropertyValueSpecification\",\"valueRequired\":true,\"valueName\":\"search_term_string\"}}],\"inLanguage\":\"fr-FR\"},{\"@type\":\"Organization\",\"@id\":\"https:\\\/\\\/schweizversand.ch\\\/fr\\\/#organization\",\"name\":\"Schweizversand.ch\",\"url\":\"https:\\\/\\\/schweizversand.ch\\\/fr\\\/\",\"logo\":{\"@type\":\"ImageObject\",\"inLanguage\":\"fr-FR\",\"@id\":\"https:\\\/\\\/schweizversand.ch\\\/fr\\\/#\\\/schema\\\/logo\\\/image\\\/\",\"url\":\"https:\\\/\\\/schweizversand.ch\\\/wp-content\\\/uploads\\\/2026\\\/03\\\/Logo_Rund_Final-1.png\",\"contentUrl\":\"https:\\\/\\\/schweizversand.ch\\\/wp-content\\\/uploads\\\/2026\\\/03\\\/Logo_Rund_Final-1.png\",\"width\":404,\"height\":404,\"caption\":\"Schweizversand.ch\"},\"image\":{\"@id\":\"https:\\\/\\\/schweizversand.ch\\\/fr\\\/#\\\/schema\\\/logo\\\/image\\\/\"},\"sameAs\":[\"https:\\\/\\\/www.facebook.com\\\/Schweizversand\",\"https:\\\/\\\/www.instagram.com\\\/schweizversand.ch\\\/\"]}]}<\/script>\n<!-- \/ Yoast SEO plugin. -->","yoast_head_json":{"title":"Winmau Aspria Steel Dartpfeile 22G","description":"\u00dcbernimm die Kontrolle am Dartboard mit den Aspria Darts \u2013 Pr\u00e4zisionswerkzeuge aus hochwertigem 85% Tungsten, die ein schlankes Profil mit perfektem Gewicht ver","robots":{"index":"index","follow":"follow","max-snippet":"max-snippet:-1","max-image-preview":"max-image-preview:large","max-video-preview":"max-video-preview:-1"},"canonical":"https:\/\/schweizversand.ch\/fr\/produkt\/winmau-aspria-steel-dartpfeile-22g\/","og_locale":"fr_FR","og_type":"article","og_title":"Winmau Aspria Steel Dartpfeile 22G","og_description":"\u00dcbernimm die Kontrolle am Dartboard mit den Aspria Darts \u2013 Pr\u00e4zisionswerkzeuge aus hochwertigem 85% Tungsten, die ein schlankes Profil mit perfektem Gewicht ver","og_url":"https:\/\/schweizversand.ch\/fr\/produkt\/winmau-aspria-steel-dartpfeile-22g\/","og_site_name":"Schweizer Shop f\u00fcr Sport, Spiel und Freizeit","article_publisher":"https:\/\/www.facebook.com\/Schweizversand","article_modified_time":"2026-04-19T13:35:45+00:00","og_image":[{"width":1024,"height":1024,"url":"https:\/\/schweizversand.ch\/wp-content\/uploads\/2026\/02\/5471875766.jpg","type":"image\/jpeg"}],"twitter_card":"summary_large_image","twitter_misc":{"Dur\u00e9e de lecture estim\u00e9e":"1 minute"},"schema":{"@context":"https:\/\/schema.org","@graph":[{"@type":"WebPage","@id":"https:\/\/schweizversand.ch\/fr\/produkt\/winmau-aspria-steel-dartpfeile-22g\/","url":"https:\/\/schweizversand.ch\/fr\/produkt\/winmau-aspria-steel-dartpfeile-22g\/","name":"Winmau Aspria Steel Dartpfeile 22G","isPartOf":{"@id":"https:\/\/schweizversand.ch\/fr\/#website"},"primaryImageOfPage":{"@id":"https:\/\/schweizversand.ch\/fr\/produkt\/winmau-aspria-steel-dartpfeile-22g\/#primaryimage"},"image":{"@id":"https:\/\/schweizversand.ch\/fr\/produkt\/winmau-aspria-steel-dartpfeile-22g\/#primaryimage"},"thumbnailUrl":"https:\/\/schweizversand.ch\/wp-content\/uploads\/2026\/02\/5471875766.jpg","datePublished":"2026-03-14T23:56:46+00:00","dateModified":"2026-04-19T13:35:45+00:00","description":"\u00dcbernimm die Kontrolle am Dartboard mit den Aspria Darts \u2013 Pr\u00e4zisionswerkzeuge aus hochwertigem 85% Tungsten, die ein schlankes Profil mit perfektem Gewicht ver","breadcrumb":{"@id":"https:\/\/schweizversand.ch\/fr\/produkt\/winmau-aspria-steel-dartpfeile-22g\/#breadcrumb"},"inLanguage":"fr-FR","potentialAction":[{"@type":"ReadAction","target":["https:\/\/schweizversand.ch\/fr\/produkt\/winmau-aspria-steel-dartpfeile-22g\/"]}]},{"@type":"ImageObject","inLanguage":"fr-FR","@id":"https:\/\/schweizversand.ch\/fr\/produkt\/winmau-aspria-steel-dartpfeile-22g\/#primaryimage","url":"https:\/\/schweizversand.ch\/wp-content\/uploads\/2026\/02\/5471875766.jpg","contentUrl":"https:\/\/schweizversand.ch\/wp-content\/uploads\/2026\/02\/5471875766.jpg","width":1024,"height":1024},{"@type":"BreadcrumbList","@id":"https:\/\/schweizversand.ch\/fr\/produkt\/winmau-aspria-steel-dartpfeile-22g\/#breadcrumb","itemListElement":[{"@type":"ListItem","position":1,"name":"Startseite","item":"https:\/\/schweizversand.ch\/fr\/home\/"},{"@type":"ListItem","position":2,"name":"Boutique","item":"https:\/\/schweizversand.ch\/fr\/boutique\/"},{"@type":"ListItem","position":3,"name":"Sports","item":"https:\/\/schweizversand.ch\/fr\/produkt-kategorie\/sports\/"},{"@type":"ListItem","position":4,"name":"sports de balle et fl\u00e9chettes","item":"https:\/\/schweizversand.ch\/fr\/produkt-kategorie\/sports\/sports-de-balle-et-flechettes\/"},{"@type":"ListItem","position":5,"name":"Fl\u00e9chettes","item":"https:\/\/schweizversand.ch\/fr\/produkt-kategorie\/dart-2\/"},{"@type":"ListItem","position":6,"name":"Fl\u00e9chettes Winmau Aspria Steel 22G"}]},{"@type":"WebSite","@id":"https:\/\/schweizversand.ch\/fr\/#website","url":"https:\/\/schweizversand.ch\/fr\/","name":"Schweizer Shop f\u00fcr Sport, Spiel und Freizeit","description":"Gratisversand ab 50.- (netto), ab eigenem schweizer Lager, Lieferung innert 48h","publisher":{"@id":"https:\/\/schweizversand.ch\/fr\/#organization"},"alternateName":"Schweizversand.ch","potentialAction":[{"@type":"SearchAction","target":{"@type":"EntryPoint","urlTemplate":"https:\/\/schweizversand.ch\/fr\/?s={search_term_string}"},"query-input":{"@type":"PropertyValueSpecification","valueRequired":true,"valueName":"search_term_string"}}],"inLanguage":"fr-FR"},{"@type":"Organization","@id":"https:\/\/schweizversand.ch\/fr\/#organization","name":"Schweizversand.ch","url":"https:\/\/schweizversand.ch\/fr\/","logo":{"@type":"ImageObject","inLanguage":"fr-FR","@id":"https:\/\/schweizversand.ch\/fr\/#\/schema\/logo\/image\/","url":"https:\/\/schweizversand.ch\/wp-content\/uploads\/2026\/03\/Logo_Rund_Final-1.png","contentUrl":"https:\/\/schweizversand.ch\/wp-content\/uploads\/2026\/03\/Logo_Rund_Final-1.png","width":404,"height":404,"caption":"Schweizversand.ch"},"image":{"@id":"https:\/\/schweizversand.ch\/fr\/#\/schema\/logo\/image\/"},"sameAs":["https:\/\/www.facebook.com\/Schweizversand","https:\/\/www.instagram.com\/schweizversand.ch\/"]}]}},"jetpack_sharing_enabled":true,"_links":{"self":[{"href":"https:\/\/schweizversand.ch\/fr\/wp-json\/wp\/v2\/product\/260276","targetHints":{"allow":["GET"]}}],"collection":[{"href":"https:\/\/schweizversand.ch\/fr\/wp-json\/wp\/v2\/product"}],"about":[{"href":"https:\/\/schweizversand.ch\/fr\/wp-json\/wp\/v2\/types\/product"}],"replies":[{"embeddable":true,"href":"https:\/\/schweizversand.ch\/fr\/wp-json\/wp\/v2\/comments?post=260276"}],"wp:featuredmedia":[{"embeddable":true,"href":"https:\/\/schweizversand.ch\/fr\/wp-json\/wp\/v2\/media\/163485"}],"wp:attachment":[{"href":"https:\/\/schweizversand.ch\/fr\/wp-json\/wp\/v2\/media?parent=260276"}],"wp:term":[{"taxonomy":"product_brand","embeddable":true,"href":"https:\/\/schweizversand.ch\/fr\/wp-json\/wp\/v2\/product_brand?post=260276"},{"taxonomy":"product_cat","embeddable":true,"href":"https:\/\/schweizversand.ch\/fr\/wp-json\/wp\/v2\/product_cat?post=260276"},{"taxonomy":"product_tag","embeddable":true,"href":"https:\/\/schweizversand.ch\/fr\/wp-json\/wp\/v2\/product_tag?post=260276"}],"curies":[{"name":"wp","href":"https:\/\/api.w.org\/{rel}","templated":true}]}}