{"id":260277,"date":"2026-03-15T00:56:46","date_gmt":"2026-03-14T23:56:46","guid":{"rendered":"https:\/\/schweizversand.ch\/produkt\/winmau-barbarian-steel-dartpfeile-20g\/"},"modified":"2026-04-19T02:05:10","modified_gmt":"2026-04-19T00:05:10","slug":"winmau-barbarian-steel-dartpfeile-20g","status":"publish","type":"product","link":"https:\/\/schweizversand.ch\/fr\/produkt\/winmau-barbarian-steel-dartpfeile-20g\/","title":{"rendered":"Fl\u00e9chettes Winmau Barbarian Steel 20G"},"content":{"rendered":"<p>D\u00e9couvrez l&rsquo;alliance parfaite de la technologie et de la pr\u00e9cision avec ces fl\u00e9chettes de style tungst\u00e8ne, fabriqu\u00e9es en acier inoxydable de haute qualit\u00e9. Offrant une durabilit\u00e9 exceptionnelle et une r\u00e9sistance impressionnante, elles encaissent les lancers les plus exigeants. Leur conception pr\u00e9cise assure une prise en main optimale et un contr\u00f4le parfait, vous permettant d&rsquo;atteindre une pr\u00e9cision chirurgicale \u00e0 chaque rotation et \u00e0 chaque lancer.<\/p>\n<\/p>\n<p>Gr\u00e2ce \u00e0 leur excellente maniabilit\u00e9 et \u00e0 leur \u00e9quilibre parfait, ces fl\u00e9chettes vous permettront d&rsquo;am\u00e9liorer vos performances. Que vous soyez un joueur confirm\u00e9 ou un d\u00e9butant ambitieux, elles vous offrent tout le n\u00e9cessaire pour progresser et atteindre vos objectifs.<\/p>\n<\/p>\n<p>Optez pour la qualit\u00e9, optez pour le contr\u00f4le avec ces fl\u00e9chettes de style tungst\u00e8ne en acier inoxydable. \u00c9quipez-vous pour la victoire et d\u00e9couvrez une pr\u00e9cision de lancer in\u00e9gal\u00e9e.<\/p>\n<\/p>\n<p>D\u00e9tails\u00a0:<\/p>\n<\/p>\n<p>\u2022 Ailettes\u00a0: 1 x Prism Alpha Standard extra \u00e9paisses \u2022 Tiges\u00a0: 1 x Prisma Force moyennes<\/p>\n<\/p>\n<p>\u2022 Poids du corps\u00a0: 20\u00a0g<\/p>\n<\/p>\n<p>\u2022 Mat\u00e9riau\u00a0: Acier inoxydable<\/p>\n<\/p>\n<p>\u2022 R\u00e9partition du poids\u00a0: Centrale<\/p>\n<\/p>\n<p>\u2022 Profil du corps\u00a0: Parall\u00e8le<\/p>\n<\/p>\n<p>\u2022 Profil avant\u00a0: Rond<\/p>\n<\/p>\n<p>\u2022 Type de pointe\u00a0: Noire, renforc\u00e9e<\/p>\n<\/p>\n<p>\u2022 Caract\u00e9ristiques de la prise en main\u00a0:<\/p>\n<\/p>\n<p>&#8211; Zone de pr\u00e9hension\u00a0: Sur toute la longueur<\/p>\n<\/p>\n<p>&#8211; Type de moletage\u00a0: Moletage moyen<\/p>\n<\/p>\n<p>&#8211; Niveau de r\u00e9sistance \u00e0 l\u2019adh\u00e9rence\u00a0: 4 (1\u00a0= Souple, 5\u00a0= Agressif)<\/p>\n<\/p>\n<p>\u2022 Couleur des rainures\u00a0: Noires<\/p>\n<\/p>\n<p>\u2022 Gravure laser\u00a0: Logo Winmau W<\/p>\n<\/p>\n<p>\u2022 Finition\u00a0: Polie<\/p>\n<\/p>\n<p>\u2022 Dimensions\u00a0: 8,0\u00a0mm x 55,9\u00a0mm<\/p>\n","protected":false},"excerpt":{"rendered":"<p>Winmau Barbarian Steel Dartpfeile 20G: Hochwertiger Inox-Stahl, pr\u00e4zises Barrel-Design und perfekte Balance f\u00fcr maximale Kontrolle und langlebige Pr\u00e4zision bei jedem Wurf.<\/p>\n","protected":false},"featured_media":163491,"comment_status":"open","ping_status":"closed","template":"","meta":[],"product_brand":[],"product_cat":[39188],"product_tag":[],"class_list":{"0":"post-260277","1":"product","2":"type-product","3":"status-publish","4":"has-post-thumbnail","6":"product_cat-dart","7":"product_shipping_class-global_methods","9":"first","10":"instock","11":"taxable","12":"shipping-taxable","13":"purchasable","14":"product-type-simple"},"yoast_head":"<!-- This site is optimized with the Yoast SEO plugin v27.4 - https:\/\/yoast.com\/product\/yoast-seo-wordpress\/ -->\n<title>Winmau Barbarian Steel Dartpfeile 20G<\/title>\n<meta name=\"description\" content=\"Entdecken Sie die perfekte Kombination aus Technologie und Pr\u00e4zision mit den Tungsten-Style Darts, gefertigt aus hochwertigem Inox-Stahl. Diese Darts bieten nic\" \/>\n<meta name=\"robots\" content=\"index, follow, max-snippet:-1, max-image-preview:large, max-video-preview:-1\" \/>\n<link rel=\"canonical\" href=\"https:\/\/schweizversand.ch\/fr\/produkt\/winmau-barbarian-steel-dartpfeile-20g\/\" \/>\n<meta property=\"og:locale\" content=\"fr_FR\" \/>\n<meta property=\"og:type\" content=\"article\" \/>\n<meta property=\"og:title\" content=\"Winmau Barbarian Steel Dartpfeile 20G\" \/>\n<meta property=\"og:description\" content=\"Entdecken Sie die perfekte Kombination aus Technologie und Pr\u00e4zision mit den Tungsten-Style Darts, gefertigt aus hochwertigem Inox-Stahl. Diese Darts bieten nic\" \/>\n<meta property=\"og:url\" content=\"https:\/\/schweizversand.ch\/fr\/produkt\/winmau-barbarian-steel-dartpfeile-20g\/\" \/>\n<meta property=\"og:site_name\" content=\"Schweizer Shop f\u00fcr Sport, Spiel und Freizeit\" \/>\n<meta property=\"article:publisher\" content=\"https:\/\/www.facebook.com\/Schweizversand\" \/>\n<meta property=\"article:modified_time\" content=\"2026-04-19T00:05:10+00:00\" \/>\n<meta property=\"og:image\" content=\"https:\/\/schweizversand.ch\/wp-content\/uploads\/2026\/02\/5471831597.jpg\" \/>\n\t<meta property=\"og:image:width\" content=\"1024\" \/>\n\t<meta property=\"og:image:height\" content=\"1024\" \/>\n\t<meta property=\"og:image:type\" content=\"image\/jpeg\" \/>\n<meta name=\"twitter:card\" content=\"summary_large_image\" \/>\n<meta name=\"twitter:label1\" content=\"Dur\u00e9e de lecture estim\u00e9e\" \/>\n\t<meta name=\"twitter:data1\" content=\"1 minute\" \/>\n<script type=\"application\/ld+json\" class=\"yoast-schema-graph\">{\"@context\":\"https:\\\/\\\/schema.org\",\"@graph\":[{\"@type\":\"WebPage\",\"@id\":\"https:\\\/\\\/schweizversand.ch\\\/fr\\\/produkt\\\/winmau-barbarian-steel-dartpfeile-20g\\\/\",\"url\":\"https:\\\/\\\/schweizversand.ch\\\/fr\\\/produkt\\\/winmau-barbarian-steel-dartpfeile-20g\\\/\",\"name\":\"Winmau Barbarian Steel Dartpfeile 20G\",\"isPartOf\":{\"@id\":\"https:\\\/\\\/schweizversand.ch\\\/fr\\\/#website\"},\"primaryImageOfPage\":{\"@id\":\"https:\\\/\\\/schweizversand.ch\\\/fr\\\/produkt\\\/winmau-barbarian-steel-dartpfeile-20g\\\/#primaryimage\"},\"image\":{\"@id\":\"https:\\\/\\\/schweizversand.ch\\\/fr\\\/produkt\\\/winmau-barbarian-steel-dartpfeile-20g\\\/#primaryimage\"},\"thumbnailUrl\":\"https:\\\/\\\/schweizversand.ch\\\/wp-content\\\/uploads\\\/2026\\\/02\\\/5471831597.jpg\",\"datePublished\":\"2026-03-14T23:56:46+00:00\",\"dateModified\":\"2026-04-19T00:05:10+00:00\",\"description\":\"Entdecken Sie die perfekte Kombination aus Technologie und Pr\u00e4zision mit den Tungsten-Style Darts, gefertigt aus hochwertigem Inox-Stahl. Diese Darts bieten nic\",\"breadcrumb\":{\"@id\":\"https:\\\/\\\/schweizversand.ch\\\/fr\\\/produkt\\\/winmau-barbarian-steel-dartpfeile-20g\\\/#breadcrumb\"},\"inLanguage\":\"fr-FR\",\"potentialAction\":[{\"@type\":\"ReadAction\",\"target\":[\"https:\\\/\\\/schweizversand.ch\\\/fr\\\/produkt\\\/winmau-barbarian-steel-dartpfeile-20g\\\/\"]}]},{\"@type\":\"ImageObject\",\"inLanguage\":\"fr-FR\",\"@id\":\"https:\\\/\\\/schweizversand.ch\\\/fr\\\/produkt\\\/winmau-barbarian-steel-dartpfeile-20g\\\/#primaryimage\",\"url\":\"https:\\\/\\\/schweizversand.ch\\\/wp-content\\\/uploads\\\/2026\\\/02\\\/5471831597.jpg\",\"contentUrl\":\"https:\\\/\\\/schweizversand.ch\\\/wp-content\\\/uploads\\\/2026\\\/02\\\/5471831597.jpg\",\"width\":1024,\"height\":1024},{\"@type\":\"BreadcrumbList\",\"@id\":\"https:\\\/\\\/schweizversand.ch\\\/fr\\\/produkt\\\/winmau-barbarian-steel-dartpfeile-20g\\\/#breadcrumb\",\"itemListElement\":[{\"@type\":\"ListItem\",\"position\":1,\"name\":\"Startseite\",\"item\":\"https:\\\/\\\/schweizversand.ch\\\/fr\\\/home\\\/\"},{\"@type\":\"ListItem\",\"position\":2,\"name\":\"Boutique\",\"item\":\"https:\\\/\\\/schweizversand.ch\\\/fr\\\/boutique\\\/\"},{\"@type\":\"ListItem\",\"position\":3,\"name\":\"Sports\",\"item\":\"https:\\\/\\\/schweizversand.ch\\\/fr\\\/produkt-kategorie\\\/sports\\\/\"},{\"@type\":\"ListItem\",\"position\":4,\"name\":\"sports de balle et fl\u00e9chettes\",\"item\":\"https:\\\/\\\/schweizversand.ch\\\/fr\\\/produkt-kategorie\\\/sports\\\/sports-de-balle-et-flechettes\\\/\"},{\"@type\":\"ListItem\",\"position\":5,\"name\":\"Dart\",\"item\":\"https:\\\/\\\/schweizversand.ch\\\/fr\\\/produkt-kategorie\\\/sports\\\/sports-de-balle-et-flechettes\\\/dart\\\/\"},{\"@type\":\"ListItem\",\"position\":6,\"name\":\"Fl\u00e9chettes Winmau Barbarian Steel 20G\"}]},{\"@type\":\"WebSite\",\"@id\":\"https:\\\/\\\/schweizversand.ch\\\/fr\\\/#website\",\"url\":\"https:\\\/\\\/schweizversand.ch\\\/fr\\\/\",\"name\":\"Schweizer Shop f\u00fcr Sport, Spiel und Freizeit\",\"description\":\"Gratisversand ab 50.- (netto), ab eigenem schweizer Lager, Lieferung innert 48h\",\"publisher\":{\"@id\":\"https:\\\/\\\/schweizversand.ch\\\/fr\\\/#organization\"},\"alternateName\":\"Schweizversand.ch\",\"potentialAction\":[{\"@type\":\"SearchAction\",\"target\":{\"@type\":\"EntryPoint\",\"urlTemplate\":\"https:\\\/\\\/schweizversand.ch\\\/fr\\\/?s={search_term_string}\"},\"query-input\":{\"@type\":\"PropertyValueSpecification\",\"valueRequired\":true,\"valueName\":\"search_term_string\"}}],\"inLanguage\":\"fr-FR\"},{\"@type\":\"Organization\",\"@id\":\"https:\\\/\\\/schweizversand.ch\\\/fr\\\/#organization\",\"name\":\"Schweizversand.ch\",\"url\":\"https:\\\/\\\/schweizversand.ch\\\/fr\\\/\",\"logo\":{\"@type\":\"ImageObject\",\"inLanguage\":\"fr-FR\",\"@id\":\"https:\\\/\\\/schweizversand.ch\\\/fr\\\/#\\\/schema\\\/logo\\\/image\\\/\",\"url\":\"https:\\\/\\\/schweizversand.ch\\\/wp-content\\\/uploads\\\/2026\\\/03\\\/Logo_Rund_Final-1.png\",\"contentUrl\":\"https:\\\/\\\/schweizversand.ch\\\/wp-content\\\/uploads\\\/2026\\\/03\\\/Logo_Rund_Final-1.png\",\"width\":404,\"height\":404,\"caption\":\"Schweizversand.ch\"},\"image\":{\"@id\":\"https:\\\/\\\/schweizversand.ch\\\/fr\\\/#\\\/schema\\\/logo\\\/image\\\/\"},\"sameAs\":[\"https:\\\/\\\/www.facebook.com\\\/Schweizversand\",\"https:\\\/\\\/www.instagram.com\\\/schweizversand.ch\\\/\"]}]}<\/script>\n<!-- \/ Yoast SEO plugin. -->","yoast_head_json":{"title":"Winmau Barbarian Steel Dartpfeile 20G","description":"Entdecken Sie die perfekte Kombination aus Technologie und Pr\u00e4zision mit den Tungsten-Style Darts, gefertigt aus hochwertigem Inox-Stahl. Diese Darts bieten nic","robots":{"index":"index","follow":"follow","max-snippet":"max-snippet:-1","max-image-preview":"max-image-preview:large","max-video-preview":"max-video-preview:-1"},"canonical":"https:\/\/schweizversand.ch\/fr\/produkt\/winmau-barbarian-steel-dartpfeile-20g\/","og_locale":"fr_FR","og_type":"article","og_title":"Winmau Barbarian Steel Dartpfeile 20G","og_description":"Entdecken Sie die perfekte Kombination aus Technologie und Pr\u00e4zision mit den Tungsten-Style Darts, gefertigt aus hochwertigem Inox-Stahl. Diese Darts bieten nic","og_url":"https:\/\/schweizversand.ch\/fr\/produkt\/winmau-barbarian-steel-dartpfeile-20g\/","og_site_name":"Schweizer Shop f\u00fcr Sport, Spiel und Freizeit","article_publisher":"https:\/\/www.facebook.com\/Schweizversand","article_modified_time":"2026-04-19T00:05:10+00:00","og_image":[{"width":1024,"height":1024,"url":"https:\/\/schweizversand.ch\/wp-content\/uploads\/2026\/02\/5471831597.jpg","type":"image\/jpeg"}],"twitter_card":"summary_large_image","twitter_misc":{"Dur\u00e9e de lecture estim\u00e9e":"1 minute"},"schema":{"@context":"https:\/\/schema.org","@graph":[{"@type":"WebPage","@id":"https:\/\/schweizversand.ch\/fr\/produkt\/winmau-barbarian-steel-dartpfeile-20g\/","url":"https:\/\/schweizversand.ch\/fr\/produkt\/winmau-barbarian-steel-dartpfeile-20g\/","name":"Winmau Barbarian Steel Dartpfeile 20G","isPartOf":{"@id":"https:\/\/schweizversand.ch\/fr\/#website"},"primaryImageOfPage":{"@id":"https:\/\/schweizversand.ch\/fr\/produkt\/winmau-barbarian-steel-dartpfeile-20g\/#primaryimage"},"image":{"@id":"https:\/\/schweizversand.ch\/fr\/produkt\/winmau-barbarian-steel-dartpfeile-20g\/#primaryimage"},"thumbnailUrl":"https:\/\/schweizversand.ch\/wp-content\/uploads\/2026\/02\/5471831597.jpg","datePublished":"2026-03-14T23:56:46+00:00","dateModified":"2026-04-19T00:05:10+00:00","description":"Entdecken Sie die perfekte Kombination aus Technologie und Pr\u00e4zision mit den Tungsten-Style Darts, gefertigt aus hochwertigem Inox-Stahl. Diese Darts bieten nic","breadcrumb":{"@id":"https:\/\/schweizversand.ch\/fr\/produkt\/winmau-barbarian-steel-dartpfeile-20g\/#breadcrumb"},"inLanguage":"fr-FR","potentialAction":[{"@type":"ReadAction","target":["https:\/\/schweizversand.ch\/fr\/produkt\/winmau-barbarian-steel-dartpfeile-20g\/"]}]},{"@type":"ImageObject","inLanguage":"fr-FR","@id":"https:\/\/schweizversand.ch\/fr\/produkt\/winmau-barbarian-steel-dartpfeile-20g\/#primaryimage","url":"https:\/\/schweizversand.ch\/wp-content\/uploads\/2026\/02\/5471831597.jpg","contentUrl":"https:\/\/schweizversand.ch\/wp-content\/uploads\/2026\/02\/5471831597.jpg","width":1024,"height":1024},{"@type":"BreadcrumbList","@id":"https:\/\/schweizversand.ch\/fr\/produkt\/winmau-barbarian-steel-dartpfeile-20g\/#breadcrumb","itemListElement":[{"@type":"ListItem","position":1,"name":"Startseite","item":"https:\/\/schweizversand.ch\/fr\/home\/"},{"@type":"ListItem","position":2,"name":"Boutique","item":"https:\/\/schweizversand.ch\/fr\/boutique\/"},{"@type":"ListItem","position":3,"name":"Sports","item":"https:\/\/schweizversand.ch\/fr\/produkt-kategorie\/sports\/"},{"@type":"ListItem","position":4,"name":"sports de balle et fl\u00e9chettes","item":"https:\/\/schweizversand.ch\/fr\/produkt-kategorie\/sports\/sports-de-balle-et-flechettes\/"},{"@type":"ListItem","position":5,"name":"Dart","item":"https:\/\/schweizversand.ch\/fr\/produkt-kategorie\/sports\/sports-de-balle-et-flechettes\/dart\/"},{"@type":"ListItem","position":6,"name":"Fl\u00e9chettes Winmau Barbarian Steel 20G"}]},{"@type":"WebSite","@id":"https:\/\/schweizversand.ch\/fr\/#website","url":"https:\/\/schweizversand.ch\/fr\/","name":"Schweizer Shop f\u00fcr Sport, Spiel und Freizeit","description":"Gratisversand ab 50.- (netto), ab eigenem schweizer Lager, Lieferung innert 48h","publisher":{"@id":"https:\/\/schweizversand.ch\/fr\/#organization"},"alternateName":"Schweizversand.ch","potentialAction":[{"@type":"SearchAction","target":{"@type":"EntryPoint","urlTemplate":"https:\/\/schweizversand.ch\/fr\/?s={search_term_string}"},"query-input":{"@type":"PropertyValueSpecification","valueRequired":true,"valueName":"search_term_string"}}],"inLanguage":"fr-FR"},{"@type":"Organization","@id":"https:\/\/schweizversand.ch\/fr\/#organization","name":"Schweizversand.ch","url":"https:\/\/schweizversand.ch\/fr\/","logo":{"@type":"ImageObject","inLanguage":"fr-FR","@id":"https:\/\/schweizversand.ch\/fr\/#\/schema\/logo\/image\/","url":"https:\/\/schweizversand.ch\/wp-content\/uploads\/2026\/03\/Logo_Rund_Final-1.png","contentUrl":"https:\/\/schweizversand.ch\/wp-content\/uploads\/2026\/03\/Logo_Rund_Final-1.png","width":404,"height":404,"caption":"Schweizversand.ch"},"image":{"@id":"https:\/\/schweizversand.ch\/fr\/#\/schema\/logo\/image\/"},"sameAs":["https:\/\/www.facebook.com\/Schweizversand","https:\/\/www.instagram.com\/schweizversand.ch\/"]}]}},"jetpack_sharing_enabled":true,"_links":{"self":[{"href":"https:\/\/schweizversand.ch\/fr\/wp-json\/wp\/v2\/product\/260277","targetHints":{"allow":["GET"]}}],"collection":[{"href":"https:\/\/schweizversand.ch\/fr\/wp-json\/wp\/v2\/product"}],"about":[{"href":"https:\/\/schweizversand.ch\/fr\/wp-json\/wp\/v2\/types\/product"}],"replies":[{"embeddable":true,"href":"https:\/\/schweizversand.ch\/fr\/wp-json\/wp\/v2\/comments?post=260277"}],"wp:featuredmedia":[{"embeddable":true,"href":"https:\/\/schweizversand.ch\/fr\/wp-json\/wp\/v2\/media\/163491"}],"wp:attachment":[{"href":"https:\/\/schweizversand.ch\/fr\/wp-json\/wp\/v2\/media?parent=260277"}],"wp:term":[{"taxonomy":"product_brand","embeddable":true,"href":"https:\/\/schweizversand.ch\/fr\/wp-json\/wp\/v2\/product_brand?post=260277"},{"taxonomy":"product_cat","embeddable":true,"href":"https:\/\/schweizversand.ch\/fr\/wp-json\/wp\/v2\/product_cat?post=260277"},{"taxonomy":"product_tag","embeddable":true,"href":"https:\/\/schweizversand.ch\/fr\/wp-json\/wp\/v2\/product_tag?post=260277"}],"curies":[{"name":"wp","href":"https:\/\/api.w.org\/{rel}","templated":true}]}}