{"id":260280,"date":"2026-03-15T00:28:39","date_gmt":"2026-03-14T23:28:39","guid":{"rendered":"https:\/\/schweizversand.ch\/produkt\/unicorn-vanguard-dart-tasche-2\/"},"modified":"2026-04-19T15:35:45","modified_gmt":"2026-04-19T13:35:45","slug":"unicorn-vanguard-dart-tasche-2","status":"publish","type":"product","link":"https:\/\/schweizversand.ch\/fr\/produkt\/unicorn-vanguard-dart-tasche-2\/","title":{"rendered":"Sac \u00e0 fl\u00e9chettes Unicorn Vanguard"},"content":{"rendered":"<h1><strong>Portefeuille de fl\u00e9chettes Vanguard Small \u2013 Portefeuille compact haut de gamme<\/strong><\/h1>\n<div>Le portefeuille de fl\u00e9chettes Vanguard Small allie design \u00e9l\u00e9gant, fabrication de haute qualit\u00e9 et fonctionnalit\u00e9 maximale dans un format compact. Ce portefeuille haut de gamme a \u00e9t\u00e9 sp\u00e9cialement con\u00e7u pour les joueurs souhaitant transporter leurs fl\u00e9chettes et accessoires en toute s\u00e9curit\u00e9, de mani\u00e8re organis\u00e9e et avec style. Assurez-vous que votre \u00e9quipement soit toujours prot\u00e9g\u00e9 de fa\u00e7on optimale.<\/p>\n<\/div>\n<div><strong>Organisation parfaite pour vos fl\u00e9chettes<\/strong><br \/>Avec le portefeuille de fl\u00e9chettes Vanguard Small, vous disposez d&rsquo;un espace de rangement suffisant pour votre \u00e9quipement de fl\u00e9chettes le plus important. Il peut contenir <strong>un jeu de fl\u00e9chettes enti\u00e8rement assembl\u00e9<\/strong>, vous permettant ainsi de jouer imm\u00e9diatement. De plus, des compartiments et supports sp\u00e9ciaux garantissent une organisation parfaite de tous vos petits accessoires.<\/p>\n<\/div>\n<div><strong>Design haut de gamme et confort de transport<\/strong><br \/>L&rsquo;avant du sac arbore l&rsquo;\u00e9l\u00e9gant logo Unicorn et la finition tactile distinctive <strong>Vanguard<\/strong> \u2013 un v\u00e9ritable atout charme lors de vos soir\u00e9es fl\u00e9chettes. Gr\u00e2ce \u00e0 sa dragonne pratique, ce portefeuille se transporte facilement et en toute s\u00e9curit\u00e9, pour un confort optimal.<\/p>\n<\/div>\n<div><strong>Caract\u00e9ristiques compl\u00e8tes<\/strong><br \/>&#8211; Emplacement pour 1 jeu de fl\u00e9chettes assembl\u00e9<br \/>&#8211; 6 compartiments pour les ailettes pour une organisation optimale<br \/>&#8211; 9 porte-tiges pour une organisation maximale<br \/>&#8211; Compartiment zipp\u00e9 suppl\u00e9mentaire pour les accessoires et les pi\u00e8ces de rechange<br \/>&#8211; Design haut de gamme avec logo licorne et finition tactile Vanguard<br \/>&#8211; Dragonne incluse pour un transport confortable<\/p>\n<\/div>\n<div>Procurez-vous ce portefeuille de fl\u00e9chettes Vanguard compact et \u00e9l\u00e9gant pour ranger votre \u00e9quipement de mani\u00e8re professionnelle et s\u00e9curis\u00e9e, et soyez toujours pr\u00eat pour votre prochaine partie.<\/p>\n","protected":false},"excerpt":{"rendered":"<p>Unicorn Vanguard Dart-Tasche sch\u00fctzt Ihr Dart-Set sicher und stilvoll. Kompaktes Premium-Design mit optimaler Organisation f\u00fcr Spieler, die sofort einsatzbereit sein wollen.<\/p>\n","protected":false},"featured_media":163503,"comment_status":"open","ping_status":"closed","template":"","meta":[],"product_brand":[],"product_cat":[38124],"product_tag":[],"class_list":{"0":"post-260280","1":"product","2":"type-product","3":"status-publish","4":"has-post-thumbnail","6":"product_cat-diverses-zubehoer","7":"product_shipping_class-global_methods","9":"first","10":"instock","11":"taxable","12":"shipping-taxable","13":"purchasable","14":"product-type-simple"},"yoast_head":"<!-- This site is optimized with the Yoast SEO plugin v27.4 - https:\/\/yoast.com\/product\/yoast-seo-wordpress\/ -->\n<title>Unicorn Vanguard Dart-Tasche<\/title>\n<meta name=\"description\" content=\"Vanguard Dart-Tasche klein \u2013 Kompaktes Premium-Wallet Das Vanguard Dart-Tasche klein vereint elegantes Design, hochwertige Verarbeitung und maximale Funktionali\" \/>\n<meta name=\"robots\" content=\"index, follow, max-snippet:-1, max-image-preview:large, max-video-preview:-1\" \/>\n<link rel=\"canonical\" href=\"https:\/\/schweizversand.ch\/fr\/produkt\/unicorn-vanguard-dart-tasche-2\/\" \/>\n<meta property=\"og:locale\" content=\"fr_FR\" \/>\n<meta property=\"og:type\" content=\"article\" \/>\n<meta property=\"og:title\" content=\"Unicorn Vanguard Dart-Tasche\" \/>\n<meta property=\"og:description\" content=\"Vanguard Dart-Tasche klein \u2013 Kompaktes Premium-Wallet Das Vanguard Dart-Tasche klein vereint elegantes Design, hochwertige Verarbeitung und maximale Funktionali\" \/>\n<meta property=\"og:url\" content=\"https:\/\/schweizversand.ch\/fr\/produkt\/unicorn-vanguard-dart-tasche-2\/\" \/>\n<meta property=\"og:site_name\" content=\"Schweizer Shop f\u00fcr Sport, Spiel und Freizeit\" \/>\n<meta property=\"article:publisher\" content=\"https:\/\/www.facebook.com\/Schweizversand\" \/>\n<meta property=\"article:modified_time\" content=\"2026-04-19T13:35:45+00:00\" \/>\n<meta property=\"og:image\" content=\"https:\/\/schweizversand.ch\/wp-content\/uploads\/2026\/02\/5472012574.jpg\" \/>\n\t<meta property=\"og:image:width\" content=\"1024\" \/>\n\t<meta property=\"og:image:height\" content=\"1024\" \/>\n\t<meta property=\"og:image:type\" content=\"image\/jpeg\" \/>\n<meta name=\"twitter:card\" content=\"summary_large_image\" \/>\n<meta name=\"twitter:label1\" content=\"Dur\u00e9e de lecture estim\u00e9e\" \/>\n\t<meta name=\"twitter:data1\" content=\"1 minute\" \/>\n<script type=\"application\/ld+json\" class=\"yoast-schema-graph\">{\"@context\":\"https:\\\/\\\/schema.org\",\"@graph\":[{\"@type\":\"WebPage\",\"@id\":\"https:\\\/\\\/schweizversand.ch\\\/fr\\\/produkt\\\/unicorn-vanguard-dart-tasche-2\\\/\",\"url\":\"https:\\\/\\\/schweizversand.ch\\\/fr\\\/produkt\\\/unicorn-vanguard-dart-tasche-2\\\/\",\"name\":\"Unicorn Vanguard Dart-Tasche\",\"isPartOf\":{\"@id\":\"https:\\\/\\\/schweizversand.ch\\\/fr\\\/#website\"},\"primaryImageOfPage\":{\"@id\":\"https:\\\/\\\/schweizversand.ch\\\/fr\\\/produkt\\\/unicorn-vanguard-dart-tasche-2\\\/#primaryimage\"},\"image\":{\"@id\":\"https:\\\/\\\/schweizversand.ch\\\/fr\\\/produkt\\\/unicorn-vanguard-dart-tasche-2\\\/#primaryimage\"},\"thumbnailUrl\":\"https:\\\/\\\/schweizversand.ch\\\/wp-content\\\/uploads\\\/2026\\\/02\\\/5472012574.jpg\",\"datePublished\":\"2026-03-14T23:28:39+00:00\",\"dateModified\":\"2026-04-19T13:35:45+00:00\",\"description\":\"Vanguard Dart-Tasche klein \u2013 Kompaktes Premium-Wallet Das Vanguard Dart-Tasche klein vereint elegantes Design, hochwertige Verarbeitung und maximale Funktionali\",\"breadcrumb\":{\"@id\":\"https:\\\/\\\/schweizversand.ch\\\/fr\\\/produkt\\\/unicorn-vanguard-dart-tasche-2\\\/#breadcrumb\"},\"inLanguage\":\"fr-FR\",\"potentialAction\":[{\"@type\":\"ReadAction\",\"target\":[\"https:\\\/\\\/schweizversand.ch\\\/fr\\\/produkt\\\/unicorn-vanguard-dart-tasche-2\\\/\"]}]},{\"@type\":\"ImageObject\",\"inLanguage\":\"fr-FR\",\"@id\":\"https:\\\/\\\/schweizversand.ch\\\/fr\\\/produkt\\\/unicorn-vanguard-dart-tasche-2\\\/#primaryimage\",\"url\":\"https:\\\/\\\/schweizversand.ch\\\/wp-content\\\/uploads\\\/2026\\\/02\\\/5472012574.jpg\",\"contentUrl\":\"https:\\\/\\\/schweizversand.ch\\\/wp-content\\\/uploads\\\/2026\\\/02\\\/5472012574.jpg\",\"width\":1024,\"height\":1024},{\"@type\":\"BreadcrumbList\",\"@id\":\"https:\\\/\\\/schweizversand.ch\\\/fr\\\/produkt\\\/unicorn-vanguard-dart-tasche-2\\\/#breadcrumb\",\"itemListElement\":[{\"@type\":\"ListItem\",\"position\":1,\"name\":\"Startseite\",\"item\":\"https:\\\/\\\/schweizversand.ch\\\/fr\\\/home\\\/\"},{\"@type\":\"ListItem\",\"position\":2,\"name\":\"Boutique\",\"item\":\"https:\\\/\\\/schweizversand.ch\\\/fr\\\/boutique\\\/\"},{\"@type\":\"ListItem\",\"position\":3,\"name\":\"Sports\",\"item\":\"https:\\\/\\\/schweizversand.ch\\\/fr\\\/produkt-kategorie\\\/sports\\\/\"},{\"@type\":\"ListItem\",\"position\":4,\"name\":\"sports de balle et fl\u00e9chettes\",\"item\":\"https:\\\/\\\/schweizversand.ch\\\/fr\\\/produkt-kategorie\\\/sports\\\/sports-de-balle-et-flechettes\\\/\"},{\"@type\":\"ListItem\",\"position\":5,\"name\":\"Divers et accessoires\",\"item\":\"https:\\\/\\\/schweizversand.ch\\\/fr\\\/produkt-kategorie\\\/sports\\\/sports-de-balle-et-flechettes\\\/diverses-zubehoer\\\/\"},{\"@type\":\"ListItem\",\"position\":6,\"name\":\"Sac \u00e0 fl\u00e9chettes Unicorn Vanguard\"}]},{\"@type\":\"WebSite\",\"@id\":\"https:\\\/\\\/schweizversand.ch\\\/fr\\\/#website\",\"url\":\"https:\\\/\\\/schweizversand.ch\\\/fr\\\/\",\"name\":\"Schweizer Shop f\u00fcr Sport, Spiel und Freizeit\",\"description\":\"Gratisversand ab 50.- (netto), ab eigenem schweizer Lager, Lieferung innert 48h\",\"publisher\":{\"@id\":\"https:\\\/\\\/schweizversand.ch\\\/fr\\\/#organization\"},\"alternateName\":\"Schweizversand.ch\",\"potentialAction\":[{\"@type\":\"SearchAction\",\"target\":{\"@type\":\"EntryPoint\",\"urlTemplate\":\"https:\\\/\\\/schweizversand.ch\\\/fr\\\/?s={search_term_string}\"},\"query-input\":{\"@type\":\"PropertyValueSpecification\",\"valueRequired\":true,\"valueName\":\"search_term_string\"}}],\"inLanguage\":\"fr-FR\"},{\"@type\":\"Organization\",\"@id\":\"https:\\\/\\\/schweizversand.ch\\\/fr\\\/#organization\",\"name\":\"Schweizversand.ch\",\"url\":\"https:\\\/\\\/schweizversand.ch\\\/fr\\\/\",\"logo\":{\"@type\":\"ImageObject\",\"inLanguage\":\"fr-FR\",\"@id\":\"https:\\\/\\\/schweizversand.ch\\\/fr\\\/#\\\/schema\\\/logo\\\/image\\\/\",\"url\":\"https:\\\/\\\/schweizversand.ch\\\/wp-content\\\/uploads\\\/2026\\\/03\\\/Logo_Rund_Final-1.png\",\"contentUrl\":\"https:\\\/\\\/schweizversand.ch\\\/wp-content\\\/uploads\\\/2026\\\/03\\\/Logo_Rund_Final-1.png\",\"width\":404,\"height\":404,\"caption\":\"Schweizversand.ch\"},\"image\":{\"@id\":\"https:\\\/\\\/schweizversand.ch\\\/fr\\\/#\\\/schema\\\/logo\\\/image\\\/\"},\"sameAs\":[\"https:\\\/\\\/www.facebook.com\\\/Schweizversand\",\"https:\\\/\\\/www.instagram.com\\\/schweizversand.ch\\\/\"]}]}<\/script>\n<!-- \/ Yoast SEO plugin. -->","yoast_head_json":{"title":"Unicorn Vanguard Dart-Tasche","description":"Vanguard Dart-Tasche klein \u2013 Kompaktes Premium-Wallet Das Vanguard Dart-Tasche klein vereint elegantes Design, hochwertige Verarbeitung und maximale Funktionali","robots":{"index":"index","follow":"follow","max-snippet":"max-snippet:-1","max-image-preview":"max-image-preview:large","max-video-preview":"max-video-preview:-1"},"canonical":"https:\/\/schweizversand.ch\/fr\/produkt\/unicorn-vanguard-dart-tasche-2\/","og_locale":"fr_FR","og_type":"article","og_title":"Unicorn Vanguard Dart-Tasche","og_description":"Vanguard Dart-Tasche klein \u2013 Kompaktes Premium-Wallet Das Vanguard Dart-Tasche klein vereint elegantes Design, hochwertige Verarbeitung und maximale Funktionali","og_url":"https:\/\/schweizversand.ch\/fr\/produkt\/unicorn-vanguard-dart-tasche-2\/","og_site_name":"Schweizer Shop f\u00fcr Sport, Spiel und Freizeit","article_publisher":"https:\/\/www.facebook.com\/Schweizversand","article_modified_time":"2026-04-19T13:35:45+00:00","og_image":[{"width":1024,"height":1024,"url":"https:\/\/schweizversand.ch\/wp-content\/uploads\/2026\/02\/5472012574.jpg","type":"image\/jpeg"}],"twitter_card":"summary_large_image","twitter_misc":{"Dur\u00e9e de lecture estim\u00e9e":"1 minute"},"schema":{"@context":"https:\/\/schema.org","@graph":[{"@type":"WebPage","@id":"https:\/\/schweizversand.ch\/fr\/produkt\/unicorn-vanguard-dart-tasche-2\/","url":"https:\/\/schweizversand.ch\/fr\/produkt\/unicorn-vanguard-dart-tasche-2\/","name":"Unicorn Vanguard Dart-Tasche","isPartOf":{"@id":"https:\/\/schweizversand.ch\/fr\/#website"},"primaryImageOfPage":{"@id":"https:\/\/schweizversand.ch\/fr\/produkt\/unicorn-vanguard-dart-tasche-2\/#primaryimage"},"image":{"@id":"https:\/\/schweizversand.ch\/fr\/produkt\/unicorn-vanguard-dart-tasche-2\/#primaryimage"},"thumbnailUrl":"https:\/\/schweizversand.ch\/wp-content\/uploads\/2026\/02\/5472012574.jpg","datePublished":"2026-03-14T23:28:39+00:00","dateModified":"2026-04-19T13:35:45+00:00","description":"Vanguard Dart-Tasche klein \u2013 Kompaktes Premium-Wallet Das Vanguard Dart-Tasche klein vereint elegantes Design, hochwertige Verarbeitung und maximale Funktionali","breadcrumb":{"@id":"https:\/\/schweizversand.ch\/fr\/produkt\/unicorn-vanguard-dart-tasche-2\/#breadcrumb"},"inLanguage":"fr-FR","potentialAction":[{"@type":"ReadAction","target":["https:\/\/schweizversand.ch\/fr\/produkt\/unicorn-vanguard-dart-tasche-2\/"]}]},{"@type":"ImageObject","inLanguage":"fr-FR","@id":"https:\/\/schweizversand.ch\/fr\/produkt\/unicorn-vanguard-dart-tasche-2\/#primaryimage","url":"https:\/\/schweizversand.ch\/wp-content\/uploads\/2026\/02\/5472012574.jpg","contentUrl":"https:\/\/schweizversand.ch\/wp-content\/uploads\/2026\/02\/5472012574.jpg","width":1024,"height":1024},{"@type":"BreadcrumbList","@id":"https:\/\/schweizversand.ch\/fr\/produkt\/unicorn-vanguard-dart-tasche-2\/#breadcrumb","itemListElement":[{"@type":"ListItem","position":1,"name":"Startseite","item":"https:\/\/schweizversand.ch\/fr\/home\/"},{"@type":"ListItem","position":2,"name":"Boutique","item":"https:\/\/schweizversand.ch\/fr\/boutique\/"},{"@type":"ListItem","position":3,"name":"Sports","item":"https:\/\/schweizversand.ch\/fr\/produkt-kategorie\/sports\/"},{"@type":"ListItem","position":4,"name":"sports de balle et fl\u00e9chettes","item":"https:\/\/schweizversand.ch\/fr\/produkt-kategorie\/sports\/sports-de-balle-et-flechettes\/"},{"@type":"ListItem","position":5,"name":"Divers et accessoires","item":"https:\/\/schweizversand.ch\/fr\/produkt-kategorie\/sports\/sports-de-balle-et-flechettes\/diverses-zubehoer\/"},{"@type":"ListItem","position":6,"name":"Sac \u00e0 fl\u00e9chettes Unicorn Vanguard"}]},{"@type":"WebSite","@id":"https:\/\/schweizversand.ch\/fr\/#website","url":"https:\/\/schweizversand.ch\/fr\/","name":"Schweizer Shop f\u00fcr Sport, Spiel und Freizeit","description":"Gratisversand ab 50.- (netto), ab eigenem schweizer Lager, Lieferung innert 48h","publisher":{"@id":"https:\/\/schweizversand.ch\/fr\/#organization"},"alternateName":"Schweizversand.ch","potentialAction":[{"@type":"SearchAction","target":{"@type":"EntryPoint","urlTemplate":"https:\/\/schweizversand.ch\/fr\/?s={search_term_string}"},"query-input":{"@type":"PropertyValueSpecification","valueRequired":true,"valueName":"search_term_string"}}],"inLanguage":"fr-FR"},{"@type":"Organization","@id":"https:\/\/schweizversand.ch\/fr\/#organization","name":"Schweizversand.ch","url":"https:\/\/schweizversand.ch\/fr\/","logo":{"@type":"ImageObject","inLanguage":"fr-FR","@id":"https:\/\/schweizversand.ch\/fr\/#\/schema\/logo\/image\/","url":"https:\/\/schweizversand.ch\/wp-content\/uploads\/2026\/03\/Logo_Rund_Final-1.png","contentUrl":"https:\/\/schweizversand.ch\/wp-content\/uploads\/2026\/03\/Logo_Rund_Final-1.png","width":404,"height":404,"caption":"Schweizversand.ch"},"image":{"@id":"https:\/\/schweizversand.ch\/fr\/#\/schema\/logo\/image\/"},"sameAs":["https:\/\/www.facebook.com\/Schweizversand","https:\/\/www.instagram.com\/schweizversand.ch\/"]}]}},"jetpack_sharing_enabled":true,"_links":{"self":[{"href":"https:\/\/schweizversand.ch\/fr\/wp-json\/wp\/v2\/product\/260280","targetHints":{"allow":["GET"]}}],"collection":[{"href":"https:\/\/schweizversand.ch\/fr\/wp-json\/wp\/v2\/product"}],"about":[{"href":"https:\/\/schweizversand.ch\/fr\/wp-json\/wp\/v2\/types\/product"}],"replies":[{"embeddable":true,"href":"https:\/\/schweizversand.ch\/fr\/wp-json\/wp\/v2\/comments?post=260280"}],"wp:featuredmedia":[{"embeddable":true,"href":"https:\/\/schweizversand.ch\/fr\/wp-json\/wp\/v2\/media\/163503"}],"wp:attachment":[{"href":"https:\/\/schweizversand.ch\/fr\/wp-json\/wp\/v2\/media?parent=260280"}],"wp:term":[{"taxonomy":"product_brand","embeddable":true,"href":"https:\/\/schweizversand.ch\/fr\/wp-json\/wp\/v2\/product_brand?post=260280"},{"taxonomy":"product_cat","embeddable":true,"href":"https:\/\/schweizversand.ch\/fr\/wp-json\/wp\/v2\/product_cat?post=260280"},{"taxonomy":"product_tag","embeddable":true,"href":"https:\/\/schweizversand.ch\/fr\/wp-json\/wp\/v2\/product_tag?post=260280"}],"curies":[{"name":"wp","href":"https:\/\/api.w.org\/{rel}","templated":true}]}}