{"id":260283,"date":"2026-03-22T02:00:55","date_gmt":"2026-03-22T01:00:55","guid":{"rendered":"https:\/\/schweizversand.ch\/produkt\/unicorn-gary-anderson-phase-6-wraith-steel-tip-dart-90-tungsten-3\/"},"modified":"2026-04-19T02:05:10","modified_gmt":"2026-04-19T00:05:10","slug":"unicorn-gary-anderson-phase-6-wraith-steel-tip-dart-90-tungsten-3","status":"publish","type":"product","link":"https:\/\/schweizversand.ch\/fr\/produkt\/unicorn-gary-anderson-phase-6-wraith-steel-tip-dart-90-tungsten-3\/","title":{"rendered":"Fl\u00e9chette Unicorn Gary Anderson Phase 6 Wraith \u00e0 pointe acier 90 % tungst\u00e8ne"},"content":{"rendered":"<h1><strong>Fl\u00e9chettes Unicorn Gary Anderson Phase 6 Wraith \u00e0 pointe acier 90 % tungst\u00e8ne<\/strong><\/h1>\n<div>D\u00e9couvrez le summum du jeu de fl\u00e9chettes avec les fl\u00e9chettes Unicorn Gary Anderson Phase 6 Wraith \u00e0 pointe acier. D\u00e9velopp\u00e9es en collaboration avec le double champion du monde Gary Anderson, ces fl\u00e9chettes professionnelles offrent une combinaison r\u00e9volutionnaire de design innovant et de pr\u00e9cision in\u00e9gal\u00e9e. Si vous souhaitez passer au niveau sup\u00e9rieur, ce set est le choix id\u00e9al.<\/p>\n<\/div>\n<div><strong>L&rsquo;innovation au service de la performance de classe mondiale<\/strong><br \/>Les fl\u00e9chettes Gary Anderson Phase 6 s&rsquo;appuient sur le succ\u00e8s de la poign\u00e9e Wraith\u00ae r\u00e9volutionnaire. Ces fl\u00e9chettes allient une innovation audacieuse aux performances d&rsquo;\u00e9lite qui font la renomm\u00e9e d&rsquo;Anderson. Le corps en tungst\u00e8ne \u00e0 90 % est id\u00e9alement con\u00e7u pour les joueurs confirm\u00e9s et comp\u00e9titifs et pr\u00e9sente un profil avant renforc\u00e9 pour une stabilit\u00e9 accrue et une trajectoire optimale. La poign\u00e9e Wraith r\u00e9volutionnaire\u00a0: au c\u0153ur de ces fl\u00e9chettes Unicorn Gary Anderson se trouve la poign\u00e9e Wraith\u00ae usin\u00e9e avec pr\u00e9cision. Strat\u00e9giquement positionn\u00e9 \u00e0 l&rsquo;arri\u00e8re du corps de la fl\u00e9chette, il optimise le contr\u00f4le \u00e0 chaque lancer. L&rsquo;association d&rsquo;un mat\u00e9riau de haute qualit\u00e9 (90 % tungst\u00e8ne) et d&rsquo;une prise en main sp\u00e9cifique permet d&rsquo;obtenir des scores \u00e9lev\u00e9s et constants. La surface est rev\u00eatue d&rsquo;un traitement PVD noir mat, qui lui conf\u00e8re une esth\u00e9tique moderne et une durabilit\u00e9 accrue. Contr\u00f4le et visibilit\u00e9 optimaux\u00a0: les fl\u00e9chettes Gary Anderson Phase 6 sont \u00e9quip\u00e9es de pointes Volute\u00ae noires brevet\u00e9es. Ces fl\u00e9chettes \u00e0 pointe en acier offrent une adh\u00e9rence sup\u00e9rieure dans le sisal et minimisent les risques de rebond. Les tubes Gripper\u00ae 4 vert fluo, associ\u00e9s aux ailettes UltraFly\u2122 en forme de \u00ab\u00a0PLUS\u00a0\u00bb, offrent un look moderne et attrayant, vous assurant de faire sensation sur le pas de tir.<\/p>\n<\/div>\n<div><strong>Vos \u200b\u200bavantages en un coup d&rsquo;\u0153il<\/strong><br \/>&#8211; Con\u00e7u et recommand\u00e9 par Gary \u00ab\u00a0The Flying Scotsman\u00a0\u00bb Anderson, double champion du monde<br \/>&#8211; Id\u00e9al pour les joueurs confirm\u00e9s recherchant une pr\u00e9cision ultime<br \/>&#8211; Technologie innovante Wraith\u00ae Grip pour un contr\u00f4le maximal<br \/>&#8211; Corps en tungst\u00e8ne \u00e0 90\u00a0% de haute qualit\u00e9, avec la forme signature Phase 6<br \/>&#8211; Pointes brevet\u00e9es Volute\u00ae Black Steel pour une adh\u00e9rence optimale<br \/>&#8211; Tubes Gripper\u00ae 4 vert fluo et ailettes UltraFly\u2122 du plus bel effet<\/p>\n<\/div>\n<div><strong>Caract\u00e9ristiques techniques (21\u00a0g)<\/strong><br \/>&#8211; Poids\u00a0: 21\u00a0g<br \/>&#8211; Longueur du corps\u00a0: 46,3\u00a0mm<br \/>&#8211; Diam\u00e8tre du corps\u00a0: 7,2 mm<br \/>&#8211; Mat\u00e9riau\u00a0: 90\u00a0% tungst\u00e8ne<\/p>\n<\/div>\n<div>Am\u00e9liorez vos performances avec ces fl\u00e9chettes <strong>Unicorn Gary Anderson Phase 6<\/strong>. L&rsquo;alliance du design <strong>Wraith Grip Darts<\/strong> et de la construction professionnelle en tungst\u00e8ne vous offre l&rsquo;outil id\u00e9al pour dominer vos adversaires. Commandez d\u00e8s maintenant et d\u00e9couvrez la diff\u00e9rence qu&rsquo;apporte un \u00e9quipement de classe mondiale.<\/p>\n<\/div>\n<div><\/div>\n","protected":false},"excerpt":{"rendered":"<p>Unicorn Gary Anderson Phase 6 Wraith Steel Tip Dart 90% Tungsten bietet Profi-Pr\u00e4zision und innovatives Design f\u00fcr ambitionierte Spieler, die ihr Dartspiel auf Weltklasse-Niveau heben wol&#8230;<\/p>\n","protected":false},"featured_media":258679,"comment_status":"open","ping_status":"closed","template":"","meta":[],"product_brand":[],"product_cat":[39188],"product_tag":[],"class_list":{"0":"post-260283","1":"product","2":"type-product","3":"status-publish","4":"has-post-thumbnail","6":"product_cat-dart","7":"product_shipping_class-global_methods","9":"first","10":"instock","11":"taxable","12":"shipping-taxable","13":"purchasable","14":"product-type-simple"},"yoast_head":"<!-- This site is optimized with the Yoast SEO plugin v27.4 - https:\/\/yoast.com\/product\/yoast-seo-wordpress\/ -->\n<title>Unicorn Gary Anderson Phase 6 Wraith Steel Tip Dart 90% Tungsten<\/title>\n<meta name=\"description\" content=\"Unicorn Gary Anderson Phase 6 Wraith Steel Tip Dart 90% Tungsten Erleben Sie die Perfektion des Dartsports mit den Unicorn Gary Anderson Phase 6 Wraith Steel Ti\" \/>\n<meta name=\"robots\" content=\"index, follow, max-snippet:-1, max-image-preview:large, max-video-preview:-1\" \/>\n<link rel=\"canonical\" href=\"https:\/\/schweizversand.ch\/fr\/produkt\/unicorn-gary-anderson-phase-6-wraith-steel-tip-dart-90-tungsten-3\/\" \/>\n<meta property=\"og:locale\" content=\"fr_FR\" \/>\n<meta property=\"og:type\" content=\"article\" \/>\n<meta property=\"og:title\" content=\"Unicorn Gary Anderson Phase 6 Wraith Steel Tip Dart 90% Tungsten\" \/>\n<meta property=\"og:description\" content=\"Unicorn Gary Anderson Phase 6 Wraith Steel Tip Dart 90% Tungsten Erleben Sie die Perfektion des Dartsports mit den Unicorn Gary Anderson Phase 6 Wraith Steel Ti\" \/>\n<meta property=\"og:url\" content=\"https:\/\/schweizversand.ch\/fr\/produkt\/unicorn-gary-anderson-phase-6-wraith-steel-tip-dart-90-tungsten-3\/\" \/>\n<meta property=\"og:site_name\" content=\"Schweizer Shop f\u00fcr Sport, Spiel und Freizeit\" \/>\n<meta property=\"article:publisher\" content=\"https:\/\/www.facebook.com\/Schweizversand\" \/>\n<meta property=\"article:modified_time\" content=\"2026-04-19T00:05:10+00:00\" \/>\n<meta property=\"og:image\" content=\"https:\/\/schweizversand.ch\/wp-content\/uploads\/2026\/03\/5472100486.jpg\" \/>\n\t<meta property=\"og:image:width\" content=\"1024\" \/>\n\t<meta property=\"og:image:height\" content=\"1024\" \/>\n\t<meta property=\"og:image:type\" content=\"image\/jpeg\" \/>\n<meta name=\"twitter:card\" content=\"summary_large_image\" \/>\n<meta name=\"twitter:label1\" content=\"Dur\u00e9e de lecture estim\u00e9e\" \/>\n\t<meta name=\"twitter:data1\" content=\"2 minutes\" \/>\n<script type=\"application\/ld+json\" class=\"yoast-schema-graph\">{\"@context\":\"https:\\\/\\\/schema.org\",\"@graph\":[{\"@type\":\"WebPage\",\"@id\":\"https:\\\/\\\/schweizversand.ch\\\/fr\\\/produkt\\\/unicorn-gary-anderson-phase-6-wraith-steel-tip-dart-90-tungsten-3\\\/\",\"url\":\"https:\\\/\\\/schweizversand.ch\\\/fr\\\/produkt\\\/unicorn-gary-anderson-phase-6-wraith-steel-tip-dart-90-tungsten-3\\\/\",\"name\":\"Unicorn Gary Anderson Phase 6 Wraith Steel Tip Dart 90% Tungsten\",\"isPartOf\":{\"@id\":\"https:\\\/\\\/schweizversand.ch\\\/fr\\\/#website\"},\"primaryImageOfPage\":{\"@id\":\"https:\\\/\\\/schweizversand.ch\\\/fr\\\/produkt\\\/unicorn-gary-anderson-phase-6-wraith-steel-tip-dart-90-tungsten-3\\\/#primaryimage\"},\"image\":{\"@id\":\"https:\\\/\\\/schweizversand.ch\\\/fr\\\/produkt\\\/unicorn-gary-anderson-phase-6-wraith-steel-tip-dart-90-tungsten-3\\\/#primaryimage\"},\"thumbnailUrl\":\"https:\\\/\\\/schweizversand.ch\\\/wp-content\\\/uploads\\\/2026\\\/03\\\/5472100486.jpg\",\"datePublished\":\"2026-03-22T01:00:55+00:00\",\"dateModified\":\"2026-04-19T00:05:10+00:00\",\"description\":\"Unicorn Gary Anderson Phase 6 Wraith Steel Tip Dart 90% Tungsten Erleben Sie die Perfektion des Dartsports mit den Unicorn Gary Anderson Phase 6 Wraith Steel Ti\",\"breadcrumb\":{\"@id\":\"https:\\\/\\\/schweizversand.ch\\\/fr\\\/produkt\\\/unicorn-gary-anderson-phase-6-wraith-steel-tip-dart-90-tungsten-3\\\/#breadcrumb\"},\"inLanguage\":\"fr-FR\",\"potentialAction\":[{\"@type\":\"ReadAction\",\"target\":[\"https:\\\/\\\/schweizversand.ch\\\/fr\\\/produkt\\\/unicorn-gary-anderson-phase-6-wraith-steel-tip-dart-90-tungsten-3\\\/\"]}]},{\"@type\":\"ImageObject\",\"inLanguage\":\"fr-FR\",\"@id\":\"https:\\\/\\\/schweizversand.ch\\\/fr\\\/produkt\\\/unicorn-gary-anderson-phase-6-wraith-steel-tip-dart-90-tungsten-3\\\/#primaryimage\",\"url\":\"https:\\\/\\\/schweizversand.ch\\\/wp-content\\\/uploads\\\/2026\\\/03\\\/5472100486.jpg\",\"contentUrl\":\"https:\\\/\\\/schweizversand.ch\\\/wp-content\\\/uploads\\\/2026\\\/03\\\/5472100486.jpg\",\"width\":1024,\"height\":1024},{\"@type\":\"BreadcrumbList\",\"@id\":\"https:\\\/\\\/schweizversand.ch\\\/fr\\\/produkt\\\/unicorn-gary-anderson-phase-6-wraith-steel-tip-dart-90-tungsten-3\\\/#breadcrumb\",\"itemListElement\":[{\"@type\":\"ListItem\",\"position\":1,\"name\":\"Startseite\",\"item\":\"https:\\\/\\\/schweizversand.ch\\\/fr\\\/home\\\/\"},{\"@type\":\"ListItem\",\"position\":2,\"name\":\"Boutique\",\"item\":\"https:\\\/\\\/schweizversand.ch\\\/fr\\\/boutique\\\/\"},{\"@type\":\"ListItem\",\"position\":3,\"name\":\"Sports\",\"item\":\"https:\\\/\\\/schweizversand.ch\\\/fr\\\/produkt-kategorie\\\/sports\\\/\"},{\"@type\":\"ListItem\",\"position\":4,\"name\":\"sports de balle et fl\u00e9chettes\",\"item\":\"https:\\\/\\\/schweizversand.ch\\\/fr\\\/produkt-kategorie\\\/sports\\\/sports-de-balle-et-flechettes\\\/\"},{\"@type\":\"ListItem\",\"position\":5,\"name\":\"Fl\u00e9chettes\",\"item\":\"https:\\\/\\\/schweizversand.ch\\\/fr\\\/produkt-kategorie\\\/dart-2\\\/\"},{\"@type\":\"ListItem\",\"position\":6,\"name\":\"Fl\u00e9chette Unicorn Gary Anderson Phase 6 Wraith \u00e0 pointe acier 90 % tungst\u00e8ne\"}]},{\"@type\":\"WebSite\",\"@id\":\"https:\\\/\\\/schweizversand.ch\\\/fr\\\/#website\",\"url\":\"https:\\\/\\\/schweizversand.ch\\\/fr\\\/\",\"name\":\"Schweizer Shop f\u00fcr Sport, Spiel und Freizeit\",\"description\":\"Gratisversand ab 50.- (netto), ab eigenem schweizer Lager, Lieferung innert 48h\",\"publisher\":{\"@id\":\"https:\\\/\\\/schweizversand.ch\\\/fr\\\/#organization\"},\"alternateName\":\"Schweizversand.ch\",\"potentialAction\":[{\"@type\":\"SearchAction\",\"target\":{\"@type\":\"EntryPoint\",\"urlTemplate\":\"https:\\\/\\\/schweizversand.ch\\\/fr\\\/?s={search_term_string}\"},\"query-input\":{\"@type\":\"PropertyValueSpecification\",\"valueRequired\":true,\"valueName\":\"search_term_string\"}}],\"inLanguage\":\"fr-FR\"},{\"@type\":\"Organization\",\"@id\":\"https:\\\/\\\/schweizversand.ch\\\/fr\\\/#organization\",\"name\":\"Schweizversand.ch\",\"url\":\"https:\\\/\\\/schweizversand.ch\\\/fr\\\/\",\"logo\":{\"@type\":\"ImageObject\",\"inLanguage\":\"fr-FR\",\"@id\":\"https:\\\/\\\/schweizversand.ch\\\/fr\\\/#\\\/schema\\\/logo\\\/image\\\/\",\"url\":\"https:\\\/\\\/schweizversand.ch\\\/wp-content\\\/uploads\\\/2026\\\/03\\\/Logo_Rund_Final-1.png\",\"contentUrl\":\"https:\\\/\\\/schweizversand.ch\\\/wp-content\\\/uploads\\\/2026\\\/03\\\/Logo_Rund_Final-1.png\",\"width\":404,\"height\":404,\"caption\":\"Schweizversand.ch\"},\"image\":{\"@id\":\"https:\\\/\\\/schweizversand.ch\\\/fr\\\/#\\\/schema\\\/logo\\\/image\\\/\"},\"sameAs\":[\"https:\\\/\\\/www.facebook.com\\\/Schweizversand\",\"https:\\\/\\\/www.instagram.com\\\/schweizversand.ch\\\/\"]}]}<\/script>\n<!-- \/ Yoast SEO plugin. -->","yoast_head_json":{"title":"Unicorn Gary Anderson Phase 6 Wraith Steel Tip Dart 90% Tungsten","description":"Unicorn Gary Anderson Phase 6 Wraith Steel Tip Dart 90% Tungsten Erleben Sie die Perfektion des Dartsports mit den Unicorn Gary Anderson Phase 6 Wraith Steel Ti","robots":{"index":"index","follow":"follow","max-snippet":"max-snippet:-1","max-image-preview":"max-image-preview:large","max-video-preview":"max-video-preview:-1"},"canonical":"https:\/\/schweizversand.ch\/fr\/produkt\/unicorn-gary-anderson-phase-6-wraith-steel-tip-dart-90-tungsten-3\/","og_locale":"fr_FR","og_type":"article","og_title":"Unicorn Gary Anderson Phase 6 Wraith Steel Tip Dart 90% Tungsten","og_description":"Unicorn Gary Anderson Phase 6 Wraith Steel Tip Dart 90% Tungsten Erleben Sie die Perfektion des Dartsports mit den Unicorn Gary Anderson Phase 6 Wraith Steel Ti","og_url":"https:\/\/schweizversand.ch\/fr\/produkt\/unicorn-gary-anderson-phase-6-wraith-steel-tip-dart-90-tungsten-3\/","og_site_name":"Schweizer Shop f\u00fcr Sport, Spiel und Freizeit","article_publisher":"https:\/\/www.facebook.com\/Schweizversand","article_modified_time":"2026-04-19T00:05:10+00:00","og_image":[{"width":1024,"height":1024,"url":"https:\/\/schweizversand.ch\/wp-content\/uploads\/2026\/03\/5472100486.jpg","type":"image\/jpeg"}],"twitter_card":"summary_large_image","twitter_misc":{"Dur\u00e9e de lecture estim\u00e9e":"2 minutes"},"schema":{"@context":"https:\/\/schema.org","@graph":[{"@type":"WebPage","@id":"https:\/\/schweizversand.ch\/fr\/produkt\/unicorn-gary-anderson-phase-6-wraith-steel-tip-dart-90-tungsten-3\/","url":"https:\/\/schweizversand.ch\/fr\/produkt\/unicorn-gary-anderson-phase-6-wraith-steel-tip-dart-90-tungsten-3\/","name":"Unicorn Gary Anderson Phase 6 Wraith Steel Tip Dart 90% Tungsten","isPartOf":{"@id":"https:\/\/schweizversand.ch\/fr\/#website"},"primaryImageOfPage":{"@id":"https:\/\/schweizversand.ch\/fr\/produkt\/unicorn-gary-anderson-phase-6-wraith-steel-tip-dart-90-tungsten-3\/#primaryimage"},"image":{"@id":"https:\/\/schweizversand.ch\/fr\/produkt\/unicorn-gary-anderson-phase-6-wraith-steel-tip-dart-90-tungsten-3\/#primaryimage"},"thumbnailUrl":"https:\/\/schweizversand.ch\/wp-content\/uploads\/2026\/03\/5472100486.jpg","datePublished":"2026-03-22T01:00:55+00:00","dateModified":"2026-04-19T00:05:10+00:00","description":"Unicorn Gary Anderson Phase 6 Wraith Steel Tip Dart 90% Tungsten Erleben Sie die Perfektion des Dartsports mit den Unicorn Gary Anderson Phase 6 Wraith Steel Ti","breadcrumb":{"@id":"https:\/\/schweizversand.ch\/fr\/produkt\/unicorn-gary-anderson-phase-6-wraith-steel-tip-dart-90-tungsten-3\/#breadcrumb"},"inLanguage":"fr-FR","potentialAction":[{"@type":"ReadAction","target":["https:\/\/schweizversand.ch\/fr\/produkt\/unicorn-gary-anderson-phase-6-wraith-steel-tip-dart-90-tungsten-3\/"]}]},{"@type":"ImageObject","inLanguage":"fr-FR","@id":"https:\/\/schweizversand.ch\/fr\/produkt\/unicorn-gary-anderson-phase-6-wraith-steel-tip-dart-90-tungsten-3\/#primaryimage","url":"https:\/\/schweizversand.ch\/wp-content\/uploads\/2026\/03\/5472100486.jpg","contentUrl":"https:\/\/schweizversand.ch\/wp-content\/uploads\/2026\/03\/5472100486.jpg","width":1024,"height":1024},{"@type":"BreadcrumbList","@id":"https:\/\/schweizversand.ch\/fr\/produkt\/unicorn-gary-anderson-phase-6-wraith-steel-tip-dart-90-tungsten-3\/#breadcrumb","itemListElement":[{"@type":"ListItem","position":1,"name":"Startseite","item":"https:\/\/schweizversand.ch\/fr\/home\/"},{"@type":"ListItem","position":2,"name":"Boutique","item":"https:\/\/schweizversand.ch\/fr\/boutique\/"},{"@type":"ListItem","position":3,"name":"Sports","item":"https:\/\/schweizversand.ch\/fr\/produkt-kategorie\/sports\/"},{"@type":"ListItem","position":4,"name":"sports de balle et fl\u00e9chettes","item":"https:\/\/schweizversand.ch\/fr\/produkt-kategorie\/sports\/sports-de-balle-et-flechettes\/"},{"@type":"ListItem","position":5,"name":"Fl\u00e9chettes","item":"https:\/\/schweizversand.ch\/fr\/produkt-kategorie\/dart-2\/"},{"@type":"ListItem","position":6,"name":"Fl\u00e9chette Unicorn Gary Anderson Phase 6 Wraith \u00e0 pointe acier 90 % tungst\u00e8ne"}]},{"@type":"WebSite","@id":"https:\/\/schweizversand.ch\/fr\/#website","url":"https:\/\/schweizversand.ch\/fr\/","name":"Schweizer Shop f\u00fcr Sport, Spiel und Freizeit","description":"Gratisversand ab 50.- (netto), ab eigenem schweizer Lager, Lieferung innert 48h","publisher":{"@id":"https:\/\/schweizversand.ch\/fr\/#organization"},"alternateName":"Schweizversand.ch","potentialAction":[{"@type":"SearchAction","target":{"@type":"EntryPoint","urlTemplate":"https:\/\/schweizversand.ch\/fr\/?s={search_term_string}"},"query-input":{"@type":"PropertyValueSpecification","valueRequired":true,"valueName":"search_term_string"}}],"inLanguage":"fr-FR"},{"@type":"Organization","@id":"https:\/\/schweizversand.ch\/fr\/#organization","name":"Schweizversand.ch","url":"https:\/\/schweizversand.ch\/fr\/","logo":{"@type":"ImageObject","inLanguage":"fr-FR","@id":"https:\/\/schweizversand.ch\/fr\/#\/schema\/logo\/image\/","url":"https:\/\/schweizversand.ch\/wp-content\/uploads\/2026\/03\/Logo_Rund_Final-1.png","contentUrl":"https:\/\/schweizversand.ch\/wp-content\/uploads\/2026\/03\/Logo_Rund_Final-1.png","width":404,"height":404,"caption":"Schweizversand.ch"},"image":{"@id":"https:\/\/schweizversand.ch\/fr\/#\/schema\/logo\/image\/"},"sameAs":["https:\/\/www.facebook.com\/Schweizversand","https:\/\/www.instagram.com\/schweizversand.ch\/"]}]}},"jetpack_sharing_enabled":true,"_links":{"self":[{"href":"https:\/\/schweizversand.ch\/fr\/wp-json\/wp\/v2\/product\/260283","targetHints":{"allow":["GET"]}}],"collection":[{"href":"https:\/\/schweizversand.ch\/fr\/wp-json\/wp\/v2\/product"}],"about":[{"href":"https:\/\/schweizversand.ch\/fr\/wp-json\/wp\/v2\/types\/product"}],"replies":[{"embeddable":true,"href":"https:\/\/schweizversand.ch\/fr\/wp-json\/wp\/v2\/comments?post=260283"}],"wp:featuredmedia":[{"embeddable":true,"href":"https:\/\/schweizversand.ch\/fr\/wp-json\/wp\/v2\/media\/258679"}],"wp:attachment":[{"href":"https:\/\/schweizversand.ch\/fr\/wp-json\/wp\/v2\/media?parent=260283"}],"wp:term":[{"taxonomy":"product_brand","embeddable":true,"href":"https:\/\/schweizversand.ch\/fr\/wp-json\/wp\/v2\/product_brand?post=260283"},{"taxonomy":"product_cat","embeddable":true,"href":"https:\/\/schweizversand.ch\/fr\/wp-json\/wp\/v2\/product_cat?post=260283"},{"taxonomy":"product_tag","embeddable":true,"href":"https:\/\/schweizversand.ch\/fr\/wp-json\/wp\/v2\/product_tag?post=260283"}],"curies":[{"name":"wp","href":"https:\/\/api.w.org\/{rel}","templated":true}]}}