{"id":260288,"date":"2026-03-15T00:28:40","date_gmt":"2026-03-14T23:28:40","guid":{"rendered":"https:\/\/schweizversand.ch\/produkt\/unicorn-hexium-steel-tip-dart-90-tungsten-style-1-22g\/"},"modified":"2026-04-19T15:35:46","modified_gmt":"2026-04-19T13:35:46","slug":"unicorn-hexium-steel-tip-dart-90-tungsten-style-1-22g","status":"publish","type":"product","link":"https:\/\/schweizversand.ch\/fr\/produkt\/unicorn-hexium-steel-tip-dart-90-tungsten-style-1-22g\/","title":{"rendered":"Fl\u00e9chette Unicorn Hexium \u00e0 pointe en acier 90 % tungst\u00e8ne &#8211; Mod\u00e8le 1 22 g"},"content":{"rendered":"<h1><strong>Fl\u00e9chettes Unicorn Hexium \u2013 La pr\u00e9cision japonaise pour un lancer parfait<\/strong><\/h1>\n<div>D\u00e9couvrez l&rsquo;\u00e9volution des fl\u00e9chettes avec la fl\u00e9chette Unicorn Hexium, inspir\u00e9e par la perfection de l&rsquo;artisanat japonais. Cette fl\u00e9chette haut de gamme a \u00e9t\u00e9 sp\u00e9cialement con\u00e7ue pour les joueurs comp\u00e9titifs exigeant un \u00e9quilibre et un contr\u00f4le optimaux. Prenez l&rsquo;avantage gr\u00e2ce \u00e0 une technologie innovante et un design esth\u00e9tique.<\/p>\n<\/div>\n<div><strong>Conception et mat\u00e9riaux<\/strong><br \/>Le corps de la fl\u00e9chette est compos\u00e9 \u00e0 90 % de tungst\u00e8ne, offrant une densit\u00e9, un \u00e9quilibre et une durabilit\u00e9 exceptionnels. L&rsquo;\u00e9l\u00e9gant rev\u00eatement PVD noir avec des accents dor\u00e9s souligne l&rsquo;innovation technique tout en assurant une excellente prise en main et une apparence attrayante.<\/p>\n<\/div>\n<div><strong>Technologie de contr\u00f4le et d&rsquo;adh\u00e9rence<\/strong><br \/>La fl\u00e9chette Hexium est optimis\u00e9e pour les joueurs utilisant une prise en revers. La partie arri\u00e8re est dot\u00e9e de d\u00e9coupes en forme d&rsquo;aileron de requin finement frais\u00e9es, garantissant un contr\u00f4le maximal et une pr\u00e9cision de lancer constante. La partie avant, gr\u00e2ce \u00e0 son grip Hexium subtil, permet un positionnement ais\u00e9 des doigts et des lancers fluides, am\u00e9liorant consid\u00e9rablement votre pr\u00e9cision. Caract\u00e9ristiques techniques\u00a0: \u00c9quip\u00e9e de pointes en acier Volute\u00ae brevet\u00e9es, la fl\u00e9chette Hexium r\u00e9duit sensiblement les rebonds et assure une tenue parfaite et ferme dans le sisal. Pour des performances constantes, les composants essentiels sont inclus\u00a0:<br \/>&#8211; Grip Hexium usin\u00e9 avec pr\u00e9cision pour un contr\u00f4le maximal<br \/>&#8211; Corps en tungst\u00e8ne \u00e0 90\u00a0%\u00a0: durable et parfaitement \u00e9quilibr\u00e9<br \/>&#8211; Pointes en acier Volute\u00ae brevet\u00e9es\u00a0: moins de rebonds, tenue ferme<br \/>&#8211; Tiges Gripper\u00ae 4 et ailettes PLUS UltraFly\u2122 incluses<br \/>&#8211; Poids\u00a0: 22\u00a0g<br \/>&#8211; Longueur\u00a0: 45\u00a0mm<br \/>&#8211; Diam\u00e8tre\u00a0: 7,4\u00a0mm<\/p>\n<\/div>\n<div>Faites confiance \u00e0 la <strong>pr\u00e9cision<\/strong> des fl\u00e9chettes Unicorn Hexium et passez au niveau sup\u00e9rieur. Cette fl\u00e9chette repr\u00e9sente l&rsquo;avenir des fl\u00e9chettes et est un incontournable pour tout joueur ambitieux.<\/p>\n<\/div>\n<div><\/div>\n","protected":false},"excerpt":{"rendered":"<p>Unicorn Hexium Steel Tip Dart 90% Tungsten \u2013 Pr\u00e4zision und Kontrolle in Perfektion. Hochwertiges Design und optimale Balance f\u00fcr Wettkampfspieler auf Top-Niveau.<\/p>\n","protected":false},"featured_media":163529,"comment_status":"open","ping_status":"closed","template":"","meta":[],"product_brand":[],"product_cat":[38633],"product_tag":[],"class_list":{"0":"post-260288","1":"product","2":"type-product","3":"status-publish","4":"has-post-thumbnail","6":"product_cat-dart-2","7":"product_shipping_class-global_methods","9":"first","10":"instock","11":"taxable","12":"shipping-taxable","13":"purchasable","14":"product-type-simple"},"yoast_head":"<!-- This site is optimized with the Yoast SEO plugin v27.4 - https:\/\/yoast.com\/product\/yoast-seo-wordpress\/ -->\n<title>Unicorn Hexium Steel Tip Dart 90% Tungsten - Style 1 22G<\/title>\n<meta name=\"description\" content=\"Unicorn Hexium Dart \u2013 Japanische Pr\u00e4zision f\u00fcr den perfekten Wurf Erleben Sie die Evolution des Dartsports mit dem Unicorn Hexium Dart, inspiriert von der Perfe\" \/>\n<meta name=\"robots\" content=\"index, follow, max-snippet:-1, max-image-preview:large, max-video-preview:-1\" \/>\n<link rel=\"canonical\" href=\"https:\/\/schweizversand.ch\/fr\/produkt\/unicorn-hexium-steel-tip-dart-90-tungsten-style-1-22g\/\" \/>\n<meta property=\"og:locale\" content=\"fr_FR\" \/>\n<meta property=\"og:type\" content=\"article\" \/>\n<meta property=\"og:title\" content=\"Unicorn Hexium Steel Tip Dart 90% Tungsten - Style 1 22G\" \/>\n<meta property=\"og:description\" content=\"Unicorn Hexium Dart \u2013 Japanische Pr\u00e4zision f\u00fcr den perfekten Wurf Erleben Sie die Evolution des Dartsports mit dem Unicorn Hexium Dart, inspiriert von der Perfe\" \/>\n<meta property=\"og:url\" content=\"https:\/\/schweizversand.ch\/fr\/produkt\/unicorn-hexium-steel-tip-dart-90-tungsten-style-1-22g\/\" \/>\n<meta property=\"og:site_name\" content=\"Schweizer Shop f\u00fcr Sport, Spiel und Freizeit\" \/>\n<meta property=\"article:publisher\" content=\"https:\/\/www.facebook.com\/Schweizversand\" \/>\n<meta property=\"article:modified_time\" content=\"2026-04-19T13:35:46+00:00\" \/>\n<meta property=\"og:image\" content=\"https:\/\/schweizversand.ch\/wp-content\/uploads\/2026\/02\/5471997940.jpg\" \/>\n\t<meta property=\"og:image:width\" content=\"1024\" \/>\n\t<meta property=\"og:image:height\" content=\"1024\" \/>\n\t<meta property=\"og:image:type\" content=\"image\/jpeg\" \/>\n<meta name=\"twitter:card\" content=\"summary_large_image\" \/>\n<meta name=\"twitter:label1\" content=\"Dur\u00e9e de lecture estim\u00e9e\" \/>\n\t<meta name=\"twitter:data1\" content=\"2 minutes\" \/>\n<script type=\"application\/ld+json\" class=\"yoast-schema-graph\">{\"@context\":\"https:\\\/\\\/schema.org\",\"@graph\":[{\"@type\":\"WebPage\",\"@id\":\"https:\\\/\\\/schweizversand.ch\\\/fr\\\/produkt\\\/unicorn-hexium-steel-tip-dart-90-tungsten-style-1-22g\\\/\",\"url\":\"https:\\\/\\\/schweizversand.ch\\\/fr\\\/produkt\\\/unicorn-hexium-steel-tip-dart-90-tungsten-style-1-22g\\\/\",\"name\":\"Unicorn Hexium Steel Tip Dart 90% Tungsten - Style 1 22G\",\"isPartOf\":{\"@id\":\"https:\\\/\\\/schweizversand.ch\\\/fr\\\/#website\"},\"primaryImageOfPage\":{\"@id\":\"https:\\\/\\\/schweizversand.ch\\\/fr\\\/produkt\\\/unicorn-hexium-steel-tip-dart-90-tungsten-style-1-22g\\\/#primaryimage\"},\"image\":{\"@id\":\"https:\\\/\\\/schweizversand.ch\\\/fr\\\/produkt\\\/unicorn-hexium-steel-tip-dart-90-tungsten-style-1-22g\\\/#primaryimage\"},\"thumbnailUrl\":\"https:\\\/\\\/schweizversand.ch\\\/wp-content\\\/uploads\\\/2026\\\/02\\\/5471997940.jpg\",\"datePublished\":\"2026-03-14T23:28:40+00:00\",\"dateModified\":\"2026-04-19T13:35:46+00:00\",\"description\":\"Unicorn Hexium Dart \u2013 Japanische Pr\u00e4zision f\u00fcr den perfekten Wurf Erleben Sie die Evolution des Dartsports mit dem Unicorn Hexium Dart, inspiriert von der Perfe\",\"breadcrumb\":{\"@id\":\"https:\\\/\\\/schweizversand.ch\\\/fr\\\/produkt\\\/unicorn-hexium-steel-tip-dart-90-tungsten-style-1-22g\\\/#breadcrumb\"},\"inLanguage\":\"fr-FR\",\"potentialAction\":[{\"@type\":\"ReadAction\",\"target\":[\"https:\\\/\\\/schweizversand.ch\\\/fr\\\/produkt\\\/unicorn-hexium-steel-tip-dart-90-tungsten-style-1-22g\\\/\"]}]},{\"@type\":\"ImageObject\",\"inLanguage\":\"fr-FR\",\"@id\":\"https:\\\/\\\/schweizversand.ch\\\/fr\\\/produkt\\\/unicorn-hexium-steel-tip-dart-90-tungsten-style-1-22g\\\/#primaryimage\",\"url\":\"https:\\\/\\\/schweizversand.ch\\\/wp-content\\\/uploads\\\/2026\\\/02\\\/5471997940.jpg\",\"contentUrl\":\"https:\\\/\\\/schweizversand.ch\\\/wp-content\\\/uploads\\\/2026\\\/02\\\/5471997940.jpg\",\"width\":1024,\"height\":1024},{\"@type\":\"BreadcrumbList\",\"@id\":\"https:\\\/\\\/schweizversand.ch\\\/fr\\\/produkt\\\/unicorn-hexium-steel-tip-dart-90-tungsten-style-1-22g\\\/#breadcrumb\",\"itemListElement\":[{\"@type\":\"ListItem\",\"position\":1,\"name\":\"Startseite\",\"item\":\"https:\\\/\\\/schweizversand.ch\\\/fr\\\/home\\\/\"},{\"@type\":\"ListItem\",\"position\":2,\"name\":\"Boutique\",\"item\":\"https:\\\/\\\/schweizversand.ch\\\/fr\\\/boutique\\\/\"},{\"@type\":\"ListItem\",\"position\":3,\"name\":\"Sports\",\"item\":\"https:\\\/\\\/schweizversand.ch\\\/fr\\\/produkt-kategorie\\\/sports\\\/\"},{\"@type\":\"ListItem\",\"position\":4,\"name\":\"sports de balle et fl\u00e9chettes\",\"item\":\"https:\\\/\\\/schweizversand.ch\\\/fr\\\/produkt-kategorie\\\/sports\\\/sports-de-balle-et-flechettes\\\/\"},{\"@type\":\"ListItem\",\"position\":5,\"name\":\"Fl\u00e9chettes\",\"item\":\"https:\\\/\\\/schweizversand.ch\\\/fr\\\/produkt-kategorie\\\/dart-2\\\/\"},{\"@type\":\"ListItem\",\"position\":6,\"name\":\"Fl\u00e9chette Unicorn Hexium \u00e0 pointe en acier 90 % tungst\u00e8ne &#8211; Mod\u00e8le 1 22 g\"}]},{\"@type\":\"WebSite\",\"@id\":\"https:\\\/\\\/schweizversand.ch\\\/fr\\\/#website\",\"url\":\"https:\\\/\\\/schweizversand.ch\\\/fr\\\/\",\"name\":\"Schweizer Shop f\u00fcr Sport, Spiel und Freizeit\",\"description\":\"Gratisversand ab 50.- (netto), ab eigenem schweizer Lager, Lieferung innert 48h\",\"publisher\":{\"@id\":\"https:\\\/\\\/schweizversand.ch\\\/fr\\\/#organization\"},\"alternateName\":\"Schweizversand.ch\",\"potentialAction\":[{\"@type\":\"SearchAction\",\"target\":{\"@type\":\"EntryPoint\",\"urlTemplate\":\"https:\\\/\\\/schweizversand.ch\\\/fr\\\/?s={search_term_string}\"},\"query-input\":{\"@type\":\"PropertyValueSpecification\",\"valueRequired\":true,\"valueName\":\"search_term_string\"}}],\"inLanguage\":\"fr-FR\"},{\"@type\":\"Organization\",\"@id\":\"https:\\\/\\\/schweizversand.ch\\\/fr\\\/#organization\",\"name\":\"Schweizversand.ch\",\"url\":\"https:\\\/\\\/schweizversand.ch\\\/fr\\\/\",\"logo\":{\"@type\":\"ImageObject\",\"inLanguage\":\"fr-FR\",\"@id\":\"https:\\\/\\\/schweizversand.ch\\\/fr\\\/#\\\/schema\\\/logo\\\/image\\\/\",\"url\":\"https:\\\/\\\/schweizversand.ch\\\/wp-content\\\/uploads\\\/2026\\\/03\\\/Logo_Rund_Final-1.png\",\"contentUrl\":\"https:\\\/\\\/schweizversand.ch\\\/wp-content\\\/uploads\\\/2026\\\/03\\\/Logo_Rund_Final-1.png\",\"width\":404,\"height\":404,\"caption\":\"Schweizversand.ch\"},\"image\":{\"@id\":\"https:\\\/\\\/schweizversand.ch\\\/fr\\\/#\\\/schema\\\/logo\\\/image\\\/\"},\"sameAs\":[\"https:\\\/\\\/www.facebook.com\\\/Schweizversand\",\"https:\\\/\\\/www.instagram.com\\\/schweizversand.ch\\\/\"]}]}<\/script>\n<!-- \/ Yoast SEO plugin. -->","yoast_head_json":{"title":"Unicorn Hexium Steel Tip Dart 90% Tungsten - Style 1 22G","description":"Unicorn Hexium Dart \u2013 Japanische Pr\u00e4zision f\u00fcr den perfekten Wurf Erleben Sie die Evolution des Dartsports mit dem Unicorn Hexium Dart, inspiriert von der Perfe","robots":{"index":"index","follow":"follow","max-snippet":"max-snippet:-1","max-image-preview":"max-image-preview:large","max-video-preview":"max-video-preview:-1"},"canonical":"https:\/\/schweizversand.ch\/fr\/produkt\/unicorn-hexium-steel-tip-dart-90-tungsten-style-1-22g\/","og_locale":"fr_FR","og_type":"article","og_title":"Unicorn Hexium Steel Tip Dart 90% Tungsten - Style 1 22G","og_description":"Unicorn Hexium Dart \u2013 Japanische Pr\u00e4zision f\u00fcr den perfekten Wurf Erleben Sie die Evolution des Dartsports mit dem Unicorn Hexium Dart, inspiriert von der Perfe","og_url":"https:\/\/schweizversand.ch\/fr\/produkt\/unicorn-hexium-steel-tip-dart-90-tungsten-style-1-22g\/","og_site_name":"Schweizer Shop f\u00fcr Sport, Spiel und Freizeit","article_publisher":"https:\/\/www.facebook.com\/Schweizversand","article_modified_time":"2026-04-19T13:35:46+00:00","og_image":[{"width":1024,"height":1024,"url":"https:\/\/schweizversand.ch\/wp-content\/uploads\/2026\/02\/5471997940.jpg","type":"image\/jpeg"}],"twitter_card":"summary_large_image","twitter_misc":{"Dur\u00e9e de lecture estim\u00e9e":"2 minutes"},"schema":{"@context":"https:\/\/schema.org","@graph":[{"@type":"WebPage","@id":"https:\/\/schweizversand.ch\/fr\/produkt\/unicorn-hexium-steel-tip-dart-90-tungsten-style-1-22g\/","url":"https:\/\/schweizversand.ch\/fr\/produkt\/unicorn-hexium-steel-tip-dart-90-tungsten-style-1-22g\/","name":"Unicorn Hexium Steel Tip Dart 90% Tungsten - Style 1 22G","isPartOf":{"@id":"https:\/\/schweizversand.ch\/fr\/#website"},"primaryImageOfPage":{"@id":"https:\/\/schweizversand.ch\/fr\/produkt\/unicorn-hexium-steel-tip-dart-90-tungsten-style-1-22g\/#primaryimage"},"image":{"@id":"https:\/\/schweizversand.ch\/fr\/produkt\/unicorn-hexium-steel-tip-dart-90-tungsten-style-1-22g\/#primaryimage"},"thumbnailUrl":"https:\/\/schweizversand.ch\/wp-content\/uploads\/2026\/02\/5471997940.jpg","datePublished":"2026-03-14T23:28:40+00:00","dateModified":"2026-04-19T13:35:46+00:00","description":"Unicorn Hexium Dart \u2013 Japanische Pr\u00e4zision f\u00fcr den perfekten Wurf Erleben Sie die Evolution des Dartsports mit dem Unicorn Hexium Dart, inspiriert von der Perfe","breadcrumb":{"@id":"https:\/\/schweizversand.ch\/fr\/produkt\/unicorn-hexium-steel-tip-dart-90-tungsten-style-1-22g\/#breadcrumb"},"inLanguage":"fr-FR","potentialAction":[{"@type":"ReadAction","target":["https:\/\/schweizversand.ch\/fr\/produkt\/unicorn-hexium-steel-tip-dart-90-tungsten-style-1-22g\/"]}]},{"@type":"ImageObject","inLanguage":"fr-FR","@id":"https:\/\/schweizversand.ch\/fr\/produkt\/unicorn-hexium-steel-tip-dart-90-tungsten-style-1-22g\/#primaryimage","url":"https:\/\/schweizversand.ch\/wp-content\/uploads\/2026\/02\/5471997940.jpg","contentUrl":"https:\/\/schweizversand.ch\/wp-content\/uploads\/2026\/02\/5471997940.jpg","width":1024,"height":1024},{"@type":"BreadcrumbList","@id":"https:\/\/schweizversand.ch\/fr\/produkt\/unicorn-hexium-steel-tip-dart-90-tungsten-style-1-22g\/#breadcrumb","itemListElement":[{"@type":"ListItem","position":1,"name":"Startseite","item":"https:\/\/schweizversand.ch\/fr\/home\/"},{"@type":"ListItem","position":2,"name":"Boutique","item":"https:\/\/schweizversand.ch\/fr\/boutique\/"},{"@type":"ListItem","position":3,"name":"Sports","item":"https:\/\/schweizversand.ch\/fr\/produkt-kategorie\/sports\/"},{"@type":"ListItem","position":4,"name":"sports de balle et fl\u00e9chettes","item":"https:\/\/schweizversand.ch\/fr\/produkt-kategorie\/sports\/sports-de-balle-et-flechettes\/"},{"@type":"ListItem","position":5,"name":"Fl\u00e9chettes","item":"https:\/\/schweizversand.ch\/fr\/produkt-kategorie\/dart-2\/"},{"@type":"ListItem","position":6,"name":"Fl\u00e9chette Unicorn Hexium \u00e0 pointe en acier 90 % tungst\u00e8ne &#8211; Mod\u00e8le 1 22 g"}]},{"@type":"WebSite","@id":"https:\/\/schweizversand.ch\/fr\/#website","url":"https:\/\/schweizversand.ch\/fr\/","name":"Schweizer Shop f\u00fcr Sport, Spiel und Freizeit","description":"Gratisversand ab 50.- (netto), ab eigenem schweizer Lager, Lieferung innert 48h","publisher":{"@id":"https:\/\/schweizversand.ch\/fr\/#organization"},"alternateName":"Schweizversand.ch","potentialAction":[{"@type":"SearchAction","target":{"@type":"EntryPoint","urlTemplate":"https:\/\/schweizversand.ch\/fr\/?s={search_term_string}"},"query-input":{"@type":"PropertyValueSpecification","valueRequired":true,"valueName":"search_term_string"}}],"inLanguage":"fr-FR"},{"@type":"Organization","@id":"https:\/\/schweizversand.ch\/fr\/#organization","name":"Schweizversand.ch","url":"https:\/\/schweizversand.ch\/fr\/","logo":{"@type":"ImageObject","inLanguage":"fr-FR","@id":"https:\/\/schweizversand.ch\/fr\/#\/schema\/logo\/image\/","url":"https:\/\/schweizversand.ch\/wp-content\/uploads\/2026\/03\/Logo_Rund_Final-1.png","contentUrl":"https:\/\/schweizversand.ch\/wp-content\/uploads\/2026\/03\/Logo_Rund_Final-1.png","width":404,"height":404,"caption":"Schweizversand.ch"},"image":{"@id":"https:\/\/schweizversand.ch\/fr\/#\/schema\/logo\/image\/"},"sameAs":["https:\/\/www.facebook.com\/Schweizversand","https:\/\/www.instagram.com\/schweizversand.ch\/"]}]}},"jetpack_sharing_enabled":true,"_links":{"self":[{"href":"https:\/\/schweizversand.ch\/fr\/wp-json\/wp\/v2\/product\/260288","targetHints":{"allow":["GET"]}}],"collection":[{"href":"https:\/\/schweizversand.ch\/fr\/wp-json\/wp\/v2\/product"}],"about":[{"href":"https:\/\/schweizversand.ch\/fr\/wp-json\/wp\/v2\/types\/product"}],"replies":[{"embeddable":true,"href":"https:\/\/schweizversand.ch\/fr\/wp-json\/wp\/v2\/comments?post=260288"}],"wp:featuredmedia":[{"embeddable":true,"href":"https:\/\/schweizversand.ch\/fr\/wp-json\/wp\/v2\/media\/163529"}],"wp:attachment":[{"href":"https:\/\/schweizversand.ch\/fr\/wp-json\/wp\/v2\/media?parent=260288"}],"wp:term":[{"taxonomy":"product_brand","embeddable":true,"href":"https:\/\/schweizversand.ch\/fr\/wp-json\/wp\/v2\/product_brand?post=260288"},{"taxonomy":"product_cat","embeddable":true,"href":"https:\/\/schweizversand.ch\/fr\/wp-json\/wp\/v2\/product_cat?post=260288"},{"taxonomy":"product_tag","embeddable":true,"href":"https:\/\/schweizversand.ch\/fr\/wp-json\/wp\/v2\/product_tag?post=260288"}],"curies":[{"name":"wp","href":"https:\/\/api.w.org\/{rel}","templated":true}]}}