{"id":260292,"date":"2026-03-15T00:28:44","date_gmt":"2026-03-14T23:28:44","guid":{"rendered":"https:\/\/schweizversand.ch\/produkt\/yumetoys-monopoly-mr-monopoly-money-talks\/"},"modified":"2026-04-20T15:34:59","modified_gmt":"2026-04-20T13:34:59","slug":"yumetoys-monopoly-mr-monopoly-money-talks","status":"publish","type":"product","link":"https:\/\/schweizversand.ch\/fr\/produkt\/yumetoys-monopoly-mr-monopoly-money-talks\/","title":{"rendered":"YumeToys Monopoly : Monsieur Monopoly parle d&rsquo;argent"},"content":{"rendered":"<h1><strong>Monopoly : Monsieur Monopoly parle<\/strong><\/h1>\n<div>Plongez dans l&rsquo;univers du jeu de soci\u00e9t\u00e9 le plus c\u00e9l\u00e8bre au monde avec cette peluche exclusive Monsieur Monopoly de Bandai. Cette peluche de haute qualit\u00e9, \u00e0 l&rsquo;effigie de la mascotte Monopoly, est non seulement un compagnon c\u00e2lin, mais aussi une peluche de collection indispensable pour tous les fans du jeu classique.<\/p>\n<\/div>\n<div><strong>La mascotte embl\u00e9matique en d\u00e9tail<\/strong><br \/>La riche peluche Oncle Picsou, plus connu sous le nom de Monsieur Monopoly, est l&rsquo;image m\u00eame du c\u00e9l\u00e8bre jeu de soci\u00e9t\u00e9 depuis des d\u00e9cennies. Cette repr\u00e9sentation d\u00e9taill\u00e9e capture parfaitement son look iconique, avec son haut-de-forme et son costume. Un d\u00e9tail original : sa conception bicolore. Une moiti\u00e9 pr\u00e9sente sa tenue traditionnelle, tandis que l&rsquo;autre est imprim\u00e9e de billets de Monopoly verts \u2013 un incontournable pour tout amateur de jeux de soci\u00e9t\u00e9. Qualit\u00e9 et durabilit\u00e9 : Bandai est r\u00e9put\u00e9e pour ses objets de collection de haute qualit\u00e9, et cette peluche ne fait pas exception. Fabriqu\u00e9e \u00e0 partir de tissus haut de gamme et dot\u00e9e de coutures pr\u00e9cises, cette peluche Monopoly de Bandai est con\u00e7ue pour durer. Que vous souhaitiez la c\u00e2liner ou l&rsquo;exposer, sa qualit\u00e9 vous impressionnera. Id\u00e9ale pour collectionner et exposer : Avec ses 19 cm de hauteur, cette peluche poss\u00e8de une taille id\u00e9ale. Gr\u00e2ce \u00e0 sa large base, M. Monopoly tient debout sans support. Il constitue ainsi un excellent objet de d\u00e9coration pour une \u00e9tag\u00e8re ou un bureau. Cette peluche fait partie de la c\u00e9l\u00e8bre collection DZNR, qui comprend des personnages de films, de s\u00e9ries t\u00e9l\u00e9vis\u00e9es et de jeux de soci\u00e9t\u00e9 populaires. Elle est id\u00e9ale pour constituer une impressionnante collection.<\/p>\n<\/div>\n<div><strong>Caract\u00e9ristiques et contenu de la livraison<\/strong><br \/>&#8211; Taille\u00a0: 19\u00a0cm<br \/>&#8211; Design\u00a0: Bicolore (costume et billets de Monopoly)<br \/>&#8211; Particularit\u00e9\u00a0: Tient debout toute seule<br \/>&#8211; Public cible\u00a0: Filles, gar\u00e7ons et collectionneurs adultes<br \/>&#8211; Emballage\u00a0: Livr\u00e9e dans une bo\u00eete de collection protectrice avec fen\u00eatre.<\/p>\n<\/div>\n<div>Offrez-vous cette peluche Monopoly de collection unique et apportez le charme du jeu de soci\u00e9t\u00e9 classique chez vous. C&rsquo;est le cadeau parfait pour tout amateur de Monopoly et un ajout pr\u00e9cieux \u00e0 votre collection.<\/p>\n","protected":false},"excerpt":{"rendered":"<p>Monopoly : Monsieur Monopoly parle Plongez dans l&rsquo;univers du jeu de soci\u00e9t\u00e9 le plus c\u00e9l\u00e8bre au monde avec cette peluche exclusive Monsieur Monopoly de Bandai. Cette peluche de haute qualit\u00e9, \u00e0 l&rsquo;effigie de la mascotte Monopoly, est non seulement un compagnon c\u00e2lin, mais aussi une peluche de collection indispensable pour tous les fans du jeu classique. La mascotte embl\u00e9matique en d\u00e9tailLa riche peluche Oncle Picsou, plus connu sous le nom de Monsieur Monopoly, est l&rsquo;image&hellip;<\/p>\n","protected":false},"featured_media":163634,"comment_status":"open","ping_status":"closed","template":"","meta":[],"product_brand":[],"product_cat":[38942],"product_tag":[],"class_list":{"0":"post-260292","1":"product","2":"type-product","3":"status-publish","4":"has-post-thumbnail","6":"product_cat-plueschtier","7":"product_shipping_class-global_methods","9":"first","10":"instock","11":"taxable","12":"shipping-taxable","13":"purchasable","14":"product-type-simple"},"yoast_head":"<!-- This site is optimized with the Yoast SEO plugin v27.4 - https:\/\/yoast.com\/product\/yoast-seo-wordpress\/ -->\n<title>YumeToys Monopoly: Mr. Monopoly Money Talks<\/title>\n<meta name=\"description\" content=\"Monopoly: Mr. Monopoly Money Talks Tauchen Sie ein in die Welt des ber\u00fchmtesten Brettspiels der Welt mit diesem exklusiven Mr. Monopoly Pl\u00fcschtier von Bandai. D\" \/>\n<meta name=\"robots\" content=\"index, follow, max-snippet:-1, max-image-preview:large, max-video-preview:-1\" \/>\n<link rel=\"canonical\" href=\"https:\/\/schweizversand.ch\/fr\/produkt\/yumetoys-monopoly-mr-monopoly-money-talks\/\" \/>\n<meta property=\"og:locale\" content=\"fr_FR\" \/>\n<meta property=\"og:type\" content=\"article\" \/>\n<meta property=\"og:title\" content=\"YumeToys Monopoly: Mr. Monopoly Money Talks\" \/>\n<meta property=\"og:description\" content=\"Monopoly: Mr. Monopoly Money Talks Tauchen Sie ein in die Welt des ber\u00fchmtesten Brettspiels der Welt mit diesem exklusiven Mr. Monopoly Pl\u00fcschtier von Bandai. D\" \/>\n<meta property=\"og:url\" content=\"https:\/\/schweizversand.ch\/fr\/produkt\/yumetoys-monopoly-mr-monopoly-money-talks\/\" \/>\n<meta property=\"og:site_name\" content=\"Schweizer Shop f\u00fcr Sport, Spiel und Freizeit\" \/>\n<meta property=\"article:publisher\" content=\"https:\/\/www.facebook.com\/Schweizversand\" \/>\n<meta property=\"article:modified_time\" content=\"2026-04-20T13:34:59+00:00\" \/>\n<meta property=\"og:image\" content=\"https:\/\/schweizversand.ch\/wp-content\/uploads\/2026\/02\/5528897446.jpg\" \/>\n\t<meta property=\"og:image:width\" content=\"718\" \/>\n\t<meta property=\"og:image:height\" content=\"1024\" \/>\n\t<meta property=\"og:image:type\" content=\"image\/jpeg\" \/>\n<meta name=\"twitter:card\" content=\"summary_large_image\" \/>\n<meta name=\"twitter:label1\" content=\"Dur\u00e9e de lecture estim\u00e9e\" \/>\n\t<meta name=\"twitter:data1\" content=\"2 minutes\" \/>\n<script type=\"application\/ld+json\" class=\"yoast-schema-graph\">{\"@context\":\"https:\\\/\\\/schema.org\",\"@graph\":[{\"@type\":\"WebPage\",\"@id\":\"https:\\\/\\\/schweizversand.ch\\\/fr\\\/produkt\\\/yumetoys-monopoly-mr-monopoly-money-talks\\\/\",\"url\":\"https:\\\/\\\/schweizversand.ch\\\/fr\\\/produkt\\\/yumetoys-monopoly-mr-monopoly-money-talks\\\/\",\"name\":\"YumeToys Monopoly: Mr. Monopoly Money Talks\",\"isPartOf\":{\"@id\":\"https:\\\/\\\/schweizversand.ch\\\/fr\\\/#website\"},\"primaryImageOfPage\":{\"@id\":\"https:\\\/\\\/schweizversand.ch\\\/fr\\\/produkt\\\/yumetoys-monopoly-mr-monopoly-money-talks\\\/#primaryimage\"},\"image\":{\"@id\":\"https:\\\/\\\/schweizversand.ch\\\/fr\\\/produkt\\\/yumetoys-monopoly-mr-monopoly-money-talks\\\/#primaryimage\"},\"thumbnailUrl\":\"https:\\\/\\\/schweizversand.ch\\\/wp-content\\\/uploads\\\/2026\\\/02\\\/5528897446.jpg\",\"datePublished\":\"2026-03-14T23:28:44+00:00\",\"dateModified\":\"2026-04-20T13:34:59+00:00\",\"description\":\"Monopoly: Mr. Monopoly Money Talks Tauchen Sie ein in die Welt des ber\u00fchmtesten Brettspiels der Welt mit diesem exklusiven Mr. Monopoly Pl\u00fcschtier von Bandai. D\",\"breadcrumb\":{\"@id\":\"https:\\\/\\\/schweizversand.ch\\\/fr\\\/produkt\\\/yumetoys-monopoly-mr-monopoly-money-talks\\\/#breadcrumb\"},\"inLanguage\":\"fr-FR\",\"potentialAction\":[{\"@type\":\"ReadAction\",\"target\":[\"https:\\\/\\\/schweizversand.ch\\\/fr\\\/produkt\\\/yumetoys-monopoly-mr-monopoly-money-talks\\\/\"]}]},{\"@type\":\"ImageObject\",\"inLanguage\":\"fr-FR\",\"@id\":\"https:\\\/\\\/schweizversand.ch\\\/fr\\\/produkt\\\/yumetoys-monopoly-mr-monopoly-money-talks\\\/#primaryimage\",\"url\":\"https:\\\/\\\/schweizversand.ch\\\/wp-content\\\/uploads\\\/2026\\\/02\\\/5528897446.jpg\",\"contentUrl\":\"https:\\\/\\\/schweizversand.ch\\\/wp-content\\\/uploads\\\/2026\\\/02\\\/5528897446.jpg\",\"width\":718,\"height\":1024},{\"@type\":\"BreadcrumbList\",\"@id\":\"https:\\\/\\\/schweizversand.ch\\\/fr\\\/produkt\\\/yumetoys-monopoly-mr-monopoly-money-talks\\\/#breadcrumb\",\"itemListElement\":[{\"@type\":\"ListItem\",\"position\":1,\"name\":\"Startseite\",\"item\":\"https:\\\/\\\/schweizversand.ch\\\/fr\\\/home\\\/\"},{\"@type\":\"ListItem\",\"position\":2,\"name\":\"Boutique\",\"item\":\"https:\\\/\\\/schweizversand.ch\\\/fr\\\/boutique\\\/\"},{\"@type\":\"ListItem\",\"position\":3,\"name\":\"Jouets et jeux\",\"item\":\"https:\\\/\\\/schweizversand.ch\\\/fr\\\/produkt-kategorie\\\/jouets-et-jeux\\\/\"},{\"@type\":\"ListItem\",\"position\":4,\"name\":\"Figurines et poup\u00e9es\",\"item\":\"https:\\\/\\\/schweizversand.ch\\\/fr\\\/produkt-kategorie\\\/jouets-et-jeux\\\/figurines-et-poupees\\\/\"},{\"@type\":\"ListItem\",\"position\":5,\"name\":\"Peluches\",\"item\":\"https:\\\/\\\/schweizversand.ch\\\/fr\\\/produkt-kategorie\\\/plueschtier\\\/\"},{\"@type\":\"ListItem\",\"position\":6,\"name\":\"YumeToys Monopoly : Monsieur Monopoly parle d&rsquo;argent\"}]},{\"@type\":\"WebSite\",\"@id\":\"https:\\\/\\\/schweizversand.ch\\\/fr\\\/#website\",\"url\":\"https:\\\/\\\/schweizversand.ch\\\/fr\\\/\",\"name\":\"Schweizer Shop f\u00fcr Sport, Spiel und Freizeit\",\"description\":\"Gratisversand ab 50.- (netto), ab eigenem schweizer Lager, Lieferung innert 48h\",\"publisher\":{\"@id\":\"https:\\\/\\\/schweizversand.ch\\\/fr\\\/#organization\"},\"alternateName\":\"Schweizversand.ch\",\"potentialAction\":[{\"@type\":\"SearchAction\",\"target\":{\"@type\":\"EntryPoint\",\"urlTemplate\":\"https:\\\/\\\/schweizversand.ch\\\/fr\\\/?s={search_term_string}\"},\"query-input\":{\"@type\":\"PropertyValueSpecification\",\"valueRequired\":true,\"valueName\":\"search_term_string\"}}],\"inLanguage\":\"fr-FR\"},{\"@type\":\"Organization\",\"@id\":\"https:\\\/\\\/schweizversand.ch\\\/fr\\\/#organization\",\"name\":\"Schweizversand.ch\",\"url\":\"https:\\\/\\\/schweizversand.ch\\\/fr\\\/\",\"logo\":{\"@type\":\"ImageObject\",\"inLanguage\":\"fr-FR\",\"@id\":\"https:\\\/\\\/schweizversand.ch\\\/fr\\\/#\\\/schema\\\/logo\\\/image\\\/\",\"url\":\"https:\\\/\\\/schweizversand.ch\\\/wp-content\\\/uploads\\\/2026\\\/03\\\/Logo_Rund_Final-1.png\",\"contentUrl\":\"https:\\\/\\\/schweizversand.ch\\\/wp-content\\\/uploads\\\/2026\\\/03\\\/Logo_Rund_Final-1.png\",\"width\":404,\"height\":404,\"caption\":\"Schweizversand.ch\"},\"image\":{\"@id\":\"https:\\\/\\\/schweizversand.ch\\\/fr\\\/#\\\/schema\\\/logo\\\/image\\\/\"},\"sameAs\":[\"https:\\\/\\\/www.facebook.com\\\/Schweizversand\",\"https:\\\/\\\/www.instagram.com\\\/schweizversand.ch\\\/\"]}]}<\/script>\n<!-- \/ Yoast SEO plugin. -->","yoast_head_json":{"title":"YumeToys Monopoly: Mr. Monopoly Money Talks","description":"Monopoly: Mr. Monopoly Money Talks Tauchen Sie ein in die Welt des ber\u00fchmtesten Brettspiels der Welt mit diesem exklusiven Mr. Monopoly Pl\u00fcschtier von Bandai. D","robots":{"index":"index","follow":"follow","max-snippet":"max-snippet:-1","max-image-preview":"max-image-preview:large","max-video-preview":"max-video-preview:-1"},"canonical":"https:\/\/schweizversand.ch\/fr\/produkt\/yumetoys-monopoly-mr-monopoly-money-talks\/","og_locale":"fr_FR","og_type":"article","og_title":"YumeToys Monopoly: Mr. Monopoly Money Talks","og_description":"Monopoly: Mr. Monopoly Money Talks Tauchen Sie ein in die Welt des ber\u00fchmtesten Brettspiels der Welt mit diesem exklusiven Mr. Monopoly Pl\u00fcschtier von Bandai. D","og_url":"https:\/\/schweizversand.ch\/fr\/produkt\/yumetoys-monopoly-mr-monopoly-money-talks\/","og_site_name":"Schweizer Shop f\u00fcr Sport, Spiel und Freizeit","article_publisher":"https:\/\/www.facebook.com\/Schweizversand","article_modified_time":"2026-04-20T13:34:59+00:00","og_image":[{"width":718,"height":1024,"url":"https:\/\/schweizversand.ch\/wp-content\/uploads\/2026\/02\/5528897446.jpg","type":"image\/jpeg"}],"twitter_card":"summary_large_image","twitter_misc":{"Dur\u00e9e de lecture estim\u00e9e":"2 minutes"},"schema":{"@context":"https:\/\/schema.org","@graph":[{"@type":"WebPage","@id":"https:\/\/schweizversand.ch\/fr\/produkt\/yumetoys-monopoly-mr-monopoly-money-talks\/","url":"https:\/\/schweizversand.ch\/fr\/produkt\/yumetoys-monopoly-mr-monopoly-money-talks\/","name":"YumeToys Monopoly: Mr. Monopoly Money Talks","isPartOf":{"@id":"https:\/\/schweizversand.ch\/fr\/#website"},"primaryImageOfPage":{"@id":"https:\/\/schweizversand.ch\/fr\/produkt\/yumetoys-monopoly-mr-monopoly-money-talks\/#primaryimage"},"image":{"@id":"https:\/\/schweizversand.ch\/fr\/produkt\/yumetoys-monopoly-mr-monopoly-money-talks\/#primaryimage"},"thumbnailUrl":"https:\/\/schweizversand.ch\/wp-content\/uploads\/2026\/02\/5528897446.jpg","datePublished":"2026-03-14T23:28:44+00:00","dateModified":"2026-04-20T13:34:59+00:00","description":"Monopoly: Mr. Monopoly Money Talks Tauchen Sie ein in die Welt des ber\u00fchmtesten Brettspiels der Welt mit diesem exklusiven Mr. Monopoly Pl\u00fcschtier von Bandai. D","breadcrumb":{"@id":"https:\/\/schweizversand.ch\/fr\/produkt\/yumetoys-monopoly-mr-monopoly-money-talks\/#breadcrumb"},"inLanguage":"fr-FR","potentialAction":[{"@type":"ReadAction","target":["https:\/\/schweizversand.ch\/fr\/produkt\/yumetoys-monopoly-mr-monopoly-money-talks\/"]}]},{"@type":"ImageObject","inLanguage":"fr-FR","@id":"https:\/\/schweizversand.ch\/fr\/produkt\/yumetoys-monopoly-mr-monopoly-money-talks\/#primaryimage","url":"https:\/\/schweizversand.ch\/wp-content\/uploads\/2026\/02\/5528897446.jpg","contentUrl":"https:\/\/schweizversand.ch\/wp-content\/uploads\/2026\/02\/5528897446.jpg","width":718,"height":1024},{"@type":"BreadcrumbList","@id":"https:\/\/schweizversand.ch\/fr\/produkt\/yumetoys-monopoly-mr-monopoly-money-talks\/#breadcrumb","itemListElement":[{"@type":"ListItem","position":1,"name":"Startseite","item":"https:\/\/schweizversand.ch\/fr\/home\/"},{"@type":"ListItem","position":2,"name":"Boutique","item":"https:\/\/schweizversand.ch\/fr\/boutique\/"},{"@type":"ListItem","position":3,"name":"Jouets et jeux","item":"https:\/\/schweizversand.ch\/fr\/produkt-kategorie\/jouets-et-jeux\/"},{"@type":"ListItem","position":4,"name":"Figurines et poup\u00e9es","item":"https:\/\/schweizversand.ch\/fr\/produkt-kategorie\/jouets-et-jeux\/figurines-et-poupees\/"},{"@type":"ListItem","position":5,"name":"Peluches","item":"https:\/\/schweizversand.ch\/fr\/produkt-kategorie\/plueschtier\/"},{"@type":"ListItem","position":6,"name":"YumeToys Monopoly : Monsieur Monopoly parle d&rsquo;argent"}]},{"@type":"WebSite","@id":"https:\/\/schweizversand.ch\/fr\/#website","url":"https:\/\/schweizversand.ch\/fr\/","name":"Schweizer Shop f\u00fcr Sport, Spiel und Freizeit","description":"Gratisversand ab 50.- (netto), ab eigenem schweizer Lager, Lieferung innert 48h","publisher":{"@id":"https:\/\/schweizversand.ch\/fr\/#organization"},"alternateName":"Schweizversand.ch","potentialAction":[{"@type":"SearchAction","target":{"@type":"EntryPoint","urlTemplate":"https:\/\/schweizversand.ch\/fr\/?s={search_term_string}"},"query-input":{"@type":"PropertyValueSpecification","valueRequired":true,"valueName":"search_term_string"}}],"inLanguage":"fr-FR"},{"@type":"Organization","@id":"https:\/\/schweizversand.ch\/fr\/#organization","name":"Schweizversand.ch","url":"https:\/\/schweizversand.ch\/fr\/","logo":{"@type":"ImageObject","inLanguage":"fr-FR","@id":"https:\/\/schweizversand.ch\/fr\/#\/schema\/logo\/image\/","url":"https:\/\/schweizversand.ch\/wp-content\/uploads\/2026\/03\/Logo_Rund_Final-1.png","contentUrl":"https:\/\/schweizversand.ch\/wp-content\/uploads\/2026\/03\/Logo_Rund_Final-1.png","width":404,"height":404,"caption":"Schweizversand.ch"},"image":{"@id":"https:\/\/schweizversand.ch\/fr\/#\/schema\/logo\/image\/"},"sameAs":["https:\/\/www.facebook.com\/Schweizversand","https:\/\/www.instagram.com\/schweizversand.ch\/"]}]}},"jetpack_sharing_enabled":true,"_links":{"self":[{"href":"https:\/\/schweizversand.ch\/fr\/wp-json\/wp\/v2\/product\/260292","targetHints":{"allow":["GET"]}}],"collection":[{"href":"https:\/\/schweizversand.ch\/fr\/wp-json\/wp\/v2\/product"}],"about":[{"href":"https:\/\/schweizversand.ch\/fr\/wp-json\/wp\/v2\/types\/product"}],"replies":[{"embeddable":true,"href":"https:\/\/schweizversand.ch\/fr\/wp-json\/wp\/v2\/comments?post=260292"}],"wp:featuredmedia":[{"embeddable":true,"href":"https:\/\/schweizversand.ch\/fr\/wp-json\/wp\/v2\/media\/163634"}],"wp:attachment":[{"href":"https:\/\/schweizversand.ch\/fr\/wp-json\/wp\/v2\/media?parent=260292"}],"wp:term":[{"taxonomy":"product_brand","embeddable":true,"href":"https:\/\/schweizversand.ch\/fr\/wp-json\/wp\/v2\/product_brand?post=260292"},{"taxonomy":"product_cat","embeddable":true,"href":"https:\/\/schweizversand.ch\/fr\/wp-json\/wp\/v2\/product_cat?post=260292"},{"taxonomy":"product_tag","embeddable":true,"href":"https:\/\/schweizversand.ch\/fr\/wp-json\/wp\/v2\/product_tag?post=260292"}],"curies":[{"name":"wp","href":"https:\/\/api.w.org\/{rel}","templated":true}]}}