{"id":260298,"date":"2026-03-15T00:28:45","date_gmt":"2026-03-14T23:28:45","guid":{"rendered":"https:\/\/schweizversand.ch\/produkt\/ycoo-biopod-battle\/"},"modified":"2026-04-19T02:05:11","modified_gmt":"2026-04-19T00:05:11","slug":"ycoo-biopod-battle","status":"publish","type":"product","link":"https:\/\/schweizversand.ch\/fr\/produkt\/ycoo-biopod-battle\/","title":{"rendered":"Bataille des Biopodes YCOO"},"content":{"rendered":"<h1><strong>Case \u0152uf de Dinosaure avec 2 Dino Biopods<\/strong><\/h1>\n<div>Plongez dans le monde pr\u00e9historique avec l&rsquo;ultime <strong>\u0152uf de Dinosaure<\/strong>. Cette <strong>Capsule de Dinosaure<\/strong> contient deux <strong>Dino Biopods<\/strong> fascinants qui \u00e9merveilleront les enfants et leur garantiront des heures de jeu.<\/p>\n<\/div>\n<div><strong>Exp\u00e9rience de Jeu Unique et Effets Sonores<\/strong><br \/>Avant m\u00eame d&rsquo;ouvrir la capsule, l&rsquo;aventure commence\u00a0: votre enfant entendra le rugissement des cr\u00e9atures \u00e0 l&rsquo;int\u00e9rieur \u2013 la preuve que les dinosaures sont toujours vivants\u00a0! Ce <strong>Coffret de Jeu Dinosaure pour Enfants<\/strong> offre une exp\u00e9rience immersive et passionnante. Les <strong>Figurines de Dinosaures<\/strong> de 9\u00a0cm de haut doivent d&rsquo;abord \u00eatre assembl\u00e9es pour \u00eatre lib\u00e9r\u00e9es et prendre vie.<\/p>\n<\/div>\n<div><strong>Fonctionnalit\u00e9s Interactives et Avantages<\/strong><br \/>Les deux <strong>Dino Biopods<\/strong> sont \u00e9quip\u00e9s d&rsquo;effets lumineux et sonores impressionnants. Lorsque votre enfant appuie sur la t\u00eate des figurines de dinosaures de 9 cm, les yeux s&rsquo;illuminent, la m\u00e2choire s&rsquo;ouvre et un rugissement r\u00e9aliste se fait entendre. L&rsquo;un des deux Biopods est m\u00eame phosphorescent et brille dans le noir\u00a0!<\/p>\n<\/div>\n<div><strong>Apprentissage et d\u00e9veloppement<\/strong><br \/>Avec ces robots jouets \u00e0 assembler soi-m\u00eame, votre enfant d\u00e9veloppe des comp\u00e9tences importantes tout en s&rsquo;amusant. Assembler les Biopods de la capsule dinosaure contribue au d\u00e9veloppement et \u00e0 l&rsquo;am\u00e9lioration de la motricit\u00e9 fine, du raisonnement logique et de la dext\u00e9rit\u00e9. Une fois les figurines de dinosaures de 9 cm assembl\u00e9es, l&rsquo;imagination peut s&rsquo;envoler pour inventer de nouvelles aventures de l&rsquo;\u00e8re jurassique.<\/p>\n<\/div>\n<div><strong>D\u00e9tails du produit<\/strong><br \/>&#8211; Contenu\u00a0: 1 capsule \u0153uf de dinosaure<br \/>&#8211; Comprend\u00a0: 2 Biopods dinosaures \u00e0 construire<br \/>&#8211; Taille de la figurine\u00a0: env. 9 cm chacun<br \/>&#8211; Caract\u00e9ristiques\u00a0: Effets lumineux, effets sonores, m\u00e2choire mobile<br \/>&#8211; Particularit\u00e9\u00a0: Un Biopod brille dans le noir (phosphorescence)<br \/>&#8211; Groupe d&rsquo;\u00e2ge\u00a0: Convient aux enfants passionn\u00e9s de dinosaures et de Biopods<\/p>\n<\/div>\n<div>Faites plaisir \u00e0 un petit fan de dinosaures avec ce formidable \u0153uf de dinosaure qui promet des heures d&rsquo;amusement.<\/p>\n","protected":false},"excerpt":{"rendered":"<p>YCOO Biopod Battle: Erlebe spannendes Dino-Abenteuer mit 2 leuchtenden Biopods, realistischen Soundeffekten und interaktivem Bauspa\u00df f\u00fcr kleine Entdecker!<\/p>\n","protected":false},"featured_media":163678,"comment_status":"open","ping_status":"closed","template":"","meta":[],"product_brand":[],"product_cat":[38097],"product_tag":[],"class_list":{"0":"post-260298","1":"product","2":"type-product","3":"status-publish","4":"has-post-thumbnail","6":"product_cat-spielzeugfigur-roboter","7":"product_shipping_class-global_methods","9":"first","10":"instock","11":"taxable","12":"shipping-taxable","13":"purchasable","14":"product-type-simple"},"yoast_head":"<!-- This site is optimized with the Yoast SEO plugin v27.4 - https:\/\/yoast.com\/product\/yoast-seo-wordpress\/ -->\n<title>YCOO Biopod Battle<\/title>\n<meta name=\"description\" content=\"Dinosaurier Ei Spielzeug Kapsel mit 2 Dino Biopods Tauchen Sie ein in die pr\u00e4historische Welt mit dem ultimativen Dinosaurier Ei Spielzeug . Diese spannende Din\" \/>\n<meta name=\"robots\" content=\"index, follow, max-snippet:-1, max-image-preview:large, max-video-preview:-1\" \/>\n<link rel=\"canonical\" href=\"https:\/\/schweizversand.ch\/fr\/produkt\/ycoo-biopod-battle\/\" \/>\n<meta property=\"og:locale\" content=\"fr_FR\" \/>\n<meta property=\"og:type\" content=\"article\" \/>\n<meta property=\"og:title\" content=\"YCOO Biopod Battle\" \/>\n<meta property=\"og:description\" content=\"Dinosaurier Ei Spielzeug Kapsel mit 2 Dino Biopods Tauchen Sie ein in die pr\u00e4historische Welt mit dem ultimativen Dinosaurier Ei Spielzeug . Diese spannende Din\" \/>\n<meta property=\"og:url\" content=\"https:\/\/schweizversand.ch\/fr\/produkt\/ycoo-biopod-battle\/\" \/>\n<meta property=\"og:site_name\" content=\"Schweizer Shop f\u00fcr Sport, Spiel und Freizeit\" \/>\n<meta property=\"article:publisher\" content=\"https:\/\/www.facebook.com\/Schweizversand\" \/>\n<meta property=\"article:modified_time\" content=\"2026-04-19T00:05:11+00:00\" \/>\n<meta property=\"og:image\" content=\"https:\/\/schweizversand.ch\/wp-content\/uploads\/2026\/02\/5471738079.jpg\" \/>\n\t<meta property=\"og:image:width\" content=\"1024\" \/>\n\t<meta property=\"og:image:height\" content=\"1024\" \/>\n\t<meta property=\"og:image:type\" content=\"image\/jpeg\" \/>\n<meta name=\"twitter:card\" content=\"summary_large_image\" \/>\n<meta name=\"twitter:label1\" content=\"Dur\u00e9e de lecture estim\u00e9e\" \/>\n\t<meta name=\"twitter:data1\" content=\"2 minutes\" \/>\n<script type=\"application\/ld+json\" class=\"yoast-schema-graph\">{\"@context\":\"https:\\\/\\\/schema.org\",\"@graph\":[{\"@type\":\"WebPage\",\"@id\":\"https:\\\/\\\/schweizversand.ch\\\/fr\\\/produkt\\\/ycoo-biopod-battle\\\/\",\"url\":\"https:\\\/\\\/schweizversand.ch\\\/fr\\\/produkt\\\/ycoo-biopod-battle\\\/\",\"name\":\"YCOO Biopod Battle\",\"isPartOf\":{\"@id\":\"https:\\\/\\\/schweizversand.ch\\\/fr\\\/#website\"},\"primaryImageOfPage\":{\"@id\":\"https:\\\/\\\/schweizversand.ch\\\/fr\\\/produkt\\\/ycoo-biopod-battle\\\/#primaryimage\"},\"image\":{\"@id\":\"https:\\\/\\\/schweizversand.ch\\\/fr\\\/produkt\\\/ycoo-biopod-battle\\\/#primaryimage\"},\"thumbnailUrl\":\"https:\\\/\\\/schweizversand.ch\\\/wp-content\\\/uploads\\\/2026\\\/02\\\/5471738079.jpg\",\"datePublished\":\"2026-03-14T23:28:45+00:00\",\"dateModified\":\"2026-04-19T00:05:11+00:00\",\"description\":\"Dinosaurier Ei Spielzeug Kapsel mit 2 Dino Biopods Tauchen Sie ein in die pr\u00e4historische Welt mit dem ultimativen Dinosaurier Ei Spielzeug . Diese spannende Din\",\"breadcrumb\":{\"@id\":\"https:\\\/\\\/schweizversand.ch\\\/fr\\\/produkt\\\/ycoo-biopod-battle\\\/#breadcrumb\"},\"inLanguage\":\"fr-FR\",\"potentialAction\":[{\"@type\":\"ReadAction\",\"target\":[\"https:\\\/\\\/schweizversand.ch\\\/fr\\\/produkt\\\/ycoo-biopod-battle\\\/\"]}]},{\"@type\":\"ImageObject\",\"inLanguage\":\"fr-FR\",\"@id\":\"https:\\\/\\\/schweizversand.ch\\\/fr\\\/produkt\\\/ycoo-biopod-battle\\\/#primaryimage\",\"url\":\"https:\\\/\\\/schweizversand.ch\\\/wp-content\\\/uploads\\\/2026\\\/02\\\/5471738079.jpg\",\"contentUrl\":\"https:\\\/\\\/schweizversand.ch\\\/wp-content\\\/uploads\\\/2026\\\/02\\\/5471738079.jpg\",\"width\":1024,\"height\":1024},{\"@type\":\"BreadcrumbList\",\"@id\":\"https:\\\/\\\/schweizversand.ch\\\/fr\\\/produkt\\\/ycoo-biopod-battle\\\/#breadcrumb\",\"itemListElement\":[{\"@type\":\"ListItem\",\"position\":1,\"name\":\"Startseite\",\"item\":\"https:\\\/\\\/schweizversand.ch\\\/fr\\\/home\\\/\"},{\"@type\":\"ListItem\",\"position\":2,\"name\":\"Boutique\",\"item\":\"https:\\\/\\\/schweizversand.ch\\\/fr\\\/boutique\\\/\"},{\"@type\":\"ListItem\",\"position\":3,\"name\":\"Jouets et jeux\",\"item\":\"https:\\\/\\\/schweizversand.ch\\\/fr\\\/produkt-kategorie\\\/jouets-et-jeux\\\/\"},{\"@type\":\"ListItem\",\"position\":4,\"name\":\"Figurines et poup\u00e9es\",\"item\":\"https:\\\/\\\/schweizversand.ch\\\/fr\\\/produkt-kategorie\\\/jouets-et-jeux\\\/figurines-et-poupees\\\/\"},{\"@type\":\"ListItem\",\"position\":5,\"name\":\"Figurines et robots\",\"item\":\"https:\\\/\\\/schweizversand.ch\\\/fr\\\/produkt-kategorie\\\/jouets-et-jeux\\\/figurines-et-poupees\\\/spielzeugfigur-roboter\\\/\"},{\"@type\":\"ListItem\",\"position\":6,\"name\":\"Bataille des Biopodes YCOO\"}]},{\"@type\":\"WebSite\",\"@id\":\"https:\\\/\\\/schweizversand.ch\\\/fr\\\/#website\",\"url\":\"https:\\\/\\\/schweizversand.ch\\\/fr\\\/\",\"name\":\"Schweizer Shop f\u00fcr Sport, Spiel und Freizeit\",\"description\":\"Gratisversand ab 50.- (netto), ab eigenem schweizer Lager, Lieferung innert 48h\",\"publisher\":{\"@id\":\"https:\\\/\\\/schweizversand.ch\\\/fr\\\/#organization\"},\"alternateName\":\"Schweizversand.ch\",\"potentialAction\":[{\"@type\":\"SearchAction\",\"target\":{\"@type\":\"EntryPoint\",\"urlTemplate\":\"https:\\\/\\\/schweizversand.ch\\\/fr\\\/?s={search_term_string}\"},\"query-input\":{\"@type\":\"PropertyValueSpecification\",\"valueRequired\":true,\"valueName\":\"search_term_string\"}}],\"inLanguage\":\"fr-FR\"},{\"@type\":\"Organization\",\"@id\":\"https:\\\/\\\/schweizversand.ch\\\/fr\\\/#organization\",\"name\":\"Schweizversand.ch\",\"url\":\"https:\\\/\\\/schweizversand.ch\\\/fr\\\/\",\"logo\":{\"@type\":\"ImageObject\",\"inLanguage\":\"fr-FR\",\"@id\":\"https:\\\/\\\/schweizversand.ch\\\/fr\\\/#\\\/schema\\\/logo\\\/image\\\/\",\"url\":\"https:\\\/\\\/schweizversand.ch\\\/wp-content\\\/uploads\\\/2026\\\/03\\\/Logo_Rund_Final-1.png\",\"contentUrl\":\"https:\\\/\\\/schweizversand.ch\\\/wp-content\\\/uploads\\\/2026\\\/03\\\/Logo_Rund_Final-1.png\",\"width\":404,\"height\":404,\"caption\":\"Schweizversand.ch\"},\"image\":{\"@id\":\"https:\\\/\\\/schweizversand.ch\\\/fr\\\/#\\\/schema\\\/logo\\\/image\\\/\"},\"sameAs\":[\"https:\\\/\\\/www.facebook.com\\\/Schweizversand\",\"https:\\\/\\\/www.instagram.com\\\/schweizversand.ch\\\/\"]}]}<\/script>\n<!-- \/ Yoast SEO plugin. -->","yoast_head_json":{"title":"YCOO Biopod Battle","description":"Dinosaurier Ei Spielzeug Kapsel mit 2 Dino Biopods Tauchen Sie ein in die pr\u00e4historische Welt mit dem ultimativen Dinosaurier Ei Spielzeug . Diese spannende Din","robots":{"index":"index","follow":"follow","max-snippet":"max-snippet:-1","max-image-preview":"max-image-preview:large","max-video-preview":"max-video-preview:-1"},"canonical":"https:\/\/schweizversand.ch\/fr\/produkt\/ycoo-biopod-battle\/","og_locale":"fr_FR","og_type":"article","og_title":"YCOO Biopod Battle","og_description":"Dinosaurier Ei Spielzeug Kapsel mit 2 Dino Biopods Tauchen Sie ein in die pr\u00e4historische Welt mit dem ultimativen Dinosaurier Ei Spielzeug . Diese spannende Din","og_url":"https:\/\/schweizversand.ch\/fr\/produkt\/ycoo-biopod-battle\/","og_site_name":"Schweizer Shop f\u00fcr Sport, Spiel und Freizeit","article_publisher":"https:\/\/www.facebook.com\/Schweizversand","article_modified_time":"2026-04-19T00:05:11+00:00","og_image":[{"width":1024,"height":1024,"url":"https:\/\/schweizversand.ch\/wp-content\/uploads\/2026\/02\/5471738079.jpg","type":"image\/jpeg"}],"twitter_card":"summary_large_image","twitter_misc":{"Dur\u00e9e de lecture estim\u00e9e":"2 minutes"},"schema":{"@context":"https:\/\/schema.org","@graph":[{"@type":"WebPage","@id":"https:\/\/schweizversand.ch\/fr\/produkt\/ycoo-biopod-battle\/","url":"https:\/\/schweizversand.ch\/fr\/produkt\/ycoo-biopod-battle\/","name":"YCOO Biopod Battle","isPartOf":{"@id":"https:\/\/schweizversand.ch\/fr\/#website"},"primaryImageOfPage":{"@id":"https:\/\/schweizversand.ch\/fr\/produkt\/ycoo-biopod-battle\/#primaryimage"},"image":{"@id":"https:\/\/schweizversand.ch\/fr\/produkt\/ycoo-biopod-battle\/#primaryimage"},"thumbnailUrl":"https:\/\/schweizversand.ch\/wp-content\/uploads\/2026\/02\/5471738079.jpg","datePublished":"2026-03-14T23:28:45+00:00","dateModified":"2026-04-19T00:05:11+00:00","description":"Dinosaurier Ei Spielzeug Kapsel mit 2 Dino Biopods Tauchen Sie ein in die pr\u00e4historische Welt mit dem ultimativen Dinosaurier Ei Spielzeug . Diese spannende Din","breadcrumb":{"@id":"https:\/\/schweizversand.ch\/fr\/produkt\/ycoo-biopod-battle\/#breadcrumb"},"inLanguage":"fr-FR","potentialAction":[{"@type":"ReadAction","target":["https:\/\/schweizversand.ch\/fr\/produkt\/ycoo-biopod-battle\/"]}]},{"@type":"ImageObject","inLanguage":"fr-FR","@id":"https:\/\/schweizversand.ch\/fr\/produkt\/ycoo-biopod-battle\/#primaryimage","url":"https:\/\/schweizversand.ch\/wp-content\/uploads\/2026\/02\/5471738079.jpg","contentUrl":"https:\/\/schweizversand.ch\/wp-content\/uploads\/2026\/02\/5471738079.jpg","width":1024,"height":1024},{"@type":"BreadcrumbList","@id":"https:\/\/schweizversand.ch\/fr\/produkt\/ycoo-biopod-battle\/#breadcrumb","itemListElement":[{"@type":"ListItem","position":1,"name":"Startseite","item":"https:\/\/schweizversand.ch\/fr\/home\/"},{"@type":"ListItem","position":2,"name":"Boutique","item":"https:\/\/schweizversand.ch\/fr\/boutique\/"},{"@type":"ListItem","position":3,"name":"Jouets et jeux","item":"https:\/\/schweizversand.ch\/fr\/produkt-kategorie\/jouets-et-jeux\/"},{"@type":"ListItem","position":4,"name":"Figurines et poup\u00e9es","item":"https:\/\/schweizversand.ch\/fr\/produkt-kategorie\/jouets-et-jeux\/figurines-et-poupees\/"},{"@type":"ListItem","position":5,"name":"Figurines et robots","item":"https:\/\/schweizversand.ch\/fr\/produkt-kategorie\/jouets-et-jeux\/figurines-et-poupees\/spielzeugfigur-roboter\/"},{"@type":"ListItem","position":6,"name":"Bataille des Biopodes YCOO"}]},{"@type":"WebSite","@id":"https:\/\/schweizversand.ch\/fr\/#website","url":"https:\/\/schweizversand.ch\/fr\/","name":"Schweizer Shop f\u00fcr Sport, Spiel und Freizeit","description":"Gratisversand ab 50.- (netto), ab eigenem schweizer Lager, Lieferung innert 48h","publisher":{"@id":"https:\/\/schweizversand.ch\/fr\/#organization"},"alternateName":"Schweizversand.ch","potentialAction":[{"@type":"SearchAction","target":{"@type":"EntryPoint","urlTemplate":"https:\/\/schweizversand.ch\/fr\/?s={search_term_string}"},"query-input":{"@type":"PropertyValueSpecification","valueRequired":true,"valueName":"search_term_string"}}],"inLanguage":"fr-FR"},{"@type":"Organization","@id":"https:\/\/schweizversand.ch\/fr\/#organization","name":"Schweizversand.ch","url":"https:\/\/schweizversand.ch\/fr\/","logo":{"@type":"ImageObject","inLanguage":"fr-FR","@id":"https:\/\/schweizversand.ch\/fr\/#\/schema\/logo\/image\/","url":"https:\/\/schweizversand.ch\/wp-content\/uploads\/2026\/03\/Logo_Rund_Final-1.png","contentUrl":"https:\/\/schweizversand.ch\/wp-content\/uploads\/2026\/03\/Logo_Rund_Final-1.png","width":404,"height":404,"caption":"Schweizversand.ch"},"image":{"@id":"https:\/\/schweizversand.ch\/fr\/#\/schema\/logo\/image\/"},"sameAs":["https:\/\/www.facebook.com\/Schweizversand","https:\/\/www.instagram.com\/schweizversand.ch\/"]}]}},"jetpack_sharing_enabled":true,"_links":{"self":[{"href":"https:\/\/schweizversand.ch\/fr\/wp-json\/wp\/v2\/product\/260298","targetHints":{"allow":["GET"]}}],"collection":[{"href":"https:\/\/schweizversand.ch\/fr\/wp-json\/wp\/v2\/product"}],"about":[{"href":"https:\/\/schweizversand.ch\/fr\/wp-json\/wp\/v2\/types\/product"}],"replies":[{"embeddable":true,"href":"https:\/\/schweizversand.ch\/fr\/wp-json\/wp\/v2\/comments?post=260298"}],"wp:featuredmedia":[{"embeddable":true,"href":"https:\/\/schweizversand.ch\/fr\/wp-json\/wp\/v2\/media\/163678"}],"wp:attachment":[{"href":"https:\/\/schweizversand.ch\/fr\/wp-json\/wp\/v2\/media?parent=260298"}],"wp:term":[{"taxonomy":"product_brand","embeddable":true,"href":"https:\/\/schweizversand.ch\/fr\/wp-json\/wp\/v2\/product_brand?post=260298"},{"taxonomy":"product_cat","embeddable":true,"href":"https:\/\/schweizversand.ch\/fr\/wp-json\/wp\/v2\/product_cat?post=260298"},{"taxonomy":"product_tag","embeddable":true,"href":"https:\/\/schweizversand.ch\/fr\/wp-json\/wp\/v2\/product_tag?post=260298"}],"curies":[{"name":"wp","href":"https:\/\/api.w.org\/{rel}","templated":true}]}}