{"id":260302,"date":"2026-03-15T00:28:47","date_gmt":"2026-03-14T23:28:47","guid":{"rendered":"https:\/\/schweizversand.ch\/produkt\/vivess-strandkleid-fuer-maedchen\/"},"modified":"2026-04-19T02:05:12","modified_gmt":"2026-04-19T00:05:12","slug":"vivess-strandkleid-fuer-maedchen","status":"publish","type":"product","link":"https:\/\/schweizversand.ch\/fr\/produkt\/vivess-strandkleid-fuer-maedchen\/","title":{"rendered":"Robe de plage VIVES pour filles"},"content":{"rendered":"<p>Cette robe de plage pour fille arbore un motif \u00e0 rayures rouges et blanches classique, \u00e9voquant instantan\u00e9ment les journ\u00e9es ensoleill\u00e9es \u00e0 la plage. Confectionn\u00e9e en coton 100 % respirant, elle offre un confort optimal et une libert\u00e9 de mouvement id\u00e9ale pour les journ\u00e9es actives au bord de l&rsquo;eau.<\/p>\n<\/p>\n<p>La robe est dot\u00e9e d&rsquo;un cordon de serrage \u00e0 la taille, permettant un ajustement personnalis\u00e9 et une jolie silhouette cintr\u00e9e.<\/p>\n<\/p>\n<p>Gr\u00e2ce \u00e0 sa mati\u00e8re l\u00e9g\u00e8re, la robe s\u00e8che rapidement, ce qui la rend id\u00e9ale pour la plage ou la piscine. Elle offre une protection solaire tout en assurant une sensation de l\u00e9g\u00e8ret\u00e9 et un confort optimal tout au long de la journ\u00e9e.<\/p>\n","protected":false},"excerpt":{"rendered":"<p>VIVESS Strandkleid f\u00fcr M\u00e4dchen \u00fcberzeugt mit rot-wei\u00dfem Streifenlook, 100% atmungsaktiver Baumwolle, Kordelzug f\u00fcr perfekte Passform und schnellem Trocknen \u2013 ideal f\u00fcr sonnige Tage!<\/p>\n","protected":false},"featured_media":163721,"comment_status":"open","ping_status":"closed","template":"","meta":[],"product_brand":[],"product_cat":[38866],"product_tag":[],"class_list":{"0":"post-260302","1":"product","2":"type-product","3":"status-publish","4":"has-post-thumbnail","6":"product_cat-kinderbademode","7":"product_shipping_class-global_methods","9":"first","10":"instock","11":"taxable","12":"shipping-taxable","13":"purchasable","14":"product-type-simple"},"yoast_head":"<!-- This site is optimized with the Yoast SEO plugin v27.4 - https:\/\/yoast.com\/product\/yoast-seo-wordpress\/ -->\n<title>VIVESS Strandkleid f\u00fcr M\u00e4dchen<\/title>\n<meta name=\"description\" content=\"Das Strandkleid f\u00fcr M\u00e4dchen pr\u00e4sentiert sich in einem klassischen rot-wei\u00dfen Streifenmuster, das sofort an sonnige Tage am Strand erinnert. Hergestellt aus 100%\" \/>\n<meta name=\"robots\" content=\"index, follow, max-snippet:-1, max-image-preview:large, max-video-preview:-1\" \/>\n<link rel=\"canonical\" href=\"https:\/\/schweizversand.ch\/fr\/produkt\/vivess-strandkleid-fuer-maedchen\/\" \/>\n<meta property=\"og:locale\" content=\"fr_FR\" \/>\n<meta property=\"og:type\" content=\"article\" \/>\n<meta property=\"og:title\" content=\"VIVESS Strandkleid f\u00fcr M\u00e4dchen\" \/>\n<meta property=\"og:description\" content=\"Das Strandkleid f\u00fcr M\u00e4dchen pr\u00e4sentiert sich in einem klassischen rot-wei\u00dfen Streifenmuster, das sofort an sonnige Tage am Strand erinnert. Hergestellt aus 100%\" \/>\n<meta property=\"og:url\" content=\"https:\/\/schweizversand.ch\/fr\/produkt\/vivess-strandkleid-fuer-maedchen\/\" \/>\n<meta property=\"og:site_name\" content=\"Schweizer Shop f\u00fcr Sport, Spiel und Freizeit\" \/>\n<meta property=\"article:publisher\" content=\"https:\/\/www.facebook.com\/Schweizversand\" \/>\n<meta property=\"article:modified_time\" content=\"2026-04-19T00:05:12+00:00\" \/>\n<meta property=\"og:image\" content=\"https:\/\/schweizversand.ch\/wp-content\/uploads\/2026\/02\/5471736593.jpg\" \/>\n\t<meta property=\"og:image:width\" content=\"768\" \/>\n\t<meta property=\"og:image:height\" content=\"1024\" \/>\n\t<meta property=\"og:image:type\" content=\"image\/jpeg\" \/>\n<meta name=\"twitter:card\" content=\"summary_large_image\" \/>\n<meta name=\"twitter:label1\" content=\"Dur\u00e9e de lecture estim\u00e9e\" \/>\n\t<meta name=\"twitter:data1\" content=\"1 minute\" \/>\n<script type=\"application\/ld+json\" class=\"yoast-schema-graph\">{\"@context\":\"https:\\\/\\\/schema.org\",\"@graph\":[{\"@type\":\"WebPage\",\"@id\":\"https:\\\/\\\/schweizversand.ch\\\/fr\\\/produkt\\\/vivess-strandkleid-fuer-maedchen\\\/\",\"url\":\"https:\\\/\\\/schweizversand.ch\\\/fr\\\/produkt\\\/vivess-strandkleid-fuer-maedchen\\\/\",\"name\":\"VIVESS Strandkleid f\u00fcr M\u00e4dchen\",\"isPartOf\":{\"@id\":\"https:\\\/\\\/schweizversand.ch\\\/fr\\\/#website\"},\"primaryImageOfPage\":{\"@id\":\"https:\\\/\\\/schweizversand.ch\\\/fr\\\/produkt\\\/vivess-strandkleid-fuer-maedchen\\\/#primaryimage\"},\"image\":{\"@id\":\"https:\\\/\\\/schweizversand.ch\\\/fr\\\/produkt\\\/vivess-strandkleid-fuer-maedchen\\\/#primaryimage\"},\"thumbnailUrl\":\"https:\\\/\\\/schweizversand.ch\\\/wp-content\\\/uploads\\\/2026\\\/02\\\/5471736593.jpg\",\"datePublished\":\"2026-03-14T23:28:47+00:00\",\"dateModified\":\"2026-04-19T00:05:12+00:00\",\"description\":\"Das Strandkleid f\u00fcr M\u00e4dchen pr\u00e4sentiert sich in einem klassischen rot-wei\u00dfen Streifenmuster, das sofort an sonnige Tage am Strand erinnert. Hergestellt aus 100%\",\"breadcrumb\":{\"@id\":\"https:\\\/\\\/schweizversand.ch\\\/fr\\\/produkt\\\/vivess-strandkleid-fuer-maedchen\\\/#breadcrumb\"},\"inLanguage\":\"fr-FR\",\"potentialAction\":[{\"@type\":\"ReadAction\",\"target\":[\"https:\\\/\\\/schweizversand.ch\\\/fr\\\/produkt\\\/vivess-strandkleid-fuer-maedchen\\\/\"]}]},{\"@type\":\"ImageObject\",\"inLanguage\":\"fr-FR\",\"@id\":\"https:\\\/\\\/schweizversand.ch\\\/fr\\\/produkt\\\/vivess-strandkleid-fuer-maedchen\\\/#primaryimage\",\"url\":\"https:\\\/\\\/schweizversand.ch\\\/wp-content\\\/uploads\\\/2026\\\/02\\\/5471736593.jpg\",\"contentUrl\":\"https:\\\/\\\/schweizversand.ch\\\/wp-content\\\/uploads\\\/2026\\\/02\\\/5471736593.jpg\",\"width\":768,\"height\":1024},{\"@type\":\"BreadcrumbList\",\"@id\":\"https:\\\/\\\/schweizversand.ch\\\/fr\\\/produkt\\\/vivess-strandkleid-fuer-maedchen\\\/#breadcrumb\",\"itemListElement\":[{\"@type\":\"ListItem\",\"position\":1,\"name\":\"Startseite\",\"item\":\"https:\\\/\\\/schweizversand.ch\\\/fr\\\/home\\\/\"},{\"@type\":\"ListItem\",\"position\":2,\"name\":\"Boutique\",\"item\":\"https:\\\/\\\/schweizversand.ch\\\/fr\\\/boutique\\\/\"},{\"@type\":\"ListItem\",\"position\":3,\"name\":\"Mode\",\"item\":\"https:\\\/\\\/schweizversand.ch\\\/fr\\\/produkt-kategorie\\\/mode-fr\\\/\"},{\"@type\":\"ListItem\",\"position\":4,\"name\":\"Mode enfantine\",\"item\":\"https:\\\/\\\/schweizversand.ch\\\/fr\\\/produkt-kategorie\\\/mode-fr\\\/mode-enfantine\\\/\"},{\"@type\":\"ListItem\",\"position\":5,\"name\":\"Maillots de bain enfants\",\"item\":\"https:\\\/\\\/schweizversand.ch\\\/fr\\\/produkt-kategorie\\\/mode-fr\\\/mode-enfantine\\\/kinderbademode\\\/\"},{\"@type\":\"ListItem\",\"position\":6,\"name\":\"Robe de plage VIVES pour filles\"}]},{\"@type\":\"WebSite\",\"@id\":\"https:\\\/\\\/schweizversand.ch\\\/fr\\\/#website\",\"url\":\"https:\\\/\\\/schweizversand.ch\\\/fr\\\/\",\"name\":\"Schweizer Shop f\u00fcr Sport, Spiel und Freizeit\",\"description\":\"Gratisversand ab 50.- (netto), ab eigenem schweizer Lager, Lieferung innert 48h\",\"publisher\":{\"@id\":\"https:\\\/\\\/schweizversand.ch\\\/fr\\\/#organization\"},\"alternateName\":\"Schweizversand.ch\",\"potentialAction\":[{\"@type\":\"SearchAction\",\"target\":{\"@type\":\"EntryPoint\",\"urlTemplate\":\"https:\\\/\\\/schweizversand.ch\\\/fr\\\/?s={search_term_string}\"},\"query-input\":{\"@type\":\"PropertyValueSpecification\",\"valueRequired\":true,\"valueName\":\"search_term_string\"}}],\"inLanguage\":\"fr-FR\"},{\"@type\":\"Organization\",\"@id\":\"https:\\\/\\\/schweizversand.ch\\\/fr\\\/#organization\",\"name\":\"Schweizversand.ch\",\"url\":\"https:\\\/\\\/schweizversand.ch\\\/fr\\\/\",\"logo\":{\"@type\":\"ImageObject\",\"inLanguage\":\"fr-FR\",\"@id\":\"https:\\\/\\\/schweizversand.ch\\\/fr\\\/#\\\/schema\\\/logo\\\/image\\\/\",\"url\":\"https:\\\/\\\/schweizversand.ch\\\/wp-content\\\/uploads\\\/2026\\\/03\\\/Logo_Rund_Final-1.png\",\"contentUrl\":\"https:\\\/\\\/schweizversand.ch\\\/wp-content\\\/uploads\\\/2026\\\/03\\\/Logo_Rund_Final-1.png\",\"width\":404,\"height\":404,\"caption\":\"Schweizversand.ch\"},\"image\":{\"@id\":\"https:\\\/\\\/schweizversand.ch\\\/fr\\\/#\\\/schema\\\/logo\\\/image\\\/\"},\"sameAs\":[\"https:\\\/\\\/www.facebook.com\\\/Schweizversand\",\"https:\\\/\\\/www.instagram.com\\\/schweizversand.ch\\\/\"]}]}<\/script>\n<!-- \/ Yoast SEO plugin. -->","yoast_head_json":{"title":"VIVESS Strandkleid f\u00fcr M\u00e4dchen","description":"Das Strandkleid f\u00fcr M\u00e4dchen pr\u00e4sentiert sich in einem klassischen rot-wei\u00dfen Streifenmuster, das sofort an sonnige Tage am Strand erinnert. Hergestellt aus 100%","robots":{"index":"index","follow":"follow","max-snippet":"max-snippet:-1","max-image-preview":"max-image-preview:large","max-video-preview":"max-video-preview:-1"},"canonical":"https:\/\/schweizversand.ch\/fr\/produkt\/vivess-strandkleid-fuer-maedchen\/","og_locale":"fr_FR","og_type":"article","og_title":"VIVESS Strandkleid f\u00fcr M\u00e4dchen","og_description":"Das Strandkleid f\u00fcr M\u00e4dchen pr\u00e4sentiert sich in einem klassischen rot-wei\u00dfen Streifenmuster, das sofort an sonnige Tage am Strand erinnert. Hergestellt aus 100%","og_url":"https:\/\/schweizversand.ch\/fr\/produkt\/vivess-strandkleid-fuer-maedchen\/","og_site_name":"Schweizer Shop f\u00fcr Sport, Spiel und Freizeit","article_publisher":"https:\/\/www.facebook.com\/Schweizversand","article_modified_time":"2026-04-19T00:05:12+00:00","og_image":[{"width":768,"height":1024,"url":"https:\/\/schweizversand.ch\/wp-content\/uploads\/2026\/02\/5471736593.jpg","type":"image\/jpeg"}],"twitter_card":"summary_large_image","twitter_misc":{"Dur\u00e9e de lecture estim\u00e9e":"1 minute"},"schema":{"@context":"https:\/\/schema.org","@graph":[{"@type":"WebPage","@id":"https:\/\/schweizversand.ch\/fr\/produkt\/vivess-strandkleid-fuer-maedchen\/","url":"https:\/\/schweizversand.ch\/fr\/produkt\/vivess-strandkleid-fuer-maedchen\/","name":"VIVESS Strandkleid f\u00fcr M\u00e4dchen","isPartOf":{"@id":"https:\/\/schweizversand.ch\/fr\/#website"},"primaryImageOfPage":{"@id":"https:\/\/schweizversand.ch\/fr\/produkt\/vivess-strandkleid-fuer-maedchen\/#primaryimage"},"image":{"@id":"https:\/\/schweizversand.ch\/fr\/produkt\/vivess-strandkleid-fuer-maedchen\/#primaryimage"},"thumbnailUrl":"https:\/\/schweizversand.ch\/wp-content\/uploads\/2026\/02\/5471736593.jpg","datePublished":"2026-03-14T23:28:47+00:00","dateModified":"2026-04-19T00:05:12+00:00","description":"Das Strandkleid f\u00fcr M\u00e4dchen pr\u00e4sentiert sich in einem klassischen rot-wei\u00dfen Streifenmuster, das sofort an sonnige Tage am Strand erinnert. Hergestellt aus 100%","breadcrumb":{"@id":"https:\/\/schweizversand.ch\/fr\/produkt\/vivess-strandkleid-fuer-maedchen\/#breadcrumb"},"inLanguage":"fr-FR","potentialAction":[{"@type":"ReadAction","target":["https:\/\/schweizversand.ch\/fr\/produkt\/vivess-strandkleid-fuer-maedchen\/"]}]},{"@type":"ImageObject","inLanguage":"fr-FR","@id":"https:\/\/schweizversand.ch\/fr\/produkt\/vivess-strandkleid-fuer-maedchen\/#primaryimage","url":"https:\/\/schweizversand.ch\/wp-content\/uploads\/2026\/02\/5471736593.jpg","contentUrl":"https:\/\/schweizversand.ch\/wp-content\/uploads\/2026\/02\/5471736593.jpg","width":768,"height":1024},{"@type":"BreadcrumbList","@id":"https:\/\/schweizversand.ch\/fr\/produkt\/vivess-strandkleid-fuer-maedchen\/#breadcrumb","itemListElement":[{"@type":"ListItem","position":1,"name":"Startseite","item":"https:\/\/schweizversand.ch\/fr\/home\/"},{"@type":"ListItem","position":2,"name":"Boutique","item":"https:\/\/schweizversand.ch\/fr\/boutique\/"},{"@type":"ListItem","position":3,"name":"Mode","item":"https:\/\/schweizversand.ch\/fr\/produkt-kategorie\/mode-fr\/"},{"@type":"ListItem","position":4,"name":"Mode enfantine","item":"https:\/\/schweizversand.ch\/fr\/produkt-kategorie\/mode-fr\/mode-enfantine\/"},{"@type":"ListItem","position":5,"name":"Maillots de bain enfants","item":"https:\/\/schweizversand.ch\/fr\/produkt-kategorie\/mode-fr\/mode-enfantine\/kinderbademode\/"},{"@type":"ListItem","position":6,"name":"Robe de plage VIVES pour filles"}]},{"@type":"WebSite","@id":"https:\/\/schweizversand.ch\/fr\/#website","url":"https:\/\/schweizversand.ch\/fr\/","name":"Schweizer Shop f\u00fcr Sport, Spiel und Freizeit","description":"Gratisversand ab 50.- (netto), ab eigenem schweizer Lager, Lieferung innert 48h","publisher":{"@id":"https:\/\/schweizversand.ch\/fr\/#organization"},"alternateName":"Schweizversand.ch","potentialAction":[{"@type":"SearchAction","target":{"@type":"EntryPoint","urlTemplate":"https:\/\/schweizversand.ch\/fr\/?s={search_term_string}"},"query-input":{"@type":"PropertyValueSpecification","valueRequired":true,"valueName":"search_term_string"}}],"inLanguage":"fr-FR"},{"@type":"Organization","@id":"https:\/\/schweizversand.ch\/fr\/#organization","name":"Schweizversand.ch","url":"https:\/\/schweizversand.ch\/fr\/","logo":{"@type":"ImageObject","inLanguage":"fr-FR","@id":"https:\/\/schweizversand.ch\/fr\/#\/schema\/logo\/image\/","url":"https:\/\/schweizversand.ch\/wp-content\/uploads\/2026\/03\/Logo_Rund_Final-1.png","contentUrl":"https:\/\/schweizversand.ch\/wp-content\/uploads\/2026\/03\/Logo_Rund_Final-1.png","width":404,"height":404,"caption":"Schweizversand.ch"},"image":{"@id":"https:\/\/schweizversand.ch\/fr\/#\/schema\/logo\/image\/"},"sameAs":["https:\/\/www.facebook.com\/Schweizversand","https:\/\/www.instagram.com\/schweizversand.ch\/"]}]}},"jetpack_sharing_enabled":true,"_links":{"self":[{"href":"https:\/\/schweizversand.ch\/fr\/wp-json\/wp\/v2\/product\/260302","targetHints":{"allow":["GET"]}}],"collection":[{"href":"https:\/\/schweizversand.ch\/fr\/wp-json\/wp\/v2\/product"}],"about":[{"href":"https:\/\/schweizversand.ch\/fr\/wp-json\/wp\/v2\/types\/product"}],"replies":[{"embeddable":true,"href":"https:\/\/schweizversand.ch\/fr\/wp-json\/wp\/v2\/comments?post=260302"}],"wp:featuredmedia":[{"embeddable":true,"href":"https:\/\/schweizversand.ch\/fr\/wp-json\/wp\/v2\/media\/163721"}],"wp:attachment":[{"href":"https:\/\/schweizversand.ch\/fr\/wp-json\/wp\/v2\/media?parent=260302"}],"wp:term":[{"taxonomy":"product_brand","embeddable":true,"href":"https:\/\/schweizversand.ch\/fr\/wp-json\/wp\/v2\/product_brand?post=260302"},{"taxonomy":"product_cat","embeddable":true,"href":"https:\/\/schweizversand.ch\/fr\/wp-json\/wp\/v2\/product_cat?post=260302"},{"taxonomy":"product_tag","embeddable":true,"href":"https:\/\/schweizversand.ch\/fr\/wp-json\/wp\/v2\/product_tag?post=260302"}],"curies":[{"name":"wp","href":"https:\/\/api.w.org\/{rel}","templated":true}]}}