{"id":260303,"date":"2026-03-15T00:28:47","date_gmt":"2026-03-14T23:28:47","guid":{"rendered":"https:\/\/schweizversand.ch\/produkt\/vivess-kinder-flip-flop\/"},"modified":"2026-04-21T15:34:45","modified_gmt":"2026-04-21T13:34:45","slug":"vivess-kinder-flip-flop","status":"publish","type":"product","link":"https:\/\/schweizversand.ch\/fr\/produkt\/vivess-kinder-flip-flop\/","title":{"rendered":"Tongs VIVES pour enfants"},"content":{"rendered":"<h1><strong>Tongs color\u00e9es<\/strong><\/h1>\n<div>Ces tongs color\u00e9es pour femmes sont le compagnon id\u00e9al pour toutes vos aventures estivales et apportent une touche d\u00e9contract\u00e9e et estivale \u00e0 toutes vos tenues. Que vous souhaitiez vous d\u00e9tendre sur la plage ou fl\u00e2ner en ville.<\/p>\n<\/div>\n<div><strong>Design et polyvalence<\/strong><br \/>Avec leur look joyeux, ces tongs color\u00e9es affirment votre style. Leur design estival \u00e9voque instantan\u00e9ment l&rsquo;envie de mer et de vacances. Elles sont non seulement id\u00e9ales pour la plage, mais aussi parfaites au quotidien, adapt\u00e9es \u00e0 toutes les occasions.<\/p>\n<\/div>\n<div><strong>Confort optimal<\/strong><br \/>Gr\u00e2ce \u00e0 leur coupe confortable et \u00e0 leur mati\u00e8re agr\u00e9able, ces tongs offrent un confort exceptionnel. Con\u00e7ues pour \u00eatre port\u00e9es toute la journ\u00e9e sans fatigue, ces sandales d\u00e9contract\u00e9es vous permettent de profiter pleinement de l&rsquo;\u00e9t\u00e9. Elles allient confort et style avec \u00e9l\u00e9gance. Points forts\u00a0: &#8211; Design d\u00e9contract\u00e9 et color\u00e9, parfait pour l&rsquo;\u00e9t\u00e9 &#8211; Id\u00e9ales comme tongs pour la plage et au quotidien &#8211; Polyvalentes pour toutes vos activit\u00e9s estivales &#8211; Confort optimal gr\u00e2ce \u00e0 leur forme ergonomique. Craquez pour ces tongs tendance et abordez la saison estivale en toute s\u00e9r\u00e9nit\u00e9\u00a0!<\/p>\n","protected":false},"excerpt":{"rendered":"<p>VIVESS Kinder Flip-Flop: Bunte, bequeme Sommerbegleiter f\u00fcr Strand und Alltag. Leicht, stylisch und ideal f\u00fcr sorglose Abenteuer bei jedem Schritt.<\/p>\n","protected":false},"featured_media":163722,"comment_status":"open","ping_status":"closed","template":"","meta":[],"product_brand":[],"product_cat":[38880],"product_tag":[],"class_list":{"0":"post-260303","1":"product","2":"type-product","3":"status-publish","4":"has-post-thumbnail","6":"product_cat-kinderschuhe","7":"product_shipping_class-global_methods","9":"first","10":"instock","11":"taxable","12":"shipping-taxable","13":"purchasable","14":"product-type-simple"},"yoast_head":"<!-- This site is optimized with the Yoast SEO plugin v27.4 - https:\/\/yoast.com\/product\/yoast-seo-wordpress\/ -->\n<title>VIVESS Kinder Flip-Flop<\/title>\n<meta name=\"description\" content=\"Diese bunten Zehentrenner sind der perfekte Begleiter f\u00fcr alle Sommerabenteuer und verleihen jedem Outfit eine entspannte und sommerliche Note. Egal, ob Sie am\" \/>\n<meta name=\"robots\" content=\"index, follow, max-snippet:-1, max-image-preview:large, max-video-preview:-1\" \/>\n<link rel=\"canonical\" href=\"https:\/\/schweizversand.ch\/fr\/produkt\/vivess-kinder-flip-flop\/\" \/>\n<meta property=\"og:locale\" content=\"fr_FR\" \/>\n<meta property=\"og:type\" content=\"article\" \/>\n<meta property=\"og:title\" content=\"VIVESS Kinder Flip-Flop\" \/>\n<meta property=\"og:description\" content=\"Diese bunten Zehentrenner sind der perfekte Begleiter f\u00fcr alle Sommerabenteuer und verleihen jedem Outfit eine entspannte und sommerliche Note. Egal, ob Sie am\" \/>\n<meta property=\"og:url\" content=\"https:\/\/schweizversand.ch\/fr\/produkt\/vivess-kinder-flip-flop\/\" \/>\n<meta property=\"og:site_name\" content=\"Schweizer Shop f\u00fcr Sport, Spiel und Freizeit\" \/>\n<meta property=\"article:publisher\" content=\"https:\/\/www.facebook.com\/Schweizversand\" \/>\n<meta property=\"article:modified_time\" content=\"2026-04-21T13:34:45+00:00\" \/>\n<meta property=\"og:image\" content=\"https:\/\/schweizversand.ch\/wp-content\/uploads\/2026\/02\/5471742282.jpg\" \/>\n\t<meta property=\"og:image:width\" content=\"811\" \/>\n\t<meta property=\"og:image:height\" content=\"1024\" \/>\n\t<meta property=\"og:image:type\" content=\"image\/jpeg\" \/>\n<meta name=\"twitter:card\" content=\"summary_large_image\" \/>\n<meta name=\"twitter:label1\" content=\"Dur\u00e9e de lecture estim\u00e9e\" \/>\n\t<meta name=\"twitter:data1\" content=\"1 minute\" \/>\n<script type=\"application\/ld+json\" class=\"yoast-schema-graph\">{\"@context\":\"https:\\\/\\\/schema.org\",\"@graph\":[{\"@type\":\"WebPage\",\"@id\":\"https:\\\/\\\/schweizversand.ch\\\/fr\\\/produkt\\\/vivess-kinder-flip-flop\\\/\",\"url\":\"https:\\\/\\\/schweizversand.ch\\\/fr\\\/produkt\\\/vivess-kinder-flip-flop\\\/\",\"name\":\"VIVESS Kinder Flip-Flop\",\"isPartOf\":{\"@id\":\"https:\\\/\\\/schweizversand.ch\\\/fr\\\/#website\"},\"primaryImageOfPage\":{\"@id\":\"https:\\\/\\\/schweizversand.ch\\\/fr\\\/produkt\\\/vivess-kinder-flip-flop\\\/#primaryimage\"},\"image\":{\"@id\":\"https:\\\/\\\/schweizversand.ch\\\/fr\\\/produkt\\\/vivess-kinder-flip-flop\\\/#primaryimage\"},\"thumbnailUrl\":\"https:\\\/\\\/schweizversand.ch\\\/wp-content\\\/uploads\\\/2026\\\/02\\\/5471742282.jpg\",\"datePublished\":\"2026-03-14T23:28:47+00:00\",\"dateModified\":\"2026-04-21T13:34:45+00:00\",\"description\":\"Diese bunten Zehentrenner sind der perfekte Begleiter f\u00fcr alle Sommerabenteuer und verleihen jedem Outfit eine entspannte und sommerliche Note. Egal, ob Sie am\",\"breadcrumb\":{\"@id\":\"https:\\\/\\\/schweizversand.ch\\\/fr\\\/produkt\\\/vivess-kinder-flip-flop\\\/#breadcrumb\"},\"inLanguage\":\"fr-FR\",\"potentialAction\":[{\"@type\":\"ReadAction\",\"target\":[\"https:\\\/\\\/schweizversand.ch\\\/fr\\\/produkt\\\/vivess-kinder-flip-flop\\\/\"]}]},{\"@type\":\"ImageObject\",\"inLanguage\":\"fr-FR\",\"@id\":\"https:\\\/\\\/schweizversand.ch\\\/fr\\\/produkt\\\/vivess-kinder-flip-flop\\\/#primaryimage\",\"url\":\"https:\\\/\\\/schweizversand.ch\\\/wp-content\\\/uploads\\\/2026\\\/02\\\/5471742282.jpg\",\"contentUrl\":\"https:\\\/\\\/schweizversand.ch\\\/wp-content\\\/uploads\\\/2026\\\/02\\\/5471742282.jpg\",\"width\":811,\"height\":1024},{\"@type\":\"BreadcrumbList\",\"@id\":\"https:\\\/\\\/schweizversand.ch\\\/fr\\\/produkt\\\/vivess-kinder-flip-flop\\\/#breadcrumb\",\"itemListElement\":[{\"@type\":\"ListItem\",\"position\":1,\"name\":\"Startseite\",\"item\":\"https:\\\/\\\/schweizversand.ch\\\/fr\\\/home\\\/\"},{\"@type\":\"ListItem\",\"position\":2,\"name\":\"Boutique\",\"item\":\"https:\\\/\\\/schweizversand.ch\\\/fr\\\/boutique\\\/\"},{\"@type\":\"ListItem\",\"position\":3,\"name\":\"Mode\",\"item\":\"https:\\\/\\\/schweizversand.ch\\\/fr\\\/produkt-kategorie\\\/mode-fr\\\/\"},{\"@type\":\"ListItem\",\"position\":4,\"name\":\"Mode enfantine\",\"item\":\"https:\\\/\\\/schweizversand.ch\\\/fr\\\/produkt-kategorie\\\/mode-fr\\\/mode-enfantine\\\/\"},{\"@type\":\"ListItem\",\"position\":5,\"name\":\"Chaussures pour enfants\",\"item\":\"https:\\\/\\\/schweizversand.ch\\\/fr\\\/produkt-kategorie\\\/mode-fr\\\/mode-enfantine\\\/kinderschuhe\\\/\"},{\"@type\":\"ListItem\",\"position\":6,\"name\":\"Tongs VIVES pour enfants\"}]},{\"@type\":\"WebSite\",\"@id\":\"https:\\\/\\\/schweizversand.ch\\\/fr\\\/#website\",\"url\":\"https:\\\/\\\/schweizversand.ch\\\/fr\\\/\",\"name\":\"Schweizer Shop f\u00fcr Sport, Spiel und Freizeit\",\"description\":\"Gratisversand ab 50.- (netto), ab eigenem schweizer Lager, Lieferung innert 48h\",\"publisher\":{\"@id\":\"https:\\\/\\\/schweizversand.ch\\\/fr\\\/#organization\"},\"alternateName\":\"Schweizversand.ch\",\"potentialAction\":[{\"@type\":\"SearchAction\",\"target\":{\"@type\":\"EntryPoint\",\"urlTemplate\":\"https:\\\/\\\/schweizversand.ch\\\/fr\\\/?s={search_term_string}\"},\"query-input\":{\"@type\":\"PropertyValueSpecification\",\"valueRequired\":true,\"valueName\":\"search_term_string\"}}],\"inLanguage\":\"fr-FR\"},{\"@type\":\"Organization\",\"@id\":\"https:\\\/\\\/schweizversand.ch\\\/fr\\\/#organization\",\"name\":\"Schweizversand.ch\",\"url\":\"https:\\\/\\\/schweizversand.ch\\\/fr\\\/\",\"logo\":{\"@type\":\"ImageObject\",\"inLanguage\":\"fr-FR\",\"@id\":\"https:\\\/\\\/schweizversand.ch\\\/fr\\\/#\\\/schema\\\/logo\\\/image\\\/\",\"url\":\"https:\\\/\\\/schweizversand.ch\\\/wp-content\\\/uploads\\\/2026\\\/03\\\/Logo_Rund_Final-1.png\",\"contentUrl\":\"https:\\\/\\\/schweizversand.ch\\\/wp-content\\\/uploads\\\/2026\\\/03\\\/Logo_Rund_Final-1.png\",\"width\":404,\"height\":404,\"caption\":\"Schweizversand.ch\"},\"image\":{\"@id\":\"https:\\\/\\\/schweizversand.ch\\\/fr\\\/#\\\/schema\\\/logo\\\/image\\\/\"},\"sameAs\":[\"https:\\\/\\\/www.facebook.com\\\/Schweizversand\",\"https:\\\/\\\/www.instagram.com\\\/schweizversand.ch\\\/\"]}]}<\/script>\n<!-- \/ Yoast SEO plugin. -->","yoast_head_json":{"title":"VIVESS Kinder Flip-Flop","description":"Diese bunten Zehentrenner sind der perfekte Begleiter f\u00fcr alle Sommerabenteuer und verleihen jedem Outfit eine entspannte und sommerliche Note. Egal, ob Sie am","robots":{"index":"index","follow":"follow","max-snippet":"max-snippet:-1","max-image-preview":"max-image-preview:large","max-video-preview":"max-video-preview:-1"},"canonical":"https:\/\/schweizversand.ch\/fr\/produkt\/vivess-kinder-flip-flop\/","og_locale":"fr_FR","og_type":"article","og_title":"VIVESS Kinder Flip-Flop","og_description":"Diese bunten Zehentrenner sind der perfekte Begleiter f\u00fcr alle Sommerabenteuer und verleihen jedem Outfit eine entspannte und sommerliche Note. Egal, ob Sie am","og_url":"https:\/\/schweizversand.ch\/fr\/produkt\/vivess-kinder-flip-flop\/","og_site_name":"Schweizer Shop f\u00fcr Sport, Spiel und Freizeit","article_publisher":"https:\/\/www.facebook.com\/Schweizversand","article_modified_time":"2026-04-21T13:34:45+00:00","og_image":[{"width":811,"height":1024,"url":"https:\/\/schweizversand.ch\/wp-content\/uploads\/2026\/02\/5471742282.jpg","type":"image\/jpeg"}],"twitter_card":"summary_large_image","twitter_misc":{"Dur\u00e9e de lecture estim\u00e9e":"1 minute"},"schema":{"@context":"https:\/\/schema.org","@graph":[{"@type":"WebPage","@id":"https:\/\/schweizversand.ch\/fr\/produkt\/vivess-kinder-flip-flop\/","url":"https:\/\/schweizversand.ch\/fr\/produkt\/vivess-kinder-flip-flop\/","name":"VIVESS Kinder Flip-Flop","isPartOf":{"@id":"https:\/\/schweizversand.ch\/fr\/#website"},"primaryImageOfPage":{"@id":"https:\/\/schweizversand.ch\/fr\/produkt\/vivess-kinder-flip-flop\/#primaryimage"},"image":{"@id":"https:\/\/schweizversand.ch\/fr\/produkt\/vivess-kinder-flip-flop\/#primaryimage"},"thumbnailUrl":"https:\/\/schweizversand.ch\/wp-content\/uploads\/2026\/02\/5471742282.jpg","datePublished":"2026-03-14T23:28:47+00:00","dateModified":"2026-04-21T13:34:45+00:00","description":"Diese bunten Zehentrenner sind der perfekte Begleiter f\u00fcr alle Sommerabenteuer und verleihen jedem Outfit eine entspannte und sommerliche Note. Egal, ob Sie am","breadcrumb":{"@id":"https:\/\/schweizversand.ch\/fr\/produkt\/vivess-kinder-flip-flop\/#breadcrumb"},"inLanguage":"fr-FR","potentialAction":[{"@type":"ReadAction","target":["https:\/\/schweizversand.ch\/fr\/produkt\/vivess-kinder-flip-flop\/"]}]},{"@type":"ImageObject","inLanguage":"fr-FR","@id":"https:\/\/schweizversand.ch\/fr\/produkt\/vivess-kinder-flip-flop\/#primaryimage","url":"https:\/\/schweizversand.ch\/wp-content\/uploads\/2026\/02\/5471742282.jpg","contentUrl":"https:\/\/schweizversand.ch\/wp-content\/uploads\/2026\/02\/5471742282.jpg","width":811,"height":1024},{"@type":"BreadcrumbList","@id":"https:\/\/schweizversand.ch\/fr\/produkt\/vivess-kinder-flip-flop\/#breadcrumb","itemListElement":[{"@type":"ListItem","position":1,"name":"Startseite","item":"https:\/\/schweizversand.ch\/fr\/home\/"},{"@type":"ListItem","position":2,"name":"Boutique","item":"https:\/\/schweizversand.ch\/fr\/boutique\/"},{"@type":"ListItem","position":3,"name":"Mode","item":"https:\/\/schweizversand.ch\/fr\/produkt-kategorie\/mode-fr\/"},{"@type":"ListItem","position":4,"name":"Mode enfantine","item":"https:\/\/schweizversand.ch\/fr\/produkt-kategorie\/mode-fr\/mode-enfantine\/"},{"@type":"ListItem","position":5,"name":"Chaussures pour enfants","item":"https:\/\/schweizversand.ch\/fr\/produkt-kategorie\/mode-fr\/mode-enfantine\/kinderschuhe\/"},{"@type":"ListItem","position":6,"name":"Tongs VIVES pour enfants"}]},{"@type":"WebSite","@id":"https:\/\/schweizversand.ch\/fr\/#website","url":"https:\/\/schweizversand.ch\/fr\/","name":"Schweizer Shop f\u00fcr Sport, Spiel und Freizeit","description":"Gratisversand ab 50.- (netto), ab eigenem schweizer Lager, Lieferung innert 48h","publisher":{"@id":"https:\/\/schweizversand.ch\/fr\/#organization"},"alternateName":"Schweizversand.ch","potentialAction":[{"@type":"SearchAction","target":{"@type":"EntryPoint","urlTemplate":"https:\/\/schweizversand.ch\/fr\/?s={search_term_string}"},"query-input":{"@type":"PropertyValueSpecification","valueRequired":true,"valueName":"search_term_string"}}],"inLanguage":"fr-FR"},{"@type":"Organization","@id":"https:\/\/schweizversand.ch\/fr\/#organization","name":"Schweizversand.ch","url":"https:\/\/schweizversand.ch\/fr\/","logo":{"@type":"ImageObject","inLanguage":"fr-FR","@id":"https:\/\/schweizversand.ch\/fr\/#\/schema\/logo\/image\/","url":"https:\/\/schweizversand.ch\/wp-content\/uploads\/2026\/03\/Logo_Rund_Final-1.png","contentUrl":"https:\/\/schweizversand.ch\/wp-content\/uploads\/2026\/03\/Logo_Rund_Final-1.png","width":404,"height":404,"caption":"Schweizversand.ch"},"image":{"@id":"https:\/\/schweizversand.ch\/fr\/#\/schema\/logo\/image\/"},"sameAs":["https:\/\/www.facebook.com\/Schweizversand","https:\/\/www.instagram.com\/schweizversand.ch\/"]}]}},"jetpack_sharing_enabled":true,"_links":{"self":[{"href":"https:\/\/schweizversand.ch\/fr\/wp-json\/wp\/v2\/product\/260303","targetHints":{"allow":["GET"]}}],"collection":[{"href":"https:\/\/schweizversand.ch\/fr\/wp-json\/wp\/v2\/product"}],"about":[{"href":"https:\/\/schweizversand.ch\/fr\/wp-json\/wp\/v2\/types\/product"}],"replies":[{"embeddable":true,"href":"https:\/\/schweizversand.ch\/fr\/wp-json\/wp\/v2\/comments?post=260303"}],"wp:featuredmedia":[{"embeddable":true,"href":"https:\/\/schweizversand.ch\/fr\/wp-json\/wp\/v2\/media\/163722"}],"wp:attachment":[{"href":"https:\/\/schweizversand.ch\/fr\/wp-json\/wp\/v2\/media?parent=260303"}],"wp:term":[{"taxonomy":"product_brand","embeddable":true,"href":"https:\/\/schweizversand.ch\/fr\/wp-json\/wp\/v2\/product_brand?post=260303"},{"taxonomy":"product_cat","embeddable":true,"href":"https:\/\/schweizversand.ch\/fr\/wp-json\/wp\/v2\/product_cat?post=260303"},{"taxonomy":"product_tag","embeddable":true,"href":"https:\/\/schweizversand.ch\/fr\/wp-json\/wp\/v2\/product_tag?post=260303"}],"curies":[{"name":"wp","href":"https:\/\/api.w.org\/{rel}","templated":true}]}}