{"id":260304,"date":"2026-03-15T00:28:47","date_gmt":"2026-03-14T23:28:47","guid":{"rendered":"https:\/\/schweizversand.ch\/produkt\/vivess-herren-flip-flop\/"},"modified":"2026-04-20T02:04:12","modified_gmt":"2026-04-20T00:04:12","slug":"vivess-herren-flip-flop","status":"publish","type":"product","link":"https:\/\/schweizversand.ch\/fr\/produkt\/vivess-herren-flip-flop\/","title":{"rendered":"Tongs pour hommes VIVES"},"content":{"rendered":"<p>Ces tongs pour homme bleu p\u00e9trole allient fonctionnalit\u00e9 et style. La semelle en caoutchouc offre une adh\u00e9rence et une durabilit\u00e9 optimales, tout en restant l\u00e9g\u00e8re et flexible. Elle est id\u00e9ale pour la plage, la piscine ou tout autre terrain.<\/p>\n<\/p>\n<p>La bride est confectionn\u00e9e dans un tissu de haute qualit\u00e9, doux et agr\u00e9able au toucher, pour un confort optimal. La couleur bleu p\u00e9trole conf\u00e8re aux tongs une allure moderne et \u00e9l\u00e9gante, parfaite avec toutes vos tenues d&rsquo;\u00e9t\u00e9.<\/p>\n<\/p>\n<p>Ces tongs sont non seulement styl\u00e9es, mais aussi pratiques. La bride en tissu assure un bon maintien et permet de les enfiler et de les retirer facilement. La semelle en caoutchouc offre \u00e9galement un bon amorti.<\/p>\n<\/p>\n<p>Ces tongs pour homme bleu p\u00e9trole, avec semelle en caoutchouc et bride en tissu, sont le choix id\u00e9al pour ceux qui recherchent confort et style, que ce soit \u00e0 la plage, \u00e0 la piscine ou en ville.<\/p>\n<\/p>\n<p>Semelle : Caoutchouc<\/p>\n<\/p>\n<p>Bride : Tissu, rayures blanches et bleu p\u00e9trole<\/p>\n","protected":false},"excerpt":{"rendered":"<p>VIVESS Herren Flip-Flop vereint modisches Petrol-Design mit rutschfester Gummisohle und weichem Stoffband f\u00fcr bequemen, sicheren Halt am Strand und in der Stadt.<\/p>\n","protected":false},"featured_media":163723,"comment_status":"open","ping_status":"closed","template":"","meta":[],"product_brand":[],"product_cat":[38522],"product_tag":[],"class_list":{"0":"post-260304","1":"product","2":"type-product","3":"status-publish","4":"has-post-thumbnail","6":"product_cat-herrenschuhe","7":"product_shipping_class-global_methods","9":"first","10":"instock","11":"taxable","12":"shipping-taxable","13":"purchasable","14":"product-type-simple"},"yoast_head":"<!-- This site is optimized with the Yoast SEO plugin v27.4 - https:\/\/yoast.com\/product\/yoast-seo-wordpress\/ -->\n<title>VIVESS Herren Flip-Flop<\/title>\n<meta name=\"description\" content=\"Diese Herren Flip Flops in Petrol vereinen Funktionalit\u00e4t mit modischem Design. Die Gummisohle bietet zuverl\u00e4ssige Traktion und Haltbarkeit, w\u00e4hrend sie gleichz\" \/>\n<meta name=\"robots\" content=\"index, follow, max-snippet:-1, max-image-preview:large, max-video-preview:-1\" \/>\n<link rel=\"canonical\" href=\"https:\/\/schweizversand.ch\/fr\/produkt\/vivess-herren-flip-flop\/\" \/>\n<meta property=\"og:locale\" content=\"fr_FR\" \/>\n<meta property=\"og:type\" content=\"article\" \/>\n<meta property=\"og:title\" content=\"VIVESS Herren Flip-Flop\" \/>\n<meta property=\"og:description\" content=\"Diese Herren Flip Flops in Petrol vereinen Funktionalit\u00e4t mit modischem Design. Die Gummisohle bietet zuverl\u00e4ssige Traktion und Haltbarkeit, w\u00e4hrend sie gleichz\" \/>\n<meta property=\"og:url\" content=\"https:\/\/schweizversand.ch\/fr\/produkt\/vivess-herren-flip-flop\/\" \/>\n<meta property=\"og:site_name\" content=\"Schweizer Shop f\u00fcr Sport, Spiel und Freizeit\" \/>\n<meta property=\"article:publisher\" content=\"https:\/\/www.facebook.com\/Schweizversand\" \/>\n<meta property=\"article:modified_time\" content=\"2026-04-20T00:04:12+00:00\" \/>\n<meta property=\"og:image\" content=\"https:\/\/schweizversand.ch\/wp-content\/uploads\/2026\/02\/5471738046.jpg\" \/>\n\t<meta property=\"og:image:width\" content=\"768\" \/>\n\t<meta property=\"og:image:height\" content=\"1024\" \/>\n\t<meta property=\"og:image:type\" content=\"image\/jpeg\" \/>\n<meta name=\"twitter:card\" content=\"summary_large_image\" \/>\n<meta name=\"twitter:label1\" content=\"Dur\u00e9e de lecture estim\u00e9e\" \/>\n\t<meta name=\"twitter:data1\" content=\"1 minute\" \/>\n<script type=\"application\/ld+json\" class=\"yoast-schema-graph\">{\"@context\":\"https:\\\/\\\/schema.org\",\"@graph\":[{\"@type\":\"WebPage\",\"@id\":\"https:\\\/\\\/schweizversand.ch\\\/fr\\\/produkt\\\/vivess-herren-flip-flop\\\/\",\"url\":\"https:\\\/\\\/schweizversand.ch\\\/fr\\\/produkt\\\/vivess-herren-flip-flop\\\/\",\"name\":\"VIVESS Herren Flip-Flop\",\"isPartOf\":{\"@id\":\"https:\\\/\\\/schweizversand.ch\\\/fr\\\/#website\"},\"primaryImageOfPage\":{\"@id\":\"https:\\\/\\\/schweizversand.ch\\\/fr\\\/produkt\\\/vivess-herren-flip-flop\\\/#primaryimage\"},\"image\":{\"@id\":\"https:\\\/\\\/schweizversand.ch\\\/fr\\\/produkt\\\/vivess-herren-flip-flop\\\/#primaryimage\"},\"thumbnailUrl\":\"https:\\\/\\\/schweizversand.ch\\\/wp-content\\\/uploads\\\/2026\\\/02\\\/5471738046.jpg\",\"datePublished\":\"2026-03-14T23:28:47+00:00\",\"dateModified\":\"2026-04-20T00:04:12+00:00\",\"description\":\"Diese Herren Flip Flops in Petrol vereinen Funktionalit\u00e4t mit modischem Design. Die Gummisohle bietet zuverl\u00e4ssige Traktion und Haltbarkeit, w\u00e4hrend sie gleichz\",\"breadcrumb\":{\"@id\":\"https:\\\/\\\/schweizversand.ch\\\/fr\\\/produkt\\\/vivess-herren-flip-flop\\\/#breadcrumb\"},\"inLanguage\":\"fr-FR\",\"potentialAction\":[{\"@type\":\"ReadAction\",\"target\":[\"https:\\\/\\\/schweizversand.ch\\\/fr\\\/produkt\\\/vivess-herren-flip-flop\\\/\"]}]},{\"@type\":\"ImageObject\",\"inLanguage\":\"fr-FR\",\"@id\":\"https:\\\/\\\/schweizversand.ch\\\/fr\\\/produkt\\\/vivess-herren-flip-flop\\\/#primaryimage\",\"url\":\"https:\\\/\\\/schweizversand.ch\\\/wp-content\\\/uploads\\\/2026\\\/02\\\/5471738046.jpg\",\"contentUrl\":\"https:\\\/\\\/schweizversand.ch\\\/wp-content\\\/uploads\\\/2026\\\/02\\\/5471738046.jpg\",\"width\":768,\"height\":1024},{\"@type\":\"BreadcrumbList\",\"@id\":\"https:\\\/\\\/schweizversand.ch\\\/fr\\\/produkt\\\/vivess-herren-flip-flop\\\/#breadcrumb\",\"itemListElement\":[{\"@type\":\"ListItem\",\"position\":1,\"name\":\"Startseite\",\"item\":\"https:\\\/\\\/schweizversand.ch\\\/fr\\\/home\\\/\"},{\"@type\":\"ListItem\",\"position\":2,\"name\":\"Boutique\",\"item\":\"https:\\\/\\\/schweizversand.ch\\\/fr\\\/boutique\\\/\"},{\"@type\":\"ListItem\",\"position\":3,\"name\":\"Mode\",\"item\":\"https:\\\/\\\/schweizversand.ch\\\/fr\\\/produkt-kategorie\\\/mode-fr\\\/\"},{\"@type\":\"ListItem\",\"position\":4,\"name\":\"Mode masculine\",\"item\":\"https:\\\/\\\/schweizversand.ch\\\/fr\\\/produkt-kategorie\\\/mode-fr\\\/mode-masculine\\\/\"},{\"@type\":\"ListItem\",\"position\":5,\"name\":\"Chaussures pour hommes\",\"item\":\"https:\\\/\\\/schweizversand.ch\\\/fr\\\/produkt-kategorie\\\/mode-fr\\\/mode-masculine\\\/herrenschuhe\\\/\"},{\"@type\":\"ListItem\",\"position\":6,\"name\":\"Tongs pour hommes VIVES\"}]},{\"@type\":\"WebSite\",\"@id\":\"https:\\\/\\\/schweizversand.ch\\\/fr\\\/#website\",\"url\":\"https:\\\/\\\/schweizversand.ch\\\/fr\\\/\",\"name\":\"Schweizer Shop f\u00fcr Sport, Spiel und Freizeit\",\"description\":\"Gratisversand ab 50.- (netto), ab eigenem schweizer Lager, Lieferung innert 48h\",\"publisher\":{\"@id\":\"https:\\\/\\\/schweizversand.ch\\\/fr\\\/#organization\"},\"alternateName\":\"Schweizversand.ch\",\"potentialAction\":[{\"@type\":\"SearchAction\",\"target\":{\"@type\":\"EntryPoint\",\"urlTemplate\":\"https:\\\/\\\/schweizversand.ch\\\/fr\\\/?s={search_term_string}\"},\"query-input\":{\"@type\":\"PropertyValueSpecification\",\"valueRequired\":true,\"valueName\":\"search_term_string\"}}],\"inLanguage\":\"fr-FR\"},{\"@type\":\"Organization\",\"@id\":\"https:\\\/\\\/schweizversand.ch\\\/fr\\\/#organization\",\"name\":\"Schweizversand.ch\",\"url\":\"https:\\\/\\\/schweizversand.ch\\\/fr\\\/\",\"logo\":{\"@type\":\"ImageObject\",\"inLanguage\":\"fr-FR\",\"@id\":\"https:\\\/\\\/schweizversand.ch\\\/fr\\\/#\\\/schema\\\/logo\\\/image\\\/\",\"url\":\"https:\\\/\\\/schweizversand.ch\\\/wp-content\\\/uploads\\\/2026\\\/03\\\/Logo_Rund_Final-1.png\",\"contentUrl\":\"https:\\\/\\\/schweizversand.ch\\\/wp-content\\\/uploads\\\/2026\\\/03\\\/Logo_Rund_Final-1.png\",\"width\":404,\"height\":404,\"caption\":\"Schweizversand.ch\"},\"image\":{\"@id\":\"https:\\\/\\\/schweizversand.ch\\\/fr\\\/#\\\/schema\\\/logo\\\/image\\\/\"},\"sameAs\":[\"https:\\\/\\\/www.facebook.com\\\/Schweizversand\",\"https:\\\/\\\/www.instagram.com\\\/schweizversand.ch\\\/\"]}]}<\/script>\n<!-- \/ Yoast SEO plugin. -->","yoast_head_json":{"title":"VIVESS Herren Flip-Flop","description":"Diese Herren Flip Flops in Petrol vereinen Funktionalit\u00e4t mit modischem Design. Die Gummisohle bietet zuverl\u00e4ssige Traktion und Haltbarkeit, w\u00e4hrend sie gleichz","robots":{"index":"index","follow":"follow","max-snippet":"max-snippet:-1","max-image-preview":"max-image-preview:large","max-video-preview":"max-video-preview:-1"},"canonical":"https:\/\/schweizversand.ch\/fr\/produkt\/vivess-herren-flip-flop\/","og_locale":"fr_FR","og_type":"article","og_title":"VIVESS Herren Flip-Flop","og_description":"Diese Herren Flip Flops in Petrol vereinen Funktionalit\u00e4t mit modischem Design. Die Gummisohle bietet zuverl\u00e4ssige Traktion und Haltbarkeit, w\u00e4hrend sie gleichz","og_url":"https:\/\/schweizversand.ch\/fr\/produkt\/vivess-herren-flip-flop\/","og_site_name":"Schweizer Shop f\u00fcr Sport, Spiel und Freizeit","article_publisher":"https:\/\/www.facebook.com\/Schweizversand","article_modified_time":"2026-04-20T00:04:12+00:00","og_image":[{"width":768,"height":1024,"url":"https:\/\/schweizversand.ch\/wp-content\/uploads\/2026\/02\/5471738046.jpg","type":"image\/jpeg"}],"twitter_card":"summary_large_image","twitter_misc":{"Dur\u00e9e de lecture estim\u00e9e":"1 minute"},"schema":{"@context":"https:\/\/schema.org","@graph":[{"@type":"WebPage","@id":"https:\/\/schweizversand.ch\/fr\/produkt\/vivess-herren-flip-flop\/","url":"https:\/\/schweizversand.ch\/fr\/produkt\/vivess-herren-flip-flop\/","name":"VIVESS Herren Flip-Flop","isPartOf":{"@id":"https:\/\/schweizversand.ch\/fr\/#website"},"primaryImageOfPage":{"@id":"https:\/\/schweizversand.ch\/fr\/produkt\/vivess-herren-flip-flop\/#primaryimage"},"image":{"@id":"https:\/\/schweizversand.ch\/fr\/produkt\/vivess-herren-flip-flop\/#primaryimage"},"thumbnailUrl":"https:\/\/schweizversand.ch\/wp-content\/uploads\/2026\/02\/5471738046.jpg","datePublished":"2026-03-14T23:28:47+00:00","dateModified":"2026-04-20T00:04:12+00:00","description":"Diese Herren Flip Flops in Petrol vereinen Funktionalit\u00e4t mit modischem Design. Die Gummisohle bietet zuverl\u00e4ssige Traktion und Haltbarkeit, w\u00e4hrend sie gleichz","breadcrumb":{"@id":"https:\/\/schweizversand.ch\/fr\/produkt\/vivess-herren-flip-flop\/#breadcrumb"},"inLanguage":"fr-FR","potentialAction":[{"@type":"ReadAction","target":["https:\/\/schweizversand.ch\/fr\/produkt\/vivess-herren-flip-flop\/"]}]},{"@type":"ImageObject","inLanguage":"fr-FR","@id":"https:\/\/schweizversand.ch\/fr\/produkt\/vivess-herren-flip-flop\/#primaryimage","url":"https:\/\/schweizversand.ch\/wp-content\/uploads\/2026\/02\/5471738046.jpg","contentUrl":"https:\/\/schweizversand.ch\/wp-content\/uploads\/2026\/02\/5471738046.jpg","width":768,"height":1024},{"@type":"BreadcrumbList","@id":"https:\/\/schweizversand.ch\/fr\/produkt\/vivess-herren-flip-flop\/#breadcrumb","itemListElement":[{"@type":"ListItem","position":1,"name":"Startseite","item":"https:\/\/schweizversand.ch\/fr\/home\/"},{"@type":"ListItem","position":2,"name":"Boutique","item":"https:\/\/schweizversand.ch\/fr\/boutique\/"},{"@type":"ListItem","position":3,"name":"Mode","item":"https:\/\/schweizversand.ch\/fr\/produkt-kategorie\/mode-fr\/"},{"@type":"ListItem","position":4,"name":"Mode masculine","item":"https:\/\/schweizversand.ch\/fr\/produkt-kategorie\/mode-fr\/mode-masculine\/"},{"@type":"ListItem","position":5,"name":"Chaussures pour hommes","item":"https:\/\/schweizversand.ch\/fr\/produkt-kategorie\/mode-fr\/mode-masculine\/herrenschuhe\/"},{"@type":"ListItem","position":6,"name":"Tongs pour hommes VIVES"}]},{"@type":"WebSite","@id":"https:\/\/schweizversand.ch\/fr\/#website","url":"https:\/\/schweizversand.ch\/fr\/","name":"Schweizer Shop f\u00fcr Sport, Spiel und Freizeit","description":"Gratisversand ab 50.- (netto), ab eigenem schweizer Lager, Lieferung innert 48h","publisher":{"@id":"https:\/\/schweizversand.ch\/fr\/#organization"},"alternateName":"Schweizversand.ch","potentialAction":[{"@type":"SearchAction","target":{"@type":"EntryPoint","urlTemplate":"https:\/\/schweizversand.ch\/fr\/?s={search_term_string}"},"query-input":{"@type":"PropertyValueSpecification","valueRequired":true,"valueName":"search_term_string"}}],"inLanguage":"fr-FR"},{"@type":"Organization","@id":"https:\/\/schweizversand.ch\/fr\/#organization","name":"Schweizversand.ch","url":"https:\/\/schweizversand.ch\/fr\/","logo":{"@type":"ImageObject","inLanguage":"fr-FR","@id":"https:\/\/schweizversand.ch\/fr\/#\/schema\/logo\/image\/","url":"https:\/\/schweizversand.ch\/wp-content\/uploads\/2026\/03\/Logo_Rund_Final-1.png","contentUrl":"https:\/\/schweizversand.ch\/wp-content\/uploads\/2026\/03\/Logo_Rund_Final-1.png","width":404,"height":404,"caption":"Schweizversand.ch"},"image":{"@id":"https:\/\/schweizversand.ch\/fr\/#\/schema\/logo\/image\/"},"sameAs":["https:\/\/www.facebook.com\/Schweizversand","https:\/\/www.instagram.com\/schweizversand.ch\/"]}]}},"jetpack_sharing_enabled":true,"_links":{"self":[{"href":"https:\/\/schweizversand.ch\/fr\/wp-json\/wp\/v2\/product\/260304","targetHints":{"allow":["GET"]}}],"collection":[{"href":"https:\/\/schweizversand.ch\/fr\/wp-json\/wp\/v2\/product"}],"about":[{"href":"https:\/\/schweizversand.ch\/fr\/wp-json\/wp\/v2\/types\/product"}],"replies":[{"embeddable":true,"href":"https:\/\/schweizversand.ch\/fr\/wp-json\/wp\/v2\/comments?post=260304"}],"wp:featuredmedia":[{"embeddable":true,"href":"https:\/\/schweizversand.ch\/fr\/wp-json\/wp\/v2\/media\/163723"}],"wp:attachment":[{"href":"https:\/\/schweizversand.ch\/fr\/wp-json\/wp\/v2\/media?parent=260304"}],"wp:term":[{"taxonomy":"product_brand","embeddable":true,"href":"https:\/\/schweizversand.ch\/fr\/wp-json\/wp\/v2\/product_brand?post=260304"},{"taxonomy":"product_cat","embeddable":true,"href":"https:\/\/schweizversand.ch\/fr\/wp-json\/wp\/v2\/product_cat?post=260304"},{"taxonomy":"product_tag","embeddable":true,"href":"https:\/\/schweizversand.ch\/fr\/wp-json\/wp\/v2\/product_tag?post=260304"}],"curies":[{"name":"wp","href":"https:\/\/api.w.org\/{rel}","templated":true}]}}