{"id":260310,"date":"2026-03-15T00:28:51","date_gmt":"2026-03-14T23:28:51","guid":{"rendered":"https:\/\/schweizversand.ch\/produkt\/share-textmarker-2er-set\/"},"modified":"2026-04-21T15:34:46","modified_gmt":"2026-04-21T13:34:46","slug":"share-textmarker-2er-set","status":"publish","type":"product","link":"https:\/\/schweizversand.ch\/fr\/produkt\/share-textmarker-2er-set\/","title":{"rendered":"Lot de 2 surligneurs \u00e0 partager"},"content":{"rendered":"<p>Lot de 2 surligneurs share (Jaune et Orange)\u00a0: Un pas de g\u00e9ant vers un avenir durable\u00a0!<\/p>\n<p>Mettez en valeur les informations importantes en toute conscience\u00a0! Le set de surligneurs share by edding EcoLine incarne la qualit\u00e9, la performance et le d\u00e9veloppement durable. Avec leurs couleurs jaune et orange \u00e9clatantes, ces surligneurs sont non seulement indispensables pour vos notes, mais aussi le reflet de votre engagement pour la plan\u00e8te.<\/p>\n<p>Caract\u00e9ristiques principales des surligneurs share\u00a0:<\/p>\n<p>1. Mat\u00e9riaux durables\u00a0: Le capuchon et le corps sont compos\u00e9s d\u2019au moins 90\u00a0% de mati\u00e8res premi\u00e8res renouvelables, tandis que l\u2019emballage est fabriqu\u00e9 \u00e0 partir d\u2019au moins 85\u00a0% de mat\u00e9riaux recycl\u00e9s.<\/p>\n<p>2. Rechargeables\u00a0: Prolongez la dur\u00e9e de vie de vos surligneurs gr\u00e2ce \u00e0 l\u2019encre de recharge edding (HTK 25), r\u00e9duisant ainsi les d\u00e9chets et favorisant l\u2019\u00e9conomie circulaire.<\/p>\n<p>3. Qualit\u00e9 allemande\u00a0: Fabriqu\u00e9 en Allemagne par edding, ce set est synonyme de qualit\u00e9 et de fiabilit\u00e9 exceptionnelles.<\/p>\n<p>4. Encre \u00e0 base d&rsquo;eau : L&rsquo;encre \u00e0 base d&rsquo;eau garantit des surlignages \u00e9clatants et durables, tout en \u00e9tant respectueuse de l&rsquo;environnement.<\/p>\n<p>5. Neutralit\u00e9 carbone : Gr\u00e2ce \u00e0 la compensation carbone via le soutien de projets certifi\u00e9s de protection du climat, chaque achat contribue \u00e0 la protection de l&rsquo;environnement (ClimatePartner.com\/13742-2102-1001).<\/p>\n<p>6. Utilisation polyvalente : Avec une largeur de trait de 2 \u00e0 5 mm, permise par la pointe biseaut\u00e9e, ces surligneurs sont parfaits pour surligner des textes de diff\u00e9rentes longueurs.<\/p>\n<p>Conclusion : Le lot de 2 surligneurs Share est bien plus qu&rsquo;un simple outil d&rsquo;\u00e9criture : c&rsquo;est l&rsquo;expression d&rsquo;un engagement pour un monde plus durable et responsable. \u00c0 chaque trait, vous participez \u00e0 un mouvement qui \u0153uvre pour un avenir meilleur. Mettez en valeur non seulement vos textes, mais aussi l&rsquo;impact positif que peuvent avoir des actions conscientes !<\/p>\n","protected":false},"excerpt":{"rendered":"<p>share Textmarker 2er Set: Leuchtend gelb &amp; orange, nachhaltig aus nachwachsenden Rohstoffen, nachf\u00fcllbar und recycelbar \u2013 f\u00fcr klare Notizen mit gutem Gewissen.<\/p>\n","protected":false},"featured_media":163791,"comment_status":"open","ping_status":"closed","template":"","meta":[],"product_brand":[],"product_cat":[38101],"product_tag":[],"class_list":{"0":"post-260310","1":"product","2":"type-product","3":"status-publish","4":"has-post-thumbnail","6":"product_cat-stifte-schreibgeraete","7":"product_shipping_class-global_methods","9":"first","10":"instock","11":"taxable","12":"shipping-taxable","13":"purchasable","14":"product-type-simple"},"yoast_head":"<!-- This site is optimized with the Yoast SEO plugin v27.4 - https:\/\/yoast.com\/product\/yoast-seo-wordpress\/ -->\n<title>share Textmarker 2er Set<\/title>\n<meta name=\"description\" content=\"share Textmarker 2er Set (gelb &amp; orange): Ein leuchtender Schritt in eine nachhaltige Zukunft!\u00a0 Heben Sie die Schl\u00fcsselinformationen mit einem klaren Gewissen\" \/>\n<meta name=\"robots\" content=\"index, follow, max-snippet:-1, max-image-preview:large, max-video-preview:-1\" \/>\n<link rel=\"canonical\" href=\"https:\/\/schweizversand.ch\/fr\/produkt\/share-textmarker-2er-set\/\" \/>\n<meta property=\"og:locale\" content=\"fr_FR\" \/>\n<meta property=\"og:type\" content=\"article\" \/>\n<meta property=\"og:title\" content=\"share Textmarker 2er Set\" \/>\n<meta property=\"og:description\" content=\"share Textmarker 2er Set (gelb &amp; orange): Ein leuchtender Schritt in eine nachhaltige Zukunft!\u00a0 Heben Sie die Schl\u00fcsselinformationen mit einem klaren Gewissen\" \/>\n<meta property=\"og:url\" content=\"https:\/\/schweizversand.ch\/fr\/produkt\/share-textmarker-2er-set\/\" \/>\n<meta property=\"og:site_name\" content=\"Schweizer Shop f\u00fcr Sport, Spiel und Freizeit\" \/>\n<meta property=\"article:publisher\" content=\"https:\/\/www.facebook.com\/Schweizversand\" \/>\n<meta property=\"article:modified_time\" content=\"2026-04-21T13:34:46+00:00\" \/>\n<meta property=\"og:image\" content=\"https:\/\/schweizversand.ch\/wp-content\/uploads\/2026\/02\/5471652574.jpg\" \/>\n\t<meta property=\"og:image:width\" content=\"1024\" \/>\n\t<meta property=\"og:image:height\" content=\"683\" \/>\n\t<meta property=\"og:image:type\" content=\"image\/jpeg\" \/>\n<meta name=\"twitter:card\" content=\"summary_large_image\" \/>\n<meta name=\"twitter:label1\" content=\"Dur\u00e9e de lecture estim\u00e9e\" \/>\n\t<meta name=\"twitter:data1\" content=\"1 minute\" \/>\n<script type=\"application\/ld+json\" class=\"yoast-schema-graph\">{\"@context\":\"https:\\\/\\\/schema.org\",\"@graph\":[{\"@type\":\"WebPage\",\"@id\":\"https:\\\/\\\/schweizversand.ch\\\/fr\\\/produkt\\\/share-textmarker-2er-set\\\/\",\"url\":\"https:\\\/\\\/schweizversand.ch\\\/fr\\\/produkt\\\/share-textmarker-2er-set\\\/\",\"name\":\"share Textmarker 2er Set\",\"isPartOf\":{\"@id\":\"https:\\\/\\\/schweizversand.ch\\\/fr\\\/#website\"},\"primaryImageOfPage\":{\"@id\":\"https:\\\/\\\/schweizversand.ch\\\/fr\\\/produkt\\\/share-textmarker-2er-set\\\/#primaryimage\"},\"image\":{\"@id\":\"https:\\\/\\\/schweizversand.ch\\\/fr\\\/produkt\\\/share-textmarker-2er-set\\\/#primaryimage\"},\"thumbnailUrl\":\"https:\\\/\\\/schweizversand.ch\\\/wp-content\\\/uploads\\\/2026\\\/02\\\/5471652574.jpg\",\"datePublished\":\"2026-03-14T23:28:51+00:00\",\"dateModified\":\"2026-04-21T13:34:46+00:00\",\"description\":\"share Textmarker 2er Set (gelb & orange): Ein leuchtender Schritt in eine nachhaltige Zukunft!\u00a0 Heben Sie die Schl\u00fcsselinformationen mit einem klaren Gewissen\",\"breadcrumb\":{\"@id\":\"https:\\\/\\\/schweizversand.ch\\\/fr\\\/produkt\\\/share-textmarker-2er-set\\\/#breadcrumb\"},\"inLanguage\":\"fr-FR\",\"potentialAction\":[{\"@type\":\"ReadAction\",\"target\":[\"https:\\\/\\\/schweizversand.ch\\\/fr\\\/produkt\\\/share-textmarker-2er-set\\\/\"]}]},{\"@type\":\"ImageObject\",\"inLanguage\":\"fr-FR\",\"@id\":\"https:\\\/\\\/schweizversand.ch\\\/fr\\\/produkt\\\/share-textmarker-2er-set\\\/#primaryimage\",\"url\":\"https:\\\/\\\/schweizversand.ch\\\/wp-content\\\/uploads\\\/2026\\\/02\\\/5471652574.jpg\",\"contentUrl\":\"https:\\\/\\\/schweizversand.ch\\\/wp-content\\\/uploads\\\/2026\\\/02\\\/5471652574.jpg\",\"width\":1024,\"height\":683},{\"@type\":\"BreadcrumbList\",\"@id\":\"https:\\\/\\\/schweizversand.ch\\\/fr\\\/produkt\\\/share-textmarker-2er-set\\\/#breadcrumb\",\"itemListElement\":[{\"@type\":\"ListItem\",\"position\":1,\"name\":\"Startseite\",\"item\":\"https:\\\/\\\/schweizversand.ch\\\/fr\\\/home\\\/\"},{\"@type\":\"ListItem\",\"position\":2,\"name\":\"Boutique\",\"item\":\"https:\\\/\\\/schweizversand.ch\\\/fr\\\/boutique\\\/\"},{\"@type\":\"ListItem\",\"position\":3,\"name\":\"Fournitures de bureau et papeterie\",\"item\":\"https:\\\/\\\/schweizversand.ch\\\/fr\\\/produkt-kategorie\\\/fournitures-de-bureau-et-papeterie\\\/\"},{\"@type\":\"ListItem\",\"position\":4,\"name\":\"Espace de travail\",\"item\":\"https:\\\/\\\/schweizversand.ch\\\/fr\\\/produkt-kategorie\\\/fournitures-de-bureau-et-papeterie\\\/espace-de-travail\\\/\"},{\"@type\":\"ListItem\",\"position\":5,\"name\":\"Stylos et instruments d'\u00e9criture\",\"item\":\"https:\\\/\\\/schweizversand.ch\\\/fr\\\/produkt-kategorie\\\/fournitures-de-bureau-et-papeterie\\\/espace-de-travail\\\/stifte-schreibgeraete\\\/\"},{\"@type\":\"ListItem\",\"position\":6,\"name\":\"Lot de 2 surligneurs \u00e0 partager\"}]},{\"@type\":\"WebSite\",\"@id\":\"https:\\\/\\\/schweizversand.ch\\\/fr\\\/#website\",\"url\":\"https:\\\/\\\/schweizversand.ch\\\/fr\\\/\",\"name\":\"Schweizer Shop f\u00fcr Sport, Spiel und Freizeit\",\"description\":\"Gratisversand ab 50.- (netto), ab eigenem schweizer Lager, Lieferung innert 48h\",\"publisher\":{\"@id\":\"https:\\\/\\\/schweizversand.ch\\\/fr\\\/#organization\"},\"alternateName\":\"Schweizversand.ch\",\"potentialAction\":[{\"@type\":\"SearchAction\",\"target\":{\"@type\":\"EntryPoint\",\"urlTemplate\":\"https:\\\/\\\/schweizversand.ch\\\/fr\\\/?s={search_term_string}\"},\"query-input\":{\"@type\":\"PropertyValueSpecification\",\"valueRequired\":true,\"valueName\":\"search_term_string\"}}],\"inLanguage\":\"fr-FR\"},{\"@type\":\"Organization\",\"@id\":\"https:\\\/\\\/schweizversand.ch\\\/fr\\\/#organization\",\"name\":\"Schweizversand.ch\",\"url\":\"https:\\\/\\\/schweizversand.ch\\\/fr\\\/\",\"logo\":{\"@type\":\"ImageObject\",\"inLanguage\":\"fr-FR\",\"@id\":\"https:\\\/\\\/schweizversand.ch\\\/fr\\\/#\\\/schema\\\/logo\\\/image\\\/\",\"url\":\"https:\\\/\\\/schweizversand.ch\\\/wp-content\\\/uploads\\\/2026\\\/03\\\/Logo_Rund_Final-1.png\",\"contentUrl\":\"https:\\\/\\\/schweizversand.ch\\\/wp-content\\\/uploads\\\/2026\\\/03\\\/Logo_Rund_Final-1.png\",\"width\":404,\"height\":404,\"caption\":\"Schweizversand.ch\"},\"image\":{\"@id\":\"https:\\\/\\\/schweizversand.ch\\\/fr\\\/#\\\/schema\\\/logo\\\/image\\\/\"},\"sameAs\":[\"https:\\\/\\\/www.facebook.com\\\/Schweizversand\",\"https:\\\/\\\/www.instagram.com\\\/schweizversand.ch\\\/\"]}]}<\/script>\n<!-- \/ Yoast SEO plugin. -->","yoast_head_json":{"title":"share Textmarker 2er Set","description":"share Textmarker 2er Set (gelb & orange): Ein leuchtender Schritt in eine nachhaltige Zukunft!\u00a0 Heben Sie die Schl\u00fcsselinformationen mit einem klaren Gewissen","robots":{"index":"index","follow":"follow","max-snippet":"max-snippet:-1","max-image-preview":"max-image-preview:large","max-video-preview":"max-video-preview:-1"},"canonical":"https:\/\/schweizversand.ch\/fr\/produkt\/share-textmarker-2er-set\/","og_locale":"fr_FR","og_type":"article","og_title":"share Textmarker 2er Set","og_description":"share Textmarker 2er Set (gelb & orange): Ein leuchtender Schritt in eine nachhaltige Zukunft!\u00a0 Heben Sie die Schl\u00fcsselinformationen mit einem klaren Gewissen","og_url":"https:\/\/schweizversand.ch\/fr\/produkt\/share-textmarker-2er-set\/","og_site_name":"Schweizer Shop f\u00fcr Sport, Spiel und Freizeit","article_publisher":"https:\/\/www.facebook.com\/Schweizversand","article_modified_time":"2026-04-21T13:34:46+00:00","og_image":[{"width":1024,"height":683,"url":"https:\/\/schweizversand.ch\/wp-content\/uploads\/2026\/02\/5471652574.jpg","type":"image\/jpeg"}],"twitter_card":"summary_large_image","twitter_misc":{"Dur\u00e9e de lecture estim\u00e9e":"1 minute"},"schema":{"@context":"https:\/\/schema.org","@graph":[{"@type":"WebPage","@id":"https:\/\/schweizversand.ch\/fr\/produkt\/share-textmarker-2er-set\/","url":"https:\/\/schweizversand.ch\/fr\/produkt\/share-textmarker-2er-set\/","name":"share Textmarker 2er Set","isPartOf":{"@id":"https:\/\/schweizversand.ch\/fr\/#website"},"primaryImageOfPage":{"@id":"https:\/\/schweizversand.ch\/fr\/produkt\/share-textmarker-2er-set\/#primaryimage"},"image":{"@id":"https:\/\/schweizversand.ch\/fr\/produkt\/share-textmarker-2er-set\/#primaryimage"},"thumbnailUrl":"https:\/\/schweizversand.ch\/wp-content\/uploads\/2026\/02\/5471652574.jpg","datePublished":"2026-03-14T23:28:51+00:00","dateModified":"2026-04-21T13:34:46+00:00","description":"share Textmarker 2er Set (gelb & orange): Ein leuchtender Schritt in eine nachhaltige Zukunft!\u00a0 Heben Sie die Schl\u00fcsselinformationen mit einem klaren Gewissen","breadcrumb":{"@id":"https:\/\/schweizversand.ch\/fr\/produkt\/share-textmarker-2er-set\/#breadcrumb"},"inLanguage":"fr-FR","potentialAction":[{"@type":"ReadAction","target":["https:\/\/schweizversand.ch\/fr\/produkt\/share-textmarker-2er-set\/"]}]},{"@type":"ImageObject","inLanguage":"fr-FR","@id":"https:\/\/schweizversand.ch\/fr\/produkt\/share-textmarker-2er-set\/#primaryimage","url":"https:\/\/schweizversand.ch\/wp-content\/uploads\/2026\/02\/5471652574.jpg","contentUrl":"https:\/\/schweizversand.ch\/wp-content\/uploads\/2026\/02\/5471652574.jpg","width":1024,"height":683},{"@type":"BreadcrumbList","@id":"https:\/\/schweizversand.ch\/fr\/produkt\/share-textmarker-2er-set\/#breadcrumb","itemListElement":[{"@type":"ListItem","position":1,"name":"Startseite","item":"https:\/\/schweizversand.ch\/fr\/home\/"},{"@type":"ListItem","position":2,"name":"Boutique","item":"https:\/\/schweizversand.ch\/fr\/boutique\/"},{"@type":"ListItem","position":3,"name":"Fournitures de bureau et papeterie","item":"https:\/\/schweizversand.ch\/fr\/produkt-kategorie\/fournitures-de-bureau-et-papeterie\/"},{"@type":"ListItem","position":4,"name":"Espace de travail","item":"https:\/\/schweizversand.ch\/fr\/produkt-kategorie\/fournitures-de-bureau-et-papeterie\/espace-de-travail\/"},{"@type":"ListItem","position":5,"name":"Stylos et instruments d'\u00e9criture","item":"https:\/\/schweizversand.ch\/fr\/produkt-kategorie\/fournitures-de-bureau-et-papeterie\/espace-de-travail\/stifte-schreibgeraete\/"},{"@type":"ListItem","position":6,"name":"Lot de 2 surligneurs \u00e0 partager"}]},{"@type":"WebSite","@id":"https:\/\/schweizversand.ch\/fr\/#website","url":"https:\/\/schweizversand.ch\/fr\/","name":"Schweizer Shop f\u00fcr Sport, Spiel und Freizeit","description":"Gratisversand ab 50.- (netto), ab eigenem schweizer Lager, Lieferung innert 48h","publisher":{"@id":"https:\/\/schweizversand.ch\/fr\/#organization"},"alternateName":"Schweizversand.ch","potentialAction":[{"@type":"SearchAction","target":{"@type":"EntryPoint","urlTemplate":"https:\/\/schweizversand.ch\/fr\/?s={search_term_string}"},"query-input":{"@type":"PropertyValueSpecification","valueRequired":true,"valueName":"search_term_string"}}],"inLanguage":"fr-FR"},{"@type":"Organization","@id":"https:\/\/schweizversand.ch\/fr\/#organization","name":"Schweizversand.ch","url":"https:\/\/schweizversand.ch\/fr\/","logo":{"@type":"ImageObject","inLanguage":"fr-FR","@id":"https:\/\/schweizversand.ch\/fr\/#\/schema\/logo\/image\/","url":"https:\/\/schweizversand.ch\/wp-content\/uploads\/2026\/03\/Logo_Rund_Final-1.png","contentUrl":"https:\/\/schweizversand.ch\/wp-content\/uploads\/2026\/03\/Logo_Rund_Final-1.png","width":404,"height":404,"caption":"Schweizversand.ch"},"image":{"@id":"https:\/\/schweizversand.ch\/fr\/#\/schema\/logo\/image\/"},"sameAs":["https:\/\/www.facebook.com\/Schweizversand","https:\/\/www.instagram.com\/schweizversand.ch\/"]}]}},"jetpack_sharing_enabled":true,"_links":{"self":[{"href":"https:\/\/schweizversand.ch\/fr\/wp-json\/wp\/v2\/product\/260310","targetHints":{"allow":["GET"]}}],"collection":[{"href":"https:\/\/schweizversand.ch\/fr\/wp-json\/wp\/v2\/product"}],"about":[{"href":"https:\/\/schweizversand.ch\/fr\/wp-json\/wp\/v2\/types\/product"}],"replies":[{"embeddable":true,"href":"https:\/\/schweizversand.ch\/fr\/wp-json\/wp\/v2\/comments?post=260310"}],"wp:featuredmedia":[{"embeddable":true,"href":"https:\/\/schweizversand.ch\/fr\/wp-json\/wp\/v2\/media\/163791"}],"wp:attachment":[{"href":"https:\/\/schweizversand.ch\/fr\/wp-json\/wp\/v2\/media?parent=260310"}],"wp:term":[{"taxonomy":"product_brand","embeddable":true,"href":"https:\/\/schweizversand.ch\/fr\/wp-json\/wp\/v2\/product_brand?post=260310"},{"taxonomy":"product_cat","embeddable":true,"href":"https:\/\/schweizversand.ch\/fr\/wp-json\/wp\/v2\/product_cat?post=260310"},{"taxonomy":"product_tag","embeddable":true,"href":"https:\/\/schweizversand.ch\/fr\/wp-json\/wp\/v2\/product_tag?post=260310"}],"curies":[{"name":"wp","href":"https:\/\/api.w.org\/{rel}","templated":true}]}}