{"id":260311,"date":"2026-03-15T00:28:51","date_gmt":"2026-03-14T23:28:51","guid":{"rendered":"https:\/\/schweizversand.ch\/produkt\/share-permanentmarker-2er-set\/"},"modified":"2026-04-21T15:34:46","modified_gmt":"2026-04-21T13:34:46","slug":"share-permanentmarker-2er-set","status":"publish","type":"product","link":"https:\/\/schweizversand.ch\/fr\/produkt\/share-permanentmarker-2er-set\/","title":{"rendered":"Lot de 2 marqueurs permanents \u00e0 partager"},"content":{"rendered":"<p>Lot de 2 marqueurs permanents share (vert et noir)\u00a0: Qualit\u00e9 et durabilit\u00e9\u00a0!<\/p>\n<p>Pour laisser une impression durable, il faut plus que de l\u2019encre. Il faut de la responsabilit\u00e9, de la qualit\u00e9 et de la durabilit\u00e9. C\u2019est pr\u00e9cis\u00e9ment ce que vous offre le lot de 2 marqueurs permanents share, en collaboration avec edding.<\/p>\n<p>Caract\u00e9ristiques principales des marqueurs permanents share\u00a0:<\/p>\n<p>1. \u00c9coresponsable\u00a0: Compos\u00e9 \u00e0 90\u00a0% de mat\u00e9riaux recycl\u00e9s dans ses parties en plastique, ce marqueur contribue \u00e0 un avenir plus durable.<\/p>\n<p>2. Fabrication experte\u00a0: Gr\u00e2ce \u00e0 notre collaboration avec edding, leader du secteur des marqueurs, nous garantissons une qualit\u00e9 et une durabilit\u00e9 exceptionnelles.<\/p>\n<p>3. Polyvalent et pr\u00e9cis\u00a0: Avec une largeur de trait de 1,5 \u00e0 3\u00a0mm, ces marqueurs sont parfaits pour une grande vari\u00e9t\u00e9 d\u2019applications, des notes fines aux marquages \u200b\u200b\u00e9pais.<\/p>\n<p>4. Doublement pratique : ce lot comprend deux marqueurs, un vert et un noir, pour une \u00e9criture claire et polyvalente.<\/p>\n<p>5. Durabilit\u00e9 : la possibilit\u00e9 de recharger les marqueurs avec l&rsquo;encre Edding est un atout suppl\u00e9mentaire, prolongeant ainsi leur dur\u00e9e de vie et r\u00e9duisant les d\u00e9chets.<\/p>\n<p>Conclusion : si vous recherchez un marqueur permanent qui laisse une empreinte durable sur le papier tout en respectant l&rsquo;environnement, le lot de 2 marqueurs permanents Share est fait pour vous. \u00c9crivez en toute s\u00e9r\u00e9nit\u00e9, sans compromis sur la qualit\u00e9 et la fonctionnalit\u00e9.<\/p>\n","protected":false},"excerpt":{"rendered":"<p>share Permanentmarker 2er Set vereint 90% recyceltes Material mit edding-Qualit\u00e4t f\u00fcr langlebige, pr\u00e4zise Markierungen in Gr\u00fcn und Schwarz \u2013 nachhaltig und vielseitig.<\/p>\n","protected":false},"featured_media":163793,"comment_status":"open","ping_status":"closed","template":"","meta":[],"product_brand":[],"product_cat":[38101],"product_tag":[],"class_list":{"0":"post-260311","1":"product","2":"type-product","3":"status-publish","4":"has-post-thumbnail","6":"product_cat-stifte-schreibgeraete","7":"product_shipping_class-global_methods","9":"first","10":"instock","11":"taxable","12":"shipping-taxable","13":"purchasable","14":"product-type-simple"},"yoast_head":"<!-- This site is optimized with the Yoast SEO plugin v27.4 - https:\/\/yoast.com\/product\/yoast-seo-wordpress\/ -->\n<title>share Permanentmarker 2er Set<\/title>\n<meta name=\"description\" content=\"share Permanentmarker 2er Set (gr\u00fcn &amp; schwarz): Nachhaltigkeit trifft Qualit\u00e4t!\u00a0 Wenn es darum geht, markante Spuren zu hinterlassen, braucht es mehr als nur F\" \/>\n<meta name=\"robots\" content=\"index, follow, max-snippet:-1, max-image-preview:large, max-video-preview:-1\" \/>\n<link rel=\"canonical\" href=\"https:\/\/schweizversand.ch\/fr\/produkt\/share-permanentmarker-2er-set\/\" \/>\n<meta property=\"og:locale\" content=\"fr_FR\" \/>\n<meta property=\"og:type\" content=\"article\" \/>\n<meta property=\"og:title\" content=\"share Permanentmarker 2er Set\" \/>\n<meta property=\"og:description\" content=\"share Permanentmarker 2er Set (gr\u00fcn &amp; schwarz): Nachhaltigkeit trifft Qualit\u00e4t!\u00a0 Wenn es darum geht, markante Spuren zu hinterlassen, braucht es mehr als nur F\" \/>\n<meta property=\"og:url\" content=\"https:\/\/schweizversand.ch\/fr\/produkt\/share-permanentmarker-2er-set\/\" \/>\n<meta property=\"og:site_name\" content=\"Schweizer Shop f\u00fcr Sport, Spiel und Freizeit\" \/>\n<meta property=\"article:publisher\" content=\"https:\/\/www.facebook.com\/Schweizversand\" \/>\n<meta property=\"article:modified_time\" content=\"2026-04-21T13:34:46+00:00\" \/>\n<meta property=\"og:image\" content=\"https:\/\/schweizversand.ch\/wp-content\/uploads\/2026\/02\/5471652586.jpg\" \/>\n\t<meta property=\"og:image:width\" content=\"1024\" \/>\n\t<meta property=\"og:image:height\" content=\"683\" \/>\n\t<meta property=\"og:image:type\" content=\"image\/jpeg\" \/>\n<meta name=\"twitter:card\" content=\"summary_large_image\" \/>\n<meta name=\"twitter:label1\" content=\"Dur\u00e9e de lecture estim\u00e9e\" \/>\n\t<meta name=\"twitter:data1\" content=\"1 minute\" \/>\n<script type=\"application\/ld+json\" class=\"yoast-schema-graph\">{\"@context\":\"https:\\\/\\\/schema.org\",\"@graph\":[{\"@type\":\"WebPage\",\"@id\":\"https:\\\/\\\/schweizversand.ch\\\/fr\\\/produkt\\\/share-permanentmarker-2er-set\\\/\",\"url\":\"https:\\\/\\\/schweizversand.ch\\\/fr\\\/produkt\\\/share-permanentmarker-2er-set\\\/\",\"name\":\"share Permanentmarker 2er Set\",\"isPartOf\":{\"@id\":\"https:\\\/\\\/schweizversand.ch\\\/fr\\\/#website\"},\"primaryImageOfPage\":{\"@id\":\"https:\\\/\\\/schweizversand.ch\\\/fr\\\/produkt\\\/share-permanentmarker-2er-set\\\/#primaryimage\"},\"image\":{\"@id\":\"https:\\\/\\\/schweizversand.ch\\\/fr\\\/produkt\\\/share-permanentmarker-2er-set\\\/#primaryimage\"},\"thumbnailUrl\":\"https:\\\/\\\/schweizversand.ch\\\/wp-content\\\/uploads\\\/2026\\\/02\\\/5471652586.jpg\",\"datePublished\":\"2026-03-14T23:28:51+00:00\",\"dateModified\":\"2026-04-21T13:34:46+00:00\",\"description\":\"share Permanentmarker 2er Set (gr\u00fcn & schwarz): Nachhaltigkeit trifft Qualit\u00e4t!\u00a0 Wenn es darum geht, markante Spuren zu hinterlassen, braucht es mehr als nur F\",\"breadcrumb\":{\"@id\":\"https:\\\/\\\/schweizversand.ch\\\/fr\\\/produkt\\\/share-permanentmarker-2er-set\\\/#breadcrumb\"},\"inLanguage\":\"fr-FR\",\"potentialAction\":[{\"@type\":\"ReadAction\",\"target\":[\"https:\\\/\\\/schweizversand.ch\\\/fr\\\/produkt\\\/share-permanentmarker-2er-set\\\/\"]}]},{\"@type\":\"ImageObject\",\"inLanguage\":\"fr-FR\",\"@id\":\"https:\\\/\\\/schweizversand.ch\\\/fr\\\/produkt\\\/share-permanentmarker-2er-set\\\/#primaryimage\",\"url\":\"https:\\\/\\\/schweizversand.ch\\\/wp-content\\\/uploads\\\/2026\\\/02\\\/5471652586.jpg\",\"contentUrl\":\"https:\\\/\\\/schweizversand.ch\\\/wp-content\\\/uploads\\\/2026\\\/02\\\/5471652586.jpg\",\"width\":1024,\"height\":683},{\"@type\":\"BreadcrumbList\",\"@id\":\"https:\\\/\\\/schweizversand.ch\\\/fr\\\/produkt\\\/share-permanentmarker-2er-set\\\/#breadcrumb\",\"itemListElement\":[{\"@type\":\"ListItem\",\"position\":1,\"name\":\"Startseite\",\"item\":\"https:\\\/\\\/schweizversand.ch\\\/fr\\\/home\\\/\"},{\"@type\":\"ListItem\",\"position\":2,\"name\":\"Boutique\",\"item\":\"https:\\\/\\\/schweizversand.ch\\\/fr\\\/boutique\\\/\"},{\"@type\":\"ListItem\",\"position\":3,\"name\":\"Fournitures de bureau et papeterie\",\"item\":\"https:\\\/\\\/schweizversand.ch\\\/fr\\\/produkt-kategorie\\\/fournitures-de-bureau-et-papeterie\\\/\"},{\"@type\":\"ListItem\",\"position\":4,\"name\":\"Espace de travail\",\"item\":\"https:\\\/\\\/schweizversand.ch\\\/fr\\\/produkt-kategorie\\\/fournitures-de-bureau-et-papeterie\\\/espace-de-travail\\\/\"},{\"@type\":\"ListItem\",\"position\":5,\"name\":\"Stylos et instruments d'\u00e9criture\",\"item\":\"https:\\\/\\\/schweizversand.ch\\\/fr\\\/produkt-kategorie\\\/fournitures-de-bureau-et-papeterie\\\/espace-de-travail\\\/stifte-schreibgeraete\\\/\"},{\"@type\":\"ListItem\",\"position\":6,\"name\":\"Lot de 2 marqueurs permanents \u00e0 partager\"}]},{\"@type\":\"WebSite\",\"@id\":\"https:\\\/\\\/schweizversand.ch\\\/fr\\\/#website\",\"url\":\"https:\\\/\\\/schweizversand.ch\\\/fr\\\/\",\"name\":\"Schweizer Shop f\u00fcr Sport, Spiel und Freizeit\",\"description\":\"Gratisversand ab 50.- (netto), ab eigenem schweizer Lager, Lieferung innert 48h\",\"publisher\":{\"@id\":\"https:\\\/\\\/schweizversand.ch\\\/fr\\\/#organization\"},\"alternateName\":\"Schweizversand.ch\",\"potentialAction\":[{\"@type\":\"SearchAction\",\"target\":{\"@type\":\"EntryPoint\",\"urlTemplate\":\"https:\\\/\\\/schweizversand.ch\\\/fr\\\/?s={search_term_string}\"},\"query-input\":{\"@type\":\"PropertyValueSpecification\",\"valueRequired\":true,\"valueName\":\"search_term_string\"}}],\"inLanguage\":\"fr-FR\"},{\"@type\":\"Organization\",\"@id\":\"https:\\\/\\\/schweizversand.ch\\\/fr\\\/#organization\",\"name\":\"Schweizversand.ch\",\"url\":\"https:\\\/\\\/schweizversand.ch\\\/fr\\\/\",\"logo\":{\"@type\":\"ImageObject\",\"inLanguage\":\"fr-FR\",\"@id\":\"https:\\\/\\\/schweizversand.ch\\\/fr\\\/#\\\/schema\\\/logo\\\/image\\\/\",\"url\":\"https:\\\/\\\/schweizversand.ch\\\/wp-content\\\/uploads\\\/2026\\\/03\\\/Logo_Rund_Final-1.png\",\"contentUrl\":\"https:\\\/\\\/schweizversand.ch\\\/wp-content\\\/uploads\\\/2026\\\/03\\\/Logo_Rund_Final-1.png\",\"width\":404,\"height\":404,\"caption\":\"Schweizversand.ch\"},\"image\":{\"@id\":\"https:\\\/\\\/schweizversand.ch\\\/fr\\\/#\\\/schema\\\/logo\\\/image\\\/\"},\"sameAs\":[\"https:\\\/\\\/www.facebook.com\\\/Schweizversand\",\"https:\\\/\\\/www.instagram.com\\\/schweizversand.ch\\\/\"]}]}<\/script>\n<!-- \/ Yoast SEO plugin. -->","yoast_head_json":{"title":"share Permanentmarker 2er Set","description":"share Permanentmarker 2er Set (gr\u00fcn & schwarz): Nachhaltigkeit trifft Qualit\u00e4t!\u00a0 Wenn es darum geht, markante Spuren zu hinterlassen, braucht es mehr als nur F","robots":{"index":"index","follow":"follow","max-snippet":"max-snippet:-1","max-image-preview":"max-image-preview:large","max-video-preview":"max-video-preview:-1"},"canonical":"https:\/\/schweizversand.ch\/fr\/produkt\/share-permanentmarker-2er-set\/","og_locale":"fr_FR","og_type":"article","og_title":"share Permanentmarker 2er Set","og_description":"share Permanentmarker 2er Set (gr\u00fcn & schwarz): Nachhaltigkeit trifft Qualit\u00e4t!\u00a0 Wenn es darum geht, markante Spuren zu hinterlassen, braucht es mehr als nur F","og_url":"https:\/\/schweizversand.ch\/fr\/produkt\/share-permanentmarker-2er-set\/","og_site_name":"Schweizer Shop f\u00fcr Sport, Spiel und Freizeit","article_publisher":"https:\/\/www.facebook.com\/Schweizversand","article_modified_time":"2026-04-21T13:34:46+00:00","og_image":[{"width":1024,"height":683,"url":"https:\/\/schweizversand.ch\/wp-content\/uploads\/2026\/02\/5471652586.jpg","type":"image\/jpeg"}],"twitter_card":"summary_large_image","twitter_misc":{"Dur\u00e9e de lecture estim\u00e9e":"1 minute"},"schema":{"@context":"https:\/\/schema.org","@graph":[{"@type":"WebPage","@id":"https:\/\/schweizversand.ch\/fr\/produkt\/share-permanentmarker-2er-set\/","url":"https:\/\/schweizversand.ch\/fr\/produkt\/share-permanentmarker-2er-set\/","name":"share Permanentmarker 2er Set","isPartOf":{"@id":"https:\/\/schweizversand.ch\/fr\/#website"},"primaryImageOfPage":{"@id":"https:\/\/schweizversand.ch\/fr\/produkt\/share-permanentmarker-2er-set\/#primaryimage"},"image":{"@id":"https:\/\/schweizversand.ch\/fr\/produkt\/share-permanentmarker-2er-set\/#primaryimage"},"thumbnailUrl":"https:\/\/schweizversand.ch\/wp-content\/uploads\/2026\/02\/5471652586.jpg","datePublished":"2026-03-14T23:28:51+00:00","dateModified":"2026-04-21T13:34:46+00:00","description":"share Permanentmarker 2er Set (gr\u00fcn & schwarz): Nachhaltigkeit trifft Qualit\u00e4t!\u00a0 Wenn es darum geht, markante Spuren zu hinterlassen, braucht es mehr als nur F","breadcrumb":{"@id":"https:\/\/schweizversand.ch\/fr\/produkt\/share-permanentmarker-2er-set\/#breadcrumb"},"inLanguage":"fr-FR","potentialAction":[{"@type":"ReadAction","target":["https:\/\/schweizversand.ch\/fr\/produkt\/share-permanentmarker-2er-set\/"]}]},{"@type":"ImageObject","inLanguage":"fr-FR","@id":"https:\/\/schweizversand.ch\/fr\/produkt\/share-permanentmarker-2er-set\/#primaryimage","url":"https:\/\/schweizversand.ch\/wp-content\/uploads\/2026\/02\/5471652586.jpg","contentUrl":"https:\/\/schweizversand.ch\/wp-content\/uploads\/2026\/02\/5471652586.jpg","width":1024,"height":683},{"@type":"BreadcrumbList","@id":"https:\/\/schweizversand.ch\/fr\/produkt\/share-permanentmarker-2er-set\/#breadcrumb","itemListElement":[{"@type":"ListItem","position":1,"name":"Startseite","item":"https:\/\/schweizversand.ch\/fr\/home\/"},{"@type":"ListItem","position":2,"name":"Boutique","item":"https:\/\/schweizversand.ch\/fr\/boutique\/"},{"@type":"ListItem","position":3,"name":"Fournitures de bureau et papeterie","item":"https:\/\/schweizversand.ch\/fr\/produkt-kategorie\/fournitures-de-bureau-et-papeterie\/"},{"@type":"ListItem","position":4,"name":"Espace de travail","item":"https:\/\/schweizversand.ch\/fr\/produkt-kategorie\/fournitures-de-bureau-et-papeterie\/espace-de-travail\/"},{"@type":"ListItem","position":5,"name":"Stylos et instruments d'\u00e9criture","item":"https:\/\/schweizversand.ch\/fr\/produkt-kategorie\/fournitures-de-bureau-et-papeterie\/espace-de-travail\/stifte-schreibgeraete\/"},{"@type":"ListItem","position":6,"name":"Lot de 2 marqueurs permanents \u00e0 partager"}]},{"@type":"WebSite","@id":"https:\/\/schweizversand.ch\/fr\/#website","url":"https:\/\/schweizversand.ch\/fr\/","name":"Schweizer Shop f\u00fcr Sport, Spiel und Freizeit","description":"Gratisversand ab 50.- (netto), ab eigenem schweizer Lager, Lieferung innert 48h","publisher":{"@id":"https:\/\/schweizversand.ch\/fr\/#organization"},"alternateName":"Schweizversand.ch","potentialAction":[{"@type":"SearchAction","target":{"@type":"EntryPoint","urlTemplate":"https:\/\/schweizversand.ch\/fr\/?s={search_term_string}"},"query-input":{"@type":"PropertyValueSpecification","valueRequired":true,"valueName":"search_term_string"}}],"inLanguage":"fr-FR"},{"@type":"Organization","@id":"https:\/\/schweizversand.ch\/fr\/#organization","name":"Schweizversand.ch","url":"https:\/\/schweizversand.ch\/fr\/","logo":{"@type":"ImageObject","inLanguage":"fr-FR","@id":"https:\/\/schweizversand.ch\/fr\/#\/schema\/logo\/image\/","url":"https:\/\/schweizversand.ch\/wp-content\/uploads\/2026\/03\/Logo_Rund_Final-1.png","contentUrl":"https:\/\/schweizversand.ch\/wp-content\/uploads\/2026\/03\/Logo_Rund_Final-1.png","width":404,"height":404,"caption":"Schweizversand.ch"},"image":{"@id":"https:\/\/schweizversand.ch\/fr\/#\/schema\/logo\/image\/"},"sameAs":["https:\/\/www.facebook.com\/Schweizversand","https:\/\/www.instagram.com\/schweizversand.ch\/"]}]}},"jetpack_sharing_enabled":true,"_links":{"self":[{"href":"https:\/\/schweizversand.ch\/fr\/wp-json\/wp\/v2\/product\/260311","targetHints":{"allow":["GET"]}}],"collection":[{"href":"https:\/\/schweizversand.ch\/fr\/wp-json\/wp\/v2\/product"}],"about":[{"href":"https:\/\/schweizversand.ch\/fr\/wp-json\/wp\/v2\/types\/product"}],"replies":[{"embeddable":true,"href":"https:\/\/schweizversand.ch\/fr\/wp-json\/wp\/v2\/comments?post=260311"}],"wp:featuredmedia":[{"embeddable":true,"href":"https:\/\/schweizversand.ch\/fr\/wp-json\/wp\/v2\/media\/163793"}],"wp:attachment":[{"href":"https:\/\/schweizversand.ch\/fr\/wp-json\/wp\/v2\/media?parent=260311"}],"wp:term":[{"taxonomy":"product_brand","embeddable":true,"href":"https:\/\/schweizversand.ch\/fr\/wp-json\/wp\/v2\/product_brand?post=260311"},{"taxonomy":"product_cat","embeddable":true,"href":"https:\/\/schweizversand.ch\/fr\/wp-json\/wp\/v2\/product_cat?post=260311"},{"taxonomy":"product_tag","embeddable":true,"href":"https:\/\/schweizversand.ch\/fr\/wp-json\/wp\/v2\/product_tag?post=260311"}],"curies":[{"name":"wp","href":"https:\/\/api.w.org\/{rel}","templated":true}]}}