{"id":260323,"date":"2026-03-30T15:30:34","date_gmt":"2026-03-30T13:30:34","guid":{"rendered":"https:\/\/schweizversand.ch\/produkt\/kynast-led-solar-glaskugellampe-zum-aufhaengen\/"},"modified":"2026-04-10T15:34:29","modified_gmt":"2026-04-10T13:34:29","slug":"kynast-led-solar-glaskugellampe-zum-aufhaengen","status":"publish","type":"product","link":"https:\/\/schweizversand.ch\/fr\/produkt\/kynast-led-solar-glaskugellampe-zum-aufhaengen\/","title":{"rendered":"Lampe solaire LED Kynast en forme de boule de verre \u00e0 suspendre"},"content":{"rendered":"<p>La lumi\u00e8re blanche chaude cr\u00e9e une ambiance chaleureuse dans votre jardin ou sur votre terrasse. Cette lampe est \u00e9quip\u00e9e d&rsquo;un panneau solaire qui capte l&rsquo;\u00e9nergie solaire pendant la journ\u00e9e et recharge la batterie. \u00c0 la tomb\u00e9e de la nuit, la LED s&rsquo;allume automatiquement gr\u00e2ce au capteur cr\u00e9pusculaire. C&rsquo;est donc une solution d&rsquo;\u00e9clairage ext\u00e9rieur \u00e9co\u00e9nerg\u00e9tique et n\u00e9cessitant peu d&rsquo;entretien.<\/p>\n<p>D\u00e9tails\u00a0:<\/p>\n<p>\u2022 Contenu de la livraison\u00a0: 1\u00a0pi\u00e8ce<\/p>\n<p>\u2022 Diam\u00e8tre de la sph\u00e8re\u00a0: env. 6\u00a0cm<\/p>\n<p>\u2022 Hauteur totale avec support\u00a0: 13\u00a0cm<\/p>\n<p>\u2022 Dimensions du panneau solaire\u00a0: env. 3 x 3 cm<\/p>\n<p>\u2022 Mat\u00e9riaux : Acier inoxydable, verre (effet pil\u00e9), plastique<\/p>\n<p>\u2022 Couleur de la lumi\u00e8re : Blanche<\/p>\n<p>\u2022 Nombre de LED : 1<\/p>\n<p>\u2022 Pile : 1 pile AA 1,2 V 100 mAh NiMH (rechargeable)<\/p>\n<p>\u2022 Avec interrupteur marche\/arr\u00eat et d\u00e9tecteur cr\u00e9pusculaire<\/p>\n<p>Cette lampe globe est fabriqu\u00e9e en acier inoxydable, en verre effet pil\u00e9 et en plastique. Elle est \u00e0 la fois fonctionnelle et esth\u00e9tique, et apportera une touche d&rsquo;\u00e9l\u00e9gance \u00e0 votre espace ext\u00e9rieur.<\/p>\n","protected":false},"excerpt":{"rendered":"<p>Kynast LED Solar Glaskugellampe zum Aufh\u00e4ngen bringt warmwei\u00dfes Licht mit D\u00e4mmerungssensor in Edelstahl-Glas-Design \u2013 nachhaltig, wartungsarm und stilvoll f\u00fcr Garten &amp; Terrasse.<\/p>\n","protected":false},"featured_media":261124,"comment_status":"open","ping_status":"closed","template":"","meta":[],"product_brand":[],"product_cat":[38159],"product_tag":[],"class_list":{"0":"post-260323","1":"product","2":"type-product","3":"status-publish","4":"has-post-thumbnail","6":"product_cat-gartenbeleuchtung","7":"product_shipping_class-global_methods","9":"first","10":"instock","11":"taxable","12":"shipping-taxable","13":"purchasable","14":"product-type-simple"},"yoast_head":"<!-- This site is optimized with the Yoast SEO plugin v27.3 - https:\/\/yoast.com\/product\/yoast-seo-wordpress\/ -->\n<title>Kynast LED Solar Glaskugellampe zum aufh\u00e4ngen<\/title>\n<meta name=\"description\" content=\"Die warmweisse Beleuchtung verleiht Ihrem Garten oder Ihrer Terrasse eine gem\u00fctliche Atmosph\u00e4re. Diese Lampe ist mit einem Solarpanel ausgestattet, das w\u00e4hrend\" \/>\n<meta name=\"robots\" content=\"index, follow, max-snippet:-1, max-image-preview:large, max-video-preview:-1\" \/>\n<link rel=\"canonical\" href=\"https:\/\/schweizversand.ch\/fr\/produkt\/kynast-led-solar-glaskugellampe-zum-aufhaengen\/\" \/>\n<meta property=\"og:locale\" content=\"fr_FR\" \/>\n<meta property=\"og:type\" content=\"article\" \/>\n<meta property=\"og:title\" content=\"Kynast LED Solar Glaskugellampe zum aufh\u00e4ngen\" \/>\n<meta property=\"og:description\" content=\"Die warmweisse Beleuchtung verleiht Ihrem Garten oder Ihrer Terrasse eine gem\u00fctliche Atmosph\u00e4re. Diese Lampe ist mit einem Solarpanel ausgestattet, das w\u00e4hrend\" \/>\n<meta property=\"og:url\" content=\"https:\/\/schweizversand.ch\/fr\/produkt\/kynast-led-solar-glaskugellampe-zum-aufhaengen\/\" \/>\n<meta property=\"og:site_name\" content=\"Schweizer Shop f\u00fcr Sport, Spiel und Freizeit\" \/>\n<meta property=\"article:publisher\" content=\"https:\/\/www.facebook.com\/Schweizversand\" \/>\n<meta property=\"article:modified_time\" content=\"2026-04-10T13:34:29+00:00\" \/>\n<meta property=\"og:image\" content=\"https:\/\/schweizversand.ch\/wp-content\/uploads\/2026\/03\/5471533213.jpg\" \/>\n\t<meta property=\"og:image:width\" content=\"1024\" \/>\n\t<meta property=\"og:image:height\" content=\"1024\" \/>\n\t<meta property=\"og:image:type\" content=\"image\/jpeg\" \/>\n<meta name=\"twitter:card\" content=\"summary_large_image\" \/>\n<meta name=\"twitter:label1\" content=\"Dur\u00e9e de lecture estim\u00e9e\" \/>\n\t<meta name=\"twitter:data1\" content=\"1 minute\" \/>\n<script type=\"application\/ld+json\" class=\"yoast-schema-graph\">{\"@context\":\"https:\\\/\\\/schema.org\",\"@graph\":[{\"@type\":\"WebPage\",\"@id\":\"https:\\\/\\\/schweizversand.ch\\\/fr\\\/produkt\\\/kynast-led-solar-glaskugellampe-zum-aufhaengen\\\/\",\"url\":\"https:\\\/\\\/schweizversand.ch\\\/fr\\\/produkt\\\/kynast-led-solar-glaskugellampe-zum-aufhaengen\\\/\",\"name\":\"Kynast LED Solar Glaskugellampe zum aufh\u00e4ngen\",\"isPartOf\":{\"@id\":\"https:\\\/\\\/schweizversand.ch\\\/fr\\\/#website\"},\"primaryImageOfPage\":{\"@id\":\"https:\\\/\\\/schweizversand.ch\\\/fr\\\/produkt\\\/kynast-led-solar-glaskugellampe-zum-aufhaengen\\\/#primaryimage\"},\"image\":{\"@id\":\"https:\\\/\\\/schweizversand.ch\\\/fr\\\/produkt\\\/kynast-led-solar-glaskugellampe-zum-aufhaengen\\\/#primaryimage\"},\"thumbnailUrl\":\"https:\\\/\\\/schweizversand.ch\\\/wp-content\\\/uploads\\\/2026\\\/03\\\/5471533213.jpg\",\"datePublished\":\"2026-03-30T13:30:34+00:00\",\"dateModified\":\"2026-04-10T13:34:29+00:00\",\"description\":\"Die warmweisse Beleuchtung verleiht Ihrem Garten oder Ihrer Terrasse eine gem\u00fctliche Atmosph\u00e4re. Diese Lampe ist mit einem Solarpanel ausgestattet, das w\u00e4hrend\",\"breadcrumb\":{\"@id\":\"https:\\\/\\\/schweizversand.ch\\\/fr\\\/produkt\\\/kynast-led-solar-glaskugellampe-zum-aufhaengen\\\/#breadcrumb\"},\"inLanguage\":\"fr-FR\",\"potentialAction\":[{\"@type\":\"ReadAction\",\"target\":[\"https:\\\/\\\/schweizversand.ch\\\/fr\\\/produkt\\\/kynast-led-solar-glaskugellampe-zum-aufhaengen\\\/\"]}]},{\"@type\":\"ImageObject\",\"inLanguage\":\"fr-FR\",\"@id\":\"https:\\\/\\\/schweizversand.ch\\\/fr\\\/produkt\\\/kynast-led-solar-glaskugellampe-zum-aufhaengen\\\/#primaryimage\",\"url\":\"https:\\\/\\\/schweizversand.ch\\\/wp-content\\\/uploads\\\/2026\\\/03\\\/5471533213.jpg\",\"contentUrl\":\"https:\\\/\\\/schweizversand.ch\\\/wp-content\\\/uploads\\\/2026\\\/03\\\/5471533213.jpg\",\"width\":1024,\"height\":1024},{\"@type\":\"BreadcrumbList\",\"@id\":\"https:\\\/\\\/schweizversand.ch\\\/fr\\\/produkt\\\/kynast-led-solar-glaskugellampe-zum-aufhaengen\\\/#breadcrumb\",\"itemListElement\":[{\"@type\":\"ListItem\",\"position\":1,\"name\":\"Startseite\",\"item\":\"https:\\\/\\\/schweizversand.ch\\\/fr\\\/\"},{\"@type\":\"ListItem\",\"position\":2,\"name\":\"Boutique\",\"item\":\"https:\\\/\\\/schweizversand.ch\\\/fr\\\/boutique\\\/\"},{\"@type\":\"ListItem\",\"position\":3,\"name\":\"Lampe solaire LED Kynast en forme de boule de verre \u00e0 suspendre\"}]},{\"@type\":\"WebSite\",\"@id\":\"https:\\\/\\\/schweizversand.ch\\\/fr\\\/#website\",\"url\":\"https:\\\/\\\/schweizversand.ch\\\/fr\\\/\",\"name\":\"Schweizer Shop f\u00fcr Sport, Spiel und Freizeit\",\"description\":\"Gratisversand ab 50.- (netto), ab eigenem schweizer Lager, Lieferung innert 48h\",\"publisher\":{\"@id\":\"https:\\\/\\\/schweizversand.ch\\\/fr\\\/#organization\"},\"alternateName\":\"Schweizversand.ch\",\"potentialAction\":[{\"@type\":\"SearchAction\",\"target\":{\"@type\":\"EntryPoint\",\"urlTemplate\":\"https:\\\/\\\/schweizversand.ch\\\/fr\\\/?s={search_term_string}\"},\"query-input\":{\"@type\":\"PropertyValueSpecification\",\"valueRequired\":true,\"valueName\":\"search_term_string\"}}],\"inLanguage\":\"fr-FR\"},{\"@type\":\"Organization\",\"@id\":\"https:\\\/\\\/schweizversand.ch\\\/fr\\\/#organization\",\"name\":\"Schweizversand.ch\",\"url\":\"https:\\\/\\\/schweizversand.ch\\\/fr\\\/\",\"logo\":{\"@type\":\"ImageObject\",\"inLanguage\":\"fr-FR\",\"@id\":\"https:\\\/\\\/schweizversand.ch\\\/fr\\\/#\\\/schema\\\/logo\\\/image\\\/\",\"url\":\"https:\\\/\\\/schweizversand.ch\\\/wp-content\\\/uploads\\\/2026\\\/03\\\/Logo_Rund_Final-1.png\",\"contentUrl\":\"https:\\\/\\\/schweizversand.ch\\\/wp-content\\\/uploads\\\/2026\\\/03\\\/Logo_Rund_Final-1.png\",\"width\":404,\"height\":404,\"caption\":\"Schweizversand.ch\"},\"image\":{\"@id\":\"https:\\\/\\\/schweizversand.ch\\\/fr\\\/#\\\/schema\\\/logo\\\/image\\\/\"},\"sameAs\":[\"https:\\\/\\\/www.facebook.com\\\/Schweizversand\",\"https:\\\/\\\/www.instagram.com\\\/schweizversand.ch\\\/\"]}]}<\/script>\n<!-- \/ Yoast SEO plugin. -->","yoast_head_json":{"title":"Kynast LED Solar Glaskugellampe zum aufh\u00e4ngen","description":"Die warmweisse Beleuchtung verleiht Ihrem Garten oder Ihrer Terrasse eine gem\u00fctliche Atmosph\u00e4re. Diese Lampe ist mit einem Solarpanel ausgestattet, das w\u00e4hrend","robots":{"index":"index","follow":"follow","max-snippet":"max-snippet:-1","max-image-preview":"max-image-preview:large","max-video-preview":"max-video-preview:-1"},"canonical":"https:\/\/schweizversand.ch\/fr\/produkt\/kynast-led-solar-glaskugellampe-zum-aufhaengen\/","og_locale":"fr_FR","og_type":"article","og_title":"Kynast LED Solar Glaskugellampe zum aufh\u00e4ngen","og_description":"Die warmweisse Beleuchtung verleiht Ihrem Garten oder Ihrer Terrasse eine gem\u00fctliche Atmosph\u00e4re. Diese Lampe ist mit einem Solarpanel ausgestattet, das w\u00e4hrend","og_url":"https:\/\/schweizversand.ch\/fr\/produkt\/kynast-led-solar-glaskugellampe-zum-aufhaengen\/","og_site_name":"Schweizer Shop f\u00fcr Sport, Spiel und Freizeit","article_publisher":"https:\/\/www.facebook.com\/Schweizversand","article_modified_time":"2026-04-10T13:34:29+00:00","og_image":[{"width":1024,"height":1024,"url":"https:\/\/schweizversand.ch\/wp-content\/uploads\/2026\/03\/5471533213.jpg","type":"image\/jpeg"}],"twitter_card":"summary_large_image","twitter_misc":{"Dur\u00e9e de lecture estim\u00e9e":"1 minute"},"schema":{"@context":"https:\/\/schema.org","@graph":[{"@type":"WebPage","@id":"https:\/\/schweizversand.ch\/fr\/produkt\/kynast-led-solar-glaskugellampe-zum-aufhaengen\/","url":"https:\/\/schweizversand.ch\/fr\/produkt\/kynast-led-solar-glaskugellampe-zum-aufhaengen\/","name":"Kynast LED Solar Glaskugellampe zum aufh\u00e4ngen","isPartOf":{"@id":"https:\/\/schweizversand.ch\/fr\/#website"},"primaryImageOfPage":{"@id":"https:\/\/schweizversand.ch\/fr\/produkt\/kynast-led-solar-glaskugellampe-zum-aufhaengen\/#primaryimage"},"image":{"@id":"https:\/\/schweizversand.ch\/fr\/produkt\/kynast-led-solar-glaskugellampe-zum-aufhaengen\/#primaryimage"},"thumbnailUrl":"https:\/\/schweizversand.ch\/wp-content\/uploads\/2026\/03\/5471533213.jpg","datePublished":"2026-03-30T13:30:34+00:00","dateModified":"2026-04-10T13:34:29+00:00","description":"Die warmweisse Beleuchtung verleiht Ihrem Garten oder Ihrer Terrasse eine gem\u00fctliche Atmosph\u00e4re. Diese Lampe ist mit einem Solarpanel ausgestattet, das w\u00e4hrend","breadcrumb":{"@id":"https:\/\/schweizversand.ch\/fr\/produkt\/kynast-led-solar-glaskugellampe-zum-aufhaengen\/#breadcrumb"},"inLanguage":"fr-FR","potentialAction":[{"@type":"ReadAction","target":["https:\/\/schweizversand.ch\/fr\/produkt\/kynast-led-solar-glaskugellampe-zum-aufhaengen\/"]}]},{"@type":"ImageObject","inLanguage":"fr-FR","@id":"https:\/\/schweizversand.ch\/fr\/produkt\/kynast-led-solar-glaskugellampe-zum-aufhaengen\/#primaryimage","url":"https:\/\/schweizversand.ch\/wp-content\/uploads\/2026\/03\/5471533213.jpg","contentUrl":"https:\/\/schweizversand.ch\/wp-content\/uploads\/2026\/03\/5471533213.jpg","width":1024,"height":1024},{"@type":"BreadcrumbList","@id":"https:\/\/schweizversand.ch\/fr\/produkt\/kynast-led-solar-glaskugellampe-zum-aufhaengen\/#breadcrumb","itemListElement":[{"@type":"ListItem","position":1,"name":"Startseite","item":"https:\/\/schweizversand.ch\/fr\/"},{"@type":"ListItem","position":2,"name":"Boutique","item":"https:\/\/schweizversand.ch\/fr\/boutique\/"},{"@type":"ListItem","position":3,"name":"Lampe solaire LED Kynast en forme de boule de verre \u00e0 suspendre"}]},{"@type":"WebSite","@id":"https:\/\/schweizversand.ch\/fr\/#website","url":"https:\/\/schweizversand.ch\/fr\/","name":"Schweizer Shop f\u00fcr Sport, Spiel und Freizeit","description":"Gratisversand ab 50.- (netto), ab eigenem schweizer Lager, Lieferung innert 48h","publisher":{"@id":"https:\/\/schweizversand.ch\/fr\/#organization"},"alternateName":"Schweizversand.ch","potentialAction":[{"@type":"SearchAction","target":{"@type":"EntryPoint","urlTemplate":"https:\/\/schweizversand.ch\/fr\/?s={search_term_string}"},"query-input":{"@type":"PropertyValueSpecification","valueRequired":true,"valueName":"search_term_string"}}],"inLanguage":"fr-FR"},{"@type":"Organization","@id":"https:\/\/schweizversand.ch\/fr\/#organization","name":"Schweizversand.ch","url":"https:\/\/schweizversand.ch\/fr\/","logo":{"@type":"ImageObject","inLanguage":"fr-FR","@id":"https:\/\/schweizversand.ch\/fr\/#\/schema\/logo\/image\/","url":"https:\/\/schweizversand.ch\/wp-content\/uploads\/2026\/03\/Logo_Rund_Final-1.png","contentUrl":"https:\/\/schweizversand.ch\/wp-content\/uploads\/2026\/03\/Logo_Rund_Final-1.png","width":404,"height":404,"caption":"Schweizversand.ch"},"image":{"@id":"https:\/\/schweizversand.ch\/fr\/#\/schema\/logo\/image\/"},"sameAs":["https:\/\/www.facebook.com\/Schweizversand","https:\/\/www.instagram.com\/schweizversand.ch\/"]}]}},"jetpack_sharing_enabled":true,"_links":{"self":[{"href":"https:\/\/schweizversand.ch\/fr\/wp-json\/wp\/v2\/product\/260323","targetHints":{"allow":["GET"]}}],"collection":[{"href":"https:\/\/schweizversand.ch\/fr\/wp-json\/wp\/v2\/product"}],"about":[{"href":"https:\/\/schweizversand.ch\/fr\/wp-json\/wp\/v2\/types\/product"}],"replies":[{"embeddable":true,"href":"https:\/\/schweizversand.ch\/fr\/wp-json\/wp\/v2\/comments?post=260323"}],"wp:featuredmedia":[{"embeddable":true,"href":"https:\/\/schweizversand.ch\/fr\/wp-json\/wp\/v2\/media\/261124"}],"wp:attachment":[{"href":"https:\/\/schweizversand.ch\/fr\/wp-json\/wp\/v2\/media?parent=260323"}],"wp:term":[{"taxonomy":"product_brand","embeddable":true,"href":"https:\/\/schweizversand.ch\/fr\/wp-json\/wp\/v2\/product_brand?post=260323"},{"taxonomy":"product_cat","embeddable":true,"href":"https:\/\/schweizversand.ch\/fr\/wp-json\/wp\/v2\/product_cat?post=260323"},{"taxonomy":"product_tag","embeddable":true,"href":"https:\/\/schweizversand.ch\/fr\/wp-json\/wp\/v2\/product_tag?post=260323"}],"curies":[{"name":"wp","href":"https:\/\/api.w.org\/{rel}","templated":true}]}}