{"id":260324,"date":"2026-03-30T15:30:34","date_gmt":"2026-03-30T13:30:34","guid":{"rendered":"https:\/\/schweizversand.ch\/produkt\/x-mas-lichterkette-48-led-mit-timer\/"},"modified":"2026-04-14T02:04:14","modified_gmt":"2026-04-14T00:04:14","slug":"x-mas-lichterkette-48-led-mit-timer","status":"publish","type":"product","link":"https:\/\/schweizversand.ch\/fr\/produkt\/x-mas-lichterkette-48-led-mit-timer\/","title":{"rendered":"Guirlande lumineuse de No\u00ebl, 48 LED avec minuterie"},"content":{"rendered":"<h1><strong>Guirlande lumineuse LED 48 LED avec minuterie, blanc chaud<\/strong><\/h1>\n<div>Transformez votre int\u00e9rieur ou votre ext\u00e9rieur en une oasis chaleureuse. Cette guirlande lumineuse LED \u00e0 piles offre une grande flexibilit\u00e9 et cr\u00e9e une ambiance cosy o\u00f9 que vous la placiez.<\/p>\n<\/div>\n<div><strong>Id\u00e9ale pour l&rsquo;int\u00e9rieur et l&rsquo;ext\u00e9rieur<\/strong><br \/>Gr\u00e2ce \u00e0 sa conception robuste, cette guirlande de 48 LED convient aussi bien \u00e0 l&rsquo;int\u00e9rieur qu&rsquo;\u00e0 l&rsquo;ext\u00e9rieur. Utilis\u00e9e comme d\u00e9coration festive dans le salon ou comme \u00e9clairage d&rsquo;ambiance sur le balcon ou dans le jardin, son c\u00e2ble noir se fond discr\u00e8tement dans le d\u00e9cor. Appr\u00e9ciez sa douce lumi\u00e8re blanche chaude qui cr\u00e9e une atmosph\u00e8re cosy. Des fonctionnalit\u00e9s intelligentes pour un maximum de confort\u00a0: la minuterie int\u00e9gr\u00e9e (6\u00a0heures allum\u00e9e, 18\u00a0heures \u00e9teinte) vous \u00e9vite d&rsquo;avoir \u00e0 l&rsquo;allumer et \u00e0 l&rsquo;\u00e9teindre chaque jour, et pr\u00e9serve ainsi la batterie. Choisissez parmi 8\u00a0modes d&rsquo;\u00e9clairage diff\u00e9rents pour cr\u00e9er l&rsquo;ambiance parfaite. Cette guirlande lumineuse noire \u00e0 piles de 48\u00a0LED est la guirlande d\u00e9corative id\u00e9ale pour toutes les occasions. Caract\u00e9ristiques techniques et contenu de la livraison\u00a0: &#8211; Utilisation\u00a0: Int\u00e9rieur et ext\u00e9rieur &#8211; Couleur de la lumi\u00e8re\u00a0: Blanc chaud &#8211; Nombre de LED\u00a0: 48 &#8211; Couleur du c\u00e2ble\u00a0: Noir &#8211; Longueur de la guirlande\u00a0: 402,5\u00a0cm &#8211; Longueur du c\u00e2ble d&rsquo;alimentation\u00a0: 50\u00a0cm &#8211; Fonction minuterie\u00a0: 6\u00a0heures allum\u00e9e \/ 18\u00a0heures \u00e9teinte &#8211; Piles requises\u00a0: 3\u00a0x\u00a0AA (non incluses) Mettez en \u0153uvre votre d\u00e9coration lumineuse ext\u00e9rieure avec cette guirlande LED blanc chaud de haute qualit\u00e9. Commandez d\u00e8s maintenant et laissez-vous \u00e9merveiller par la magie de la lumi\u00e8re\u00a0!<\/p>\n","protected":false},"excerpt":{"rendered":"<p>X-Mas Lichterkette 48 LED mit Timer sorgt mit warmwei\u00dfem Licht und 6-Stunden-Timer f\u00fcr stimmungsvolle Beleuchtung innen und au\u00dfen \u2013 flexibel und batteriebetrieben.<\/p>\n","protected":false},"featured_media":261036,"comment_status":"open","ping_status":"closed","template":"","meta":[],"product_brand":[],"product_cat":[38826],"product_tag":[],"class_list":{"0":"post-260324","1":"product","2":"type-product","3":"status-publish","4":"has-post-thumbnail","6":"product_cat-lichterketten","7":"product_shipping_class-global_methods","9":"first","10":"instock","11":"taxable","12":"shipping-taxable","13":"purchasable","14":"product-type-simple"},"yoast_head":"<!-- This site is optimized with the Yoast SEO plugin v27.4 - https:\/\/yoast.com\/product\/yoast-seo-wordpress\/ -->\n<title>X-Mas Lichterkette 48 LED mit Timer<\/title>\n<meta name=\"description\" content=\"LED Lichterkette 48 LED mit Timerfunktion, warmweiss Verwandeln Sie Ihr Zuhause oder Ihren Aussenbereich in eine stimmungsvolle Oase. Diese vielseitige LED Lich\" \/>\n<meta name=\"robots\" content=\"index, follow, max-snippet:-1, max-image-preview:large, max-video-preview:-1\" \/>\n<link rel=\"canonical\" href=\"https:\/\/schweizversand.ch\/fr\/produkt\/x-mas-lichterkette-48-led-mit-timer\/\" \/>\n<meta property=\"og:locale\" content=\"fr_FR\" \/>\n<meta property=\"og:type\" content=\"article\" \/>\n<meta property=\"og:title\" content=\"X-Mas Lichterkette 48 LED mit Timer\" \/>\n<meta property=\"og:description\" content=\"LED Lichterkette 48 LED mit Timerfunktion, warmweiss Verwandeln Sie Ihr Zuhause oder Ihren Aussenbereich in eine stimmungsvolle Oase. Diese vielseitige LED Lich\" \/>\n<meta property=\"og:url\" content=\"https:\/\/schweizversand.ch\/fr\/produkt\/x-mas-lichterkette-48-led-mit-timer\/\" \/>\n<meta property=\"og:site_name\" content=\"Schweizer Shop f\u00fcr Sport, Spiel und Freizeit\" \/>\n<meta property=\"article:publisher\" content=\"https:\/\/www.facebook.com\/Schweizversand\" \/>\n<meta property=\"article:modified_time\" content=\"2026-04-14T00:04:14+00:00\" \/>\n<meta property=\"og:image\" content=\"https:\/\/schweizversand.ch\/wp-content\/uploads\/2026\/03\/5471607667.jpg\" \/>\n\t<meta property=\"og:image:width\" content=\"1024\" \/>\n\t<meta property=\"og:image:height\" content=\"683\" \/>\n\t<meta property=\"og:image:type\" content=\"image\/jpeg\" \/>\n<meta name=\"twitter:card\" content=\"summary_large_image\" \/>\n<meta name=\"twitter:label1\" content=\"Dur\u00e9e de lecture estim\u00e9e\" \/>\n\t<meta name=\"twitter:data1\" content=\"1 minute\" \/>\n<script type=\"application\/ld+json\" class=\"yoast-schema-graph\">{\"@context\":\"https:\\\/\\\/schema.org\",\"@graph\":[{\"@type\":\"WebPage\",\"@id\":\"https:\\\/\\\/schweizversand.ch\\\/fr\\\/produkt\\\/x-mas-lichterkette-48-led-mit-timer\\\/\",\"url\":\"https:\\\/\\\/schweizversand.ch\\\/fr\\\/produkt\\\/x-mas-lichterkette-48-led-mit-timer\\\/\",\"name\":\"X-Mas Lichterkette 48 LED mit Timer\",\"isPartOf\":{\"@id\":\"https:\\\/\\\/schweizversand.ch\\\/fr\\\/#website\"},\"primaryImageOfPage\":{\"@id\":\"https:\\\/\\\/schweizversand.ch\\\/fr\\\/produkt\\\/x-mas-lichterkette-48-led-mit-timer\\\/#primaryimage\"},\"image\":{\"@id\":\"https:\\\/\\\/schweizversand.ch\\\/fr\\\/produkt\\\/x-mas-lichterkette-48-led-mit-timer\\\/#primaryimage\"},\"thumbnailUrl\":\"https:\\\/\\\/schweizversand.ch\\\/wp-content\\\/uploads\\\/2026\\\/03\\\/5471607667.jpg\",\"datePublished\":\"2026-03-30T13:30:34+00:00\",\"dateModified\":\"2026-04-14T00:04:14+00:00\",\"description\":\"LED Lichterkette 48 LED mit Timerfunktion, warmweiss Verwandeln Sie Ihr Zuhause oder Ihren Aussenbereich in eine stimmungsvolle Oase. Diese vielseitige LED Lich\",\"breadcrumb\":{\"@id\":\"https:\\\/\\\/schweizversand.ch\\\/fr\\\/produkt\\\/x-mas-lichterkette-48-led-mit-timer\\\/#breadcrumb\"},\"inLanguage\":\"fr-FR\",\"potentialAction\":[{\"@type\":\"ReadAction\",\"target\":[\"https:\\\/\\\/schweizversand.ch\\\/fr\\\/produkt\\\/x-mas-lichterkette-48-led-mit-timer\\\/\"]}]},{\"@type\":\"ImageObject\",\"inLanguage\":\"fr-FR\",\"@id\":\"https:\\\/\\\/schweizversand.ch\\\/fr\\\/produkt\\\/x-mas-lichterkette-48-led-mit-timer\\\/#primaryimage\",\"url\":\"https:\\\/\\\/schweizversand.ch\\\/wp-content\\\/uploads\\\/2026\\\/03\\\/5471607667.jpg\",\"contentUrl\":\"https:\\\/\\\/schweizversand.ch\\\/wp-content\\\/uploads\\\/2026\\\/03\\\/5471607667.jpg\",\"width\":1024,\"height\":683},{\"@type\":\"BreadcrumbList\",\"@id\":\"https:\\\/\\\/schweizversand.ch\\\/fr\\\/produkt\\\/x-mas-lichterkette-48-led-mit-timer\\\/#breadcrumb\",\"itemListElement\":[{\"@type\":\"ListItem\",\"position\":1,\"name\":\"Startseite\",\"item\":\"https:\\\/\\\/schweizversand.ch\\\/fr\\\/\"},{\"@type\":\"ListItem\",\"position\":2,\"name\":\"Boutique\",\"item\":\"https:\\\/\\\/schweizversand.ch\\\/fr\\\/boutique\\\/\"},{\"@type\":\"ListItem\",\"position\":3,\"name\":\"Accueil\",\"item\":\"https:\\\/\\\/schweizversand.ch\\\/fr\\\/produkt-kategorie\\\/accueil\\\/\"},{\"@type\":\"ListItem\",\"position\":4,\"name\":\"D\u00e9coration et accessoires\",\"item\":\"https:\\\/\\\/schweizversand.ch\\\/fr\\\/produkt-kategorie\\\/accueil\\\/decoration-et-accessoires\\\/\"},{\"@type\":\"ListItem\",\"position\":5,\"name\":\"Guirlandes lumineuses\",\"item\":\"https:\\\/\\\/schweizversand.ch\\\/fr\\\/produkt-kategorie\\\/accueil\\\/decoration-et-accessoires\\\/lichterketten\\\/\"},{\"@type\":\"ListItem\",\"position\":6,\"name\":\"Guirlande lumineuse de No\u00ebl, 48 LED avec minuterie\"}]},{\"@type\":\"WebSite\",\"@id\":\"https:\\\/\\\/schweizversand.ch\\\/fr\\\/#website\",\"url\":\"https:\\\/\\\/schweizversand.ch\\\/fr\\\/\",\"name\":\"Schweizer Shop f\u00fcr Sport, Spiel und Freizeit\",\"description\":\"Gratisversand ab 50.- (netto), ab eigenem schweizer Lager, Lieferung innert 48h\",\"publisher\":{\"@id\":\"https:\\\/\\\/schweizversand.ch\\\/fr\\\/#organization\"},\"alternateName\":\"Schweizversand.ch\",\"potentialAction\":[{\"@type\":\"SearchAction\",\"target\":{\"@type\":\"EntryPoint\",\"urlTemplate\":\"https:\\\/\\\/schweizversand.ch\\\/fr\\\/?s={search_term_string}\"},\"query-input\":{\"@type\":\"PropertyValueSpecification\",\"valueRequired\":true,\"valueName\":\"search_term_string\"}}],\"inLanguage\":\"fr-FR\"},{\"@type\":\"Organization\",\"@id\":\"https:\\\/\\\/schweizversand.ch\\\/fr\\\/#organization\",\"name\":\"Schweizversand.ch\",\"url\":\"https:\\\/\\\/schweizversand.ch\\\/fr\\\/\",\"logo\":{\"@type\":\"ImageObject\",\"inLanguage\":\"fr-FR\",\"@id\":\"https:\\\/\\\/schweizversand.ch\\\/fr\\\/#\\\/schema\\\/logo\\\/image\\\/\",\"url\":\"https:\\\/\\\/schweizversand.ch\\\/wp-content\\\/uploads\\\/2026\\\/03\\\/Logo_Rund_Final-1.png\",\"contentUrl\":\"https:\\\/\\\/schweizversand.ch\\\/wp-content\\\/uploads\\\/2026\\\/03\\\/Logo_Rund_Final-1.png\",\"width\":404,\"height\":404,\"caption\":\"Schweizversand.ch\"},\"image\":{\"@id\":\"https:\\\/\\\/schweizversand.ch\\\/fr\\\/#\\\/schema\\\/logo\\\/image\\\/\"},\"sameAs\":[\"https:\\\/\\\/www.facebook.com\\\/Schweizversand\",\"https:\\\/\\\/www.instagram.com\\\/schweizversand.ch\\\/\"]}]}<\/script>\n<!-- \/ Yoast SEO plugin. -->","yoast_head_json":{"title":"X-Mas Lichterkette 48 LED mit Timer","description":"LED Lichterkette 48 LED mit Timerfunktion, warmweiss Verwandeln Sie Ihr Zuhause oder Ihren Aussenbereich in eine stimmungsvolle Oase. Diese vielseitige LED Lich","robots":{"index":"index","follow":"follow","max-snippet":"max-snippet:-1","max-image-preview":"max-image-preview:large","max-video-preview":"max-video-preview:-1"},"canonical":"https:\/\/schweizversand.ch\/fr\/produkt\/x-mas-lichterkette-48-led-mit-timer\/","og_locale":"fr_FR","og_type":"article","og_title":"X-Mas Lichterkette 48 LED mit Timer","og_description":"LED Lichterkette 48 LED mit Timerfunktion, warmweiss Verwandeln Sie Ihr Zuhause oder Ihren Aussenbereich in eine stimmungsvolle Oase. Diese vielseitige LED Lich","og_url":"https:\/\/schweizversand.ch\/fr\/produkt\/x-mas-lichterkette-48-led-mit-timer\/","og_site_name":"Schweizer Shop f\u00fcr Sport, Spiel und Freizeit","article_publisher":"https:\/\/www.facebook.com\/Schweizversand","article_modified_time":"2026-04-14T00:04:14+00:00","og_image":[{"width":1024,"height":683,"url":"https:\/\/schweizversand.ch\/wp-content\/uploads\/2026\/03\/5471607667.jpg","type":"image\/jpeg"}],"twitter_card":"summary_large_image","twitter_misc":{"Dur\u00e9e de lecture estim\u00e9e":"1 minute"},"schema":{"@context":"https:\/\/schema.org","@graph":[{"@type":"WebPage","@id":"https:\/\/schweizversand.ch\/fr\/produkt\/x-mas-lichterkette-48-led-mit-timer\/","url":"https:\/\/schweizversand.ch\/fr\/produkt\/x-mas-lichterkette-48-led-mit-timer\/","name":"X-Mas Lichterkette 48 LED mit Timer","isPartOf":{"@id":"https:\/\/schweizversand.ch\/fr\/#website"},"primaryImageOfPage":{"@id":"https:\/\/schweizversand.ch\/fr\/produkt\/x-mas-lichterkette-48-led-mit-timer\/#primaryimage"},"image":{"@id":"https:\/\/schweizversand.ch\/fr\/produkt\/x-mas-lichterkette-48-led-mit-timer\/#primaryimage"},"thumbnailUrl":"https:\/\/schweizversand.ch\/wp-content\/uploads\/2026\/03\/5471607667.jpg","datePublished":"2026-03-30T13:30:34+00:00","dateModified":"2026-04-14T00:04:14+00:00","description":"LED Lichterkette 48 LED mit Timerfunktion, warmweiss Verwandeln Sie Ihr Zuhause oder Ihren Aussenbereich in eine stimmungsvolle Oase. Diese vielseitige LED Lich","breadcrumb":{"@id":"https:\/\/schweizversand.ch\/fr\/produkt\/x-mas-lichterkette-48-led-mit-timer\/#breadcrumb"},"inLanguage":"fr-FR","potentialAction":[{"@type":"ReadAction","target":["https:\/\/schweizversand.ch\/fr\/produkt\/x-mas-lichterkette-48-led-mit-timer\/"]}]},{"@type":"ImageObject","inLanguage":"fr-FR","@id":"https:\/\/schweizversand.ch\/fr\/produkt\/x-mas-lichterkette-48-led-mit-timer\/#primaryimage","url":"https:\/\/schweizversand.ch\/wp-content\/uploads\/2026\/03\/5471607667.jpg","contentUrl":"https:\/\/schweizversand.ch\/wp-content\/uploads\/2026\/03\/5471607667.jpg","width":1024,"height":683},{"@type":"BreadcrumbList","@id":"https:\/\/schweizversand.ch\/fr\/produkt\/x-mas-lichterkette-48-led-mit-timer\/#breadcrumb","itemListElement":[{"@type":"ListItem","position":1,"name":"Startseite","item":"https:\/\/schweizversand.ch\/fr\/"},{"@type":"ListItem","position":2,"name":"Boutique","item":"https:\/\/schweizversand.ch\/fr\/boutique\/"},{"@type":"ListItem","position":3,"name":"Accueil","item":"https:\/\/schweizversand.ch\/fr\/produkt-kategorie\/accueil\/"},{"@type":"ListItem","position":4,"name":"D\u00e9coration et accessoires","item":"https:\/\/schweizversand.ch\/fr\/produkt-kategorie\/accueil\/decoration-et-accessoires\/"},{"@type":"ListItem","position":5,"name":"Guirlandes lumineuses","item":"https:\/\/schweizversand.ch\/fr\/produkt-kategorie\/accueil\/decoration-et-accessoires\/lichterketten\/"},{"@type":"ListItem","position":6,"name":"Guirlande lumineuse de No\u00ebl, 48 LED avec minuterie"}]},{"@type":"WebSite","@id":"https:\/\/schweizversand.ch\/fr\/#website","url":"https:\/\/schweizversand.ch\/fr\/","name":"Schweizer Shop f\u00fcr Sport, Spiel und Freizeit","description":"Gratisversand ab 50.- (netto), ab eigenem schweizer Lager, Lieferung innert 48h","publisher":{"@id":"https:\/\/schweizversand.ch\/fr\/#organization"},"alternateName":"Schweizversand.ch","potentialAction":[{"@type":"SearchAction","target":{"@type":"EntryPoint","urlTemplate":"https:\/\/schweizversand.ch\/fr\/?s={search_term_string}"},"query-input":{"@type":"PropertyValueSpecification","valueRequired":true,"valueName":"search_term_string"}}],"inLanguage":"fr-FR"},{"@type":"Organization","@id":"https:\/\/schweizversand.ch\/fr\/#organization","name":"Schweizversand.ch","url":"https:\/\/schweizversand.ch\/fr\/","logo":{"@type":"ImageObject","inLanguage":"fr-FR","@id":"https:\/\/schweizversand.ch\/fr\/#\/schema\/logo\/image\/","url":"https:\/\/schweizversand.ch\/wp-content\/uploads\/2026\/03\/Logo_Rund_Final-1.png","contentUrl":"https:\/\/schweizversand.ch\/wp-content\/uploads\/2026\/03\/Logo_Rund_Final-1.png","width":404,"height":404,"caption":"Schweizversand.ch"},"image":{"@id":"https:\/\/schweizversand.ch\/fr\/#\/schema\/logo\/image\/"},"sameAs":["https:\/\/www.facebook.com\/Schweizversand","https:\/\/www.instagram.com\/schweizversand.ch\/"]}]}},"jetpack_sharing_enabled":true,"_links":{"self":[{"href":"https:\/\/schweizversand.ch\/fr\/wp-json\/wp\/v2\/product\/260324","targetHints":{"allow":["GET"]}}],"collection":[{"href":"https:\/\/schweizversand.ch\/fr\/wp-json\/wp\/v2\/product"}],"about":[{"href":"https:\/\/schweizversand.ch\/fr\/wp-json\/wp\/v2\/types\/product"}],"replies":[{"embeddable":true,"href":"https:\/\/schweizversand.ch\/fr\/wp-json\/wp\/v2\/comments?post=260324"}],"wp:featuredmedia":[{"embeddable":true,"href":"https:\/\/schweizversand.ch\/fr\/wp-json\/wp\/v2\/media\/261036"}],"wp:attachment":[{"href":"https:\/\/schweizversand.ch\/fr\/wp-json\/wp\/v2\/media?parent=260324"}],"wp:term":[{"taxonomy":"product_brand","embeddable":true,"href":"https:\/\/schweizversand.ch\/fr\/wp-json\/wp\/v2\/product_brand?post=260324"},{"taxonomy":"product_cat","embeddable":true,"href":"https:\/\/schweizversand.ch\/fr\/wp-json\/wp\/v2\/product_cat?post=260324"},{"taxonomy":"product_tag","embeddable":true,"href":"https:\/\/schweizversand.ch\/fr\/wp-json\/wp\/v2\/product_tag?post=260324"}],"curies":[{"name":"wp","href":"https:\/\/api.w.org\/{rel}","templated":true}]}}