{"id":260325,"date":"2026-03-15T00:57:06","date_gmt":"2026-03-14T23:57:06","guid":{"rendered":"https:\/\/schweizversand.ch\/produkt\/uhlsport-herren-torwarthandschuhe-radar-control-soft-sf\/"},"modified":"2026-04-19T02:05:19","modified_gmt":"2026-04-19T00:05:19","slug":"uhlsport-herren-torwarthandschuhe-radar-control-soft-sf","status":"publish","type":"product","link":"https:\/\/schweizversand.ch\/fr\/produkt\/uhlsport-herren-torwarthandschuhe-radar-control-soft-sf\/","title":{"rendered":"Gants de gardien de but Uhlsport pour homme, Radar Control Soft SF"},"content":{"rendered":"<p>Gants de gardien de but Uhlsport Radar Control Soft SF pour homme<\/p>\n<\/p>\n<p>Procurez-vous les gants de gardien de but Uhlsport Radar Control Soft SF pour homme et d\u00e9couvrez la puissance et la pr\u00e9cision d&rsquo;un gardien professionnel\u00a0! Cette gamme de gants impressionnante arbore un coloris exclusif bleu et jaune fluo et int\u00e8gre les innovations Uhlsport. Il n&rsquo;est donc pas \u00e9tonnant qu&rsquo;ils soient port\u00e9s par de nombreux gardiens de but en Bundesliga et dans d&rsquo;autres grands championnats internationaux.<\/p>\n<\/p>\n<p>Les gants de gardien de but Radar Control Soft SF sont fabriqu\u00e9s \u00e0 partir d&rsquo;un m\u00e9lange de mat\u00e9riaux de haute qualit\u00e9, compos\u00e9 de 42\u00a0% de latex, 20\u00a0% d&rsquo;\u00e9thyl\u00e8ne-ac\u00e9tate de vinyle, 17\u00a0% de polyester, 11\u00a0% de nylon et 10\u00a0% de polyur\u00e9thane. La paume est \u00e9quip\u00e9e de Soft Latex, une mousse adh\u00e9sive sp\u00e9ciale qui offre au gardien une excellente adh\u00e9rence et un confort sup\u00e9rieur. Ces gants sont parfaitement adapt\u00e9s aux gardiens de but ambitieux.<\/p>\n<\/p>\n<p>Les gants de gardien de but Radar Control Soft SF sont fabriqu\u00e9s \u00e0 partir d&rsquo;un m\u00e9lange de mat\u00e9riaux de haute qualit\u00e9, compos\u00e9 de 42 % de latex, 20 % d&rsquo;\u00e9thyl\u00e8ne-ac\u00e9tate de vinyle, 17 % de polyester, 11 % de nylon et 10 % de polyur\u00e9thane. La paume est en Soft Latex, une mousse adh\u00e9sive sp\u00e9ciale offrant au gardien une excellente adh\u00e9rence et un confort sup\u00e9rieur. Ces gants sont parfaitement adapt\u00e9s aux gardiens de but ambitieux.<\/p>\n<\/p>\n<p>La coupe classique avec soufflets lat\u00e9raux et couture ext\u00e9rieure assure un ajustement confortable, ni trop serr\u00e9, ni trop l\u00e2che. Le rabat enveloppant avec emplacement pour le nom et l&rsquo;ouverture en V permettent une fermeture s\u00e9curis\u00e9e et un maintien optimal.<\/p>\n<\/p>\n<p>Ces gants de gardien de but offrent non seulement une protection de premier ordre, mais aussi une meilleure capacit\u00e9 de r\u00e9ception gr\u00e2ce \u00e0 l&rsquo;\u00e9l\u00e9ment Supportframe int\u00e9gr\u00e9. Cette construction articul\u00e9e au niveau des doigts stabilise ces derniers et favorise l&rsquo;ergonomie de la main.<\/p>\n<\/p>\n<p>D\u00e9couvrez un nouveau niveau de performance et de s\u00e9curit\u00e9 dans les cages avec les gants de gardien de but Uhlsport Radar Control Soft SF pour homme. D\u00e9montrez vos talents sur le terrain et soyez pr\u00eat \u00e0 relever tous les d\u00e9fis !<\/p>\n","protected":false},"excerpt":{"rendered":"<p>Uhlsport Herren Torwarthandschuhe Radar Control Soft SF bieten Profi-Haftung, au\u00dfergew\u00f6hnlichen Komfort und eine markante Farbgestaltung f\u00fcr maximale Kontrolle im Spiel.<\/p>\n","protected":false},"featured_media":164868,"comment_status":"open","ping_status":"closed","template":"","meta":[],"product_brand":[],"product_cat":[38527],"product_tag":[],"class_list":{"0":"post-260325","1":"product","2":"type-product","3":"status-publish","4":"has-post-thumbnail","6":"product_cat-fussball-2","7":"product_shipping_class-global_methods","9":"first","10":"instock","11":"taxable","12":"shipping-taxable","13":"purchasable","14":"product-type-simple"},"yoast_head":"<!-- This site is optimized with the Yoast SEO plugin v27.4 - https:\/\/yoast.com\/product\/yoast-seo-wordpress\/ -->\n<title>Uhlsport Herren Torwarthandschuhe Radar Control Soft SF<\/title>\n<meta name=\"description\" content=\"Uhlsport Herren Torwarthandschuhe Radar Control Soft SF\u00a0 \u00a0\u00a0 Hol dir die Uhlsport Herren Torwarthandschuhe Radar Control Soft SF und erlebe die Kraft und Pr\u00e4zis\" \/>\n<meta name=\"robots\" content=\"index, follow, max-snippet:-1, max-image-preview:large, max-video-preview:-1\" \/>\n<link rel=\"canonical\" href=\"https:\/\/schweizversand.ch\/fr\/produkt\/uhlsport-herren-torwarthandschuhe-radar-control-soft-sf\/\" \/>\n<meta property=\"og:locale\" content=\"fr_FR\" \/>\n<meta property=\"og:type\" content=\"article\" \/>\n<meta property=\"og:title\" content=\"Uhlsport Herren Torwarthandschuhe Radar Control Soft SF\" \/>\n<meta property=\"og:description\" content=\"Uhlsport Herren Torwarthandschuhe Radar Control Soft SF\u00a0 \u00a0\u00a0 Hol dir die Uhlsport Herren Torwarthandschuhe Radar Control Soft SF und erlebe die Kraft und Pr\u00e4zis\" \/>\n<meta property=\"og:url\" content=\"https:\/\/schweizversand.ch\/fr\/produkt\/uhlsport-herren-torwarthandschuhe-radar-control-soft-sf\/\" \/>\n<meta property=\"og:site_name\" content=\"Schweizer Shop f\u00fcr Sport, Spiel und Freizeit\" \/>\n<meta property=\"article:publisher\" content=\"https:\/\/www.facebook.com\/Schweizversand\" \/>\n<meta property=\"article:modified_time\" content=\"2026-04-19T00:05:19+00:00\" \/>\n<meta property=\"og:image\" content=\"https:\/\/schweizversand.ch\/wp-content\/uploads\/2026\/02\/5471603177.jpg\" \/>\n\t<meta property=\"og:image:width\" content=\"1024\" \/>\n\t<meta property=\"og:image:height\" content=\"1024\" \/>\n\t<meta property=\"og:image:type\" content=\"image\/jpeg\" \/>\n<meta name=\"twitter:card\" content=\"summary_large_image\" \/>\n<meta name=\"twitter:label1\" content=\"Dur\u00e9e de lecture estim\u00e9e\" \/>\n\t<meta name=\"twitter:data1\" content=\"2 minutes\" \/>\n<script type=\"application\/ld+json\" class=\"yoast-schema-graph\">{\"@context\":\"https:\\\/\\\/schema.org\",\"@graph\":[{\"@type\":\"WebPage\",\"@id\":\"https:\\\/\\\/schweizversand.ch\\\/fr\\\/produkt\\\/uhlsport-herren-torwarthandschuhe-radar-control-soft-sf\\\/\",\"url\":\"https:\\\/\\\/schweizversand.ch\\\/fr\\\/produkt\\\/uhlsport-herren-torwarthandschuhe-radar-control-soft-sf\\\/\",\"name\":\"Uhlsport Herren Torwarthandschuhe Radar Control Soft SF\",\"isPartOf\":{\"@id\":\"https:\\\/\\\/schweizversand.ch\\\/fr\\\/#website\"},\"primaryImageOfPage\":{\"@id\":\"https:\\\/\\\/schweizversand.ch\\\/fr\\\/produkt\\\/uhlsport-herren-torwarthandschuhe-radar-control-soft-sf\\\/#primaryimage\"},\"image\":{\"@id\":\"https:\\\/\\\/schweizversand.ch\\\/fr\\\/produkt\\\/uhlsport-herren-torwarthandschuhe-radar-control-soft-sf\\\/#primaryimage\"},\"thumbnailUrl\":\"https:\\\/\\\/schweizversand.ch\\\/wp-content\\\/uploads\\\/2026\\\/02\\\/5471603177.jpg\",\"datePublished\":\"2026-03-14T23:57:06+00:00\",\"dateModified\":\"2026-04-19T00:05:19+00:00\",\"description\":\"Uhlsport Herren Torwarthandschuhe Radar Control Soft SF\u00a0 \u00a0\u00a0 Hol dir die Uhlsport Herren Torwarthandschuhe Radar Control Soft SF und erlebe die Kraft und Pr\u00e4zis\",\"breadcrumb\":{\"@id\":\"https:\\\/\\\/schweizversand.ch\\\/fr\\\/produkt\\\/uhlsport-herren-torwarthandschuhe-radar-control-soft-sf\\\/#breadcrumb\"},\"inLanguage\":\"fr-FR\",\"potentialAction\":[{\"@type\":\"ReadAction\",\"target\":[\"https:\\\/\\\/schweizversand.ch\\\/fr\\\/produkt\\\/uhlsport-herren-torwarthandschuhe-radar-control-soft-sf\\\/\"]}]},{\"@type\":\"ImageObject\",\"inLanguage\":\"fr-FR\",\"@id\":\"https:\\\/\\\/schweizversand.ch\\\/fr\\\/produkt\\\/uhlsport-herren-torwarthandschuhe-radar-control-soft-sf\\\/#primaryimage\",\"url\":\"https:\\\/\\\/schweizversand.ch\\\/wp-content\\\/uploads\\\/2026\\\/02\\\/5471603177.jpg\",\"contentUrl\":\"https:\\\/\\\/schweizversand.ch\\\/wp-content\\\/uploads\\\/2026\\\/02\\\/5471603177.jpg\",\"width\":1024,\"height\":1024},{\"@type\":\"BreadcrumbList\",\"@id\":\"https:\\\/\\\/schweizversand.ch\\\/fr\\\/produkt\\\/uhlsport-herren-torwarthandschuhe-radar-control-soft-sf\\\/#breadcrumb\",\"itemListElement\":[{\"@type\":\"ListItem\",\"position\":1,\"name\":\"Startseite\",\"item\":\"https:\\\/\\\/schweizversand.ch\\\/fr\\\/home\\\/\"},{\"@type\":\"ListItem\",\"position\":2,\"name\":\"Boutique\",\"item\":\"https:\\\/\\\/schweizversand.ch\\\/fr\\\/boutique\\\/\"},{\"@type\":\"ListItem\",\"position\":3,\"name\":\"Sports\",\"item\":\"https:\\\/\\\/schweizversand.ch\\\/fr\\\/produkt-kategorie\\\/sports\\\/\"},{\"@type\":\"ListItem\",\"position\":4,\"name\":\"sports de balle et fl\u00e9chettes\",\"item\":\"https:\\\/\\\/schweizversand.ch\\\/fr\\\/produkt-kategorie\\\/sports\\\/sports-de-balle-et-flechettes\\\/\"},{\"@type\":\"ListItem\",\"position\":5,\"name\":\"football\",\"item\":\"https:\\\/\\\/schweizversand.ch\\\/fr\\\/produkt-kategorie\\\/fussball-2\\\/\"},{\"@type\":\"ListItem\",\"position\":6,\"name\":\"Gants de gardien de but Uhlsport pour homme, Radar Control Soft SF\"}]},{\"@type\":\"WebSite\",\"@id\":\"https:\\\/\\\/schweizversand.ch\\\/fr\\\/#website\",\"url\":\"https:\\\/\\\/schweizversand.ch\\\/fr\\\/\",\"name\":\"Schweizer Shop f\u00fcr Sport, Spiel und Freizeit\",\"description\":\"Gratisversand ab 50.- (netto), ab eigenem schweizer Lager, Lieferung innert 48h\",\"publisher\":{\"@id\":\"https:\\\/\\\/schweizversand.ch\\\/fr\\\/#organization\"},\"alternateName\":\"Schweizversand.ch\",\"potentialAction\":[{\"@type\":\"SearchAction\",\"target\":{\"@type\":\"EntryPoint\",\"urlTemplate\":\"https:\\\/\\\/schweizversand.ch\\\/fr\\\/?s={search_term_string}\"},\"query-input\":{\"@type\":\"PropertyValueSpecification\",\"valueRequired\":true,\"valueName\":\"search_term_string\"}}],\"inLanguage\":\"fr-FR\"},{\"@type\":\"Organization\",\"@id\":\"https:\\\/\\\/schweizversand.ch\\\/fr\\\/#organization\",\"name\":\"Schweizversand.ch\",\"url\":\"https:\\\/\\\/schweizversand.ch\\\/fr\\\/\",\"logo\":{\"@type\":\"ImageObject\",\"inLanguage\":\"fr-FR\",\"@id\":\"https:\\\/\\\/schweizversand.ch\\\/fr\\\/#\\\/schema\\\/logo\\\/image\\\/\",\"url\":\"https:\\\/\\\/schweizversand.ch\\\/wp-content\\\/uploads\\\/2026\\\/03\\\/Logo_Rund_Final-1.png\",\"contentUrl\":\"https:\\\/\\\/schweizversand.ch\\\/wp-content\\\/uploads\\\/2026\\\/03\\\/Logo_Rund_Final-1.png\",\"width\":404,\"height\":404,\"caption\":\"Schweizversand.ch\"},\"image\":{\"@id\":\"https:\\\/\\\/schweizversand.ch\\\/fr\\\/#\\\/schema\\\/logo\\\/image\\\/\"},\"sameAs\":[\"https:\\\/\\\/www.facebook.com\\\/Schweizversand\",\"https:\\\/\\\/www.instagram.com\\\/schweizversand.ch\\\/\"]}]}<\/script>\n<!-- \/ Yoast SEO plugin. -->","yoast_head_json":{"title":"Uhlsport Herren Torwarthandschuhe Radar Control Soft SF","description":"Uhlsport Herren Torwarthandschuhe Radar Control Soft SF\u00a0 \u00a0\u00a0 Hol dir die Uhlsport Herren Torwarthandschuhe Radar Control Soft SF und erlebe die Kraft und Pr\u00e4zis","robots":{"index":"index","follow":"follow","max-snippet":"max-snippet:-1","max-image-preview":"max-image-preview:large","max-video-preview":"max-video-preview:-1"},"canonical":"https:\/\/schweizversand.ch\/fr\/produkt\/uhlsport-herren-torwarthandschuhe-radar-control-soft-sf\/","og_locale":"fr_FR","og_type":"article","og_title":"Uhlsport Herren Torwarthandschuhe Radar Control Soft SF","og_description":"Uhlsport Herren Torwarthandschuhe Radar Control Soft SF\u00a0 \u00a0\u00a0 Hol dir die Uhlsport Herren Torwarthandschuhe Radar Control Soft SF und erlebe die Kraft und Pr\u00e4zis","og_url":"https:\/\/schweizversand.ch\/fr\/produkt\/uhlsport-herren-torwarthandschuhe-radar-control-soft-sf\/","og_site_name":"Schweizer Shop f\u00fcr Sport, Spiel und Freizeit","article_publisher":"https:\/\/www.facebook.com\/Schweizversand","article_modified_time":"2026-04-19T00:05:19+00:00","og_image":[{"width":1024,"height":1024,"url":"https:\/\/schweizversand.ch\/wp-content\/uploads\/2026\/02\/5471603177.jpg","type":"image\/jpeg"}],"twitter_card":"summary_large_image","twitter_misc":{"Dur\u00e9e de lecture estim\u00e9e":"2 minutes"},"schema":{"@context":"https:\/\/schema.org","@graph":[{"@type":"WebPage","@id":"https:\/\/schweizversand.ch\/fr\/produkt\/uhlsport-herren-torwarthandschuhe-radar-control-soft-sf\/","url":"https:\/\/schweizversand.ch\/fr\/produkt\/uhlsport-herren-torwarthandschuhe-radar-control-soft-sf\/","name":"Uhlsport Herren Torwarthandschuhe Radar Control Soft SF","isPartOf":{"@id":"https:\/\/schweizversand.ch\/fr\/#website"},"primaryImageOfPage":{"@id":"https:\/\/schweizversand.ch\/fr\/produkt\/uhlsport-herren-torwarthandschuhe-radar-control-soft-sf\/#primaryimage"},"image":{"@id":"https:\/\/schweizversand.ch\/fr\/produkt\/uhlsport-herren-torwarthandschuhe-radar-control-soft-sf\/#primaryimage"},"thumbnailUrl":"https:\/\/schweizversand.ch\/wp-content\/uploads\/2026\/02\/5471603177.jpg","datePublished":"2026-03-14T23:57:06+00:00","dateModified":"2026-04-19T00:05:19+00:00","description":"Uhlsport Herren Torwarthandschuhe Radar Control Soft SF\u00a0 \u00a0\u00a0 Hol dir die Uhlsport Herren Torwarthandschuhe Radar Control Soft SF und erlebe die Kraft und Pr\u00e4zis","breadcrumb":{"@id":"https:\/\/schweizversand.ch\/fr\/produkt\/uhlsport-herren-torwarthandschuhe-radar-control-soft-sf\/#breadcrumb"},"inLanguage":"fr-FR","potentialAction":[{"@type":"ReadAction","target":["https:\/\/schweizversand.ch\/fr\/produkt\/uhlsport-herren-torwarthandschuhe-radar-control-soft-sf\/"]}]},{"@type":"ImageObject","inLanguage":"fr-FR","@id":"https:\/\/schweizversand.ch\/fr\/produkt\/uhlsport-herren-torwarthandschuhe-radar-control-soft-sf\/#primaryimage","url":"https:\/\/schweizversand.ch\/wp-content\/uploads\/2026\/02\/5471603177.jpg","contentUrl":"https:\/\/schweizversand.ch\/wp-content\/uploads\/2026\/02\/5471603177.jpg","width":1024,"height":1024},{"@type":"BreadcrumbList","@id":"https:\/\/schweizversand.ch\/fr\/produkt\/uhlsport-herren-torwarthandschuhe-radar-control-soft-sf\/#breadcrumb","itemListElement":[{"@type":"ListItem","position":1,"name":"Startseite","item":"https:\/\/schweizversand.ch\/fr\/home\/"},{"@type":"ListItem","position":2,"name":"Boutique","item":"https:\/\/schweizversand.ch\/fr\/boutique\/"},{"@type":"ListItem","position":3,"name":"Sports","item":"https:\/\/schweizversand.ch\/fr\/produkt-kategorie\/sports\/"},{"@type":"ListItem","position":4,"name":"sports de balle et fl\u00e9chettes","item":"https:\/\/schweizversand.ch\/fr\/produkt-kategorie\/sports\/sports-de-balle-et-flechettes\/"},{"@type":"ListItem","position":5,"name":"football","item":"https:\/\/schweizversand.ch\/fr\/produkt-kategorie\/fussball-2\/"},{"@type":"ListItem","position":6,"name":"Gants de gardien de but Uhlsport pour homme, Radar Control Soft SF"}]},{"@type":"WebSite","@id":"https:\/\/schweizversand.ch\/fr\/#website","url":"https:\/\/schweizversand.ch\/fr\/","name":"Schweizer Shop f\u00fcr Sport, Spiel und Freizeit","description":"Gratisversand ab 50.- (netto), ab eigenem schweizer Lager, Lieferung innert 48h","publisher":{"@id":"https:\/\/schweizversand.ch\/fr\/#organization"},"alternateName":"Schweizversand.ch","potentialAction":[{"@type":"SearchAction","target":{"@type":"EntryPoint","urlTemplate":"https:\/\/schweizversand.ch\/fr\/?s={search_term_string}"},"query-input":{"@type":"PropertyValueSpecification","valueRequired":true,"valueName":"search_term_string"}}],"inLanguage":"fr-FR"},{"@type":"Organization","@id":"https:\/\/schweizversand.ch\/fr\/#organization","name":"Schweizversand.ch","url":"https:\/\/schweizversand.ch\/fr\/","logo":{"@type":"ImageObject","inLanguage":"fr-FR","@id":"https:\/\/schweizversand.ch\/fr\/#\/schema\/logo\/image\/","url":"https:\/\/schweizversand.ch\/wp-content\/uploads\/2026\/03\/Logo_Rund_Final-1.png","contentUrl":"https:\/\/schweizversand.ch\/wp-content\/uploads\/2026\/03\/Logo_Rund_Final-1.png","width":404,"height":404,"caption":"Schweizversand.ch"},"image":{"@id":"https:\/\/schweizversand.ch\/fr\/#\/schema\/logo\/image\/"},"sameAs":["https:\/\/www.facebook.com\/Schweizversand","https:\/\/www.instagram.com\/schweizversand.ch\/"]}]}},"jetpack_sharing_enabled":true,"_links":{"self":[{"href":"https:\/\/schweizversand.ch\/fr\/wp-json\/wp\/v2\/product\/260325","targetHints":{"allow":["GET"]}}],"collection":[{"href":"https:\/\/schweizversand.ch\/fr\/wp-json\/wp\/v2\/product"}],"about":[{"href":"https:\/\/schweizversand.ch\/fr\/wp-json\/wp\/v2\/types\/product"}],"replies":[{"embeddable":true,"href":"https:\/\/schweizversand.ch\/fr\/wp-json\/wp\/v2\/comments?post=260325"}],"wp:featuredmedia":[{"embeddable":true,"href":"https:\/\/schweizversand.ch\/fr\/wp-json\/wp\/v2\/media\/164868"}],"wp:attachment":[{"href":"https:\/\/schweizversand.ch\/fr\/wp-json\/wp\/v2\/media?parent=260325"}],"wp:term":[{"taxonomy":"product_brand","embeddable":true,"href":"https:\/\/schweizversand.ch\/fr\/wp-json\/wp\/v2\/product_brand?post=260325"},{"taxonomy":"product_cat","embeddable":true,"href":"https:\/\/schweizversand.ch\/fr\/wp-json\/wp\/v2\/product_cat?post=260325"},{"taxonomy":"product_tag","embeddable":true,"href":"https:\/\/schweizversand.ch\/fr\/wp-json\/wp\/v2\/product_tag?post=260325"}],"curies":[{"name":"wp","href":"https:\/\/api.w.org\/{rel}","templated":true}]}}