{"id":260334,"date":"2026-03-14T23:21:50","date_gmt":"2026-03-14T22:21:50","guid":{"rendered":"https:\/\/schweizversand.ch\/produkt\/vollmar-stumpenkerze\/"},"modified":"2026-04-19T02:05:23","modified_gmt":"2026-04-19T00:05:23","slug":"vollmar-stumpenkerze","status":"publish","type":"product","link":"https:\/\/schweizversand.ch\/fr\/produkt\/vollmar-stumpenkerze\/","title":{"rendered":"Bougie pilier Vollmar"},"content":{"rendered":"<h1><strong>Bougie pilier 5&#215;10 cm tremp\u00e9e \u2013 \u00c9l\u00e9gance sobre<\/strong><\/h1>\n<div>D\u00e9couvrez la beaut\u00e9 intemporelle de la <strong>bougie pilier de 10 cm<\/strong>, qui s\u00e9duit par son \u00e9l\u00e9gance sobre et sa <strong>haute qualit\u00e9<\/strong>. Cette bougie tremp\u00e9e est le choix id\u00e9al pour sublimer avec style votre d\u00e9coration int\u00e9rieure ou de table et cr\u00e9er une ambiance chaleureuse et accueillante.<\/p>\n<\/div>\n<div><strong>Design et dimensions<\/strong><br \/>Avec ses dimensions id\u00e9ales de 5 cm de diam\u00e8tre et 10 cm de hauteur, cette <strong>bougie pilier 5&#215;10 cm<\/strong> est extr\u00eamement polyvalente. Elle offre un \u00e9quilibre parfait entre facilit\u00e9 d&rsquo;utilisation et stabilit\u00e9 et s&rsquo;int\u00e8gre harmonieusement dans les bougeoirs et les compositions.<\/p>\n<\/div>\n<div><strong>M\u00e9thode de fabrication sp\u00e9ciale<\/strong><br \/>Cette <strong>bougie d\u00e9corative<\/strong> est fabriqu\u00e9e selon un proc\u00e9d\u00e9 de trempage sp\u00e9cial. La bougie est tremp\u00e9e \u00e0 plusieurs reprises dans de la cire color\u00e9e, ce qui lui conf\u00e8re un rev\u00eatement uniforme et intens\u00e9ment color\u00e9. Cette technique garantit un rendu unique et une longue dur\u00e9e de combustion. Qualit\u00e9 et origine\u00a0: &#8211; Fabriqu\u00e9e en Europe selon des normes de qualit\u00e9 strictes &#8211; Fabrication artisanale soign\u00e9e et mat\u00e9riaux haut de gamme &#8211; Id\u00e9ale pour les f\u00eates, les c\u00e9l\u00e9brations ou au quotidien. D\u00e9coration polyvalente\u00a0: Gr\u00e2ce \u00e0 son design classique, cette bougie tremp\u00e9e est un incontournable pour toute d\u00e9coration \u00e9l\u00e9gante. Utilisez-la comme centre de table ou pour cr\u00e9er une ambiance chaleureuse et accueillante dans votre salon. Choisissez cette bougie pilier de haute qualit\u00e9 pour illuminer efficacement votre int\u00e9rieur.<\/p>\n","protected":false},"excerpt":{"rendered":"<p>Vollmar Stumpenkerze 5&#215;10 cm \u00fcberzeugt mit schlichter Eleganz, hochwertigem Tauchverfahren und vielseitigem Einsatz \u2013 f\u00fcr warme, stilvolle Atmosph\u00e4re in jedem Raum.<\/p>\n","protected":false},"featured_media":165254,"comment_status":"open","ping_status":"closed","template":"","meta":[],"product_brand":[],"product_cat":[38163],"product_tag":[],"class_list":{"0":"post-260334","1":"product","2":"type-product","3":"status-publish","4":"has-post-thumbnail","6":"product_cat-kerzen-feuer","7":"product_shipping_class-global_methods","9":"first","10":"instock","11":"taxable","12":"shipping-taxable","13":"purchasable","14":"product-type-simple"},"yoast_head":"<!-- This site is optimized with the Yoast SEO plugin v27.4 - https:\/\/yoast.com\/product\/yoast-seo-wordpress\/ -->\n<title>Vollmar Stumpenkerze<\/title>\n<meta name=\"description\" content=\"Stumpenkerze 5x10 cm getaucht \u2013 Schlichte Eleganz Entdecken Sie die zeitlose Sch\u00f6nheit der Stumpenkerze 10cm , die durch ihre schlichte Eleganz und hohe Qualit\u00e4\" \/>\n<meta name=\"robots\" content=\"index, follow, max-snippet:-1, max-image-preview:large, max-video-preview:-1\" \/>\n<link rel=\"canonical\" href=\"https:\/\/schweizversand.ch\/fr\/produkt\/vollmar-stumpenkerze\/\" \/>\n<meta property=\"og:locale\" content=\"fr_FR\" \/>\n<meta property=\"og:type\" content=\"article\" \/>\n<meta property=\"og:title\" content=\"Vollmar Stumpenkerze\" \/>\n<meta property=\"og:description\" content=\"Stumpenkerze 5x10 cm getaucht \u2013 Schlichte Eleganz Entdecken Sie die zeitlose Sch\u00f6nheit der Stumpenkerze 10cm , die durch ihre schlichte Eleganz und hohe Qualit\u00e4\" \/>\n<meta property=\"og:url\" content=\"https:\/\/schweizversand.ch\/fr\/produkt\/vollmar-stumpenkerze\/\" \/>\n<meta property=\"og:site_name\" content=\"Schweizer Shop f\u00fcr Sport, Spiel und Freizeit\" \/>\n<meta property=\"article:publisher\" content=\"https:\/\/www.facebook.com\/Schweizversand\" \/>\n<meta property=\"article:modified_time\" content=\"2026-04-19T00:05:23+00:00\" \/>\n<meta property=\"og:image\" content=\"https:\/\/schweizversand.ch\/wp-content\/uploads\/2026\/02\/5471819359.png\" \/>\n\t<meta property=\"og:image:width\" content=\"707\" \/>\n\t<meta property=\"og:image:height\" content=\"1024\" \/>\n\t<meta property=\"og:image:type\" content=\"image\/png\" \/>\n<meta name=\"twitter:card\" content=\"summary_large_image\" \/>\n<meta name=\"twitter:label1\" content=\"Dur\u00e9e de lecture estim\u00e9e\" \/>\n\t<meta name=\"twitter:data1\" content=\"1 minute\" \/>\n<script type=\"application\/ld+json\" class=\"yoast-schema-graph\">{\"@context\":\"https:\\\/\\\/schema.org\",\"@graph\":[{\"@type\":\"WebPage\",\"@id\":\"https:\\\/\\\/schweizversand.ch\\\/fr\\\/produkt\\\/vollmar-stumpenkerze\\\/\",\"url\":\"https:\\\/\\\/schweizversand.ch\\\/fr\\\/produkt\\\/vollmar-stumpenkerze\\\/\",\"name\":\"Vollmar Stumpenkerze\",\"isPartOf\":{\"@id\":\"https:\\\/\\\/schweizversand.ch\\\/fr\\\/#website\"},\"primaryImageOfPage\":{\"@id\":\"https:\\\/\\\/schweizversand.ch\\\/fr\\\/produkt\\\/vollmar-stumpenkerze\\\/#primaryimage\"},\"image\":{\"@id\":\"https:\\\/\\\/schweizversand.ch\\\/fr\\\/produkt\\\/vollmar-stumpenkerze\\\/#primaryimage\"},\"thumbnailUrl\":\"https:\\\/\\\/schweizversand.ch\\\/wp-content\\\/uploads\\\/2026\\\/02\\\/5471819359.png\",\"datePublished\":\"2026-03-14T22:21:50+00:00\",\"dateModified\":\"2026-04-19T00:05:23+00:00\",\"description\":\"Stumpenkerze 5x10 cm getaucht \u2013 Schlichte Eleganz Entdecken Sie die zeitlose Sch\u00f6nheit der Stumpenkerze 10cm , die durch ihre schlichte Eleganz und hohe Qualit\u00e4\",\"breadcrumb\":{\"@id\":\"https:\\\/\\\/schweizversand.ch\\\/fr\\\/produkt\\\/vollmar-stumpenkerze\\\/#breadcrumb\"},\"inLanguage\":\"fr-FR\",\"potentialAction\":[{\"@type\":\"ReadAction\",\"target\":[\"https:\\\/\\\/schweizversand.ch\\\/fr\\\/produkt\\\/vollmar-stumpenkerze\\\/\"]}]},{\"@type\":\"ImageObject\",\"inLanguage\":\"fr-FR\",\"@id\":\"https:\\\/\\\/schweizversand.ch\\\/fr\\\/produkt\\\/vollmar-stumpenkerze\\\/#primaryimage\",\"url\":\"https:\\\/\\\/schweizversand.ch\\\/wp-content\\\/uploads\\\/2026\\\/02\\\/5471819359.png\",\"contentUrl\":\"https:\\\/\\\/schweizversand.ch\\\/wp-content\\\/uploads\\\/2026\\\/02\\\/5471819359.png\",\"width\":707,\"height\":1024},{\"@type\":\"BreadcrumbList\",\"@id\":\"https:\\\/\\\/schweizversand.ch\\\/fr\\\/produkt\\\/vollmar-stumpenkerze\\\/#breadcrumb\",\"itemListElement\":[{\"@type\":\"ListItem\",\"position\":1,\"name\":\"Startseite\",\"item\":\"https:\\\/\\\/schweizversand.ch\\\/fr\\\/home\\\/\"},{\"@type\":\"ListItem\",\"position\":2,\"name\":\"Boutique\",\"item\":\"https:\\\/\\\/schweizversand.ch\\\/fr\\\/boutique\\\/\"},{\"@type\":\"ListItem\",\"position\":3,\"name\":\"Accueil\",\"item\":\"https:\\\/\\\/schweizversand.ch\\\/fr\\\/produkt-kategorie\\\/accueil\\\/\"},{\"@type\":\"ListItem\",\"position\":4,\"name\":\"D\u00e9coration et accessoires\",\"item\":\"https:\\\/\\\/schweizversand.ch\\\/fr\\\/produkt-kategorie\\\/accueil\\\/decoration-et-accessoires\\\/\"},{\"@type\":\"ListItem\",\"position\":5,\"name\":\"Bougies et objets de chauffage\",\"item\":\"https:\\\/\\\/schweizversand.ch\\\/fr\\\/produkt-kategorie\\\/accueil\\\/decoration-et-accessoires\\\/kerzen-feuer\\\/\"},{\"@type\":\"ListItem\",\"position\":6,\"name\":\"Bougie pilier Vollmar\"}]},{\"@type\":\"WebSite\",\"@id\":\"https:\\\/\\\/schweizversand.ch\\\/fr\\\/#website\",\"url\":\"https:\\\/\\\/schweizversand.ch\\\/fr\\\/\",\"name\":\"Schweizer Shop f\u00fcr Sport, Spiel und Freizeit\",\"description\":\"Gratisversand ab 50.- (netto), ab eigenem schweizer Lager, Lieferung innert 48h\",\"publisher\":{\"@id\":\"https:\\\/\\\/schweizversand.ch\\\/fr\\\/#organization\"},\"alternateName\":\"Schweizversand.ch\",\"potentialAction\":[{\"@type\":\"SearchAction\",\"target\":{\"@type\":\"EntryPoint\",\"urlTemplate\":\"https:\\\/\\\/schweizversand.ch\\\/fr\\\/?s={search_term_string}\"},\"query-input\":{\"@type\":\"PropertyValueSpecification\",\"valueRequired\":true,\"valueName\":\"search_term_string\"}}],\"inLanguage\":\"fr-FR\"},{\"@type\":\"Organization\",\"@id\":\"https:\\\/\\\/schweizversand.ch\\\/fr\\\/#organization\",\"name\":\"Schweizversand.ch\",\"url\":\"https:\\\/\\\/schweizversand.ch\\\/fr\\\/\",\"logo\":{\"@type\":\"ImageObject\",\"inLanguage\":\"fr-FR\",\"@id\":\"https:\\\/\\\/schweizversand.ch\\\/fr\\\/#\\\/schema\\\/logo\\\/image\\\/\",\"url\":\"https:\\\/\\\/schweizversand.ch\\\/wp-content\\\/uploads\\\/2026\\\/03\\\/Logo_Rund_Final-1.png\",\"contentUrl\":\"https:\\\/\\\/schweizversand.ch\\\/wp-content\\\/uploads\\\/2026\\\/03\\\/Logo_Rund_Final-1.png\",\"width\":404,\"height\":404,\"caption\":\"Schweizversand.ch\"},\"image\":{\"@id\":\"https:\\\/\\\/schweizversand.ch\\\/fr\\\/#\\\/schema\\\/logo\\\/image\\\/\"},\"sameAs\":[\"https:\\\/\\\/www.facebook.com\\\/Schweizversand\",\"https:\\\/\\\/www.instagram.com\\\/schweizversand.ch\\\/\"]}]}<\/script>\n<!-- \/ Yoast SEO plugin. -->","yoast_head_json":{"title":"Vollmar Stumpenkerze","description":"Stumpenkerze 5x10 cm getaucht \u2013 Schlichte Eleganz Entdecken Sie die zeitlose Sch\u00f6nheit der Stumpenkerze 10cm , die durch ihre schlichte Eleganz und hohe Qualit\u00e4","robots":{"index":"index","follow":"follow","max-snippet":"max-snippet:-1","max-image-preview":"max-image-preview:large","max-video-preview":"max-video-preview:-1"},"canonical":"https:\/\/schweizversand.ch\/fr\/produkt\/vollmar-stumpenkerze\/","og_locale":"fr_FR","og_type":"article","og_title":"Vollmar Stumpenkerze","og_description":"Stumpenkerze 5x10 cm getaucht \u2013 Schlichte Eleganz Entdecken Sie die zeitlose Sch\u00f6nheit der Stumpenkerze 10cm , die durch ihre schlichte Eleganz und hohe Qualit\u00e4","og_url":"https:\/\/schweizversand.ch\/fr\/produkt\/vollmar-stumpenkerze\/","og_site_name":"Schweizer Shop f\u00fcr Sport, Spiel und Freizeit","article_publisher":"https:\/\/www.facebook.com\/Schweizversand","article_modified_time":"2026-04-19T00:05:23+00:00","og_image":[{"width":707,"height":1024,"url":"https:\/\/schweizversand.ch\/wp-content\/uploads\/2026\/02\/5471819359.png","type":"image\/png"}],"twitter_card":"summary_large_image","twitter_misc":{"Dur\u00e9e de lecture estim\u00e9e":"1 minute"},"schema":{"@context":"https:\/\/schema.org","@graph":[{"@type":"WebPage","@id":"https:\/\/schweizversand.ch\/fr\/produkt\/vollmar-stumpenkerze\/","url":"https:\/\/schweizversand.ch\/fr\/produkt\/vollmar-stumpenkerze\/","name":"Vollmar Stumpenkerze","isPartOf":{"@id":"https:\/\/schweizversand.ch\/fr\/#website"},"primaryImageOfPage":{"@id":"https:\/\/schweizversand.ch\/fr\/produkt\/vollmar-stumpenkerze\/#primaryimage"},"image":{"@id":"https:\/\/schweizversand.ch\/fr\/produkt\/vollmar-stumpenkerze\/#primaryimage"},"thumbnailUrl":"https:\/\/schweizversand.ch\/wp-content\/uploads\/2026\/02\/5471819359.png","datePublished":"2026-03-14T22:21:50+00:00","dateModified":"2026-04-19T00:05:23+00:00","description":"Stumpenkerze 5x10 cm getaucht \u2013 Schlichte Eleganz Entdecken Sie die zeitlose Sch\u00f6nheit der Stumpenkerze 10cm , die durch ihre schlichte Eleganz und hohe Qualit\u00e4","breadcrumb":{"@id":"https:\/\/schweizversand.ch\/fr\/produkt\/vollmar-stumpenkerze\/#breadcrumb"},"inLanguage":"fr-FR","potentialAction":[{"@type":"ReadAction","target":["https:\/\/schweizversand.ch\/fr\/produkt\/vollmar-stumpenkerze\/"]}]},{"@type":"ImageObject","inLanguage":"fr-FR","@id":"https:\/\/schweizversand.ch\/fr\/produkt\/vollmar-stumpenkerze\/#primaryimage","url":"https:\/\/schweizversand.ch\/wp-content\/uploads\/2026\/02\/5471819359.png","contentUrl":"https:\/\/schweizversand.ch\/wp-content\/uploads\/2026\/02\/5471819359.png","width":707,"height":1024},{"@type":"BreadcrumbList","@id":"https:\/\/schweizversand.ch\/fr\/produkt\/vollmar-stumpenkerze\/#breadcrumb","itemListElement":[{"@type":"ListItem","position":1,"name":"Startseite","item":"https:\/\/schweizversand.ch\/fr\/home\/"},{"@type":"ListItem","position":2,"name":"Boutique","item":"https:\/\/schweizversand.ch\/fr\/boutique\/"},{"@type":"ListItem","position":3,"name":"Accueil","item":"https:\/\/schweizversand.ch\/fr\/produkt-kategorie\/accueil\/"},{"@type":"ListItem","position":4,"name":"D\u00e9coration et accessoires","item":"https:\/\/schweizversand.ch\/fr\/produkt-kategorie\/accueil\/decoration-et-accessoires\/"},{"@type":"ListItem","position":5,"name":"Bougies et objets de chauffage","item":"https:\/\/schweizversand.ch\/fr\/produkt-kategorie\/accueil\/decoration-et-accessoires\/kerzen-feuer\/"},{"@type":"ListItem","position":6,"name":"Bougie pilier Vollmar"}]},{"@type":"WebSite","@id":"https:\/\/schweizversand.ch\/fr\/#website","url":"https:\/\/schweizversand.ch\/fr\/","name":"Schweizer Shop f\u00fcr Sport, Spiel und Freizeit","description":"Gratisversand ab 50.- (netto), ab eigenem schweizer Lager, Lieferung innert 48h","publisher":{"@id":"https:\/\/schweizversand.ch\/fr\/#organization"},"alternateName":"Schweizversand.ch","potentialAction":[{"@type":"SearchAction","target":{"@type":"EntryPoint","urlTemplate":"https:\/\/schweizversand.ch\/fr\/?s={search_term_string}"},"query-input":{"@type":"PropertyValueSpecification","valueRequired":true,"valueName":"search_term_string"}}],"inLanguage":"fr-FR"},{"@type":"Organization","@id":"https:\/\/schweizversand.ch\/fr\/#organization","name":"Schweizversand.ch","url":"https:\/\/schweizversand.ch\/fr\/","logo":{"@type":"ImageObject","inLanguage":"fr-FR","@id":"https:\/\/schweizversand.ch\/fr\/#\/schema\/logo\/image\/","url":"https:\/\/schweizversand.ch\/wp-content\/uploads\/2026\/03\/Logo_Rund_Final-1.png","contentUrl":"https:\/\/schweizversand.ch\/wp-content\/uploads\/2026\/03\/Logo_Rund_Final-1.png","width":404,"height":404,"caption":"Schweizversand.ch"},"image":{"@id":"https:\/\/schweizversand.ch\/fr\/#\/schema\/logo\/image\/"},"sameAs":["https:\/\/www.facebook.com\/Schweizversand","https:\/\/www.instagram.com\/schweizversand.ch\/"]}]}},"jetpack_sharing_enabled":true,"_links":{"self":[{"href":"https:\/\/schweizversand.ch\/fr\/wp-json\/wp\/v2\/product\/260334","targetHints":{"allow":["GET"]}}],"collection":[{"href":"https:\/\/schweizversand.ch\/fr\/wp-json\/wp\/v2\/product"}],"about":[{"href":"https:\/\/schweizversand.ch\/fr\/wp-json\/wp\/v2\/types\/product"}],"replies":[{"embeddable":true,"href":"https:\/\/schweizversand.ch\/fr\/wp-json\/wp\/v2\/comments?post=260334"}],"wp:featuredmedia":[{"embeddable":true,"href":"https:\/\/schweizversand.ch\/fr\/wp-json\/wp\/v2\/media\/165254"}],"wp:attachment":[{"href":"https:\/\/schweizversand.ch\/fr\/wp-json\/wp\/v2\/media?parent=260334"}],"wp:term":[{"taxonomy":"product_brand","embeddable":true,"href":"https:\/\/schweizversand.ch\/fr\/wp-json\/wp\/v2\/product_brand?post=260334"},{"taxonomy":"product_cat","embeddable":true,"href":"https:\/\/schweizversand.ch\/fr\/wp-json\/wp\/v2\/product_cat?post=260334"},{"taxonomy":"product_tag","embeddable":true,"href":"https:\/\/schweizversand.ch\/fr\/wp-json\/wp\/v2\/product_tag?post=260334"}],"curies":[{"name":"wp","href":"https:\/\/api.w.org\/{rel}","templated":true}]}}