{"id":260336,"date":"2026-03-14T23:21:50","date_gmt":"2026-03-14T22:21:50","guid":{"rendered":"https:\/\/schweizversand.ch\/produkt\/untitec-halogenlampen-fuer-hauptscheinwerfer-2-er-pack\/"},"modified":"2026-04-19T02:05:23","modified_gmt":"2026-04-19T00:05:23","slug":"untitec-halogenlampen-fuer-hauptscheinwerfer-2-er-pack","status":"publish","type":"product","link":"https:\/\/schweizversand.ch\/fr\/produkt\/untitec-halogenlampen-fuer-hauptscheinwerfer-2-er-pack\/","title":{"rendered":"Ampoules halog\u00e8nes Untitec pour phares, lot de 2"},"content":{"rendered":"<p>Lot de 2 ampoules halog\u00e8nes H1 \u2013 Un \u00e9clairage optimal pour vos phares\u00a0!<\/p>\n<p>Profitez d&rsquo;un \u00e9clairage optimal de la route gr\u00e2ce \u00e0 nos ampoules halog\u00e8nes H1 de haute qualit\u00e9\u00a0! Ce lot de 2 ampoules offre un \u00e9clairage puissant, pour une conduite en toute s\u00e9curit\u00e9 m\u00eame par faible visibilit\u00e9.<\/p>\n<p>Les ampoules halog\u00e8nes H1 se caract\u00e9risent par leur longue dur\u00e9e de vie et leur installation facile \u2013 id\u00e9ales pour tous ceux qui privil\u00e9gient la qualit\u00e9 et la s\u00e9curit\u00e9. Que vous conduisiez de nuit ou au cr\u00e9puscule, nos ampoules vous offrent un \u00e9clairage clair et puissant.<\/p>\n<p>Am\u00e9liorez votre visibilit\u00e9 et votre s\u00e9curit\u00e9 sur la route\u00a0! Offrez-vous cette am\u00e9lioration et constatez la diff\u00e9rence. Maintenant disponibles en lot de 2, pratique et id\u00e9al pour un remplacement imm\u00e9diat.<\/p>\n<p>Contenu\u00a0: 2 ampoules<\/p>\n<p>Tension\u00a0: 12\u00a0V<\/p>\n<p>Puissance\u00a0: 55\u00a0W<\/p>\n<p>Culot\u00a0: P14.5S<\/p>\n<p>\u00c9quipez-vous d&rsquo;ampoules halog\u00e8nes H1 et conduisez en toute confiance\u00a0!<\/p>\n","protected":false},"excerpt":{"rendered":"<p>Untitec Halogenlampen f\u00fcr Hauptscheinwerfer 2-er Pack bieten starke Lichtkraft, lange Lebensdauer und einfache Montage f\u00fcr maximale Sicherheit bei Nachtfahrten.<\/p>\n","protected":false},"featured_media":165256,"comment_status":"open","ping_status":"closed","template":"","meta":[],"product_brand":[],"product_cat":[38646],"product_tag":[],"class_list":{"0":"post-260336","1":"product","2":"type-product","3":"status-publish","4":"has-post-thumbnail","6":"product_cat-diverse","7":"product_shipping_class-global_methods","9":"first","10":"instock","11":"taxable","12":"shipping-taxable","13":"purchasable","14":"product-type-simple"},"yoast_head":"<!-- This site is optimized with the Yoast SEO plugin v27.4 - https:\/\/yoast.com\/product\/yoast-seo-wordpress\/ -->\n<title>Untitec Halogenlampen f\u00fcr Hauptscheinwerfer 2-er Pack<\/title>\n<meta name=\"description\" content=\"H1 Halogenlampen Doppel-Pack \u2013 Hervorragende Lichtkraft f\u00fcr deine Hauptscheinwerfer!\u00a0 Erlebe die optimale Ausleuchtung deiner Fahrbahn mit unseren hochwertigen\" \/>\n<meta name=\"robots\" content=\"index, follow, max-snippet:-1, max-image-preview:large, max-video-preview:-1\" \/>\n<link rel=\"canonical\" href=\"https:\/\/schweizversand.ch\/fr\/produkt\/untitec-halogenlampen-fuer-hauptscheinwerfer-2-er-pack\/\" \/>\n<meta property=\"og:locale\" content=\"fr_FR\" \/>\n<meta property=\"og:type\" content=\"article\" \/>\n<meta property=\"og:title\" content=\"Untitec Halogenlampen f\u00fcr Hauptscheinwerfer 2-er Pack\" \/>\n<meta property=\"og:description\" content=\"H1 Halogenlampen Doppel-Pack \u2013 Hervorragende Lichtkraft f\u00fcr deine Hauptscheinwerfer!\u00a0 Erlebe die optimale Ausleuchtung deiner Fahrbahn mit unseren hochwertigen\" \/>\n<meta property=\"og:url\" content=\"https:\/\/schweizversand.ch\/fr\/produkt\/untitec-halogenlampen-fuer-hauptscheinwerfer-2-er-pack\/\" \/>\n<meta property=\"og:site_name\" content=\"Schweizer Shop f\u00fcr Sport, Spiel und Freizeit\" \/>\n<meta property=\"article:publisher\" content=\"https:\/\/www.facebook.com\/Schweizversand\" \/>\n<meta property=\"article:modified_time\" content=\"2026-04-19T00:05:23+00:00\" \/>\n<meta property=\"og:image\" content=\"https:\/\/schweizversand.ch\/wp-content\/uploads\/2026\/02\/5471777331.jpg\" \/>\n\t<meta property=\"og:image:width\" content=\"1024\" \/>\n\t<meta property=\"og:image:height\" content=\"1024\" \/>\n\t<meta property=\"og:image:type\" content=\"image\/jpeg\" \/>\n<meta name=\"twitter:card\" content=\"summary_large_image\" \/>\n<meta name=\"twitter:label1\" content=\"Dur\u00e9e de lecture estim\u00e9e\" \/>\n\t<meta name=\"twitter:data1\" content=\"1 minute\" \/>\n<script type=\"application\/ld+json\" class=\"yoast-schema-graph\">{\"@context\":\"https:\\\/\\\/schema.org\",\"@graph\":[{\"@type\":\"WebPage\",\"@id\":\"https:\\\/\\\/schweizversand.ch\\\/fr\\\/produkt\\\/untitec-halogenlampen-fuer-hauptscheinwerfer-2-er-pack\\\/\",\"url\":\"https:\\\/\\\/schweizversand.ch\\\/fr\\\/produkt\\\/untitec-halogenlampen-fuer-hauptscheinwerfer-2-er-pack\\\/\",\"name\":\"Untitec Halogenlampen f\u00fcr Hauptscheinwerfer 2-er Pack\",\"isPartOf\":{\"@id\":\"https:\\\/\\\/schweizversand.ch\\\/fr\\\/#website\"},\"primaryImageOfPage\":{\"@id\":\"https:\\\/\\\/schweizversand.ch\\\/fr\\\/produkt\\\/untitec-halogenlampen-fuer-hauptscheinwerfer-2-er-pack\\\/#primaryimage\"},\"image\":{\"@id\":\"https:\\\/\\\/schweizversand.ch\\\/fr\\\/produkt\\\/untitec-halogenlampen-fuer-hauptscheinwerfer-2-er-pack\\\/#primaryimage\"},\"thumbnailUrl\":\"https:\\\/\\\/schweizversand.ch\\\/wp-content\\\/uploads\\\/2026\\\/02\\\/5471777331.jpg\",\"datePublished\":\"2026-03-14T22:21:50+00:00\",\"dateModified\":\"2026-04-19T00:05:23+00:00\",\"description\":\"H1 Halogenlampen Doppel-Pack \u2013 Hervorragende Lichtkraft f\u00fcr deine Hauptscheinwerfer!\u00a0 Erlebe die optimale Ausleuchtung deiner Fahrbahn mit unseren hochwertigen\",\"breadcrumb\":{\"@id\":\"https:\\\/\\\/schweizversand.ch\\\/fr\\\/produkt\\\/untitec-halogenlampen-fuer-hauptscheinwerfer-2-er-pack\\\/#breadcrumb\"},\"inLanguage\":\"fr-FR\",\"potentialAction\":[{\"@type\":\"ReadAction\",\"target\":[\"https:\\\/\\\/schweizversand.ch\\\/fr\\\/produkt\\\/untitec-halogenlampen-fuer-hauptscheinwerfer-2-er-pack\\\/\"]}]},{\"@type\":\"ImageObject\",\"inLanguage\":\"fr-FR\",\"@id\":\"https:\\\/\\\/schweizversand.ch\\\/fr\\\/produkt\\\/untitec-halogenlampen-fuer-hauptscheinwerfer-2-er-pack\\\/#primaryimage\",\"url\":\"https:\\\/\\\/schweizversand.ch\\\/wp-content\\\/uploads\\\/2026\\\/02\\\/5471777331.jpg\",\"contentUrl\":\"https:\\\/\\\/schweizversand.ch\\\/wp-content\\\/uploads\\\/2026\\\/02\\\/5471777331.jpg\",\"width\":1024,\"height\":1024},{\"@type\":\"BreadcrumbList\",\"@id\":\"https:\\\/\\\/schweizversand.ch\\\/fr\\\/produkt\\\/untitec-halogenlampen-fuer-hauptscheinwerfer-2-er-pack\\\/#breadcrumb\",\"itemListElement\":[{\"@type\":\"ListItem\",\"position\":1,\"name\":\"Startseite\",\"item\":\"https:\\\/\\\/schweizversand.ch\\\/fr\\\/home\\\/\"},{\"@type\":\"ListItem\",\"position\":2,\"name\":\"Boutique\",\"item\":\"https:\\\/\\\/schweizversand.ch\\\/fr\\\/boutique\\\/\"},{\"@type\":\"ListItem\",\"position\":3,\"name\":\"Accessoires pour v\u00e9hicules\",\"item\":\"https:\\\/\\\/schweizversand.ch\\\/fr\\\/produkt-kategorie\\\/accessoires-pour-vehicules\\\/\"},{\"@type\":\"ListItem\",\"position\":4,\"name\":\"Voiture\",\"item\":\"https:\\\/\\\/schweizversand.ch\\\/fr\\\/produkt-kategorie\\\/accessoires-pour-vehicules\\\/voiture\\\/\"},{\"@type\":\"ListItem\",\"position\":5,\"name\":\"Divers\",\"item\":\"https:\\\/\\\/schweizversand.ch\\\/fr\\\/produkt-kategorie\\\/accessoires-pour-vehicules\\\/voiture\\\/diverse\\\/\"},{\"@type\":\"ListItem\",\"position\":6,\"name\":\"Ampoules halog\u00e8nes Untitec pour phares, lot de 2\"}]},{\"@type\":\"WebSite\",\"@id\":\"https:\\\/\\\/schweizversand.ch\\\/fr\\\/#website\",\"url\":\"https:\\\/\\\/schweizversand.ch\\\/fr\\\/\",\"name\":\"Schweizer Shop f\u00fcr Sport, Spiel und Freizeit\",\"description\":\"Gratisversand ab 50.- (netto), ab eigenem schweizer Lager, Lieferung innert 48h\",\"publisher\":{\"@id\":\"https:\\\/\\\/schweizversand.ch\\\/fr\\\/#organization\"},\"alternateName\":\"Schweizversand.ch\",\"potentialAction\":[{\"@type\":\"SearchAction\",\"target\":{\"@type\":\"EntryPoint\",\"urlTemplate\":\"https:\\\/\\\/schweizversand.ch\\\/fr\\\/?s={search_term_string}\"},\"query-input\":{\"@type\":\"PropertyValueSpecification\",\"valueRequired\":true,\"valueName\":\"search_term_string\"}}],\"inLanguage\":\"fr-FR\"},{\"@type\":\"Organization\",\"@id\":\"https:\\\/\\\/schweizversand.ch\\\/fr\\\/#organization\",\"name\":\"Schweizversand.ch\",\"url\":\"https:\\\/\\\/schweizversand.ch\\\/fr\\\/\",\"logo\":{\"@type\":\"ImageObject\",\"inLanguage\":\"fr-FR\",\"@id\":\"https:\\\/\\\/schweizversand.ch\\\/fr\\\/#\\\/schema\\\/logo\\\/image\\\/\",\"url\":\"https:\\\/\\\/schweizversand.ch\\\/wp-content\\\/uploads\\\/2026\\\/03\\\/Logo_Rund_Final-1.png\",\"contentUrl\":\"https:\\\/\\\/schweizversand.ch\\\/wp-content\\\/uploads\\\/2026\\\/03\\\/Logo_Rund_Final-1.png\",\"width\":404,\"height\":404,\"caption\":\"Schweizversand.ch\"},\"image\":{\"@id\":\"https:\\\/\\\/schweizversand.ch\\\/fr\\\/#\\\/schema\\\/logo\\\/image\\\/\"},\"sameAs\":[\"https:\\\/\\\/www.facebook.com\\\/Schweizversand\",\"https:\\\/\\\/www.instagram.com\\\/schweizversand.ch\\\/\"]}]}<\/script>\n<!-- \/ Yoast SEO plugin. -->","yoast_head_json":{"title":"Untitec Halogenlampen f\u00fcr Hauptscheinwerfer 2-er Pack","description":"H1 Halogenlampen Doppel-Pack \u2013 Hervorragende Lichtkraft f\u00fcr deine Hauptscheinwerfer!\u00a0 Erlebe die optimale Ausleuchtung deiner Fahrbahn mit unseren hochwertigen","robots":{"index":"index","follow":"follow","max-snippet":"max-snippet:-1","max-image-preview":"max-image-preview:large","max-video-preview":"max-video-preview:-1"},"canonical":"https:\/\/schweizversand.ch\/fr\/produkt\/untitec-halogenlampen-fuer-hauptscheinwerfer-2-er-pack\/","og_locale":"fr_FR","og_type":"article","og_title":"Untitec Halogenlampen f\u00fcr Hauptscheinwerfer 2-er Pack","og_description":"H1 Halogenlampen Doppel-Pack \u2013 Hervorragende Lichtkraft f\u00fcr deine Hauptscheinwerfer!\u00a0 Erlebe die optimale Ausleuchtung deiner Fahrbahn mit unseren hochwertigen","og_url":"https:\/\/schweizversand.ch\/fr\/produkt\/untitec-halogenlampen-fuer-hauptscheinwerfer-2-er-pack\/","og_site_name":"Schweizer Shop f\u00fcr Sport, Spiel und Freizeit","article_publisher":"https:\/\/www.facebook.com\/Schweizversand","article_modified_time":"2026-04-19T00:05:23+00:00","og_image":[{"width":1024,"height":1024,"url":"https:\/\/schweizversand.ch\/wp-content\/uploads\/2026\/02\/5471777331.jpg","type":"image\/jpeg"}],"twitter_card":"summary_large_image","twitter_misc":{"Dur\u00e9e de lecture estim\u00e9e":"1 minute"},"schema":{"@context":"https:\/\/schema.org","@graph":[{"@type":"WebPage","@id":"https:\/\/schweizversand.ch\/fr\/produkt\/untitec-halogenlampen-fuer-hauptscheinwerfer-2-er-pack\/","url":"https:\/\/schweizversand.ch\/fr\/produkt\/untitec-halogenlampen-fuer-hauptscheinwerfer-2-er-pack\/","name":"Untitec Halogenlampen f\u00fcr Hauptscheinwerfer 2-er Pack","isPartOf":{"@id":"https:\/\/schweizversand.ch\/fr\/#website"},"primaryImageOfPage":{"@id":"https:\/\/schweizversand.ch\/fr\/produkt\/untitec-halogenlampen-fuer-hauptscheinwerfer-2-er-pack\/#primaryimage"},"image":{"@id":"https:\/\/schweizversand.ch\/fr\/produkt\/untitec-halogenlampen-fuer-hauptscheinwerfer-2-er-pack\/#primaryimage"},"thumbnailUrl":"https:\/\/schweizversand.ch\/wp-content\/uploads\/2026\/02\/5471777331.jpg","datePublished":"2026-03-14T22:21:50+00:00","dateModified":"2026-04-19T00:05:23+00:00","description":"H1 Halogenlampen Doppel-Pack \u2013 Hervorragende Lichtkraft f\u00fcr deine Hauptscheinwerfer!\u00a0 Erlebe die optimale Ausleuchtung deiner Fahrbahn mit unseren hochwertigen","breadcrumb":{"@id":"https:\/\/schweizversand.ch\/fr\/produkt\/untitec-halogenlampen-fuer-hauptscheinwerfer-2-er-pack\/#breadcrumb"},"inLanguage":"fr-FR","potentialAction":[{"@type":"ReadAction","target":["https:\/\/schweizversand.ch\/fr\/produkt\/untitec-halogenlampen-fuer-hauptscheinwerfer-2-er-pack\/"]}]},{"@type":"ImageObject","inLanguage":"fr-FR","@id":"https:\/\/schweizversand.ch\/fr\/produkt\/untitec-halogenlampen-fuer-hauptscheinwerfer-2-er-pack\/#primaryimage","url":"https:\/\/schweizversand.ch\/wp-content\/uploads\/2026\/02\/5471777331.jpg","contentUrl":"https:\/\/schweizversand.ch\/wp-content\/uploads\/2026\/02\/5471777331.jpg","width":1024,"height":1024},{"@type":"BreadcrumbList","@id":"https:\/\/schweizversand.ch\/fr\/produkt\/untitec-halogenlampen-fuer-hauptscheinwerfer-2-er-pack\/#breadcrumb","itemListElement":[{"@type":"ListItem","position":1,"name":"Startseite","item":"https:\/\/schweizversand.ch\/fr\/home\/"},{"@type":"ListItem","position":2,"name":"Boutique","item":"https:\/\/schweizversand.ch\/fr\/boutique\/"},{"@type":"ListItem","position":3,"name":"Accessoires pour v\u00e9hicules","item":"https:\/\/schweizversand.ch\/fr\/produkt-kategorie\/accessoires-pour-vehicules\/"},{"@type":"ListItem","position":4,"name":"Voiture","item":"https:\/\/schweizversand.ch\/fr\/produkt-kategorie\/accessoires-pour-vehicules\/voiture\/"},{"@type":"ListItem","position":5,"name":"Divers","item":"https:\/\/schweizversand.ch\/fr\/produkt-kategorie\/accessoires-pour-vehicules\/voiture\/diverse\/"},{"@type":"ListItem","position":6,"name":"Ampoules halog\u00e8nes Untitec pour phares, lot de 2"}]},{"@type":"WebSite","@id":"https:\/\/schweizversand.ch\/fr\/#website","url":"https:\/\/schweizversand.ch\/fr\/","name":"Schweizer Shop f\u00fcr Sport, Spiel und Freizeit","description":"Gratisversand ab 50.- (netto), ab eigenem schweizer Lager, Lieferung innert 48h","publisher":{"@id":"https:\/\/schweizversand.ch\/fr\/#organization"},"alternateName":"Schweizversand.ch","potentialAction":[{"@type":"SearchAction","target":{"@type":"EntryPoint","urlTemplate":"https:\/\/schweizversand.ch\/fr\/?s={search_term_string}"},"query-input":{"@type":"PropertyValueSpecification","valueRequired":true,"valueName":"search_term_string"}}],"inLanguage":"fr-FR"},{"@type":"Organization","@id":"https:\/\/schweizversand.ch\/fr\/#organization","name":"Schweizversand.ch","url":"https:\/\/schweizversand.ch\/fr\/","logo":{"@type":"ImageObject","inLanguage":"fr-FR","@id":"https:\/\/schweizversand.ch\/fr\/#\/schema\/logo\/image\/","url":"https:\/\/schweizversand.ch\/wp-content\/uploads\/2026\/03\/Logo_Rund_Final-1.png","contentUrl":"https:\/\/schweizversand.ch\/wp-content\/uploads\/2026\/03\/Logo_Rund_Final-1.png","width":404,"height":404,"caption":"Schweizversand.ch"},"image":{"@id":"https:\/\/schweizversand.ch\/fr\/#\/schema\/logo\/image\/"},"sameAs":["https:\/\/www.facebook.com\/Schweizversand","https:\/\/www.instagram.com\/schweizversand.ch\/"]}]}},"jetpack_sharing_enabled":true,"_links":{"self":[{"href":"https:\/\/schweizversand.ch\/fr\/wp-json\/wp\/v2\/product\/260336","targetHints":{"allow":["GET"]}}],"collection":[{"href":"https:\/\/schweizversand.ch\/fr\/wp-json\/wp\/v2\/product"}],"about":[{"href":"https:\/\/schweizversand.ch\/fr\/wp-json\/wp\/v2\/types\/product"}],"replies":[{"embeddable":true,"href":"https:\/\/schweizversand.ch\/fr\/wp-json\/wp\/v2\/comments?post=260336"}],"wp:featuredmedia":[{"embeddable":true,"href":"https:\/\/schweizversand.ch\/fr\/wp-json\/wp\/v2\/media\/165256"}],"wp:attachment":[{"href":"https:\/\/schweizversand.ch\/fr\/wp-json\/wp\/v2\/media?parent=260336"}],"wp:term":[{"taxonomy":"product_brand","embeddable":true,"href":"https:\/\/schweizversand.ch\/fr\/wp-json\/wp\/v2\/product_brand?post=260336"},{"taxonomy":"product_cat","embeddable":true,"href":"https:\/\/schweizversand.ch\/fr\/wp-json\/wp\/v2\/product_cat?post=260336"},{"taxonomy":"product_tag","embeddable":true,"href":"https:\/\/schweizversand.ch\/fr\/wp-json\/wp\/v2\/product_tag?post=260336"}],"curies":[{"name":"wp","href":"https:\/\/api.w.org\/{rel}","templated":true}]}}