{"id":260339,"date":"2026-03-14T23:50:09","date_gmt":"2026-03-14T22:50:09","guid":{"rendered":"https:\/\/schweizversand.ch\/produkt\/zarelo-bienelo-baby-annabell-sweet-dreams-schlummerwolke\/"},"modified":"2026-04-19T02:05:29","modified_gmt":"2026-04-19T00:05:29","slug":"zarelo-bienelo-baby-annabell-sweet-dreams-schlummerwolke","status":"publish","type":"product","link":"https:\/\/schweizversand.ch\/fr\/produkt\/zarelo-bienelo-baby-annabell-sweet-dreams-schlummerwolke\/","title":{"rendered":"Zarelo Bienelo B\u00e9b\u00e9 Annabell Doux R\u00eaves Nuage de Sommeil"},"content":{"rendered":"<h1><strong>Ensemble d&rsquo;accessoires pour le coucher de Baby Annabell<\/strong><\/h1>\n<div>Plongez dans le monde enchanteur des jeux de poup\u00e9e\u00a0! Cet <strong>ensemble d&rsquo;accessoires pour Baby Annabell<\/strong> de haute qualit\u00e9 transforme le rituel du coucher de votre poup\u00e9e pr\u00e9f\u00e9r\u00e9e en un moment tendre et cr\u00e9atif. C&rsquo;est le compl\u00e9ment id\u00e9al pour tous ceux qui souhaitent rendre leurs jeux de r\u00f4le encore plus r\u00e9alistes.<\/p>\n<\/div>\n<div><strong>Pr\u00e9sentation et int\u00e9r\u00eat ludique<\/strong><br \/>L&rsquo;<strong>ensemble d&rsquo;accessoires pour le coucher<\/strong> est con\u00e7u avec soin et offre non seulement une grande qualit\u00e9, mais aussi une formidable valeur \u00e9ducative. Il stimule l&rsquo;imagination et permet aux enfants de d\u00e9velopper leurs propres rituels du coucher pour Baby Annabell, favorisant ainsi leur cr\u00e9ativit\u00e9 et leur sens de l&#8217;empathie.<\/p>\n<\/div>\n<div><strong>D\u00e9tails de l&rsquo;ensemble de sommeil pour poup\u00e9e<\/strong><br \/>Cet ensemble rend le jeu avec les jouets <strong>Baby Annabell<\/strong> encore plus r\u00e9aliste. Ce coffret enrichit l&rsquo;exp\u00e9rience de jeu avec les poup\u00e9es en aidant les enfants \u00e0 endosser le r\u00f4le d&rsquo;un \u00ab\u00a0parent de poup\u00e9e\u00a0\u00bb responsable et \u00e0 d\u00e9velopper d&rsquo;importantes comp\u00e9tences sociales.<\/p>\n<\/div>\n<div><strong>Caract\u00e9ristiques et compatibilit\u00e9 du produit<\/strong><br \/>&#8211; Accessoires de literie <strong>Baby Annabell<\/strong> de haute qualit\u00e9 pour des heures de jeu<br \/>&#8211; Stimule l&rsquo;imagination et encourage les jeux de r\u00f4le bienveillants avec les poup\u00e9es<br \/>&#8211; Sp\u00e9cialement con\u00e7u pour les poup\u00e9es de 36\u00a0cm et 43\u00a0cm<br \/>&#8211; Offre de nouvelles id\u00e9es de jeu pour des s\u00e9ances interactives<\/p>\n<\/div>\n<div>Offrez \u00e0 votre enfant ce coffret id\u00e9al, \u00e0 la fois cr\u00e9atif et \u00e9ducatif. D\u00e9veloppez d\u00e8s maintenant les possibilit\u00e9s de jeu de votre poup\u00e9e Baby Annabell\u00a0!<\/p>\n<\/div>\n<div>\n<\/div>\n","protected":false},"excerpt":{"rendered":"<p>Zarelo Bienelo Baby Annabell Sweet Dreams Schlummerwolke macht das Zubettgehen der Puppe besonders realistisch und f\u00f6rdert spielerisch Kreativit\u00e4t und F\u00fcrsorglichkeit.<\/p>\n","protected":false},"featured_media":165999,"comment_status":"open","ping_status":"closed","template":"","meta":[],"product_brand":[],"product_cat":[38879],"product_tag":[],"class_list":{"0":"post-260339","1":"product","2":"type-product","3":"status-publish","4":"has-post-thumbnail","6":"product_cat-puppenzubehoer","7":"product_shipping_class-global_methods","9":"first","10":"instock","11":"taxable","12":"shipping-taxable","13":"purchasable","14":"product-type-simple"},"yoast_head":"<!-- This site is optimized with the Yoast SEO plugin v27.4 - https:\/\/yoast.com\/product\/yoast-seo-wordpress\/ -->\n<title>Zarelo Bienelo Baby Annabell Sweet Dreams Schlummerwolke<\/title>\n<meta name=\"description\" content=\"Baby Annabell Schlafenszeit Zubeh\u00f6r Set Tauchen Sie ein in die zauberhafte Welt des Puppenspiels! Dieses hochwertige Baby Annabell Zubeh\u00f6r Set macht das Zubettg\" \/>\n<meta name=\"robots\" content=\"index, follow, max-snippet:-1, max-image-preview:large, max-video-preview:-1\" \/>\n<link rel=\"canonical\" href=\"https:\/\/schweizversand.ch\/fr\/produkt\/zarelo-bienelo-baby-annabell-sweet-dreams-schlummerwolke\/\" \/>\n<meta property=\"og:locale\" content=\"fr_FR\" \/>\n<meta property=\"og:type\" content=\"article\" \/>\n<meta property=\"og:title\" content=\"Zarelo Bienelo Baby Annabell Sweet Dreams Schlummerwolke\" \/>\n<meta property=\"og:description\" content=\"Baby Annabell Schlafenszeit Zubeh\u00f6r Set Tauchen Sie ein in die zauberhafte Welt des Puppenspiels! Dieses hochwertige Baby Annabell Zubeh\u00f6r Set macht das Zubettg\" \/>\n<meta property=\"og:url\" content=\"https:\/\/schweizversand.ch\/fr\/produkt\/zarelo-bienelo-baby-annabell-sweet-dreams-schlummerwolke\/\" \/>\n<meta property=\"og:site_name\" content=\"Schweizer Shop f\u00fcr Sport, Spiel und Freizeit\" \/>\n<meta property=\"article:publisher\" content=\"https:\/\/www.facebook.com\/Schweizversand\" \/>\n<meta property=\"article:modified_time\" content=\"2026-04-19T00:05:29+00:00\" \/>\n<meta property=\"og:image\" content=\"https:\/\/schweizversand.ch\/wp-content\/uploads\/2026\/02\/5471817106.jpg\" \/>\n\t<meta property=\"og:image:width\" content=\"1024\" \/>\n\t<meta property=\"og:image:height\" content=\"743\" \/>\n\t<meta property=\"og:image:type\" content=\"image\/jpeg\" \/>\n<meta name=\"twitter:card\" content=\"summary_large_image\" \/>\n<meta name=\"twitter:label1\" content=\"Dur\u00e9e de lecture estim\u00e9e\" \/>\n\t<meta name=\"twitter:data1\" content=\"1 minute\" \/>\n<script type=\"application\/ld+json\" class=\"yoast-schema-graph\">{\"@context\":\"https:\\\/\\\/schema.org\",\"@graph\":[{\"@type\":\"WebPage\",\"@id\":\"https:\\\/\\\/schweizversand.ch\\\/fr\\\/produkt\\\/zarelo-bienelo-baby-annabell-sweet-dreams-schlummerwolke\\\/\",\"url\":\"https:\\\/\\\/schweizversand.ch\\\/fr\\\/produkt\\\/zarelo-bienelo-baby-annabell-sweet-dreams-schlummerwolke\\\/\",\"name\":\"Zarelo Bienelo Baby Annabell Sweet Dreams Schlummerwolke\",\"isPartOf\":{\"@id\":\"https:\\\/\\\/schweizversand.ch\\\/fr\\\/#website\"},\"primaryImageOfPage\":{\"@id\":\"https:\\\/\\\/schweizversand.ch\\\/fr\\\/produkt\\\/zarelo-bienelo-baby-annabell-sweet-dreams-schlummerwolke\\\/#primaryimage\"},\"image\":{\"@id\":\"https:\\\/\\\/schweizversand.ch\\\/fr\\\/produkt\\\/zarelo-bienelo-baby-annabell-sweet-dreams-schlummerwolke\\\/#primaryimage\"},\"thumbnailUrl\":\"https:\\\/\\\/schweizversand.ch\\\/wp-content\\\/uploads\\\/2026\\\/02\\\/5471817106.jpg\",\"datePublished\":\"2026-03-14T22:50:09+00:00\",\"dateModified\":\"2026-04-19T00:05:29+00:00\",\"description\":\"Baby Annabell Schlafenszeit Zubeh\u00f6r Set Tauchen Sie ein in die zauberhafte Welt des Puppenspiels! Dieses hochwertige Baby Annabell Zubeh\u00f6r Set macht das Zubettg\",\"breadcrumb\":{\"@id\":\"https:\\\/\\\/schweizversand.ch\\\/fr\\\/produkt\\\/zarelo-bienelo-baby-annabell-sweet-dreams-schlummerwolke\\\/#breadcrumb\"},\"inLanguage\":\"fr-FR\",\"potentialAction\":[{\"@type\":\"ReadAction\",\"target\":[\"https:\\\/\\\/schweizversand.ch\\\/fr\\\/produkt\\\/zarelo-bienelo-baby-annabell-sweet-dreams-schlummerwolke\\\/\"]}]},{\"@type\":\"ImageObject\",\"inLanguage\":\"fr-FR\",\"@id\":\"https:\\\/\\\/schweizversand.ch\\\/fr\\\/produkt\\\/zarelo-bienelo-baby-annabell-sweet-dreams-schlummerwolke\\\/#primaryimage\",\"url\":\"https:\\\/\\\/schweizversand.ch\\\/wp-content\\\/uploads\\\/2026\\\/02\\\/5471817106.jpg\",\"contentUrl\":\"https:\\\/\\\/schweizversand.ch\\\/wp-content\\\/uploads\\\/2026\\\/02\\\/5471817106.jpg\",\"width\":1024,\"height\":743},{\"@type\":\"BreadcrumbList\",\"@id\":\"https:\\\/\\\/schweizversand.ch\\\/fr\\\/produkt\\\/zarelo-bienelo-baby-annabell-sweet-dreams-schlummerwolke\\\/#breadcrumb\",\"itemListElement\":[{\"@type\":\"ListItem\",\"position\":1,\"name\":\"Startseite\",\"item\":\"https:\\\/\\\/schweizversand.ch\\\/fr\\\/home\\\/\"},{\"@type\":\"ListItem\",\"position\":2,\"name\":\"Boutique\",\"item\":\"https:\\\/\\\/schweizversand.ch\\\/fr\\\/boutique\\\/\"},{\"@type\":\"ListItem\",\"position\":3,\"name\":\"Jouets et jeux\",\"item\":\"https:\\\/\\\/schweizversand.ch\\\/fr\\\/produkt-kategorie\\\/jouets-et-jeux\\\/\"},{\"@type\":\"ListItem\",\"position\":4,\"name\":\"Figurines et poup\u00e9es\",\"item\":\"https:\\\/\\\/schweizversand.ch\\\/fr\\\/produkt-kategorie\\\/jouets-et-jeux\\\/figurines-et-poupees\\\/\"},{\"@type\":\"ListItem\",\"position\":5,\"name\":\"Accessoires pour poup\u00e9es\",\"item\":\"https:\\\/\\\/schweizversand.ch\\\/fr\\\/produkt-kategorie\\\/puppenzubehoer\\\/\"},{\"@type\":\"ListItem\",\"position\":6,\"name\":\"Zarelo Bienelo B\u00e9b\u00e9 Annabell Doux R\u00eaves Nuage de Sommeil\"}]},{\"@type\":\"WebSite\",\"@id\":\"https:\\\/\\\/schweizversand.ch\\\/fr\\\/#website\",\"url\":\"https:\\\/\\\/schweizversand.ch\\\/fr\\\/\",\"name\":\"Schweizer Shop f\u00fcr Sport, Spiel und Freizeit\",\"description\":\"Gratisversand ab 50.- (netto), ab eigenem schweizer Lager, Lieferung innert 48h\",\"publisher\":{\"@id\":\"https:\\\/\\\/schweizversand.ch\\\/fr\\\/#organization\"},\"alternateName\":\"Schweizversand.ch\",\"potentialAction\":[{\"@type\":\"SearchAction\",\"target\":{\"@type\":\"EntryPoint\",\"urlTemplate\":\"https:\\\/\\\/schweizversand.ch\\\/fr\\\/?s={search_term_string}\"},\"query-input\":{\"@type\":\"PropertyValueSpecification\",\"valueRequired\":true,\"valueName\":\"search_term_string\"}}],\"inLanguage\":\"fr-FR\"},{\"@type\":\"Organization\",\"@id\":\"https:\\\/\\\/schweizversand.ch\\\/fr\\\/#organization\",\"name\":\"Schweizversand.ch\",\"url\":\"https:\\\/\\\/schweizversand.ch\\\/fr\\\/\",\"logo\":{\"@type\":\"ImageObject\",\"inLanguage\":\"fr-FR\",\"@id\":\"https:\\\/\\\/schweizversand.ch\\\/fr\\\/#\\\/schema\\\/logo\\\/image\\\/\",\"url\":\"https:\\\/\\\/schweizversand.ch\\\/wp-content\\\/uploads\\\/2026\\\/03\\\/Logo_Rund_Final-1.png\",\"contentUrl\":\"https:\\\/\\\/schweizversand.ch\\\/wp-content\\\/uploads\\\/2026\\\/03\\\/Logo_Rund_Final-1.png\",\"width\":404,\"height\":404,\"caption\":\"Schweizversand.ch\"},\"image\":{\"@id\":\"https:\\\/\\\/schweizversand.ch\\\/fr\\\/#\\\/schema\\\/logo\\\/image\\\/\"},\"sameAs\":[\"https:\\\/\\\/www.facebook.com\\\/Schweizversand\",\"https:\\\/\\\/www.instagram.com\\\/schweizversand.ch\\\/\"]}]}<\/script>\n<!-- \/ Yoast SEO plugin. -->","yoast_head_json":{"title":"Zarelo Bienelo Baby Annabell Sweet Dreams Schlummerwolke","description":"Baby Annabell Schlafenszeit Zubeh\u00f6r Set Tauchen Sie ein in die zauberhafte Welt des Puppenspiels! Dieses hochwertige Baby Annabell Zubeh\u00f6r Set macht das Zubettg","robots":{"index":"index","follow":"follow","max-snippet":"max-snippet:-1","max-image-preview":"max-image-preview:large","max-video-preview":"max-video-preview:-1"},"canonical":"https:\/\/schweizversand.ch\/fr\/produkt\/zarelo-bienelo-baby-annabell-sweet-dreams-schlummerwolke\/","og_locale":"fr_FR","og_type":"article","og_title":"Zarelo Bienelo Baby Annabell Sweet Dreams Schlummerwolke","og_description":"Baby Annabell Schlafenszeit Zubeh\u00f6r Set Tauchen Sie ein in die zauberhafte Welt des Puppenspiels! Dieses hochwertige Baby Annabell Zubeh\u00f6r Set macht das Zubettg","og_url":"https:\/\/schweizversand.ch\/fr\/produkt\/zarelo-bienelo-baby-annabell-sweet-dreams-schlummerwolke\/","og_site_name":"Schweizer Shop f\u00fcr Sport, Spiel und Freizeit","article_publisher":"https:\/\/www.facebook.com\/Schweizversand","article_modified_time":"2026-04-19T00:05:29+00:00","og_image":[{"width":1024,"height":743,"url":"https:\/\/schweizversand.ch\/wp-content\/uploads\/2026\/02\/5471817106.jpg","type":"image\/jpeg"}],"twitter_card":"summary_large_image","twitter_misc":{"Dur\u00e9e de lecture estim\u00e9e":"1 minute"},"schema":{"@context":"https:\/\/schema.org","@graph":[{"@type":"WebPage","@id":"https:\/\/schweizversand.ch\/fr\/produkt\/zarelo-bienelo-baby-annabell-sweet-dreams-schlummerwolke\/","url":"https:\/\/schweizversand.ch\/fr\/produkt\/zarelo-bienelo-baby-annabell-sweet-dreams-schlummerwolke\/","name":"Zarelo Bienelo Baby Annabell Sweet Dreams Schlummerwolke","isPartOf":{"@id":"https:\/\/schweizversand.ch\/fr\/#website"},"primaryImageOfPage":{"@id":"https:\/\/schweizversand.ch\/fr\/produkt\/zarelo-bienelo-baby-annabell-sweet-dreams-schlummerwolke\/#primaryimage"},"image":{"@id":"https:\/\/schweizversand.ch\/fr\/produkt\/zarelo-bienelo-baby-annabell-sweet-dreams-schlummerwolke\/#primaryimage"},"thumbnailUrl":"https:\/\/schweizversand.ch\/wp-content\/uploads\/2026\/02\/5471817106.jpg","datePublished":"2026-03-14T22:50:09+00:00","dateModified":"2026-04-19T00:05:29+00:00","description":"Baby Annabell Schlafenszeit Zubeh\u00f6r Set Tauchen Sie ein in die zauberhafte Welt des Puppenspiels! Dieses hochwertige Baby Annabell Zubeh\u00f6r Set macht das Zubettg","breadcrumb":{"@id":"https:\/\/schweizversand.ch\/fr\/produkt\/zarelo-bienelo-baby-annabell-sweet-dreams-schlummerwolke\/#breadcrumb"},"inLanguage":"fr-FR","potentialAction":[{"@type":"ReadAction","target":["https:\/\/schweizversand.ch\/fr\/produkt\/zarelo-bienelo-baby-annabell-sweet-dreams-schlummerwolke\/"]}]},{"@type":"ImageObject","inLanguage":"fr-FR","@id":"https:\/\/schweizversand.ch\/fr\/produkt\/zarelo-bienelo-baby-annabell-sweet-dreams-schlummerwolke\/#primaryimage","url":"https:\/\/schweizversand.ch\/wp-content\/uploads\/2026\/02\/5471817106.jpg","contentUrl":"https:\/\/schweizversand.ch\/wp-content\/uploads\/2026\/02\/5471817106.jpg","width":1024,"height":743},{"@type":"BreadcrumbList","@id":"https:\/\/schweizversand.ch\/fr\/produkt\/zarelo-bienelo-baby-annabell-sweet-dreams-schlummerwolke\/#breadcrumb","itemListElement":[{"@type":"ListItem","position":1,"name":"Startseite","item":"https:\/\/schweizversand.ch\/fr\/home\/"},{"@type":"ListItem","position":2,"name":"Boutique","item":"https:\/\/schweizversand.ch\/fr\/boutique\/"},{"@type":"ListItem","position":3,"name":"Jouets et jeux","item":"https:\/\/schweizversand.ch\/fr\/produkt-kategorie\/jouets-et-jeux\/"},{"@type":"ListItem","position":4,"name":"Figurines et poup\u00e9es","item":"https:\/\/schweizversand.ch\/fr\/produkt-kategorie\/jouets-et-jeux\/figurines-et-poupees\/"},{"@type":"ListItem","position":5,"name":"Accessoires pour poup\u00e9es","item":"https:\/\/schweizversand.ch\/fr\/produkt-kategorie\/puppenzubehoer\/"},{"@type":"ListItem","position":6,"name":"Zarelo Bienelo B\u00e9b\u00e9 Annabell Doux R\u00eaves Nuage de Sommeil"}]},{"@type":"WebSite","@id":"https:\/\/schweizversand.ch\/fr\/#website","url":"https:\/\/schweizversand.ch\/fr\/","name":"Schweizer Shop f\u00fcr Sport, Spiel und Freizeit","description":"Gratisversand ab 50.- (netto), ab eigenem schweizer Lager, Lieferung innert 48h","publisher":{"@id":"https:\/\/schweizversand.ch\/fr\/#organization"},"alternateName":"Schweizversand.ch","potentialAction":[{"@type":"SearchAction","target":{"@type":"EntryPoint","urlTemplate":"https:\/\/schweizversand.ch\/fr\/?s={search_term_string}"},"query-input":{"@type":"PropertyValueSpecification","valueRequired":true,"valueName":"search_term_string"}}],"inLanguage":"fr-FR"},{"@type":"Organization","@id":"https:\/\/schweizversand.ch\/fr\/#organization","name":"Schweizversand.ch","url":"https:\/\/schweizversand.ch\/fr\/","logo":{"@type":"ImageObject","inLanguage":"fr-FR","@id":"https:\/\/schweizversand.ch\/fr\/#\/schema\/logo\/image\/","url":"https:\/\/schweizversand.ch\/wp-content\/uploads\/2026\/03\/Logo_Rund_Final-1.png","contentUrl":"https:\/\/schweizversand.ch\/wp-content\/uploads\/2026\/03\/Logo_Rund_Final-1.png","width":404,"height":404,"caption":"Schweizversand.ch"},"image":{"@id":"https:\/\/schweizversand.ch\/fr\/#\/schema\/logo\/image\/"},"sameAs":["https:\/\/www.facebook.com\/Schweizversand","https:\/\/www.instagram.com\/schweizversand.ch\/"]}]}},"jetpack_sharing_enabled":true,"_links":{"self":[{"href":"https:\/\/schweizversand.ch\/fr\/wp-json\/wp\/v2\/product\/260339","targetHints":{"allow":["GET"]}}],"collection":[{"href":"https:\/\/schweizversand.ch\/fr\/wp-json\/wp\/v2\/product"}],"about":[{"href":"https:\/\/schweizversand.ch\/fr\/wp-json\/wp\/v2\/types\/product"}],"replies":[{"embeddable":true,"href":"https:\/\/schweizversand.ch\/fr\/wp-json\/wp\/v2\/comments?post=260339"}],"wp:featuredmedia":[{"embeddable":true,"href":"https:\/\/schweizversand.ch\/fr\/wp-json\/wp\/v2\/media\/165999"}],"wp:attachment":[{"href":"https:\/\/schweizversand.ch\/fr\/wp-json\/wp\/v2\/media?parent=260339"}],"wp:term":[{"taxonomy":"product_brand","embeddable":true,"href":"https:\/\/schweizversand.ch\/fr\/wp-json\/wp\/v2\/product_brand?post=260339"},{"taxonomy":"product_cat","embeddable":true,"href":"https:\/\/schweizversand.ch\/fr\/wp-json\/wp\/v2\/product_cat?post=260339"},{"taxonomy":"product_tag","embeddable":true,"href":"https:\/\/schweizversand.ch\/fr\/wp-json\/wp\/v2\/product_tag?post=260339"}],"curies":[{"name":"wp","href":"https:\/\/api.w.org\/{rel}","templated":true}]}}