{"id":260343,"date":"2026-03-15T00:57:20","date_gmt":"2026-03-14T23:57:20","guid":{"rendered":"https:\/\/schweizversand.ch\/produkt\/trespass-squidge-ii-damen-softshell-hosen-groesse-xxs\/"},"modified":"2026-04-12T02:09:08","modified_gmt":"2026-04-12T00:09:08","slug":"trespass-squidge-ii-damen-softshell-hosen-groesse-xxs","status":"publish","type":"product","link":"https:\/\/schweizversand.ch\/fr\/produkt\/trespass-squidge-ii-damen-softshell-hosen-groesse-xxs\/","title":{"rendered":"Pantalon softshell femme Trespass SQUIDGE II"},"content":{"rendered":"<p>D\u00e9couvrez l&rsquo;alliance parfaite du style, de la fonctionnalit\u00e9 et des derni\u00e8res innovations technologiques !<\/p>\n<\/p>\n<p>Ce pantalon offre non seulement un design tendance, mais aussi une multitude de caract\u00e9ristiques pratiques qui donneront une nouvelle dimension \u00e0 vos aventures en plein air.<\/p>\n<\/p>\n<p>Gr\u00e2ce \u00e0 ses deux poches zipp\u00e9es, vous disposez d&rsquo;un espace g\u00e9n\u00e9reux pour vos essentiels, tandis que les ajusteurs lat\u00e9raux \u00e0 la taille et les genoux ergonomiques assurent une coupe sur mesure.<\/p>\n<\/p>\n<p>Les zips lat\u00e9raux sur les jambes, renforc\u00e9s aux chevilles, permettent d&rsquo;enfiler et de retirer facilement le pantalon, m\u00eame avec des chaussures.<\/p>\n<\/p>\n<p>Confectionn\u00e9 dans un tissu softshell de haute qualit\u00e9, \u00e0 la texture tiss\u00e9e et compos\u00e9 \u00e0 94 % de polyester et \u00e0 6 % d&rsquo;\u00e9lasthanne, il offre une libert\u00e9 de mouvement et un confort optimaux.<\/p>\n<\/p>\n<p>Avec une imperm\u00e9abilit\u00e9 de 2\u00a0000 mm et une respirabilit\u00e9 de 3\u00a0000 mvp, vous \u00eates parfaitement \u00e9quip\u00e9 pour affronter toutes les conditions climatiques. D\u00e9couvrez l&rsquo;\u00e9quilibre parfait entre style et fonctionnalit\u00e9\u00a0: procurez-vous d\u00e8s maintenant notre pantalon technique et partez \u00e0 l&rsquo;aventure\u00a0!<\/p>\n<\/p>\n<p>Composition :<\/p>\n<\/p>\n<p>\u2022 Tiss\u00e9<\/p>\n<\/p>\n<p>\u2022 94 % polyester \/ 6 % \u00e9lasthanne<\/p>\n<\/p>\n<p>Propri\u00e9t\u00e9s :<\/p>\n<\/p>\n<p>\u2022 Imperm\u00e9abilit\u00e9 : 2\u00a0000 mm<\/p>\n<\/p>\n<p>\u2022 Respirabilit\u00e9 : 3\u00a0000 mvp<\/p>\n","protected":false},"excerpt":{"rendered":"<p>Trespass SQUIDGE II &#8211; Damen Softshell Hosen bieten perfekte Passform, flexible Bewegungsfreiheit und praktische Rei\u00dfverschl\u00fcsse f\u00fcr komfortable Outdoor-Abenteuer bei jedem Wetter.<\/p>\n","protected":false},"featured_media":244036,"comment_status":"open","ping_status":"closed","template":"","meta":[],"product_brand":[],"product_cat":[38876],"product_tag":[],"class_list":{"0":"post-260343","1":"product","2":"type-product","3":"status-publish","4":"has-post-thumbnail","6":"product_cat-trekking-zubehoer","7":"product_shipping_class-global_methods","9":"first","10":"instock","11":"taxable","12":"shipping-taxable","13":"purchasable","14":"product-type-simple"},"yoast_head":"<!-- This site is optimized with the Yoast SEO plugin v27.3 - https:\/\/yoast.com\/product\/yoast-seo-wordpress\/ -->\n<title>Trespass SQUIDGE II - Damen Softshell Hosen (Gr\u00f6sse XXS)<\/title>\n<meta name=\"description\" content=\"Bei diesem Artikel handelt es sich um eine Retoure . Die Softshellhose kann leichte Gebrauchsspuren aufweisen, ist jedoch ansonsten einwandfrei und voll funktio\" \/>\n<meta name=\"robots\" content=\"index, follow, max-snippet:-1, max-image-preview:large, max-video-preview:-1\" \/>\n<link rel=\"canonical\" href=\"https:\/\/schweizversand.ch\/fr\/produkt\/trespass-squidge-ii-damen-softshell-hosen-groesse-xxs\/\" \/>\n<meta property=\"og:locale\" content=\"fr_FR\" \/>\n<meta property=\"og:type\" content=\"article\" \/>\n<meta property=\"og:title\" content=\"Trespass SQUIDGE II - Damen Softshell Hosen (Gr\u00f6sse XXS)\" \/>\n<meta property=\"og:description\" content=\"Bei diesem Artikel handelt es sich um eine Retoure . Die Softshellhose kann leichte Gebrauchsspuren aufweisen, ist jedoch ansonsten einwandfrei und voll funktio\" \/>\n<meta property=\"og:url\" content=\"https:\/\/schweizversand.ch\/fr\/produkt\/trespass-squidge-ii-damen-softshell-hosen-groesse-xxs\/\" \/>\n<meta property=\"og:site_name\" content=\"Schweizer Shop f\u00fcr Sport, Spiel und Freizeit\" \/>\n<meta property=\"article:publisher\" content=\"https:\/\/www.facebook.com\/Schweizversand\" \/>\n<meta property=\"article:modified_time\" content=\"2026-04-12T00:09:08+00:00\" \/>\n<meta property=\"og:image\" content=\"https:\/\/schweizversand.ch\/wp-content\/uploads\/2026\/03\/5567897684.jpg\" \/>\n\t<meta property=\"og:image:width\" content=\"810\" \/>\n\t<meta property=\"og:image:height\" content=\"1080\" \/>\n\t<meta property=\"og:image:type\" content=\"image\/jpeg\" \/>\n<meta name=\"twitter:card\" content=\"summary_large_image\" \/>\n<meta name=\"twitter:label1\" content=\"Dur\u00e9e de lecture estim\u00e9e\" \/>\n\t<meta name=\"twitter:data1\" content=\"1 minute\" \/>\n<script type=\"application\/ld+json\" class=\"yoast-schema-graph\">{\"@context\":\"https:\\\/\\\/schema.org\",\"@graph\":[{\"@type\":\"WebPage\",\"@id\":\"https:\\\/\\\/schweizversand.ch\\\/fr\\\/produkt\\\/trespass-squidge-ii-damen-softshell-hosen-groesse-xxs\\\/\",\"url\":\"https:\\\/\\\/schweizversand.ch\\\/fr\\\/produkt\\\/trespass-squidge-ii-damen-softshell-hosen-groesse-xxs\\\/\",\"name\":\"Trespass SQUIDGE II - Damen Softshell Hosen (Gr\u00f6sse XXS)\",\"isPartOf\":{\"@id\":\"https:\\\/\\\/schweizversand.ch\\\/fr\\\/#website\"},\"primaryImageOfPage\":{\"@id\":\"https:\\\/\\\/schweizversand.ch\\\/fr\\\/produkt\\\/trespass-squidge-ii-damen-softshell-hosen-groesse-xxs\\\/#primaryimage\"},\"image\":{\"@id\":\"https:\\\/\\\/schweizversand.ch\\\/fr\\\/produkt\\\/trespass-squidge-ii-damen-softshell-hosen-groesse-xxs\\\/#primaryimage\"},\"thumbnailUrl\":\"https:\\\/\\\/schweizversand.ch\\\/wp-content\\\/uploads\\\/2026\\\/03\\\/5567897684.jpg\",\"datePublished\":\"2026-03-14T23:57:20+00:00\",\"dateModified\":\"2026-04-12T00:09:08+00:00\",\"description\":\"Bei diesem Artikel handelt es sich um eine Retoure . Die Softshellhose kann leichte Gebrauchsspuren aufweisen, ist jedoch ansonsten einwandfrei und voll funktio\",\"breadcrumb\":{\"@id\":\"https:\\\/\\\/schweizversand.ch\\\/fr\\\/produkt\\\/trespass-squidge-ii-damen-softshell-hosen-groesse-xxs\\\/#breadcrumb\"},\"inLanguage\":\"fr-FR\",\"potentialAction\":[{\"@type\":\"ReadAction\",\"target\":[\"https:\\\/\\\/schweizversand.ch\\\/fr\\\/produkt\\\/trespass-squidge-ii-damen-softshell-hosen-groesse-xxs\\\/\"]}]},{\"@type\":\"ImageObject\",\"inLanguage\":\"fr-FR\",\"@id\":\"https:\\\/\\\/schweizversand.ch\\\/fr\\\/produkt\\\/trespass-squidge-ii-damen-softshell-hosen-groesse-xxs\\\/#primaryimage\",\"url\":\"https:\\\/\\\/schweizversand.ch\\\/wp-content\\\/uploads\\\/2026\\\/03\\\/5567897684.jpg\",\"contentUrl\":\"https:\\\/\\\/schweizversand.ch\\\/wp-content\\\/uploads\\\/2026\\\/03\\\/5567897684.jpg\",\"width\":810,\"height\":1080},{\"@type\":\"BreadcrumbList\",\"@id\":\"https:\\\/\\\/schweizversand.ch\\\/fr\\\/produkt\\\/trespass-squidge-ii-damen-softshell-hosen-groesse-xxs\\\/#breadcrumb\",\"itemListElement\":[{\"@type\":\"ListItem\",\"position\":1,\"name\":\"Startseite\",\"item\":\"https:\\\/\\\/schweizversand.ch\\\/fr\\\/\"},{\"@type\":\"ListItem\",\"position\":2,\"name\":\"Boutique\",\"item\":\"https:\\\/\\\/schweizversand.ch\\\/fr\\\/boutique\\\/\"},{\"@type\":\"ListItem\",\"position\":3,\"name\":\"Pantalon softshell femme Trespass SQUIDGE II\"}]},{\"@type\":\"WebSite\",\"@id\":\"https:\\\/\\\/schweizversand.ch\\\/fr\\\/#website\",\"url\":\"https:\\\/\\\/schweizversand.ch\\\/fr\\\/\",\"name\":\"Schweizer Shop f\u00fcr Sport, Spiel und Freizeit\",\"description\":\"Gratisversand ab 50.- (netto), ab eigenem schweizer Lager, Lieferung innert 48h\",\"publisher\":{\"@id\":\"https:\\\/\\\/schweizversand.ch\\\/fr\\\/#organization\"},\"alternateName\":\"Schweizversand.ch\",\"potentialAction\":[{\"@type\":\"SearchAction\",\"target\":{\"@type\":\"EntryPoint\",\"urlTemplate\":\"https:\\\/\\\/schweizversand.ch\\\/fr\\\/?s={search_term_string}\"},\"query-input\":{\"@type\":\"PropertyValueSpecification\",\"valueRequired\":true,\"valueName\":\"search_term_string\"}}],\"inLanguage\":\"fr-FR\"},{\"@type\":\"Organization\",\"@id\":\"https:\\\/\\\/schweizversand.ch\\\/fr\\\/#organization\",\"name\":\"Schweizversand.ch\",\"url\":\"https:\\\/\\\/schweizversand.ch\\\/fr\\\/\",\"logo\":{\"@type\":\"ImageObject\",\"inLanguage\":\"fr-FR\",\"@id\":\"https:\\\/\\\/schweizversand.ch\\\/fr\\\/#\\\/schema\\\/logo\\\/image\\\/\",\"url\":\"https:\\\/\\\/schweizversand.ch\\\/wp-content\\\/uploads\\\/2026\\\/03\\\/Logo_Rund_Final-1.png\",\"contentUrl\":\"https:\\\/\\\/schweizversand.ch\\\/wp-content\\\/uploads\\\/2026\\\/03\\\/Logo_Rund_Final-1.png\",\"width\":404,\"height\":404,\"caption\":\"Schweizversand.ch\"},\"image\":{\"@id\":\"https:\\\/\\\/schweizversand.ch\\\/fr\\\/#\\\/schema\\\/logo\\\/image\\\/\"},\"sameAs\":[\"https:\\\/\\\/www.facebook.com\\\/Schweizversand\",\"https:\\\/\\\/www.instagram.com\\\/schweizversand.ch\\\/\"]}]}<\/script>\n<!-- \/ Yoast SEO plugin. -->","yoast_head_json":{"title":"Trespass SQUIDGE II - Damen Softshell Hosen (Gr\u00f6sse XXS)","description":"Bei diesem Artikel handelt es sich um eine Retoure . Die Softshellhose kann leichte Gebrauchsspuren aufweisen, ist jedoch ansonsten einwandfrei und voll funktio","robots":{"index":"index","follow":"follow","max-snippet":"max-snippet:-1","max-image-preview":"max-image-preview:large","max-video-preview":"max-video-preview:-1"},"canonical":"https:\/\/schweizversand.ch\/fr\/produkt\/trespass-squidge-ii-damen-softshell-hosen-groesse-xxs\/","og_locale":"fr_FR","og_type":"article","og_title":"Trespass SQUIDGE II - Damen Softshell Hosen (Gr\u00f6sse XXS)","og_description":"Bei diesem Artikel handelt es sich um eine Retoure . Die Softshellhose kann leichte Gebrauchsspuren aufweisen, ist jedoch ansonsten einwandfrei und voll funktio","og_url":"https:\/\/schweizversand.ch\/fr\/produkt\/trespass-squidge-ii-damen-softshell-hosen-groesse-xxs\/","og_site_name":"Schweizer Shop f\u00fcr Sport, Spiel und Freizeit","article_publisher":"https:\/\/www.facebook.com\/Schweizversand","article_modified_time":"2026-04-12T00:09:08+00:00","og_image":[{"width":810,"height":1080,"url":"https:\/\/schweizversand.ch\/wp-content\/uploads\/2026\/03\/5567897684.jpg","type":"image\/jpeg"}],"twitter_card":"summary_large_image","twitter_misc":{"Dur\u00e9e de lecture estim\u00e9e":"1 minute"},"schema":{"@context":"https:\/\/schema.org","@graph":[{"@type":"WebPage","@id":"https:\/\/schweizversand.ch\/fr\/produkt\/trespass-squidge-ii-damen-softshell-hosen-groesse-xxs\/","url":"https:\/\/schweizversand.ch\/fr\/produkt\/trespass-squidge-ii-damen-softshell-hosen-groesse-xxs\/","name":"Trespass SQUIDGE II - Damen Softshell Hosen (Gr\u00f6sse XXS)","isPartOf":{"@id":"https:\/\/schweizversand.ch\/fr\/#website"},"primaryImageOfPage":{"@id":"https:\/\/schweizversand.ch\/fr\/produkt\/trespass-squidge-ii-damen-softshell-hosen-groesse-xxs\/#primaryimage"},"image":{"@id":"https:\/\/schweizversand.ch\/fr\/produkt\/trespass-squidge-ii-damen-softshell-hosen-groesse-xxs\/#primaryimage"},"thumbnailUrl":"https:\/\/schweizversand.ch\/wp-content\/uploads\/2026\/03\/5567897684.jpg","datePublished":"2026-03-14T23:57:20+00:00","dateModified":"2026-04-12T00:09:08+00:00","description":"Bei diesem Artikel handelt es sich um eine Retoure . Die Softshellhose kann leichte Gebrauchsspuren aufweisen, ist jedoch ansonsten einwandfrei und voll funktio","breadcrumb":{"@id":"https:\/\/schweizversand.ch\/fr\/produkt\/trespass-squidge-ii-damen-softshell-hosen-groesse-xxs\/#breadcrumb"},"inLanguage":"fr-FR","potentialAction":[{"@type":"ReadAction","target":["https:\/\/schweizversand.ch\/fr\/produkt\/trespass-squidge-ii-damen-softshell-hosen-groesse-xxs\/"]}]},{"@type":"ImageObject","inLanguage":"fr-FR","@id":"https:\/\/schweizversand.ch\/fr\/produkt\/trespass-squidge-ii-damen-softshell-hosen-groesse-xxs\/#primaryimage","url":"https:\/\/schweizversand.ch\/wp-content\/uploads\/2026\/03\/5567897684.jpg","contentUrl":"https:\/\/schweizversand.ch\/wp-content\/uploads\/2026\/03\/5567897684.jpg","width":810,"height":1080},{"@type":"BreadcrumbList","@id":"https:\/\/schweizversand.ch\/fr\/produkt\/trespass-squidge-ii-damen-softshell-hosen-groesse-xxs\/#breadcrumb","itemListElement":[{"@type":"ListItem","position":1,"name":"Startseite","item":"https:\/\/schweizversand.ch\/fr\/"},{"@type":"ListItem","position":2,"name":"Boutique","item":"https:\/\/schweizversand.ch\/fr\/boutique\/"},{"@type":"ListItem","position":3,"name":"Pantalon softshell femme Trespass SQUIDGE II"}]},{"@type":"WebSite","@id":"https:\/\/schweizversand.ch\/fr\/#website","url":"https:\/\/schweizversand.ch\/fr\/","name":"Schweizer Shop f\u00fcr Sport, Spiel und Freizeit","description":"Gratisversand ab 50.- (netto), ab eigenem schweizer Lager, Lieferung innert 48h","publisher":{"@id":"https:\/\/schweizversand.ch\/fr\/#organization"},"alternateName":"Schweizversand.ch","potentialAction":[{"@type":"SearchAction","target":{"@type":"EntryPoint","urlTemplate":"https:\/\/schweizversand.ch\/fr\/?s={search_term_string}"},"query-input":{"@type":"PropertyValueSpecification","valueRequired":true,"valueName":"search_term_string"}}],"inLanguage":"fr-FR"},{"@type":"Organization","@id":"https:\/\/schweizversand.ch\/fr\/#organization","name":"Schweizversand.ch","url":"https:\/\/schweizversand.ch\/fr\/","logo":{"@type":"ImageObject","inLanguage":"fr-FR","@id":"https:\/\/schweizversand.ch\/fr\/#\/schema\/logo\/image\/","url":"https:\/\/schweizversand.ch\/wp-content\/uploads\/2026\/03\/Logo_Rund_Final-1.png","contentUrl":"https:\/\/schweizversand.ch\/wp-content\/uploads\/2026\/03\/Logo_Rund_Final-1.png","width":404,"height":404,"caption":"Schweizversand.ch"},"image":{"@id":"https:\/\/schweizversand.ch\/fr\/#\/schema\/logo\/image\/"},"sameAs":["https:\/\/www.facebook.com\/Schweizversand","https:\/\/www.instagram.com\/schweizversand.ch\/"]}]}},"jetpack_sharing_enabled":true,"_links":{"self":[{"href":"https:\/\/schweizversand.ch\/fr\/wp-json\/wp\/v2\/product\/260343","targetHints":{"allow":["GET"]}}],"collection":[{"href":"https:\/\/schweizversand.ch\/fr\/wp-json\/wp\/v2\/product"}],"about":[{"href":"https:\/\/schweizversand.ch\/fr\/wp-json\/wp\/v2\/types\/product"}],"replies":[{"embeddable":true,"href":"https:\/\/schweizversand.ch\/fr\/wp-json\/wp\/v2\/comments?post=260343"}],"wp:featuredmedia":[{"embeddable":true,"href":"https:\/\/schweizversand.ch\/fr\/wp-json\/wp\/v2\/media\/244036"}],"wp:attachment":[{"href":"https:\/\/schweizversand.ch\/fr\/wp-json\/wp\/v2\/media?parent=260343"}],"wp:term":[{"taxonomy":"product_brand","embeddable":true,"href":"https:\/\/schweizversand.ch\/fr\/wp-json\/wp\/v2\/product_brand?post=260343"},{"taxonomy":"product_cat","embeddable":true,"href":"https:\/\/schweizversand.ch\/fr\/wp-json\/wp\/v2\/product_cat?post=260343"},{"taxonomy":"product_tag","embeddable":true,"href":"https:\/\/schweizversand.ch\/fr\/wp-json\/wp\/v2\/product_tag?post=260343"}],"curies":[{"name":"wp","href":"https:\/\/api.w.org\/{rel}","templated":true}]}}