{"id":260344,"date":"2026-03-15T00:57:20","date_gmt":"2026-03-14T23:57:20","guid":{"rendered":"https:\/\/schweizversand.ch\/produkt\/xq-max-dublin-elektronischer-dartzaehler\/"},"modified":"2026-04-08T15:34:59","modified_gmt":"2026-04-08T13:34:59","slug":"xq-max-dublin-elektronischer-dartzaehler","status":"publish","type":"product","link":"https:\/\/schweizversand.ch\/fr\/produkt\/xq-max-dublin-elektronischer-dartzaehler\/","title":{"rendered":"Compteur de fl\u00e9chettes \u00e9lectronique XQ Max DUBLIN"},"content":{"rendered":"<p>Le compteur de fl\u00e9chettes \u00e9lectronique peut \u00eatre utilis\u00e9 simultan\u00e9ment par 8 joueurs. Vous pouvez jouer seul contre l&rsquo;ordinateur, les uns contre les autres ou en \u00e9quipes de deux.<\/p>\n<p>Le compteur de fl\u00e9chettes propose 32 jeux. Plusieurs variantes sont disponibles pour chaque jeu. Les jeux suivants sont compatibles avec cette cible\u00a0: 301, 501, 601, 701, 801, 901, Ligue 301, Ligue 501, Ligue 601, Ligue 701, Ligue 801, Ligue 901, Compte \u00e0 rebours, Tour de l&rsquo;horloge, Shanghai, Meilleur score, Tir au but, Cricket, Cricket sans score, Cricket coup de gr\u00e2ce, Cricket mortel, Cricket \u00e0 faible hauteur, Couleur, Couleur bonus, Couleur de correction, Couleur sans score, Couleur de fl\u00e9chette libre, Plus, Moins, Moiti\u00e9, Big-6, 21 points.<\/p>\n<p>Remarque\u00a0: Le compteur de fl\u00e9chettes fonctionne sur piles (non fournies).<\/p>\n<p>D\u00e9tails\u00a0:<\/p>\n<p>\u2022 Nombre de joueurs\u00a0: 8<\/p>\n<p>\u2022 Adversaire IA\u00a0: Oui<\/p>\n<p>\u2022 Nombre de jeux\u00a0: 32<\/p>\n<p>\u2022 Variantes de jeu\u00a0: 590<\/p>\n<p>\u2022 Affichage du score\u00a0: Oui<\/p>\n<p>\u2022 Effets sonores\u00a0: Oui<\/p>\n<p>\u2022 Alimentation\u00a0: Piles (non fournies)<\/p>\n<p>\u2022 Manuel d\u2019utilisation\u00a0: Inclus<\/p>\n<p>\u2022 Dimensions\u00a0: 26,5 x 2 x 16 cm<\/p>\n<p>\u2022 Jeux* | 301, 501, 601, 701, 801, 901, Ligue 301, Ligue 501, Ligue 601, Ligue 701, Ligue 801, Ligue 901, Compte \u00e0 rebours, Contre la montre, Shanghai, Meilleur score, Tir au but, Cricket, Cricket sans score, Cricket \u00e0 \u00e9galit\u00e9, Cricket mortel, Cricket \u00e0 faible distance, Couleur, Couleur bonus, Couleur de correction, Couleur sans score, Couleur de fl\u00e9chette libre, Overs, Unders, Halve-It, Big-6, 21 points<\/p>\n<p>*Le manuel d&rsquo;instructions explique comment jouer \u00e0 ces jeux.<\/p>\n","protected":false},"excerpt":{"rendered":"<p>XQ Max DUBLIN elektronischer Dartz\u00e4hler \u2013 bis zu 8 Spieler, 32 Spielvarianten, Einzel- und Team-Modus. Pr\u00e4zise, vielseitig und komplett in Originalverpackung.<\/p>\n","protected":false},"featured_media":254489,"comment_status":"open","ping_status":"closed","template":"","meta":[],"product_brand":[],"product_cat":[39101],"product_tag":[],"class_list":{"0":"post-260344","1":"product","2":"type-product","3":"status-publish","4":"has-post-thumbnail","6":"product_cat-spielwaren","7":"product_shipping_class-global_methods","9":"first","10":"instock","11":"taxable","12":"shipping-taxable","13":"purchasable","14":"product-type-simple"},"yoast_head":"<!-- This site is optimized with the Yoast SEO plugin v27.3 - https:\/\/yoast.com\/product\/yoast-seo-wordpress\/ -->\n<title>XQ Max DUBLIN elektronischer Dartz\u00e4hler<\/title>\n<meta name=\"description\" content=\"Bei diesem Artikel handelt es sich um Restware . Das Produkt ist einwandfrei , voll funktionsf\u00e4hig und befindet sich in Originalverpackung . Der elektronische D\" \/>\n<meta name=\"robots\" content=\"index, follow, max-snippet:-1, max-image-preview:large, max-video-preview:-1\" \/>\n<link rel=\"canonical\" href=\"https:\/\/schweizversand.ch\/fr\/produkt\/xq-max-dublin-elektronischer-dartzaehler\/\" \/>\n<meta property=\"og:locale\" content=\"fr_FR\" \/>\n<meta property=\"og:type\" content=\"article\" \/>\n<meta property=\"og:title\" content=\"XQ Max DUBLIN elektronischer Dartz\u00e4hler\" \/>\n<meta property=\"og:description\" content=\"Bei diesem Artikel handelt es sich um Restware . Das Produkt ist einwandfrei , voll funktionsf\u00e4hig und befindet sich in Originalverpackung . Der elektronische D\" \/>\n<meta property=\"og:url\" content=\"https:\/\/schweizversand.ch\/fr\/produkt\/xq-max-dublin-elektronischer-dartzaehler\/\" \/>\n<meta property=\"og:site_name\" content=\"Schweizer Shop f\u00fcr Sport, Spiel und Freizeit\" \/>\n<meta property=\"article:publisher\" content=\"https:\/\/www.facebook.com\/Schweizversand\" \/>\n<meta property=\"article:modified_time\" content=\"2026-04-08T13:34:59+00:00\" \/>\n<meta property=\"og:image\" content=\"https:\/\/schweizversand.ch\/wp-content\/uploads\/2026\/03\/5471653023.jpg\" \/>\n\t<meta property=\"og:image:width\" content=\"1024\" \/>\n\t<meta property=\"og:image:height\" content=\"620\" \/>\n\t<meta property=\"og:image:type\" content=\"image\/jpeg\" \/>\n<meta name=\"twitter:card\" content=\"summary_large_image\" \/>\n<meta name=\"twitter:label1\" content=\"Dur\u00e9e de lecture estim\u00e9e\" \/>\n\t<meta name=\"twitter:data1\" content=\"1 minute\" \/>\n<script type=\"application\/ld+json\" class=\"yoast-schema-graph\">{\"@context\":\"https:\\\/\\\/schema.org\",\"@graph\":[{\"@type\":\"WebPage\",\"@id\":\"https:\\\/\\\/schweizversand.ch\\\/fr\\\/produkt\\\/xq-max-dublin-elektronischer-dartzaehler\\\/\",\"url\":\"https:\\\/\\\/schweizversand.ch\\\/fr\\\/produkt\\\/xq-max-dublin-elektronischer-dartzaehler\\\/\",\"name\":\"XQ Max DUBLIN elektronischer Dartz\u00e4hler\",\"isPartOf\":{\"@id\":\"https:\\\/\\\/schweizversand.ch\\\/fr\\\/#website\"},\"primaryImageOfPage\":{\"@id\":\"https:\\\/\\\/schweizversand.ch\\\/fr\\\/produkt\\\/xq-max-dublin-elektronischer-dartzaehler\\\/#primaryimage\"},\"image\":{\"@id\":\"https:\\\/\\\/schweizversand.ch\\\/fr\\\/produkt\\\/xq-max-dublin-elektronischer-dartzaehler\\\/#primaryimage\"},\"thumbnailUrl\":\"https:\\\/\\\/schweizversand.ch\\\/wp-content\\\/uploads\\\/2026\\\/03\\\/5471653023.jpg\",\"datePublished\":\"2026-03-14T23:57:20+00:00\",\"dateModified\":\"2026-04-08T13:34:59+00:00\",\"description\":\"Bei diesem Artikel handelt es sich um Restware . Das Produkt ist einwandfrei , voll funktionsf\u00e4hig und befindet sich in Originalverpackung . Der elektronische D\",\"breadcrumb\":{\"@id\":\"https:\\\/\\\/schweizversand.ch\\\/fr\\\/produkt\\\/xq-max-dublin-elektronischer-dartzaehler\\\/#breadcrumb\"},\"inLanguage\":\"fr-FR\",\"potentialAction\":[{\"@type\":\"ReadAction\",\"target\":[\"https:\\\/\\\/schweizversand.ch\\\/fr\\\/produkt\\\/xq-max-dublin-elektronischer-dartzaehler\\\/\"]}]},{\"@type\":\"ImageObject\",\"inLanguage\":\"fr-FR\",\"@id\":\"https:\\\/\\\/schweizversand.ch\\\/fr\\\/produkt\\\/xq-max-dublin-elektronischer-dartzaehler\\\/#primaryimage\",\"url\":\"https:\\\/\\\/schweizversand.ch\\\/wp-content\\\/uploads\\\/2026\\\/03\\\/5471653023.jpg\",\"contentUrl\":\"https:\\\/\\\/schweizversand.ch\\\/wp-content\\\/uploads\\\/2026\\\/03\\\/5471653023.jpg\",\"width\":1024,\"height\":620},{\"@type\":\"BreadcrumbList\",\"@id\":\"https:\\\/\\\/schweizversand.ch\\\/fr\\\/produkt\\\/xq-max-dublin-elektronischer-dartzaehler\\\/#breadcrumb\",\"itemListElement\":[{\"@type\":\"ListItem\",\"position\":1,\"name\":\"Startseite\",\"item\":\"https:\\\/\\\/schweizversand.ch\\\/fr\\\/\"},{\"@type\":\"ListItem\",\"position\":2,\"name\":\"Boutique\",\"item\":\"https:\\\/\\\/schweizversand.ch\\\/fr\\\/boutique\\\/\"},{\"@type\":\"ListItem\",\"position\":3,\"name\":\"Compteur de fl\u00e9chettes \u00e9lectronique XQ Max DUBLIN\"}]},{\"@type\":\"WebSite\",\"@id\":\"https:\\\/\\\/schweizversand.ch\\\/fr\\\/#website\",\"url\":\"https:\\\/\\\/schweizversand.ch\\\/fr\\\/\",\"name\":\"Schweizer Shop f\u00fcr Sport, Spiel und Freizeit\",\"description\":\"Gratisversand ab 50.- (netto), ab eigenem schweizer Lager, Lieferung innert 48h\",\"publisher\":{\"@id\":\"https:\\\/\\\/schweizversand.ch\\\/fr\\\/#organization\"},\"alternateName\":\"Schweizversand.ch\",\"potentialAction\":[{\"@type\":\"SearchAction\",\"target\":{\"@type\":\"EntryPoint\",\"urlTemplate\":\"https:\\\/\\\/schweizversand.ch\\\/fr\\\/?s={search_term_string}\"},\"query-input\":{\"@type\":\"PropertyValueSpecification\",\"valueRequired\":true,\"valueName\":\"search_term_string\"}}],\"inLanguage\":\"fr-FR\"},{\"@type\":\"Organization\",\"@id\":\"https:\\\/\\\/schweizversand.ch\\\/fr\\\/#organization\",\"name\":\"Schweizversand.ch\",\"url\":\"https:\\\/\\\/schweizversand.ch\\\/fr\\\/\",\"logo\":{\"@type\":\"ImageObject\",\"inLanguage\":\"fr-FR\",\"@id\":\"https:\\\/\\\/schweizversand.ch\\\/fr\\\/#\\\/schema\\\/logo\\\/image\\\/\",\"url\":\"https:\\\/\\\/schweizversand.ch\\\/wp-content\\\/uploads\\\/2026\\\/03\\\/Logo_Rund_Final-1.png\",\"contentUrl\":\"https:\\\/\\\/schweizversand.ch\\\/wp-content\\\/uploads\\\/2026\\\/03\\\/Logo_Rund_Final-1.png\",\"width\":404,\"height\":404,\"caption\":\"Schweizversand.ch\"},\"image\":{\"@id\":\"https:\\\/\\\/schweizversand.ch\\\/fr\\\/#\\\/schema\\\/logo\\\/image\\\/\"},\"sameAs\":[\"https:\\\/\\\/www.facebook.com\\\/Schweizversand\",\"https:\\\/\\\/www.instagram.com\\\/schweizversand.ch\\\/\"]}]}<\/script>\n<!-- \/ Yoast SEO plugin. -->","yoast_head_json":{"title":"XQ Max DUBLIN elektronischer Dartz\u00e4hler","description":"Bei diesem Artikel handelt es sich um Restware . Das Produkt ist einwandfrei , voll funktionsf\u00e4hig und befindet sich in Originalverpackung . Der elektronische D","robots":{"index":"index","follow":"follow","max-snippet":"max-snippet:-1","max-image-preview":"max-image-preview:large","max-video-preview":"max-video-preview:-1"},"canonical":"https:\/\/schweizversand.ch\/fr\/produkt\/xq-max-dublin-elektronischer-dartzaehler\/","og_locale":"fr_FR","og_type":"article","og_title":"XQ Max DUBLIN elektronischer Dartz\u00e4hler","og_description":"Bei diesem Artikel handelt es sich um Restware . Das Produkt ist einwandfrei , voll funktionsf\u00e4hig und befindet sich in Originalverpackung . Der elektronische D","og_url":"https:\/\/schweizversand.ch\/fr\/produkt\/xq-max-dublin-elektronischer-dartzaehler\/","og_site_name":"Schweizer Shop f\u00fcr Sport, Spiel und Freizeit","article_publisher":"https:\/\/www.facebook.com\/Schweizversand","article_modified_time":"2026-04-08T13:34:59+00:00","og_image":[{"width":1024,"height":620,"url":"https:\/\/schweizversand.ch\/wp-content\/uploads\/2026\/03\/5471653023.jpg","type":"image\/jpeg"}],"twitter_card":"summary_large_image","twitter_misc":{"Dur\u00e9e de lecture estim\u00e9e":"1 minute"},"schema":{"@context":"https:\/\/schema.org","@graph":[{"@type":"WebPage","@id":"https:\/\/schweizversand.ch\/fr\/produkt\/xq-max-dublin-elektronischer-dartzaehler\/","url":"https:\/\/schweizversand.ch\/fr\/produkt\/xq-max-dublin-elektronischer-dartzaehler\/","name":"XQ Max DUBLIN elektronischer Dartz\u00e4hler","isPartOf":{"@id":"https:\/\/schweizversand.ch\/fr\/#website"},"primaryImageOfPage":{"@id":"https:\/\/schweizversand.ch\/fr\/produkt\/xq-max-dublin-elektronischer-dartzaehler\/#primaryimage"},"image":{"@id":"https:\/\/schweizversand.ch\/fr\/produkt\/xq-max-dublin-elektronischer-dartzaehler\/#primaryimage"},"thumbnailUrl":"https:\/\/schweizversand.ch\/wp-content\/uploads\/2026\/03\/5471653023.jpg","datePublished":"2026-03-14T23:57:20+00:00","dateModified":"2026-04-08T13:34:59+00:00","description":"Bei diesem Artikel handelt es sich um Restware . Das Produkt ist einwandfrei , voll funktionsf\u00e4hig und befindet sich in Originalverpackung . Der elektronische D","breadcrumb":{"@id":"https:\/\/schweizversand.ch\/fr\/produkt\/xq-max-dublin-elektronischer-dartzaehler\/#breadcrumb"},"inLanguage":"fr-FR","potentialAction":[{"@type":"ReadAction","target":["https:\/\/schweizversand.ch\/fr\/produkt\/xq-max-dublin-elektronischer-dartzaehler\/"]}]},{"@type":"ImageObject","inLanguage":"fr-FR","@id":"https:\/\/schweizversand.ch\/fr\/produkt\/xq-max-dublin-elektronischer-dartzaehler\/#primaryimage","url":"https:\/\/schweizversand.ch\/wp-content\/uploads\/2026\/03\/5471653023.jpg","contentUrl":"https:\/\/schweizversand.ch\/wp-content\/uploads\/2026\/03\/5471653023.jpg","width":1024,"height":620},{"@type":"BreadcrumbList","@id":"https:\/\/schweizversand.ch\/fr\/produkt\/xq-max-dublin-elektronischer-dartzaehler\/#breadcrumb","itemListElement":[{"@type":"ListItem","position":1,"name":"Startseite","item":"https:\/\/schweizversand.ch\/fr\/"},{"@type":"ListItem","position":2,"name":"Boutique","item":"https:\/\/schweizversand.ch\/fr\/boutique\/"},{"@type":"ListItem","position":3,"name":"Compteur de fl\u00e9chettes \u00e9lectronique XQ Max DUBLIN"}]},{"@type":"WebSite","@id":"https:\/\/schweizversand.ch\/fr\/#website","url":"https:\/\/schweizversand.ch\/fr\/","name":"Schweizer Shop f\u00fcr Sport, Spiel und Freizeit","description":"Gratisversand ab 50.- (netto), ab eigenem schweizer Lager, Lieferung innert 48h","publisher":{"@id":"https:\/\/schweizversand.ch\/fr\/#organization"},"alternateName":"Schweizversand.ch","potentialAction":[{"@type":"SearchAction","target":{"@type":"EntryPoint","urlTemplate":"https:\/\/schweizversand.ch\/fr\/?s={search_term_string}"},"query-input":{"@type":"PropertyValueSpecification","valueRequired":true,"valueName":"search_term_string"}}],"inLanguage":"fr-FR"},{"@type":"Organization","@id":"https:\/\/schweizversand.ch\/fr\/#organization","name":"Schweizversand.ch","url":"https:\/\/schweizversand.ch\/fr\/","logo":{"@type":"ImageObject","inLanguage":"fr-FR","@id":"https:\/\/schweizversand.ch\/fr\/#\/schema\/logo\/image\/","url":"https:\/\/schweizversand.ch\/wp-content\/uploads\/2026\/03\/Logo_Rund_Final-1.png","contentUrl":"https:\/\/schweizversand.ch\/wp-content\/uploads\/2026\/03\/Logo_Rund_Final-1.png","width":404,"height":404,"caption":"Schweizversand.ch"},"image":{"@id":"https:\/\/schweizversand.ch\/fr\/#\/schema\/logo\/image\/"},"sameAs":["https:\/\/www.facebook.com\/Schweizversand","https:\/\/www.instagram.com\/schweizversand.ch\/"]}]}},"jetpack_sharing_enabled":true,"_links":{"self":[{"href":"https:\/\/schweizversand.ch\/fr\/wp-json\/wp\/v2\/product\/260344","targetHints":{"allow":["GET"]}}],"collection":[{"href":"https:\/\/schweizversand.ch\/fr\/wp-json\/wp\/v2\/product"}],"about":[{"href":"https:\/\/schweizversand.ch\/fr\/wp-json\/wp\/v2\/types\/product"}],"replies":[{"embeddable":true,"href":"https:\/\/schweizversand.ch\/fr\/wp-json\/wp\/v2\/comments?post=260344"}],"wp:featuredmedia":[{"embeddable":true,"href":"https:\/\/schweizversand.ch\/fr\/wp-json\/wp\/v2\/media\/254489"}],"wp:attachment":[{"href":"https:\/\/schweizversand.ch\/fr\/wp-json\/wp\/v2\/media?parent=260344"}],"wp:term":[{"taxonomy":"product_brand","embeddable":true,"href":"https:\/\/schweizversand.ch\/fr\/wp-json\/wp\/v2\/product_brand?post=260344"},{"taxonomy":"product_cat","embeddable":true,"href":"https:\/\/schweizversand.ch\/fr\/wp-json\/wp\/v2\/product_cat?post=260344"},{"taxonomy":"product_tag","embeddable":true,"href":"https:\/\/schweizversand.ch\/fr\/wp-json\/wp\/v2\/product_tag?post=260344"}],"curies":[{"name":"wp","href":"https:\/\/api.w.org\/{rel}","templated":true}]}}