{"id":260346,"date":"2026-03-15T00:57:23","date_gmt":"2026-03-14T23:57:23","guid":{"rendered":"https:\/\/schweizversand.ch\/produkt\/trespass-rested-kinderschlafsack\/"},"modified":"2026-04-19T02:05:32","modified_gmt":"2026-04-19T00:05:32","slug":"trespass-rested-kinderschlafsack","status":"publish","type":"product","link":"https:\/\/schweizversand.ch\/fr\/produkt\/trespass-rested-kinderschlafsack\/","title":{"rendered":"Sac de couchage pour enfants Trespass RESTED"},"content":{"rendered":"<p>Sac de couchage enfant Rested \u2013 Chaud, confortable et pr\u00eat pour toutes les aventures<\/p>\n<\/p>\n<p>Que ce soit en camping ou lors d&rsquo;une soir\u00e9e pyjama, le sac de couchage enfant Rested garantit des nuits douillettes en toutes circonstances. Avec son tissu ext\u00e9rieur r\u00e9sistant, sa doublure int\u00e9rieure douce et son garnissage chaud \u2013 le tout en 100 % polyester \u2013 il est id\u00e9al pour les enfants qui aiment explorer le grand air.<\/p>\n<\/p>\n<p>Gr\u00e2ce \u00e0 sa forme rectangulaire (160 x 65 cm), ce sac de couchage offre un espace g\u00e9n\u00e9reux et une grande libert\u00e9 de mouvement. La fermeture \u00e9clair pratique \u00e0 double sens permet une ventilation facile, en fonction de la temp\u00e9rature.<\/p>\n<\/p>\n<p>Plage de confort : 1 \u00b0C \/ Limite sup\u00e9rieure : 6 \u00b0C \/ Limite inf\u00e9rieure : -10 \u00b0C \u2013 parfait pour trois saisons.<\/p>\n<\/p>\n<p>Caract\u00e9ristiques :<\/p>\n<\/p>\n<p>\u2022 Sac de couchage 3 saisons pour enfants<\/p>\n<\/p>\n<p>\u2022 Forme de couverture confortable pour une grande libert\u00e9 de mouvement<\/p>\n<\/p>\n<p>\u2022 Facile d&rsquo;entretien et r\u00e9sistant (100 % polyester)<\/p>\n<\/p>\n<p>\u2022 Mod\u00e8le unisexe pour filles et gar\u00e7ons<\/p>\n","protected":false},"excerpt":{"rendered":"<p>Trespass RESTED Kinderschlafsack bietet warmen Komfort bis 1 \u00b0C, viel Platz und robuste Qualit\u00e4t \u2013 ideal f\u00fcr Abenteuer und \u00dcbernachtungen mit praktischem 2-Wege-Rei\u00dfverschluss.<\/p>\n","protected":false},"featured_media":244087,"comment_status":"open","ping_status":"closed","template":"","meta":[],"product_brand":[],"product_cat":[38636],"product_tag":[],"class_list":{"0":"post-260346","1":"product","2":"type-product","3":"status-publish","4":"has-post-thumbnail","6":"product_cat-campingartikel","7":"product_shipping_class-global_methods","9":"first","10":"instock","11":"taxable","12":"shipping-taxable","13":"purchasable","14":"product-type-simple"},"yoast_head":"<!-- This site is optimized with the Yoast SEO plugin v27.4 - https:\/\/yoast.com\/product\/yoast-seo-wordpress\/ -->\n<title>Trespass RESTED Kinderschlafsack<\/title>\n<meta name=\"description\" content=\"Bei diesem Artikel handelt es sich um ein Ausstellungsst\u00fcck , das daher leichte Gebrauchsspuren , wie zum Beispiel geringe Verschmutzungen, aufweisen kann. Die\" \/>\n<meta name=\"robots\" content=\"index, follow, max-snippet:-1, max-image-preview:large, max-video-preview:-1\" \/>\n<link rel=\"canonical\" href=\"https:\/\/schweizversand.ch\/fr\/produkt\/trespass-rested-kinderschlafsack\/\" \/>\n<meta property=\"og:locale\" content=\"fr_FR\" \/>\n<meta property=\"og:type\" content=\"article\" \/>\n<meta property=\"og:title\" content=\"Trespass RESTED Kinderschlafsack\" \/>\n<meta property=\"og:description\" content=\"Bei diesem Artikel handelt es sich um ein Ausstellungsst\u00fcck , das daher leichte Gebrauchsspuren , wie zum Beispiel geringe Verschmutzungen, aufweisen kann. Die\" \/>\n<meta property=\"og:url\" content=\"https:\/\/schweizversand.ch\/fr\/produkt\/trespass-rested-kinderschlafsack\/\" \/>\n<meta property=\"og:site_name\" content=\"Schweizer Shop f\u00fcr Sport, Spiel und Freizeit\" \/>\n<meta property=\"article:publisher\" content=\"https:\/\/www.facebook.com\/Schweizversand\" \/>\n<meta property=\"article:modified_time\" content=\"2026-04-19T00:05:32+00:00\" \/>\n<meta property=\"og:image\" content=\"https:\/\/schweizversand.ch\/wp-content\/uploads\/2026\/03\/5471887724.jpg\" \/>\n\t<meta property=\"og:image:width\" content=\"732\" \/>\n\t<meta property=\"og:image:height\" content=\"1024\" \/>\n\t<meta property=\"og:image:type\" content=\"image\/jpeg\" \/>\n<meta name=\"twitter:card\" content=\"summary_large_image\" \/>\n<meta name=\"twitter:label1\" content=\"Dur\u00e9e de lecture estim\u00e9e\" \/>\n\t<meta name=\"twitter:data1\" content=\"1 minute\" \/>\n<script type=\"application\/ld+json\" class=\"yoast-schema-graph\">{\"@context\":\"https:\\\/\\\/schema.org\",\"@graph\":[{\"@type\":\"WebPage\",\"@id\":\"https:\\\/\\\/schweizversand.ch\\\/fr\\\/produkt\\\/trespass-rested-kinderschlafsack\\\/\",\"url\":\"https:\\\/\\\/schweizversand.ch\\\/fr\\\/produkt\\\/trespass-rested-kinderschlafsack\\\/\",\"name\":\"Trespass RESTED Kinderschlafsack\",\"isPartOf\":{\"@id\":\"https:\\\/\\\/schweizversand.ch\\\/fr\\\/#website\"},\"primaryImageOfPage\":{\"@id\":\"https:\\\/\\\/schweizversand.ch\\\/fr\\\/produkt\\\/trespass-rested-kinderschlafsack\\\/#primaryimage\"},\"image\":{\"@id\":\"https:\\\/\\\/schweizversand.ch\\\/fr\\\/produkt\\\/trespass-rested-kinderschlafsack\\\/#primaryimage\"},\"thumbnailUrl\":\"https:\\\/\\\/schweizversand.ch\\\/wp-content\\\/uploads\\\/2026\\\/03\\\/5471887724.jpg\",\"datePublished\":\"2026-03-14T23:57:23+00:00\",\"dateModified\":\"2026-04-19T00:05:32+00:00\",\"description\":\"Bei diesem Artikel handelt es sich um ein Ausstellungsst\u00fcck , das daher leichte Gebrauchsspuren , wie zum Beispiel geringe Verschmutzungen, aufweisen kann. Die\",\"breadcrumb\":{\"@id\":\"https:\\\/\\\/schweizversand.ch\\\/fr\\\/produkt\\\/trespass-rested-kinderschlafsack\\\/#breadcrumb\"},\"inLanguage\":\"fr-FR\",\"potentialAction\":[{\"@type\":\"ReadAction\",\"target\":[\"https:\\\/\\\/schweizversand.ch\\\/fr\\\/produkt\\\/trespass-rested-kinderschlafsack\\\/\"]}]},{\"@type\":\"ImageObject\",\"inLanguage\":\"fr-FR\",\"@id\":\"https:\\\/\\\/schweizversand.ch\\\/fr\\\/produkt\\\/trespass-rested-kinderschlafsack\\\/#primaryimage\",\"url\":\"https:\\\/\\\/schweizversand.ch\\\/wp-content\\\/uploads\\\/2026\\\/03\\\/5471887724.jpg\",\"contentUrl\":\"https:\\\/\\\/schweizversand.ch\\\/wp-content\\\/uploads\\\/2026\\\/03\\\/5471887724.jpg\",\"width\":732,\"height\":1024},{\"@type\":\"BreadcrumbList\",\"@id\":\"https:\\\/\\\/schweizversand.ch\\\/fr\\\/produkt\\\/trespass-rested-kinderschlafsack\\\/#breadcrumb\",\"itemListElement\":[{\"@type\":\"ListItem\",\"position\":1,\"name\":\"Startseite\",\"item\":\"https:\\\/\\\/schweizversand.ch\\\/fr\\\/home\\\/\"},{\"@type\":\"ListItem\",\"position\":2,\"name\":\"Boutique\",\"item\":\"https:\\\/\\\/schweizversand.ch\\\/fr\\\/boutique\\\/\"},{\"@type\":\"ListItem\",\"position\":3,\"name\":\"Articles de seconde qualit\u00e9\",\"item\":\"https:\\\/\\\/schweizversand.ch\\\/fr\\\/produkt-kategorie\\\/articles-de-seconde-qualite\\\/\"},{\"@type\":\"ListItem\",\"position\":4,\"name\":\"Barbecue\",\"item\":\"https:\\\/\\\/schweizversand.ch\\\/fr\\\/produkt-kategorie\\\/articles-de-seconde-qualite\\\/campingartikel\\\/\"},{\"@type\":\"ListItem\",\"position\":5,\"name\":\"Sac de couchage pour enfants Trespass RESTED\"}]},{\"@type\":\"WebSite\",\"@id\":\"https:\\\/\\\/schweizversand.ch\\\/fr\\\/#website\",\"url\":\"https:\\\/\\\/schweizversand.ch\\\/fr\\\/\",\"name\":\"Schweizer Shop f\u00fcr Sport, Spiel und Freizeit\",\"description\":\"Gratisversand ab 50.- (netto), ab eigenem schweizer Lager, Lieferung innert 48h\",\"publisher\":{\"@id\":\"https:\\\/\\\/schweizversand.ch\\\/fr\\\/#organization\"},\"alternateName\":\"Schweizversand.ch\",\"potentialAction\":[{\"@type\":\"SearchAction\",\"target\":{\"@type\":\"EntryPoint\",\"urlTemplate\":\"https:\\\/\\\/schweizversand.ch\\\/fr\\\/?s={search_term_string}\"},\"query-input\":{\"@type\":\"PropertyValueSpecification\",\"valueRequired\":true,\"valueName\":\"search_term_string\"}}],\"inLanguage\":\"fr-FR\"},{\"@type\":\"Organization\",\"@id\":\"https:\\\/\\\/schweizversand.ch\\\/fr\\\/#organization\",\"name\":\"Schweizversand.ch\",\"url\":\"https:\\\/\\\/schweizversand.ch\\\/fr\\\/\",\"logo\":{\"@type\":\"ImageObject\",\"inLanguage\":\"fr-FR\",\"@id\":\"https:\\\/\\\/schweizversand.ch\\\/fr\\\/#\\\/schema\\\/logo\\\/image\\\/\",\"url\":\"https:\\\/\\\/schweizversand.ch\\\/wp-content\\\/uploads\\\/2026\\\/03\\\/Logo_Rund_Final-1.png\",\"contentUrl\":\"https:\\\/\\\/schweizversand.ch\\\/wp-content\\\/uploads\\\/2026\\\/03\\\/Logo_Rund_Final-1.png\",\"width\":404,\"height\":404,\"caption\":\"Schweizversand.ch\"},\"image\":{\"@id\":\"https:\\\/\\\/schweizversand.ch\\\/fr\\\/#\\\/schema\\\/logo\\\/image\\\/\"},\"sameAs\":[\"https:\\\/\\\/www.facebook.com\\\/Schweizversand\",\"https:\\\/\\\/www.instagram.com\\\/schweizversand.ch\\\/\"]}]}<\/script>\n<!-- \/ Yoast SEO plugin. -->","yoast_head_json":{"title":"Trespass RESTED Kinderschlafsack","description":"Bei diesem Artikel handelt es sich um ein Ausstellungsst\u00fcck , das daher leichte Gebrauchsspuren , wie zum Beispiel geringe Verschmutzungen, aufweisen kann. Die","robots":{"index":"index","follow":"follow","max-snippet":"max-snippet:-1","max-image-preview":"max-image-preview:large","max-video-preview":"max-video-preview:-1"},"canonical":"https:\/\/schweizversand.ch\/fr\/produkt\/trespass-rested-kinderschlafsack\/","og_locale":"fr_FR","og_type":"article","og_title":"Trespass RESTED Kinderschlafsack","og_description":"Bei diesem Artikel handelt es sich um ein Ausstellungsst\u00fcck , das daher leichte Gebrauchsspuren , wie zum Beispiel geringe Verschmutzungen, aufweisen kann. Die","og_url":"https:\/\/schweizversand.ch\/fr\/produkt\/trespass-rested-kinderschlafsack\/","og_site_name":"Schweizer Shop f\u00fcr Sport, Spiel und Freizeit","article_publisher":"https:\/\/www.facebook.com\/Schweizversand","article_modified_time":"2026-04-19T00:05:32+00:00","og_image":[{"width":732,"height":1024,"url":"https:\/\/schweizversand.ch\/wp-content\/uploads\/2026\/03\/5471887724.jpg","type":"image\/jpeg"}],"twitter_card":"summary_large_image","twitter_misc":{"Dur\u00e9e de lecture estim\u00e9e":"1 minute"},"schema":{"@context":"https:\/\/schema.org","@graph":[{"@type":"WebPage","@id":"https:\/\/schweizversand.ch\/fr\/produkt\/trespass-rested-kinderschlafsack\/","url":"https:\/\/schweizversand.ch\/fr\/produkt\/trespass-rested-kinderschlafsack\/","name":"Trespass RESTED Kinderschlafsack","isPartOf":{"@id":"https:\/\/schweizversand.ch\/fr\/#website"},"primaryImageOfPage":{"@id":"https:\/\/schweizversand.ch\/fr\/produkt\/trespass-rested-kinderschlafsack\/#primaryimage"},"image":{"@id":"https:\/\/schweizversand.ch\/fr\/produkt\/trespass-rested-kinderschlafsack\/#primaryimage"},"thumbnailUrl":"https:\/\/schweizversand.ch\/wp-content\/uploads\/2026\/03\/5471887724.jpg","datePublished":"2026-03-14T23:57:23+00:00","dateModified":"2026-04-19T00:05:32+00:00","description":"Bei diesem Artikel handelt es sich um ein Ausstellungsst\u00fcck , das daher leichte Gebrauchsspuren , wie zum Beispiel geringe Verschmutzungen, aufweisen kann. Die","breadcrumb":{"@id":"https:\/\/schweizversand.ch\/fr\/produkt\/trespass-rested-kinderschlafsack\/#breadcrumb"},"inLanguage":"fr-FR","potentialAction":[{"@type":"ReadAction","target":["https:\/\/schweizversand.ch\/fr\/produkt\/trespass-rested-kinderschlafsack\/"]}]},{"@type":"ImageObject","inLanguage":"fr-FR","@id":"https:\/\/schweizversand.ch\/fr\/produkt\/trespass-rested-kinderschlafsack\/#primaryimage","url":"https:\/\/schweizversand.ch\/wp-content\/uploads\/2026\/03\/5471887724.jpg","contentUrl":"https:\/\/schweizversand.ch\/wp-content\/uploads\/2026\/03\/5471887724.jpg","width":732,"height":1024},{"@type":"BreadcrumbList","@id":"https:\/\/schweizversand.ch\/fr\/produkt\/trespass-rested-kinderschlafsack\/#breadcrumb","itemListElement":[{"@type":"ListItem","position":1,"name":"Startseite","item":"https:\/\/schweizversand.ch\/fr\/home\/"},{"@type":"ListItem","position":2,"name":"Boutique","item":"https:\/\/schweizversand.ch\/fr\/boutique\/"},{"@type":"ListItem","position":3,"name":"Articles de seconde qualit\u00e9","item":"https:\/\/schweizversand.ch\/fr\/produkt-kategorie\/articles-de-seconde-qualite\/"},{"@type":"ListItem","position":4,"name":"Barbecue","item":"https:\/\/schweizversand.ch\/fr\/produkt-kategorie\/articles-de-seconde-qualite\/campingartikel\/"},{"@type":"ListItem","position":5,"name":"Sac de couchage pour enfants Trespass RESTED"}]},{"@type":"WebSite","@id":"https:\/\/schweizversand.ch\/fr\/#website","url":"https:\/\/schweizversand.ch\/fr\/","name":"Schweizer Shop f\u00fcr Sport, Spiel und Freizeit","description":"Gratisversand ab 50.- (netto), ab eigenem schweizer Lager, Lieferung innert 48h","publisher":{"@id":"https:\/\/schweizversand.ch\/fr\/#organization"},"alternateName":"Schweizversand.ch","potentialAction":[{"@type":"SearchAction","target":{"@type":"EntryPoint","urlTemplate":"https:\/\/schweizversand.ch\/fr\/?s={search_term_string}"},"query-input":{"@type":"PropertyValueSpecification","valueRequired":true,"valueName":"search_term_string"}}],"inLanguage":"fr-FR"},{"@type":"Organization","@id":"https:\/\/schweizversand.ch\/fr\/#organization","name":"Schweizversand.ch","url":"https:\/\/schweizversand.ch\/fr\/","logo":{"@type":"ImageObject","inLanguage":"fr-FR","@id":"https:\/\/schweizversand.ch\/fr\/#\/schema\/logo\/image\/","url":"https:\/\/schweizversand.ch\/wp-content\/uploads\/2026\/03\/Logo_Rund_Final-1.png","contentUrl":"https:\/\/schweizversand.ch\/wp-content\/uploads\/2026\/03\/Logo_Rund_Final-1.png","width":404,"height":404,"caption":"Schweizversand.ch"},"image":{"@id":"https:\/\/schweizversand.ch\/fr\/#\/schema\/logo\/image\/"},"sameAs":["https:\/\/www.facebook.com\/Schweizversand","https:\/\/www.instagram.com\/schweizversand.ch\/"]}]}},"jetpack_sharing_enabled":true,"_links":{"self":[{"href":"https:\/\/schweizversand.ch\/fr\/wp-json\/wp\/v2\/product\/260346","targetHints":{"allow":["GET"]}}],"collection":[{"href":"https:\/\/schweizversand.ch\/fr\/wp-json\/wp\/v2\/product"}],"about":[{"href":"https:\/\/schweizversand.ch\/fr\/wp-json\/wp\/v2\/types\/product"}],"replies":[{"embeddable":true,"href":"https:\/\/schweizversand.ch\/fr\/wp-json\/wp\/v2\/comments?post=260346"}],"wp:featuredmedia":[{"embeddable":true,"href":"https:\/\/schweizversand.ch\/fr\/wp-json\/wp\/v2\/media\/244087"}],"wp:attachment":[{"href":"https:\/\/schweizversand.ch\/fr\/wp-json\/wp\/v2\/media?parent=260346"}],"wp:term":[{"taxonomy":"product_brand","embeddable":true,"href":"https:\/\/schweizversand.ch\/fr\/wp-json\/wp\/v2\/product_brand?post=260346"},{"taxonomy":"product_cat","embeddable":true,"href":"https:\/\/schweizversand.ch\/fr\/wp-json\/wp\/v2\/product_cat?post=260346"},{"taxonomy":"product_tag","embeddable":true,"href":"https:\/\/schweizversand.ch\/fr\/wp-json\/wp\/v2\/product_tag?post=260346"}],"curies":[{"name":"wp","href":"https:\/\/api.w.org\/{rel}","templated":true}]}}