{"id":260347,"date":"2026-03-15T00:57:28","date_gmt":"2026-03-14T23:57:28","guid":{"rendered":"https:\/\/schweizversand.ch\/produkt\/trespass-jovana-damen-softshell-hose-schwarz-m\/"},"modified":"2026-04-12T02:09:09","modified_gmt":"2026-04-12T00:09:09","slug":"trespass-jovana-damen-softshell-hose-schwarz-m","status":"publish","type":"product","link":"https:\/\/schweizversand.ch\/fr\/produkt\/trespass-jovana-damen-softshell-hose-schwarz-m\/","title":{"rendered":"Pantalon softshell pour femme Trespass JOVANA"},"content":{"rendered":"<p>Le pantalon softshell pour femme est un excellent choix pour les passionn\u00e9es de plein air \u00e0 la recherche d&rsquo;un pantalon fonctionnel offrant une protection contre la pluie fine, tout en assurant libert\u00e9 de mouvement et confort. Que ce soit pour la randonn\u00e9e, le v\u00e9lo ou toute autre activit\u00e9 de plein air, ce pantalon est incroyablement polyvalent.<\/p>\n<\/p>\n<p>Caract\u00e9ristiques du pantalon softshell pour femme\u00a0:<\/p>\n<\/p>\n<p>\u2022 D\u00e9perlant\u00a0: Le pantalon est dot\u00e9 d&rsquo;un rev\u00eatement d\u00e9perlant qui repousse la pluie fine et vous garde au sec. C&rsquo;est particuli\u00e8rement utile lors d&rsquo;activit\u00e9s de plein air.<\/p>\n<\/p>\n<p>\u2022 Respirant\u00a0: Le tissu softshell est respirant, permettant \u00e0 l&rsquo;humidit\u00e9 de s&rsquo;\u00e9vacuer. Il \u00e9vacue efficacement la transpiration et assure une sensation de confort.<\/p>\n<\/p>\n<p>\u2022 Extensible\u00a0: Le pantalon softshell est reconnu pour son extensibilit\u00e9, offrant une libert\u00e9 de mouvement optimale lors d&rsquo;activit\u00e9s de plein air.<\/p>\n<\/p>\n<p>\u2022 Poches\u00a0: Le pantalon est \u00e9quip\u00e9 de deux poches pratiques pour ranger en toute s\u00e9curit\u00e9 de petits objets tels que des cl\u00e9s ou des cartes.<\/p>\n<\/p>\n<p>\u2022 Ceinture \u00e9lastique\u00a0: La ceinture \u00e9lastique ajustable permet de personnaliser la coupe et de maintenir le pantalon bien en place.<\/p>\n<\/p>\n<p>Composition :<\/p>\n<\/p>\n<p>\u2022 Ext\u00e9rieur : 92 % polyamide, 8 % \u00e9lasthanne : Le tissu ext\u00e9rieur du pantalon est compos\u00e9 \u00e0 92 % de polyamide et \u00e0 8 % d&rsquo;\u00e9lasthanne, alliant r\u00e9sistance et souplesse.<\/p>\n<\/p>\n<p>\u2022 Doublure : 90 % polyamide, 10 % \u00e9lasthanne : La doublure est compos\u00e9e \u00e0 90 % de polyamide et \u00e0 10 % d&rsquo;\u00e9lasthanne, offrant confort et respirabilit\u00e9.<\/p>\n","protected":false},"excerpt":{"rendered":"<p>Trespass JOVANA Damen Softshell Hose (schwarz, M): wasserabweisend, atmungsaktiv &amp; elastisch; verstellbare Taille, praktische Taschen; ideal f\u00fcr Wandern &amp; Outdoor-Aktivit\u00e4ten bei wechselhaftem Wetter.<\/p>\n","protected":false},"featured_media":244213,"comment_status":"open","ping_status":"closed","template":"","meta":[],"product_brand":[],"product_cat":[38876],"product_tag":[],"class_list":{"0":"post-260347","1":"product","2":"type-product","3":"status-publish","4":"has-post-thumbnail","6":"product_cat-trekking-zubehoer","7":"product_shipping_class-global_methods","9":"first","10":"instock","11":"taxable","12":"shipping-taxable","13":"purchasable","14":"product-type-simple"},"yoast_head":"<!-- This site is optimized with the Yoast SEO plugin v27.3 - https:\/\/yoast.com\/product\/yoast-seo-wordpress\/ -->\n<title>Trespass JOVANA Damen Softshell Hose (schwarz, M)<\/title>\n<meta name=\"description\" content=\"Bei diesem Produkt handelt es sich um ein Restware-Angebot. Das Produkt ist originalverpackt und befindet sich in einwandfreiem Zustand. Es weist jedoch minimal\" \/>\n<meta name=\"robots\" content=\"index, follow, max-snippet:-1, max-image-preview:large, max-video-preview:-1\" \/>\n<link rel=\"canonical\" href=\"https:\/\/schweizversand.ch\/fr\/produkt\/trespass-jovana-damen-softshell-hose-schwarz-m\/\" \/>\n<meta property=\"og:locale\" content=\"fr_FR\" \/>\n<meta property=\"og:type\" content=\"article\" \/>\n<meta property=\"og:title\" content=\"Trespass JOVANA Damen Softshell Hose (schwarz, M)\" \/>\n<meta property=\"og:description\" content=\"Bei diesem Produkt handelt es sich um ein Restware-Angebot. Das Produkt ist originalverpackt und befindet sich in einwandfreiem Zustand. Es weist jedoch minimal\" \/>\n<meta property=\"og:url\" content=\"https:\/\/schweizversand.ch\/fr\/produkt\/trespass-jovana-damen-softshell-hose-schwarz-m\/\" \/>\n<meta property=\"og:site_name\" content=\"Schweizer Shop f\u00fcr Sport, Spiel und Freizeit\" \/>\n<meta property=\"article:publisher\" content=\"https:\/\/www.facebook.com\/Schweizversand\" \/>\n<meta property=\"article:modified_time\" content=\"2026-04-12T00:09:09+00:00\" \/>\n<meta property=\"og:image\" content=\"https:\/\/schweizversand.ch\/wp-content\/uploads\/2026\/03\/5473310574-scaled.jpg\" \/>\n\t<meta property=\"og:image:width\" content=\"1707\" \/>\n\t<meta property=\"og:image:height\" content=\"2560\" \/>\n\t<meta property=\"og:image:type\" content=\"image\/jpeg\" \/>\n<meta name=\"twitter:card\" content=\"summary_large_image\" \/>\n<meta name=\"twitter:label1\" content=\"Dur\u00e9e de lecture estim\u00e9e\" \/>\n\t<meta name=\"twitter:data1\" content=\"1 minute\" \/>\n<script type=\"application\/ld+json\" class=\"yoast-schema-graph\">{\"@context\":\"https:\\\/\\\/schema.org\",\"@graph\":[{\"@type\":\"WebPage\",\"@id\":\"https:\\\/\\\/schweizversand.ch\\\/fr\\\/produkt\\\/trespass-jovana-damen-softshell-hose-schwarz-m\\\/\",\"url\":\"https:\\\/\\\/schweizversand.ch\\\/fr\\\/produkt\\\/trespass-jovana-damen-softshell-hose-schwarz-m\\\/\",\"name\":\"Trespass JOVANA Damen Softshell Hose (schwarz, M)\",\"isPartOf\":{\"@id\":\"https:\\\/\\\/schweizversand.ch\\\/fr\\\/#website\"},\"primaryImageOfPage\":{\"@id\":\"https:\\\/\\\/schweizversand.ch\\\/fr\\\/produkt\\\/trespass-jovana-damen-softshell-hose-schwarz-m\\\/#primaryimage\"},\"image\":{\"@id\":\"https:\\\/\\\/schweizversand.ch\\\/fr\\\/produkt\\\/trespass-jovana-damen-softshell-hose-schwarz-m\\\/#primaryimage\"},\"thumbnailUrl\":\"https:\\\/\\\/schweizversand.ch\\\/wp-content\\\/uploads\\\/2026\\\/03\\\/5473310574-scaled.jpg\",\"datePublished\":\"2026-03-14T23:57:28+00:00\",\"dateModified\":\"2026-04-12T00:09:09+00:00\",\"description\":\"Bei diesem Produkt handelt es sich um ein Restware-Angebot. Das Produkt ist originalverpackt und befindet sich in einwandfreiem Zustand. Es weist jedoch minimal\",\"breadcrumb\":{\"@id\":\"https:\\\/\\\/schweizversand.ch\\\/fr\\\/produkt\\\/trespass-jovana-damen-softshell-hose-schwarz-m\\\/#breadcrumb\"},\"inLanguage\":\"fr-FR\",\"potentialAction\":[{\"@type\":\"ReadAction\",\"target\":[\"https:\\\/\\\/schweizversand.ch\\\/fr\\\/produkt\\\/trespass-jovana-damen-softshell-hose-schwarz-m\\\/\"]}]},{\"@type\":\"ImageObject\",\"inLanguage\":\"fr-FR\",\"@id\":\"https:\\\/\\\/schweizversand.ch\\\/fr\\\/produkt\\\/trespass-jovana-damen-softshell-hose-schwarz-m\\\/#primaryimage\",\"url\":\"https:\\\/\\\/schweizversand.ch\\\/wp-content\\\/uploads\\\/2026\\\/03\\\/5473310574-scaled.jpg\",\"contentUrl\":\"https:\\\/\\\/schweizversand.ch\\\/wp-content\\\/uploads\\\/2026\\\/03\\\/5473310574-scaled.jpg\",\"width\":1707,\"height\":2560},{\"@type\":\"BreadcrumbList\",\"@id\":\"https:\\\/\\\/schweizversand.ch\\\/fr\\\/produkt\\\/trespass-jovana-damen-softshell-hose-schwarz-m\\\/#breadcrumb\",\"itemListElement\":[{\"@type\":\"ListItem\",\"position\":1,\"name\":\"Startseite\",\"item\":\"https:\\\/\\\/schweizversand.ch\\\/fr\\\/\"},{\"@type\":\"ListItem\",\"position\":2,\"name\":\"Boutique\",\"item\":\"https:\\\/\\\/schweizversand.ch\\\/fr\\\/boutique\\\/\"},{\"@type\":\"ListItem\",\"position\":3,\"name\":\"Pantalon softshell pour femme Trespass JOVANA\"}]},{\"@type\":\"WebSite\",\"@id\":\"https:\\\/\\\/schweizversand.ch\\\/fr\\\/#website\",\"url\":\"https:\\\/\\\/schweizversand.ch\\\/fr\\\/\",\"name\":\"Schweizer Shop f\u00fcr Sport, Spiel und Freizeit\",\"description\":\"Gratisversand ab 50.- (netto), ab eigenem schweizer Lager, Lieferung innert 48h\",\"publisher\":{\"@id\":\"https:\\\/\\\/schweizversand.ch\\\/fr\\\/#organization\"},\"alternateName\":\"Schweizversand.ch\",\"potentialAction\":[{\"@type\":\"SearchAction\",\"target\":{\"@type\":\"EntryPoint\",\"urlTemplate\":\"https:\\\/\\\/schweizversand.ch\\\/fr\\\/?s={search_term_string}\"},\"query-input\":{\"@type\":\"PropertyValueSpecification\",\"valueRequired\":true,\"valueName\":\"search_term_string\"}}],\"inLanguage\":\"fr-FR\"},{\"@type\":\"Organization\",\"@id\":\"https:\\\/\\\/schweizversand.ch\\\/fr\\\/#organization\",\"name\":\"Schweizversand.ch\",\"url\":\"https:\\\/\\\/schweizversand.ch\\\/fr\\\/\",\"logo\":{\"@type\":\"ImageObject\",\"inLanguage\":\"fr-FR\",\"@id\":\"https:\\\/\\\/schweizversand.ch\\\/fr\\\/#\\\/schema\\\/logo\\\/image\\\/\",\"url\":\"https:\\\/\\\/schweizversand.ch\\\/wp-content\\\/uploads\\\/2026\\\/03\\\/Logo_Rund_Final-1.png\",\"contentUrl\":\"https:\\\/\\\/schweizversand.ch\\\/wp-content\\\/uploads\\\/2026\\\/03\\\/Logo_Rund_Final-1.png\",\"width\":404,\"height\":404,\"caption\":\"Schweizversand.ch\"},\"image\":{\"@id\":\"https:\\\/\\\/schweizversand.ch\\\/fr\\\/#\\\/schema\\\/logo\\\/image\\\/\"},\"sameAs\":[\"https:\\\/\\\/www.facebook.com\\\/Schweizversand\",\"https:\\\/\\\/www.instagram.com\\\/schweizversand.ch\\\/\"]}]}<\/script>\n<!-- \/ Yoast SEO plugin. -->","yoast_head_json":{"title":"Trespass JOVANA Damen Softshell Hose (schwarz, M)","description":"Bei diesem Produkt handelt es sich um ein Restware-Angebot. Das Produkt ist originalverpackt und befindet sich in einwandfreiem Zustand. Es weist jedoch minimal","robots":{"index":"index","follow":"follow","max-snippet":"max-snippet:-1","max-image-preview":"max-image-preview:large","max-video-preview":"max-video-preview:-1"},"canonical":"https:\/\/schweizversand.ch\/fr\/produkt\/trespass-jovana-damen-softshell-hose-schwarz-m\/","og_locale":"fr_FR","og_type":"article","og_title":"Trespass JOVANA Damen Softshell Hose (schwarz, M)","og_description":"Bei diesem Produkt handelt es sich um ein Restware-Angebot. Das Produkt ist originalverpackt und befindet sich in einwandfreiem Zustand. Es weist jedoch minimal","og_url":"https:\/\/schweizversand.ch\/fr\/produkt\/trespass-jovana-damen-softshell-hose-schwarz-m\/","og_site_name":"Schweizer Shop f\u00fcr Sport, Spiel und Freizeit","article_publisher":"https:\/\/www.facebook.com\/Schweizversand","article_modified_time":"2026-04-12T00:09:09+00:00","og_image":[{"width":1707,"height":2560,"url":"https:\/\/schweizversand.ch\/wp-content\/uploads\/2026\/03\/5473310574-scaled.jpg","type":"image\/jpeg"}],"twitter_card":"summary_large_image","twitter_misc":{"Dur\u00e9e de lecture estim\u00e9e":"1 minute"},"schema":{"@context":"https:\/\/schema.org","@graph":[{"@type":"WebPage","@id":"https:\/\/schweizversand.ch\/fr\/produkt\/trespass-jovana-damen-softshell-hose-schwarz-m\/","url":"https:\/\/schweizversand.ch\/fr\/produkt\/trespass-jovana-damen-softshell-hose-schwarz-m\/","name":"Trespass JOVANA Damen Softshell Hose (schwarz, M)","isPartOf":{"@id":"https:\/\/schweizversand.ch\/fr\/#website"},"primaryImageOfPage":{"@id":"https:\/\/schweizversand.ch\/fr\/produkt\/trespass-jovana-damen-softshell-hose-schwarz-m\/#primaryimage"},"image":{"@id":"https:\/\/schweizversand.ch\/fr\/produkt\/trespass-jovana-damen-softshell-hose-schwarz-m\/#primaryimage"},"thumbnailUrl":"https:\/\/schweizversand.ch\/wp-content\/uploads\/2026\/03\/5473310574-scaled.jpg","datePublished":"2026-03-14T23:57:28+00:00","dateModified":"2026-04-12T00:09:09+00:00","description":"Bei diesem Produkt handelt es sich um ein Restware-Angebot. Das Produkt ist originalverpackt und befindet sich in einwandfreiem Zustand. Es weist jedoch minimal","breadcrumb":{"@id":"https:\/\/schweizversand.ch\/fr\/produkt\/trespass-jovana-damen-softshell-hose-schwarz-m\/#breadcrumb"},"inLanguage":"fr-FR","potentialAction":[{"@type":"ReadAction","target":["https:\/\/schweizversand.ch\/fr\/produkt\/trespass-jovana-damen-softshell-hose-schwarz-m\/"]}]},{"@type":"ImageObject","inLanguage":"fr-FR","@id":"https:\/\/schweizversand.ch\/fr\/produkt\/trespass-jovana-damen-softshell-hose-schwarz-m\/#primaryimage","url":"https:\/\/schweizversand.ch\/wp-content\/uploads\/2026\/03\/5473310574-scaled.jpg","contentUrl":"https:\/\/schweizversand.ch\/wp-content\/uploads\/2026\/03\/5473310574-scaled.jpg","width":1707,"height":2560},{"@type":"BreadcrumbList","@id":"https:\/\/schweizversand.ch\/fr\/produkt\/trespass-jovana-damen-softshell-hose-schwarz-m\/#breadcrumb","itemListElement":[{"@type":"ListItem","position":1,"name":"Startseite","item":"https:\/\/schweizversand.ch\/fr\/"},{"@type":"ListItem","position":2,"name":"Boutique","item":"https:\/\/schweizversand.ch\/fr\/boutique\/"},{"@type":"ListItem","position":3,"name":"Pantalon softshell pour femme Trespass JOVANA"}]},{"@type":"WebSite","@id":"https:\/\/schweizversand.ch\/fr\/#website","url":"https:\/\/schweizversand.ch\/fr\/","name":"Schweizer Shop f\u00fcr Sport, Spiel und Freizeit","description":"Gratisversand ab 50.- (netto), ab eigenem schweizer Lager, Lieferung innert 48h","publisher":{"@id":"https:\/\/schweizversand.ch\/fr\/#organization"},"alternateName":"Schweizversand.ch","potentialAction":[{"@type":"SearchAction","target":{"@type":"EntryPoint","urlTemplate":"https:\/\/schweizversand.ch\/fr\/?s={search_term_string}"},"query-input":{"@type":"PropertyValueSpecification","valueRequired":true,"valueName":"search_term_string"}}],"inLanguage":"fr-FR"},{"@type":"Organization","@id":"https:\/\/schweizversand.ch\/fr\/#organization","name":"Schweizversand.ch","url":"https:\/\/schweizversand.ch\/fr\/","logo":{"@type":"ImageObject","inLanguage":"fr-FR","@id":"https:\/\/schweizversand.ch\/fr\/#\/schema\/logo\/image\/","url":"https:\/\/schweizversand.ch\/wp-content\/uploads\/2026\/03\/Logo_Rund_Final-1.png","contentUrl":"https:\/\/schweizversand.ch\/wp-content\/uploads\/2026\/03\/Logo_Rund_Final-1.png","width":404,"height":404,"caption":"Schweizversand.ch"},"image":{"@id":"https:\/\/schweizversand.ch\/fr\/#\/schema\/logo\/image\/"},"sameAs":["https:\/\/www.facebook.com\/Schweizversand","https:\/\/www.instagram.com\/schweizversand.ch\/"]}]}},"jetpack_sharing_enabled":true,"_links":{"self":[{"href":"https:\/\/schweizversand.ch\/fr\/wp-json\/wp\/v2\/product\/260347","targetHints":{"allow":["GET"]}}],"collection":[{"href":"https:\/\/schweizversand.ch\/fr\/wp-json\/wp\/v2\/product"}],"about":[{"href":"https:\/\/schweizversand.ch\/fr\/wp-json\/wp\/v2\/types\/product"}],"replies":[{"embeddable":true,"href":"https:\/\/schweizversand.ch\/fr\/wp-json\/wp\/v2\/comments?post=260347"}],"wp:featuredmedia":[{"embeddable":true,"href":"https:\/\/schweizversand.ch\/fr\/wp-json\/wp\/v2\/media\/244213"}],"wp:attachment":[{"href":"https:\/\/schweizversand.ch\/fr\/wp-json\/wp\/v2\/media?parent=260347"}],"wp:term":[{"taxonomy":"product_brand","embeddable":true,"href":"https:\/\/schweizversand.ch\/fr\/wp-json\/wp\/v2\/product_brand?post=260347"},{"taxonomy":"product_cat","embeddable":true,"href":"https:\/\/schweizversand.ch\/fr\/wp-json\/wp\/v2\/product_cat?post=260347"},{"taxonomy":"product_tag","embeddable":true,"href":"https:\/\/schweizversand.ch\/fr\/wp-json\/wp\/v2\/product_tag?post=260347"}],"curies":[{"name":"wp","href":"https:\/\/api.w.org\/{rel}","templated":true}]}}