{"id":261632,"date":"2026-04-01T02:00:14","date_gmt":"2026-04-01T00:00:14","guid":{"rendered":"https:\/\/schweizversand.ch\/produkt\/champ-becher-tonware-6er-set\/"},"modified":"2026-04-07T02:03:17","modified_gmt":"2026-04-07T00:03:17","slug":"champ-becher-tonware-6er-set-3","status":"publish","type":"product","link":"https:\/\/schweizversand.ch\/fr\/produkt\/champ-becher-tonware-6er-set-3\/","title":{"rendered":"Tasses CHAMP, en fa\u00efence, lot de 6"},"content":{"rendered":"<h1><strong>Ensemble de 6 tasses \u2013 Gr\u00e8s \u00e0 motifs caf\u00e9<\/strong><\/h1>\n<div>Pour les connaisseurs \u00e9l\u00e9gants et les v\u00e9ritables amateurs de caf\u00e9, cet ensemble de tasses en gr\u00e8s est le choix id\u00e9al. Il allie une fabrication robuste et de haute qualit\u00e9 \u00e0 un design charmant qui sublime chaque pause-caf\u00e9.<\/p>\n<\/div>\n<div><strong>Design et qualit\u00e9 des mat\u00e9riaux<\/strong><br \/>Cet ensemble charmant est fabriqu\u00e9 en gr\u00e8s solide et durable, appr\u00e9ci\u00e9 pour son toucher et sa capacit\u00e9 \u00e0 conserver la chaleur. L&rsquo;ensemble de 6 tasses comprend six tasses, chacune d\u00e9cor\u00e9e d&rsquo;un motif caf\u00e9 unique aux couleurs chaudes \u2013 id\u00e9al pour apporter une touche d&rsquo;originalit\u00e9 \u00e0 votre table.<\/p>\n<\/div>\n<div><strong>Parfait pour savourer un caf\u00e9<\/strong><br \/>D&rsquo;une contenance de 260 ml (environ 8,79 oz), ces tasses sont polyvalentes. Elles sont parfaites pour votre espresso du matin, un moka cors\u00e9 ou de petites sp\u00e9cialit\u00e9s de caf\u00e9. Ce service de tasses \u00e0 moka est un incontournable pour tous ceux qui appr\u00e9cient les petits formats pleins de charme. D\u00e9tails et dimensions du produit\u00a0: &#8211; Contenu\u00a0: 6 tasses aux motifs de caf\u00e9 vari\u00e9s &#8211; Mat\u00e9riau\u00a0: Gr\u00e8s robuste de haute qualit\u00e9 &#8211; Contenance\u00a0: 260\u00a0ml &#8211; Dimensions des tasses\u00a0: \u00d8 80\u00a0mm \u00d7 H 74\u00a0mm &#8211; Poids par tasse\u00a0: env. 240\u00a0g Vos avantages\u00a0: Que ce soit pour agr\u00e9menter votre int\u00e9rieur ou pour offrir un cadeau \u00e9l\u00e9gant aux amateurs de caf\u00e9, ce service de tasses \u00e0 motifs allie qualit\u00e9, originalit\u00e9 et plaisir dans un format compact. Offrez-vous ce service pour savourer votre caf\u00e9 au quotidien.<\/p>\n","protected":false},"excerpt":{"rendered":"<p>CHAMP Becher Tonware 6er Set: Robustes Steingut mit einzigartigen Kaffeemotiven. Perfekt f\u00fcr stilvollen Genuss und langanhaltende W\u00e4rme bei jedem Kaffee.<\/p>\n","protected":false},"featured_media":261868,"comment_status":"open","ping_status":"closed","template":"","meta":[],"product_brand":[],"product_cat":[38333],"product_tag":[],"class_list":{"0":"post-261632","1":"product","2":"type-product","3":"status-publish","4":"has-post-thumbnail","6":"product_cat-geschirr-besteck","7":"product_shipping_class-global_methods","9":"first","10":"instock","11":"taxable","12":"shipping-taxable","13":"purchasable","14":"product-type-simple"},"yoast_head":"<!-- This site is optimized with the Yoast SEO plugin v27.3 - https:\/\/yoast.com\/product\/yoast-seo-wordpress\/ -->\n<title>CHAMP Becher Tonware 6er Set<\/title>\n<meta name=\"description\" content=\"6er Becherset \u2013 Kaffeemotive Steingut F\u00fcr stilvolle Geniesser und wahre Kaffeeliebhaber ist dieses Becherset Steingut die perfekte Wahl. Es kombiniert robuste,\" \/>\n<meta name=\"robots\" content=\"index, follow, max-snippet:-1, max-image-preview:large, max-video-preview:-1\" \/>\n<link rel=\"canonical\" href=\"https:\/\/schweizversand.ch\/fr\/produkt\/champ-becher-tonware-6er-set-3\/\" \/>\n<meta property=\"og:locale\" content=\"fr_FR\" \/>\n<meta property=\"og:type\" content=\"article\" \/>\n<meta property=\"og:title\" content=\"CHAMP Becher Tonware 6er Set\" \/>\n<meta property=\"og:description\" content=\"6er Becherset \u2013 Kaffeemotive Steingut F\u00fcr stilvolle Geniesser und wahre Kaffeeliebhaber ist dieses Becherset Steingut die perfekte Wahl. Es kombiniert robuste,\" \/>\n<meta property=\"og:url\" content=\"https:\/\/schweizversand.ch\/fr\/produkt\/champ-becher-tonware-6er-set-3\/\" \/>\n<meta property=\"og:site_name\" content=\"Schweizer Shop f\u00fcr Sport, Spiel und Freizeit\" \/>\n<meta property=\"article:publisher\" content=\"https:\/\/www.facebook.com\/Schweizversand\" \/>\n<meta property=\"article:modified_time\" content=\"2026-04-07T00:03:17+00:00\" \/>\n<meta name=\"twitter:card\" content=\"summary_large_image\" \/>\n<meta name=\"twitter:label1\" content=\"Dur\u00e9e de lecture estim\u00e9e\" \/>\n\t<meta name=\"twitter:data1\" content=\"1 minute\" \/>\n<script type=\"application\/ld+json\" class=\"yoast-schema-graph\">{\"@context\":\"https:\\\/\\\/schema.org\",\"@graph\":[{\"@type\":\"WebPage\",\"@id\":\"https:\\\/\\\/schweizversand.ch\\\/fr\\\/produkt\\\/champ-becher-tonware-6er-set-3\\\/\",\"url\":\"https:\\\/\\\/schweizversand.ch\\\/fr\\\/produkt\\\/champ-becher-tonware-6er-set-3\\\/\",\"name\":\"CHAMP Becher Tonware 6er Set\",\"isPartOf\":{\"@id\":\"https:\\\/\\\/schweizversand.ch\\\/fr\\\/#website\"},\"primaryImageOfPage\":{\"@id\":\"https:\\\/\\\/schweizversand.ch\\\/fr\\\/produkt\\\/champ-becher-tonware-6er-set-3\\\/#primaryimage\"},\"image\":{\"@id\":\"https:\\\/\\\/schweizversand.ch\\\/fr\\\/produkt\\\/champ-becher-tonware-6er-set-3\\\/#primaryimage\"},\"thumbnailUrl\":\"https:\\\/\\\/schweizversand.ch\\\/wp-content\\\/uploads\\\/2026\\\/04\\\/5471877277.jpg\",\"datePublished\":\"2026-04-01T00:00:14+00:00\",\"dateModified\":\"2026-04-07T00:03:17+00:00\",\"description\":\"6er Becherset \u2013 Kaffeemotive Steingut F\u00fcr stilvolle Geniesser und wahre Kaffeeliebhaber ist dieses Becherset Steingut die perfekte Wahl. Es kombiniert robuste,\",\"breadcrumb\":{\"@id\":\"https:\\\/\\\/schweizversand.ch\\\/fr\\\/produkt\\\/champ-becher-tonware-6er-set-3\\\/#breadcrumb\"},\"inLanguage\":\"fr-FR\",\"potentialAction\":[{\"@type\":\"ReadAction\",\"target\":[\"https:\\\/\\\/schweizversand.ch\\\/fr\\\/produkt\\\/champ-becher-tonware-6er-set-3\\\/\"]}]},{\"@type\":\"ImageObject\",\"inLanguage\":\"fr-FR\",\"@id\":\"https:\\\/\\\/schweizversand.ch\\\/fr\\\/produkt\\\/champ-becher-tonware-6er-set-3\\\/#primaryimage\",\"url\":\"https:\\\/\\\/schweizversand.ch\\\/wp-content\\\/uploads\\\/2026\\\/04\\\/5471877277.jpg\",\"contentUrl\":\"https:\\\/\\\/schweizversand.ch\\\/wp-content\\\/uploads\\\/2026\\\/04\\\/5471877277.jpg\",\"width\":1024,\"height\":420},{\"@type\":\"BreadcrumbList\",\"@id\":\"https:\\\/\\\/schweizversand.ch\\\/fr\\\/produkt\\\/champ-becher-tonware-6er-set-3\\\/#breadcrumb\",\"itemListElement\":[{\"@type\":\"ListItem\",\"position\":1,\"name\":\"Startseite\",\"item\":\"https:\\\/\\\/schweizversand.ch\\\/fr\\\/\"},{\"@type\":\"ListItem\",\"position\":2,\"name\":\"Boutique\",\"item\":\"https:\\\/\\\/schweizversand.ch\\\/fr\\\/boutique\\\/\"},{\"@type\":\"ListItem\",\"position\":3,\"name\":\"Tasses CHAMP, en fa\u00efence, lot de 6\"}]},{\"@type\":\"WebSite\",\"@id\":\"https:\\\/\\\/schweizversand.ch\\\/fr\\\/#website\",\"url\":\"https:\\\/\\\/schweizversand.ch\\\/fr\\\/\",\"name\":\"Schweizer Shop f\u00fcr Sport, Spiel und Freizeit\",\"description\":\"Gratisversand ab 50.- (netto), ab eigenem schweizer Lager, Lieferung innert 48h\",\"publisher\":{\"@id\":\"https:\\\/\\\/schweizversand.ch\\\/fr\\\/#organization\"},\"alternateName\":\"Schweizversand.ch\",\"potentialAction\":[{\"@type\":\"SearchAction\",\"target\":{\"@type\":\"EntryPoint\",\"urlTemplate\":\"https:\\\/\\\/schweizversand.ch\\\/fr\\\/?s={search_term_string}\"},\"query-input\":{\"@type\":\"PropertyValueSpecification\",\"valueRequired\":true,\"valueName\":\"search_term_string\"}}],\"inLanguage\":\"fr-FR\"},{\"@type\":\"Organization\",\"@id\":\"https:\\\/\\\/schweizversand.ch\\\/fr\\\/#organization\",\"name\":\"Schweizversand.ch\",\"url\":\"https:\\\/\\\/schweizversand.ch\\\/fr\\\/\",\"logo\":{\"@type\":\"ImageObject\",\"inLanguage\":\"fr-FR\",\"@id\":\"https:\\\/\\\/schweizversand.ch\\\/fr\\\/#\\\/schema\\\/logo\\\/image\\\/\",\"url\":\"https:\\\/\\\/schweizversand.ch\\\/wp-content\\\/uploads\\\/2026\\\/03\\\/Logo_Rund_Final-1.png\",\"contentUrl\":\"https:\\\/\\\/schweizversand.ch\\\/wp-content\\\/uploads\\\/2026\\\/03\\\/Logo_Rund_Final-1.png\",\"width\":404,\"height\":404,\"caption\":\"Schweizversand.ch\"},\"image\":{\"@id\":\"https:\\\/\\\/schweizversand.ch\\\/fr\\\/#\\\/schema\\\/logo\\\/image\\\/\"},\"sameAs\":[\"https:\\\/\\\/www.facebook.com\\\/Schweizversand\",\"https:\\\/\\\/www.instagram.com\\\/schweizversand.ch\\\/\"]}]}<\/script>\n<!-- \/ Yoast SEO plugin. -->","yoast_head_json":{"title":"CHAMP Becher Tonware 6er Set","description":"6er Becherset \u2013 Kaffeemotive Steingut F\u00fcr stilvolle Geniesser und wahre Kaffeeliebhaber ist dieses Becherset Steingut die perfekte Wahl. Es kombiniert robuste,","robots":{"index":"index","follow":"follow","max-snippet":"max-snippet:-1","max-image-preview":"max-image-preview:large","max-video-preview":"max-video-preview:-1"},"canonical":"https:\/\/schweizversand.ch\/fr\/produkt\/champ-becher-tonware-6er-set-3\/","og_locale":"fr_FR","og_type":"article","og_title":"CHAMP Becher Tonware 6er Set","og_description":"6er Becherset \u2013 Kaffeemotive Steingut F\u00fcr stilvolle Geniesser und wahre Kaffeeliebhaber ist dieses Becherset Steingut die perfekte Wahl. Es kombiniert robuste,","og_url":"https:\/\/schweizversand.ch\/fr\/produkt\/champ-becher-tonware-6er-set-3\/","og_site_name":"Schweizer Shop f\u00fcr Sport, Spiel und Freizeit","article_publisher":"https:\/\/www.facebook.com\/Schweizversand","article_modified_time":"2026-04-07T00:03:17+00:00","twitter_card":"summary_large_image","twitter_misc":{"Dur\u00e9e de lecture estim\u00e9e":"1 minute"},"schema":{"@context":"https:\/\/schema.org","@graph":[{"@type":"WebPage","@id":"https:\/\/schweizversand.ch\/fr\/produkt\/champ-becher-tonware-6er-set-3\/","url":"https:\/\/schweizversand.ch\/fr\/produkt\/champ-becher-tonware-6er-set-3\/","name":"CHAMP Becher Tonware 6er Set","isPartOf":{"@id":"https:\/\/schweizversand.ch\/fr\/#website"},"primaryImageOfPage":{"@id":"https:\/\/schweizversand.ch\/fr\/produkt\/champ-becher-tonware-6er-set-3\/#primaryimage"},"image":{"@id":"https:\/\/schweizversand.ch\/fr\/produkt\/champ-becher-tonware-6er-set-3\/#primaryimage"},"thumbnailUrl":"https:\/\/schweizversand.ch\/wp-content\/uploads\/2026\/04\/5471877277.jpg","datePublished":"2026-04-01T00:00:14+00:00","dateModified":"2026-04-07T00:03:17+00:00","description":"6er Becherset \u2013 Kaffeemotive Steingut F\u00fcr stilvolle Geniesser und wahre Kaffeeliebhaber ist dieses Becherset Steingut die perfekte Wahl. Es kombiniert robuste,","breadcrumb":{"@id":"https:\/\/schweizversand.ch\/fr\/produkt\/champ-becher-tonware-6er-set-3\/#breadcrumb"},"inLanguage":"fr-FR","potentialAction":[{"@type":"ReadAction","target":["https:\/\/schweizversand.ch\/fr\/produkt\/champ-becher-tonware-6er-set-3\/"]}]},{"@type":"ImageObject","inLanguage":"fr-FR","@id":"https:\/\/schweizversand.ch\/fr\/produkt\/champ-becher-tonware-6er-set-3\/#primaryimage","url":"https:\/\/schweizversand.ch\/wp-content\/uploads\/2026\/04\/5471877277.jpg","contentUrl":"https:\/\/schweizversand.ch\/wp-content\/uploads\/2026\/04\/5471877277.jpg","width":1024,"height":420},{"@type":"BreadcrumbList","@id":"https:\/\/schweizversand.ch\/fr\/produkt\/champ-becher-tonware-6er-set-3\/#breadcrumb","itemListElement":[{"@type":"ListItem","position":1,"name":"Startseite","item":"https:\/\/schweizversand.ch\/fr\/"},{"@type":"ListItem","position":2,"name":"Boutique","item":"https:\/\/schweizversand.ch\/fr\/boutique\/"},{"@type":"ListItem","position":3,"name":"Tasses CHAMP, en fa\u00efence, lot de 6"}]},{"@type":"WebSite","@id":"https:\/\/schweizversand.ch\/fr\/#website","url":"https:\/\/schweizversand.ch\/fr\/","name":"Schweizer Shop f\u00fcr Sport, Spiel und Freizeit","description":"Gratisversand ab 50.- (netto), ab eigenem schweizer Lager, Lieferung innert 48h","publisher":{"@id":"https:\/\/schweizversand.ch\/fr\/#organization"},"alternateName":"Schweizversand.ch","potentialAction":[{"@type":"SearchAction","target":{"@type":"EntryPoint","urlTemplate":"https:\/\/schweizversand.ch\/fr\/?s={search_term_string}"},"query-input":{"@type":"PropertyValueSpecification","valueRequired":true,"valueName":"search_term_string"}}],"inLanguage":"fr-FR"},{"@type":"Organization","@id":"https:\/\/schweizversand.ch\/fr\/#organization","name":"Schweizversand.ch","url":"https:\/\/schweizversand.ch\/fr\/","logo":{"@type":"ImageObject","inLanguage":"fr-FR","@id":"https:\/\/schweizversand.ch\/fr\/#\/schema\/logo\/image\/","url":"https:\/\/schweizversand.ch\/wp-content\/uploads\/2026\/03\/Logo_Rund_Final-1.png","contentUrl":"https:\/\/schweizversand.ch\/wp-content\/uploads\/2026\/03\/Logo_Rund_Final-1.png","width":404,"height":404,"caption":"Schweizversand.ch"},"image":{"@id":"https:\/\/schweizversand.ch\/fr\/#\/schema\/logo\/image\/"},"sameAs":["https:\/\/www.facebook.com\/Schweizversand","https:\/\/www.instagram.com\/schweizversand.ch\/"]}]}},"jetpack_sharing_enabled":true,"_links":{"self":[{"href":"https:\/\/schweizversand.ch\/fr\/wp-json\/wp\/v2\/product\/261632","targetHints":{"allow":["GET"]}}],"collection":[{"href":"https:\/\/schweizversand.ch\/fr\/wp-json\/wp\/v2\/product"}],"about":[{"href":"https:\/\/schweizversand.ch\/fr\/wp-json\/wp\/v2\/types\/product"}],"replies":[{"embeddable":true,"href":"https:\/\/schweizversand.ch\/fr\/wp-json\/wp\/v2\/comments?post=261632"}],"wp:featuredmedia":[{"embeddable":true,"href":"https:\/\/schweizversand.ch\/fr\/wp-json\/wp\/v2\/media\/261868"}],"wp:attachment":[{"href":"https:\/\/schweizversand.ch\/fr\/wp-json\/wp\/v2\/media?parent=261632"}],"wp:term":[{"taxonomy":"product_brand","embeddable":true,"href":"https:\/\/schweizversand.ch\/fr\/wp-json\/wp\/v2\/product_brand?post=261632"},{"taxonomy":"product_cat","embeddable":true,"href":"https:\/\/schweizversand.ch\/fr\/wp-json\/wp\/v2\/product_cat?post=261632"},{"taxonomy":"product_tag","embeddable":true,"href":"https:\/\/schweizversand.ch\/fr\/wp-json\/wp\/v2\/product_tag?post=261632"}],"curies":[{"name":"wp","href":"https:\/\/api.w.org\/{rel}","templated":true}]}}