{"id":261645,"date":"2026-04-01T02:00:16","date_gmt":"2026-04-01T00:00:16","guid":{"rendered":"https:\/\/schweizversand.ch\/produkt\/redcliffs-isolierflasche-2\/"},"modified":"2026-04-07T02:03:19","modified_gmt":"2026-04-07T00:03:19","slug":"redcliffs-isolierflasche-2","status":"publish","type":"product","link":"https:\/\/schweizversand.ch\/fr\/produkt\/redcliffs-isolierflasche-2\/","title":{"rendered":"Bouteille isotherme Redcliffs"},"content":{"rendered":"<p>Cette bouteille isotherme est non seulement fonctionnelle, mais aussi \u00e9l\u00e9gante et polyvalente. Elle est id\u00e9ale pour les aventures en plein air, une utilisation quotidienne au bureau ou en voyage. Sa double paroi maintient vos boissons \u00e0 la temp\u00e9rature id\u00e9ale plus longtemps, et l&rsquo;acier inoxydable garantit durabilit\u00e9 et un style moderne.<\/p>\n<\/p>\n<p>Avec ses diff\u00e9rentes couleurs et son \u00e9tiquette personnalisable, cette bouteille est aussi un cadeau parfait pour la famille, les amis ou les coll\u00e8gues. Savourez vos boissons \u00e0 la temp\u00e9rature id\u00e9ale en toutes circonstances.<\/p>\n<\/p>\n<p>D\u00e9tails du produit\u00a0:<\/p>\n<\/p>\n<p>\u2022 Mat\u00e9riaux\u00a0: La bouteille est dot\u00e9e d&rsquo;une double paroi avec un r\u00e9cipient int\u00e9rieur en acier inoxydable 304 et une paroi ext\u00e9rieure en acier inoxydable 201. Le couvercle est \u00e9galement en acier inoxydable et doubl\u00e9 de polypropyl\u00e8ne blanc et de silicone.<\/p>\n<\/p>\n<p>\u2022 Dimensions\u00a0: La bouteille mesure 90\u00a0mm de diam\u00e8tre et 255\u00a0mm de hauteur.<\/p>\n<\/p>\n<p>\u2022 Capacit\u00e9\u00a0: Elle offre une g\u00e9n\u00e9reuse capacit\u00e9 de 1\u00a0000\u00a0ml (33,82\u00a0onces).<\/p>\n<\/p>\n<p>\u2022 Poids : La bouteille p\u00e8se 405 grammes, ce qui la rend l\u00e9g\u00e8re et robuste.<\/p>\n<\/p>\n<p>\u2022 Couleurs : La bouteille est disponible en trois couleurs : ocre, bleu et sable.<\/p>\n<\/p>\n<p>\u2022 La couleur ne peut \u00eatre choisie. L&rsquo;envoi se fait dans la limite des stocks disponibles.<\/p>\n<\/p>\n<p>Prix unitaire<\/p>\n","protected":false},"excerpt":{"rendered":"<p>Redcliffs Isolierflasche h\u00e4lt Getr\u00e4nke dank doppelwandiger Edelstahlkonstruktion lange hei\u00df oder kalt \u2013 ideal f\u00fcr Outdoor, B\u00fcro und Reisen in stilvollem Design.<\/p>\n","protected":false},"featured_media":48424,"comment_status":"open","ping_status":"closed","template":"","meta":[],"product_brand":[],"product_cat":[38332],"product_tag":[],"class_list":{"0":"post-261645","1":"product","2":"type-product","3":"status-publish","4":"has-post-thumbnail","6":"product_cat-outdoorausruestung","7":"product_shipping_class-global_methods","9":"first","10":"instock","11":"taxable","12":"shipping-taxable","13":"purchasable","14":"product-type-simple"},"yoast_head":"<!-- This site is optimized with the Yoast SEO plugin v27.3 - https:\/\/yoast.com\/product\/yoast-seo-wordpress\/ -->\n<title>Redcliffs Isolierflasche<\/title>\n<meta name=\"description\" content=\"Diese Vakuumflasche ist nicht nur funktional, sondern auch stilvoll und vielseitig einsetzbar. Sie eignet sich perfekt f\u00fcr Outdoor-Abenteuer, den t\u00e4glichen Gebr\" \/>\n<meta name=\"robots\" content=\"index, follow, max-snippet:-1, max-image-preview:large, max-video-preview:-1\" \/>\n<link rel=\"canonical\" href=\"https:\/\/schweizversand.ch\/fr\/produkt\/redcliffs-isolierflasche-2\/\" \/>\n<meta property=\"og:locale\" content=\"fr_FR\" \/>\n<meta property=\"og:type\" content=\"article\" \/>\n<meta property=\"og:title\" content=\"Redcliffs Isolierflasche\" \/>\n<meta property=\"og:description\" content=\"Diese Vakuumflasche ist nicht nur funktional, sondern auch stilvoll und vielseitig einsetzbar. Sie eignet sich perfekt f\u00fcr Outdoor-Abenteuer, den t\u00e4glichen Gebr\" \/>\n<meta property=\"og:url\" content=\"https:\/\/schweizversand.ch\/fr\/produkt\/redcliffs-isolierflasche-2\/\" \/>\n<meta property=\"og:site_name\" content=\"Schweizer Shop f\u00fcr Sport, Spiel und Freizeit\" \/>\n<meta property=\"article:publisher\" content=\"https:\/\/www.facebook.com\/Schweizversand\" \/>\n<meta property=\"article:modified_time\" content=\"2026-04-07T00:03:19+00:00\" \/>\n<meta property=\"og:image\" content=\"https:\/\/schweizversand.ch\/wp-content\/uploads\/2025\/12\/5471707715.jpg\" \/>\n\t<meta property=\"og:image:width\" content=\"492\" \/>\n\t<meta property=\"og:image:height\" content=\"1024\" \/>\n\t<meta property=\"og:image:type\" content=\"image\/jpeg\" \/>\n<meta name=\"twitter:card\" content=\"summary_large_image\" \/>\n<meta name=\"twitter:label1\" content=\"Dur\u00e9e de lecture estim\u00e9e\" \/>\n\t<meta name=\"twitter:data1\" content=\"1 minute\" \/>\n<script type=\"application\/ld+json\" class=\"yoast-schema-graph\">{\"@context\":\"https:\\\/\\\/schema.org\",\"@graph\":[{\"@type\":\"WebPage\",\"@id\":\"https:\\\/\\\/schweizversand.ch\\\/fr\\\/produkt\\\/redcliffs-isolierflasche-2\\\/\",\"url\":\"https:\\\/\\\/schweizversand.ch\\\/fr\\\/produkt\\\/redcliffs-isolierflasche-2\\\/\",\"name\":\"Redcliffs Isolierflasche\",\"isPartOf\":{\"@id\":\"https:\\\/\\\/schweizversand.ch\\\/fr\\\/#website\"},\"primaryImageOfPage\":{\"@id\":\"https:\\\/\\\/schweizversand.ch\\\/fr\\\/produkt\\\/redcliffs-isolierflasche-2\\\/#primaryimage\"},\"image\":{\"@id\":\"https:\\\/\\\/schweizversand.ch\\\/fr\\\/produkt\\\/redcliffs-isolierflasche-2\\\/#primaryimage\"},\"thumbnailUrl\":\"https:\\\/\\\/schweizversand.ch\\\/wp-content\\\/uploads\\\/2025\\\/12\\\/5471707715.jpg\",\"datePublished\":\"2026-04-01T00:00:16+00:00\",\"dateModified\":\"2026-04-07T00:03:19+00:00\",\"description\":\"Diese Vakuumflasche ist nicht nur funktional, sondern auch stilvoll und vielseitig einsetzbar. Sie eignet sich perfekt f\u00fcr Outdoor-Abenteuer, den t\u00e4glichen Gebr\",\"breadcrumb\":{\"@id\":\"https:\\\/\\\/schweizversand.ch\\\/fr\\\/produkt\\\/redcliffs-isolierflasche-2\\\/#breadcrumb\"},\"inLanguage\":\"fr-FR\",\"potentialAction\":[{\"@type\":\"ReadAction\",\"target\":[\"https:\\\/\\\/schweizversand.ch\\\/fr\\\/produkt\\\/redcliffs-isolierflasche-2\\\/\"]}]},{\"@type\":\"ImageObject\",\"inLanguage\":\"fr-FR\",\"@id\":\"https:\\\/\\\/schweizversand.ch\\\/fr\\\/produkt\\\/redcliffs-isolierflasche-2\\\/#primaryimage\",\"url\":\"https:\\\/\\\/schweizversand.ch\\\/wp-content\\\/uploads\\\/2025\\\/12\\\/5471707715.jpg\",\"contentUrl\":\"https:\\\/\\\/schweizversand.ch\\\/wp-content\\\/uploads\\\/2025\\\/12\\\/5471707715.jpg\",\"width\":492,\"height\":1024},{\"@type\":\"BreadcrumbList\",\"@id\":\"https:\\\/\\\/schweizversand.ch\\\/fr\\\/produkt\\\/redcliffs-isolierflasche-2\\\/#breadcrumb\",\"itemListElement\":[{\"@type\":\"ListItem\",\"position\":1,\"name\":\"Startseite\",\"item\":\"https:\\\/\\\/schweizversand.ch\\\/fr\\\/\"},{\"@type\":\"ListItem\",\"position\":2,\"name\":\"Boutique\",\"item\":\"https:\\\/\\\/schweizversand.ch\\\/fr\\\/boutique\\\/\"},{\"@type\":\"ListItem\",\"position\":3,\"name\":\"Bouteille isotherme Redcliffs\"}]},{\"@type\":\"WebSite\",\"@id\":\"https:\\\/\\\/schweizversand.ch\\\/fr\\\/#website\",\"url\":\"https:\\\/\\\/schweizversand.ch\\\/fr\\\/\",\"name\":\"Schweizer Shop f\u00fcr Sport, Spiel und Freizeit\",\"description\":\"Gratisversand ab 50.- (netto), ab eigenem schweizer Lager, Lieferung innert 48h\",\"publisher\":{\"@id\":\"https:\\\/\\\/schweizversand.ch\\\/fr\\\/#organization\"},\"alternateName\":\"Schweizversand.ch\",\"potentialAction\":[{\"@type\":\"SearchAction\",\"target\":{\"@type\":\"EntryPoint\",\"urlTemplate\":\"https:\\\/\\\/schweizversand.ch\\\/fr\\\/?s={search_term_string}\"},\"query-input\":{\"@type\":\"PropertyValueSpecification\",\"valueRequired\":true,\"valueName\":\"search_term_string\"}}],\"inLanguage\":\"fr-FR\"},{\"@type\":\"Organization\",\"@id\":\"https:\\\/\\\/schweizversand.ch\\\/fr\\\/#organization\",\"name\":\"Schweizversand.ch\",\"url\":\"https:\\\/\\\/schweizversand.ch\\\/fr\\\/\",\"logo\":{\"@type\":\"ImageObject\",\"inLanguage\":\"fr-FR\",\"@id\":\"https:\\\/\\\/schweizversand.ch\\\/fr\\\/#\\\/schema\\\/logo\\\/image\\\/\",\"url\":\"https:\\\/\\\/schweizversand.ch\\\/wp-content\\\/uploads\\\/2026\\\/03\\\/Logo_Rund_Final-1.png\",\"contentUrl\":\"https:\\\/\\\/schweizversand.ch\\\/wp-content\\\/uploads\\\/2026\\\/03\\\/Logo_Rund_Final-1.png\",\"width\":404,\"height\":404,\"caption\":\"Schweizversand.ch\"},\"image\":{\"@id\":\"https:\\\/\\\/schweizversand.ch\\\/fr\\\/#\\\/schema\\\/logo\\\/image\\\/\"},\"sameAs\":[\"https:\\\/\\\/www.facebook.com\\\/Schweizversand\",\"https:\\\/\\\/www.instagram.com\\\/schweizversand.ch\\\/\"]}]}<\/script>\n<!-- \/ Yoast SEO plugin. -->","yoast_head_json":{"title":"Redcliffs Isolierflasche","description":"Diese Vakuumflasche ist nicht nur funktional, sondern auch stilvoll und vielseitig einsetzbar. Sie eignet sich perfekt f\u00fcr Outdoor-Abenteuer, den t\u00e4glichen Gebr","robots":{"index":"index","follow":"follow","max-snippet":"max-snippet:-1","max-image-preview":"max-image-preview:large","max-video-preview":"max-video-preview:-1"},"canonical":"https:\/\/schweizversand.ch\/fr\/produkt\/redcliffs-isolierflasche-2\/","og_locale":"fr_FR","og_type":"article","og_title":"Redcliffs Isolierflasche","og_description":"Diese Vakuumflasche ist nicht nur funktional, sondern auch stilvoll und vielseitig einsetzbar. Sie eignet sich perfekt f\u00fcr Outdoor-Abenteuer, den t\u00e4glichen Gebr","og_url":"https:\/\/schweizversand.ch\/fr\/produkt\/redcliffs-isolierflasche-2\/","og_site_name":"Schweizer Shop f\u00fcr Sport, Spiel und Freizeit","article_publisher":"https:\/\/www.facebook.com\/Schweizversand","article_modified_time":"2026-04-07T00:03:19+00:00","og_image":[{"width":492,"height":1024,"url":"https:\/\/schweizversand.ch\/wp-content\/uploads\/2025\/12\/5471707715.jpg","type":"image\/jpeg"}],"twitter_card":"summary_large_image","twitter_misc":{"Dur\u00e9e de lecture estim\u00e9e":"1 minute"},"schema":{"@context":"https:\/\/schema.org","@graph":[{"@type":"WebPage","@id":"https:\/\/schweizversand.ch\/fr\/produkt\/redcliffs-isolierflasche-2\/","url":"https:\/\/schweizversand.ch\/fr\/produkt\/redcliffs-isolierflasche-2\/","name":"Redcliffs Isolierflasche","isPartOf":{"@id":"https:\/\/schweizversand.ch\/fr\/#website"},"primaryImageOfPage":{"@id":"https:\/\/schweizversand.ch\/fr\/produkt\/redcliffs-isolierflasche-2\/#primaryimage"},"image":{"@id":"https:\/\/schweizversand.ch\/fr\/produkt\/redcliffs-isolierflasche-2\/#primaryimage"},"thumbnailUrl":"https:\/\/schweizversand.ch\/wp-content\/uploads\/2025\/12\/5471707715.jpg","datePublished":"2026-04-01T00:00:16+00:00","dateModified":"2026-04-07T00:03:19+00:00","description":"Diese Vakuumflasche ist nicht nur funktional, sondern auch stilvoll und vielseitig einsetzbar. Sie eignet sich perfekt f\u00fcr Outdoor-Abenteuer, den t\u00e4glichen Gebr","breadcrumb":{"@id":"https:\/\/schweizversand.ch\/fr\/produkt\/redcliffs-isolierflasche-2\/#breadcrumb"},"inLanguage":"fr-FR","potentialAction":[{"@type":"ReadAction","target":["https:\/\/schweizversand.ch\/fr\/produkt\/redcliffs-isolierflasche-2\/"]}]},{"@type":"ImageObject","inLanguage":"fr-FR","@id":"https:\/\/schweizversand.ch\/fr\/produkt\/redcliffs-isolierflasche-2\/#primaryimage","url":"https:\/\/schweizversand.ch\/wp-content\/uploads\/2025\/12\/5471707715.jpg","contentUrl":"https:\/\/schweizversand.ch\/wp-content\/uploads\/2025\/12\/5471707715.jpg","width":492,"height":1024},{"@type":"BreadcrumbList","@id":"https:\/\/schweizversand.ch\/fr\/produkt\/redcliffs-isolierflasche-2\/#breadcrumb","itemListElement":[{"@type":"ListItem","position":1,"name":"Startseite","item":"https:\/\/schweizversand.ch\/fr\/"},{"@type":"ListItem","position":2,"name":"Boutique","item":"https:\/\/schweizversand.ch\/fr\/boutique\/"},{"@type":"ListItem","position":3,"name":"Bouteille isotherme Redcliffs"}]},{"@type":"WebSite","@id":"https:\/\/schweizversand.ch\/fr\/#website","url":"https:\/\/schweizversand.ch\/fr\/","name":"Schweizer Shop f\u00fcr Sport, Spiel und Freizeit","description":"Gratisversand ab 50.- (netto), ab eigenem schweizer Lager, Lieferung innert 48h","publisher":{"@id":"https:\/\/schweizversand.ch\/fr\/#organization"},"alternateName":"Schweizversand.ch","potentialAction":[{"@type":"SearchAction","target":{"@type":"EntryPoint","urlTemplate":"https:\/\/schweizversand.ch\/fr\/?s={search_term_string}"},"query-input":{"@type":"PropertyValueSpecification","valueRequired":true,"valueName":"search_term_string"}}],"inLanguage":"fr-FR"},{"@type":"Organization","@id":"https:\/\/schweizversand.ch\/fr\/#organization","name":"Schweizversand.ch","url":"https:\/\/schweizversand.ch\/fr\/","logo":{"@type":"ImageObject","inLanguage":"fr-FR","@id":"https:\/\/schweizversand.ch\/fr\/#\/schema\/logo\/image\/","url":"https:\/\/schweizversand.ch\/wp-content\/uploads\/2026\/03\/Logo_Rund_Final-1.png","contentUrl":"https:\/\/schweizversand.ch\/wp-content\/uploads\/2026\/03\/Logo_Rund_Final-1.png","width":404,"height":404,"caption":"Schweizversand.ch"},"image":{"@id":"https:\/\/schweizversand.ch\/fr\/#\/schema\/logo\/image\/"},"sameAs":["https:\/\/www.facebook.com\/Schweizversand","https:\/\/www.instagram.com\/schweizversand.ch\/"]}]}},"jetpack_sharing_enabled":true,"_links":{"self":[{"href":"https:\/\/schweizversand.ch\/fr\/wp-json\/wp\/v2\/product\/261645","targetHints":{"allow":["GET"]}}],"collection":[{"href":"https:\/\/schweizversand.ch\/fr\/wp-json\/wp\/v2\/product"}],"about":[{"href":"https:\/\/schweizversand.ch\/fr\/wp-json\/wp\/v2\/types\/product"}],"replies":[{"embeddable":true,"href":"https:\/\/schweizversand.ch\/fr\/wp-json\/wp\/v2\/comments?post=261645"}],"wp:featuredmedia":[{"embeddable":true,"href":"https:\/\/schweizversand.ch\/fr\/wp-json\/wp\/v2\/media\/48424"}],"wp:attachment":[{"href":"https:\/\/schweizversand.ch\/fr\/wp-json\/wp\/v2\/media?parent=261645"}],"wp:term":[{"taxonomy":"product_brand","embeddable":true,"href":"https:\/\/schweizversand.ch\/fr\/wp-json\/wp\/v2\/product_brand?post=261645"},{"taxonomy":"product_cat","embeddable":true,"href":"https:\/\/schweizversand.ch\/fr\/wp-json\/wp\/v2\/product_cat?post=261645"},{"taxonomy":"product_tag","embeddable":true,"href":"https:\/\/schweizversand.ch\/fr\/wp-json\/wp\/v2\/product_tag?post=261645"}],"curies":[{"name":"wp","href":"https:\/\/api.w.org\/{rel}","templated":true}]}}