{"id":261653,"date":"2026-04-01T02:00:19","date_gmt":"2026-04-01T00:00:19","guid":{"rendered":"https:\/\/schweizversand.ch\/?post_type=product&#038;p=261653"},"modified":"2026-04-28T15:33:39","modified_gmt":"2026-04-28T13:33:39","slug":"ensemble-de-flechettes-de-tournoi-xq-max","status":"publish","type":"product","link":"https:\/\/schweizversand.ch\/fr\/produkt\/ensemble-de-flechettes-de-tournoi-xq-max\/","title":{"rendered":"Ensemble de fl\u00e9chettes de tournoi XQ Max"},"content":{"rendered":"<h1><strong>Ensemble de fl\u00e9chettes en sisal \u2013 Cible professionnelle avec 6 fl\u00e9chettes en acier et accessoires<\/strong><\/h1>\n<div>Plongez dans l&rsquo;univers des fl\u00e9chettes professionnelles. Cet ensemble complet vous offre tout le n\u00e9cessaire pour des parties passionnantes\u00a0: une cible en sisal de haute qualit\u00e9, un jeu de fl\u00e9chettes en acier pr\u00e9cis et un tableau de score pratique. Id\u00e9al pour les joueurs ambitieux et les parties entre amis.<\/p>\n<\/div>\n<div><strong>La pi\u00e8ce ma\u00eetresse\u00a0: une cible de qualit\u00e9 professionnelle<\/strong><br \/>Cette cible professionnelle garantit des lancers pr\u00e9cis. Fabriqu\u00e9e \u00e0 100\u00a0% en sisal br\u00e9silien, un mat\u00e9riau reconnu pour son exceptionnelle durabilit\u00e9 et ses propri\u00e9t\u00e9s auto-cicatrisantes, elle est dot\u00e9e de poils en sisal align\u00e9s pour une p\u00e9n\u00e9tration optimale et une tenue parfaite des pointes de fl\u00e9chettes en acier. Avec un diam\u00e8tre id\u00e9al de 45 cm, cette cible de fl\u00e9chettes r\u00e9pond aux normes des tournois officiels et garantit des heures de plaisir. Visibilit\u00e9 et protection optimales\u00a0: pour prot\u00e9ger le mur et offrir une meilleure s\u00e9paration visuelle, la cible est \u00e9quip\u00e9e d&rsquo;un cadre noir \u00e9l\u00e9gant en 4 parties. Ce cadre rattrape les fl\u00e9chettes perdues et assure un aspect impeccable. Le montage est incroyablement simple gr\u00e2ce aux fixations incluses\u00a0; le support se fixe sans effort \u00e0 l&rsquo;arri\u00e8re de la cible. Jeu de fl\u00e9chettes en acier de haute qualit\u00e9 pour des lancers pr\u00e9cis\u00a0: le jeu comprend six fl\u00e9chettes en acier sp\u00e9cialement con\u00e7ues pour les cibles en sisal. Les fl\u00e9chettes sont dot\u00e9es de pointes en acier tremp\u00e9 et d&rsquo;un corps en laiton offrant une excellente prise en main et des performances exceptionnelles. Gr\u00e2ce \u00e0 un \u00e9quilibrage pr\u00e9cis, ces fl\u00e9chettes garantissent un vol contr\u00f4l\u00e9 et stable. Les fl\u00e9chettes sont fournies avec trois jeux diff\u00e9rents de 6 ailettes aux designs vari\u00e9s, vous permettant d&rsquo;exprimer votre style personnel.<\/p>\n<\/div>\n<div><strong>D\u00e9tails techniques du jeu de fl\u00e9chettes<\/strong><br \/>&#8211; Mat\u00e9riau de la cible\u00a0: 100\u00a0% sisal br\u00e9silien<\/strong><br \/>&#8211; Diam\u00e8tre\u00a0: env. 45 cm<br \/>&#8211; \u00c9paisseur\u00a0: env. 4 cm<br \/>&#8211; Poids\u00a0: env. 4 kg<br \/>&#8211; Entourage\u00a0: 4 pi\u00e8ces, noir<br \/>&#8211; Nombre de fl\u00e9chettes en acier\u00a0: 6<br \/>&#8211; Longueur des fl\u00e9chettes en acier\u00a0: env. 14,5 cm<br \/>&#8211; Mat\u00e9riau du corps\u00a0: laiton<br \/>&#8211; Mat\u00e9riau de la pointe\u00a0: acier<br \/>&#8211; Poids unitaire des fl\u00e9chettes\u00a0: env. 18 g &#8211; 21 g (ajustable avec deux tiges diff\u00e9rentes)<\/p>\n<\/div>\n<div><strong>Accessoires suppl\u00e9mentaires pour le jeu<\/strong><br \/>Pour vous aider \u00e0 suivre vos parties palpitantes, ce jeu de fl\u00e9chettes comprend un ensemble complet avec un tableau de score. Ce tableau vous permet d&rsquo;enregistrer pr\u00e9cis\u00e9ment le d\u00e9roulement de la partie et les scores. Un marqueur est bien s\u00fbr inclus. &#8211; Dimensions du tableau de score\u00a0: env. 40 x 30 cm (H\/L) &#8211; Marqueur inclus &#8211; Mat\u00e9riel de fixation pour le tableau de score inclus. Procurez-vous ce jeu de fl\u00e9chettes complet et vivez l&rsquo;adr\u00e9naline des fl\u00e9chettes au plus haut niveau. L&rsquo;association d&rsquo;une cible de fl\u00e9chettes professionnelle en sisal et de fl\u00e9chettes en acier de pr\u00e9cision vous garantit, \u00e0 vous et \u00e0 vos partenaires de jeu, des heures de comp\u00e9tition \u00e9quitable.<\/p>\n","protected":false},"excerpt":{"rendered":"<p>XQ Max Tournament Dartset bietet Profi-Sisal-Dartscheibe, 6 pr\u00e4zise Steeldarts und Zubeh\u00f6r f\u00fcr perfekte W\u00fcrfe und spannende Matches \u2013 ideal f\u00fcr ambitionierte Spieler.<\/p>\n","protected":false},"featured_media":268490,"comment_status":"open","ping_status":"closed","template":"","meta":[],"product_brand":[],"product_cat":[39175,39188],"product_tag":[],"class_list":{"0":"post-261653","1":"product","2":"type-product","3":"status-publish","4":"has-post-thumbnail","6":"product_cat-dart","8":"product_shipping_class-global_methods","10":"first","11":"instock","12":"taxable","13":"shipping-taxable","14":"purchasable","15":"product-type-simple"},"yoast_head":"<!-- This site is optimized with the Yoast SEO plugin v27.4 - https:\/\/yoast.com\/product\/yoast-seo-wordpress\/ -->\n<title>XQ Max Tournament Dartset<\/title>\n<meta name=\"description\" content=\"Sisal Dartscheibe Set \u2013 Profi Dartboard mit 6 Steeldarts und Zubeh\u00f6r Tauchen Sie ein in die Welt des professionellen Dartsports. Dieses Dart Set komplett bietet\" \/>\n<meta name=\"robots\" content=\"index, follow, max-snippet:-1, max-image-preview:large, max-video-preview:-1\" \/>\n<link rel=\"canonical\" href=\"https:\/\/schweizversand.ch\/fr\/produkt\/ensemble-de-flechettes-de-tournoi-xq-max\/\" \/>\n<meta property=\"og:locale\" content=\"fr_FR\" \/>\n<meta property=\"og:type\" content=\"article\" \/>\n<meta property=\"og:title\" content=\"XQ Max Tournament Dartset\" \/>\n<meta property=\"og:description\" content=\"Sisal Dartscheibe Set \u2013 Profi Dartboard mit 6 Steeldarts und Zubeh\u00f6r Tauchen Sie ein in die Welt des professionellen Dartsports. Dieses Dart Set komplett bietet\" \/>\n<meta property=\"og:url\" content=\"https:\/\/schweizversand.ch\/fr\/produkt\/ensemble-de-flechettes-de-tournoi-xq-max\/\" \/>\n<meta property=\"og:site_name\" content=\"Schweizer Shop f\u00fcr Sport, Spiel und Freizeit\" \/>\n<meta property=\"article:publisher\" content=\"https:\/\/www.facebook.com\/Schweizversand\" \/>\n<meta property=\"article:modified_time\" content=\"2026-04-28T13:33:39+00:00\" \/>\n<meta property=\"og:image\" content=\"https:\/\/schweizversand.ch\/wp-content\/uploads\/2025\/12\/5476875078.jpg\" \/>\n\t<meta property=\"og:image:width\" content=\"1024\" \/>\n\t<meta property=\"og:image:height\" content=\"541\" \/>\n\t<meta property=\"og:image:type\" content=\"image\/jpeg\" \/>\n<meta name=\"twitter:card\" content=\"summary_large_image\" \/>\n<meta name=\"twitter:label1\" content=\"Dur\u00e9e de lecture estim\u00e9e\" \/>\n\t<meta name=\"twitter:data1\" content=\"3 minutes\" \/>\n<script type=\"application\/ld+json\" class=\"yoast-schema-graph\">{\"@context\":\"https:\\\/\\\/schema.org\",\"@graph\":[{\"@type\":\"WebPage\",\"@id\":\"https:\\\/\\\/schweizversand.ch\\\/fr\\\/produkt\\\/ensemble-de-flechettes-de-tournoi-xq-max\\\/\",\"url\":\"https:\\\/\\\/schweizversand.ch\\\/fr\\\/produkt\\\/ensemble-de-flechettes-de-tournoi-xq-max\\\/\",\"name\":\"XQ Max Tournament Dartset\",\"isPartOf\":{\"@id\":\"https:\\\/\\\/schweizversand.ch\\\/fr\\\/#website\"},\"primaryImageOfPage\":{\"@id\":\"https:\\\/\\\/schweizversand.ch\\\/fr\\\/produkt\\\/ensemble-de-flechettes-de-tournoi-xq-max\\\/#primaryimage\"},\"image\":{\"@id\":\"https:\\\/\\\/schweizversand.ch\\\/fr\\\/produkt\\\/ensemble-de-flechettes-de-tournoi-xq-max\\\/#primaryimage\"},\"thumbnailUrl\":\"https:\\\/\\\/schweizversand.ch\\\/wp-content\\\/uploads\\\/2026\\\/04\\\/5476875078.jpg\",\"datePublished\":\"2026-04-01T00:00:19+00:00\",\"dateModified\":\"2026-04-28T13:33:39+00:00\",\"description\":\"Sisal Dartscheibe Set \u2013 Profi Dartboard mit 6 Steeldarts und Zubeh\u00f6r Tauchen Sie ein in die Welt des professionellen Dartsports. Dieses Dart Set komplett bietet\",\"breadcrumb\":{\"@id\":\"https:\\\/\\\/schweizversand.ch\\\/fr\\\/produkt\\\/ensemble-de-flechettes-de-tournoi-xq-max\\\/#breadcrumb\"},\"inLanguage\":\"fr-FR\",\"potentialAction\":[{\"@type\":\"ReadAction\",\"target\":[\"https:\\\/\\\/schweizversand.ch\\\/fr\\\/produkt\\\/ensemble-de-flechettes-de-tournoi-xq-max\\\/\"]}]},{\"@type\":\"ImageObject\",\"inLanguage\":\"fr-FR\",\"@id\":\"https:\\\/\\\/schweizversand.ch\\\/fr\\\/produkt\\\/ensemble-de-flechettes-de-tournoi-xq-max\\\/#primaryimage\",\"url\":\"https:\\\/\\\/schweizversand.ch\\\/wp-content\\\/uploads\\\/2026\\\/04\\\/5476875078.jpg\",\"contentUrl\":\"https:\\\/\\\/schweizversand.ch\\\/wp-content\\\/uploads\\\/2026\\\/04\\\/5476875078.jpg\",\"width\":1024,\"height\":541},{\"@type\":\"BreadcrumbList\",\"@id\":\"https:\\\/\\\/schweizversand.ch\\\/fr\\\/produkt\\\/ensemble-de-flechettes-de-tournoi-xq-max\\\/#breadcrumb\",\"itemListElement\":[{\"@type\":\"ListItem\",\"position\":1,\"name\":\"Startseite\",\"item\":\"https:\\\/\\\/schweizversand.ch\\\/fr\\\/home\\\/\"},{\"@type\":\"ListItem\",\"position\":2,\"name\":\"Boutique\",\"item\":\"https:\\\/\\\/schweizversand.ch\\\/fr\\\/boutique\\\/\"},{\"@type\":\"ListItem\",\"position\":3,\"name\":\"Sports\",\"item\":\"https:\\\/\\\/schweizversand.ch\\\/fr\\\/produkt-kategorie\\\/sports\\\/\"},{\"@type\":\"ListItem\",\"position\":4,\"name\":\"sports de balle et fl\u00e9chettes\",\"item\":\"https:\\\/\\\/schweizversand.ch\\\/fr\\\/produkt-kategorie\\\/sports\\\/sports-de-balle-et-flechettes\\\/\"},{\"@type\":\"ListItem\",\"position\":5,\"name\":\"Dart\",\"item\":\"https:\\\/\\\/schweizversand.ch\\\/fr\\\/produkt-kategorie\\\/sports\\\/sports-de-balle-et-flechettes\\\/dart\\\/\"},{\"@type\":\"ListItem\",\"position\":6,\"name\":\"Ensemble de fl\u00e9chettes de tournoi XQ Max\"}]},{\"@type\":\"WebSite\",\"@id\":\"https:\\\/\\\/schweizversand.ch\\\/fr\\\/#website\",\"url\":\"https:\\\/\\\/schweizversand.ch\\\/fr\\\/\",\"name\":\"Schweizer Shop f\u00fcr Sport, Spiel und Freizeit\",\"description\":\"Gratisversand ab 50.- (netto), ab eigenem schweizer Lager, Lieferung innert 48h\",\"publisher\":{\"@id\":\"https:\\\/\\\/schweizversand.ch\\\/fr\\\/#organization\"},\"alternateName\":\"Schweizversand.ch\",\"potentialAction\":[{\"@type\":\"SearchAction\",\"target\":{\"@type\":\"EntryPoint\",\"urlTemplate\":\"https:\\\/\\\/schweizversand.ch\\\/fr\\\/?s={search_term_string}\"},\"query-input\":{\"@type\":\"PropertyValueSpecification\",\"valueRequired\":true,\"valueName\":\"search_term_string\"}}],\"inLanguage\":\"fr-FR\"},{\"@type\":\"Organization\",\"@id\":\"https:\\\/\\\/schweizversand.ch\\\/fr\\\/#organization\",\"name\":\"Schweizversand.ch\",\"url\":\"https:\\\/\\\/schweizversand.ch\\\/fr\\\/\",\"logo\":{\"@type\":\"ImageObject\",\"inLanguage\":\"fr-FR\",\"@id\":\"https:\\\/\\\/schweizversand.ch\\\/fr\\\/#\\\/schema\\\/logo\\\/image\\\/\",\"url\":\"https:\\\/\\\/schweizversand.ch\\\/wp-content\\\/uploads\\\/2026\\\/03\\\/Logo_Rund_Final-1.png\",\"contentUrl\":\"https:\\\/\\\/schweizversand.ch\\\/wp-content\\\/uploads\\\/2026\\\/03\\\/Logo_Rund_Final-1.png\",\"width\":404,\"height\":404,\"caption\":\"Schweizversand.ch\"},\"image\":{\"@id\":\"https:\\\/\\\/schweizversand.ch\\\/fr\\\/#\\\/schema\\\/logo\\\/image\\\/\"},\"sameAs\":[\"https:\\\/\\\/www.facebook.com\\\/Schweizversand\",\"https:\\\/\\\/www.instagram.com\\\/schweizversand.ch\\\/\"]}]}<\/script>\n<!-- \/ Yoast SEO plugin. -->","yoast_head_json":{"title":"XQ Max Tournament Dartset","description":"Sisal Dartscheibe Set \u2013 Profi Dartboard mit 6 Steeldarts und Zubeh\u00f6r Tauchen Sie ein in die Welt des professionellen Dartsports. Dieses Dart Set komplett bietet","robots":{"index":"index","follow":"follow","max-snippet":"max-snippet:-1","max-image-preview":"max-image-preview:large","max-video-preview":"max-video-preview:-1"},"canonical":"https:\/\/schweizversand.ch\/fr\/produkt\/ensemble-de-flechettes-de-tournoi-xq-max\/","og_locale":"fr_FR","og_type":"article","og_title":"XQ Max Tournament Dartset","og_description":"Sisal Dartscheibe Set \u2013 Profi Dartboard mit 6 Steeldarts und Zubeh\u00f6r Tauchen Sie ein in die Welt des professionellen Dartsports. Dieses Dart Set komplett bietet","og_url":"https:\/\/schweizversand.ch\/fr\/produkt\/ensemble-de-flechettes-de-tournoi-xq-max\/","og_site_name":"Schweizer Shop f\u00fcr Sport, Spiel und Freizeit","article_publisher":"https:\/\/www.facebook.com\/Schweizversand","article_modified_time":"2026-04-28T13:33:39+00:00","og_image":[{"width":1024,"height":541,"url":"https:\/\/schweizversand.ch\/wp-content\/uploads\/2025\/12\/5476875078.jpg","type":"image\/jpeg"}],"twitter_card":"summary_large_image","twitter_misc":{"Dur\u00e9e de lecture estim\u00e9e":"3 minutes"},"schema":{"@context":"https:\/\/schema.org","@graph":[{"@type":"WebPage","@id":"https:\/\/schweizversand.ch\/fr\/produkt\/ensemble-de-flechettes-de-tournoi-xq-max\/","url":"https:\/\/schweizversand.ch\/fr\/produkt\/ensemble-de-flechettes-de-tournoi-xq-max\/","name":"XQ Max Tournament Dartset","isPartOf":{"@id":"https:\/\/schweizversand.ch\/fr\/#website"},"primaryImageOfPage":{"@id":"https:\/\/schweizversand.ch\/fr\/produkt\/ensemble-de-flechettes-de-tournoi-xq-max\/#primaryimage"},"image":{"@id":"https:\/\/schweizversand.ch\/fr\/produkt\/ensemble-de-flechettes-de-tournoi-xq-max\/#primaryimage"},"thumbnailUrl":"https:\/\/schweizversand.ch\/wp-content\/uploads\/2026\/04\/5476875078.jpg","datePublished":"2026-04-01T00:00:19+00:00","dateModified":"2026-04-28T13:33:39+00:00","description":"Sisal Dartscheibe Set \u2013 Profi Dartboard mit 6 Steeldarts und Zubeh\u00f6r Tauchen Sie ein in die Welt des professionellen Dartsports. Dieses Dart Set komplett bietet","breadcrumb":{"@id":"https:\/\/schweizversand.ch\/fr\/produkt\/ensemble-de-flechettes-de-tournoi-xq-max\/#breadcrumb"},"inLanguage":"fr-FR","potentialAction":[{"@type":"ReadAction","target":["https:\/\/schweizversand.ch\/fr\/produkt\/ensemble-de-flechettes-de-tournoi-xq-max\/"]}]},{"@type":"ImageObject","inLanguage":"fr-FR","@id":"https:\/\/schweizversand.ch\/fr\/produkt\/ensemble-de-flechettes-de-tournoi-xq-max\/#primaryimage","url":"https:\/\/schweizversand.ch\/wp-content\/uploads\/2026\/04\/5476875078.jpg","contentUrl":"https:\/\/schweizversand.ch\/wp-content\/uploads\/2026\/04\/5476875078.jpg","width":1024,"height":541},{"@type":"BreadcrumbList","@id":"https:\/\/schweizversand.ch\/fr\/produkt\/ensemble-de-flechettes-de-tournoi-xq-max\/#breadcrumb","itemListElement":[{"@type":"ListItem","position":1,"name":"Startseite","item":"https:\/\/schweizversand.ch\/fr\/home\/"},{"@type":"ListItem","position":2,"name":"Boutique","item":"https:\/\/schweizversand.ch\/fr\/boutique\/"},{"@type":"ListItem","position":3,"name":"Sports","item":"https:\/\/schweizversand.ch\/fr\/produkt-kategorie\/sports\/"},{"@type":"ListItem","position":4,"name":"sports de balle et fl\u00e9chettes","item":"https:\/\/schweizversand.ch\/fr\/produkt-kategorie\/sports\/sports-de-balle-et-flechettes\/"},{"@type":"ListItem","position":5,"name":"Dart","item":"https:\/\/schweizversand.ch\/fr\/produkt-kategorie\/sports\/sports-de-balle-et-flechettes\/dart\/"},{"@type":"ListItem","position":6,"name":"Ensemble de fl\u00e9chettes de tournoi XQ Max"}]},{"@type":"WebSite","@id":"https:\/\/schweizversand.ch\/fr\/#website","url":"https:\/\/schweizversand.ch\/fr\/","name":"Schweizer Shop f\u00fcr Sport, Spiel und Freizeit","description":"Gratisversand ab 50.- (netto), ab eigenem schweizer Lager, Lieferung innert 48h","publisher":{"@id":"https:\/\/schweizversand.ch\/fr\/#organization"},"alternateName":"Schweizversand.ch","potentialAction":[{"@type":"SearchAction","target":{"@type":"EntryPoint","urlTemplate":"https:\/\/schweizversand.ch\/fr\/?s={search_term_string}"},"query-input":{"@type":"PropertyValueSpecification","valueRequired":true,"valueName":"search_term_string"}}],"inLanguage":"fr-FR"},{"@type":"Organization","@id":"https:\/\/schweizversand.ch\/fr\/#organization","name":"Schweizversand.ch","url":"https:\/\/schweizversand.ch\/fr\/","logo":{"@type":"ImageObject","inLanguage":"fr-FR","@id":"https:\/\/schweizversand.ch\/fr\/#\/schema\/logo\/image\/","url":"https:\/\/schweizversand.ch\/wp-content\/uploads\/2026\/03\/Logo_Rund_Final-1.png","contentUrl":"https:\/\/schweizversand.ch\/wp-content\/uploads\/2026\/03\/Logo_Rund_Final-1.png","width":404,"height":404,"caption":"Schweizversand.ch"},"image":{"@id":"https:\/\/schweizversand.ch\/fr\/#\/schema\/logo\/image\/"},"sameAs":["https:\/\/www.facebook.com\/Schweizversand","https:\/\/www.instagram.com\/schweizversand.ch\/"]}]}},"jetpack_sharing_enabled":true,"_links":{"self":[{"href":"https:\/\/schweizversand.ch\/fr\/wp-json\/wp\/v2\/product\/261653","targetHints":{"allow":["GET"]}}],"collection":[{"href":"https:\/\/schweizversand.ch\/fr\/wp-json\/wp\/v2\/product"}],"about":[{"href":"https:\/\/schweizversand.ch\/fr\/wp-json\/wp\/v2\/types\/product"}],"replies":[{"embeddable":true,"href":"https:\/\/schweizversand.ch\/fr\/wp-json\/wp\/v2\/comments?post=261653"}],"wp:featuredmedia":[{"embeddable":true,"href":"https:\/\/schweizversand.ch\/fr\/wp-json\/wp\/v2\/media\/268490"}],"wp:attachment":[{"href":"https:\/\/schweizversand.ch\/fr\/wp-json\/wp\/v2\/media?parent=261653"}],"wp:term":[{"taxonomy":"product_brand","embeddable":true,"href":"https:\/\/schweizversand.ch\/fr\/wp-json\/wp\/v2\/product_brand?post=261653"},{"taxonomy":"product_cat","embeddable":true,"href":"https:\/\/schweizversand.ch\/fr\/wp-json\/wp\/v2\/product_cat?post=261653"},{"taxonomy":"product_tag","embeddable":true,"href":"https:\/\/schweizversand.ch\/fr\/wp-json\/wp\/v2\/product_tag?post=261653"}],"curies":[{"name":"wp","href":"https:\/\/api.w.org\/{rel}","templated":true}]}}