{"id":261681,"date":"2026-04-01T02:00:21","date_gmt":"2026-04-01T00:00:21","guid":{"rendered":"https:\/\/schweizversand.ch\/produkt\/pure2improve-kniebandage-2-2\/"},"modified":"2026-04-19T02:03:03","modified_gmt":"2026-04-19T00:03:03","slug":"pure2improve-kniebandage-2-2","status":"publish","type":"product","link":"https:\/\/schweizversand.ch\/fr\/produkt\/pure2improve-kniebandage-2-2\/","title":{"rendered":"Genouill\u00e8re Pure2improve"},"content":{"rendered":"<p>L&rsquo;orth\u00e8se de genou offre une compression optimale pour l&rsquo;articulation, essentielle pour une bonne \u00e9vacuation de l&rsquo;humidit\u00e9 et un soutien l\u00e9ger, tout en prot\u00e9geant le genou bless\u00e9.<\/p>\n<\/p>\n<p>\u2022 \u00c9vacuation de l&rsquo;humidit\u00e9 : Con\u00e7ue pour \u00e9vacuer l&rsquo;humidit\u00e9 du genou bless\u00e9, l&rsquo;orth\u00e8se contribue \u00e0 maintenir la peau s\u00e8che et \u00e0 r\u00e9duire les risques d&rsquo;irritation.<\/p>\n<\/p>\n<p>\u2022 Soutien l\u00e9ger : L&rsquo;orth\u00e8se offre une compression et un soutien mod\u00e9r\u00e9s \u00e0 l&rsquo;articulation du genou, am\u00e9liorant ainsi la stabilit\u00e9 et la mobilit\u00e9, notamment pendant la convalescence.<\/p>\n<\/p>\n<p>\u2022 Confort optimal : Confortable \u00e0 porter, l&rsquo;orth\u00e8se s&rsquo;ajuste parfaitement sans entraver la libert\u00e9 de mouvement. Elle peut ainsi \u00eatre port\u00e9e pendant de longues p\u00e9riodes sans g\u00eane.<\/p>\n<\/p>\n<p>\u2022 Pr\u00e9vention des blessures : Gr\u00e2ce \u00e0 la compression et au soutien qu&rsquo;elle offre, l&rsquo;orth\u00e8se r\u00e9duit les risques de blessures suppl\u00e9mentaires en stabilisant et en prot\u00e9geant l&rsquo;articulation du genou, en particulier lors d&rsquo;activit\u00e9s sportives ou physiques intenses.<\/p>\n<\/p>\n<p>En r\u00e9sum\u00e9, cette orth\u00e8se de genou est un soutien pr\u00e9cieux pour les personnes souffrant de blessures au genou ou souhaitant les pr\u00e9venir, gr\u00e2ce \u00e0 ses propri\u00e9t\u00e9s d&rsquo;\u00e9vacuation de l&rsquo;humidit\u00e9, son soutien l\u00e9ger et son confort.<\/p>\n","protected":false},"excerpt":{"rendered":"<p>Pure2improve Kniebandage bietet optimale Kompression, leitet Feuchtigkeit ab und unterst\u00fctzt Ihr Knie komfortabel bei Verletzungen f\u00fcr schnelle Genesung und Stabilit\u00e4t.<\/p>\n","protected":false},"featured_media":262029,"comment_status":"open","ping_status":"closed","template":"","meta":[],"product_brand":[],"product_cat":[38620],"product_tag":[],"class_list":{"0":"post-261681","1":"product","2":"type-product","3":"status-publish","4":"has-post-thumbnail","6":"product_cat-stuetzen-bandagen","7":"product_shipping_class-global_methods","9":"first","10":"instock","11":"taxable","12":"shipping-taxable","13":"purchasable","14":"product-type-simple"},"yoast_head":"<!-- This site is optimized with the Yoast SEO plugin v27.4 - https:\/\/yoast.com\/product\/yoast-seo-wordpress\/ -->\n<title>Pure2improve Kniebandage<\/title>\n<meta name=\"description\" content=\"Die Kniebandage bietet eine optimale Kompression f\u00fcr das Kniegelenk, was sowohl f\u00fcr die Feuchtigkeitsableitung als auch f\u00fcr die leichte Unterst\u00fctzung und den Sc\" \/>\n<meta name=\"robots\" content=\"index, follow, max-snippet:-1, max-image-preview:large, max-video-preview:-1\" \/>\n<link rel=\"canonical\" href=\"https:\/\/schweizversand.ch\/fr\/produkt\/pure2improve-kniebandage-2-2\/\" \/>\n<meta property=\"og:locale\" content=\"fr_FR\" \/>\n<meta property=\"og:type\" content=\"article\" \/>\n<meta property=\"og:title\" content=\"Pure2improve Kniebandage\" \/>\n<meta property=\"og:description\" content=\"Die Kniebandage bietet eine optimale Kompression f\u00fcr das Kniegelenk, was sowohl f\u00fcr die Feuchtigkeitsableitung als auch f\u00fcr die leichte Unterst\u00fctzung und den Sc\" \/>\n<meta property=\"og:url\" content=\"https:\/\/schweizversand.ch\/fr\/produkt\/pure2improve-kniebandage-2-2\/\" \/>\n<meta property=\"og:site_name\" content=\"Schweizer Shop f\u00fcr Sport, Spiel und Freizeit\" \/>\n<meta property=\"article:publisher\" content=\"https:\/\/www.facebook.com\/Schweizversand\" \/>\n<meta property=\"article:modified_time\" content=\"2026-04-19T00:03:03+00:00\" \/>\n<meta property=\"og:image\" content=\"https:\/\/schweizversand.ch\/wp-content\/uploads\/2026\/04\/5471621910.jpg\" \/>\n\t<meta property=\"og:image:width\" content=\"1024\" \/>\n\t<meta property=\"og:image:height\" content=\"1024\" \/>\n\t<meta property=\"og:image:type\" content=\"image\/jpeg\" \/>\n<meta name=\"twitter:card\" content=\"summary_large_image\" \/>\n<meta name=\"twitter:label1\" content=\"Dur\u00e9e de lecture estim\u00e9e\" \/>\n\t<meta name=\"twitter:data1\" content=\"1 minute\" \/>\n<script type=\"application\/ld+json\" class=\"yoast-schema-graph\">{\"@context\":\"https:\\\/\\\/schema.org\",\"@graph\":[{\"@type\":\"WebPage\",\"@id\":\"https:\\\/\\\/schweizversand.ch\\\/fr\\\/produkt\\\/pure2improve-kniebandage-2-2\\\/\",\"url\":\"https:\\\/\\\/schweizversand.ch\\\/fr\\\/produkt\\\/pure2improve-kniebandage-2-2\\\/\",\"name\":\"Pure2improve Kniebandage\",\"isPartOf\":{\"@id\":\"https:\\\/\\\/schweizversand.ch\\\/fr\\\/#website\"},\"primaryImageOfPage\":{\"@id\":\"https:\\\/\\\/schweizversand.ch\\\/fr\\\/produkt\\\/pure2improve-kniebandage-2-2\\\/#primaryimage\"},\"image\":{\"@id\":\"https:\\\/\\\/schweizversand.ch\\\/fr\\\/produkt\\\/pure2improve-kniebandage-2-2\\\/#primaryimage\"},\"thumbnailUrl\":\"https:\\\/\\\/schweizversand.ch\\\/wp-content\\\/uploads\\\/2026\\\/04\\\/5471621910-1.jpg\",\"datePublished\":\"2026-04-01T00:00:21+00:00\",\"dateModified\":\"2026-04-19T00:03:03+00:00\",\"description\":\"Die Kniebandage bietet eine optimale Kompression f\u00fcr das Kniegelenk, was sowohl f\u00fcr die Feuchtigkeitsableitung als auch f\u00fcr die leichte Unterst\u00fctzung und den Sc\",\"breadcrumb\":{\"@id\":\"https:\\\/\\\/schweizversand.ch\\\/fr\\\/produkt\\\/pure2improve-kniebandage-2-2\\\/#breadcrumb\"},\"inLanguage\":\"fr-FR\",\"potentialAction\":[{\"@type\":\"ReadAction\",\"target\":[\"https:\\\/\\\/schweizversand.ch\\\/fr\\\/produkt\\\/pure2improve-kniebandage-2-2\\\/\"]}]},{\"@type\":\"ImageObject\",\"inLanguage\":\"fr-FR\",\"@id\":\"https:\\\/\\\/schweizversand.ch\\\/fr\\\/produkt\\\/pure2improve-kniebandage-2-2\\\/#primaryimage\",\"url\":\"https:\\\/\\\/schweizversand.ch\\\/wp-content\\\/uploads\\\/2026\\\/04\\\/5471621910-1.jpg\",\"contentUrl\":\"https:\\\/\\\/schweizversand.ch\\\/wp-content\\\/uploads\\\/2026\\\/04\\\/5471621910-1.jpg\",\"width\":1024,\"height\":1024},{\"@type\":\"BreadcrumbList\",\"@id\":\"https:\\\/\\\/schweizversand.ch\\\/fr\\\/produkt\\\/pure2improve-kniebandage-2-2\\\/#breadcrumb\",\"itemListElement\":[{\"@type\":\"ListItem\",\"position\":1,\"name\":\"Startseite\",\"item\":\"https:\\\/\\\/schweizversand.ch\\\/fr\\\/home\\\/\"},{\"@type\":\"ListItem\",\"position\":2,\"name\":\"Boutique\",\"item\":\"https:\\\/\\\/schweizversand.ch\\\/fr\\\/boutique\\\/\"},{\"@type\":\"ListItem\",\"position\":3,\"name\":\"Beaut\u00e9 et sant\u00e9\",\"item\":\"https:\\\/\\\/schweizversand.ch\\\/fr\\\/produkt-kategorie\\\/beaute-et-sante\\\/\"},{\"@type\":\"ListItem\",\"position\":4,\"name\":\"Sant\u00e9\",\"item\":\"https:\\\/\\\/schweizversand.ch\\\/fr\\\/produkt-kategorie\\\/beaute-et-sante\\\/sante\\\/\"},{\"@type\":\"ListItem\",\"position\":5,\"name\":\"Supports et bandages\",\"item\":\"https:\\\/\\\/schweizversand.ch\\\/fr\\\/produkt-kategorie\\\/beaute-et-sante\\\/sante\\\/stuetzen-bandagen\\\/\"},{\"@type\":\"ListItem\",\"position\":6,\"name\":\"Genouill\u00e8re Pure2improve\"}]},{\"@type\":\"WebSite\",\"@id\":\"https:\\\/\\\/schweizversand.ch\\\/fr\\\/#website\",\"url\":\"https:\\\/\\\/schweizversand.ch\\\/fr\\\/\",\"name\":\"Schweizer Shop f\u00fcr Sport, Spiel und Freizeit\",\"description\":\"Gratisversand ab 50.- (netto), ab eigenem schweizer Lager, Lieferung innert 48h\",\"publisher\":{\"@id\":\"https:\\\/\\\/schweizversand.ch\\\/fr\\\/#organization\"},\"alternateName\":\"Schweizversand.ch\",\"potentialAction\":[{\"@type\":\"SearchAction\",\"target\":{\"@type\":\"EntryPoint\",\"urlTemplate\":\"https:\\\/\\\/schweizversand.ch\\\/fr\\\/?s={search_term_string}\"},\"query-input\":{\"@type\":\"PropertyValueSpecification\",\"valueRequired\":true,\"valueName\":\"search_term_string\"}}],\"inLanguage\":\"fr-FR\"},{\"@type\":\"Organization\",\"@id\":\"https:\\\/\\\/schweizversand.ch\\\/fr\\\/#organization\",\"name\":\"Schweizversand.ch\",\"url\":\"https:\\\/\\\/schweizversand.ch\\\/fr\\\/\",\"logo\":{\"@type\":\"ImageObject\",\"inLanguage\":\"fr-FR\",\"@id\":\"https:\\\/\\\/schweizversand.ch\\\/fr\\\/#\\\/schema\\\/logo\\\/image\\\/\",\"url\":\"https:\\\/\\\/schweizversand.ch\\\/wp-content\\\/uploads\\\/2026\\\/03\\\/Logo_Rund_Final-1.png\",\"contentUrl\":\"https:\\\/\\\/schweizversand.ch\\\/wp-content\\\/uploads\\\/2026\\\/03\\\/Logo_Rund_Final-1.png\",\"width\":404,\"height\":404,\"caption\":\"Schweizversand.ch\"},\"image\":{\"@id\":\"https:\\\/\\\/schweizversand.ch\\\/fr\\\/#\\\/schema\\\/logo\\\/image\\\/\"},\"sameAs\":[\"https:\\\/\\\/www.facebook.com\\\/Schweizversand\",\"https:\\\/\\\/www.instagram.com\\\/schweizversand.ch\\\/\"]}]}<\/script>\n<!-- \/ Yoast SEO plugin. -->","yoast_head_json":{"title":"Pure2improve Kniebandage","description":"Die Kniebandage bietet eine optimale Kompression f\u00fcr das Kniegelenk, was sowohl f\u00fcr die Feuchtigkeitsableitung als auch f\u00fcr die leichte Unterst\u00fctzung und den Sc","robots":{"index":"index","follow":"follow","max-snippet":"max-snippet:-1","max-image-preview":"max-image-preview:large","max-video-preview":"max-video-preview:-1"},"canonical":"https:\/\/schweizversand.ch\/fr\/produkt\/pure2improve-kniebandage-2-2\/","og_locale":"fr_FR","og_type":"article","og_title":"Pure2improve Kniebandage","og_description":"Die Kniebandage bietet eine optimale Kompression f\u00fcr das Kniegelenk, was sowohl f\u00fcr die Feuchtigkeitsableitung als auch f\u00fcr die leichte Unterst\u00fctzung und den Sc","og_url":"https:\/\/schweizversand.ch\/fr\/produkt\/pure2improve-kniebandage-2-2\/","og_site_name":"Schweizer Shop f\u00fcr Sport, Spiel und Freizeit","article_publisher":"https:\/\/www.facebook.com\/Schweizversand","article_modified_time":"2026-04-19T00:03:03+00:00","og_image":[{"width":1024,"height":1024,"url":"https:\/\/schweizversand.ch\/wp-content\/uploads\/2026\/04\/5471621910.jpg","type":"image\/jpeg"}],"twitter_card":"summary_large_image","twitter_misc":{"Dur\u00e9e de lecture estim\u00e9e":"1 minute"},"schema":{"@context":"https:\/\/schema.org","@graph":[{"@type":"WebPage","@id":"https:\/\/schweizversand.ch\/fr\/produkt\/pure2improve-kniebandage-2-2\/","url":"https:\/\/schweizversand.ch\/fr\/produkt\/pure2improve-kniebandage-2-2\/","name":"Pure2improve Kniebandage","isPartOf":{"@id":"https:\/\/schweizversand.ch\/fr\/#website"},"primaryImageOfPage":{"@id":"https:\/\/schweizversand.ch\/fr\/produkt\/pure2improve-kniebandage-2-2\/#primaryimage"},"image":{"@id":"https:\/\/schweizversand.ch\/fr\/produkt\/pure2improve-kniebandage-2-2\/#primaryimage"},"thumbnailUrl":"https:\/\/schweizversand.ch\/wp-content\/uploads\/2026\/04\/5471621910-1.jpg","datePublished":"2026-04-01T00:00:21+00:00","dateModified":"2026-04-19T00:03:03+00:00","description":"Die Kniebandage bietet eine optimale Kompression f\u00fcr das Kniegelenk, was sowohl f\u00fcr die Feuchtigkeitsableitung als auch f\u00fcr die leichte Unterst\u00fctzung und den Sc","breadcrumb":{"@id":"https:\/\/schweizversand.ch\/fr\/produkt\/pure2improve-kniebandage-2-2\/#breadcrumb"},"inLanguage":"fr-FR","potentialAction":[{"@type":"ReadAction","target":["https:\/\/schweizversand.ch\/fr\/produkt\/pure2improve-kniebandage-2-2\/"]}]},{"@type":"ImageObject","inLanguage":"fr-FR","@id":"https:\/\/schweizversand.ch\/fr\/produkt\/pure2improve-kniebandage-2-2\/#primaryimage","url":"https:\/\/schweizversand.ch\/wp-content\/uploads\/2026\/04\/5471621910-1.jpg","contentUrl":"https:\/\/schweizversand.ch\/wp-content\/uploads\/2026\/04\/5471621910-1.jpg","width":1024,"height":1024},{"@type":"BreadcrumbList","@id":"https:\/\/schweizversand.ch\/fr\/produkt\/pure2improve-kniebandage-2-2\/#breadcrumb","itemListElement":[{"@type":"ListItem","position":1,"name":"Startseite","item":"https:\/\/schweizversand.ch\/fr\/home\/"},{"@type":"ListItem","position":2,"name":"Boutique","item":"https:\/\/schweizversand.ch\/fr\/boutique\/"},{"@type":"ListItem","position":3,"name":"Beaut\u00e9 et sant\u00e9","item":"https:\/\/schweizversand.ch\/fr\/produkt-kategorie\/beaute-et-sante\/"},{"@type":"ListItem","position":4,"name":"Sant\u00e9","item":"https:\/\/schweizversand.ch\/fr\/produkt-kategorie\/beaute-et-sante\/sante\/"},{"@type":"ListItem","position":5,"name":"Supports et bandages","item":"https:\/\/schweizversand.ch\/fr\/produkt-kategorie\/beaute-et-sante\/sante\/stuetzen-bandagen\/"},{"@type":"ListItem","position":6,"name":"Genouill\u00e8re Pure2improve"}]},{"@type":"WebSite","@id":"https:\/\/schweizversand.ch\/fr\/#website","url":"https:\/\/schweizversand.ch\/fr\/","name":"Schweizer Shop f\u00fcr Sport, Spiel und Freizeit","description":"Gratisversand ab 50.- (netto), ab eigenem schweizer Lager, Lieferung innert 48h","publisher":{"@id":"https:\/\/schweizversand.ch\/fr\/#organization"},"alternateName":"Schweizversand.ch","potentialAction":[{"@type":"SearchAction","target":{"@type":"EntryPoint","urlTemplate":"https:\/\/schweizversand.ch\/fr\/?s={search_term_string}"},"query-input":{"@type":"PropertyValueSpecification","valueRequired":true,"valueName":"search_term_string"}}],"inLanguage":"fr-FR"},{"@type":"Organization","@id":"https:\/\/schweizversand.ch\/fr\/#organization","name":"Schweizversand.ch","url":"https:\/\/schweizversand.ch\/fr\/","logo":{"@type":"ImageObject","inLanguage":"fr-FR","@id":"https:\/\/schweizversand.ch\/fr\/#\/schema\/logo\/image\/","url":"https:\/\/schweizversand.ch\/wp-content\/uploads\/2026\/03\/Logo_Rund_Final-1.png","contentUrl":"https:\/\/schweizversand.ch\/wp-content\/uploads\/2026\/03\/Logo_Rund_Final-1.png","width":404,"height":404,"caption":"Schweizversand.ch"},"image":{"@id":"https:\/\/schweizversand.ch\/fr\/#\/schema\/logo\/image\/"},"sameAs":["https:\/\/www.facebook.com\/Schweizversand","https:\/\/www.instagram.com\/schweizversand.ch\/"]}]}},"jetpack_sharing_enabled":true,"_links":{"self":[{"href":"https:\/\/schweizversand.ch\/fr\/wp-json\/wp\/v2\/product\/261681","targetHints":{"allow":["GET"]}}],"collection":[{"href":"https:\/\/schweizversand.ch\/fr\/wp-json\/wp\/v2\/product"}],"about":[{"href":"https:\/\/schweizversand.ch\/fr\/wp-json\/wp\/v2\/types\/product"}],"replies":[{"embeddable":true,"href":"https:\/\/schweizversand.ch\/fr\/wp-json\/wp\/v2\/comments?post=261681"}],"wp:featuredmedia":[{"embeddable":true,"href":"https:\/\/schweizversand.ch\/fr\/wp-json\/wp\/v2\/media\/262029"}],"wp:attachment":[{"href":"https:\/\/schweizversand.ch\/fr\/wp-json\/wp\/v2\/media?parent=261681"}],"wp:term":[{"taxonomy":"product_brand","embeddable":true,"href":"https:\/\/schweizversand.ch\/fr\/wp-json\/wp\/v2\/product_brand?post=261681"},{"taxonomy":"product_cat","embeddable":true,"href":"https:\/\/schweizversand.ch\/fr\/wp-json\/wp\/v2\/product_cat?post=261681"},{"taxonomy":"product_tag","embeddable":true,"href":"https:\/\/schweizversand.ch\/fr\/wp-json\/wp\/v2\/product_tag?post=261681"}],"curies":[{"name":"wp","href":"https:\/\/api.w.org\/{rel}","templated":true}]}}