{"id":261689,"date":"2026-04-01T02:00:21","date_gmt":"2026-04-01T00:00:21","guid":{"rendered":"https:\/\/schweizversand.ch\/produkt\/xq-max-dartscheibe-razor-pro-aus-african-sisal-2\/"},"modified":"2026-04-30T02:03:08","modified_gmt":"2026-04-30T00:03:08","slug":"xq-max-dartscheibe-razor-pro-aus-african-sisal-2","status":"publish","type":"product","link":"https:\/\/schweizversand.ch\/fr\/produkt\/xq-max-dartscheibe-razor-pro-aus-african-sisal-2\/","title":{"rendered":"Cible de fl\u00e9chettes XQ Max Razor Pro, en sisal africain"},"content":{"rendered":"<h1><strong>Cible de fl\u00e9chettes XQ Max Razor Pro<\/strong><\/h1>\n<div>Pr\u00eat \u00e0 passer au niveau sup\u00e9rieur\u00a0? Avec la cible de fl\u00e9chettes <strong>XQ Max Razor Pro<\/strong>, profitez d&rsquo;une exp\u00e9rience de jeu digne des tournois, chez vous. Cette cible professionnelle allie des mat\u00e9riaux de haute qualit\u00e9 \u00e0 une fonctionnalit\u00e9 optimale.<\/p>\n<\/div>\n<div><strong>Exp\u00e9rience de jeu authentique de taille comp\u00e9tition<\/strong><br \/>La cible <strong>Razor Pro<\/strong> a \u00e9t\u00e9 con\u00e7ue pour r\u00e9pondre aux exigences des professionnels. Avec un diam\u00e8tre de 45\u00a0cm, cette cible de taille comp\u00e9tition garantit une exp\u00e9rience de jeu authentique et standardis\u00e9e, id\u00e9ale pour les entra\u00eenements et les comp\u00e9titions. Mat\u00e9riaux de haute qualit\u00e9 et durabilit\u00e9\u00a0: fabriqu\u00e9e en sisal africain de premi\u00e8re qualit\u00e9, la cible offre une surface de jeu extr\u00eamement robuste et durable. Les fibres de sisal, tr\u00e8s serr\u00e9es, cr\u00e9ent une surface auto-cicatrisante, assurant une adh\u00e9rence optimale des fl\u00e9chettes et une fermeture quasi automatique des trous apr\u00e8s retrait \u2013 un atout indispensable pour une utilisation intensive. Design et montage\u00a0: Son design moderne, rehauss\u00e9 par une ceinture m\u00e9tallique noire et des fils argent\u00e9s encastr\u00e9s, conf\u00e8re \u00e0 la cible une allure professionnelle. L\u2019installation est incroyablement simple gr\u00e2ce aux instructions fournies, vous permettant de commencer \u00e0 jouer aux fl\u00e9chettes imm\u00e9diatement.<\/p>\n<\/div>\n<div><strong>Vos \u200b\u200bavantages en un coup d\u2019\u0153il<\/strong><br \/>&#8211; Taille officielle de tournoi (45\u00a0cm de diam\u00e8tre)<br \/>&#8211; Fabriqu\u00e9e en sisal africain de haute qualit\u00e9<br \/>&#8211; Surface auto-cicatrisante pour une durabilit\u00e9 maximale<br \/>&#8211; Look \u00e9l\u00e9gant gr\u00e2ce aux fils argent\u00e9s encastr\u00e9s<br \/>&#8211; Montage rapide et facile<\/p>\n<\/div>\n<div>Que vous soyez un joueur de fl\u00e9chettes professionnel ou d\u00e9butant, la cible <strong>XQ Max Razor Pro<\/strong> vous offre une exp\u00e9rience de jeu optimale. Offrez-vous cette cible de tournoi de haute qualit\u00e9 et perfectionnez votre technique d\u00e8s aujourd\u2019hui\u00a0!<\/p>\n<\/div>\n<div><\/div>\n","protected":false},"excerpt":{"rendered":"<p>XQ Max Dartscheibe Razor Pro aus African Sisal bietet Turnierqualit\u00e4t, maximale Langlebigkeit und ein authentisches Spielgef\u00fchl f\u00fcr Profi-Dartspieler zu Hause.<\/p>\n","protected":false},"featured_media":37339,"comment_status":"open","ping_status":"closed","template":"","meta":[],"product_brand":[],"product_cat":[39188],"product_tag":[],"class_list":{"0":"post-261689","1":"product","2":"type-product","3":"status-publish","4":"has-post-thumbnail","6":"product_cat-dart","7":"product_shipping_class-global_methods","9":"first","10":"instock","11":"taxable","12":"shipping-taxable","13":"purchasable","14":"product-type-simple"},"yoast_head":"<!-- This site is optimized with the Yoast SEO plugin v27.5 - https:\/\/yoast.com\/product\/yoast-seo-wordpress\/ -->\n<title>XQ Max Dartscheibe Razor Pro, aus African Sisal<\/title>\n<meta name=\"description\" content=\"XQ Max Razor Pro Dartscheibe Sind Sie bereit, Ihr Dartspiel auf das n\u00e4chste Level zu heben? Mit der XQ Max Razor Pro Dartscheibe erleben Sie Dart in Turnierqual\" \/>\n<meta name=\"robots\" content=\"index, follow, max-snippet:-1, max-image-preview:large, max-video-preview:-1\" \/>\n<link rel=\"canonical\" href=\"https:\/\/schweizversand.ch\/fr\/produkt\/xq-max-dartscheibe-razor-pro-aus-african-sisal-2\/\" \/>\n<meta property=\"og:locale\" content=\"fr_FR\" \/>\n<meta property=\"og:type\" content=\"article\" \/>\n<meta property=\"og:title\" content=\"XQ Max Dartscheibe Razor Pro, aus African Sisal\" \/>\n<meta property=\"og:description\" content=\"XQ Max Razor Pro Dartscheibe Sind Sie bereit, Ihr Dartspiel auf das n\u00e4chste Level zu heben? Mit der XQ Max Razor Pro Dartscheibe erleben Sie Dart in Turnierqual\" \/>\n<meta property=\"og:url\" content=\"https:\/\/schweizversand.ch\/fr\/produkt\/xq-max-dartscheibe-razor-pro-aus-african-sisal-2\/\" \/>\n<meta property=\"og:site_name\" content=\"Schweizer Shop f\u00fcr Sport, Spiel und Freizeit\" \/>\n<meta property=\"article:publisher\" content=\"https:\/\/www.facebook.com\/Schweizversand\" \/>\n<meta property=\"article:modified_time\" content=\"2026-04-30T00:03:08+00:00\" \/>\n<meta property=\"og:image\" content=\"https:\/\/schweizversand.ch\/wp-content\/uploads\/2025\/12\/5471616600.png\" \/>\n\t<meta property=\"og:image:width\" content=\"1024\" \/>\n\t<meta property=\"og:image:height\" content=\"1024\" \/>\n\t<meta property=\"og:image:type\" content=\"image\/png\" \/>\n<meta name=\"twitter:card\" content=\"summary_large_image\" \/>\n<meta name=\"twitter:label1\" content=\"Dur\u00e9e de lecture estim\u00e9e\" \/>\n\t<meta name=\"twitter:data1\" content=\"2 minutes\" \/>\n<script type=\"application\/ld+json\" class=\"yoast-schema-graph\">{\"@context\":\"https:\\\/\\\/schema.org\",\"@graph\":[{\"@type\":\"WebPage\",\"@id\":\"https:\\\/\\\/schweizversand.ch\\\/fr\\\/produkt\\\/xq-max-dartscheibe-razor-pro-aus-african-sisal-2\\\/\",\"url\":\"https:\\\/\\\/schweizversand.ch\\\/fr\\\/produkt\\\/xq-max-dartscheibe-razor-pro-aus-african-sisal-2\\\/\",\"name\":\"XQ Max Dartscheibe Razor Pro, aus African Sisal\",\"isPartOf\":{\"@id\":\"https:\\\/\\\/schweizversand.ch\\\/fr\\\/#website\"},\"primaryImageOfPage\":{\"@id\":\"https:\\\/\\\/schweizversand.ch\\\/fr\\\/produkt\\\/xq-max-dartscheibe-razor-pro-aus-african-sisal-2\\\/#primaryimage\"},\"image\":{\"@id\":\"https:\\\/\\\/schweizversand.ch\\\/fr\\\/produkt\\\/xq-max-dartscheibe-razor-pro-aus-african-sisal-2\\\/#primaryimage\"},\"thumbnailUrl\":\"https:\\\/\\\/schweizversand.ch\\\/wp-content\\\/uploads\\\/2025\\\/12\\\/5471616600.png\",\"datePublished\":\"2026-04-01T00:00:21+00:00\",\"dateModified\":\"2026-04-30T00:03:08+00:00\",\"description\":\"XQ Max Razor Pro Dartscheibe Sind Sie bereit, Ihr Dartspiel auf das n\u00e4chste Level zu heben? Mit der XQ Max Razor Pro Dartscheibe erleben Sie Dart in Turnierqual\",\"breadcrumb\":{\"@id\":\"https:\\\/\\\/schweizversand.ch\\\/fr\\\/produkt\\\/xq-max-dartscheibe-razor-pro-aus-african-sisal-2\\\/#breadcrumb\"},\"inLanguage\":\"fr-FR\",\"potentialAction\":[{\"@type\":\"ReadAction\",\"target\":[\"https:\\\/\\\/schweizversand.ch\\\/fr\\\/produkt\\\/xq-max-dartscheibe-razor-pro-aus-african-sisal-2\\\/\"]}]},{\"@type\":\"ImageObject\",\"inLanguage\":\"fr-FR\",\"@id\":\"https:\\\/\\\/schweizversand.ch\\\/fr\\\/produkt\\\/xq-max-dartscheibe-razor-pro-aus-african-sisal-2\\\/#primaryimage\",\"url\":\"https:\\\/\\\/schweizversand.ch\\\/wp-content\\\/uploads\\\/2025\\\/12\\\/5471616600.png\",\"contentUrl\":\"https:\\\/\\\/schweizversand.ch\\\/wp-content\\\/uploads\\\/2025\\\/12\\\/5471616600.png\",\"width\":1024,\"height\":1024},{\"@type\":\"BreadcrumbList\",\"@id\":\"https:\\\/\\\/schweizversand.ch\\\/fr\\\/produkt\\\/xq-max-dartscheibe-razor-pro-aus-african-sisal-2\\\/#breadcrumb\",\"itemListElement\":[{\"@type\":\"ListItem\",\"position\":1,\"name\":\"Startseite\",\"item\":\"https:\\\/\\\/schweizversand.ch\\\/fr\\\/home\\\/\"},{\"@type\":\"ListItem\",\"position\":2,\"name\":\"Boutique\",\"item\":\"https:\\\/\\\/schweizversand.ch\\\/fr\\\/boutique\\\/\"},{\"@type\":\"ListItem\",\"position\":3,\"name\":\"Sports\",\"item\":\"https:\\\/\\\/schweizversand.ch\\\/fr\\\/produkt-kategorie\\\/sports\\\/\"},{\"@type\":\"ListItem\",\"position\":4,\"name\":\"sports de balle et fl\u00e9chettes\",\"item\":\"https:\\\/\\\/schweizversand.ch\\\/fr\\\/produkt-kategorie\\\/sports\\\/sports-de-balle-et-flechettes\\\/\"},{\"@type\":\"ListItem\",\"position\":5,\"name\":\"Dart\",\"item\":\"https:\\\/\\\/schweizversand.ch\\\/fr\\\/produkt-kategorie\\\/sports\\\/sports-de-balle-et-flechettes\\\/dart\\\/\"},{\"@type\":\"ListItem\",\"position\":6,\"name\":\"Cible de fl\u00e9chettes XQ Max Razor Pro, en sisal africain\"}]},{\"@type\":\"WebSite\",\"@id\":\"https:\\\/\\\/schweizversand.ch\\\/fr\\\/#website\",\"url\":\"https:\\\/\\\/schweizversand.ch\\\/fr\\\/\",\"name\":\"Schweizer Shop f\u00fcr Sport, Spiel und Freizeit\",\"description\":\"Gratisversand ab 50.- (netto), ab eigenem schweizer Lager, Lieferung innert 48h\",\"publisher\":{\"@id\":\"https:\\\/\\\/schweizversand.ch\\\/fr\\\/#organization\"},\"alternateName\":\"Schweizversand.ch\",\"potentialAction\":[{\"@type\":\"SearchAction\",\"target\":{\"@type\":\"EntryPoint\",\"urlTemplate\":\"https:\\\/\\\/schweizversand.ch\\\/fr\\\/?s={search_term_string}\"},\"query-input\":{\"@type\":\"PropertyValueSpecification\",\"valueRequired\":true,\"valueName\":\"search_term_string\"}}],\"inLanguage\":\"fr-FR\"},{\"@type\":\"Organization\",\"@id\":\"https:\\\/\\\/schweizversand.ch\\\/fr\\\/#organization\",\"name\":\"Schweizversand.ch\",\"url\":\"https:\\\/\\\/schweizversand.ch\\\/fr\\\/\",\"logo\":{\"@type\":\"ImageObject\",\"inLanguage\":\"fr-FR\",\"@id\":\"https:\\\/\\\/schweizversand.ch\\\/fr\\\/#\\\/schema\\\/logo\\\/image\\\/\",\"url\":\"https:\\\/\\\/schweizversand.ch\\\/wp-content\\\/uploads\\\/2026\\\/03\\\/Logo_Rund_Final-1.png\",\"contentUrl\":\"https:\\\/\\\/schweizversand.ch\\\/wp-content\\\/uploads\\\/2026\\\/03\\\/Logo_Rund_Final-1.png\",\"width\":404,\"height\":404,\"caption\":\"Schweizversand.ch\"},\"image\":{\"@id\":\"https:\\\/\\\/schweizversand.ch\\\/fr\\\/#\\\/schema\\\/logo\\\/image\\\/\"},\"sameAs\":[\"https:\\\/\\\/www.facebook.com\\\/Schweizversand\",\"https:\\\/\\\/www.instagram.com\\\/schweizversand.ch\\\/\"]}]}<\/script>\n<!-- \/ Yoast SEO plugin. -->","yoast_head_json":{"title":"XQ Max Dartscheibe Razor Pro, aus African Sisal","description":"XQ Max Razor Pro Dartscheibe Sind Sie bereit, Ihr Dartspiel auf das n\u00e4chste Level zu heben? Mit der XQ Max Razor Pro Dartscheibe erleben Sie Dart in Turnierqual","robots":{"index":"index","follow":"follow","max-snippet":"max-snippet:-1","max-image-preview":"max-image-preview:large","max-video-preview":"max-video-preview:-1"},"canonical":"https:\/\/schweizversand.ch\/fr\/produkt\/xq-max-dartscheibe-razor-pro-aus-african-sisal-2\/","og_locale":"fr_FR","og_type":"article","og_title":"XQ Max Dartscheibe Razor Pro, aus African Sisal","og_description":"XQ Max Razor Pro Dartscheibe Sind Sie bereit, Ihr Dartspiel auf das n\u00e4chste Level zu heben? Mit der XQ Max Razor Pro Dartscheibe erleben Sie Dart in Turnierqual","og_url":"https:\/\/schweizversand.ch\/fr\/produkt\/xq-max-dartscheibe-razor-pro-aus-african-sisal-2\/","og_site_name":"Schweizer Shop f\u00fcr Sport, Spiel und Freizeit","article_publisher":"https:\/\/www.facebook.com\/Schweizversand","article_modified_time":"2026-04-30T00:03:08+00:00","og_image":[{"width":1024,"height":1024,"url":"https:\/\/schweizversand.ch\/wp-content\/uploads\/2025\/12\/5471616600.png","type":"image\/png"}],"twitter_card":"summary_large_image","twitter_misc":{"Dur\u00e9e de lecture estim\u00e9e":"2 minutes"},"schema":{"@context":"https:\/\/schema.org","@graph":[{"@type":"WebPage","@id":"https:\/\/schweizversand.ch\/fr\/produkt\/xq-max-dartscheibe-razor-pro-aus-african-sisal-2\/","url":"https:\/\/schweizversand.ch\/fr\/produkt\/xq-max-dartscheibe-razor-pro-aus-african-sisal-2\/","name":"XQ Max Dartscheibe Razor Pro, aus African Sisal","isPartOf":{"@id":"https:\/\/schweizversand.ch\/fr\/#website"},"primaryImageOfPage":{"@id":"https:\/\/schweizversand.ch\/fr\/produkt\/xq-max-dartscheibe-razor-pro-aus-african-sisal-2\/#primaryimage"},"image":{"@id":"https:\/\/schweizversand.ch\/fr\/produkt\/xq-max-dartscheibe-razor-pro-aus-african-sisal-2\/#primaryimage"},"thumbnailUrl":"https:\/\/schweizversand.ch\/wp-content\/uploads\/2025\/12\/5471616600.png","datePublished":"2026-04-01T00:00:21+00:00","dateModified":"2026-04-30T00:03:08+00:00","description":"XQ Max Razor Pro Dartscheibe Sind Sie bereit, Ihr Dartspiel auf das n\u00e4chste Level zu heben? Mit der XQ Max Razor Pro Dartscheibe erleben Sie Dart in Turnierqual","breadcrumb":{"@id":"https:\/\/schweizversand.ch\/fr\/produkt\/xq-max-dartscheibe-razor-pro-aus-african-sisal-2\/#breadcrumb"},"inLanguage":"fr-FR","potentialAction":[{"@type":"ReadAction","target":["https:\/\/schweizversand.ch\/fr\/produkt\/xq-max-dartscheibe-razor-pro-aus-african-sisal-2\/"]}]},{"@type":"ImageObject","inLanguage":"fr-FR","@id":"https:\/\/schweizversand.ch\/fr\/produkt\/xq-max-dartscheibe-razor-pro-aus-african-sisal-2\/#primaryimage","url":"https:\/\/schweizversand.ch\/wp-content\/uploads\/2025\/12\/5471616600.png","contentUrl":"https:\/\/schweizversand.ch\/wp-content\/uploads\/2025\/12\/5471616600.png","width":1024,"height":1024},{"@type":"BreadcrumbList","@id":"https:\/\/schweizversand.ch\/fr\/produkt\/xq-max-dartscheibe-razor-pro-aus-african-sisal-2\/#breadcrumb","itemListElement":[{"@type":"ListItem","position":1,"name":"Startseite","item":"https:\/\/schweizversand.ch\/fr\/home\/"},{"@type":"ListItem","position":2,"name":"Boutique","item":"https:\/\/schweizversand.ch\/fr\/boutique\/"},{"@type":"ListItem","position":3,"name":"Sports","item":"https:\/\/schweizversand.ch\/fr\/produkt-kategorie\/sports\/"},{"@type":"ListItem","position":4,"name":"sports de balle et fl\u00e9chettes","item":"https:\/\/schweizversand.ch\/fr\/produkt-kategorie\/sports\/sports-de-balle-et-flechettes\/"},{"@type":"ListItem","position":5,"name":"Dart","item":"https:\/\/schweizversand.ch\/fr\/produkt-kategorie\/sports\/sports-de-balle-et-flechettes\/dart\/"},{"@type":"ListItem","position":6,"name":"Cible de fl\u00e9chettes XQ Max Razor Pro, en sisal africain"}]},{"@type":"WebSite","@id":"https:\/\/schweizversand.ch\/fr\/#website","url":"https:\/\/schweizversand.ch\/fr\/","name":"Schweizer Shop f\u00fcr Sport, Spiel und Freizeit","description":"Gratisversand ab 50.- (netto), ab eigenem schweizer Lager, Lieferung innert 48h","publisher":{"@id":"https:\/\/schweizversand.ch\/fr\/#organization"},"alternateName":"Schweizversand.ch","potentialAction":[{"@type":"SearchAction","target":{"@type":"EntryPoint","urlTemplate":"https:\/\/schweizversand.ch\/fr\/?s={search_term_string}"},"query-input":{"@type":"PropertyValueSpecification","valueRequired":true,"valueName":"search_term_string"}}],"inLanguage":"fr-FR"},{"@type":"Organization","@id":"https:\/\/schweizversand.ch\/fr\/#organization","name":"Schweizversand.ch","url":"https:\/\/schweizversand.ch\/fr\/","logo":{"@type":"ImageObject","inLanguage":"fr-FR","@id":"https:\/\/schweizversand.ch\/fr\/#\/schema\/logo\/image\/","url":"https:\/\/schweizversand.ch\/wp-content\/uploads\/2026\/03\/Logo_Rund_Final-1.png","contentUrl":"https:\/\/schweizversand.ch\/wp-content\/uploads\/2026\/03\/Logo_Rund_Final-1.png","width":404,"height":404,"caption":"Schweizversand.ch"},"image":{"@id":"https:\/\/schweizversand.ch\/fr\/#\/schema\/logo\/image\/"},"sameAs":["https:\/\/www.facebook.com\/Schweizversand","https:\/\/www.instagram.com\/schweizversand.ch\/"]}]}},"jetpack_sharing_enabled":true,"_links":{"self":[{"href":"https:\/\/schweizversand.ch\/fr\/wp-json\/wp\/v2\/product\/261689","targetHints":{"allow":["GET"]}}],"collection":[{"href":"https:\/\/schweizversand.ch\/fr\/wp-json\/wp\/v2\/product"}],"about":[{"href":"https:\/\/schweizversand.ch\/fr\/wp-json\/wp\/v2\/types\/product"}],"replies":[{"embeddable":true,"href":"https:\/\/schweizversand.ch\/fr\/wp-json\/wp\/v2\/comments?post=261689"}],"wp:featuredmedia":[{"embeddable":true,"href":"https:\/\/schweizversand.ch\/fr\/wp-json\/wp\/v2\/media\/37339"}],"wp:attachment":[{"href":"https:\/\/schweizversand.ch\/fr\/wp-json\/wp\/v2\/media?parent=261689"}],"wp:term":[{"taxonomy":"product_brand","embeddable":true,"href":"https:\/\/schweizversand.ch\/fr\/wp-json\/wp\/v2\/product_brand?post=261689"},{"taxonomy":"product_cat","embeddable":true,"href":"https:\/\/schweizversand.ch\/fr\/wp-json\/wp\/v2\/product_cat?post=261689"},{"taxonomy":"product_tag","embeddable":true,"href":"https:\/\/schweizversand.ch\/fr\/wp-json\/wp\/v2\/product_tag?post=261689"}],"curies":[{"name":"wp","href":"https:\/\/api.w.org\/{rel}","templated":true}]}}