{"id":261691,"date":"2026-04-01T02:00:22","date_gmt":"2026-04-01T00:00:22","guid":{"rendered":"https:\/\/schweizversand.ch\/produkt\/pure2improve-neopren-kurzhantel-5kg\/"},"modified":"2026-04-10T02:03:35","modified_gmt":"2026-04-10T00:03:35","slug":"pure2improve-neopren-kurzhantel-5kg","status":"publish","type":"product","link":"https:\/\/schweizversand.ch\/fr\/produkt\/pure2improve-neopren-kurzhantel-5kg\/","title":{"rendered":"Halt\u00e8re en n\u00e9opr\u00e8ne Pure2improve 5 kg"},"content":{"rendered":"<h1><strong>Halt\u00e8re en n\u00e9opr\u00e8ne \u2013 Accessoire id\u00e9al pour un entra\u00eenement complet<\/strong><\/h1>\n<div>Optimisez vos entra\u00eenements avec cette halt\u00e8re en n\u00e9opr\u00e8ne de haute qualit\u00e9 de Pure2Improve. Cet accessoire de fitness essentiel est id\u00e9al pour renforcer diff\u00e9rents groupes musculaires et compl\u00e8te parfaitement vos s\u00e9ances d&rsquo;entra\u00eenement compl\u00e8tes.<\/p>\n<\/div>\n<div><strong>Utilisation polyvalente<\/strong><br \/>L&rsquo;halt\u00e8re en n\u00e9opr\u00e8ne est extr\u00eamement polyvalente et parfaite pour s&rsquo;entra\u00eener \u00e0 la maison. Que vous souhaitiez faire des exercices d&rsquo;a\u00e9robic, de la gymnastique intense ou des s\u00e9ances de fitness g\u00e9n\u00e9rales, cette halt\u00e8re vous accompagnera de mani\u00e8re optimale dans l&rsquo;atteinte de vos objectifs.<\/p>\n<\/div>\n<div><strong>Confort et s\u00e9curit\u00e9<\/strong><br \/>Cette halt\u00e8re a \u00e9t\u00e9 con\u00e7ue pour un confort maximal et une prise en main s\u00fbre. Elle est dot\u00e9e d&rsquo;une couche sup\u00e9rieure antid\u00e9rapante en caoutchouc souple (n\u00e9opr\u00e8ne) qui assure une prise en main ferme et confortable. Ceci est particuli\u00e8rement important lors d&rsquo;entra\u00eenements intenses pour maintenir le contr\u00f4le et minimiser les risques de blessure. L&rsquo;halt\u00e8re tient parfaitement en main, vous permettant de vous concentrer pleinement sur vos mouvements. D\u00e9tails du produit\u00a0: &#8211; Mati\u00e8re\u00a0: N\u00e9opr\u00e8ne de haute qualit\u00e9 &#8211; Surface\u00a0: Antid\u00e9rapante et douce &#8211; Id\u00e9al pour\u00a0: A\u00e9robic, gymnastique, fitness et entra\u00eenements complets. Investissez dans votre forme physique et faites de cet halt\u00e8re en n\u00e9opr\u00e8ne un \u00e9l\u00e9ment essentiel de votre programme d&rsquo;entra\u00eenement. Commandez d\u00e8s maintenant et optimisez vos s\u00e9ances\u00a0!<\/p>\n","protected":false},"excerpt":{"rendered":"<p>Pure2improve Neopren Kurzhantel 5kg bietet rutschfesten Halt und vielseitiges Training f\u00fcr Zuhause \u2013 ideal f\u00fcr effektives Ganzk\u00f6rper-Workout und gezielten Muskelaufbau.<\/p>\n","protected":false},"featured_media":262071,"comment_status":"open","ping_status":"closed","template":"","meta":[],"product_brand":[],"product_cat":[38622],"product_tag":[],"class_list":{"0":"post-261691","1":"product","2":"type-product","3":"status-publish","4":"has-post-thumbnail","6":"product_cat-hanteln-gewichte","7":"product_shipping_class-global_methods","9":"first","10":"instock","11":"taxable","12":"shipping-taxable","13":"purchasable","14":"product-type-simple"},"yoast_head":"<!-- This site is optimized with the Yoast SEO plugin v27.3 - https:\/\/yoast.com\/product\/yoast-seo-wordpress\/ -->\n<title>Pure2improve Neopren Kurzhantel 5kg<\/title>\n<meta name=\"description\" content=\"Neopren Kurzhantel \u2013 Perfektes Ganzk\u00f6rpertraining Zubeh\u00f6r Steigern Sie die Effektivit\u00e4t Ihres Trainings mit dieser hochwertigen Neopren Kurzhantel von Pure2Impr\" \/>\n<meta name=\"robots\" content=\"index, follow, max-snippet:-1, max-image-preview:large, max-video-preview:-1\" \/>\n<link rel=\"canonical\" href=\"https:\/\/schweizversand.ch\/fr\/produkt\/pure2improve-neopren-kurzhantel-5kg\/\" \/>\n<meta property=\"og:locale\" content=\"fr_FR\" \/>\n<meta property=\"og:type\" content=\"article\" \/>\n<meta property=\"og:title\" content=\"Pure2improve Neopren Kurzhantel 5kg\" \/>\n<meta property=\"og:description\" content=\"Neopren Kurzhantel \u2013 Perfektes Ganzk\u00f6rpertraining Zubeh\u00f6r Steigern Sie die Effektivit\u00e4t Ihres Trainings mit dieser hochwertigen Neopren Kurzhantel von Pure2Impr\" \/>\n<meta property=\"og:url\" content=\"https:\/\/schweizversand.ch\/fr\/produkt\/pure2improve-neopren-kurzhantel-5kg\/\" \/>\n<meta property=\"og:site_name\" content=\"Schweizer Shop f\u00fcr Sport, Spiel und Freizeit\" \/>\n<meta property=\"article:publisher\" content=\"https:\/\/www.facebook.com\/Schweizversand\" \/>\n<meta property=\"article:modified_time\" content=\"2026-04-10T00:03:35+00:00\" \/>\n<meta property=\"og:image\" content=\"https:\/\/schweizversand.ch\/wp-content\/uploads\/2026\/04\/5471550471.jpg\" \/>\n\t<meta property=\"og:image:width\" content=\"1024\" \/>\n\t<meta property=\"og:image:height\" content=\"1024\" \/>\n\t<meta property=\"og:image:type\" content=\"image\/jpeg\" \/>\n<meta name=\"twitter:card\" content=\"summary_large_image\" \/>\n<meta name=\"twitter:label1\" content=\"Dur\u00e9e de lecture estim\u00e9e\" \/>\n\t<meta name=\"twitter:data1\" content=\"1 minute\" \/>\n<script type=\"application\/ld+json\" class=\"yoast-schema-graph\">{\"@context\":\"https:\\\/\\\/schema.org\",\"@graph\":[{\"@type\":\"WebPage\",\"@id\":\"https:\\\/\\\/schweizversand.ch\\\/fr\\\/produkt\\\/pure2improve-neopren-kurzhantel-5kg\\\/\",\"url\":\"https:\\\/\\\/schweizversand.ch\\\/fr\\\/produkt\\\/pure2improve-neopren-kurzhantel-5kg\\\/\",\"name\":\"Pure2improve Neopren Kurzhantel 5kg\",\"isPartOf\":{\"@id\":\"https:\\\/\\\/schweizversand.ch\\\/fr\\\/#website\"},\"primaryImageOfPage\":{\"@id\":\"https:\\\/\\\/schweizversand.ch\\\/fr\\\/produkt\\\/pure2improve-neopren-kurzhantel-5kg\\\/#primaryimage\"},\"image\":{\"@id\":\"https:\\\/\\\/schweizversand.ch\\\/fr\\\/produkt\\\/pure2improve-neopren-kurzhantel-5kg\\\/#primaryimage\"},\"thumbnailUrl\":\"https:\\\/\\\/schweizversand.ch\\\/wp-content\\\/uploads\\\/2026\\\/04\\\/5471550471-1.jpg\",\"datePublished\":\"2026-04-01T00:00:22+00:00\",\"dateModified\":\"2026-04-10T00:03:35+00:00\",\"description\":\"Neopren Kurzhantel \u2013 Perfektes Ganzk\u00f6rpertraining Zubeh\u00f6r Steigern Sie die Effektivit\u00e4t Ihres Trainings mit dieser hochwertigen Neopren Kurzhantel von Pure2Impr\",\"breadcrumb\":{\"@id\":\"https:\\\/\\\/schweizversand.ch\\\/fr\\\/produkt\\\/pure2improve-neopren-kurzhantel-5kg\\\/#breadcrumb\"},\"inLanguage\":\"fr-FR\",\"potentialAction\":[{\"@type\":\"ReadAction\",\"target\":[\"https:\\\/\\\/schweizversand.ch\\\/fr\\\/produkt\\\/pure2improve-neopren-kurzhantel-5kg\\\/\"]}]},{\"@type\":\"ImageObject\",\"inLanguage\":\"fr-FR\",\"@id\":\"https:\\\/\\\/schweizversand.ch\\\/fr\\\/produkt\\\/pure2improve-neopren-kurzhantel-5kg\\\/#primaryimage\",\"url\":\"https:\\\/\\\/schweizversand.ch\\\/wp-content\\\/uploads\\\/2026\\\/04\\\/5471550471-1.jpg\",\"contentUrl\":\"https:\\\/\\\/schweizversand.ch\\\/wp-content\\\/uploads\\\/2026\\\/04\\\/5471550471-1.jpg\",\"width\":1024,\"height\":1024},{\"@type\":\"BreadcrumbList\",\"@id\":\"https:\\\/\\\/schweizversand.ch\\\/fr\\\/produkt\\\/pure2improve-neopren-kurzhantel-5kg\\\/#breadcrumb\",\"itemListElement\":[{\"@type\":\"ListItem\",\"position\":1,\"name\":\"Startseite\",\"item\":\"https:\\\/\\\/schweizversand.ch\\\/fr\\\/\"},{\"@type\":\"ListItem\",\"position\":2,\"name\":\"Boutique\",\"item\":\"https:\\\/\\\/schweizversand.ch\\\/fr\\\/boutique\\\/\"},{\"@type\":\"ListItem\",\"position\":3,\"name\":\"Halt\u00e8re en n\u00e9opr\u00e8ne Pure2improve 5 kg\"}]},{\"@type\":\"WebSite\",\"@id\":\"https:\\\/\\\/schweizversand.ch\\\/fr\\\/#website\",\"url\":\"https:\\\/\\\/schweizversand.ch\\\/fr\\\/\",\"name\":\"Schweizer Shop f\u00fcr Sport, Spiel und Freizeit\",\"description\":\"Gratisversand ab 50.- (netto), ab eigenem schweizer Lager, Lieferung innert 48h\",\"publisher\":{\"@id\":\"https:\\\/\\\/schweizversand.ch\\\/fr\\\/#organization\"},\"alternateName\":\"Schweizversand.ch\",\"potentialAction\":[{\"@type\":\"SearchAction\",\"target\":{\"@type\":\"EntryPoint\",\"urlTemplate\":\"https:\\\/\\\/schweizversand.ch\\\/fr\\\/?s={search_term_string}\"},\"query-input\":{\"@type\":\"PropertyValueSpecification\",\"valueRequired\":true,\"valueName\":\"search_term_string\"}}],\"inLanguage\":\"fr-FR\"},{\"@type\":\"Organization\",\"@id\":\"https:\\\/\\\/schweizversand.ch\\\/fr\\\/#organization\",\"name\":\"Schweizversand.ch\",\"url\":\"https:\\\/\\\/schweizversand.ch\\\/fr\\\/\",\"logo\":{\"@type\":\"ImageObject\",\"inLanguage\":\"fr-FR\",\"@id\":\"https:\\\/\\\/schweizversand.ch\\\/fr\\\/#\\\/schema\\\/logo\\\/image\\\/\",\"url\":\"https:\\\/\\\/schweizversand.ch\\\/wp-content\\\/uploads\\\/2026\\\/03\\\/Logo_Rund_Final-1.png\",\"contentUrl\":\"https:\\\/\\\/schweizversand.ch\\\/wp-content\\\/uploads\\\/2026\\\/03\\\/Logo_Rund_Final-1.png\",\"width\":404,\"height\":404,\"caption\":\"Schweizversand.ch\"},\"image\":{\"@id\":\"https:\\\/\\\/schweizversand.ch\\\/fr\\\/#\\\/schema\\\/logo\\\/image\\\/\"},\"sameAs\":[\"https:\\\/\\\/www.facebook.com\\\/Schweizversand\",\"https:\\\/\\\/www.instagram.com\\\/schweizversand.ch\\\/\"]}]}<\/script>\n<!-- \/ Yoast SEO plugin. -->","yoast_head_json":{"title":"Pure2improve Neopren Kurzhantel 5kg","description":"Neopren Kurzhantel \u2013 Perfektes Ganzk\u00f6rpertraining Zubeh\u00f6r Steigern Sie die Effektivit\u00e4t Ihres Trainings mit dieser hochwertigen Neopren Kurzhantel von Pure2Impr","robots":{"index":"index","follow":"follow","max-snippet":"max-snippet:-1","max-image-preview":"max-image-preview:large","max-video-preview":"max-video-preview:-1"},"canonical":"https:\/\/schweizversand.ch\/fr\/produkt\/pure2improve-neopren-kurzhantel-5kg\/","og_locale":"fr_FR","og_type":"article","og_title":"Pure2improve Neopren Kurzhantel 5kg","og_description":"Neopren Kurzhantel \u2013 Perfektes Ganzk\u00f6rpertraining Zubeh\u00f6r Steigern Sie die Effektivit\u00e4t Ihres Trainings mit dieser hochwertigen Neopren Kurzhantel von Pure2Impr","og_url":"https:\/\/schweizversand.ch\/fr\/produkt\/pure2improve-neopren-kurzhantel-5kg\/","og_site_name":"Schweizer Shop f\u00fcr Sport, Spiel und Freizeit","article_publisher":"https:\/\/www.facebook.com\/Schweizversand","article_modified_time":"2026-04-10T00:03:35+00:00","og_image":[{"width":1024,"height":1024,"url":"https:\/\/schweizversand.ch\/wp-content\/uploads\/2026\/04\/5471550471.jpg","type":"image\/jpeg"}],"twitter_card":"summary_large_image","twitter_misc":{"Dur\u00e9e de lecture estim\u00e9e":"1 minute"},"schema":{"@context":"https:\/\/schema.org","@graph":[{"@type":"WebPage","@id":"https:\/\/schweizversand.ch\/fr\/produkt\/pure2improve-neopren-kurzhantel-5kg\/","url":"https:\/\/schweizversand.ch\/fr\/produkt\/pure2improve-neopren-kurzhantel-5kg\/","name":"Pure2improve Neopren Kurzhantel 5kg","isPartOf":{"@id":"https:\/\/schweizversand.ch\/fr\/#website"},"primaryImageOfPage":{"@id":"https:\/\/schweizversand.ch\/fr\/produkt\/pure2improve-neopren-kurzhantel-5kg\/#primaryimage"},"image":{"@id":"https:\/\/schweizversand.ch\/fr\/produkt\/pure2improve-neopren-kurzhantel-5kg\/#primaryimage"},"thumbnailUrl":"https:\/\/schweizversand.ch\/wp-content\/uploads\/2026\/04\/5471550471-1.jpg","datePublished":"2026-04-01T00:00:22+00:00","dateModified":"2026-04-10T00:03:35+00:00","description":"Neopren Kurzhantel \u2013 Perfektes Ganzk\u00f6rpertraining Zubeh\u00f6r Steigern Sie die Effektivit\u00e4t Ihres Trainings mit dieser hochwertigen Neopren Kurzhantel von Pure2Impr","breadcrumb":{"@id":"https:\/\/schweizversand.ch\/fr\/produkt\/pure2improve-neopren-kurzhantel-5kg\/#breadcrumb"},"inLanguage":"fr-FR","potentialAction":[{"@type":"ReadAction","target":["https:\/\/schweizversand.ch\/fr\/produkt\/pure2improve-neopren-kurzhantel-5kg\/"]}]},{"@type":"ImageObject","inLanguage":"fr-FR","@id":"https:\/\/schweizversand.ch\/fr\/produkt\/pure2improve-neopren-kurzhantel-5kg\/#primaryimage","url":"https:\/\/schweizversand.ch\/wp-content\/uploads\/2026\/04\/5471550471-1.jpg","contentUrl":"https:\/\/schweizversand.ch\/wp-content\/uploads\/2026\/04\/5471550471-1.jpg","width":1024,"height":1024},{"@type":"BreadcrumbList","@id":"https:\/\/schweizversand.ch\/fr\/produkt\/pure2improve-neopren-kurzhantel-5kg\/#breadcrumb","itemListElement":[{"@type":"ListItem","position":1,"name":"Startseite","item":"https:\/\/schweizversand.ch\/fr\/"},{"@type":"ListItem","position":2,"name":"Boutique","item":"https:\/\/schweizversand.ch\/fr\/boutique\/"},{"@type":"ListItem","position":3,"name":"Halt\u00e8re en n\u00e9opr\u00e8ne Pure2improve 5 kg"}]},{"@type":"WebSite","@id":"https:\/\/schweizversand.ch\/fr\/#website","url":"https:\/\/schweizversand.ch\/fr\/","name":"Schweizer Shop f\u00fcr Sport, Spiel und Freizeit","description":"Gratisversand ab 50.- (netto), ab eigenem schweizer Lager, Lieferung innert 48h","publisher":{"@id":"https:\/\/schweizversand.ch\/fr\/#organization"},"alternateName":"Schweizversand.ch","potentialAction":[{"@type":"SearchAction","target":{"@type":"EntryPoint","urlTemplate":"https:\/\/schweizversand.ch\/fr\/?s={search_term_string}"},"query-input":{"@type":"PropertyValueSpecification","valueRequired":true,"valueName":"search_term_string"}}],"inLanguage":"fr-FR"},{"@type":"Organization","@id":"https:\/\/schweizversand.ch\/fr\/#organization","name":"Schweizversand.ch","url":"https:\/\/schweizversand.ch\/fr\/","logo":{"@type":"ImageObject","inLanguage":"fr-FR","@id":"https:\/\/schweizversand.ch\/fr\/#\/schema\/logo\/image\/","url":"https:\/\/schweizversand.ch\/wp-content\/uploads\/2026\/03\/Logo_Rund_Final-1.png","contentUrl":"https:\/\/schweizversand.ch\/wp-content\/uploads\/2026\/03\/Logo_Rund_Final-1.png","width":404,"height":404,"caption":"Schweizversand.ch"},"image":{"@id":"https:\/\/schweizversand.ch\/fr\/#\/schema\/logo\/image\/"},"sameAs":["https:\/\/www.facebook.com\/Schweizversand","https:\/\/www.instagram.com\/schweizversand.ch\/"]}]}},"jetpack_sharing_enabled":true,"_links":{"self":[{"href":"https:\/\/schweizversand.ch\/fr\/wp-json\/wp\/v2\/product\/261691","targetHints":{"allow":["GET"]}}],"collection":[{"href":"https:\/\/schweizversand.ch\/fr\/wp-json\/wp\/v2\/product"}],"about":[{"href":"https:\/\/schweizversand.ch\/fr\/wp-json\/wp\/v2\/types\/product"}],"replies":[{"embeddable":true,"href":"https:\/\/schweizversand.ch\/fr\/wp-json\/wp\/v2\/comments?post=261691"}],"wp:featuredmedia":[{"embeddable":true,"href":"https:\/\/schweizversand.ch\/fr\/wp-json\/wp\/v2\/media\/262071"}],"wp:attachment":[{"href":"https:\/\/schweizversand.ch\/fr\/wp-json\/wp\/v2\/media?parent=261691"}],"wp:term":[{"taxonomy":"product_brand","embeddable":true,"href":"https:\/\/schweizversand.ch\/fr\/wp-json\/wp\/v2\/product_brand?post=261691"},{"taxonomy":"product_cat","embeddable":true,"href":"https:\/\/schweizversand.ch\/fr\/wp-json\/wp\/v2\/product_cat?post=261691"},{"taxonomy":"product_tag","embeddable":true,"href":"https:\/\/schweizversand.ch\/fr\/wp-json\/wp\/v2\/product_tag?post=261691"}],"curies":[{"name":"wp","href":"https:\/\/api.w.org\/{rel}","templated":true}]}}