{"id":261698,"date":"2026-04-01T02:00:22","date_gmt":"2026-04-01T00:00:22","guid":{"rendered":"https:\/\/schweizversand.ch\/produkt\/xq-max-tuerreck-2\/"},"modified":"2026-04-14T02:02:58","modified_gmt":"2026-04-14T00:02:58","slug":"xq-max-tuerreck-2","status":"publish","type":"product","link":"https:\/\/schweizversand.ch\/fr\/produkt\/xq-max-tuerreck-2\/","title":{"rendered":"Barre de traction de porte XQ Max"},"content":{"rendered":"<p>Barre de traction pour cadre de porte \u2013 Entra\u00eenement du haut du corps \u00e0 domicile. Cette barre de traction de haute qualit\u00e9, \u00e0 fixer sur un cadre de porte, vous permet de r\u00e9aliser des exercices efficaces pour le haut du corps \u00e0 domicile, m\u00eame dans un espace r\u00e9duit. Transformez votre cadre de porte en un appareil de fitness polyvalent et renforcez sp\u00e9cifiquement votre dos, vos bras et vos \u00e9paules. Installation facile et sans vis. L&rsquo;installation de cette barre de traction sans vis est incroyablement simple et prot\u00e8ge votre cadre de porte. La barre se fixe solidement gr\u00e2ce \u00e0 un ing\u00e9nieux syst\u00e8me d&rsquo;expansion (filetage interne). Des chevilles suppl\u00e9mentaires assurent un verrouillage axial et une stabilit\u00e9 maximale pendant votre entra\u00eenement. Confort et s\u00e9curit\u00e9. Pour une prise en main optimale et un confort maximal, cette barre de traction r\u00e9glable est \u00e9quip\u00e9e de poign\u00e9es en mousse de qualit\u00e9 sup\u00e9rieure. Le rev\u00eatement en caoutchouc des poign\u00e9es emp\u00eache les glissements et minimise les risques d&rsquo;ampoules. Sa mati\u00e8re robuste garantit une longue dur\u00e9e de vie et un entra\u00eenement en toute s\u00e9curit\u00e9.<\/p>\n<\/div>\n<div><strong>Caract\u00e9ristiques et dimensions du produit<\/strong><br \/>&#8211; Mat\u00e9riaux\u00a0: Acier robuste (95\u00a0%) et mousse confortable (5\u00a0%)<br \/>&#8211; Dimensions\u00a0: 63\u00a0cm \u00e0 96\u00a0cm (r\u00e9glables)<br \/>&#8211; Poids maximal de l\u2019utilisateur\u00a0: 100\u00a0kg<br \/>&#8211; Poign\u00e9es\u00a0: Poign\u00e9es en mousse de luxe noires avec d\u00e9tails rouges<br \/>&#8211; Id\u00e9al comme barre de traction compacte pour porte au quotidien<\/p>\n<\/div>\n<div>Profitez de la flexibilit\u00e9 de cette solution pour r\u00e9aliser votre programme de remise en forme o\u00f9 et quand vous le souhaitez. Commencez d\u00e8s aujourd\u2019hui un entra\u00eenement efficace et atteignez vos objectifs.<\/p>\n","protected":false},"excerpt":{"rendered":"<p>XQ Max T\u00fcrreck bietet effektives Oberk\u00f6rpertraining zuhause. Einfache, schraubenlose Montage im T\u00fcrrahmen und verstellbare, komfortable Schaumstoffgriffe f\u00fcr maximale Stabilit\u00e4t.<\/p>\n","protected":false},"featured_media":262073,"comment_status":"open","ping_status":"closed","template":"","meta":[],"product_brand":[],"product_cat":[38621],"product_tag":[],"class_list":{"0":"post-261698","1":"product","2":"type-product","3":"status-publish","4":"has-post-thumbnail","6":"product_cat-fitnesskleingeraete-zubehoer","7":"product_shipping_class-global_methods","9":"first","10":"instock","11":"taxable","12":"shipping-taxable","13":"purchasable","14":"product-type-simple"},"yoast_head":"<!-- This site is optimized with the Yoast SEO plugin v27.4 - https:\/\/yoast.com\/product\/yoast-seo-wordpress\/ -->\n<title>XQ Max T\u00fcrreck<\/title>\n<meta name=\"description\" content=\"Klimmzugstange T\u00fcrrahmen \u2013 Oberk\u00f6rpertraining Zuhause Diese hochwertige Klimmzugstange T\u00fcrrahmen erm\u00f6glicht Ihnen ein effektives Oberk\u00f6rpertraining Zuhause , se\" \/>\n<meta name=\"robots\" content=\"index, follow, max-snippet:-1, max-image-preview:large, max-video-preview:-1\" \/>\n<link rel=\"canonical\" href=\"https:\/\/schweizversand.ch\/fr\/produkt\/xq-max-tuerreck-2\/\" \/>\n<meta property=\"og:locale\" content=\"fr_FR\" \/>\n<meta property=\"og:type\" content=\"article\" \/>\n<meta property=\"og:title\" content=\"XQ Max T\u00fcrreck\" \/>\n<meta property=\"og:description\" content=\"Klimmzugstange T\u00fcrrahmen \u2013 Oberk\u00f6rpertraining Zuhause Diese hochwertige Klimmzugstange T\u00fcrrahmen erm\u00f6glicht Ihnen ein effektives Oberk\u00f6rpertraining Zuhause , se\" \/>\n<meta property=\"og:url\" content=\"https:\/\/schweizversand.ch\/fr\/produkt\/xq-max-tuerreck-2\/\" \/>\n<meta property=\"og:site_name\" content=\"Schweizer Shop f\u00fcr Sport, Spiel und Freizeit\" \/>\n<meta property=\"article:publisher\" content=\"https:\/\/www.facebook.com\/Schweizversand\" \/>\n<meta property=\"article:modified_time\" content=\"2026-04-14T00:02:58+00:00\" \/>\n<meta property=\"og:image\" content=\"https:\/\/schweizversand.ch\/wp-content\/uploads\/2026\/04\/5471552755-2.jpg\" \/>\n\t<meta property=\"og:image:width\" content=\"1024\" \/>\n\t<meta property=\"og:image:height\" content=\"683\" \/>\n\t<meta property=\"og:image:type\" content=\"image\/jpeg\" \/>\n<meta name=\"twitter:card\" content=\"summary_large_image\" \/>\n<meta name=\"twitter:label1\" content=\"Dur\u00e9e de lecture estim\u00e9e\" \/>\n\t<meta name=\"twitter:data1\" content=\"1 minute\" \/>\n<script type=\"application\/ld+json\" class=\"yoast-schema-graph\">{\"@context\":\"https:\\\/\\\/schema.org\",\"@graph\":[{\"@type\":\"WebPage\",\"@id\":\"https:\\\/\\\/schweizversand.ch\\\/fr\\\/produkt\\\/xq-max-tuerreck-2\\\/\",\"url\":\"https:\\\/\\\/schweizversand.ch\\\/fr\\\/produkt\\\/xq-max-tuerreck-2\\\/\",\"name\":\"XQ Max T\u00fcrreck\",\"isPartOf\":{\"@id\":\"https:\\\/\\\/schweizversand.ch\\\/fr\\\/#website\"},\"primaryImageOfPage\":{\"@id\":\"https:\\\/\\\/schweizversand.ch\\\/fr\\\/produkt\\\/xq-max-tuerreck-2\\\/#primaryimage\"},\"image\":{\"@id\":\"https:\\\/\\\/schweizversand.ch\\\/fr\\\/produkt\\\/xq-max-tuerreck-2\\\/#primaryimage\"},\"thumbnailUrl\":\"https:\\\/\\\/schweizversand.ch\\\/wp-content\\\/uploads\\\/2026\\\/04\\\/5471552755-1.jpg\",\"datePublished\":\"2026-04-01T00:00:22+00:00\",\"dateModified\":\"2026-04-14T00:02:58+00:00\",\"description\":\"Klimmzugstange T\u00fcrrahmen \u2013 Oberk\u00f6rpertraining Zuhause Diese hochwertige Klimmzugstange T\u00fcrrahmen erm\u00f6glicht Ihnen ein effektives Oberk\u00f6rpertraining Zuhause , se\",\"breadcrumb\":{\"@id\":\"https:\\\/\\\/schweizversand.ch\\\/fr\\\/produkt\\\/xq-max-tuerreck-2\\\/#breadcrumb\"},\"inLanguage\":\"fr-FR\",\"potentialAction\":[{\"@type\":\"ReadAction\",\"target\":[\"https:\\\/\\\/schweizversand.ch\\\/fr\\\/produkt\\\/xq-max-tuerreck-2\\\/\"]}]},{\"@type\":\"ImageObject\",\"inLanguage\":\"fr-FR\",\"@id\":\"https:\\\/\\\/schweizversand.ch\\\/fr\\\/produkt\\\/xq-max-tuerreck-2\\\/#primaryimage\",\"url\":\"https:\\\/\\\/schweizversand.ch\\\/wp-content\\\/uploads\\\/2026\\\/04\\\/5471552755-1.jpg\",\"contentUrl\":\"https:\\\/\\\/schweizversand.ch\\\/wp-content\\\/uploads\\\/2026\\\/04\\\/5471552755-1.jpg\",\"width\":1024,\"height\":683},{\"@type\":\"BreadcrumbList\",\"@id\":\"https:\\\/\\\/schweizversand.ch\\\/fr\\\/produkt\\\/xq-max-tuerreck-2\\\/#breadcrumb\",\"itemListElement\":[{\"@type\":\"ListItem\",\"position\":1,\"name\":\"Startseite\",\"item\":\"https:\\\/\\\/schweizversand.ch\\\/fr\\\/\"},{\"@type\":\"ListItem\",\"position\":2,\"name\":\"Boutique\",\"item\":\"https:\\\/\\\/schweizversand.ch\\\/fr\\\/boutique\\\/\"},{\"@type\":\"ListItem\",\"position\":3,\"name\":\"Sports\",\"item\":\"https:\\\/\\\/schweizversand.ch\\\/fr\\\/produkt-kategorie\\\/sports\\\/\"},{\"@type\":\"ListItem\",\"position\":4,\"name\":\"Fitness\",\"item\":\"https:\\\/\\\/schweizversand.ch\\\/fr\\\/produkt-kategorie\\\/sports\\\/fitness\\\/\"},{\"@type\":\"ListItem\",\"position\":5,\"name\":\"\u00c9quipement et accessoires de fitness\",\"item\":\"https:\\\/\\\/schweizversand.ch\\\/fr\\\/produkt-kategorie\\\/sports\\\/fitness\\\/fitnesskleingeraete-zubehoer\\\/\"},{\"@type\":\"ListItem\",\"position\":6,\"name\":\"Barre de traction de porte XQ Max\"}]},{\"@type\":\"WebSite\",\"@id\":\"https:\\\/\\\/schweizversand.ch\\\/fr\\\/#website\",\"url\":\"https:\\\/\\\/schweizversand.ch\\\/fr\\\/\",\"name\":\"Schweizer Shop f\u00fcr Sport, Spiel und Freizeit\",\"description\":\"Gratisversand ab 50.- (netto), ab eigenem schweizer Lager, Lieferung innert 48h\",\"publisher\":{\"@id\":\"https:\\\/\\\/schweizversand.ch\\\/fr\\\/#organization\"},\"alternateName\":\"Schweizversand.ch\",\"potentialAction\":[{\"@type\":\"SearchAction\",\"target\":{\"@type\":\"EntryPoint\",\"urlTemplate\":\"https:\\\/\\\/schweizversand.ch\\\/fr\\\/?s={search_term_string}\"},\"query-input\":{\"@type\":\"PropertyValueSpecification\",\"valueRequired\":true,\"valueName\":\"search_term_string\"}}],\"inLanguage\":\"fr-FR\"},{\"@type\":\"Organization\",\"@id\":\"https:\\\/\\\/schweizversand.ch\\\/fr\\\/#organization\",\"name\":\"Schweizversand.ch\",\"url\":\"https:\\\/\\\/schweizversand.ch\\\/fr\\\/\",\"logo\":{\"@type\":\"ImageObject\",\"inLanguage\":\"fr-FR\",\"@id\":\"https:\\\/\\\/schweizversand.ch\\\/fr\\\/#\\\/schema\\\/logo\\\/image\\\/\",\"url\":\"https:\\\/\\\/schweizversand.ch\\\/wp-content\\\/uploads\\\/2026\\\/03\\\/Logo_Rund_Final-1.png\",\"contentUrl\":\"https:\\\/\\\/schweizversand.ch\\\/wp-content\\\/uploads\\\/2026\\\/03\\\/Logo_Rund_Final-1.png\",\"width\":404,\"height\":404,\"caption\":\"Schweizversand.ch\"},\"image\":{\"@id\":\"https:\\\/\\\/schweizversand.ch\\\/fr\\\/#\\\/schema\\\/logo\\\/image\\\/\"},\"sameAs\":[\"https:\\\/\\\/www.facebook.com\\\/Schweizversand\",\"https:\\\/\\\/www.instagram.com\\\/schweizversand.ch\\\/\"]}]}<\/script>\n<!-- \/ Yoast SEO plugin. -->","yoast_head_json":{"title":"XQ Max T\u00fcrreck","description":"Klimmzugstange T\u00fcrrahmen \u2013 Oberk\u00f6rpertraining Zuhause Diese hochwertige Klimmzugstange T\u00fcrrahmen erm\u00f6glicht Ihnen ein effektives Oberk\u00f6rpertraining Zuhause , se","robots":{"index":"index","follow":"follow","max-snippet":"max-snippet:-1","max-image-preview":"max-image-preview:large","max-video-preview":"max-video-preview:-1"},"canonical":"https:\/\/schweizversand.ch\/fr\/produkt\/xq-max-tuerreck-2\/","og_locale":"fr_FR","og_type":"article","og_title":"XQ Max T\u00fcrreck","og_description":"Klimmzugstange T\u00fcrrahmen \u2013 Oberk\u00f6rpertraining Zuhause Diese hochwertige Klimmzugstange T\u00fcrrahmen erm\u00f6glicht Ihnen ein effektives Oberk\u00f6rpertraining Zuhause , se","og_url":"https:\/\/schweizversand.ch\/fr\/produkt\/xq-max-tuerreck-2\/","og_site_name":"Schweizer Shop f\u00fcr Sport, Spiel und Freizeit","article_publisher":"https:\/\/www.facebook.com\/Schweizversand","article_modified_time":"2026-04-14T00:02:58+00:00","og_image":[{"width":1024,"height":683,"url":"https:\/\/schweizversand.ch\/wp-content\/uploads\/2026\/04\/5471552755-2.jpg","type":"image\/jpeg"}],"twitter_card":"summary_large_image","twitter_misc":{"Dur\u00e9e de lecture estim\u00e9e":"1 minute"},"schema":{"@context":"https:\/\/schema.org","@graph":[{"@type":"WebPage","@id":"https:\/\/schweizversand.ch\/fr\/produkt\/xq-max-tuerreck-2\/","url":"https:\/\/schweizversand.ch\/fr\/produkt\/xq-max-tuerreck-2\/","name":"XQ Max T\u00fcrreck","isPartOf":{"@id":"https:\/\/schweizversand.ch\/fr\/#website"},"primaryImageOfPage":{"@id":"https:\/\/schweizversand.ch\/fr\/produkt\/xq-max-tuerreck-2\/#primaryimage"},"image":{"@id":"https:\/\/schweizversand.ch\/fr\/produkt\/xq-max-tuerreck-2\/#primaryimage"},"thumbnailUrl":"https:\/\/schweizversand.ch\/wp-content\/uploads\/2026\/04\/5471552755-1.jpg","datePublished":"2026-04-01T00:00:22+00:00","dateModified":"2026-04-14T00:02:58+00:00","description":"Klimmzugstange T\u00fcrrahmen \u2013 Oberk\u00f6rpertraining Zuhause Diese hochwertige Klimmzugstange T\u00fcrrahmen erm\u00f6glicht Ihnen ein effektives Oberk\u00f6rpertraining Zuhause , se","breadcrumb":{"@id":"https:\/\/schweizversand.ch\/fr\/produkt\/xq-max-tuerreck-2\/#breadcrumb"},"inLanguage":"fr-FR","potentialAction":[{"@type":"ReadAction","target":["https:\/\/schweizversand.ch\/fr\/produkt\/xq-max-tuerreck-2\/"]}]},{"@type":"ImageObject","inLanguage":"fr-FR","@id":"https:\/\/schweizversand.ch\/fr\/produkt\/xq-max-tuerreck-2\/#primaryimage","url":"https:\/\/schweizversand.ch\/wp-content\/uploads\/2026\/04\/5471552755-1.jpg","contentUrl":"https:\/\/schweizversand.ch\/wp-content\/uploads\/2026\/04\/5471552755-1.jpg","width":1024,"height":683},{"@type":"BreadcrumbList","@id":"https:\/\/schweizversand.ch\/fr\/produkt\/xq-max-tuerreck-2\/#breadcrumb","itemListElement":[{"@type":"ListItem","position":1,"name":"Startseite","item":"https:\/\/schweizversand.ch\/fr\/"},{"@type":"ListItem","position":2,"name":"Boutique","item":"https:\/\/schweizversand.ch\/fr\/boutique\/"},{"@type":"ListItem","position":3,"name":"Sports","item":"https:\/\/schweizversand.ch\/fr\/produkt-kategorie\/sports\/"},{"@type":"ListItem","position":4,"name":"Fitness","item":"https:\/\/schweizversand.ch\/fr\/produkt-kategorie\/sports\/fitness\/"},{"@type":"ListItem","position":5,"name":"\u00c9quipement et accessoires de fitness","item":"https:\/\/schweizversand.ch\/fr\/produkt-kategorie\/sports\/fitness\/fitnesskleingeraete-zubehoer\/"},{"@type":"ListItem","position":6,"name":"Barre de traction de porte XQ Max"}]},{"@type":"WebSite","@id":"https:\/\/schweizversand.ch\/fr\/#website","url":"https:\/\/schweizversand.ch\/fr\/","name":"Schweizer Shop f\u00fcr Sport, Spiel und Freizeit","description":"Gratisversand ab 50.- (netto), ab eigenem schweizer Lager, Lieferung innert 48h","publisher":{"@id":"https:\/\/schweizversand.ch\/fr\/#organization"},"alternateName":"Schweizversand.ch","potentialAction":[{"@type":"SearchAction","target":{"@type":"EntryPoint","urlTemplate":"https:\/\/schweizversand.ch\/fr\/?s={search_term_string}"},"query-input":{"@type":"PropertyValueSpecification","valueRequired":true,"valueName":"search_term_string"}}],"inLanguage":"fr-FR"},{"@type":"Organization","@id":"https:\/\/schweizversand.ch\/fr\/#organization","name":"Schweizversand.ch","url":"https:\/\/schweizversand.ch\/fr\/","logo":{"@type":"ImageObject","inLanguage":"fr-FR","@id":"https:\/\/schweizversand.ch\/fr\/#\/schema\/logo\/image\/","url":"https:\/\/schweizversand.ch\/wp-content\/uploads\/2026\/03\/Logo_Rund_Final-1.png","contentUrl":"https:\/\/schweizversand.ch\/wp-content\/uploads\/2026\/03\/Logo_Rund_Final-1.png","width":404,"height":404,"caption":"Schweizversand.ch"},"image":{"@id":"https:\/\/schweizversand.ch\/fr\/#\/schema\/logo\/image\/"},"sameAs":["https:\/\/www.facebook.com\/Schweizversand","https:\/\/www.instagram.com\/schweizversand.ch\/"]}]}},"jetpack_sharing_enabled":true,"_links":{"self":[{"href":"https:\/\/schweizversand.ch\/fr\/wp-json\/wp\/v2\/product\/261698","targetHints":{"allow":["GET"]}}],"collection":[{"href":"https:\/\/schweizversand.ch\/fr\/wp-json\/wp\/v2\/product"}],"about":[{"href":"https:\/\/schweizversand.ch\/fr\/wp-json\/wp\/v2\/types\/product"}],"replies":[{"embeddable":true,"href":"https:\/\/schweizversand.ch\/fr\/wp-json\/wp\/v2\/comments?post=261698"}],"wp:featuredmedia":[{"embeddable":true,"href":"https:\/\/schweizversand.ch\/fr\/wp-json\/wp\/v2\/media\/262073"}],"wp:attachment":[{"href":"https:\/\/schweizversand.ch\/fr\/wp-json\/wp\/v2\/media?parent=261698"}],"wp:term":[{"taxonomy":"product_brand","embeddable":true,"href":"https:\/\/schweizversand.ch\/fr\/wp-json\/wp\/v2\/product_brand?post=261698"},{"taxonomy":"product_cat","embeddable":true,"href":"https:\/\/schweizversand.ch\/fr\/wp-json\/wp\/v2\/product_cat?post=261698"},{"taxonomy":"product_tag","embeddable":true,"href":"https:\/\/schweizversand.ch\/fr\/wp-json\/wp\/v2\/product_tag?post=261698"}],"curies":[{"name":"wp","href":"https:\/\/api.w.org\/{rel}","templated":true}]}}