{"id":262178,"date":"2026-04-01T11:21:31","date_gmt":"2026-04-01T09:21:31","guid":{"rendered":"https:\/\/schweizversand.ch\/produkt\/hudora-1-vordere-ersatzrolle-230-mm-inkl-abec-5-kugellager\/"},"modified":"2026-04-17T02:03:50","modified_gmt":"2026-04-17T00:03:50","slug":"hudora-1-vordere-ersatzrolle-230-mm-inkl-abec-5-kugellager","status":"publish","type":"product","link":"https:\/\/schweizversand.ch\/fr\/produkt\/hudora-1-vordere-ersatzrolle-230-mm-inkl-abec-5-kugellager\/","title":{"rendered":"Roue de rechange avant Hudora 1 230 mm, roulements \u00e0 billes ABEC-5 inclus"},"content":{"rendered":"<p>1 roue de secours avant noire \u00d8 230 mm pour BigWheel\u00ae Style 230 &#8211; R\u00e9f. 14235, 14236.<\/p>\n<p>Convient \u00e9galement pour la conversion du BigWheel\u00ae Air 230 (r\u00e9f. 14031) en pneus PU.<\/p>\n<p>&#8211; Largeur de la roue\u00a0: 35 mm<\/p>\n<p>&#8211; Roulements \u00e0 billes ABEC-5, 608 ZZ<\/p>\n<p>&#8211; Diam\u00e8tre ext\u00e9rieur\u00a0: 22 mm\u00a0; Largeur\u00a0: 7 mm<\/p>\n<p>&#8211; Diam\u00e8tre de l&rsquo;axe\/Diam\u00e8tre int\u00e9rieur\u00a0: 8 mm<\/p>\n<p>Compatible avec\u00a0: 14235, 14236<\/p>\n","protected":false},"excerpt":{"rendered":"<p>Hudora 1 vordere Ersatzrolle 230 mm mit ABEC-5 Kugellager bietet langlebige PU-Bereifung f\u00fcr BigWheel\u00ae Style 230 und Air 230 \u2013 robust, pr\u00e4zise und einfach montierbar.<\/p>\n","protected":false},"featured_media":262216,"comment_status":"open","ping_status":"closed","template":"","meta":[],"product_brand":[],"product_cat":[38635],"product_tag":[],"class_list":{"0":"post-262178","1":"product","2":"type-product","3":"status-publish","4":"has-post-thumbnail","6":"product_cat-scooter","7":"product_shipping_class-global_methods","9":"first","10":"instock","11":"taxable","12":"shipping-taxable","13":"purchasable","14":"product-type-simple"},"yoast_head":"<!-- This site is optimized with the Yoast SEO plugin v27.4 - https:\/\/yoast.com\/product\/yoast-seo-wordpress\/ -->\n<title>Hudora 1 vordere Ersatzrolle 230 mm, inkl. ABEC-5 Kugellager<\/title>\n<meta name=\"description\" content=\"1 vorderes Ersatzrad \u00d8 230 mm in schwarz zu BigWheel\u00ae Style 230 - Art. 14235, 14236.\u00a0 Auch zum Umr\u00fcsten des BigWheel\u00ae Air 230 Art. 14031 auf PU-Bereifung geeig\" \/>\n<meta name=\"robots\" content=\"index, follow, max-snippet:-1, max-image-preview:large, max-video-preview:-1\" \/>\n<link rel=\"canonical\" href=\"https:\/\/schweizversand.ch\/fr\/produkt\/hudora-1-vordere-ersatzrolle-230-mm-inkl-abec-5-kugellager\/\" \/>\n<meta property=\"og:locale\" content=\"fr_FR\" \/>\n<meta property=\"og:type\" content=\"article\" \/>\n<meta property=\"og:title\" content=\"Hudora 1 vordere Ersatzrolle 230 mm, inkl. ABEC-5 Kugellager\" \/>\n<meta property=\"og:description\" content=\"1 vorderes Ersatzrad \u00d8 230 mm in schwarz zu BigWheel\u00ae Style 230 - Art. 14235, 14236.\u00a0 Auch zum Umr\u00fcsten des BigWheel\u00ae Air 230 Art. 14031 auf PU-Bereifung geeig\" \/>\n<meta property=\"og:url\" content=\"https:\/\/schweizversand.ch\/fr\/produkt\/hudora-1-vordere-ersatzrolle-230-mm-inkl-abec-5-kugellager\/\" \/>\n<meta property=\"og:site_name\" content=\"Schweizer Shop f\u00fcr Sport, Spiel und Freizeit\" \/>\n<meta property=\"article:publisher\" content=\"https:\/\/www.facebook.com\/Schweizversand\" \/>\n<meta property=\"article:modified_time\" content=\"2026-04-17T00:03:50+00:00\" \/>\n<meta property=\"og:image\" content=\"https:\/\/schweizversand.ch\/wp-content\/uploads\/2026\/04\/5471489404.jpg\" \/>\n\t<meta property=\"og:image:width\" content=\"1024\" \/>\n\t<meta property=\"og:image:height\" content=\"963\" \/>\n\t<meta property=\"og:image:type\" content=\"image\/jpeg\" \/>\n<meta name=\"twitter:card\" content=\"summary_large_image\" \/>\n<script type=\"application\/ld+json\" class=\"yoast-schema-graph\">{\"@context\":\"https:\\\/\\\/schema.org\",\"@graph\":[{\"@type\":\"WebPage\",\"@id\":\"https:\\\/\\\/schweizversand.ch\\\/fr\\\/produkt\\\/hudora-1-vordere-ersatzrolle-230-mm-inkl-abec-5-kugellager\\\/\",\"url\":\"https:\\\/\\\/schweizversand.ch\\\/fr\\\/produkt\\\/hudora-1-vordere-ersatzrolle-230-mm-inkl-abec-5-kugellager\\\/\",\"name\":\"Hudora 1 vordere Ersatzrolle 230 mm, inkl. ABEC-5 Kugellager\",\"isPartOf\":{\"@id\":\"https:\\\/\\\/schweizversand.ch\\\/fr\\\/#website\"},\"primaryImageOfPage\":{\"@id\":\"https:\\\/\\\/schweizversand.ch\\\/fr\\\/produkt\\\/hudora-1-vordere-ersatzrolle-230-mm-inkl-abec-5-kugellager\\\/#primaryimage\"},\"image\":{\"@id\":\"https:\\\/\\\/schweizversand.ch\\\/fr\\\/produkt\\\/hudora-1-vordere-ersatzrolle-230-mm-inkl-abec-5-kugellager\\\/#primaryimage\"},\"thumbnailUrl\":\"https:\\\/\\\/schweizversand.ch\\\/wp-content\\\/uploads\\\/2026\\\/04\\\/5471489404.jpg\",\"datePublished\":\"2026-04-01T09:21:31+00:00\",\"dateModified\":\"2026-04-17T00:03:50+00:00\",\"description\":\"1 vorderes Ersatzrad \u00d8 230 mm in schwarz zu BigWheel\u00ae Style 230 - Art. 14235, 14236.\u00a0 Auch zum Umr\u00fcsten des BigWheel\u00ae Air 230 Art. 14031 auf PU-Bereifung geeig\",\"breadcrumb\":{\"@id\":\"https:\\\/\\\/schweizversand.ch\\\/fr\\\/produkt\\\/hudora-1-vordere-ersatzrolle-230-mm-inkl-abec-5-kugellager\\\/#breadcrumb\"},\"inLanguage\":\"fr-FR\",\"potentialAction\":[{\"@type\":\"ReadAction\",\"target\":[\"https:\\\/\\\/schweizversand.ch\\\/fr\\\/produkt\\\/hudora-1-vordere-ersatzrolle-230-mm-inkl-abec-5-kugellager\\\/\"]}]},{\"@type\":\"ImageObject\",\"inLanguage\":\"fr-FR\",\"@id\":\"https:\\\/\\\/schweizversand.ch\\\/fr\\\/produkt\\\/hudora-1-vordere-ersatzrolle-230-mm-inkl-abec-5-kugellager\\\/#primaryimage\",\"url\":\"https:\\\/\\\/schweizversand.ch\\\/wp-content\\\/uploads\\\/2026\\\/04\\\/5471489404.jpg\",\"contentUrl\":\"https:\\\/\\\/schweizversand.ch\\\/wp-content\\\/uploads\\\/2026\\\/04\\\/5471489404.jpg\",\"width\":1024,\"height\":963},{\"@type\":\"BreadcrumbList\",\"@id\":\"https:\\\/\\\/schweizversand.ch\\\/fr\\\/produkt\\\/hudora-1-vordere-ersatzrolle-230-mm-inkl-abec-5-kugellager\\\/#breadcrumb\",\"itemListElement\":[{\"@type\":\"ListItem\",\"position\":1,\"name\":\"Startseite\",\"item\":\"https:\\\/\\\/schweizversand.ch\\\/fr\\\/\"},{\"@type\":\"ListItem\",\"position\":2,\"name\":\"Boutique\",\"item\":\"https:\\\/\\\/schweizversand.ch\\\/fr\\\/boutique\\\/\"},{\"@type\":\"ListItem\",\"position\":3,\"name\":\"Pi\u00e8ces d\u00e9tach\u00e9es\",\"item\":\"https:\\\/\\\/schweizversand.ch\\\/fr\\\/produkt-kategorie\\\/pieces-detachees\\\/\"},{\"@type\":\"ListItem\",\"position\":4,\"name\":\"Hudora\",\"item\":\"https:\\\/\\\/schweizversand.ch\\\/fr\\\/produkt-kategorie\\\/pieces-detachees\\\/hudora\\\/\"},{\"@type\":\"ListItem\",\"position\":5,\"name\":\"Scooter\",\"item\":\"https:\\\/\\\/schweizversand.ch\\\/fr\\\/produkt-kategorie\\\/pieces-detachees\\\/hudora\\\/scooter\\\/\"},{\"@type\":\"ListItem\",\"position\":6,\"name\":\"Roue de rechange avant Hudora 1 230 mm, roulements \u00e0 billes ABEC-5 inclus\"}]},{\"@type\":\"WebSite\",\"@id\":\"https:\\\/\\\/schweizversand.ch\\\/fr\\\/#website\",\"url\":\"https:\\\/\\\/schweizversand.ch\\\/fr\\\/\",\"name\":\"Schweizer Shop f\u00fcr Sport, Spiel und Freizeit\",\"description\":\"Gratisversand ab 50.- (netto), ab eigenem schweizer Lager, Lieferung innert 48h\",\"publisher\":{\"@id\":\"https:\\\/\\\/schweizversand.ch\\\/fr\\\/#organization\"},\"alternateName\":\"Schweizversand.ch\",\"potentialAction\":[{\"@type\":\"SearchAction\",\"target\":{\"@type\":\"EntryPoint\",\"urlTemplate\":\"https:\\\/\\\/schweizversand.ch\\\/fr\\\/?s={search_term_string}\"},\"query-input\":{\"@type\":\"PropertyValueSpecification\",\"valueRequired\":true,\"valueName\":\"search_term_string\"}}],\"inLanguage\":\"fr-FR\"},{\"@type\":\"Organization\",\"@id\":\"https:\\\/\\\/schweizversand.ch\\\/fr\\\/#organization\",\"name\":\"Schweizversand.ch\",\"url\":\"https:\\\/\\\/schweizversand.ch\\\/fr\\\/\",\"logo\":{\"@type\":\"ImageObject\",\"inLanguage\":\"fr-FR\",\"@id\":\"https:\\\/\\\/schweizversand.ch\\\/fr\\\/#\\\/schema\\\/logo\\\/image\\\/\",\"url\":\"https:\\\/\\\/schweizversand.ch\\\/wp-content\\\/uploads\\\/2026\\\/03\\\/Logo_Rund_Final-1.png\",\"contentUrl\":\"https:\\\/\\\/schweizversand.ch\\\/wp-content\\\/uploads\\\/2026\\\/03\\\/Logo_Rund_Final-1.png\",\"width\":404,\"height\":404,\"caption\":\"Schweizversand.ch\"},\"image\":{\"@id\":\"https:\\\/\\\/schweizversand.ch\\\/fr\\\/#\\\/schema\\\/logo\\\/image\\\/\"},\"sameAs\":[\"https:\\\/\\\/www.facebook.com\\\/Schweizversand\",\"https:\\\/\\\/www.instagram.com\\\/schweizversand.ch\\\/\"]}]}<\/script>\n<!-- \/ Yoast SEO plugin. -->","yoast_head_json":{"title":"Hudora 1 vordere Ersatzrolle 230 mm, inkl. ABEC-5 Kugellager","description":"1 vorderes Ersatzrad \u00d8 230 mm in schwarz zu BigWheel\u00ae Style 230 - Art. 14235, 14236.\u00a0 Auch zum Umr\u00fcsten des BigWheel\u00ae Air 230 Art. 14031 auf PU-Bereifung geeig","robots":{"index":"index","follow":"follow","max-snippet":"max-snippet:-1","max-image-preview":"max-image-preview:large","max-video-preview":"max-video-preview:-1"},"canonical":"https:\/\/schweizversand.ch\/fr\/produkt\/hudora-1-vordere-ersatzrolle-230-mm-inkl-abec-5-kugellager\/","og_locale":"fr_FR","og_type":"article","og_title":"Hudora 1 vordere Ersatzrolle 230 mm, inkl. ABEC-5 Kugellager","og_description":"1 vorderes Ersatzrad \u00d8 230 mm in schwarz zu BigWheel\u00ae Style 230 - Art. 14235, 14236.\u00a0 Auch zum Umr\u00fcsten des BigWheel\u00ae Air 230 Art. 14031 auf PU-Bereifung geeig","og_url":"https:\/\/schweizversand.ch\/fr\/produkt\/hudora-1-vordere-ersatzrolle-230-mm-inkl-abec-5-kugellager\/","og_site_name":"Schweizer Shop f\u00fcr Sport, Spiel und Freizeit","article_publisher":"https:\/\/www.facebook.com\/Schweizversand","article_modified_time":"2026-04-17T00:03:50+00:00","og_image":[{"width":1024,"height":963,"url":"https:\/\/schweizversand.ch\/wp-content\/uploads\/2026\/04\/5471489404.jpg","type":"image\/jpeg"}],"twitter_card":"summary_large_image","schema":{"@context":"https:\/\/schema.org","@graph":[{"@type":"WebPage","@id":"https:\/\/schweizversand.ch\/fr\/produkt\/hudora-1-vordere-ersatzrolle-230-mm-inkl-abec-5-kugellager\/","url":"https:\/\/schweizversand.ch\/fr\/produkt\/hudora-1-vordere-ersatzrolle-230-mm-inkl-abec-5-kugellager\/","name":"Hudora 1 vordere Ersatzrolle 230 mm, inkl. ABEC-5 Kugellager","isPartOf":{"@id":"https:\/\/schweizversand.ch\/fr\/#website"},"primaryImageOfPage":{"@id":"https:\/\/schweizversand.ch\/fr\/produkt\/hudora-1-vordere-ersatzrolle-230-mm-inkl-abec-5-kugellager\/#primaryimage"},"image":{"@id":"https:\/\/schweizversand.ch\/fr\/produkt\/hudora-1-vordere-ersatzrolle-230-mm-inkl-abec-5-kugellager\/#primaryimage"},"thumbnailUrl":"https:\/\/schweizversand.ch\/wp-content\/uploads\/2026\/04\/5471489404.jpg","datePublished":"2026-04-01T09:21:31+00:00","dateModified":"2026-04-17T00:03:50+00:00","description":"1 vorderes Ersatzrad \u00d8 230 mm in schwarz zu BigWheel\u00ae Style 230 - Art. 14235, 14236.\u00a0 Auch zum Umr\u00fcsten des BigWheel\u00ae Air 230 Art. 14031 auf PU-Bereifung geeig","breadcrumb":{"@id":"https:\/\/schweizversand.ch\/fr\/produkt\/hudora-1-vordere-ersatzrolle-230-mm-inkl-abec-5-kugellager\/#breadcrumb"},"inLanguage":"fr-FR","potentialAction":[{"@type":"ReadAction","target":["https:\/\/schweizversand.ch\/fr\/produkt\/hudora-1-vordere-ersatzrolle-230-mm-inkl-abec-5-kugellager\/"]}]},{"@type":"ImageObject","inLanguage":"fr-FR","@id":"https:\/\/schweizversand.ch\/fr\/produkt\/hudora-1-vordere-ersatzrolle-230-mm-inkl-abec-5-kugellager\/#primaryimage","url":"https:\/\/schweizversand.ch\/wp-content\/uploads\/2026\/04\/5471489404.jpg","contentUrl":"https:\/\/schweizversand.ch\/wp-content\/uploads\/2026\/04\/5471489404.jpg","width":1024,"height":963},{"@type":"BreadcrumbList","@id":"https:\/\/schweizversand.ch\/fr\/produkt\/hudora-1-vordere-ersatzrolle-230-mm-inkl-abec-5-kugellager\/#breadcrumb","itemListElement":[{"@type":"ListItem","position":1,"name":"Startseite","item":"https:\/\/schweizversand.ch\/fr\/"},{"@type":"ListItem","position":2,"name":"Boutique","item":"https:\/\/schweizversand.ch\/fr\/boutique\/"},{"@type":"ListItem","position":3,"name":"Pi\u00e8ces d\u00e9tach\u00e9es","item":"https:\/\/schweizversand.ch\/fr\/produkt-kategorie\/pieces-detachees\/"},{"@type":"ListItem","position":4,"name":"Hudora","item":"https:\/\/schweizversand.ch\/fr\/produkt-kategorie\/pieces-detachees\/hudora\/"},{"@type":"ListItem","position":5,"name":"Scooter","item":"https:\/\/schweizversand.ch\/fr\/produkt-kategorie\/pieces-detachees\/hudora\/scooter\/"},{"@type":"ListItem","position":6,"name":"Roue de rechange avant Hudora 1 230 mm, roulements \u00e0 billes ABEC-5 inclus"}]},{"@type":"WebSite","@id":"https:\/\/schweizversand.ch\/fr\/#website","url":"https:\/\/schweizversand.ch\/fr\/","name":"Schweizer Shop f\u00fcr Sport, Spiel und Freizeit","description":"Gratisversand ab 50.- (netto), ab eigenem schweizer Lager, Lieferung innert 48h","publisher":{"@id":"https:\/\/schweizversand.ch\/fr\/#organization"},"alternateName":"Schweizversand.ch","potentialAction":[{"@type":"SearchAction","target":{"@type":"EntryPoint","urlTemplate":"https:\/\/schweizversand.ch\/fr\/?s={search_term_string}"},"query-input":{"@type":"PropertyValueSpecification","valueRequired":true,"valueName":"search_term_string"}}],"inLanguage":"fr-FR"},{"@type":"Organization","@id":"https:\/\/schweizversand.ch\/fr\/#organization","name":"Schweizversand.ch","url":"https:\/\/schweizversand.ch\/fr\/","logo":{"@type":"ImageObject","inLanguage":"fr-FR","@id":"https:\/\/schweizversand.ch\/fr\/#\/schema\/logo\/image\/","url":"https:\/\/schweizversand.ch\/wp-content\/uploads\/2026\/03\/Logo_Rund_Final-1.png","contentUrl":"https:\/\/schweizversand.ch\/wp-content\/uploads\/2026\/03\/Logo_Rund_Final-1.png","width":404,"height":404,"caption":"Schweizversand.ch"},"image":{"@id":"https:\/\/schweizversand.ch\/fr\/#\/schema\/logo\/image\/"},"sameAs":["https:\/\/www.facebook.com\/Schweizversand","https:\/\/www.instagram.com\/schweizversand.ch\/"]}]}},"jetpack_sharing_enabled":true,"_links":{"self":[{"href":"https:\/\/schweizversand.ch\/fr\/wp-json\/wp\/v2\/product\/262178","targetHints":{"allow":["GET"]}}],"collection":[{"href":"https:\/\/schweizversand.ch\/fr\/wp-json\/wp\/v2\/product"}],"about":[{"href":"https:\/\/schweizversand.ch\/fr\/wp-json\/wp\/v2\/types\/product"}],"replies":[{"embeddable":true,"href":"https:\/\/schweizversand.ch\/fr\/wp-json\/wp\/v2\/comments?post=262178"}],"wp:featuredmedia":[{"embeddable":true,"href":"https:\/\/schweizversand.ch\/fr\/wp-json\/wp\/v2\/media\/262216"}],"wp:attachment":[{"href":"https:\/\/schweizversand.ch\/fr\/wp-json\/wp\/v2\/media?parent=262178"}],"wp:term":[{"taxonomy":"product_brand","embeddable":true,"href":"https:\/\/schweizversand.ch\/fr\/wp-json\/wp\/v2\/product_brand?post=262178"},{"taxonomy":"product_cat","embeddable":true,"href":"https:\/\/schweizversand.ch\/fr\/wp-json\/wp\/v2\/product_cat?post=262178"},{"taxonomy":"product_tag","embeddable":true,"href":"https:\/\/schweizversand.ch\/fr\/wp-json\/wp\/v2\/product_tag?post=262178"}],"curies":[{"name":"wp","href":"https:\/\/api.w.org\/{rel}","templated":true}]}}